{"id":9586,"date":"1970-01-01T00:00:00","date_gmt":"1970-01-01T00:00:00","guid":{"rendered":"https:\/\/elfsight.com\/fr\/?page_id=9586"},"modified":"2025-07-10T08:28:33","modified_gmt":"2025-07-10T08:28:33","slug":"jquery","status":"publish","type":"page","link":"https:\/\/elfsight.com\/fr\/pdf-embed-widget\/jquery\/","title":{"rendered":"PDF Embed &#8211; jQuery"},"content":{"rendered":"<div class=\"application-platform-content-item-description application-platform-content-item\" id=\"description\" data-nav-section=\"description\"> <h2>Description<\/h2> <p>Avec le plugin de lecture PDF Elfsight, obtenez l&rsquo;insertion la plus simple et la plus rapide de vos documents PDF dans les pages de votre site web. Pour la commodit\u00e9 de l&rsquo;utilisateur, les documents peuvent \u00eatre coll\u00e9s en les t\u00e9l\u00e9chargeant, par leurs URL ou en choisissant parmi les derniers t\u00e9l\u00e9charg\u00e9s. Vous \u00eates libre de donner un nom \u00e0 chaque fichier, de t\u00e9l\u00e9charger votre propre ic\u00f4ne ou image d&rsquo;aper\u00e7u, de choisir l&rsquo;option de mise en page des fichiers et bien plus encore. Vos visiteurs peuvent lire les fichiers directement sur le site, les visualiser dans un nouvel onglet et les t\u00e9l\u00e9charger.<\/p> <div class=\"faq\" data-component=\"FAQ\"> <div class=\"faq-item\">\r\n\t\t\t\t\t<div class=\"faq-item-question\">\r\n\t\t\t\t\t\t<h3 class=\"faq-item-question-text\">O\u00f9 puis-je ins\u00e9rer le plugin<\/h3>\r\n\r\n\t\t\t\t\t\t<div class=\"faq-item-question-icon\"><\/div>\r\n\t\t\t\t\t<\/div>\r\n\r\n\t\t\t\t\t<div class=\"faq-item-answer\">\r\n\t\t\t\t\t\t<div class=\"faq-item-answer-text\"> <p>Il est facile d&rsquo;afficher la visionneuse de fichiers sur n&rsquo;importe quel ou toutes les pages de votre site. Ainsi, vous pouvez l&rsquo;utiliser pour publier votre documentation ou cahier des charges technologique sur les pages produits, et publier vos dipl\u00f4mes et qualifications sur la landing page.<\/p> <\/div>\r\n\t\t\t\t\t<\/div>\r\n\t\t\t\t<\/div> <div class=\"faq-item\">\r\n\t\t\t\t\t<div class=\"faq-item-question\">\r\n\t\t\t\t\t\t<h3 class=\"faq-item-question-text\">Comment pourrais-je en b\u00e9n\u00e9ficier ?<\/h3>\r\n\r\n\t\t\t\t\t\t<div class=\"faq-item-question-icon\"><\/div>\r\n\t\t\t\t\t<\/div>\r\n\r\n\t\t\t\t\t<div class=\"faq-item-answer\">\r\n\t\t\t\t\t\t<div class=\"faq-item-answer-text\"> <p>Ce widget vous fera gagner beaucoup de temps, car gr\u00e2ce \u00e0 lui, le collage de documents sur votre site Web ne prend que quelques secondes. De plus, vous serez en mesure de transmettre de nombreux d\u00e9tails pr\u00e9cieux sur vos articles ou services afin que les clients connaissent mieux vos articles.<\/p> <\/div>\r\n\t\t\t\t\t<\/div>\r\n\t\t\t\t<\/div> <div class=\"faq-item\">\r\n\t\t\t\t\t<div class=\"faq-item-question\">\r\n\t\t\t\t\t\t<h3 class=\"faq-item-question-text\">De quoi ai-je besoin pour ajouter PDF Reader \u00e0 mon site Web jQuery ?<\/h3>\r\n\r\n\t\t\t\t\t\t<div class=\"faq-item-question-icon\"><\/div>\r\n\t\t\t\t\t<\/div>\r\n\r\n\t\t\t\t\t<div class=\"faq-item-answer\">\r\n\t\t\t\t\t\t<div class=\"faq-item-answer-text\"> <p>L&rsquo;int\u00e9gration du widget ne prend qu&rsquo;une minute. Le processus d&rsquo;int\u00e9gration est extr\u00eamement rapide, gratuit et ne n\u00e9cessite aucun codage.<\/p> <p>Il existe une option pour introduire le widget sur le site via notre service. Consultez simplement les instructions sur cette page.<\/p> <\/div>\r\n\t\t\t\t\t<\/div>\r\n\t\t\t\t<\/div> <\/div> <\/div> <div class=\"application-platform-content-item-features application-platform-content-item\" id=\"features\" data-nav-section=\"features\"> <h2>Fonctionnalit\u00e9s<\/h2> <p>Pour mieux comprendre PDF Viewer, voici la liste de ses caract\u00e9ristiques essentielles. Ils rendent notre widget vraiment efficace pour votre entreprise\u00a0:<\/p> <ul><li>Ins\u00e9rez un nombre illimit\u00e9 de documents\u00a0;<\/li> <li>Option de mise en page de la visionneuse de fichiers pour lire les fichiers sur le site\u00a0;<\/li> <li>T\u00e9l\u00e9charger images pour les ic\u00f4nes et les aper\u00e7us du document\u00a0;<\/li> <li>Afficher ou d\u00e9sactiver l&rsquo;\u00e9tiquette de t\u00e9l\u00e9chargement du document\u00a0;<\/li> <li>Peindre six \u00e9l\u00e9ments d&rsquo;interface\u00a0;<\/li> <\/ul><p><a href=\" #demo\">Pour d\u00e9couvrir plus de fonctionnalit\u00e9s, voir la d\u00e9mo en direct<\/a><\/p> <\/div> <div class=\"application-platform-content-item-installation application-platform-content-item\" id=\"installation\" data-nav-section=\"installation\"> <h2>V\u00e9rifiez comment ajouter le plugin PDF Viewer \u00e0 votre site Web jQuery<\/h2> <p>Ces plusieurs \u00e9tapes sont la seule chose que vous devez faire.<\/p> <ol><li><b>Construisez votre plugin PDF personnel<\/b><br> En g\u00e9rant notre d\u00e9mo gratuite, cr\u00e9ez un widget et d\u00e9finir ses caract\u00e9ristiques de conception et de fonctionnalit\u00e9. <\/li><li><b>Copiez le code individuel pour ajouter le plugin<\/b><br> Apr\u00e8s avoir cr\u00e9\u00e9 votre widget, vous obtiendrez le code individuel dans la fen\u00eatre apparue sur Elfsight Apps. Copiez le code pour une utilisation ult\u00e9rieure. <\/li> <li><b> Le plugin sur votre site jQuery<\/b><br> Choisissez l&rsquo;endroit o\u00f9 vous devez afficher le widget et ins\u00e9rez-y le code enregistr\u00e9. Publier les r\u00e9sultats. <\/li> <li><b>Termin\u00e9\u00a0!<\/b><br> Acc\u00e9dez \u00e0 votre boutique pour v\u00e9rifier votre plugin.<\/li> <\/ol><p>Vous avez encore quelque chose qui vous rend incertain\u00a0? Ou avez-vous des questions \u00e0 poser ? \u00c9crivez simplement votre demande \u00e0 notre service client et nous vous aiderons \u00e0 r\u00e9soudre chaque probl\u00e8me. <\/p> <\/div>","protected":false},"excerpt":{"rendered":"","protected":false},"author":9,"featured_media":0,"parent":2374,"menu_order":0,"comment_status":"closed","ping_status":"closed","template":"templates\/template-application-platform.php","meta":{"publish_to_discourse":"","publish_post_category":"","wpdc_auto_publish_overridden":"","wpdc_topic_tags":"","wpdc_pin_topic":"","wpdc_pin_until":"","discourse_post_id":"","discourse_permalink":"","wpdc_publishing_response":"","wpdc_publishing_error":"","footnotes":""},"class_list":["post-9586","page","type-page","status-publish","hentry"],"yoast_head":"<!-- This site is optimized with the Yoast SEO plugin v25.3.1 - https:\/\/yoast.com\/wordpress\/plugins\/seo\/ -->\n<title>PDF Viewer - Int\u00e9grer le plugin PDF sur le site Web jQuery (en 2 minutes)<\/title>\n<meta name=\"description\" content=\"Voici une chance de cr\u00e9er le plugin PDF Viewer et de l&#039;int\u00e9grer sur votre site Web jQuery. Vous b\u00e9n\u00e9ficierez d&#039;un service client gratuit et d&#039;autres bonus d&#039;Elfsight.\" \/>\n<meta name=\"robots\" content=\"index, follow, max-snippet:-1, max-image-preview:large, max-video-preview:-1\" \/>\n<link rel=\"canonical\" href=\"https:\/\/elfsight.com\/fr\/pdf-embed-widget\/jquery\/\" \/>\n<meta property=\"og:locale\" content=\"fr_FR\" \/>\n<meta property=\"og:type\" content=\"article\" \/>\n<meta property=\"og:title\" content=\"PDF Viewer - Int\u00e9grer le plugin PDF sur le site Web jQuery (en 2 minutes)\" \/>\n<meta property=\"og:description\" content=\"Voici une chance de cr\u00e9er le plugin PDF Viewer et de l&#039;int\u00e9grer sur votre site Web jQuery. Vous b\u00e9n\u00e9ficierez d&#039;un service client gratuit et d&#039;autres bonus d&#039;Elfsight.\" \/>\n<meta property=\"og:url\" content=\"https:\/\/elfsight.com\/fr\/pdf-embed-widget\/jquery\/\" \/>\n<meta property=\"og:site_name\" content=\"Elfsight FR\" \/>\n<meta property=\"article:modified_time\" content=\"2025-07-10T08:28:33+00:00\" \/>\n<meta name=\"twitter:card\" content=\"summary_large_image\" \/>\n<meta name=\"twitter:label1\" content=\"Dur\u00e9e de lecture estim\u00e9e\" \/>\n\t<meta name=\"twitter:data1\" content=\"3 minutes\" \/>\n<!-- \/ Yoast SEO plugin. -->","yoast_head_json":{"title":"PDF Viewer - Int\u00e9grer le plugin PDF sur le site Web jQuery (en 2 minutes)","description":"Voici une chance de cr\u00e9er le plugin PDF Viewer et de l'int\u00e9grer sur votre site Web jQuery. Vous b\u00e9n\u00e9ficierez d'un service client gratuit et d'autres bonus d'Elfsight.","robots":{"index":"index","follow":"follow","max-snippet":"max-snippet:-1","max-image-preview":"max-image-preview:large","max-video-preview":"max-video-preview:-1"},"canonical":"https:\/\/elfsight.com\/fr\/pdf-embed-widget\/jquery\/","og_locale":"fr_FR","og_type":"article","og_title":"PDF Viewer - Int\u00e9grer le plugin PDF sur le site Web jQuery (en 2 minutes)","og_description":"Voici une chance de cr\u00e9er le plugin PDF Viewer et de l'int\u00e9grer sur votre site Web jQuery. Vous b\u00e9n\u00e9ficierez d'un service client gratuit et d'autres bonus d'Elfsight.","og_url":"https:\/\/elfsight.com\/fr\/pdf-embed-widget\/jquery\/","og_site_name":"Elfsight FR","article_modified_time":"2025-07-10T08:28:33+00:00","twitter_card":"summary_large_image","twitter_misc":{"Dur\u00e9e de lecture estim\u00e9e":"3 minutes"},"schema":{"@context":"https:\/\/schema.org","@graph":[{"@type":"WebPage","@id":"https:\/\/elfsight.com\/fr\/pdf-embed-widget\/jquery\/","url":"https:\/\/elfsight.com\/fr\/pdf-embed-widget\/jquery\/","name":"PDF Viewer - Int\u00e9grer le plugin PDF sur le site Web jQuery (en 2 minutes)","isPartOf":{"@id":"https:\/\/elfsight.com\/fr\/#website"},"datePublished":"1970-01-01T00:00:00+00:00","dateModified":"2025-07-10T08:28:33+00:00","description":"Voici une chance de cr\u00e9er le plugin PDF Viewer et de l'int\u00e9grer sur votre site Web jQuery. Vous b\u00e9n\u00e9ficierez d'un service client gratuit et d'autres bonus d'Elfsight.","breadcrumb":{"@id":"https:\/\/elfsight.com\/fr\/pdf-embed-widget\/jquery\/#breadcrumb"},"inLanguage":"fr-FR","potentialAction":[{"@type":"ReadAction","target":["https:\/\/elfsight.com\/fr\/pdf-embed-widget\/jquery\/"]}]},{"@type":"BreadcrumbList","@id":"https:\/\/elfsight.com\/fr\/pdf-embed-widget\/jquery\/#breadcrumb","itemListElement":[{"@type":"ListItem","position":1,"name":"Home","item":"https:\/\/elfsight.com\/fr\/"},{"@type":"ListItem","position":2,"name":"PDF Embed","item":"https:\/\/elfsight.com\/fr\/pdf-embed-widget\/"},{"@type":"ListItem","position":3,"name":"PDF Embed &#8211; jQuery"}]},{"@type":"WebSite","@id":"https:\/\/elfsight.com\/fr\/#website","url":"https:\/\/elfsight.com\/fr\/","name":"Elfsight FR","description":"","potentialAction":[{"@type":"SearchAction","target":{"@type":"EntryPoint","urlTemplate":"https:\/\/elfsight.com\/fr\/?s={search_term_string}"},"query-input":{"@type":"PropertyValueSpecification","valueRequired":true,"valueName":"search_term_string"}}],"inLanguage":"fr-FR"}]}},"meta_box":{"industry":"","seo_heading":"","heading":"","description":"","cta_heading":"","cta_description":"","application":"2373","h1":"Plugin jQuery PDF Viewer","h1_caption":"Int\u00e9grez des documents PDF sur votre site Web pour une visualisation et un t\u00e9l\u00e9chargement faciles sans rediriger les visiteurs vers votre site Web jQuery sans effort.","application_category":[],"applications_title":"","applications_request_title":"","applications_request_button_text":"","hero_text":"","hero_video":"","hero_video_schema_markup":"","selling_points_title":"","selling_points_caption":"","selling_points":[],"selling_points_cta_text":"","features_title":"","features":"","ed_cta_examples_text":"","ed_cta_examples_hidden":"","ed_cta_demo_text":"","ed_cta_demo_hidden":"","why_caption":"","why_editor_title":"","why_editor_text":"","why_team_title":"","why_team_text":"","why_service_title":"","why_service_text":"","template_catalog_visible":"","template_catalog_title":"","template_catalog_text":"","template_catalog_categories_visible":"","demo_title":"Cr\u00e9ez votre plugin PDF Embed","demo_caption":"Configurez votre PDF Embed et ajoutez-le \u00e0 votre site Web jQuery gratuitement\u00a0!","default_faq_hidden":"","app_template_category":[],"platform":"355","template_public_id":"","codecanyon_url":"","codecanyon_item_id":"","codecanyon_price":"","pricing_caption":"","pricing_elfsight_apps_hide_column":"","pricing_elfsight_apps_url":"","pricing_codecanyon_price_caption":"","integration_category":[],"integration_request_title":"","integration_request_cta":"","integration_platform":"","integrations":[],"platform_category":[],"video_schema_markup":"","price":"\u00e0 partir de 0$ \/ mois","trial":"","benefits":[{"text":"Service d'installation gratuit"},{"text":"Soutien exceptionnel"},{"text":"Garantie de remboursement de 14 jours"},{"text":"Mises \u00e0 jour gratuites \u00e0 vie"}],"button_url":"","button_target_blank":"","button_nofollow":"","attributes":[{"name":"Installations","content":"10,000 - 100,000"},{"name":"Sensible","content":"Oui"},{"name":"Navigateurs compatibles","content":"Firefox, Safari, Opera, Chrome, Edge"}],"tags":[],"tags_disable_links":"","hide_more_platforms":"","video_object":"","demo_hide_cta":"","demo_hide_cloud_options":"","pricing_title":"","pricing":[{"pricing_icon":"platform","pricing_title":"Elfsight Apps","pricing_title_caption":"Version multiplateforme","pricing_price":"from $0 \/ month","pricing_price_caption":"commencez avec un forfait gratuit","pricing_benefits":[{"text":"Sites Web illimit\u00e9s"},{"text":"Support client d\u00e9di\u00e9 et bien document\u00e9"},{"text":"Assistance \u00e0 l'installation gratuite"},{"text":"Conception flexible"}],"pricing_button_text":"Ajouter au site Web","pricing_button_url":"#demo"}],"related_apps_title":"","related_apps_hidden":"","author":"","image":[],"title":"","job":"","social_networks":[]},"_links":{"self":[{"href":"https:\/\/elfsight.com\/fr\/wp-json\/wp\/v2\/pages\/9586","targetHints":{"allow":["GET"]}}],"collection":[{"href":"https:\/\/elfsight.com\/fr\/wp-json\/wp\/v2\/pages"}],"about":[{"href":"https:\/\/elfsight.com\/fr\/wp-json\/wp\/v2\/types\/page"}],"author":[{"embeddable":true,"href":"https:\/\/elfsight.com\/fr\/wp-json\/wp\/v2\/users\/9"}],"replies":[{"embeddable":true,"href":"https:\/\/elfsight.com\/fr\/wp-json\/wp\/v2\/comments?post=9586"}],"version-history":[{"count":1,"href":"https:\/\/elfsight.com\/fr\/wp-json\/wp\/v2\/pages\/9586\/revisions"}],"predecessor-version":[{"id":9590,"href":"https:\/\/elfsight.com\/fr\/wp-json\/wp\/v2\/pages\/9586\/revisions\/9590"}],"up":[{"embeddable":true,"href":"https:\/\/elfsight.com\/fr\/wp-json\/wp\/v2\/pages\/2374"}],"wp:attachment":[{"href":"https:\/\/elfsight.com\/fr\/wp-json\/wp\/v2\/media?parent=9586"}],"curies":[{"name":"wp","href":"https:\/\/api.w.org\/{rel}","templated":true}]}}