{"id":9581,"date":"1970-01-01T00:00:00","date_gmt":"1970-01-01T00:00:00","guid":{"rendered":"https:\/\/elfsight.com\/fr\/?page_id=9581"},"modified":"2025-07-10T08:28:23","modified_gmt":"2025-07-10T08:28:23","slug":"joomla","status":"publish","type":"page","link":"https:\/\/elfsight.com\/fr\/pdf-embed-widget\/joomla\/","title":{"rendered":"PDF Embed &#8211; Joomla"},"content":{"rendered":"<div class=\"application-platform-content-item-description application-platform-content-item\" id=\"description\" data-nav-section=\"description\"> <h2>Description<\/h2> <p>Avec l&rsquo;aide de l&rsquo;extension Elfsight PDF, essayez l&rsquo;insertion la plus simple et la plus rapide de plusieurs documents PDF dans les pages d&rsquo;un site. Pour plus de commodit\u00e9, les fichiers peuvent \u00eatre int\u00e9gr\u00e9s en les t\u00e9l\u00e9chargeant simplement, en ajoutant leurs URL ou en les s\u00e9lectionnant parmi les derniers t\u00e9l\u00e9charg\u00e9s. Vous pouvez donner un titre \u00e0 chaque fichier, t\u00e9l\u00e9charger une ic\u00f4ne ou pr\u00e9visualiser une image, choisir l&rsquo;option de mise en page des fichiers, etc. Vos utilisateurs peuvent visualiser les fichiers directement sur la page, les ouvrir dans un nouvel onglet et les t\u00e9l\u00e9charger.<\/p> <div class=\"faq\" data-component=\"FAQ\"> <div class=\"faq-item\">\r\n\t\t\t\t\t<div class=\"faq-item-question\">\r\n\t\t\t\t\t\t<h3 class=\"faq-item-question-text\">O\u00f9 sur mon site puis-je int\u00e9grer le widget<\/h3>\r\n\r\n\t\t\t\t\t\t<div class=\"faq-item-question-icon\"><\/div>\r\n\t\t\t\t\t<\/div>\r\n\r\n\t\t\t\t\t<div class=\"faq-item-answer\">\r\n\t\t\t\t\t\t<div class=\"faq-item-answer-text\"> <p>Vous \u00eates libre de afficher le plugin File Embed sur toutes les pages du site. Il peut \u00eatre utilis\u00e9 pour ajouter vos documents ou sp\u00e9cifications produit sur les pages produits, ou publier vos dipl\u00f4mes et certificats sur la page \u00c0 propos de nous.<\/p><\/div>\r\n\t\t\t\t\t<\/div>\r\n\t\t\t\t<\/div> <div class=\"faq-item\">\r\n\t\t\t\t\t<div class=\"faq-item-question\">\r\n\t\t\t\t\t\t<h3 class=\"faq-item-question-text\">Comment b\u00e9n\u00e9ficier de l'extension ?<\/h3>\r\n\r\n\t\t\t\t\t\t<div class=\"faq-item-question-icon\"><\/div>\r\n\t\t\t\t\t<\/div>\r\n\r\n\t\t\t\t\t<div class=\"faq-item-answer\">\r\n\t\t\t\t\t\t<div class=\"faq-item-answer-text\"> <p>Le plugin d&rsquo;Elfsight peut vous faire gagner beaucoup de temps, car avec son aide, la publication de documents sur votre site ne prend que quelques secondes. En outre, cela vous aide \u00e0 fournir de nombreuses donn\u00e9es pr\u00e9cieuses sur vos offres ou services afin d&rsquo;am\u00e9liorer les connaissances des utilisateurs \u00e0 leur sujet.<\/p><\/div>\r\n\t\t\t\t\t<\/div>\r\n\t\t\t\t<\/div> <div class=\"faq-item\">\r\n\t\t\t\t\t<div class=\"faq-item-question\">\r\n\t\t\t\t\t\t<h3 class=\"faq-item-question-text\">Comment puis-je installer PDF Embed sur mon site Web Joomla ?<\/h3>\r\n\r\n\t\t\t\t\t\t<div class=\"faq-item-question-icon\"><\/div>\r\n\t\t\t\t\t<\/div>\r\n\r\n\t\t\t\t\t<div class=\"faq-item-answer\">\r\n\t\t\t\t\t\t<div class=\"faq-item-answer-text\"> <p>L&rsquo;int\u00e9gration du widget ne prendra qu&rsquo;une minute. L&rsquo;installation est vraiment rapide, gratuite et sans codage. <\/p> <p>L&rsquo;extension PDF Elfsight peut \u00eatre int\u00e9gr\u00e9e via notre service ou sur la Marketplace. Vous pouvez voir des informations suppl\u00e9mentaires sur les deux variantes et choisir la v\u00f4tre.<\/p><\/div>\r\n\t\t\t\t\t<\/div>\r\n\t\t\t\t<\/div> <\/div> <\/div><div class=\"application-platform-content-item-features application-platform-content-item\" id=\"features\" data-nav-section=\"features\"> <h2>Fonctionnalit\u00e9s<\/h2> <p>Pour vous aider Pour comprendre PDF Viewer, voici la liste des caract\u00e9ristiques les plus importantes. Ils vous apportent un maximum d&rsquo;avantages\u00a0: <\/p> <ul><li>Int\u00e9grez n&rsquo;importe quelle quantit\u00e9 de documents\u00a0; <\/li> <li>Variante de pr\u00e9sentation de la visionneuse de fichiers pour lire les fichiers sur la page\u00a0; <\/li> <li>T\u00e9l\u00e9chargement d&rsquo;images pour les ic\u00f4nes et les aper\u00e7us des fichiers\u00a0; <\/li> <li>Affichage ou suppression de l&rsquo;\u00e9tiquette du fichier de t\u00e9l\u00e9chargement\u00a0; <\/li> <li> Peignez six \u00e9l\u00e9ments d&rsquo;interface\u00a0; <\/li> <\/ul><p><a href=\"#demo\">La d\u00e9mo vous montrera plus de fonctionnalit\u00e9s<\/a><\/p> <\/div><div class=\"application-platform-content-item-installation application-platform-content-item\" id=\"installation\" data-nav-section=\"installation\"> <h2> Comment int\u00e9grer l&rsquo;extension PDF Viewer \u00e0 votre site Web Joomla<\/h2> <p>Appliquez simplement les instructions ci-dessous pour commencer \u00e0 travailler avec l&rsquo;extension PDF Embed sur Joomla.<\/p> <ol><li><b>Lancez notre application gratuite d\u00e9mo et commencez \u00e0 cr\u00e9er votre extension sur mesure. <\/b><br> Recherchez l&rsquo;apparence et les param\u00e8tres pr\u00e9f\u00e9r\u00e9s de l&rsquo;extension et enregistrez les modifications. <\/li> <li><b>R\u00e9cup\u00e9rez le code unique apparaissant dans la case sur Elfsight Apps. <\/b><br> D\u00e8s que la g\u00e9n\u00e9ration de votre outil est termin\u00e9e, copiez le code personnel dans la case apparue et enregistrez-le pour une utilisation ult\u00e9rieure. <\/li> <li><b>Initier l&rsquo;utilisation de l&rsquo;extension sur le site Web Joomla. <\/b><br> Placez le code copi\u00e9 pr\u00e9c\u00e9demment dans votre site internet et enregistrez les corrections. <\/li> <li><b>Fait\u00a0! L&rsquo;installation est termin\u00e9e avec succ\u00e8s. <\/b><br> Rendez-vous sur votre page pour jeter un \u0153il au fonctionnement de l&rsquo;extension. <\/li><\/ol><p>Vous n&rsquo;arrivez toujours pas \u00e0 prendre une d\u00e9cision\u00a0? Ou avez-vous des questions \u00e0 poser ? Envoyez simplement votre demande par e-mail \u00e0 notre service client, ils vous aideront \u00e0 r\u00e9soudre chaque probl\u00e8me.<\/p> <\/div>","protected":false},"excerpt":{"rendered":"","protected":false},"author":9,"featured_media":0,"parent":2374,"menu_order":0,"comment_status":"closed","ping_status":"closed","template":"templates\/template-application-platform.php","meta":{"publish_to_discourse":"","publish_post_category":"","wpdc_auto_publish_overridden":"","wpdc_topic_tags":"","wpdc_pin_topic":"","wpdc_pin_until":"","discourse_post_id":"","discourse_permalink":"","wpdc_publishing_response":"","wpdc_publishing_error":"","footnotes":""},"class_list":["post-9581","page","type-page","status-publish","hentry"],"yoast_head":"<!-- This site is optimized with the Yoast SEO plugin v25.3.1 - https:\/\/yoast.com\/wordpress\/plugins\/seo\/ -->\n<title>PDF Viewer - Int\u00e9grer l&#039;extension PDF sur le site Web Joomla (2025)<\/title>\n<meta name=\"description\" content=\"Il est facile de cr\u00e9er votre extension PDF Viewer r\u00e9active et de l\u2019int\u00e9grer \u00e0 votre site Web Joomla. Le service client Elfsight est gratuit et gratuit.\" \/>\n<meta name=\"robots\" content=\"index, follow, max-snippet:-1, max-image-preview:large, max-video-preview:-1\" \/>\n<link rel=\"canonical\" href=\"https:\/\/elfsight.com\/fr\/pdf-embed-widget\/joomla\/\" \/>\n<meta property=\"og:locale\" content=\"fr_FR\" \/>\n<meta property=\"og:type\" content=\"article\" \/>\n<meta property=\"og:title\" content=\"PDF Viewer - Int\u00e9grer l&#039;extension PDF sur le site Web Joomla (2025)\" \/>\n<meta property=\"og:description\" content=\"Il est facile de cr\u00e9er votre extension PDF Viewer r\u00e9active et de l\u2019int\u00e9grer \u00e0 votre site Web Joomla. Le service client Elfsight est gratuit et gratuit.\" \/>\n<meta property=\"og:url\" content=\"https:\/\/elfsight.com\/fr\/pdf-embed-widget\/joomla\/\" \/>\n<meta property=\"og:site_name\" content=\"Elfsight FR\" \/>\n<meta property=\"article:modified_time\" content=\"2025-07-10T08:28:23+00:00\" \/>\n<meta name=\"twitter:card\" content=\"summary_large_image\" \/>\n<meta name=\"twitter:label1\" content=\"Dur\u00e9e de lecture estim\u00e9e\" \/>\n\t<meta name=\"twitter:data1\" content=\"3 minutes\" \/>\n<!-- \/ Yoast SEO plugin. -->","yoast_head_json":{"title":"PDF Viewer - Int\u00e9grer l'extension PDF sur le site Web Joomla (2025)","description":"Il est facile de cr\u00e9er votre extension PDF Viewer r\u00e9active et de l\u2019int\u00e9grer \u00e0 votre site Web Joomla. Le service client Elfsight est gratuit et gratuit.","robots":{"index":"index","follow":"follow","max-snippet":"max-snippet:-1","max-image-preview":"max-image-preview:large","max-video-preview":"max-video-preview:-1"},"canonical":"https:\/\/elfsight.com\/fr\/pdf-embed-widget\/joomla\/","og_locale":"fr_FR","og_type":"article","og_title":"PDF Viewer - Int\u00e9grer l'extension PDF sur le site Web Joomla (2025)","og_description":"Il est facile de cr\u00e9er votre extension PDF Viewer r\u00e9active et de l\u2019int\u00e9grer \u00e0 votre site Web Joomla. Le service client Elfsight est gratuit et gratuit.","og_url":"https:\/\/elfsight.com\/fr\/pdf-embed-widget\/joomla\/","og_site_name":"Elfsight FR","article_modified_time":"2025-07-10T08:28:23+00:00","twitter_card":"summary_large_image","twitter_misc":{"Dur\u00e9e de lecture estim\u00e9e":"3 minutes"},"schema":{"@context":"https:\/\/schema.org","@graph":[{"@type":"WebPage","@id":"https:\/\/elfsight.com\/fr\/pdf-embed-widget\/joomla\/","url":"https:\/\/elfsight.com\/fr\/pdf-embed-widget\/joomla\/","name":"PDF Viewer - Int\u00e9grer l'extension PDF sur le site Web Joomla (2025)","isPartOf":{"@id":"https:\/\/elfsight.com\/fr\/#website"},"datePublished":"1970-01-01T00:00:00+00:00","dateModified":"2025-07-10T08:28:23+00:00","description":"Il est facile de cr\u00e9er votre extension PDF Viewer r\u00e9active et de l\u2019int\u00e9grer \u00e0 votre site Web Joomla. Le service client Elfsight est gratuit et gratuit.","breadcrumb":{"@id":"https:\/\/elfsight.com\/fr\/pdf-embed-widget\/joomla\/#breadcrumb"},"inLanguage":"fr-FR","potentialAction":[{"@type":"ReadAction","target":["https:\/\/elfsight.com\/fr\/pdf-embed-widget\/joomla\/"]}]},{"@type":"BreadcrumbList","@id":"https:\/\/elfsight.com\/fr\/pdf-embed-widget\/joomla\/#breadcrumb","itemListElement":[{"@type":"ListItem","position":1,"name":"Home","item":"https:\/\/elfsight.com\/fr\/"},{"@type":"ListItem","position":2,"name":"PDF Embed","item":"https:\/\/elfsight.com\/fr\/pdf-embed-widget\/"},{"@type":"ListItem","position":3,"name":"PDF Embed &#8211; Joomla"}]},{"@type":"WebSite","@id":"https:\/\/elfsight.com\/fr\/#website","url":"https:\/\/elfsight.com\/fr\/","name":"Elfsight FR","description":"","potentialAction":[{"@type":"SearchAction","target":{"@type":"EntryPoint","urlTemplate":"https:\/\/elfsight.com\/fr\/?s={search_term_string}"},"query-input":{"@type":"PropertyValueSpecification","valueRequired":true,"valueName":"search_term_string"}}],"inLanguage":"fr-FR"}]}},"meta_box":{"industry":"","seo_heading":"","heading":"","description":"","cta_heading":"","cta_description":"","application":"2373","h1":"Extension d'int\u00e9gration de PDF Joomla","h1_caption":"Int\u00e9grez des documents PDF sur votre site Web pour une visualisation et un t\u00e9l\u00e9chargement faciles sans rediriger les visiteurs vers votre site Web Joomla sans effort.","application_category":[],"applications_title":"","applications_request_title":"","applications_request_button_text":"","hero_text":"","hero_video":"","hero_video_schema_markup":"","selling_points_title":"","selling_points_caption":"","selling_points":[],"selling_points_cta_text":"","features_title":"","features":"","ed_cta_examples_text":"","ed_cta_examples_hidden":"","ed_cta_demo_text":"","ed_cta_demo_hidden":"","why_caption":"","why_editor_title":"","why_editor_text":"","why_team_title":"","why_team_text":"","why_service_title":"","why_service_text":"","template_catalog_visible":"","template_catalog_title":"","template_catalog_text":"","template_catalog_categories_visible":"","demo_title":"Cr\u00e9ez votre plugin PDF Embed","demo_caption":"Configurez votre PDF Embed et ajoutez-le \u00e0 votre site Web Joomla gratuitement\u00a0!","default_faq_hidden":"","app_template_category":[],"platform":"354","template_public_id":"","codecanyon_url":"","codecanyon_item_id":"","codecanyon_price":"","pricing_caption":"","pricing_elfsight_apps_hide_column":"","pricing_elfsight_apps_url":"","pricing_codecanyon_price_caption":"","integration_category":[],"integration_request_title":"","integration_request_cta":"","integration_platform":"","integrations":[],"platform_category":[],"video_schema_markup":"","price":"\u00e0 partir de 0$ \/ mois","trial":"","benefits":[{"text":"Aide \u00e0 l'installation gratuite"},{"text":"Service client efficace"},{"text":"Garantie de remboursement de 14 jours"},{"text":"Mise \u00e0 jour constante"}],"button_url":"","button_target_blank":"","button_nofollow":"","attributes":[{"name":"Installations","content":"10,000 - 100,000"},{"name":"Sensible","content":"Oui"},{"name":"Navigateurs compatibles","content":"IE11, Firefox, Safari, Opera, Chrome, Edge"}],"tags":[],"tags_disable_links":"","hide_more_platforms":"","video_object":"","demo_hide_cta":"","demo_hide_cloud_options":"","pricing_title":"","pricing":[{"pricing_icon":"platform","pricing_title":"Elfsight Apps","pricing_title_caption":"Solution num\u00e9rique multiplateforme qui fonctionne sur n'importe quel site Web","pricing_price":"from $0 \/ month","pricing_price_caption":"commencez avec un forfait gratuit","pricing_benefits":[{"text":"Domaines illimit\u00e9s"},{"text":"Assistance 24h\/24 et 7j\/7, ponctuelle et bien document\u00e9e"},{"text":"Service d'installation gratuit"},{"text":"Offre \u00e0 dur\u00e9e limit\u00e9e pour plusieurs applications"}],"pricing_button_text":"Ajouter au site Web","pricing_button_url":"#demo"}],"related_apps_title":"","related_apps_hidden":"","author":"","image":[],"title":"","job":"","social_networks":[]},"_links":{"self":[{"href":"https:\/\/elfsight.com\/fr\/wp-json\/wp\/v2\/pages\/9581","targetHints":{"allow":["GET"]}}],"collection":[{"href":"https:\/\/elfsight.com\/fr\/wp-json\/wp\/v2\/pages"}],"about":[{"href":"https:\/\/elfsight.com\/fr\/wp-json\/wp\/v2\/types\/page"}],"author":[{"embeddable":true,"href":"https:\/\/elfsight.com\/fr\/wp-json\/wp\/v2\/users\/9"}],"replies":[{"embeddable":true,"href":"https:\/\/elfsight.com\/fr\/wp-json\/wp\/v2\/comments?post=9581"}],"version-history":[{"count":1,"href":"https:\/\/elfsight.com\/fr\/wp-json\/wp\/v2\/pages\/9581\/revisions"}],"predecessor-version":[{"id":9585,"href":"https:\/\/elfsight.com\/fr\/wp-json\/wp\/v2\/pages\/9581\/revisions\/9585"}],"up":[{"embeddable":true,"href":"https:\/\/elfsight.com\/fr\/wp-json\/wp\/v2\/pages\/2374"}],"wp:attachment":[{"href":"https:\/\/elfsight.com\/fr\/wp-json\/wp\/v2\/media?parent=9581"}],"curies":[{"name":"wp","href":"https:\/\/api.w.org\/{rel}","templated":true}]}}