{"id":9580,"date":"1970-01-01T00:00:00","date_gmt":"1970-01-01T00:00:00","guid":{"rendered":"https:\/\/elfsight.com\/fr\/?page_id=9580"},"modified":"2025-07-10T08:26:54","modified_gmt":"2025-07-10T08:26:54","slug":"drupal","status":"publish","type":"page","link":"https:\/\/elfsight.com\/fr\/pdf-embed-widget\/drupal\/","title":{"rendered":"PDF Embed &#8211; Drupal"},"content":{"rendered":"<div class=\"application-platform-content-item-description application-platform-content-item\" id=\"description\" data-nav-section=\"description\"> <h2>Description<\/h2> <p>Gr\u00e2ce au module Elfsight PDF, profitez de l&rsquo;insertion la plus simple et la plus rapide de nombreux fichiers PDF dans votre site Web. Pour votre facilit\u00e9 d&rsquo;utilisation, les documents peuvent \u00eatre coll\u00e9s par simple t\u00e9l\u00e9chargement, par URL ou en s\u00e9lectionnant dans la liste des documents r\u00e9cemment t\u00e9l\u00e9charg\u00e9s. Les fonctionnalit\u00e9s vous permettent de donner \u00e0 chaque document votre propre nom, de t\u00e9l\u00e9charger votre propre ic\u00f4ne et image, de choisir une variante de mise en page et bien plus encore. Le public du site peut \u00e9tudier les documents directement sur votre site, les visualiser dans un nouvel onglet de navigateur et les t\u00e9l\u00e9charger. <\/p> <div class=\"faq\" data-component=\"FAQ\"> <div class=\"faq-item\">\r\n\t\t\t\t\t<div class=\"faq-item-question\">\r\n\t\t\t\t\t\t<h3 class=\"faq-item-question-text\">O\u00f9 puis-je l'ins\u00e9rer sur mon site<\/h3>\r\n\r\n\t\t\t\t\t\t<div class=\"faq-item-question-icon\"><\/div>\r\n\t\t\t\t\t<\/div>\r\n\r\n\t\t\t\t\t<div class=\"faq-item-answer\">\r\n\t\t\t\t\t\t<div class=\"faq-item-answer-text\"> <p>Vous pouvez appliquer l&rsquo;int\u00e9gration de fichiers sur n&rsquo;importe laquelle ou toutes les pages de votre site Web. Ainsi, il vous aidera \u00e0 int\u00e9grer votre documentation technologique ou vos directives sur les pages produits correspondantes, et \u00e0 publier vos dipl\u00f4mes et qualifications sur la landing page. <\/p> <\/div>\r\n\t\t\t\t\t<\/div>\r\n\t\t\t\t<\/div> <div class=\"faq-item\">\r\n\t\t\t\t\t<div class=\"faq-item-question\">\r\n\t\t\t\t\t\t<h3 class=\"faq-item-question-text\">Comment puis-je b\u00e9n\u00e9ficier de PDF Reader ?<\/h3>\r\n\r\n\t\t\t\t\t\t<div class=\"faq-item-question-icon\"><\/div>\r\n\t\t\t\t\t<\/div>\r\n\r\n\t\t\t\t\t<div class=\"faq-item-answer\">\r\n\t\t\t\t\t\t<div class=\"faq-item-answer-text\"> <p>Ce widget vous fera gagner beaucoup de temps, car gr\u00e2ce \u00e0 lui, l&rsquo;ajout de mat\u00e9riaux \u00e0 votre site Web se fait en quelques secondes seulement. . De plus, vous serez en mesure de pr\u00e9senter de nombreuses informations significatives sur vos produits et services et d\u2019am\u00e9liorer la notori\u00e9t\u00e9 de vos offres aupr\u00e8s des clients. <\/p> <\/div>\r\n\t\t\t\t\t<\/div>\r\n\t\t\t\t<\/div> <div class=\"faq-item\">\r\n\t\t\t\t\t<div class=\"faq-item-question\">\r\n\t\t\t\t\t\t<h3 class=\"faq-item-question-text\">Comment ajouter PDF Embed \u00e0 mon site Web Drupal ?<\/h3>\r\n\r\n\t\t\t\t\t\t<div class=\"faq-item-question-icon\"><\/div>\r\n\t\t\t\t\t<\/div>\r\n\r\n\t\t\t\t\t<div class=\"faq-item-answer\">\r\n\t\t\t\t\t\t<div class=\"faq-item-answer-text\"> <p>Cela ne prend qu&rsquo;une minute de votre temps pour que le widget soit op\u00e9rationnel. L&rsquo;int\u00e9gration est extr\u00eamement rapide, gratuite et sans codage. <\/p> <p>Le widget peut \u00eatre int\u00e9gr\u00e9 directement via notre service ou via la Marketplace. Ici, vous pouvez afficher plus d&rsquo;informations sur les deux variantes et d\u00e9cider laquelle est la v\u00f4tre. <\/p> <\/div>\r\n\t\t\t\t\t<\/div>\r\n\t\t\t\t<\/div> <\/div> <\/div><div class=\"application-platform-content-item-features application-platform-content-item\" id=\"features\" data-nav-section=\"features\"> <h2>Fonctionnalit\u00e9s<\/h2> <p>Afin d&rsquo;avoir une id\u00e9e plus claire du module PDF Reader, examinez la liste de ses principales caract\u00e9ristiques. Ils rendent notre widget vraiment efficace pour vous\u00a0: <\/p> <ul><li>Afficher un nombre illimit\u00e9 de documents\u00a0;<\/li> <li>Option de mise en page de la visionneuse de fichiers pour visualiser les documents sur le site\u00a0;<\/li> <li>L&rsquo;option pour t\u00e9l\u00e9charger des images pour les ic\u00f4nes et les aper\u00e7us des documents\u00a0; <\/li> <li>Afficher ou masquer le texte de t\u00e9l\u00e9chargement\u00a0;<\/li> <li>6 d\u00e9tails coloriables de l&rsquo;interface\u00a0;<\/li> <\/ul><p><a href=\"#demo\">Pour d\u00e9couvrir un liste compl\u00e8te des fonctionnalit\u00e9s, consultez notre d\u00e9mo en direct<\/a><\/p><\/div><div class=\"application-platform-content-item-installation application-platform-content-item\" id=\"installation\" data-nav-section=\"installation\"> <h2>V\u00e9rifiez comment ins\u00e9rer la visionneuse PDF dans votre page Drupal<\/h2> <p> Les actions suivantes sont la seule chose que vous devez faire. <\/p> <ol><li><b>Utilisez notre d\u00e9mo gratuite et commencez \u00e0 cr\u00e9er votre module personnalis\u00e9. <\/b><br> Choisissez la forme et les sp\u00e9cifications pr\u00e9f\u00e9rables du module et appliquez toutes les corrections. <\/li> <li><b>Recevez votre code unique affich\u00e9 dans le formulaire sp\u00e9cial sur Elfsight Apps. <\/b><br> D\u00e8s que la personnalisation de votre module personnel est termin\u00e9e, copiez votre code depuis la fen\u00eatre apparue et enregistrez-le pour une prochaine occasion. <\/li> <li><b>Commencez l&#8217;emploi du module sur la page Web Drupal. <\/b><br> Placez le code enregistr\u00e9 r\u00e9cemment dans votre page Web et appliquez les ajustements. <\/li> <li><b>La configuration est enti\u00e8rement termin\u00e9e. <\/b><br> Acc\u00e9dez \u00e0 votre page Web pour voir comment fonctionne le module. <\/li><\/ol><p>Vous avez encore des doutes sur quelque chose\u00a0? Ou vous rencontrez des probl\u00e8mes ? Envoyez simplement votre demande \u00e0 notre \u00e9quipe de support client, ils r\u00e9soudront tout probl\u00e8me. <\/p> <\/div>","protected":false},"excerpt":{"rendered":"","protected":false},"author":9,"featured_media":0,"parent":2374,"menu_order":0,"comment_status":"closed","ping_status":"closed","template":"templates\/template-application-platform.php","meta":{"publish_to_discourse":"","publish_post_category":"","wpdc_auto_publish_overridden":"","wpdc_topic_tags":"","wpdc_pin_topic":"","wpdc_pin_until":"","discourse_post_id":"","discourse_permalink":"","wpdc_publishing_response":"","wpdc_publishing_error":"","footnotes":""},"class_list":["post-9580","page","type-page","status-publish","hentry"],"yoast_head":"<!-- This site is optimized with the Yoast SEO plugin v25.3.1 - https:\/\/yoast.com\/wordpress\/plugins\/seo\/ -->\n<title>PDF Viewer - Int\u00e9grer le module PDF sur le site Drupal (gratuit et rapide)<\/title>\n<meta name=\"description\" content=\"Il est tr\u00e8s simple de cr\u00e9er votre module PDF Viewer r\u00e9actif et de l&#039;int\u00e9grer sur votre site Web Drupal. Le support client Elfsight est gratuit et rapide.\" \/>\n<meta name=\"robots\" content=\"index, follow, max-snippet:-1, max-image-preview:large, max-video-preview:-1\" \/>\n<link rel=\"canonical\" href=\"https:\/\/elfsight.com\/fr\/pdf-embed-widget\/drupal\/\" \/>\n<meta property=\"og:locale\" content=\"fr_FR\" \/>\n<meta property=\"og:type\" content=\"article\" \/>\n<meta property=\"og:title\" content=\"PDF Viewer - Int\u00e9grer le module PDF sur le site Drupal (gratuit et rapide)\" \/>\n<meta property=\"og:description\" content=\"Il est tr\u00e8s simple de cr\u00e9er votre module PDF Viewer r\u00e9actif et de l&#039;int\u00e9grer sur votre site Web Drupal. Le support client Elfsight est gratuit et rapide.\" \/>\n<meta property=\"og:url\" content=\"https:\/\/elfsight.com\/fr\/pdf-embed-widget\/drupal\/\" \/>\n<meta property=\"og:site_name\" content=\"Elfsight FR\" \/>\n<meta property=\"article:modified_time\" content=\"2025-07-10T08:26:54+00:00\" \/>\n<meta name=\"twitter:card\" content=\"summary_large_image\" \/>\n<meta name=\"twitter:label1\" content=\"Dur\u00e9e de lecture estim\u00e9e\" \/>\n\t<meta name=\"twitter:data1\" content=\"3 minutes\" \/>\n<!-- \/ Yoast SEO plugin. -->","yoast_head_json":{"title":"PDF Viewer - Int\u00e9grer le module PDF sur le site Drupal (gratuit et rapide)","description":"Il est tr\u00e8s simple de cr\u00e9er votre module PDF Viewer r\u00e9actif et de l'int\u00e9grer sur votre site Web Drupal. Le support client Elfsight est gratuit et rapide.","robots":{"index":"index","follow":"follow","max-snippet":"max-snippet:-1","max-image-preview":"max-image-preview:large","max-video-preview":"max-video-preview:-1"},"canonical":"https:\/\/elfsight.com\/fr\/pdf-embed-widget\/drupal\/","og_locale":"fr_FR","og_type":"article","og_title":"PDF Viewer - Int\u00e9grer le module PDF sur le site Drupal (gratuit et rapide)","og_description":"Il est tr\u00e8s simple de cr\u00e9er votre module PDF Viewer r\u00e9actif et de l'int\u00e9grer sur votre site Web Drupal. Le support client Elfsight est gratuit et rapide.","og_url":"https:\/\/elfsight.com\/fr\/pdf-embed-widget\/drupal\/","og_site_name":"Elfsight FR","article_modified_time":"2025-07-10T08:26:54+00:00","twitter_card":"summary_large_image","twitter_misc":{"Dur\u00e9e de lecture estim\u00e9e":"3 minutes"},"schema":{"@context":"https:\/\/schema.org","@graph":[{"@type":"WebPage","@id":"https:\/\/elfsight.com\/fr\/pdf-embed-widget\/drupal\/","url":"https:\/\/elfsight.com\/fr\/pdf-embed-widget\/drupal\/","name":"PDF Viewer - Int\u00e9grer le module PDF sur le site Drupal (gratuit et rapide)","isPartOf":{"@id":"https:\/\/elfsight.com\/fr\/#website"},"datePublished":"1970-01-01T00:00:00+00:00","dateModified":"2025-07-10T08:26:54+00:00","description":"Il est tr\u00e8s simple de cr\u00e9er votre module PDF Viewer r\u00e9actif et de l'int\u00e9grer sur votre site Web Drupal. Le support client Elfsight est gratuit et rapide.","breadcrumb":{"@id":"https:\/\/elfsight.com\/fr\/pdf-embed-widget\/drupal\/#breadcrumb"},"inLanguage":"fr-FR","potentialAction":[{"@type":"ReadAction","target":["https:\/\/elfsight.com\/fr\/pdf-embed-widget\/drupal\/"]}]},{"@type":"BreadcrumbList","@id":"https:\/\/elfsight.com\/fr\/pdf-embed-widget\/drupal\/#breadcrumb","itemListElement":[{"@type":"ListItem","position":1,"name":"Home","item":"https:\/\/elfsight.com\/fr\/"},{"@type":"ListItem","position":2,"name":"PDF Embed","item":"https:\/\/elfsight.com\/fr\/pdf-embed-widget\/"},{"@type":"ListItem","position":3,"name":"PDF Embed &#8211; Drupal"}]},{"@type":"WebSite","@id":"https:\/\/elfsight.com\/fr\/#website","url":"https:\/\/elfsight.com\/fr\/","name":"Elfsight FR","description":"","potentialAction":[{"@type":"SearchAction","target":{"@type":"EntryPoint","urlTemplate":"https:\/\/elfsight.com\/fr\/?s={search_term_string}"},"query-input":{"@type":"PropertyValueSpecification","valueRequired":true,"valueName":"search_term_string"}}],"inLanguage":"fr-FR"}]}},"meta_box":{"industry":"","seo_heading":"","heading":"","description":"","cta_heading":"","cta_description":"","application":"2373","h1":"Plugin Drupal PDFViewer","h1_caption":"Int\u00e9grez des documents PDF sur votre site Web pour une visualisation et un t\u00e9l\u00e9chargement faciles sans rediriger les visiteurs vers votre site Web Drupal sans effort.","application_category":[],"applications_title":"","applications_request_title":"","applications_request_button_text":"","hero_text":"","hero_video":"","hero_video_schema_markup":"","selling_points_title":"","selling_points_caption":"","selling_points":[],"selling_points_cta_text":"","features_title":"","features":"","ed_cta_examples_text":"","ed_cta_examples_hidden":"","ed_cta_demo_text":"","ed_cta_demo_hidden":"","why_caption":"","why_editor_title":"","why_editor_text":"","why_team_title":"","why_team_text":"","why_service_title":"","why_service_text":"","template_catalog_visible":"","template_catalog_title":"","template_catalog_text":"","template_catalog_categories_visible":"","demo_title":"Cr\u00e9ez votre module PDF Embed","demo_caption":"Configurez votre PDF Embed et ajoutez-le gratuitement \u00e0 votre site Web Drupal\u00a0!","default_faq_hidden":"","app_template_category":[],"platform":"351","template_public_id":"","codecanyon_url":"","codecanyon_item_id":"","codecanyon_price":"","pricing_caption":"","pricing_elfsight_apps_hide_column":"","pricing_elfsight_apps_url":"","pricing_codecanyon_price_caption":"","integration_category":[],"integration_request_title":"","integration_request_cta":"","integration_platform":"","integrations":[],"platform_category":[],"video_schema_markup":"","price":"\u00e0 partir de 0$ \/ mois","trial":"","benefits":[{"text":"Aide \u00e0 l'installation gratuite"},{"text":"Assistance premium"},{"text":"Garantie de remboursement de 14 jours"},{"text":"Am\u00e9liorations gratuites r\u00e9guli\u00e8res"}],"button_url":"","button_target_blank":"","button_nofollow":"","attributes":[{"name":"Installations","content":"10,000 - 100,000"},{"name":"Sensible","content":"Oui"},{"name":"Navigateurs compatibles","content":"IE11, Firefox, Safari, Opera, Chrome, Edge"}],"tags":[],"tags_disable_links":"","hide_more_platforms":"","video_object":"","demo_hide_cta":"","demo_hide_cloud_options":"","pricing_title":"","pricing":[{"pricing_icon":"platform","pricing_title":"Elfsight Apps","pricing_title_caption":"Version ind\u00e9pendante de la plateforme","pricing_price":"from $0 \/ month","pricing_price_caption":"commencez avec un forfait gratuit","pricing_benefits":[{"text":"Domaines illimit\u00e9s"},{"text":"Assistance gratuite"},{"text":"Assistance \u00e0 l'installation gratuite"},{"text":"Offre \u00e0 dur\u00e9e limit\u00e9e pour plusieurs applications"}],"pricing_button_text":"Ajouter au site Web","pricing_button_url":"#demo"}],"related_apps_title":"","related_apps_hidden":"","author":"","image":[],"title":"","job":"","social_networks":[]},"_links":{"self":[{"href":"https:\/\/elfsight.com\/fr\/wp-json\/wp\/v2\/pages\/9580","targetHints":{"allow":["GET"]}}],"collection":[{"href":"https:\/\/elfsight.com\/fr\/wp-json\/wp\/v2\/pages"}],"about":[{"href":"https:\/\/elfsight.com\/fr\/wp-json\/wp\/v2\/types\/page"}],"author":[{"embeddable":true,"href":"https:\/\/elfsight.com\/fr\/wp-json\/wp\/v2\/users\/9"}],"replies":[{"embeddable":true,"href":"https:\/\/elfsight.com\/fr\/wp-json\/wp\/v2\/comments?post=9580"}],"version-history":[{"count":1,"href":"https:\/\/elfsight.com\/fr\/wp-json\/wp\/v2\/pages\/9580\/revisions"}],"predecessor-version":[{"id":9584,"href":"https:\/\/elfsight.com\/fr\/wp-json\/wp\/v2\/pages\/9580\/revisions\/9584"}],"up":[{"embeddable":true,"href":"https:\/\/elfsight.com\/fr\/wp-json\/wp\/v2\/pages\/2374"}],"wp:attachment":[{"href":"https:\/\/elfsight.com\/fr\/wp-json\/wp\/v2\/media?parent=9580"}],"curies":[{"name":"wp","href":"https:\/\/api.w.org\/{rel}","templated":true}]}}