{"id":9578,"date":"1970-01-01T00:00:00","date_gmt":"1970-01-01T00:00:00","guid":{"rendered":"https:\/\/elfsight.com\/fr\/?page_id=9578"},"modified":"2025-07-10T08:26:37","modified_gmt":"2025-07-10T08:26:37","slug":"bigcommerce","status":"publish","type":"page","link":"https:\/\/elfsight.com\/fr\/pdf-embed-widget\/bigcommerce\/","title":{"rendered":"PDF Embed &#8211; BigCommerce"},"content":{"rendered":"<div class=\"application-platform-content-item-description application-platform-content-item\" id=\"description\" data-nav-section=\"description\"> <h2>Description<\/h2> <p>Avec l&rsquo;aide de l&rsquo;application Elfsight PDF, d\u00e9couvrez l&rsquo;int\u00e9gration la plus pratique et la plus rapide de plusieurs fichiers PDF dans le site. Pour votre facilit\u00e9 d&rsquo;utilisation, les documents peuvent \u00eatre int\u00e9gr\u00e9s en les t\u00e9l\u00e9chargeant, en ajoutant les URL ou en les s\u00e9lectionnant dans la liste des derniers t\u00e9l\u00e9charg\u00e9s. Les fonctionnalit\u00e9s vous permettent de donner \u00e0 chaque document votre propre nom, de t\u00e9l\u00e9charger votre propre ic\u00f4ne ou image d&rsquo;aper\u00e7u, de choisir la mise en page et bien plus encore. Le public du site peut lire les fichiers directement sur votre site Web, les ouvrir dans un nouvel onglet de navigateur et les t\u00e9l\u00e9charger. <\/p> <div class=\"faq\" data-component=\"FAQ\"> <div class=\"faq-item\">\r\n\t\t\t\t\t<div class=\"faq-item-question\">\r\n\t\t\t\t\t\t<h3 class=\"faq-item-question-text\">O\u00f9 sur mon site Web puis-je int\u00e9grer PDF Embed<\/h3>\r\n\r\n\t\t\t\t\t\t<div class=\"faq-item-question-icon\"><\/div>\r\n\t\t\t\t\t<\/div>\r\n\r\n\t\t\t\t\t<div class=\"faq-item-answer\">\r\n\t\t\t\t\t\t<div class=\"faq-item-answer-text\"> <p>Il est facile d&rsquo;ajouter un widget File Embed sur une ou toutes les pages du site. Ainsi, vous pouvez afficher vos documents ou sp\u00e9cifications technologiques sur les pages produits, ou ajouter vos dipl\u00f4mes et certificats sur la landing page. <\/p> <\/div>\r\n\t\t\t\t\t<\/div>\r\n\t\t\t\t<\/div> <div class=\"faq-item\">\r\n\t\t\t\t\t<div class=\"faq-item-question\">\r\n\t\t\t\t\t\t<h3 class=\"faq-item-question-text\">Quels avantages cela peut-il m'apporter ?<\/h3>\r\n\r\n\t\t\t\t\t\t<div class=\"faq-item-question-icon\"><\/div>\r\n\t\t\t\t\t<\/div>\r\n\r\n\t\t\t\t\t<div class=\"faq-item-answer\">\r\n\t\t\t\t\t\t<div class=\"faq-item-answer-text\"> <p>Le widget d&rsquo;Elfsight vous fera gagner beaucoup de temps, car avec lui, l&rsquo;ajout de documents \u00e0 votre site Web ne prend que quelques secondes. En plus de cela, cela vous aide \u00e0 fournir de nombreux d\u00e9tails significatifs sur vos articles ou services afin d\u2019am\u00e9liorer les connaissances des clients sur vos articles. <\/p> <\/div>\r\n\t\t\t\t\t<\/div>\r\n\t\t\t\t<\/div> <div class=\"faq-item\">\r\n\t\t\t\t\t<div class=\"faq-item-question\">\r\n\t\t\t\t\t\t<h3 class=\"faq-item-question-text\">Comment puis-je ajouter un PDF Embed sur mon site Web BigCommerce ?<\/h3>\r\n\r\n\t\t\t\t\t\t<div class=\"faq-item-question-icon\"><\/div>\r\n\t\t\t\t\t<\/div>\r\n\r\n\t\t\t\t\t<div class=\"faq-item-answer\">\r\n\t\t\t\t\t\t<div class=\"faq-item-answer-text\"> <p>La configuration du widget ne prend que trois minutes. C&rsquo;est vraiment rapide, gratuit et sans codage. <\/p> <p>Le widget peut \u00eatre int\u00e9gr\u00e9 via notre service ou sur la marketplace. Ici, vous pouvez comparer tous les d\u00e9tails de ces variantes et choisir la v\u00f4tre. <\/p> <\/div>\r\n\t\t\t\t\t<\/div>\r\n\t\t\t\t<\/div> <\/div> <\/div> <div class=\"application-platform-content-item-features application-platform-content-item\" id=\"features\" data-nav-section=\"features\"> <h2>Fonctionnalit\u00e9s<\/h2> <p>Pour avoir une perception claire de PDF app, voici la liste des incontournables caract\u00e9ristiques. Ils rendent ce widget vraiment efficace pour votre boutique\u00a0: <\/p> <ul><li>Ajoutez un nombre illimit\u00e9 de fichiers\u00a0; <\/li> <li>Option de mise en page de la visionneuse de fichiers pour lire les documents sur le site Web\u00a0; <\/li> <li>T\u00e9l\u00e9chargement d&rsquo;images pour les ic\u00f4nes et les aper\u00e7us des documents\u00a0; <\/li> <li>L&rsquo;option pour afficher ou d\u00e9sactiver le texte du fichier de t\u00e9l\u00e9chargement\u00a0; <\/li> <li>6 \u00e9l\u00e9ments colorables de l&rsquo;interface du widget\u00a0; <\/li> <\/ul><p>D\u00e9couvrez toutes les fonctionnalit\u00e9s dans notre d\u00e9mo en direct <\/p> <\/div> <div class=\"application-platform-content-item-installation application-platform-content-item\" id=\"installation\" data-nav-section=\"installation\"> <h2>D\u00e9couvrez comment int\u00e9grer l&rsquo;application PDF Viewer \u00e0 votre site Web <\/h2> <div class=\"video-container\"><iframe width=\"720\" height=\"405\" src=\"https:\/\/www.youtube.com\/embed\/f2M0rR1GcgQ\" frameborder=\"0\" allowfullscreen=\"\"><\/iframe><\/div><p>Suivez simplement les instructions ci-dessous pour commencer \u00e0 utiliser l&rsquo;outil sur BigCommerce.<\/p> <ol><li><b>Utilisez notre \u00e9diteur gratuit et commencez \u00e0 cr\u00e9er votre widget personnalis\u00e9. . <\/b><br> Sp\u00e9cifiez la disposition et les sp\u00e9cifications souhait\u00e9es de l&rsquo;outil et enregistrez les modifications. <\/li> <li><b>Obtenez votre code individuel qui appara\u00eet dans la case sur les applications Elfsight. <\/b><br> Une fois la cr\u00e9ation de votre widget PDF termin\u00e9e, copiez le code exclusif de la fen\u00eatre contextuelle qui appara\u00eet et conservez-le pour d&rsquo;autres besoins. <\/li> <li><b>Commencez \u00e0 utiliser le widget sur votre site Web BigCommerce. <\/b><br> Int\u00e9grez le code enregistr\u00e9 r\u00e9cemment dans votre page et enregistrez les modifications. <\/li> <li><b>Vous avez termin\u00e9\u00a0! L&rsquo;int\u00e9gration est pleinement r\u00e9alis\u00e9e. <\/b><br> Visitez votre site pour voir le fonctionnement de l&rsquo;application. <\/li><\/ol><p>Vous n&rsquo;arrivez toujours pas \u00e0 vous d\u00e9cider\u00a0? Ou rencontrez des probl\u00e8mes ? \u00c9crivez simplement une demande \u00e0 notre \u00e9quipe d\u2019assistance. Nous r\u00e9soudrons tout type de probl\u00e8me. <\/p> <\/div>","protected":false},"excerpt":{"rendered":"","protected":false},"author":9,"featured_media":0,"parent":2374,"menu_order":0,"comment_status":"closed","ping_status":"closed","template":"templates\/template-application-platform.php","meta":{"publish_to_discourse":"","publish_post_category":"","wpdc_auto_publish_overridden":"","wpdc_topic_tags":"","wpdc_pin_topic":"","wpdc_pin_until":"","discourse_post_id":"","discourse_permalink":"","wpdc_publishing_response":"","wpdc_publishing_error":"","footnotes":""},"class_list":["post-9578","page","type-page","status-publish","hentry"],"yoast_head":"<!-- This site is optimized with the Yoast SEO plugin v25.3.1 - https:\/\/yoast.com\/wordpress\/plugins\/seo\/ -->\n<title>PDF Viewer - Int\u00e9grer l&#039;application PDF sur le site Web BigCommerce (2025)<\/title>\n<meta name=\"description\" content=\"Il est facile de fa\u00e7onner votre application PDF Viewer r\u00e9active et de l&#039;int\u00e9grer sur le site Web BigCommerce. Le support client Elfsight est gratuit et rapide.\" \/>\n<meta name=\"robots\" content=\"index, follow, max-snippet:-1, max-image-preview:large, max-video-preview:-1\" \/>\n<link rel=\"canonical\" href=\"https:\/\/elfsight.com\/fr\/pdf-embed-widget\/bigcommerce\/\" \/>\n<meta property=\"og:locale\" content=\"fr_FR\" \/>\n<meta property=\"og:type\" content=\"article\" \/>\n<meta property=\"og:title\" content=\"PDF Viewer - Int\u00e9grer l&#039;application PDF sur le site Web BigCommerce (2025)\" \/>\n<meta property=\"og:description\" content=\"Il est facile de fa\u00e7onner votre application PDF Viewer r\u00e9active et de l&#039;int\u00e9grer sur le site Web BigCommerce. Le support client Elfsight est gratuit et rapide.\" \/>\n<meta property=\"og:url\" content=\"https:\/\/elfsight.com\/fr\/pdf-embed-widget\/bigcommerce\/\" \/>\n<meta property=\"og:site_name\" content=\"Elfsight FR\" \/>\n<meta property=\"article:modified_time\" content=\"2025-07-10T08:26:37+00:00\" \/>\n<meta name=\"twitter:card\" content=\"summary_large_image\" \/>\n<meta name=\"twitter:label1\" content=\"Dur\u00e9e de lecture estim\u00e9e\" \/>\n\t<meta name=\"twitter:data1\" content=\"3 minutes\" \/>\n<!-- \/ Yoast SEO plugin. -->","yoast_head_json":{"title":"PDF Viewer - Int\u00e9grer l'application PDF sur le site Web BigCommerce (2025)","description":"Il est facile de fa\u00e7onner votre application PDF Viewer r\u00e9active et de l'int\u00e9grer sur le site Web BigCommerce. Le support client Elfsight est gratuit et rapide.","robots":{"index":"index","follow":"follow","max-snippet":"max-snippet:-1","max-image-preview":"max-image-preview:large","max-video-preview":"max-video-preview:-1"},"canonical":"https:\/\/elfsight.com\/fr\/pdf-embed-widget\/bigcommerce\/","og_locale":"fr_FR","og_type":"article","og_title":"PDF Viewer - Int\u00e9grer l'application PDF sur le site Web BigCommerce (2025)","og_description":"Il est facile de fa\u00e7onner votre application PDF Viewer r\u00e9active et de l'int\u00e9grer sur le site Web BigCommerce. Le support client Elfsight est gratuit et rapide.","og_url":"https:\/\/elfsight.com\/fr\/pdf-embed-widget\/bigcommerce\/","og_site_name":"Elfsight FR","article_modified_time":"2025-07-10T08:26:37+00:00","twitter_card":"summary_large_image","twitter_misc":{"Dur\u00e9e de lecture estim\u00e9e":"3 minutes"},"schema":{"@context":"https:\/\/schema.org","@graph":[{"@type":"WebPage","@id":"https:\/\/elfsight.com\/fr\/pdf-embed-widget\/bigcommerce\/","url":"https:\/\/elfsight.com\/fr\/pdf-embed-widget\/bigcommerce\/","name":"PDF Viewer - Int\u00e9grer l'application PDF sur le site Web BigCommerce (2025)","isPartOf":{"@id":"https:\/\/elfsight.com\/fr\/#website"},"datePublished":"1970-01-01T00:00:00+00:00","dateModified":"2025-07-10T08:26:37+00:00","description":"Il est facile de fa\u00e7onner votre application PDF Viewer r\u00e9active et de l'int\u00e9grer sur le site Web BigCommerce. Le support client Elfsight est gratuit et rapide.","breadcrumb":{"@id":"https:\/\/elfsight.com\/fr\/pdf-embed-widget\/bigcommerce\/#breadcrumb"},"inLanguage":"fr-FR","potentialAction":[{"@type":"ReadAction","target":["https:\/\/elfsight.com\/fr\/pdf-embed-widget\/bigcommerce\/"]}]},{"@type":"BreadcrumbList","@id":"https:\/\/elfsight.com\/fr\/pdf-embed-widget\/bigcommerce\/#breadcrumb","itemListElement":[{"@type":"ListItem","position":1,"name":"Home","item":"https:\/\/elfsight.com\/fr\/"},{"@type":"ListItem","position":2,"name":"PDF Embed","item":"https:\/\/elfsight.com\/fr\/pdf-embed-widget\/"},{"@type":"ListItem","position":3,"name":"PDF Embed &#8211; BigCommerce"}]},{"@type":"WebSite","@id":"https:\/\/elfsight.com\/fr\/#website","url":"https:\/\/elfsight.com\/fr\/","name":"Elfsight FR","description":"","potentialAction":[{"@type":"SearchAction","target":{"@type":"EntryPoint","urlTemplate":"https:\/\/elfsight.com\/fr\/?s={search_term_string}"},"query-input":{"@type":"PropertyValueSpecification","valueRequired":true,"valueName":"search_term_string"}}],"inLanguage":"fr-FR"}]}},"meta_box":{"industry":"","seo_heading":"","heading":"","description":"","cta_heading":"","cta_description":"","application":"2373","h1":"Application de visualisation de PDF BigCommerce","h1_caption":"Int\u00e9grez des documents PDF sur votre site Web pour une visualisation et un t\u00e9l\u00e9chargement faciles sans rediriger les visiteurs vers votre site Web BigCommerce sans effort.","application_category":[],"applications_title":"","applications_request_title":"","applications_request_button_text":"","hero_text":"","hero_video":"","hero_video_schema_markup":"","selling_points_title":"","selling_points_caption":"","selling_points":[],"selling_points_cta_text":"","features_title":"","features":"","ed_cta_examples_text":"","ed_cta_examples_hidden":"","ed_cta_demo_text":"","ed_cta_demo_hidden":"","why_caption":"","why_editor_title":"","why_editor_text":"","why_team_title":"","why_team_text":"","why_service_title":"","why_service_text":"","template_catalog_visible":"","template_catalog_title":"","template_catalog_text":"","template_catalog_categories_visible":"","demo_title":"Cr\u00e9ez votre application PDF Embed","demo_caption":"Configurez votre PDF Embed et ajoutez-le \u00e0 votre site Web BigCommerce gratuitement\u00a0!","default_faq_hidden":"","app_template_category":[],"platform":"347","template_public_id":"","codecanyon_url":"","codecanyon_item_id":"","codecanyon_price":"","pricing_caption":"","pricing_elfsight_apps_hide_column":"","pricing_elfsight_apps_url":"","pricing_codecanyon_price_caption":"","integration_category":[],"integration_request_title":"","integration_request_cta":"","integration_platform":"","integrations":[],"platform_category":[],"video_schema_markup":"","price":"\u00e0 partir de 0$ \/ mois","trial":"","benefits":[{"text":"Aide \u00e0 l'installation gratuite"},{"text":"Un soutien exceptionnel"},{"text":"Garantie de remboursement de 14 jours"},{"text":"Mises \u00e0 jour gratuites \u00e0 vie"}],"button_url":"","button_target_blank":"","button_nofollow":"","attributes":[{"name":"Installations","content":"10,000 - 100,000"},{"name":"Sensible","content":"Oui"},{"name":"Navigateurs compatibles","content":"Firefox, Safari, Opera, Chrome, Edge"}],"tags":[],"tags_disable_links":"","hide_more_platforms":"","video_object":"","demo_hide_cta":"","demo_hide_cloud_options":"","pricing_title":"","pricing":[{"pricing_icon":"platform","pricing_title":"Elfsight Apps","pricing_title_caption":"Solution num\u00e9rique ind\u00e9pendante de la plateforme qui fonctionne sur n'importe quel site","pricing_price":"from $0 \/ month","pricing_price_caption":"commencez avec un forfait gratuit","pricing_benefits":[{"text":"Sites Web illimit\u00e9s"},{"text":"Assistance gratuite, ponctuelle et bien document\u00e9e"},{"text":"Service d'installation gratuit"},{"text":"Enti\u00e8rement personnalisable"}],"pricing_button_text":"Ajouter au site Web","pricing_button_url":"#demo"}],"related_apps_title":"","related_apps_hidden":"","author":"","image":[],"title":"","job":"","social_networks":[]},"_links":{"self":[{"href":"https:\/\/elfsight.com\/fr\/wp-json\/wp\/v2\/pages\/9578","targetHints":{"allow":["GET"]}}],"collection":[{"href":"https:\/\/elfsight.com\/fr\/wp-json\/wp\/v2\/pages"}],"about":[{"href":"https:\/\/elfsight.com\/fr\/wp-json\/wp\/v2\/types\/page"}],"author":[{"embeddable":true,"href":"https:\/\/elfsight.com\/fr\/wp-json\/wp\/v2\/users\/9"}],"replies":[{"embeddable":true,"href":"https:\/\/elfsight.com\/fr\/wp-json\/wp\/v2\/comments?post=9578"}],"version-history":[{"count":1,"href":"https:\/\/elfsight.com\/fr\/wp-json\/wp\/v2\/pages\/9578\/revisions"}],"predecessor-version":[{"id":9582,"href":"https:\/\/elfsight.com\/fr\/wp-json\/wp\/v2\/pages\/9578\/revisions\/9582"}],"up":[{"embeddable":true,"href":"https:\/\/elfsight.com\/fr\/wp-json\/wp\/v2\/pages\/2374"}],"wp:attachment":[{"href":"https:\/\/elfsight.com\/fr\/wp-json\/wp\/v2\/media?parent=9578"}],"curies":[{"name":"wp","href":"https:\/\/api.w.org\/{rel}","templated":true}]}}