{"id":9570,"date":"1970-01-01T00:00:00","date_gmt":"1970-01-01T00:00:00","guid":{"rendered":"https:\/\/elfsight.com\/fr\/?page_id=9570"},"modified":"2025-07-10T08:28:08","modified_gmt":"2025-07-10T08:28:08","slug":"iframe","status":"publish","type":"page","link":"https:\/\/elfsight.com\/fr\/pdf-embed-widget\/iframe\/","title":{"rendered":"PDF Embed &#8211; iFrame"},"content":{"rendered":"<div class=\"application-platform-content-item-description application-platform-content-item\" id=\"description\" data-nav-section=\"description\"><h2>Int\u00e9grer le PDF Embed sur iFrame avec le widget Elfsight<\/h2><p>Gr\u00e2ce au widget Elfsight PDF Embed, obtenez le plus simple et le plus rapide insertion de tous documents PDF dans le site Web. Pour votre facilit\u00e9 d&rsquo;utilisation, les fichiers peuvent \u00eatre coll\u00e9s simplement en les t\u00e9l\u00e9chargeant, en saisissant leurs URL ou en choisissant parmi les derniers t\u00e9l\u00e9charg\u00e9s. Les fonctionnalit\u00e9s vous permettent de donner \u00e0 chaque fichier votre propre titre, de t\u00e9l\u00e9charger une ic\u00f4ne et une image, de choisir l&rsquo;option de mise en page des fichiers, etc. Votre audience peut consulter les documents directement sur la page, les ouvrir dans un nouvel onglet et les t\u00e9l\u00e9charger.<\/p><p><b>Augmentez le temps moyen pass\u00e9 par vos visiteurs sur le site\u00a0!<\/b><\/p> [\/ application_platform_content_item]<div class=\"faq\" data-component=\"FAQ\"><div class=\"faq-item\">\r\n\t\t\t\t\t<div class=\"faq-item-question\">\r\n\t\t\t\t\t\t<h3 class=\"faq-item-question-text\">Comment puis-je ajouter un widget PDF au site iFrame ? <\/h3>\r\n\r\n\t\t\t\t\t\t<div class=\"faq-item-question-icon\"><\/div>\r\n\t\t\t\t\t<\/div>\r\n\r\n\t\t\t\t\t<div class=\"faq-item-answer\">\r\n\t\t\t\t\t\t<div class=\"faq-item-answer-text\"><p>La construction de l&rsquo;outil est effectu\u00e9e au sein du site Elfsight et il y a pas besoin d&rsquo;apprendre \u00e0 coder. Appliquez notre d\u00e9mo active pour concevoir votre outil, obtenez le code et int\u00e9grez-le dans votre site. <\/p><\/div>\r\n\t\t\t\t\t<\/div>\r\n\t\t\t\t<\/div><div class=\"faq-item\">\r\n\t\t\t\t\t<div class=\"faq-item-question\">\r\n\t\t\t\t\t\t<h3 class=\"faq-item-question-text\">Les meilleures fa\u00e7ons d'utiliser l'int\u00e9gration de PDF Viewer<\/h3>\r\n\r\n\t\t\t\t\t\t<div class=\"faq-item-question-icon\"><\/div>\r\n\t\t\t\t\t<\/div>\r\n\r\n\t\t\t\t\t<div class=\"faq-item-answer\">\r\n\t\t\t\t\t\t<div class=\"faq-item-answer-text\"><p>Nous offrons de nombreuses possibilit\u00e9s de personnalisation\u00a0: widgets pleine taille \u00e0 int\u00e9grer dans la section de contenu, flottants plugins pour la fonction de d\u00e9filement, mises en page pour le pied de page, la section d&rsquo;en-t\u00eate et toutes les variantes d&rsquo;opportunit\u00e9s verticales pour les barres lat\u00e9rales et les menus. <\/p><\/div>\r\n\t\t\t\t\t<\/div>\r\n\t\t\t\t<\/div><div class=\"faq-item\">\r\n\t\t\t\t\t<div class=\"faq-item-question\">\r\n\t\t\t\t\t\t<h3 class=\"faq-item-question-text\">Comment puis-je cr\u00e9er une visionneuse PDF de biblioth\u00e8que ou de rapports annuels par l'interm\u00e9diaire de votre \u00e9diteur ? <\/h3>\r\n\r\n\t\t\t\t\t\t<div class=\"faq-item-question-icon\"><\/div>\r\n\t\t\t\t\t<\/div>\r\n\r\n\t\t\t\t\t<div class=\"faq-item-answer\">\r\n\t\t\t\t\t\t<div class=\"faq-item-answer-text\"><p>Vous \u00eates libre de cr\u00e9er les modifications de n&rsquo;importe quel widget. Il existe de nombreuses mises en page applicables dans l&rsquo;\u00e9diteur, et elles peuvent toutes \u00eatre rapidement personnalis\u00e9es selon vos besoins. <\/p><\/div>\r\n\t\t\t\t\t<\/div>\r\n\t\t\t\t<\/div><\/div><div class=\"application-platform-content-item-features application-platform-content-item\" id=\"features\" data-nav-section=\"features\"><\/div><h2>Principales fonctionnalit\u00e9s du widget PDF Embed<\/h2><p>Consultez la liste de toutes les fonctions disponibles dans PDF Embed. Ils rendent notre widget incroyablement efficace pour votre promotion\u00a0: <\/p> <ul><li>Int\u00e9grez un nombre illimit\u00e9 de fichiers\u00a0; <\/li> <li>Variante de pr\u00e9sentation de la visionneuse de fichiers pour afficher les fichiers sur le site Web\u00a0; <\/li> <li>La possibilit\u00e9 de t\u00e9l\u00e9charger des images pour les ic\u00f4nes et les aper\u00e7us\u00a0; <\/li> <li>L&rsquo;option permettant d&rsquo;afficher ou de masquer le texte du document t\u00e9l\u00e9charg\u00e9\u00a0; <\/li> <li> L&rsquo;option de peindre six d\u00e9tails d&rsquo;interface\u00a0; <\/li> <\/ul><p><a href=\"#demo\">Vous pouvez voir toutes les fonctionnalit\u00e9s dans la d\u00e9mo en direct<\/a><\/p><\/div><div class=\"application-platform-content-item-installation application-platform-content-item\" id=\"installation\" data-nav-section=\"installation\"><h2>Comment int\u00e9grer la visionneuse PDF au site Web iFrame<\/h2><p>Ces \u00e9tapes simples vous aideront \u00e0 activer le widget. <\/p> <ol><li><b>Concevez votre plugin PDF personnalis\u00e9<\/b><br> \u00c0 l&rsquo;aide de notre \u00e9diteur gratuit, fa\u00e7onnez un plugin avec une mise en page et des fonctions pr\u00e9f\u00e9r\u00e9es.<\/li><li><b> Copiez le code individuel pour ajouter le plugin<\/b><br> Apr\u00e8s avoir configur\u00e9 votre widget, vous obtiendrez votre code d&rsquo;installation dans la fen\u00eatre qui appara\u00eet sur Elfsight Apps. Copiez le code.<\/li> <li><b> Le plugin sur votre site iFrame<\/b><br> Acc\u00e9dez \u00e0 l&rsquo;endroit o\u00f9 vous pr\u00e9voyez d&rsquo;int\u00e9grer le plugin et ins\u00e9rez-y le code copi\u00e9. Enregistrez les modifications.<\/li> <li><b>Termin\u00e9\u00a0! <\/b><br> Visitez votre page, pour voir votre travail.<\/li> <\/ol><p>N&rsquo;h\u00e9sitez pas \u00e0 nous faire savoir si vous avez rencontr\u00e9 des probl\u00e8mes ou si vous rencontrez des probl\u00e8mes.<\/p><\/div>","protected":false},"excerpt":{"rendered":"","protected":false},"author":9,"featured_media":0,"parent":2374,"menu_order":0,"comment_status":"closed","ping_status":"closed","template":"templates\/template-application-platform.php","meta":{"publish_to_discourse":"","publish_post_category":"","wpdc_auto_publish_overridden":"","wpdc_topic_tags":"","wpdc_pin_topic":"","wpdc_pin_until":"","discourse_post_id":"","discourse_permalink":"","wpdc_publishing_response":"","wpdc_publishing_error":"","footnotes":""},"class_list":["post-9570","page","type-page","status-publish","hentry"],"yoast_head":"<!-- This site is optimized with the Yoast SEO plugin v25.3.1 - https:\/\/yoast.com\/wordpress\/plugins\/seo\/ -->\n<title>Plugin iFrame PDF Viewer pour votre site Web (gratuit et rapide)<\/title>\n<meta name=\"description\" content=\"Avec Elfsight, cr\u00e9ez votre visionneuse PDF et int\u00e9grez-la facilement sur le site Web iFrame. Nous avons un service client gratuit et plus de bonus.\" \/>\n<meta name=\"robots\" content=\"index, follow, max-snippet:-1, max-image-preview:large, max-video-preview:-1\" \/>\n<link rel=\"canonical\" href=\"https:\/\/elfsight.com\/fr\/pdf-embed-widget\/iframe\/\" \/>\n<meta property=\"og:locale\" content=\"fr_FR\" \/>\n<meta property=\"og:type\" content=\"article\" \/>\n<meta property=\"og:title\" content=\"Plugin iFrame PDF Viewer pour votre site Web (gratuit et rapide)\" \/>\n<meta property=\"og:description\" content=\"Avec Elfsight, cr\u00e9ez votre visionneuse PDF et int\u00e9grez-la facilement sur le site Web iFrame. Nous avons un service client gratuit et plus de bonus.\" \/>\n<meta property=\"og:url\" content=\"https:\/\/elfsight.com\/fr\/pdf-embed-widget\/iframe\/\" \/>\n<meta property=\"og:site_name\" content=\"Elfsight FR\" \/>\n<meta property=\"article:modified_time\" content=\"2025-07-10T08:28:08+00:00\" \/>\n<meta name=\"twitter:card\" content=\"summary_large_image\" \/>\n<meta name=\"twitter:label1\" content=\"Dur\u00e9e de lecture estim\u00e9e\" \/>\n\t<meta name=\"twitter:data1\" content=\"3 minutes\" \/>\n<!-- \/ Yoast SEO plugin. -->","yoast_head_json":{"title":"Plugin iFrame PDF Viewer pour votre site Web (gratuit et rapide)","description":"Avec Elfsight, cr\u00e9ez votre visionneuse PDF et int\u00e9grez-la facilement sur le site Web iFrame. Nous avons un service client gratuit et plus de bonus.","robots":{"index":"index","follow":"follow","max-snippet":"max-snippet:-1","max-image-preview":"max-image-preview:large","max-video-preview":"max-video-preview:-1"},"canonical":"https:\/\/elfsight.com\/fr\/pdf-embed-widget\/iframe\/","og_locale":"fr_FR","og_type":"article","og_title":"Plugin iFrame PDF Viewer pour votre site Web (gratuit et rapide)","og_description":"Avec Elfsight, cr\u00e9ez votre visionneuse PDF et int\u00e9grez-la facilement sur le site Web iFrame. Nous avons un service client gratuit et plus de bonus.","og_url":"https:\/\/elfsight.com\/fr\/pdf-embed-widget\/iframe\/","og_site_name":"Elfsight FR","article_modified_time":"2025-07-10T08:28:08+00:00","twitter_card":"summary_large_image","twitter_misc":{"Dur\u00e9e de lecture estim\u00e9e":"3 minutes"},"schema":{"@context":"https:\/\/schema.org","@graph":[{"@type":"WebPage","@id":"https:\/\/elfsight.com\/fr\/pdf-embed-widget\/iframe\/","url":"https:\/\/elfsight.com\/fr\/pdf-embed-widget\/iframe\/","name":"Plugin iFrame PDF Viewer pour votre site Web (gratuit et rapide)","isPartOf":{"@id":"https:\/\/elfsight.com\/fr\/#website"},"datePublished":"1970-01-01T00:00:00+00:00","dateModified":"2025-07-10T08:28:08+00:00","description":"Avec Elfsight, cr\u00e9ez votre visionneuse PDF et int\u00e9grez-la facilement sur le site Web iFrame. Nous avons un service client gratuit et plus de bonus.","breadcrumb":{"@id":"https:\/\/elfsight.com\/fr\/pdf-embed-widget\/iframe\/#breadcrumb"},"inLanguage":"fr-FR","potentialAction":[{"@type":"ReadAction","target":["https:\/\/elfsight.com\/fr\/pdf-embed-widget\/iframe\/"]}]},{"@type":"BreadcrumbList","@id":"https:\/\/elfsight.com\/fr\/pdf-embed-widget\/iframe\/#breadcrumb","itemListElement":[{"@type":"ListItem","position":1,"name":"Home","item":"https:\/\/elfsight.com\/fr\/"},{"@type":"ListItem","position":2,"name":"PDF Embed","item":"https:\/\/elfsight.com\/fr\/pdf-embed-widget\/"},{"@type":"ListItem","position":3,"name":"PDF Embed &#8211; iFrame"}]},{"@type":"WebSite","@id":"https:\/\/elfsight.com\/fr\/#website","url":"https:\/\/elfsight.com\/fr\/","name":"Elfsight FR","description":"","potentialAction":[{"@type":"SearchAction","target":{"@type":"EntryPoint","urlTemplate":"https:\/\/elfsight.com\/fr\/?s={search_term_string}"},"query-input":{"@type":"PropertyValueSpecification","valueRequired":true,"valueName":"search_term_string"}}],"inLanguage":"fr-FR"}]}},"meta_box":{"industry":"","seo_heading":"","heading":"","description":"","cta_heading":"","cta_description":"","application":"2373","h1":"Plugin iFrame PDF Viewer","h1_caption":"Int\u00e9grez des documents PDF sur votre site Web pour une visualisation et un t\u00e9l\u00e9chargement faciles sans rediriger les visiteurs vers votre site Web iFrame sans effort.","application_category":[],"applications_title":"","applications_request_title":"","applications_request_button_text":"","hero_text":"","hero_video":"","hero_video_schema_markup":"","selling_points_title":"","selling_points_caption":"","selling_points":[],"selling_points_cta_text":"","features_title":"","features":"","ed_cta_examples_text":"","ed_cta_examples_hidden":"","ed_cta_demo_text":"","ed_cta_demo_hidden":"","why_caption":"","why_editor_title":"","why_editor_text":"","why_team_title":"","why_team_text":"","why_service_title":"","why_service_text":"","template_catalog_visible":"","template_catalog_title":"","template_catalog_text":"","template_catalog_categories_visible":"","demo_title":"Cr\u00e9ez votre widget d'int\u00e9gration PDF","demo_caption":"Configurez votre PDF Embed et ajoutez-le gratuitement \u00e0 votre site Web iFrame\u00a0!","default_faq_hidden":"","app_template_category":[],"platform":"371","template_public_id":"","codecanyon_url":"","codecanyon_item_id":"","codecanyon_price":"","pricing_caption":"","pricing_elfsight_apps_hide_column":"","pricing_elfsight_apps_url":"","pricing_codecanyon_price_caption":"","integration_category":[],"integration_request_title":"","integration_request_cta":"","integration_platform":"","integrations":[],"platform_category":[],"video_schema_markup":"","price":"\u00e0 partir de 0$ \/ mois","trial":"","benefits":[{"text":"Service d'installation gratuit"},{"text":"Service client comp\u00e9tent"},{"text":"Garantie de remboursement de 14 jours"},{"text":"Am\u00e9liorations r\u00e9guli\u00e8res"}],"button_url":"","button_target_blank":"","button_nofollow":"","attributes":[{"name":"Installations","content":"10,000 - 100,000"},{"name":"Sensible","content":"Oui"},{"name":"Navigateurs compatibles","content":"Edge, Opera, Safari, Chrome, Firefox"}],"tags":[],"tags_disable_links":"","hide_more_platforms":"","video_object":"","demo_hide_cta":"","demo_hide_cloud_options":"","pricing_title":"","pricing":[{"pricing_icon":"platform","pricing_title":"Elfsight Apps","pricing_title_caption":"Version ind\u00e9pendante de la plateforme","pricing_price":"from $0 \/ month","pricing_price_caption":"commencez avec un forfait gratuit","pricing_benefits":[{"text":"Domaines illimit\u00e9s"},{"text":"Support client professionnel"},{"text":"Assistance \u00e0 l'installation gratuite"},{"text":"Tr\u00e8s bonne affaire pour plusieurs applications"}],"pricing_button_text":"Ajouter au site Web","pricing_button_url":"#demo"}],"related_apps_title":"","related_apps_hidden":"","author":"","image":[],"title":"","job":"","social_networks":[]},"_links":{"self":[{"href":"https:\/\/elfsight.com\/fr\/wp-json\/wp\/v2\/pages\/9570","targetHints":{"allow":["GET"]}}],"collection":[{"href":"https:\/\/elfsight.com\/fr\/wp-json\/wp\/v2\/pages"}],"about":[{"href":"https:\/\/elfsight.com\/fr\/wp-json\/wp\/v2\/types\/page"}],"author":[{"embeddable":true,"href":"https:\/\/elfsight.com\/fr\/wp-json\/wp\/v2\/users\/9"}],"replies":[{"embeddable":true,"href":"https:\/\/elfsight.com\/fr\/wp-json\/wp\/v2\/comments?post=9570"}],"version-history":[{"count":1,"href":"https:\/\/elfsight.com\/fr\/wp-json\/wp\/v2\/pages\/9570\/revisions"}],"predecessor-version":[{"id":9574,"href":"https:\/\/elfsight.com\/fr\/wp-json\/wp\/v2\/pages\/9570\/revisions\/9574"}],"up":[{"embeddable":true,"href":"https:\/\/elfsight.com\/fr\/wp-json\/wp\/v2\/pages\/2374"}],"wp:attachment":[{"href":"https:\/\/elfsight.com\/fr\/wp-json\/wp\/v2\/media?parent=9570"}],"curies":[{"name":"wp","href":"https:\/\/api.w.org\/{rel}","templated":true}]}}