{"id":9565,"date":"1970-01-01T00:00:00","date_gmt":"1970-01-01T00:00:00","guid":{"rendered":"https:\/\/elfsight.com\/fr\/?page_id=9565"},"modified":"2025-07-10T08:27:09","modified_gmt":"2025-07-10T08:27:09","slug":"facebook","status":"publish","type":"page","link":"https:\/\/elfsight.com\/fr\/pdf-embed-widget\/facebook\/","title":{"rendered":"PDF Embed &#8211; Facebook Page"},"content":{"rendered":"<div class=\"application-platform-content-item-description application-platform-content-item\" id=\"description\" data-nav-section=\"description\"><h2>Description<\/h2><p>Avec le widget Elfsight, profitez de l&rsquo;int\u00e9gration la plus simple et la plus rapide de tous les documents PDF dans votre page. Pour votre commodit\u00e9, les fichiers peuvent \u00eatre int\u00e9gr\u00e9s en les t\u00e9l\u00e9chargeant simplement, en entrant leurs URL ou en les s\u00e9lectionnant dans la liste des fichiers r\u00e9cemment t\u00e9l\u00e9charg\u00e9s. Vous \u00eates libre de donner un titre \u00e0 chaque document, de t\u00e9l\u00e9charger une ic\u00f4ne ou une image, de s\u00e9lectionner une option de mise en page et d&rsquo;autres options. Vos visiteurs peuvent consulter les fichiers directement sur votre Facebook, les ouvrir dans un nouvel onglet de navigateur et les t\u00e9l\u00e9charger. <\/p><p><b>Prenez une seconde pour t\u00e9l\u00e9charger n&rsquo;importe quel fichier PDF sur votre page Facebook Business\u00a0!<\/b><\/p><div class=\"faq\" data-component=\"FAQ\"><div class=\"faq-item\">\r\n\t\t\t\t\t<div class=\"faq-item-question\">\r\n\t\t\t\t\t\t<h3 class=\"faq-item-question-text\"> Comment int\u00e9grer un widget PDF au site Web de la page Facebook ? <\/h3>\r\n\r\n\t\t\t\t\t\t<div class=\"faq-item-question-icon\"><\/div>\r\n\t\t\t\t\t<\/div>\r\n\r\n\t\t\t\t\t<div class=\"faq-item-answer\">\r\n\t\t\t\t\t\t<div class=\"faq-item-answer-text\"><p>La cr\u00e9ation du widget est effectu\u00e9e sur le site Web Elfsight et vous n&rsquo;avez pas besoin d&rsquo;apprendre le codage. Utilisez la d\u00e9mo en direct pour cr\u00e9er votre propre application, obtenez le code et ins\u00e9rez-le dans votre site Web. <\/p><\/div>\r\n\t\t\t\t\t<\/div>\r\n\t\t\t\t<\/div><div class=\"faq-item\">\r\n\t\t\t\t\t<div class=\"faq-item-question\">\r\n\t\t\t\t\t\t<h3 class=\"faq-item-question-text\">Les meilleurs exemples d'utilisation de l'int\u00e9gration PDF<\/h3>\r\n\r\n\t\t\t\t\t\t<div class=\"faq-item-question-icon\"><\/div>\r\n\t\t\t\t\t<\/div>\r\n\r\n\t\t\t\t\t<div class=\"faq-item-answer\">\r\n\t\t\t\t\t\t<div class=\"faq-item-answer-text\"><p>Nous avons des tonnes de possibilit\u00e9s d&rsquo;ajustement\u00a0: widgets \u00e0 grande \u00e9chelle \u00e0 int\u00e9grer dans la zone de contenu, widgets flottants avec des opportunit\u00e9s de d\u00e9filement, des dispositions pour le pied de page, l&rsquo;en-t\u00eate et toutes sortes d&rsquo;opportunit\u00e9s verticales pour les barres lat\u00e9rales et les menus du site Web. <\/p><\/div>\r\n\t\t\t\t\t<\/div>\r\n\t\t\t\t<\/div><div class=\"faq-item\">\r\n\t\t\t\t\t<div class=\"faq-item-question\">\r\n\t\t\t\t\t\t<h3 class=\"faq-item-question-text\">Puis-je cr\u00e9er un fichier ou un menu PDF par l'interm\u00e9diaire de l'\u00e9diteur ? <\/h3>\r\n\r\n\t\t\t\t\t\t<div class=\"faq-item-question-icon\"><\/div>\r\n\t\t\t\t\t<\/div>\r\n\r\n\t\t\t\t\t<div class=\"faq-item-answer\">\r\n\t\t\t\t\t\t<div class=\"faq-item-answer-text\"><p>Vous pouvez effectuer les modifications de n&rsquo;importe quel widget. Il existe de nombreuses mises en page applicables dans l&rsquo;\u00e9diteur, et toutes peuvent \u00eatre facilement personnalis\u00e9es selon vos besoins. <\/p><\/div>\r\n\t\t\t\t\t<\/div>\r\n\t\t\t\t<\/div><\/div><\/div><div class=\"application-platform-content-item-features application-platform-content-item\" id=\"features\" data-nav-section=\"features\"><h2>Fonctionnalit\u00e9s<\/h2><p>Les fonctionnalit\u00e9s du widget sont multiples &#8211; consultez la liste ci-dessous. Ils sont disponibles directement dans l&rsquo;\u00e9diteur et vous aideront \u00e0 fa\u00e7onner le widget le plus adapt\u00e9 \u00e0 votre cas d&rsquo;utilisation.<\/p><ul><li>Ajoutez un nombre illimit\u00e9 de documents\u00a0; <\/li><li>Option de mise en page de la visionneuse de fichiers pour lire les documents sur la page\u00a0; <\/li><li>T\u00e9l\u00e9charger des images pour les ic\u00f4nes et les aper\u00e7us des fichiers\u00a0; <\/li><li>Afficher ou masquer l&rsquo;\u00e9tiquette du document de t\u00e9l\u00e9chargement\u00a0; <\/li><li>6 d\u00e9tails \u00e0 peindre de l&rsquo;interface\u00a0; <\/li><\/ul><p><a href=\"#demo\">D\u00e9couvrez comment fonctionnent toutes les fonctionnalit\u00e9s, dans notre d\u00e9mo<\/a><\/p><\/div><div class=\"application-platform-content-item-installation application-platform-content-item\" id=\"installation\" data-nav-section=\"installation\"> <h2>Comment ajouter un PDF \u00e0 votre page Facebook Business<\/h2><p>Pour activer le widget, suivez les \u00e9tapes suivantes<\/p> <ul><li><b>Cr\u00e9ez votre propre widget PDF<\/b><br>\u00c0 l&rsquo;aide de notre configurateur gratuit, g\u00e9n\u00e9rez un plugin avec un design pr\u00e9f\u00e9rable et ajoutez des fichiers.<\/li><li><b>Recevez un code individuel pour afficher le widget<\/b><br>Apr\u00e8s avoir d\u00e9fini votre plugin, vous obtiendrez votre code personnel \u00e0 partir de la fen\u00eatre apparue sur Elfsight Apps. Copiez-le. <\/li><li><b>Int\u00e9grez le widget PDF sur la page Facebook<\/b><br> Cr\u00e9ez votre onglet Facebook personnalis\u00e9. Ins\u00e9rez le code que vous avez re\u00e7u sur les applications elfsight dans l&rsquo;onglet. Si vous rencontrez des probl\u00e8mes, consultez simplement notre guide sur <a href=\"https:\/\/elfsight.com\/blog\/how-to-add-custom-tab-to-facebook-page\/\" target=\"_blank\" rel=\"noopener noreferrer\">cr\u00e9ation d&rsquo;un onglet Facebook personnalis\u00e9<\/a><\/li><li><b>L&rsquo;installation est termin\u00e9e<\/b><br>Visitez votre page pour voir votre onglet.<\/li><\/ul> <p>N&rsquo;h\u00e9sitez pas \u00e0 contacter notre service d&rsquo;assistance si vous avez besoin d&rsquo;aide ou si vous rencontrez des probl\u00e8mes. Nous vous donnerons un coup de main pour chaque demande. <\/p><\/div>","protected":false},"excerpt":{"rendered":"","protected":false},"author":9,"featured_media":0,"parent":2374,"menu_order":0,"comment_status":"closed","ping_status":"closed","template":"templates\/template-application-platform.php","meta":{"publish_to_discourse":"","publish_post_category":"","wpdc_auto_publish_overridden":"","wpdc_topic_tags":"","wpdc_pin_topic":"","wpdc_pin_until":"","discourse_post_id":"","discourse_permalink":"","wpdc_publishing_response":"","wpdc_publishing_error":"","footnotes":""},"class_list":["post-9565","page","type-page","status-publish","hentry"],"yoast_head":"<!-- This site is optimized with the Yoast SEO plugin v25.3.1 - https:\/\/yoast.com\/wordpress\/plugins\/seo\/ -->\n<title>Comment ajouter un PDF \u00e0 une page Facebook - PDF Viewer &amp; Uploader (2025)<\/title>\n<meta name=\"description\" content=\"Avec Elfsight, cr\u00e9ez votre visionneuse et t\u00e9l\u00e9chargeur PDF et ajoutez-le rapidement \u00e0 la page Facebook Business. Nous offrons un service client gratuit et plus de bonus.\" \/>\n<meta name=\"robots\" content=\"index, follow, max-snippet:-1, max-image-preview:large, max-video-preview:-1\" \/>\n<link rel=\"canonical\" href=\"https:\/\/elfsight.com\/fr\/pdf-embed-widget\/facebook\/\" \/>\n<meta property=\"og:locale\" content=\"fr_FR\" \/>\n<meta property=\"og:type\" content=\"article\" \/>\n<meta property=\"og:title\" content=\"Comment ajouter un PDF \u00e0 une page Facebook - PDF Viewer &amp; Uploader (2025)\" \/>\n<meta property=\"og:description\" content=\"Avec Elfsight, cr\u00e9ez votre visionneuse et t\u00e9l\u00e9chargeur PDF et ajoutez-le rapidement \u00e0 la page Facebook Business. Nous offrons un service client gratuit et plus de bonus.\" \/>\n<meta property=\"og:url\" content=\"https:\/\/elfsight.com\/fr\/pdf-embed-widget\/facebook\/\" \/>\n<meta property=\"og:site_name\" content=\"Elfsight FR\" \/>\n<meta property=\"article:modified_time\" content=\"2025-07-10T08:27:09+00:00\" \/>\n<meta name=\"twitter:card\" content=\"summary_large_image\" \/>\n<meta name=\"twitter:label1\" content=\"Dur\u00e9e de lecture estim\u00e9e\" \/>\n\t<meta name=\"twitter:data1\" content=\"3 minutes\" \/>\n<!-- \/ Yoast SEO plugin. -->","yoast_head_json":{"title":"Comment ajouter un PDF \u00e0 une page Facebook - PDF Viewer & Uploader (2025)","description":"Avec Elfsight, cr\u00e9ez votre visionneuse et t\u00e9l\u00e9chargeur PDF et ajoutez-le rapidement \u00e0 la page Facebook Business. Nous offrons un service client gratuit et plus de bonus.","robots":{"index":"index","follow":"follow","max-snippet":"max-snippet:-1","max-image-preview":"max-image-preview:large","max-video-preview":"max-video-preview:-1"},"canonical":"https:\/\/elfsight.com\/fr\/pdf-embed-widget\/facebook\/","og_locale":"fr_FR","og_type":"article","og_title":"Comment ajouter un PDF \u00e0 une page Facebook - PDF Viewer & Uploader (2025)","og_description":"Avec Elfsight, cr\u00e9ez votre visionneuse et t\u00e9l\u00e9chargeur PDF et ajoutez-le rapidement \u00e0 la page Facebook Business. Nous offrons un service client gratuit et plus de bonus.","og_url":"https:\/\/elfsight.com\/fr\/pdf-embed-widget\/facebook\/","og_site_name":"Elfsight FR","article_modified_time":"2025-07-10T08:27:09+00:00","twitter_card":"summary_large_image","twitter_misc":{"Dur\u00e9e de lecture estim\u00e9e":"3 minutes"},"schema":{"@context":"https:\/\/schema.org","@graph":[{"@type":"WebPage","@id":"https:\/\/elfsight.com\/fr\/pdf-embed-widget\/facebook\/","url":"https:\/\/elfsight.com\/fr\/pdf-embed-widget\/facebook\/","name":"Comment ajouter un PDF \u00e0 une page Facebook - PDF Viewer & Uploader (2025)","isPartOf":{"@id":"https:\/\/elfsight.com\/fr\/#website"},"datePublished":"1970-01-01T00:00:00+00:00","dateModified":"2025-07-10T08:27:09+00:00","description":"Avec Elfsight, cr\u00e9ez votre visionneuse et t\u00e9l\u00e9chargeur PDF et ajoutez-le rapidement \u00e0 la page Facebook Business. Nous offrons un service client gratuit et plus de bonus.","breadcrumb":{"@id":"https:\/\/elfsight.com\/fr\/pdf-embed-widget\/facebook\/#breadcrumb"},"inLanguage":"fr-FR","potentialAction":[{"@type":"ReadAction","target":["https:\/\/elfsight.com\/fr\/pdf-embed-widget\/facebook\/"]}]},{"@type":"BreadcrumbList","@id":"https:\/\/elfsight.com\/fr\/pdf-embed-widget\/facebook\/#breadcrumb","itemListElement":[{"@type":"ListItem","position":1,"name":"Home","item":"https:\/\/elfsight.com\/fr\/"},{"@type":"ListItem","position":2,"name":"PDF Embed","item":"https:\/\/elfsight.com\/fr\/pdf-embed-widget\/"},{"@type":"ListItem","position":3,"name":"PDF Embed &#8211; Facebook Page"}]},{"@type":"WebSite","@id":"https:\/\/elfsight.com\/fr\/#website","url":"https:\/\/elfsight.com\/fr\/","name":"Elfsight FR","description":"","potentialAction":[{"@type":"SearchAction","target":{"@type":"EntryPoint","urlTemplate":"https:\/\/elfsight.com\/fr\/?s={search_term_string}"},"query-input":{"@type":"PropertyValueSpecification","valueRequired":true,"valueName":"search_term_string"}}],"inLanguage":"fr-FR"}]}},"meta_box":{"industry":"","seo_heading":"","heading":"","description":"","cta_heading":"","cta_description":"","application":"2373","h1":"Comment ajouter un PDF \u00e0 une page Facebook","h1_caption":"Int\u00e9grez des documents PDF sur votre site Web pour une visualisation et un t\u00e9l\u00e9chargement faciles sans rediriger les visiteurs vers votre site Web de page Facebook sans effort.","application_category":[],"applications_title":"","applications_request_title":"","applications_request_button_text":"","hero_text":"","hero_video":"","hero_video_schema_markup":"","selling_points_title":"","selling_points_caption":"","selling_points":[],"selling_points_cta_text":"","features_title":"","features":"","ed_cta_examples_text":"","ed_cta_examples_hidden":"","ed_cta_demo_text":"","ed_cta_demo_hidden":"","why_caption":"","why_editor_title":"","why_editor_text":"","why_team_title":"","why_team_text":"","why_service_title":"","why_service_text":"","template_catalog_visible":"","template_catalog_title":"","template_catalog_text":"","template_catalog_categories_visible":"","demo_title":"Cr\u00e9ez votre widget d'int\u00e9gration PDF","demo_caption":"Configurez votre PDF Embed et ajoutez-le gratuitement \u00e0 votre page Facebook\u00a0!","default_faq_hidden":"","app_template_category":[],"platform":"394","template_public_id":"","codecanyon_url":"","codecanyon_item_id":"","codecanyon_price":"","pricing_caption":"","pricing_elfsight_apps_hide_column":"","pricing_elfsight_apps_url":"","pricing_codecanyon_price_caption":"","integration_category":[],"integration_request_title":"","integration_request_cta":"","integration_platform":"","integrations":[],"platform_category":[],"video_schema_markup":"","price":"\u00e0 partir de 0$ \/ mois","trial":"","benefits":[{"text":"Service d'installation gratuit"},{"text":"Support client exp\u00e9riment\u00e9"},{"text":"Garantie de remboursement de 14 jours"},{"text":"D\u00e9veloppement continu"}],"button_url":"","button_target_blank":"","button_nofollow":"","attributes":[{"name":"Installations","content":"10,000 - 100,000"},{"name":"Sensible","content":"Oui"},{"name":"Navigateurs compatibles","content":"Opera, Chrome, Safari, Edge, Firefox"}],"tags":[],"tags_disable_links":"","hide_more_platforms":"","video_object":"","demo_hide_cta":"","demo_hide_cloud_options":"","pricing_title":"","pricing":[{"pricing_icon":"platform","pricing_title":"Elfsight Apps","pricing_title_caption":"Version multiplateforme qui fonctionne sur n'importe quel site Web","pricing_price":"from $0 \/ month","pricing_price_caption":"commencez avec un forfait gratuit","pricing_benefits":[{"text":"Domaines illimit\u00e9s"},{"text":"Assistance professionnelle et ponctuelle"},{"text":"Assistance \u00e0 l'installation gratuite"},{"text":"Conception flexible"}],"pricing_button_text":"Ajouter au site Web","pricing_button_url":"#demo"}],"related_apps_title":"","related_apps_hidden":"","author":"","image":[],"title":"","job":"","social_networks":[]},"_links":{"self":[{"href":"https:\/\/elfsight.com\/fr\/wp-json\/wp\/v2\/pages\/9565","targetHints":{"allow":["GET"]}}],"collection":[{"href":"https:\/\/elfsight.com\/fr\/wp-json\/wp\/v2\/pages"}],"about":[{"href":"https:\/\/elfsight.com\/fr\/wp-json\/wp\/v2\/types\/page"}],"author":[{"embeddable":true,"href":"https:\/\/elfsight.com\/fr\/wp-json\/wp\/v2\/users\/9"}],"replies":[{"embeddable":true,"href":"https:\/\/elfsight.com\/fr\/wp-json\/wp\/v2\/comments?post=9565"}],"version-history":[{"count":1,"href":"https:\/\/elfsight.com\/fr\/wp-json\/wp\/v2\/pages\/9565\/revisions"}],"predecessor-version":[{"id":9569,"href":"https:\/\/elfsight.com\/fr\/wp-json\/wp\/v2\/pages\/9565\/revisions\/9569"}],"up":[{"embeddable":true,"href":"https:\/\/elfsight.com\/fr\/wp-json\/wp\/v2\/pages\/2374"}],"wp:attachment":[{"href":"https:\/\/elfsight.com\/fr\/wp-json\/wp\/v2\/media?parent=9565"}],"curies":[{"name":"wp","href":"https:\/\/api.w.org\/{rel}","templated":true}]}}