{"id":9562,"date":"1970-01-01T00:00:00","date_gmt":"1970-01-01T00:00:00","guid":{"rendered":"https:\/\/elfsight.com\/fr\/?page_id=9562"},"modified":"2025-07-10T08:27:24","modified_gmt":"2025-07-10T08:27:24","slug":"google-sites","status":"publish","type":"page","link":"https:\/\/elfsight.com\/fr\/pdf-embed-widget\/google-sites\/","title":{"rendered":"PDF Embed &#8211; Google Sites"},"content":{"rendered":"<div class=\"application-platform-content-item-description application-platform-content-item\" id=\"description\" data-nav-section=\"description\"><h2>Int\u00e9grer des PDF Embed sur Google Sites avec le widget Elfsight<\/h2> <p>Avec l&rsquo;aide d&rsquo;Elfsight PDF Embed pour Google Sites, profitez l&rsquo;int\u00e9gration la plus simple de vos fichiers PDF dans le site Web. Pour votre commodit\u00e9, les documents peuvent \u00eatre int\u00e9gr\u00e9s par simple t\u00e9l\u00e9chargement, par URL ou en s\u00e9lectionnant parmi le dernier t\u00e9l\u00e9charg\u00e9. Vous \u00eates libre de donner \u00e0 chaque fichier votre propre nom, de t\u00e9l\u00e9charger une ic\u00f4ne ou une image personnalis\u00e9e, de choisir une variante de pr\u00e9sentation des fichiers, etc. Le public du site Web peut consulter les documents directement sur votre site Web, les ouvrir dans un nouvel onglet et les t\u00e9l\u00e9charger. <\/p> <p><b>Avec PDF Embed, constatez une croissance solide de votre entreprise et de meilleures ventes <\/b><\/p> <\/div> <div class=\"application-platform-content-item-features application-platform-content-item\" id=\"features\" data-nav-section=\"features\"> <h2>Ce ne sont l\u00e0 que quelques-uns des fonctionnalit\u00e9s de widget riches\u00a0: <\/h2> <ul><li>Int\u00e9grez un nombre illimit\u00e9 de documents\u00a0; <\/li> <li>Variante de pr\u00e9sentation de la visionneuse de fichiers pour visualiser les documents sur le site\u00a0; <\/li> <li>T\u00e9l\u00e9chargez des images pour les ic\u00f4nes et les aper\u00e7us\u00a0; <\/li> <li>Affichage ou suppression du texte du fichier de t\u00e9l\u00e9chargement\u00a0; <\/li> <li> Choisissez des couleurs personnalis\u00e9es pour six d\u00e9tails d&rsquo;interface\u00a0; <\/li> <\/ul><p><a href=\"#demo\">Vous pouvez tester les offres du widget en essayant la d\u00e9mo<\/a><\/p> <\/div> <div class=\"application-platform-content-item-installation application-platform-content-item\" id=\"installation\" data-nav-section=\"installation\"> <h2>Comment puis-je ajouter PDF Embed \u00e0 mon site Google Sites\u00a0? <\/h2> <p>Suivez simplement les \u00e9tapes pr\u00e9sent\u00e9es ci-dessous pour commencer \u00e0 travailler avec le widget. <\/p> <ol><li><b>R\u00e9alisez notre d\u00e9mo gratuite et commencez \u00e0 cr\u00e9er votre widget sur mesure. <\/b><br> D\u00e9terminez l&rsquo;apparence et les aspects s\u00e9lectionn\u00e9s du plugin et enregistrez les modifications. <\/li> <li><b>Copiez votre code individuel r\u00e9v\u00e9l\u00e9 dans la fen\u00eatre sur Elfsight Apps. <\/b><br> Juste apr\u00e8s la personnalisation de votre widget personnel, copiez le code exclusif dans la bo\u00eete qui appara\u00eet et enregistrez-le pour vos besoins futurs. <\/li> <li><b>Entrez sur l&rsquo;utilisation du plugin sur le site Web de Google Sites. <\/b><br> Int\u00e9grez le code que vous avez copi\u00e9 r\u00e9cemment dans votre page d&rsquo;accueil et enregistrez les ajustements. <\/li> <li><b>Vous avez termin\u00e9\u00a0! La configuration est termin\u00e9e avec succ\u00e8s. <\/b><br> Visitez votre site pour voir comment fonctionne le widget. <\/li><\/ol> <div class=\"tip-yellow tip\"><b>En raison des particularit\u00e9s du fonctionnement de Google Sites, le widget peut \u00eatre diff\u00e9rent de la d\u00e9mo en ligne. Nous nous excusons pour tout inconv\u00e9nient caus\u00e9.<\/b><\/div><p>Si vous rencontrez des difficult\u00e9s, n&rsquo;h\u00e9sitez pas \u00e0 contacter notre service client. Nos sp\u00e9cialistes sont impatients de vous aider avec toutes les questions que vous pourriez avoir avec le plugin. <\/p> <div class=\"faq\" data-component=\"FAQ\"><div class=\"faq-item\">\r\n\t\t\t\t\t<div class=\"faq-item-question\">\r\n\t\t\t\t\t\t<h3 class=\"faq-item-question-text\">De quelle mani\u00e8re est-il possible d'int\u00e9grer Number Counter \u00e0 mes sites Google sans exp\u00e9rience en codage ?<\/h3>\r\n\r\n\t\t\t\t\t\t<div class=\"faq-item-question-icon\"><\/div>\r\n\t\t\t\t\t<\/div>\r\n\r\n\t\t\t\t\t<div class=\"faq-item-answer\">\r\n\t\t\t\t\t\t<div class=\"faq-item-answer-text\"> <p>Elfsight propose une solution SaaS qui permet aux utilisateurs de cr\u00e9er eux-m\u00eames une application Number Counter. , consultez les instructions simples\u00a0: Acc\u00e9dez \u00e0 l&rsquo;\u00e9diteur en ligne pour cr\u00e9er une section Compteur de num\u00e9ros que vous souhaitez ajouter \u00e0 votre page Web Google Sites. S\u00e9lectionnez l&rsquo;un des nombreux mod\u00e8les pr\u00e9d\u00e9finis et modifiez les param\u00e8tres du compteur de nombres, ajoutez votre contenu, modifiez la disposition et la couleur des \u00e9l\u00e9ments sans aucune comp\u00e9tence en codage. Cliquez pour enregistrer les param\u00e8tres que vous avez d\u00e9finis sur Number Counter et copiez le code du widget pour l&rsquo;installation, qui peut \u00eatre facilement inclus dans le site Google Sites dans le cadre d&rsquo;un forfait gratuit. Gr\u00e2ce \u00e0 notre \u00e9diteur convivial, tout internaute peut cr\u00e9er un widget Compteur de num\u00e9ros et l&rsquo;ajouter sans effort \u00e0 sa page d&rsquo;accueil Google Sites. Vous ne devez pas souscrire \u00e0 un abonnement payant ni soumettre les informations d&rsquo;identification de votre carte pour acc\u00e9der au service Elfsight. Si vous rencontrez des probl\u00e8mes \u00e0 n&rsquo;importe quelle \u00e9tape, n&rsquo;h\u00e9sitez pas \u00e0 parler \u00e0 notre \u00e9quipe d&rsquo;assistance technique.<\/p> <\/div>\r\n\t\t\t\t\t<\/div>\r\n\t\t\t\t<\/div> <\/div><\/div>","protected":false},"excerpt":{"rendered":"","protected":false},"author":9,"featured_media":0,"parent":2374,"menu_order":0,"comment_status":"closed","ping_status":"closed","template":"templates\/template-application-platform.php","meta":{"publish_to_discourse":"","publish_post_category":"","wpdc_auto_publish_overridden":"","wpdc_topic_tags":"","wpdc_pin_topic":"","wpdc_pin_until":"","discourse_post_id":"","discourse_permalink":"","wpdc_publishing_response":"","wpdc_publishing_error":"","footnotes":""},"class_list":["post-9562","page","type-page","status-publish","hentry"],"yoast_head":"<!-- This site is optimized with the Yoast SEO plugin v25.3.1 - https:\/\/yoast.com\/wordpress\/plugins\/seo\/ -->\n<title>PDF Embed - Ajouter un widget PDF Embed \u00e0 Google Sites (2025)<\/title>\n<meta name=\"description\" content=\"Int\u00e9grez une application PDF Embed r\u00e9active sur votre site Web Google Sites et obtenez une confiance totale. Utilisez la d\u00e9mo utile d&#039;Elfsight pour cr\u00e9er votre outil unique.\" \/>\n<meta name=\"robots\" content=\"index, follow, max-snippet:-1, max-image-preview:large, max-video-preview:-1\" \/>\n<link rel=\"canonical\" href=\"https:\/\/elfsight.com\/fr\/pdf-embed-widget\/google-sites\/\" \/>\n<meta property=\"og:locale\" content=\"fr_FR\" \/>\n<meta property=\"og:type\" content=\"article\" \/>\n<meta property=\"og:title\" content=\"PDF Embed - Ajouter un widget PDF Embed \u00e0 Google Sites (2025)\" \/>\n<meta property=\"og:description\" content=\"Int\u00e9grez une application PDF Embed r\u00e9active sur votre site Web Google Sites et obtenez une confiance totale. Utilisez la d\u00e9mo utile d&#039;Elfsight pour cr\u00e9er votre outil unique.\" \/>\n<meta property=\"og:url\" content=\"https:\/\/elfsight.com\/fr\/pdf-embed-widget\/google-sites\/\" \/>\n<meta property=\"og:site_name\" content=\"Elfsight FR\" \/>\n<meta property=\"article:modified_time\" content=\"2025-07-10T08:27:24+00:00\" \/>\n<meta name=\"twitter:card\" content=\"summary_large_image\" \/>\n<meta name=\"twitter:label1\" content=\"Dur\u00e9e de lecture estim\u00e9e\" \/>\n\t<meta name=\"twitter:data1\" content=\"3 minutes\" \/>\n<!-- \/ Yoast SEO plugin. -->","yoast_head_json":{"title":"PDF Embed - Ajouter un widget PDF Embed \u00e0 Google Sites (2025)","description":"Int\u00e9grez une application PDF Embed r\u00e9active sur votre site Web Google Sites et obtenez une confiance totale. Utilisez la d\u00e9mo utile d'Elfsight pour cr\u00e9er votre outil unique.","robots":{"index":"index","follow":"follow","max-snippet":"max-snippet:-1","max-image-preview":"max-image-preview:large","max-video-preview":"max-video-preview:-1"},"canonical":"https:\/\/elfsight.com\/fr\/pdf-embed-widget\/google-sites\/","og_locale":"fr_FR","og_type":"article","og_title":"PDF Embed - Ajouter un widget PDF Embed \u00e0 Google Sites (2025)","og_description":"Int\u00e9grez une application PDF Embed r\u00e9active sur votre site Web Google Sites et obtenez une confiance totale. Utilisez la d\u00e9mo utile d'Elfsight pour cr\u00e9er votre outil unique.","og_url":"https:\/\/elfsight.com\/fr\/pdf-embed-widget\/google-sites\/","og_site_name":"Elfsight FR","article_modified_time":"2025-07-10T08:27:24+00:00","twitter_card":"summary_large_image","twitter_misc":{"Dur\u00e9e de lecture estim\u00e9e":"3 minutes"},"schema":{"@context":"https:\/\/schema.org","@graph":[{"@type":"WebPage","@id":"https:\/\/elfsight.com\/fr\/pdf-embed-widget\/google-sites\/","url":"https:\/\/elfsight.com\/fr\/pdf-embed-widget\/google-sites\/","name":"PDF Embed - Ajouter un widget PDF Embed \u00e0 Google Sites (2025)","isPartOf":{"@id":"https:\/\/elfsight.com\/fr\/#website"},"datePublished":"1970-01-01T00:00:00+00:00","dateModified":"2025-07-10T08:27:24+00:00","description":"Int\u00e9grez une application PDF Embed r\u00e9active sur votre site Web Google Sites et obtenez une confiance totale. Utilisez la d\u00e9mo utile d'Elfsight pour cr\u00e9er votre outil unique.","breadcrumb":{"@id":"https:\/\/elfsight.com\/fr\/pdf-embed-widget\/google-sites\/#breadcrumb"},"inLanguage":"fr-FR","potentialAction":[{"@type":"ReadAction","target":["https:\/\/elfsight.com\/fr\/pdf-embed-widget\/google-sites\/"]}]},{"@type":"BreadcrumbList","@id":"https:\/\/elfsight.com\/fr\/pdf-embed-widget\/google-sites\/#breadcrumb","itemListElement":[{"@type":"ListItem","position":1,"name":"Home","item":"https:\/\/elfsight.com\/fr\/"},{"@type":"ListItem","position":2,"name":"PDF Embed","item":"https:\/\/elfsight.com\/fr\/pdf-embed-widget\/"},{"@type":"ListItem","position":3,"name":"PDF Embed &#8211; Google Sites"}]},{"@type":"WebSite","@id":"https:\/\/elfsight.com\/fr\/#website","url":"https:\/\/elfsight.com\/fr\/","name":"Elfsight FR","description":"","potentialAction":[{"@type":"SearchAction","target":{"@type":"EntryPoint","urlTemplate":"https:\/\/elfsight.com\/fr\/?s={search_term_string}"},"query-input":{"@type":"PropertyValueSpecification","valueRequired":true,"valueName":"search_term_string"}}],"inLanguage":"fr-FR"}]}},"meta_box":{"industry":"","seo_heading":"","heading":"","description":"","cta_heading":"","cta_description":"","application":"2373","h1":"Widget d'int\u00e9gration de PDF Google Sites","h1_caption":"Int\u00e9grez des documents PDF sur votre site Web pour une visualisation et un t\u00e9l\u00e9chargement faciles sans rediriger les visiteurs vers vos sites Google sans effort.","application_category":[],"applications_title":"","applications_request_title":"","applications_request_button_text":"","hero_text":"","hero_video":"","hero_video_schema_markup":"","selling_points_title":"","selling_points_caption":"","selling_points":[],"selling_points_cta_text":"","features_title":"","features":"","ed_cta_examples_text":"","ed_cta_examples_hidden":"","ed_cta_demo_text":"","ed_cta_demo_hidden":"","why_caption":"","why_editor_title":"","why_editor_text":"","why_team_title":"","why_team_text":"","why_service_title":"","why_service_text":"","template_catalog_visible":"","template_catalog_title":"","template_catalog_text":"","template_catalog_categories_visible":"","demo_title":"Cr\u00e9ez votre widget d'int\u00e9gration PDF","demo_caption":"Configurez votre PDF Embed et ajoutez-le gratuitement \u00e0 votre site Web Google Sites\u00a0!","default_faq_hidden":"","app_template_category":[],"platform":"423","template_public_id":"","codecanyon_url":"","codecanyon_item_id":"","codecanyon_price":"","pricing_caption":"","pricing_elfsight_apps_hide_column":"","pricing_elfsight_apps_url":"","pricing_codecanyon_price_caption":"","integration_category":[],"integration_request_title":"","integration_request_cta":"","integration_platform":"","integrations":[],"platform_category":[],"video_schema_markup":"","price":"\u00e0 partir de 0$ \/ mois","trial":"","benefits":[{"text":"Service d'installation gratuit"},{"text":"Service client efficace"},{"text":"Garantie de remboursement de 14 jours"},{"text":"Am\u00e9liorations r\u00e9guli\u00e8res"}],"button_url":"","button_target_blank":"","button_nofollow":"","attributes":[{"name":"Installations","content":"10,000 - 100,000"},{"name":"Sensible","content":"Enti\u00e8rement adaptatif"},{"name":"Navigateurs compatibles","content":"Chrome, Edge, Opera, Safari, Firefox"}],"tags":[],"tags_disable_links":"","hide_more_platforms":"","video_object":"","demo_hide_cta":"","demo_hide_cloud_options":"","pricing_title":"","pricing":[{"pricing_icon":"platform","pricing_title":"Elfsight Apps","pricing_title_caption":"Version multiplateforme qui fonctionne sur n'importe quel site Web","pricing_price":"from $0 \/ month","pricing_price_caption":"commencez avec un forfait gratuit","pricing_benefits":[{"text":"Sites Web illimit\u00e9s"},{"text":"Assistance premium et ponctuelle"},{"text":"Assistance \u00e0 l'installation gratuite"},{"text":"Prix \u200b\u200bsp\u00e9cial pour plusieurs applications"}],"pricing_button_text":"Ajouter au site Web","pricing_button_url":"#demo"}],"related_apps_title":"","related_apps_hidden":"","author":"","image":[],"title":"","job":"","social_networks":[]},"_links":{"self":[{"href":"https:\/\/elfsight.com\/fr\/wp-json\/wp\/v2\/pages\/9562","targetHints":{"allow":["GET"]}}],"collection":[{"href":"https:\/\/elfsight.com\/fr\/wp-json\/wp\/v2\/pages"}],"about":[{"href":"https:\/\/elfsight.com\/fr\/wp-json\/wp\/v2\/types\/page"}],"author":[{"embeddable":true,"href":"https:\/\/elfsight.com\/fr\/wp-json\/wp\/v2\/users\/9"}],"replies":[{"embeddable":true,"href":"https:\/\/elfsight.com\/fr\/wp-json\/wp\/v2\/comments?post=9562"}],"version-history":[{"count":1,"href":"https:\/\/elfsight.com\/fr\/wp-json\/wp\/v2\/pages\/9562\/revisions"}],"predecessor-version":[{"id":9566,"href":"https:\/\/elfsight.com\/fr\/wp-json\/wp\/v2\/pages\/9562\/revisions\/9566"}],"up":[{"embeddable":true,"href":"https:\/\/elfsight.com\/fr\/wp-json\/wp\/v2\/pages\/2374"}],"wp:attachment":[{"href":"https:\/\/elfsight.com\/fr\/wp-json\/wp\/v2\/media?parent=9562"}],"curies":[{"name":"wp","href":"https:\/\/api.w.org\/{rel}","templated":true}]}}