{"id":9557,"date":"1970-01-01T00:00:00","date_gmt":"1970-01-01T00:00:00","guid":{"rendered":"https:\/\/elfsight.com\/fr\/?page_id=9557"},"modified":"2025-07-10T08:27:18","modified_gmt":"2025-07-10T08:27:18","slug":"godaddy","status":"publish","type":"page","link":"https:\/\/elfsight.com\/fr\/pdf-embed-widget\/godaddy\/","title":{"rendered":"PDF Embed &#8211; GoDaddy"},"content":{"rendered":"<div class=\"application-platform-content-item-description application-platform-content-item\" id=\"description\" data-nav-section=\"description\"> <h2>Description<\/h2> <p>Gr\u00e2ce au plugin Elfsight PDF Embed pour GoDaddy, obtenez le collage le plus pratique et le plus rapide de nombreux documents PDF dans les pages de votre site. Pour la commodit\u00e9 de l&rsquo;utilisateur, les documents peuvent \u00eatre int\u00e9gr\u00e9s en les t\u00e9l\u00e9chargeant, en saisissant leurs URL ou en les s\u00e9lectionnant parmi les derniers t\u00e9l\u00e9charg\u00e9s. Vous pouvez donner un nom \u00e0 chaque document, t\u00e9l\u00e9charger votre propre ic\u00f4ne et image, choisir la disposition des fichiers et bien plus encore. Les visiteurs du site Web peuvent \u00e9tudier les fichiers directement sur la page, les visualiser dans un nouvel onglet de navigateur et les t\u00e9l\u00e9charger.<\/p> <p><b>Int\u00e9gration de fichiers plus simple et plus rapide sans codage\u00a0!<\/b><\/p> [\/ application_platform_content_item] <div class=\"application-platform-content-item-features application-platform-content-item\" id=\"features\" data-nav-section=\"features\"><\/div> <h2>Trouvez ci-dessous les fonctionnalit\u00e9s fondamentales du plugin\u00a0: <\/h2> <ul><li>Int\u00e9grez un nombre illimit\u00e9 de documents\u00a0; <\/li> <li>Option de mise en page de la visionneuse de fichiers pour lire les documents sur la page\u00a0; <\/li> <li>T\u00e9l\u00e9charger des images pour les ic\u00f4nes et les aper\u00e7us\u00a0; <\/li> <li>L&rsquo;option permettant d&rsquo;afficher ou de d\u00e9sactiver le texte du document de t\u00e9l\u00e9chargement\u00a0; <\/li> <li> \u00c9l\u00e9ments d&rsquo;interface couleur 6\u00a0; <\/li> <\/ul><p><a href=\"#demo\">Essayez toutes les options de personnalisation dans une d\u00e9mo enti\u00e8rement fonctionnelle<\/a><\/p> <\/div> <div class=\"application-platform-content-item-installation application-platform-content-item\" id=\"installation\" data-nav-section=\"installation\"> <h2>Comment int\u00e9grer un PDF Embed sur ma page Web GoDaddy\u00a0? <\/h2> <p>Suivez simplement les instructions ci-dessous pour int\u00e9grer l&rsquo;outil. <\/p> <ol><li><b>G\u00e9rez notre configurateur gratuit et commencez \u00e0 cr\u00e9er votre instrument personnalis\u00e9. <\/b><br> D\u00e9terminez la forme souhaitable et les caract\u00e9ristiques fonctionnelles du plugin et enregistrez les corrections. <\/li> <li><b>Obtenez votre code personnel r\u00e9v\u00e9l\u00e9 dans la bo\u00eete sur Elfsight Apps. <\/b><br> D\u00e8s que la configuration de votre plugin personnel est termin\u00e9e, copiez le code exclusif dans la fen\u00eatre qui appara\u00eet et enregistrez-le pour un besoin ult\u00e9rieur. <\/li> <li><b>Commencez l&rsquo;application de l&rsquo;outil sur votre site GoDaddy. <\/b><br> Ins\u00e9rez le code que vous avez enregistr\u00e9 auparavant dans votre page et appliquez les modifications. <\/li> <li><b>L&rsquo;installation est enti\u00e8rement effectu\u00e9e. <\/b><br> Visitez votre page Web pour voir les performances de l&rsquo;outil. <\/li><\/ol> <p>Si vous avez des questions ou rencontrez des difficult\u00e9s, n&rsquo;h\u00e9sitez pas \u00e0 \u00e9crire \u00e0 notre service client. Nos sp\u00e9cialistes sont impatients de r\u00e9soudre tous les probl\u00e8mes que vous pourriez rencontrer avec l&rsquo;outil. <\/p> <div class=\"faq\" data-component=\"FAQ\"><div class=\"faq-item\">\r\n\t\t\t\t\t<div class=\"faq-item-question\">\r\n\t\t\t\t\t\t<h3 class=\"faq-item-question-text\">De quelle mani\u00e8re puis-je int\u00e9grer Number Counter \u00e0 mon GoDaddy sans aucune connaissance en codage ?<\/h3>\r\n\r\n\t\t\t\t\t\t<div class=\"faq-item-question-icon\"><\/div>\r\n\t\t\t\t\t<\/div>\r\n\r\n\t\t\t\t\t<div class=\"faq-item-answer\">\r\n\t\t\t\t\t\t<div class=\"faq-item-answer-text\"> <p>La soci\u00e9t\u00e9 Elfsight propose une solution SaaS qui vous permet d&rsquo;\u00e9tablir vous-m\u00eame un widget Number Counter, d\u00e9couvrez les \u00e9tapes simples\u00a0: Acc\u00e9dez \u00e0 la d\u00e9mo en ligne pour g\u00e9n\u00e9rer un widget Compteur de num\u00e9ros que vous aimeriez voir sur le site Web de GoDaddy. Choisissez l&rsquo;un des mod\u00e8les pr\u00eats \u00e0 l&#8217;emploi et adaptez les param\u00e8tres du compteur de nombres, ajoutez votre contenu, transformez la mise en page et la palette de couleurs sans connaissances en codage. Enregistrez les param\u00e8tres que vous avez d\u00e9finis sur Number Counter et copiez le code pour l&rsquo;installation, qui peut \u00eatre int\u00e9gr\u00e9 au site GoDaddy sans avoir besoin d&rsquo;acheter un abonnement payant. Gr\u00e2ce \u00e0 notre configurateur intuitif, chaque utilisateur Web peut cr\u00e9er un plugin Number Counter en ligne et l&rsquo;ajouter facilement \u00e0 n&rsquo;importe quelle page d&rsquo;accueil GoDaddy. Il n&rsquo;est pas n\u00e9cessaire de souscrire un abonnement payant ou de divulguer les donn\u00e9es de votre carte pour acc\u00e9der \u00e0 notre service. Si vous rencontrez des probl\u00e8mes \u00e0 n&rsquo;importe quelle \u00e9tape, n&rsquo;h\u00e9sitez pas \u00e0 contacter notre \u00e9quipe d&rsquo;assistance.<\/p> <\/div>\r\n\t\t\t\t\t<\/div>\r\n\t\t\t\t<\/div> <\/div><\/div>","protected":false},"excerpt":{"rendered":"","protected":false},"author":9,"featured_media":0,"parent":2374,"menu_order":0,"comment_status":"closed","ping_status":"closed","template":"templates\/template-application-platform.php","meta":{"publish_to_discourse":"","publish_post_category":"","wpdc_auto_publish_overridden":"","wpdc_topic_tags":"","wpdc_pin_topic":"","wpdc_pin_until":"","discourse_post_id":"","discourse_permalink":"","wpdc_publishing_response":"","wpdc_publishing_error":"","footnotes":""},"class_list":["post-9557","page","type-page","status-publish","hentry"],"yoast_head":"<!-- This site is optimized with the Yoast SEO plugin v25.3.1 - https:\/\/yoast.com\/wordpress\/plugins\/seo\/ -->\n<title>Plugin PDF Embed - Ajoutez le plugin PDF Embed au site Web GoDaddy\u00a0!<\/title>\n<meta name=\"description\" content=\"Am\u00e9liorez les fonctionnalit\u00e9s de votre site Web en appliquant le plugin PDF Embed pour votre site Web GoDaddy\u00a0! Boostez votre business en 1-2-3 !\" \/>\n<meta name=\"robots\" content=\"index, follow, max-snippet:-1, max-image-preview:large, max-video-preview:-1\" \/>\n<link rel=\"canonical\" href=\"https:\/\/elfsight.com\/fr\/pdf-embed-widget\/godaddy\/\" \/>\n<meta property=\"og:locale\" content=\"fr_FR\" \/>\n<meta property=\"og:type\" content=\"article\" \/>\n<meta property=\"og:title\" content=\"Plugin PDF Embed - Ajoutez le plugin PDF Embed au site Web GoDaddy\u00a0!\" \/>\n<meta property=\"og:description\" content=\"Am\u00e9liorez les fonctionnalit\u00e9s de votre site Web en appliquant le plugin PDF Embed pour votre site Web GoDaddy\u00a0! Boostez votre business en 1-2-3 !\" \/>\n<meta property=\"og:url\" content=\"https:\/\/elfsight.com\/fr\/pdf-embed-widget\/godaddy\/\" \/>\n<meta property=\"og:site_name\" content=\"Elfsight FR\" \/>\n<meta property=\"article:modified_time\" content=\"2025-07-10T08:27:18+00:00\" \/>\n<meta name=\"twitter:card\" content=\"summary_large_image\" \/>\n<meta name=\"twitter:label1\" content=\"Dur\u00e9e de lecture estim\u00e9e\" \/>\n\t<meta name=\"twitter:data1\" content=\"3 minutes\" \/>\n<!-- \/ Yoast SEO plugin. -->","yoast_head_json":{"title":"Plugin PDF Embed - Ajoutez le plugin PDF Embed au site Web GoDaddy\u00a0!","description":"Am\u00e9liorez les fonctionnalit\u00e9s de votre site Web en appliquant le plugin PDF Embed pour votre site Web GoDaddy\u00a0! Boostez votre business en 1-2-3 !","robots":{"index":"index","follow":"follow","max-snippet":"max-snippet:-1","max-image-preview":"max-image-preview:large","max-video-preview":"max-video-preview:-1"},"canonical":"https:\/\/elfsight.com\/fr\/pdf-embed-widget\/godaddy\/","og_locale":"fr_FR","og_type":"article","og_title":"Plugin PDF Embed - Ajoutez le plugin PDF Embed au site Web GoDaddy\u00a0!","og_description":"Am\u00e9liorez les fonctionnalit\u00e9s de votre site Web en appliquant le plugin PDF Embed pour votre site Web GoDaddy\u00a0! Boostez votre business en 1-2-3 !","og_url":"https:\/\/elfsight.com\/fr\/pdf-embed-widget\/godaddy\/","og_site_name":"Elfsight FR","article_modified_time":"2025-07-10T08:27:18+00:00","twitter_card":"summary_large_image","twitter_misc":{"Dur\u00e9e de lecture estim\u00e9e":"3 minutes"},"schema":{"@context":"https:\/\/schema.org","@graph":[{"@type":"WebPage","@id":"https:\/\/elfsight.com\/fr\/pdf-embed-widget\/godaddy\/","url":"https:\/\/elfsight.com\/fr\/pdf-embed-widget\/godaddy\/","name":"Plugin PDF Embed - Ajoutez le plugin PDF Embed au site Web GoDaddy\u00a0!","isPartOf":{"@id":"https:\/\/elfsight.com\/fr\/#website"},"datePublished":"1970-01-01T00:00:00+00:00","dateModified":"2025-07-10T08:27:18+00:00","description":"Am\u00e9liorez les fonctionnalit\u00e9s de votre site Web en appliquant le plugin PDF Embed pour votre site Web GoDaddy\u00a0! Boostez votre business en 1-2-3 !","breadcrumb":{"@id":"https:\/\/elfsight.com\/fr\/pdf-embed-widget\/godaddy\/#breadcrumb"},"inLanguage":"fr-FR","potentialAction":[{"@type":"ReadAction","target":["https:\/\/elfsight.com\/fr\/pdf-embed-widget\/godaddy\/"]}]},{"@type":"BreadcrumbList","@id":"https:\/\/elfsight.com\/fr\/pdf-embed-widget\/godaddy\/#breadcrumb","itemListElement":[{"@type":"ListItem","position":1,"name":"Home","item":"https:\/\/elfsight.com\/fr\/"},{"@type":"ListItem","position":2,"name":"PDF Embed","item":"https:\/\/elfsight.com\/fr\/pdf-embed-widget\/"},{"@type":"ListItem","position":3,"name":"PDF Embed &#8211; GoDaddy"}]},{"@type":"WebSite","@id":"https:\/\/elfsight.com\/fr\/#website","url":"https:\/\/elfsight.com\/fr\/","name":"Elfsight FR","description":"","potentialAction":[{"@type":"SearchAction","target":{"@type":"EntryPoint","urlTemplate":"https:\/\/elfsight.com\/fr\/?s={search_term_string}"},"query-input":{"@type":"PropertyValueSpecification","valueRequired":true,"valueName":"search_term_string"}}],"inLanguage":"fr-FR"}]}},"meta_box":{"industry":"","seo_heading":"","heading":"","description":"","cta_heading":"","cta_description":"","application":"2373","h1":"Plugin d'int\u00e9gration de PDF GoDaddy","h1_caption":"Int\u00e9grez des documents PDF sur votre site Web pour une visualisation et un t\u00e9l\u00e9chargement faciles sans rediriger les visiteurs vers votre site Web GoDaddy sans effort.","application_category":[],"applications_title":"","applications_request_title":"","applications_request_button_text":"","hero_text":"","hero_video":"","hero_video_schema_markup":"","selling_points_title":"","selling_points_caption":"","selling_points":[],"selling_points_cta_text":"","features_title":"","features":"","ed_cta_examples_text":"","ed_cta_examples_hidden":"","ed_cta_demo_text":"","ed_cta_demo_hidden":"","why_caption":"","why_editor_title":"","why_editor_text":"","why_team_title":"","why_team_text":"","why_service_title":"","why_service_text":"","template_catalog_visible":"","template_catalog_title":"","template_catalog_text":"","template_catalog_categories_visible":"","demo_title":"Cr\u00e9ez votre plugin PDF Embed","demo_caption":"Configurez votre PDF Embed et ajoutez-le \u00e0 votre site Web GoDaddy gratuitement\u00a0!","default_faq_hidden":"","app_template_category":[],"platform":"370","template_public_id":"","codecanyon_url":"","codecanyon_item_id":"","codecanyon_price":"","pricing_caption":"","pricing_elfsight_apps_hide_column":"","pricing_elfsight_apps_url":"","pricing_codecanyon_price_caption":"","integration_category":[],"integration_request_title":"","integration_request_cta":"","integration_platform":"","integrations":[],"platform_category":[],"video_schema_markup":"","price":"\u00e0 partir de 0$ \/ mois","trial":"","benefits":[{"text":"Aide \u00e0 l'installation gratuite"},{"text":"Soutien exceptionnel"},{"text":"Garantie de remboursement de 14 jours"},{"text":"D\u00e9veloppement continu"}],"button_url":"","button_target_blank":"","button_nofollow":"","attributes":[{"name":"Installations","content":"10,000 - 100,000"},{"name":"Sensible","content":"Oui"},{"name":"Navigateurs compatibles","content":"IE11, Firefox, Safari, Opera, Chrome, Edge"}],"tags":[],"tags_disable_links":"","hide_more_platforms":"","video_object":"","demo_hide_cta":"","demo_hide_cloud_options":"","pricing_title":"","pricing":[{"pricing_icon":"platform","pricing_title":"Elfsight Apps","pricing_title_caption":"Solution num\u00e9rique multiplateforme","pricing_price":"from $0 \/ month","pricing_price_caption":"commencez avec un forfait gratuit","pricing_benefits":[{"text":"Sites Web illimit\u00e9s"},{"text":"Support client rapide et bien document\u00e9"},{"text":"Aide \u00e0 l'installation gratuite"},{"text":"Enti\u00e8rement personnalisable"}],"pricing_button_text":"Ajouter au site Web","pricing_button_url":"#demo"}],"related_apps_title":"","related_apps_hidden":"","author":"","image":[],"title":"","job":"","social_networks":[]},"_links":{"self":[{"href":"https:\/\/elfsight.com\/fr\/wp-json\/wp\/v2\/pages\/9557","targetHints":{"allow":["GET"]}}],"collection":[{"href":"https:\/\/elfsight.com\/fr\/wp-json\/wp\/v2\/pages"}],"about":[{"href":"https:\/\/elfsight.com\/fr\/wp-json\/wp\/v2\/types\/page"}],"author":[{"embeddable":true,"href":"https:\/\/elfsight.com\/fr\/wp-json\/wp\/v2\/users\/9"}],"replies":[{"embeddable":true,"href":"https:\/\/elfsight.com\/fr\/wp-json\/wp\/v2\/comments?post=9557"}],"version-history":[{"count":1,"href":"https:\/\/elfsight.com\/fr\/wp-json\/wp\/v2\/pages\/9557\/revisions"}],"predecessor-version":[{"id":9561,"href":"https:\/\/elfsight.com\/fr\/wp-json\/wp\/v2\/pages\/9557\/revisions\/9561"}],"up":[{"embeddable":true,"href":"https:\/\/elfsight.com\/fr\/wp-json\/wp\/v2\/pages\/2374"}],"wp:attachment":[{"href":"https:\/\/elfsight.com\/fr\/wp-json\/wp\/v2\/media?parent=9557"}],"curies":[{"name":"wp","href":"https:\/\/api.w.org\/{rel}","templated":true}]}}