{"id":9556,"date":"1970-01-01T00:00:00","date_gmt":"1970-01-01T00:00:00","guid":{"rendered":"https:\/\/elfsight.com\/fr\/?page_id=9556"},"modified":"2025-07-10T08:29:21","modified_gmt":"2025-07-10T08:29:21","slug":"prestashop","status":"publish","type":"page","link":"https:\/\/elfsight.com\/fr\/pdf-embed-widget\/prestashop\/","title":{"rendered":"PDF Embed &#8211; PrestaShop"},"content":{"rendered":"<div class=\"application-platform-content-item-description application-platform-content-item\" id=\"description\" data-nav-section=\"description\"> <h2>Description<\/h2> <p>En utilisant le module compl\u00e9mentaire Elfsight PDF Embed, d\u00e9couvrez le collage le plus pratique et le plus imm\u00e9diat de vos documents PDF sur les pages de votre site web. Pour la commodit\u00e9 de l&rsquo;utilisateur, les documents peuvent \u00eatre int\u00e9gr\u00e9s par simple t\u00e9l\u00e9chargement, par leurs URL ou en les choisissant dans la liste des derniers t\u00e9l\u00e9charg\u00e9s. Les fonctionnalit\u00e9s vous permettent de donner un nom \u00e0 chaque fichier, de t\u00e9l\u00e9charger votre propre ic\u00f4ne et image, de choisir une variante de pr\u00e9sentation des fichiers et bien plus encore. Votre public peut consulter les fichiers directement sur le site, les visualiser dans un nouvel onglet de navigateur et les t\u00e9l\u00e9charger. <\/p><p><b>Ajoutez le PDF Embed pour atteindre vos objectifs commerciaux plus simplement\u00a0! <\/b><\/p> <\/div> <div class=\"application-platform-content-item-features application-platform-content-item\" id=\"features\" data-nav-section=\"features\"> <h2>Consultez la liste des fonctionnalit\u00e9s les plus utiles\u00a0: <\/h2> <ul><li>Int\u00e9grez des fichiers PDF pour les t\u00e9l\u00e9charger et les visualiser <\/li><li>Ajoutez un nombre illimit\u00e9 de fichiers<\/li><li>Dupliquez, r\u00e9organisez et supprimez vos fichiers<\/li><li>Int\u00e9grez par URL, en t\u00e9l\u00e9chargeant ou en choisissant le fichier r\u00e9cemment t\u00e9l\u00e9charg\u00e9<\/li><li>Option pour saisir le nom du fichier \u00e0 afficher <\/li><li>Trois mises en page incluses\u00a0: Grille, Visionneuse de fichiers et Liste<\/li><li>D\u00e9filement, zoom et pagination pris en charge dans la mise en page de la Visionneuse de fichiers<\/li><li> li&gt;<li>Option pour afficher ou modifier T\u00e9l\u00e9charger l&rsquo;\u00e9tiquette du fichier<\/li><li>Dispositions de liste et de grille pour afficher les ic\u00f4nes et les noms de fichiers<\/li><li>Ic\u00f4ne de fichier commutable<\/li><li>Option pour peindre ic\u00f4ne de fichier<\/li><\/ul><p><a href=\"#demo\">Cochez simplement cette d\u00e9mo pour avoir une id\u00e9e compl\u00e8te<\/a><\/p> <\/div> <div class=\"application-platform-content-item-installation application-platform-content-item\" id=\"installation\" data-nav-section=\"installation\"> <h2>Comment puis-je ajouter PDF Embed \u00e0 mon site PrestaShop ? <\/h2> <p>Suivez simplement plusieurs \u00e9tapes d\u00e9crites ci-dessous pour int\u00e9grer l&rsquo;outil. <\/p> <ol><li><b>Ex\u00e9cutez notre configurateur gratuit et commencez \u00e0 cr\u00e9er votre module compl\u00e9mentaire personnalis\u00e9. <\/b><br> Choisissez la forme et les caract\u00e9ristiques appropri\u00e9es de l&rsquo;outil et appliquez les modifications. <\/li> <li><b>R\u00e9cup\u00e9rez le code personnel apparaissant dans le formulaire sp\u00e9cial sur Elfsight Apps. <\/b><br> Une fois la cr\u00e9ation de votre module compl\u00e9mentaire termin\u00e9e, copiez le code exclusif de la fen\u00eatre apparue et conservez-le pour une occasion ult\u00e9rieure. <\/li> <li><b>Initiez l&rsquo;utilisation de l&rsquo;outil sur votre site PrestaShop. <\/b><br> Collez le code enregistr\u00e9 pr\u00e9c\u00e9demment dans votre page d&rsquo;accueil et appliquez les am\u00e9liorations. <\/li> <li><b>L&rsquo;installation est enti\u00e8rement termin\u00e9e. <\/b><br> Acc\u00e9dez \u00e0 votre page pour voir comment fonctionne l&rsquo;outil. <\/li><\/ol> <p>Si vous avez des demandes de renseignements ou rencontrez des difficult\u00e9s, veuillez contacter notre service client. Nos collaborateurs seront ravis de r\u00e9soudre tous les probl\u00e8mes que vous pourriez rencontrer avec le produit. <\/p> <div class=\"faq\" data-component=\"FAQ\"><div class=\"faq-item\">\r\n\t\t\t\t\t<div class=\"faq-item-question\">\r\n\t\t\t\t\t\t<h3 class=\"faq-item-question-text\">Comment int\u00e9grer Number Counter \u00e0 ma page Web PrestaShop sans connaissances en codage ?<\/h3>\r\n\r\n\t\t\t\t\t\t<div class=\"faq-item-question-icon\"><\/div>\r\n\t\t\t\t\t<\/div>\r\n\r\n\t\t\t\t\t<div class=\"faq-item-answer\">\r\n\t\t\t\t\t\t<div class=\"faq-item-answer-text\"> <p>Elfsight fournit une solution SaaS qui permet \u00e0 l&rsquo;utilisateur de cr\u00e9er vous-m\u00eame une section Number Counter, d\u00e9couvrez les \u00e9tapes simples : Acc\u00e9dez \u00e0 l&rsquo;\u00e9diteur en direct pour cr\u00e9er un plugin Number Counter que vous aimeriez voir sur votre PrestaShop. S\u00e9lectionnez l&rsquo;un des mod\u00e8les pr\u00e9d\u00e9finis et modifiez les param\u00e8tres du compteur de nombres, changez la mise en page et la palette de couleurs et mettez \u00e0 jour votre contenu, sans comp\u00e9tences en codage. Enregistrez le compteur de num\u00e9ros et copiez le code d&rsquo;installation, qui peut \u00eatre ajout\u00e9 gratuitement dans n&rsquo;importe quelle page Web PrestaShop. \u00c0 l&rsquo;aide de notre configurateur simple, tout internaute peut cr\u00e9er un widget Compteur de num\u00e9ros en ligne et l&rsquo;int\u00e9grer facilement \u00e0 n&rsquo;importe quelle page Web PrestaShop. Il n&rsquo;est pas n\u00e9cessaire de payer ou de divulguer les informations d&rsquo;identification de votre carte pour acc\u00e9der \u00e0 notre \u00e9diteur. Si vous rencontrez des probl\u00e8mes \u00e0 n&rsquo;importe quelle \u00e9tape, n&rsquo;h\u00e9sitez pas \u00e0 parler \u00e0 notre \u00e9quipe d&rsquo;assistance technique.<\/p> <\/div>\r\n\t\t\t\t\t<\/div>\r\n\t\t\t\t<\/div> <\/div><\/div>","protected":false},"excerpt":{"rendered":"","protected":false},"author":9,"featured_media":0,"parent":2374,"menu_order":0,"comment_status":"closed","ping_status":"closed","template":"templates\/template-application-platform.php","meta":{"publish_to_discourse":"","publish_post_category":"","wpdc_auto_publish_overridden":"","wpdc_topic_tags":"","wpdc_pin_topic":"","wpdc_pin_until":"","discourse_post_id":"","discourse_permalink":"","wpdc_publishing_response":"","wpdc_publishing_error":"","footnotes":""},"class_list":["post-9556","page","type-page","status-publish","hentry"],"yoast_head":"<!-- This site is optimized with the Yoast SEO plugin v25.3.1 - https:\/\/yoast.com\/wordpress\/plugins\/seo\/ -->\n<title>PDF Viewer - Int\u00e9grer le module PDF sur le site PrestaShop (en 2 minutes)<\/title>\n<meta name=\"description\" content=\"Avec Elfsight, fa\u00e7onnez votre module compl\u00e9mentaire PDF Viewer et int\u00e9grez-le sur votre site PrestaShop rapidement et facilement. Support client gratuit et plus de bonus ici.\" \/>\n<meta name=\"robots\" content=\"index, follow, max-snippet:-1, max-image-preview:large, max-video-preview:-1\" \/>\n<link rel=\"canonical\" href=\"https:\/\/elfsight.com\/fr\/pdf-embed-widget\/prestashop\/\" \/>\n<meta property=\"og:locale\" content=\"fr_FR\" \/>\n<meta property=\"og:type\" content=\"article\" \/>\n<meta property=\"og:title\" content=\"PDF Viewer - Int\u00e9grer le module PDF sur le site PrestaShop (en 2 minutes)\" \/>\n<meta property=\"og:description\" content=\"Avec Elfsight, fa\u00e7onnez votre module compl\u00e9mentaire PDF Viewer et int\u00e9grez-le sur votre site PrestaShop rapidement et facilement. Support client gratuit et plus de bonus ici.\" \/>\n<meta property=\"og:url\" content=\"https:\/\/elfsight.com\/fr\/pdf-embed-widget\/prestashop\/\" \/>\n<meta property=\"og:site_name\" content=\"Elfsight FR\" \/>\n<meta property=\"article:modified_time\" content=\"2025-07-10T08:29:21+00:00\" \/>\n<meta name=\"twitter:card\" content=\"summary_large_image\" \/>\n<meta name=\"twitter:label1\" content=\"Dur\u00e9e de lecture estim\u00e9e\" \/>\n\t<meta name=\"twitter:data1\" content=\"3 minutes\" \/>\n<!-- \/ Yoast SEO plugin. -->","yoast_head_json":{"title":"PDF Viewer - Int\u00e9grer le module PDF sur le site PrestaShop (en 2 minutes)","description":"Avec Elfsight, fa\u00e7onnez votre module compl\u00e9mentaire PDF Viewer et int\u00e9grez-le sur votre site PrestaShop rapidement et facilement. Support client gratuit et plus de bonus ici.","robots":{"index":"index","follow":"follow","max-snippet":"max-snippet:-1","max-image-preview":"max-image-preview:large","max-video-preview":"max-video-preview:-1"},"canonical":"https:\/\/elfsight.com\/fr\/pdf-embed-widget\/prestashop\/","og_locale":"fr_FR","og_type":"article","og_title":"PDF Viewer - Int\u00e9grer le module PDF sur le site PrestaShop (en 2 minutes)","og_description":"Avec Elfsight, fa\u00e7onnez votre module compl\u00e9mentaire PDF Viewer et int\u00e9grez-le sur votre site PrestaShop rapidement et facilement. Support client gratuit et plus de bonus ici.","og_url":"https:\/\/elfsight.com\/fr\/pdf-embed-widget\/prestashop\/","og_site_name":"Elfsight FR","article_modified_time":"2025-07-10T08:29:21+00:00","twitter_card":"summary_large_image","twitter_misc":{"Dur\u00e9e de lecture estim\u00e9e":"3 minutes"},"schema":{"@context":"https:\/\/schema.org","@graph":[{"@type":"WebPage","@id":"https:\/\/elfsight.com\/fr\/pdf-embed-widget\/prestashop\/","url":"https:\/\/elfsight.com\/fr\/pdf-embed-widget\/prestashop\/","name":"PDF Viewer - Int\u00e9grer le module PDF sur le site PrestaShop (en 2 minutes)","isPartOf":{"@id":"https:\/\/elfsight.com\/fr\/#website"},"datePublished":"1970-01-01T00:00:00+00:00","dateModified":"2025-07-10T08:29:21+00:00","description":"Avec Elfsight, fa\u00e7onnez votre module compl\u00e9mentaire PDF Viewer et int\u00e9grez-le sur votre site PrestaShop rapidement et facilement. Support client gratuit et plus de bonus ici.","breadcrumb":{"@id":"https:\/\/elfsight.com\/fr\/pdf-embed-widget\/prestashop\/#breadcrumb"},"inLanguage":"fr-FR","potentialAction":[{"@type":"ReadAction","target":["https:\/\/elfsight.com\/fr\/pdf-embed-widget\/prestashop\/"]}]},{"@type":"BreadcrumbList","@id":"https:\/\/elfsight.com\/fr\/pdf-embed-widget\/prestashop\/#breadcrumb","itemListElement":[{"@type":"ListItem","position":1,"name":"Home","item":"https:\/\/elfsight.com\/fr\/"},{"@type":"ListItem","position":2,"name":"PDF Embed","item":"https:\/\/elfsight.com\/fr\/pdf-embed-widget\/"},{"@type":"ListItem","position":3,"name":"PDF Embed &#8211; PrestaShop"}]},{"@type":"WebSite","@id":"https:\/\/elfsight.com\/fr\/#website","url":"https:\/\/elfsight.com\/fr\/","name":"Elfsight FR","description":"","potentialAction":[{"@type":"SearchAction","target":{"@type":"EntryPoint","urlTemplate":"https:\/\/elfsight.com\/fr\/?s={search_term_string}"},"query-input":{"@type":"PropertyValueSpecification","valueRequired":true,"valueName":"search_term_string"}}],"inLanguage":"fr-FR"}]}},"meta_box":{"industry":"","seo_heading":"","heading":"","description":"","cta_heading":"","cta_description":"","application":"2373","h1":"Module compl\u00e9mentaire d'int\u00e9gration de PDF PrestaShop","h1_caption":"Int\u00e9grez des documents PDF sur votre site Web pour une visualisation et un t\u00e9l\u00e9chargement faciles sans rediriger les visiteurs vers votre site Web Prestashop sans effort.","application_category":[],"applications_title":"","applications_request_title":"","applications_request_button_text":"","hero_text":"","hero_video":"","hero_video_schema_markup":"","selling_points_title":"","selling_points_caption":"","selling_points":[],"selling_points_cta_text":"","features_title":"","features":"","ed_cta_examples_text":"","ed_cta_examples_hidden":"","ed_cta_demo_text":"","ed_cta_demo_hidden":"","why_caption":"","why_editor_title":"","why_editor_text":"","why_team_title":"","why_team_text":"","why_service_title":"","why_service_text":"","template_catalog_visible":"","template_catalog_title":"","template_catalog_text":"","template_catalog_categories_visible":"","demo_title":"Cr\u00e9ez votre module compl\u00e9mentaire PDF Embed","demo_caption":"Configurez votre PDF Embed et ajoutez-le \u00e0 votre site PrestaShop gratuitement !","default_faq_hidden":"","app_template_category":[],"platform":"3190","template_public_id":"","codecanyon_url":"","codecanyon_item_id":"","codecanyon_price":"","pricing_caption":"","pricing_elfsight_apps_hide_column":"","pricing_elfsight_apps_url":"","pricing_codecanyon_price_caption":"","integration_category":[],"integration_request_title":"","integration_request_cta":"","integration_platform":"","integrations":[],"platform_category":[],"video_schema_markup":"","price":"\u00e0 partir de 0$ \/ mois","trial":"","benefits":[{"text":"Service d'installation gratuit"},{"text":"Support client exp\u00e9riment\u00e9"},{"text":"Garantie de remboursement de 14 jours"},{"text":"Am\u00e9liorations \u00e0 vie"}],"button_url":"","button_target_blank":"","button_nofollow":"","attributes":[{"name":"Installations","content":"10,000 - 100,000"},{"name":"Sensible","content":"Oui"},{"name":"Navigateurs compatibles","content":"Firefox, Safari, Opera, Chrome, Edge"}],"tags":[],"tags_disable_links":"","hide_more_platforms":"","video_object":"","demo_hide_cta":"","demo_hide_cloud_options":"","pricing_title":"","pricing":[{"pricing_icon":"platform","pricing_title":"Elfsight Apps","pricing_title_caption":"Version multiplateforme adapt\u00e9e \u00e0 n'importe quel site Web","pricing_price":"from $0 \/ month","pricing_price_caption":"commencez avec un forfait gratuit","pricing_benefits":[{"text":"Sites Web illimit\u00e9s"},{"text":"Support client d\u00e9di\u00e9"},{"text":"Service d'installation gratuit"},{"text":"100% personnalisable"}],"pricing_button_text":"Ajouter au site Web","pricing_button_url":"#demo"}],"related_apps_title":"","related_apps_hidden":"","author":"","image":[],"title":"","job":"","social_networks":[]},"_links":{"self":[{"href":"https:\/\/elfsight.com\/fr\/wp-json\/wp\/v2\/pages\/9556","targetHints":{"allow":["GET"]}}],"collection":[{"href":"https:\/\/elfsight.com\/fr\/wp-json\/wp\/v2\/pages"}],"about":[{"href":"https:\/\/elfsight.com\/fr\/wp-json\/wp\/v2\/types\/page"}],"author":[{"embeddable":true,"href":"https:\/\/elfsight.com\/fr\/wp-json\/wp\/v2\/users\/9"}],"replies":[{"embeddable":true,"href":"https:\/\/elfsight.com\/fr\/wp-json\/wp\/v2\/comments?post=9556"}],"version-history":[{"count":1,"href":"https:\/\/elfsight.com\/fr\/wp-json\/wp\/v2\/pages\/9556\/revisions"}],"predecessor-version":[{"id":9560,"href":"https:\/\/elfsight.com\/fr\/wp-json\/wp\/v2\/pages\/9556\/revisions\/9560"}],"up":[{"embeddable":true,"href":"https:\/\/elfsight.com\/fr\/wp-json\/wp\/v2\/pages\/2374"}],"wp:attachment":[{"href":"https:\/\/elfsight.com\/fr\/wp-json\/wp\/v2\/media?parent=9556"}],"curies":[{"name":"wp","href":"https:\/\/api.w.org\/{rel}","templated":true}]}}