{"id":9549,"date":"1970-01-01T00:00:00","date_gmt":"1970-01-01T00:00:00","guid":{"rendered":"https:\/\/elfsight.com\/fr\/?page_id=9549"},"modified":"2025-07-10T08:21:23","modified_gmt":"2025-07-10T08:21:23","slug":"blogger","status":"publish","type":"page","link":"https:\/\/elfsight.com\/fr\/paypal-button-widget-generator\/blogger\/","title":{"rendered":"PayPal Button &#8211; Blogger"},"content":{"rendered":"<div class=\"application-platform-content-item-description application-platform-content-item\" id=\"description\" data-nav-section=\"description\"><h2>Description<\/h2><p>Le bouton PayPal Elfsight offre un moyen simple de permettre \u00e0 vos utilisateurs de payer via PayPal sur votre site. Il permet d&rsquo;ajouter des boutons pour les paiements, les abonnements r\u00e9currents et les dons. Vous pouvez introduire les taxes et les prix d&rsquo;exp\u00e9dition, choisir la localisation et la devise, afficher une incitation \u00e0 l&rsquo;action et bien plus encore. D\u00e9marrez un syst\u00e8me de paiement fluide pour vos clients en d\u00e9placement en utilisant l&rsquo;un des outils de paiement les plus fiables.<\/p><p><b>Profitez de tous les avantages de PayPal pour vos utilisateurs et pour vous-m\u00eame\u00a0!<\/b> <\/p><p><b>Un outil de paiement efficace sur votre site, sans codage et en un rien de temps<\/b>.<br>Les clients appr\u00e9cient la facilit\u00e9 de paiement sur un site Web. Construisez votre propre bouton de don ou de paiement PayPal \u00e0 l&rsquo;aide d&rsquo;Elfsight et vous offrirez \u00e0 votre client\u00e8le un instrument de paiement fiable et rapide. Pas de codage, pas de sueur.<\/p><p><b>Un outil universel pour obtenir des paiements, des abonnements et des dons<\/b>.<br>N&rsquo;ayant qu&rsquo;un seul outil Elfsight, vous b\u00e9n\u00e9ficierez de la libert\u00e9 de concevoir des boutons. pour que les utilisateurs paient, s&rsquo;abonnent et fassent un don sur votre site Web. Gagnez du temps et des efforts et obtenez une solution universelle, qui vous offre un ensemble d&rsquo;options.<\/p><p><b>L&rsquo;une des solutions payantes les plus r\u00e9put\u00e9es et les plus connues sur votre site Web<\/b>.<br> Il est indispensable d&rsquo;int\u00e9grer l&rsquo;une des solutions de paiement les plus fiables et les plus populaires sur votre site. Et gr\u00e2ce au bouton PayPal Elfsight, cela se fait en quelques secondes.<\/p><\/div><div class=\"application-platform-content-item-features application-platform-content-item\" id=\"features\" data-nav-section=\"features\"><h2>Fonctionnalit\u00e9s<\/h2><p>V\u00e9rifiez pourquoi le widget PayPal Elfsight est le meilleur, voici les ses fonctionnalit\u00e9s utiles\u00a0:<\/p><ul><li>Configuration de la localisation de votre bouton \u00e0 partir de la liste pr\u00e9d\u00e9finie de pays\u00a0;<\/li><li>Deux variantes d&rsquo;indication de taxe\u00a0: forfait ou pourcentage\u00a0;<\/li><li>Responsive taille pour un aspect optimal sur n&rsquo;importe quel appareil\u00a0;<\/li><li>Texte du bouton et couleur du texte r\u00e9glables\u00a0;<\/li><li>Afficher ou masquer l&rsquo;ic\u00f4ne PayPal.<\/li><\/ul><p>V\u00e9rifiez tous les avantages dans la d\u00e9mo en direct<\/p><\/div><div class=\"application-platform-content-item-installation application-platform-content-item\" id=\"installation\" data-nav-section=\"installation\"><h2>Comment ajouter le bouton PayPal au site Web Blogger<\/h2><div class=\"video-container\"><iframe width=\"720\" height=\"405\" src=\"https:\/\/www.youtube.com\/embed\/mS4si8cp9SE\" frameborder=\"0\" allowfullscreen=\"\"><\/iframe><\/div><p>Instruction rapide sur l&rsquo;int\u00e9gration et la cr\u00e9ation le widget de don, d&rsquo;abonnement ou de paiement sans comp\u00e9tence en d\u00e9veloppement web. Vous n&rsquo;aurez pas besoin de plus de 3 minutes pour le r\u00e9aliser.<\/p><ol><li><b>Cr\u00e9ez votre bouton unique.<\/b><br>Gr\u00e2ce \u00e0 notre \u00e9diteur gratuit, cr\u00e9ez un plugin avec la mise en page souhait\u00e9e. et le type de paiement.<\/li><li><b>Copiez le code de configuration du plugin.<\/b><br>Apr\u00e8s avoir configur\u00e9 le widget, r\u00e9cup\u00e9rez le code correspondant dans la fen\u00eatre qui appara\u00eet sur Elfsight. Applications.<\/li><li><b>Affichez le plugin sur votre site.<\/b><br>Affichez PayPal \u00e0 l&rsquo;endroit requis du site Web et enregistrez les modifications.<\/li><li><b> Termin\u00e9\u00a0!<\/b><br>Visitez votre site Blogger pour v\u00e9rifier votre plugin.<\/li><\/ol><p>Vous rencontrez des probl\u00e8mes avec la conception ou l&rsquo;ajout du plugin sur votre site\u00a0? Contactez notre centre d&rsquo;aide.<\/p><div class=\"faq\" data-component=\"FAQ\"> <div class=\"faq-item\">\r\n\t\t\t\t\t<div class=\"faq-item-question\">\r\n\t\t\t\t\t\t<h3 class=\"faq-item-question-text\">Comment puis-je ajouter un bouton PayPal \u00e0 mon site Web Blogger sans comp\u00e9tences en codage ?<\/h3>\r\n\r\n\t\t\t\t\t\t<div class=\"faq-item-question-icon\"><\/div>\r\n\t\t\t\t\t<\/div>\r\n\r\n\t\t\t\t\t<div class=\"faq-item-answer\">\r\n\t\t\t\t\t\t<div class=\"faq-item-answer-text\"> <p>Elfsight fournit une solution SaaS qui vous permet de cr\u00e9er un Widget de bouton PayPal vous-m\u00eame, voyez \u00e0 quel point le processus est simple\u00a0: travaillez directement dans l&rsquo;\u00e9diteur en ligne pour cr\u00e9er un widget de bouton PayPal que vous aimeriez voir sur votre site Web Blogger. Choisissez l&rsquo;un des mod\u00e8les pr\u00e9d\u00e9finis et ajustez les param\u00e8tres du bouton PayPal, ajoutez votre contenu, modifiez la mise en page et la palette de couleurs sans aucune comp\u00e9tence en codage. Enregistrez le bouton PayPal et copiez son code d&rsquo;installation, que vous pouvez facilement inclure dans votre site Web Blogger sans acheter d&rsquo;abonnement payant. Gr\u00e2ce \u00e0 notre \u00e9diteur intuitif, tout internaute peut cr\u00e9er un widget de bouton PayPal en ligne et l&rsquo;int\u00e9grer facilement \u00e0 son site Web Blogger. Il n&rsquo;est pas n\u00e9cessaire de payer ou de saisir les informations d&rsquo;identification de votre carte pour acc\u00e9der au service. Si vous rencontrez des probl\u00e8mes \u00e0 n&rsquo;importe quelle \u00e9tape, n&rsquo;h\u00e9sitez pas \u00e0 contacter notre \u00e9quipe d&rsquo;assistance technique.<\/p> <\/div>\r\n\t\t\t\t\t<\/div>\r\n\t\t\t\t<\/div> <\/div> <\/div><p><\/p>","protected":false},"excerpt":{"rendered":"","protected":false},"author":9,"featured_media":0,"parent":1677,"menu_order":0,"comment_status":"closed","ping_status":"closed","template":"templates\/template-application-platform.php","meta":{"publish_to_discourse":"","publish_post_category":"","wpdc_auto_publish_overridden":"","wpdc_topic_tags":"","wpdc_pin_topic":"","wpdc_pin_until":"","discourse_post_id":"","discourse_permalink":"","wpdc_publishing_response":"","wpdc_publishing_error":"","footnotes":""},"class_list":["post-9549","page","type-page","status-publish","hentry"],"yoast_head":"<!-- This site is optimized with the Yoast SEO plugin v25.3.1 - https:\/\/yoast.com\/wordpress\/plugins\/seo\/ -->\n<title>Bouton PayPal - Ajouter un widget PayPal au site Web Blogger (en 2 minutes)<\/title>\n<meta name=\"description\" content=\"Configurez le bouton PayPal (faire un don, un abonnement ou un paiement) sur votre site Web Blogger. Cr\u00e9ation rapide et facile de divers plugins de sites Web par Elfsight.\" \/>\n<meta name=\"robots\" content=\"index, follow, max-snippet:-1, max-image-preview:large, max-video-preview:-1\" \/>\n<link rel=\"canonical\" href=\"https:\/\/elfsight.com\/fr\/paypal-button-widget-generator\/blogger\/\" \/>\n<meta property=\"og:locale\" content=\"fr_FR\" \/>\n<meta property=\"og:type\" content=\"article\" \/>\n<meta property=\"og:title\" content=\"Bouton PayPal - Ajouter un widget PayPal au site Web Blogger (en 2 minutes)\" \/>\n<meta property=\"og:description\" content=\"Configurez le bouton PayPal (faire un don, un abonnement ou un paiement) sur votre site Web Blogger. Cr\u00e9ation rapide et facile de divers plugins de sites Web par Elfsight.\" \/>\n<meta property=\"og:url\" content=\"https:\/\/elfsight.com\/fr\/paypal-button-widget-generator\/blogger\/\" \/>\n<meta property=\"og:site_name\" content=\"Elfsight FR\" \/>\n<meta property=\"article:modified_time\" content=\"2025-07-10T08:21:23+00:00\" \/>\n<meta name=\"twitter:card\" content=\"summary_large_image\" \/>\n<meta name=\"twitter:label1\" content=\"Dur\u00e9e de lecture estim\u00e9e\" \/>\n\t<meta name=\"twitter:data1\" content=\"4 minutes\" \/>\n<!-- \/ Yoast SEO plugin. -->","yoast_head_json":{"title":"Bouton PayPal - Ajouter un widget PayPal au site Web Blogger (en 2 minutes)","description":"Configurez le bouton PayPal (faire un don, un abonnement ou un paiement) sur votre site Web Blogger. Cr\u00e9ation rapide et facile de divers plugins de sites Web par Elfsight.","robots":{"index":"index","follow":"follow","max-snippet":"max-snippet:-1","max-image-preview":"max-image-preview:large","max-video-preview":"max-video-preview:-1"},"canonical":"https:\/\/elfsight.com\/fr\/paypal-button-widget-generator\/blogger\/","og_locale":"fr_FR","og_type":"article","og_title":"Bouton PayPal - Ajouter un widget PayPal au site Web Blogger (en 2 minutes)","og_description":"Configurez le bouton PayPal (faire un don, un abonnement ou un paiement) sur votre site Web Blogger. Cr\u00e9ation rapide et facile de divers plugins de sites Web par Elfsight.","og_url":"https:\/\/elfsight.com\/fr\/paypal-button-widget-generator\/blogger\/","og_site_name":"Elfsight FR","article_modified_time":"2025-07-10T08:21:23+00:00","twitter_card":"summary_large_image","twitter_misc":{"Dur\u00e9e de lecture estim\u00e9e":"4 minutes"},"schema":{"@context":"https:\/\/schema.org","@graph":[{"@type":"WebPage","@id":"https:\/\/elfsight.com\/fr\/paypal-button-widget-generator\/blogger\/","url":"https:\/\/elfsight.com\/fr\/paypal-button-widget-generator\/blogger\/","name":"Bouton PayPal - Ajouter un widget PayPal au site Web Blogger (en 2 minutes)","isPartOf":{"@id":"https:\/\/elfsight.com\/fr\/#website"},"datePublished":"1970-01-01T00:00:00+00:00","dateModified":"2025-07-10T08:21:23+00:00","description":"Configurez le bouton PayPal (faire un don, un abonnement ou un paiement) sur votre site Web Blogger. Cr\u00e9ation rapide et facile de divers plugins de sites Web par Elfsight.","breadcrumb":{"@id":"https:\/\/elfsight.com\/fr\/paypal-button-widget-generator\/blogger\/#breadcrumb"},"inLanguage":"fr-FR","potentialAction":[{"@type":"ReadAction","target":["https:\/\/elfsight.com\/fr\/paypal-button-widget-generator\/blogger\/"]}]},{"@type":"BreadcrumbList","@id":"https:\/\/elfsight.com\/fr\/paypal-button-widget-generator\/blogger\/#breadcrumb","itemListElement":[{"@type":"ListItem","position":1,"name":"Home","item":"https:\/\/elfsight.com\/fr\/"},{"@type":"ListItem","position":2,"name":"PayPal Button","item":"https:\/\/elfsight.com\/fr\/paypal-button-widget-generator\/"},{"@type":"ListItem","position":3,"name":"PayPal Button &#8211; Blogger"}]},{"@type":"WebSite","@id":"https:\/\/elfsight.com\/fr\/#website","url":"https:\/\/elfsight.com\/fr\/","name":"Elfsight FR","description":"","potentialAction":[{"@type":"SearchAction","target":{"@type":"EntryPoint","urlTemplate":"https:\/\/elfsight.com\/fr\/?s={search_term_string}"},"query-input":{"@type":"PropertyValueSpecification","valueRequired":true,"valueName":"search_term_string"}}],"inLanguage":"fr-FR"}]}},"meta_box":{"industry":"","seo_heading":"","heading":"","description":"","cta_heading":"","cta_description":"","application":"1670","h1":"Widget du bouton PayPal de Blogger","h1_caption":"Ajoutez un bouton Paypal \u00e0 votre site Web pour des paiements rapides et faciles directement via Paypal sur votre site Web Blogger sans effort.","application_category":[],"applications_title":"","applications_request_title":"","applications_request_button_text":"","hero_text":"","hero_video":"","hero_video_schema_markup":"","selling_points_title":"","selling_points_caption":"","selling_points":[],"selling_points_cta_text":"","features_title":"","features":"","ed_cta_examples_text":"","ed_cta_examples_hidden":"","ed_cta_demo_text":"","ed_cta_demo_hidden":"","why_caption":"","why_editor_title":"","why_editor_text":"","why_team_title":"","why_team_text":"","why_service_title":"","why_service_text":"","template_catalog_visible":"","template_catalog_title":"","template_catalog_text":"","template_catalog_categories_visible":"","demo_title":"Cr\u00e9ez votre widget Bouton PayPal","demo_caption":"Configurez votre bouton PayPal et ajoutez-le gratuitement \u00e0 votre site Blogger\u00a0!","default_faq_hidden":"","app_template_category":[],"platform":"348","template_public_id":"","codecanyon_url":"","codecanyon_item_id":"","codecanyon_price":"","pricing_caption":"","pricing_elfsight_apps_hide_column":"","pricing_elfsight_apps_url":"","pricing_codecanyon_price_caption":"","integration_category":[],"integration_request_title":"","integration_request_cta":"","integration_platform":"","integrations":[],"platform_category":[],"video_schema_markup":"","price":"\u00e0 partir de 0$ \/ mois","trial":"","benefits":[{"text":"Aide \u00e0 l'installation gratuite"},{"text":"Assistance premium"},{"text":"Service client professionnel"},{"text":"Am\u00e9liorations futures"}],"button_url":"","button_target_blank":"","button_nofollow":"","attributes":[{"name":"Installations","content":"10,000 - 100,000"},{"name":"Sensible","content":"Oui"},{"name":"Navigateurs compatibles","content":" Firefox, Safari, Opera, Chrome, Edge"}],"tags":[],"tags_disable_links":"","hide_more_platforms":"","video_object":"","demo_hide_cta":"","demo_hide_cloud_options":"","pricing_title":"","pricing":[{"pricing_icon":"platform","pricing_title":"Elfsight Apps","pricing_title_caption":"Solution num\u00e9rique ind\u00e9pendante de la plateforme qui convient \u00e0 n'importe quel site Web","pricing_price":"from $0 \/ month","pricing_price_caption":"commencez avec un forfait gratuit","pricing_benefits":[{"text":"Sites Web illimit\u00e9s"},{"text":"Assistance gratuite, ponctuelle et bien document\u00e9e"},{"text":"Assistance \u00e0 l'installation gratuite"},{"text":"100% personnalisable"}],"pricing_button_text":"Ajouter au site Web","pricing_button_url":"#demo"}],"related_apps_title":"","related_apps_hidden":"","author":"","image":[],"title":"","job":"","social_networks":[]},"_links":{"self":[{"href":"https:\/\/elfsight.com\/fr\/wp-json\/wp\/v2\/pages\/9549","targetHints":{"allow":["GET"]}}],"collection":[{"href":"https:\/\/elfsight.com\/fr\/wp-json\/wp\/v2\/pages"}],"about":[{"href":"https:\/\/elfsight.com\/fr\/wp-json\/wp\/v2\/types\/page"}],"author":[{"embeddable":true,"href":"https:\/\/elfsight.com\/fr\/wp-json\/wp\/v2\/users\/9"}],"replies":[{"embeddable":true,"href":"https:\/\/elfsight.com\/fr\/wp-json\/wp\/v2\/comments?post=9549"}],"version-history":[{"count":2,"href":"https:\/\/elfsight.com\/fr\/wp-json\/wp\/v2\/pages\/9549\/revisions"}],"predecessor-version":[{"id":15183,"href":"https:\/\/elfsight.com\/fr\/wp-json\/wp\/v2\/pages\/9549\/revisions\/15183"}],"up":[{"embeddable":true,"href":"https:\/\/elfsight.com\/fr\/wp-json\/wp\/v2\/pages\/1677"}],"wp:attachment":[{"href":"https:\/\/elfsight.com\/fr\/wp-json\/wp\/v2\/media?parent=9549"}],"curies":[{"name":"wp","href":"https:\/\/api.w.org\/{rel}","templated":true}]}}