{"id":9548,"date":"1970-01-01T00:00:00","date_gmt":"1970-01-01T00:00:00","guid":{"rendered":"https:\/\/elfsight.com\/fr\/?page_id=9548"},"modified":"2025-07-10T08:21:30","modified_gmt":"2025-07-10T08:21:30","slug":"drupal","status":"publish","type":"page","link":"https:\/\/elfsight.com\/fr\/paypal-button-widget-generator\/drupal\/","title":{"rendered":"PayPal Button &#8211; Drupal"},"content":{"rendered":"<div class=\"application-platform-content-item-description application-platform-content-item\" id=\"description\" data-nav-section=\"description\"><h2>Description<\/h2><p>Le bouton PayPal Elfsight offre un moyen simple de permettre \u00e0 vos clients de payer avec PayPal sur un site Web. Il permet d&rsquo;afficher des boutons pour les paiements, les abonnements automatiques et les dons. Il est facile d&rsquo;inclure les taxes et les prix d&rsquo;exp\u00e9dition, de choisir la localisation et la devise, de d\u00e9montrer le message et bien d&rsquo;autres options. Organisez en un rien de temps un processus de paiement simple et s\u00e9curis\u00e9 pour vos utilisateurs en utilisant l&rsquo;une des m\u00e9thodes de paiement les plus \u00e9prouv\u00e9es.<\/p><p><b>Permettez \u00e0 vos acheteurs d&rsquo;effectuer des paiements via PayPal sur votre site et augmentez vos ventes\u00a0!<\/b><\/p><p><b>Un processus de paiement populaire sur votre site Web sans codage en un rien de temps<\/b>.<br>C&rsquo;est l&rsquo;un des points cl\u00e9s pour une entreprise prosp\u00e8re d&rsquo;offrir \u00e0 sa client\u00e8le des paiements en ligne faciles. . Placez le bouton PayPal d&rsquo;Elfsight sur votre site et vous y parviendrez facilement et en un rien de temps.<\/p><p><b>Un outil unique pour traiter les paiements, les abonnements et les dons<\/b>.<br>Activez votre acheteurs \u00e0 consulter, \u00e0 s&rsquo;abonner \u00e0 vos offres et \u00e0 faire un don. Tout cela est disponible dans un instrument universel d&rsquo;Elfsight pour vous aider \u00e0 \u00e9conomiser du temps et de l&rsquo;argent.<\/p><p><b>L&rsquo;une des solutions de paiement les plus s\u00fbres et les plus connues sur votre site Web<\/b>.<br> Il est indispensable d&rsquo;int\u00e9grer l&rsquo;une des variantes payantes les plus r\u00e9put\u00e9es et les plus r\u00e9pandues sur votre site. Avec le bouton PayPal Elfsight, ce n&rsquo;est qu&rsquo;une question de secondes.<\/p><\/div><div class=\"application-platform-content-item-features application-platform-content-item\" id=\"features\" data-nav-section=\"features\"><h2>Fonctionnalit\u00e9s<\/h2><p>D\u00e9couvrez pourquoi le widget PayPal Elfsight est l&rsquo;un des meilleurs, ici sont ses puissantes fonctionnalit\u00e9s\u00a0:<\/p><ul><li>Option d&rsquo;ajouter le nom du produit\u00a0;<\/li><li>D\u00e9finissez votre intervalle de facturation personnalis\u00e9, en choisissant le cycle de facturation et la p\u00e9riode de facturation, par exemple tous les trois mois\u00a0;<\/li><li>Vous pouvez modifier la taille du bouton \u00e0 l&rsquo;aide d&rsquo;une barre de d\u00e9filement pratique\u00a0;<\/li><li>Couleur du logo PayPal\u00a0: original ou blanc\u00a0;<\/li><li>Option pour diriger un client vers une page de remerciement personnalis\u00e9e apr\u00e8s un transaction r\u00e9ussie.<\/li><\/ul><p>Essayez les principales fonctionnalit\u00e9s du widget dans notre d\u00e9mo<\/p><\/div><div class=\"application-platform-content-item-installation application-platform-content-item\" id=\"installation\" data-nav-section=\"installation\"><h2>Comment ajouter le module de bouton PayPal au site Web Drupal<\/h2><div class=\"video-container\"><iframe width=\"720\" height=\"405\" src=\"https:\/\/www.youtube.com\/embed\/JM24ZxgrO-A\" frameborder=\"0\" allowfullscreen=\"\"><\/iframe><\/div><p>Suivez simplement les instructions ci-dessous pour activer le module sur Drupal.<\/p> <ol><li><b>Lancez notre \u00e9diteur gratuit et commencez \u00e0 cr\u00e9er votre PayPal personnalis\u00e9. Module boutons. <\/b><br> Sp\u00e9cifiez la forme et les fonctionnalit\u00e9s souhait\u00e9es du plugin et appliquez les corrections. <\/li> <li><b>Acqu\u00e9rez votre code personnel r\u00e9v\u00e9l\u00e9 dans le formulaire sp\u00e9cial sur Elfsight Apps. <\/b><br> Une fois la g\u00e9n\u00e9ration de votre widget personnel termin\u00e9e, copiez le code personnel dans la fen\u00eatre qui appara\u00eet et conservez-le pour une utilisation future. <\/li> <li><b>Entrez sur l&rsquo;utilisation du plugin sur votre site Web Drupal. <\/b><br> Int\u00e9grez le code copi\u00e9 r\u00e9cemment dans votre page et appliquez les modifications. <\/li> <li><b>Fait\u00a0! L&rsquo;int\u00e9gration est effectu\u00e9e avec succ\u00e8s. <\/b><br> Visitez votre page pour examiner les performances du module. <\/li><\/ol><p>Vous rencontrez des probl\u00e8mes lors de l&rsquo;installation ou de la personnalisation du plugin\u00a0? Contactez notre centre d&rsquo;aide.<\/p><div class=\"faq\" data-component=\"FAQ\"> <div class=\"faq-item\">\r\n\t\t\t\t\t<div class=\"faq-item-question\">\r\n\t\t\t\t\t\t<h3 class=\"faq-item-question-text\">Comment ajouter un bouton PayPal \u00e0 mon site Drupal sans comp\u00e9tences en codage ?<\/h3>\r\n\r\n\t\t\t\t\t\t<div class=\"faq-item-question-icon\"><\/div>\r\n\t\t\t\t\t<\/div>\r\n\r\n\t\t\t\t\t<div class=\"faq-item-answer\">\r\n\t\t\t\t\t\t<div class=\"faq-item-answer-text\"> <p>Elfsight propose une solution SaaS qui vous permet de cr\u00e9er vous-m\u00eame un widget de bouton PayPal. , voyez \u00e0 quel point le processus est simple\u00a0: travaillez directement dans l&rsquo;\u00e9diteur en ligne pour cr\u00e9er un widget de bouton PayPal que vous aimeriez voir sur votre site Web Drupal. Choisissez l&rsquo;un des mod\u00e8les pr\u00e9d\u00e9finis et ajustez les param\u00e8tres du bouton PayPal, ajoutez votre contenu, modifiez la mise en page et la palette de couleurs sans comp\u00e9tences en codage. Enregistrez le bouton PayPal et copiez son code d&rsquo;installation, que vous pouvez facilement inclure dans votre site Web Drupal sans avoir besoin d&rsquo;acheter un forfait payant. Gr\u00e2ce \u00e0 notre \u00e9diteur intuitif, tout internaute peut cr\u00e9er un widget de bouton PayPal en ligne et l&rsquo;int\u00e9grer facilement \u00e0 son site Drupal. Il n&rsquo;est pas n\u00e9cessaire de payer ou de saisir les informations d&rsquo;identification de votre carte pour acc\u00e9der au service. Si vous rencontrez des probl\u00e8mes \u00e0 n&rsquo;importe quelle \u00e9tape, n&rsquo;h\u00e9sitez pas \u00e0 contacter notre \u00e9quipe d&rsquo;assistance technique.<\/p> <\/div>\r\n\t\t\t\t\t<\/div>\r\n\t\t\t\t<\/div> <\/div> <\/div>","protected":false},"excerpt":{"rendered":"","protected":false},"author":9,"featured_media":0,"parent":1677,"menu_order":0,"comment_status":"closed","ping_status":"closed","template":"templates\/template-application-platform.php","meta":{"publish_to_discourse":"","publish_post_category":"","wpdc_auto_publish_overridden":"","wpdc_topic_tags":"","wpdc_pin_topic":"","wpdc_pin_until":"","discourse_post_id":"","discourse_permalink":"","wpdc_publishing_response":"","wpdc_publishing_error":"","footnotes":""},"class_list":["post-9548","page","type-page","status-publish","hentry"],"yoast_head":"<!-- This site is optimized with the Yoast SEO plugin v25.3.1 - https:\/\/yoast.com\/wordpress\/plugins\/seo\/ -->\n<title>Bouton PayPal - Ajouter le module PayPal au site Drupal (en 2 minutes)<\/title>\n<meta name=\"description\" content=\"Testez gratuitement notre bouton de paiement PayPal pour Drupal. Cr\u00e9ez un module de paiement personnalis\u00e9 pour votre site Web en quelques minutes seulement !\" \/>\n<meta name=\"robots\" content=\"index, follow, max-snippet:-1, max-image-preview:large, max-video-preview:-1\" \/>\n<link rel=\"canonical\" href=\"https:\/\/elfsight.com\/fr\/paypal-button-widget-generator\/drupal\/\" \/>\n<meta property=\"og:locale\" content=\"fr_FR\" \/>\n<meta property=\"og:type\" content=\"article\" \/>\n<meta property=\"og:title\" content=\"Bouton PayPal - Ajouter le module PayPal au site Drupal (en 2 minutes)\" \/>\n<meta property=\"og:description\" content=\"Testez gratuitement notre bouton de paiement PayPal pour Drupal. Cr\u00e9ez un module de paiement personnalis\u00e9 pour votre site Web en quelques minutes seulement !\" \/>\n<meta property=\"og:url\" content=\"https:\/\/elfsight.com\/fr\/paypal-button-widget-generator\/drupal\/\" \/>\n<meta property=\"og:site_name\" content=\"Elfsight FR\" \/>\n<meta property=\"article:modified_time\" content=\"2025-07-10T08:21:30+00:00\" \/>\n<meta name=\"twitter:card\" content=\"summary_large_image\" \/>\n<meta name=\"twitter:label1\" content=\"Dur\u00e9e de lecture estim\u00e9e\" \/>\n\t<meta name=\"twitter:data1\" content=\"4 minutes\" \/>\n<!-- \/ Yoast SEO plugin. -->","yoast_head_json":{"title":"Bouton PayPal - Ajouter le module PayPal au site Drupal (en 2 minutes)","description":"Testez gratuitement notre bouton de paiement PayPal pour Drupal. Cr\u00e9ez un module de paiement personnalis\u00e9 pour votre site Web en quelques minutes seulement !","robots":{"index":"index","follow":"follow","max-snippet":"max-snippet:-1","max-image-preview":"max-image-preview:large","max-video-preview":"max-video-preview:-1"},"canonical":"https:\/\/elfsight.com\/fr\/paypal-button-widget-generator\/drupal\/","og_locale":"fr_FR","og_type":"article","og_title":"Bouton PayPal - Ajouter le module PayPal au site Drupal (en 2 minutes)","og_description":"Testez gratuitement notre bouton de paiement PayPal pour Drupal. Cr\u00e9ez un module de paiement personnalis\u00e9 pour votre site Web en quelques minutes seulement !","og_url":"https:\/\/elfsight.com\/fr\/paypal-button-widget-generator\/drupal\/","og_site_name":"Elfsight FR","article_modified_time":"2025-07-10T08:21:30+00:00","twitter_card":"summary_large_image","twitter_misc":{"Dur\u00e9e de lecture estim\u00e9e":"4 minutes"},"schema":{"@context":"https:\/\/schema.org","@graph":[{"@type":"WebPage","@id":"https:\/\/elfsight.com\/fr\/paypal-button-widget-generator\/drupal\/","url":"https:\/\/elfsight.com\/fr\/paypal-button-widget-generator\/drupal\/","name":"Bouton PayPal - Ajouter le module PayPal au site Drupal (en 2 minutes)","isPartOf":{"@id":"https:\/\/elfsight.com\/fr\/#website"},"datePublished":"1970-01-01T00:00:00+00:00","dateModified":"2025-07-10T08:21:30+00:00","description":"Testez gratuitement notre bouton de paiement PayPal pour Drupal. Cr\u00e9ez un module de paiement personnalis\u00e9 pour votre site Web en quelques minutes seulement !","breadcrumb":{"@id":"https:\/\/elfsight.com\/fr\/paypal-button-widget-generator\/drupal\/#breadcrumb"},"inLanguage":"fr-FR","potentialAction":[{"@type":"ReadAction","target":["https:\/\/elfsight.com\/fr\/paypal-button-widget-generator\/drupal\/"]}]},{"@type":"BreadcrumbList","@id":"https:\/\/elfsight.com\/fr\/paypal-button-widget-generator\/drupal\/#breadcrumb","itemListElement":[{"@type":"ListItem","position":1,"name":"Home","item":"https:\/\/elfsight.com\/fr\/"},{"@type":"ListItem","position":2,"name":"PayPal Button","item":"https:\/\/elfsight.com\/fr\/paypal-button-widget-generator\/"},{"@type":"ListItem","position":3,"name":"PayPal Button &#8211; Drupal"}]},{"@type":"WebSite","@id":"https:\/\/elfsight.com\/fr\/#website","url":"https:\/\/elfsight.com\/fr\/","name":"Elfsight FR","description":"","potentialAction":[{"@type":"SearchAction","target":{"@type":"EntryPoint","urlTemplate":"https:\/\/elfsight.com\/fr\/?s={search_term_string}"},"query-input":{"@type":"PropertyValueSpecification","valueRequired":true,"valueName":"search_term_string"}}],"inLanguage":"fr-FR"}]}},"meta_box":{"industry":"","seo_heading":"","heading":"","description":"","cta_heading":"","cta_description":"","application":"1670","h1":"Module Bouton PayPal Drupal","h1_caption":"Ajoutez un bouton Paypal \u00e0 votre site Web pour des paiements rapides et faciles directement via Paypal sur votre site Web Drupal sans effort.","application_category":[],"applications_title":"","applications_request_title":"","applications_request_button_text":"","hero_text":"","hero_video":"","hero_video_schema_markup":"","selling_points_title":"","selling_points_caption":"","selling_points":[],"selling_points_cta_text":"","features_title":"","features":"","ed_cta_examples_text":"","ed_cta_examples_hidden":"","ed_cta_demo_text":"","ed_cta_demo_hidden":"","why_caption":"","why_editor_title":"","why_editor_text":"","why_team_title":"","why_team_text":"","why_service_title":"","why_service_text":"","template_catalog_visible":"","template_catalog_title":"","template_catalog_text":"","template_catalog_categories_visible":"","demo_title":"Cr\u00e9ez votre module Bouton PayPal","demo_caption":"Configurez votre bouton PayPal et ajoutez-le gratuitement \u00e0 votre site Drupal !","default_faq_hidden":"","app_template_category":[],"platform":"351","template_public_id":"","codecanyon_url":"","codecanyon_item_id":"","codecanyon_price":"","pricing_caption":"","pricing_elfsight_apps_hide_column":"","pricing_elfsight_apps_url":"","pricing_codecanyon_price_caption":"","integration_category":[],"integration_request_title":"","integration_request_cta":"","integration_platform":"","integrations":[],"platform_category":[],"video_schema_markup":"","price":"\u00e0 partir de 0$ \/ mois","trial":"","benefits":[{"text":"Aide \u00e0 l'installation gratuite"},{"text":"Assistance premium"},{"text":"Garantie de remboursement de 14 jours"},{"text":"Mises \u00e0 jour gratuites r\u00e9guli\u00e8res"}],"button_url":"","button_target_blank":"","button_nofollow":"","attributes":[{"name":"Installations","content":"10,000 - 100,000"},{"name":"Sensible","content":"Oui"},{"name":"Navigateurs compatibles","content":"Firefox, Safari, Opera, Chrome, Edge"}],"tags":[],"tags_disable_links":"","hide_more_platforms":"","video_object":"","demo_hide_cta":"","demo_hide_cloud_options":"","pricing_title":"","pricing":[{"pricing_icon":"platform","pricing_title":"Elfsight Apps","pricing_title_caption":"Version multiplateforme adapt\u00e9e \u00e0 n'importe quel site Web","pricing_price":"from $0 \/ month","pricing_price_caption":"commencez avec un forfait gratuit","pricing_benefits":[{"text":"Domaines illimit\u00e9s"},{"text":"Support d'entreprise premium et bien document\u00e9"},{"text":"Service d'installation gratuit"},{"text":"Prix \u200b\u200bsp\u00e9cial pour plusieurs applications"}],"pricing_button_text":"Ajouter au site Web","pricing_button_url":"#demo"}],"related_apps_title":"","related_apps_hidden":"","author":"","image":[],"title":"","job":"","social_networks":[]},"_links":{"self":[{"href":"https:\/\/elfsight.com\/fr\/wp-json\/wp\/v2\/pages\/9548","targetHints":{"allow":["GET"]}}],"collection":[{"href":"https:\/\/elfsight.com\/fr\/wp-json\/wp\/v2\/pages"}],"about":[{"href":"https:\/\/elfsight.com\/fr\/wp-json\/wp\/v2\/types\/page"}],"author":[{"embeddable":true,"href":"https:\/\/elfsight.com\/fr\/wp-json\/wp\/v2\/users\/9"}],"replies":[{"embeddable":true,"href":"https:\/\/elfsight.com\/fr\/wp-json\/wp\/v2\/comments?post=9548"}],"version-history":[{"count":1,"href":"https:\/\/elfsight.com\/fr\/wp-json\/wp\/v2\/pages\/9548\/revisions"}],"predecessor-version":[{"id":9552,"href":"https:\/\/elfsight.com\/fr\/wp-json\/wp\/v2\/pages\/9548\/revisions\/9552"}],"up":[{"embeddable":true,"href":"https:\/\/elfsight.com\/fr\/wp-json\/wp\/v2\/pages\/1677"}],"wp:attachment":[{"href":"https:\/\/elfsight.com\/fr\/wp-json\/wp\/v2\/media?parent=9548"}],"curies":[{"name":"wp","href":"https:\/\/api.w.org\/{rel}","templated":true}]}}