{"id":9547,"date":"1970-01-01T00:00:00","date_gmt":"1970-01-01T00:00:00","guid":{"rendered":"https:\/\/elfsight.com\/fr\/?page_id=9547"},"modified":"2025-07-10T08:24:32","modified_gmt":"2025-07-10T08:24:32","slug":"joomla","status":"publish","type":"page","link":"https:\/\/elfsight.com\/fr\/paypal-button-widget-generator\/joomla\/","title":{"rendered":"PayPal Button &#8211; Joomla"},"content":{"rendered":"<div class=\"application-platform-content-item-description application-platform-content-item\" id=\"description\" data-nav-section=\"description\"><h2>Description<\/h2><p>Le module Elfsight PayPal Button est un moyen simple de permettre \u00e0 vos acheteurs de payer avec PayPal sur votre site Web. Il permet de cr\u00e9er des boutons pour les paiements, les abonnements et les dons. Il est facile d\u2019ajouter les taxes et le prix de livraison, de choisir la localisation et la devise, de d\u00e9montrer le texte et bien plus encore. D\u00e9marrez une pratique de paiement pratique et s\u00fbre pour votre public en utilisant l&rsquo;une des m\u00e9thodes les plus fiables.<\/p><p><b>Ajoutez des paiements PayPal \u00e0 votre site Web sans trop d&rsquo;effort\u00a0!<\/b><\/p><p><b>Un syst\u00e8me de paiement pratique sur votre site Web sans codage en un instant<\/b>.<br>Les clients appr\u00e9cient le paiement en ligne s\u00e9curis\u00e9. Concevez votre propre bouton PayPal avec Elfsight et vous fournirez un instrument de paiement simple et rapide \u00e0 vos clients. Pas de codage, pas de soucis.<\/p><p><b>Un outil unique pour traiter les paiements, les abonnements et les dons<\/b>.<br>Permettez \u00e0 vos utilisateurs de payer, de s&rsquo;abonner et de faire un don \u00e0 votre entreprise. Tout cela est disponible dans un instrument polyvalent d&rsquo;Elfsight pour vous aider \u00e0 \u00e9conomiser des efforts et du temps.<\/p><p><b>L&rsquo;un des modes de paiement les plus fiables et les plus connus de votre site<\/b>.<br> Il est indispensable d&rsquo;int\u00e9grer votre site Web \u00e0 l&rsquo;un des services payants les plus s\u00e9curis\u00e9s et les plus populaires. Et gr\u00e2ce au bouton PayPal Elfsight, cela ne prendra que quelques secondes.<\/p><\/div><div class=\"application-platform-content-item-features application-platform-content-item\" id=\"features\" data-nav-section=\"features\"><h2>Fonctionnalit\u00e9s<\/h2><p>D\u00e9couvrez pourquoi le plugin PayPal Elfsight est le meilleur, ici sont ses fonctionnalit\u00e9s utiles\u00a0:<\/p><ul><li>Option pour ajouter le nom du produit;<\/li><li>Option pour d\u00e9finir le prix d&rsquo;exp\u00e9dition;<\/li><li>Largeur du bouton r\u00e9glable;<\/li><li>Texte du bouton et couleur du texte r\u00e9glables\u00a0;<\/li><li>Afficher ou masquer l&rsquo;ic\u00f4ne PayPal.<\/li><\/ul><p><a href=\"#demo\">Testez toutes les fonctionnalit\u00e9s dans la d\u00e9mo en direct<\/a><\/p><\/div><div class=\"application-platform-content-item-installation application-platform-content-item\" id=\"installation\" data-nav-section=\"installation\"><h2>Comment ajouter l&rsquo;extension du bouton PayPal au site Web Joomla<\/h2><div class=\"video-container\"><iframe width=\"720\" height=\"405\" src=\"https:\/\/www.youtube.com\/embed\/xFSlWteoNrY\" frameborder=\"0\" allowfullscreen=\"\"><\/iframe><\/div><p>Suivez simplement les instructions ci-dessous pour commencer \u00e0 travailler avec l&rsquo;extension sur Joomla.<\/p> <ol><li><b>Utilisez notre configurateur gratuit et commencez \u00e0 cr\u00e9er votre widget personnalis\u00e9. <\/b><br> Choisissez l&rsquo;apparence et les caract\u00e9ristiques fonctionnelles appropri\u00e9es de l&rsquo;extension du bouton PayPal et enregistrez les corrections. <\/li> <li><b>Obtenez votre code personnel qui est affich\u00e9 dans la case sur les applications Elfsight. <\/b><br> D\u00e8s que l&rsquo;installation de votre extension est termin\u00e9e, copiez le code personnel dans la fen\u00eatre qui appara\u00eet et conservez-le pour une occasion ult\u00e9rieure. <\/li> <li><b>Lancer l&rsquo;application de l&rsquo;extension sur le site Joomla. <\/b><br> Saisissez le code enregistr\u00e9 r\u00e9cemment dans votre site Web et appliquez les modifications. <\/li> <li><b>L&rsquo;installation est effectu\u00e9e avec succ\u00e8s. <\/b><br> Acc\u00e9dez \u00e0 votre page pour voir en action comment fonctionne le plugin. <\/li><\/ol><p>Vous n&rsquo;avez pas r\u00e9ussi \u00e0 fa\u00e7onner votre module ou \u00e0 l&rsquo;ins\u00e9rer dans votre site\u00a0? Contactez notre centre d&rsquo;assistance.<\/p><div class=\"faq\" data-component=\"FAQ\"> <div class=\"faq-item\">\r\n\t\t\t\t\t<div class=\"faq-item-question\">\r\n\t\t\t\t\t\t<h3 class=\"faq-item-question-text\">Comment ajouter un bouton PayPal \u00e0 mon site Joomla sans comp\u00e9tences en codage ?<\/h3>\r\n\r\n\t\t\t\t\t\t<div class=\"faq-item-question-icon\"><\/div>\r\n\t\t\t\t\t<\/div>\r\n\r\n\t\t\t\t\t<div class=\"faq-item-answer\">\r\n\t\t\t\t\t\t<div class=\"faq-item-answer-text\"> <p>Elfsight propose une solution SaaS qui vous permet de cr\u00e9er vous-m\u00eame un widget de bouton PayPal. , voyez \u00e0 quel point le processus est simple\u00a0: travaillez directement dans l&rsquo;\u00e9diteur en ligne pour cr\u00e9er un widget de bouton PayPal que vous aimeriez voir sur votre site Web Joomla. Choisissez l&rsquo;un des mod\u00e8les pr\u00e9d\u00e9finis et ajustez les param\u00e8tres du bouton PayPal, ajoutez votre contenu, modifiez la mise en page et les couleurs sans aucune comp\u00e9tence en codage. Enregistrez le bouton PayPal et copiez son code d&rsquo;installation, que vous pourrez facilement coller sur votre site Joomla sans acheter d&rsquo;abonnement payant. Gr\u00e2ce \u00e0 notre \u00e9diteur intuitif, tout internaute peut cr\u00e9er un widget de bouton PayPal en ligne et l&rsquo;int\u00e9grer facilement \u00e0 son site Web Joomla. Il n&rsquo;est pas n\u00e9cessaire de payer ou de saisir les informations d&rsquo;identification de votre carte pour acc\u00e9der au service. Si vous rencontrez des probl\u00e8mes \u00e0 n&rsquo;importe quelle \u00e9tape, n&rsquo;h\u00e9sitez pas \u00e0 contacter notre \u00e9quipe d&rsquo;assistance technique.<\/p> <\/div>\r\n\t\t\t\t\t<\/div>\r\n\t\t\t\t<\/div> <\/div> <\/div>","protected":false},"excerpt":{"rendered":"","protected":false},"author":9,"featured_media":0,"parent":1677,"menu_order":0,"comment_status":"closed","ping_status":"closed","template":"templates\/template-application-platform.php","meta":{"publish_to_discourse":"","publish_post_category":"","wpdc_auto_publish_overridden":"","wpdc_topic_tags":"","wpdc_pin_topic":"","wpdc_pin_until":"","discourse_post_id":"","discourse_permalink":"","wpdc_publishing_response":"","wpdc_publishing_error":"","footnotes":""},"class_list":["post-9547","page","type-page","status-publish","hentry"],"yoast_head":"<!-- This site is optimized with the Yoast SEO plugin v25.3.1 - https:\/\/yoast.com\/wordpress\/plugins\/seo\/ -->\n<title>Bouton PayPal - Ajouter l&#039;extension PayPal au site Web Joomla (en 2 minutes)<\/title>\n<meta name=\"description\" content=\"Concevez votre extension de bouton PayPal personnalis\u00e9e pour Joomla en seulement 2 minutes. Essayez gratuitement le panneau de cr\u00e9ation de plugin le plus rapide d&#039;Elfsight.\" \/>\n<meta name=\"robots\" content=\"index, follow, max-snippet:-1, max-image-preview:large, max-video-preview:-1\" \/>\n<link rel=\"canonical\" href=\"https:\/\/elfsight.com\/fr\/paypal-button-widget-generator\/joomla\/\" \/>\n<meta property=\"og:locale\" content=\"fr_FR\" \/>\n<meta property=\"og:type\" content=\"article\" \/>\n<meta property=\"og:title\" content=\"Bouton PayPal - Ajouter l&#039;extension PayPal au site Web Joomla (en 2 minutes)\" \/>\n<meta property=\"og:description\" content=\"Concevez votre extension de bouton PayPal personnalis\u00e9e pour Joomla en seulement 2 minutes. Essayez gratuitement le panneau de cr\u00e9ation de plugin le plus rapide d&#039;Elfsight.\" \/>\n<meta property=\"og:url\" content=\"https:\/\/elfsight.com\/fr\/paypal-button-widget-generator\/joomla\/\" \/>\n<meta property=\"og:site_name\" content=\"Elfsight FR\" \/>\n<meta property=\"article:modified_time\" content=\"2025-07-10T08:24:32+00:00\" \/>\n<meta name=\"twitter:card\" content=\"summary_large_image\" \/>\n<meta name=\"twitter:label1\" content=\"Dur\u00e9e de lecture estim\u00e9e\" \/>\n\t<meta name=\"twitter:data1\" content=\"3 minutes\" \/>\n<!-- \/ Yoast SEO plugin. -->","yoast_head_json":{"title":"Bouton PayPal - Ajouter l'extension PayPal au site Web Joomla (en 2 minutes)","description":"Concevez votre extension de bouton PayPal personnalis\u00e9e pour Joomla en seulement 2 minutes. Essayez gratuitement le panneau de cr\u00e9ation de plugin le plus rapide d'Elfsight.","robots":{"index":"index","follow":"follow","max-snippet":"max-snippet:-1","max-image-preview":"max-image-preview:large","max-video-preview":"max-video-preview:-1"},"canonical":"https:\/\/elfsight.com\/fr\/paypal-button-widget-generator\/joomla\/","og_locale":"fr_FR","og_type":"article","og_title":"Bouton PayPal - Ajouter l'extension PayPal au site Web Joomla (en 2 minutes)","og_description":"Concevez votre extension de bouton PayPal personnalis\u00e9e pour Joomla en seulement 2 minutes. Essayez gratuitement le panneau de cr\u00e9ation de plugin le plus rapide d'Elfsight.","og_url":"https:\/\/elfsight.com\/fr\/paypal-button-widget-generator\/joomla\/","og_site_name":"Elfsight FR","article_modified_time":"2025-07-10T08:24:32+00:00","twitter_card":"summary_large_image","twitter_misc":{"Dur\u00e9e de lecture estim\u00e9e":"3 minutes"},"schema":{"@context":"https:\/\/schema.org","@graph":[{"@type":"WebPage","@id":"https:\/\/elfsight.com\/fr\/paypal-button-widget-generator\/joomla\/","url":"https:\/\/elfsight.com\/fr\/paypal-button-widget-generator\/joomla\/","name":"Bouton PayPal - Ajouter l'extension PayPal au site Web Joomla (en 2 minutes)","isPartOf":{"@id":"https:\/\/elfsight.com\/fr\/#website"},"datePublished":"1970-01-01T00:00:00+00:00","dateModified":"2025-07-10T08:24:32+00:00","description":"Concevez votre extension de bouton PayPal personnalis\u00e9e pour Joomla en seulement 2 minutes. Essayez gratuitement le panneau de cr\u00e9ation de plugin le plus rapide d'Elfsight.","breadcrumb":{"@id":"https:\/\/elfsight.com\/fr\/paypal-button-widget-generator\/joomla\/#breadcrumb"},"inLanguage":"fr-FR","potentialAction":[{"@type":"ReadAction","target":["https:\/\/elfsight.com\/fr\/paypal-button-widget-generator\/joomla\/"]}]},{"@type":"BreadcrumbList","@id":"https:\/\/elfsight.com\/fr\/paypal-button-widget-generator\/joomla\/#breadcrumb","itemListElement":[{"@type":"ListItem","position":1,"name":"Home","item":"https:\/\/elfsight.com\/fr\/"},{"@type":"ListItem","position":2,"name":"PayPal Button","item":"https:\/\/elfsight.com\/fr\/paypal-button-widget-generator\/"},{"@type":"ListItem","position":3,"name":"PayPal Button &#8211; Joomla"}]},{"@type":"WebSite","@id":"https:\/\/elfsight.com\/fr\/#website","url":"https:\/\/elfsight.com\/fr\/","name":"Elfsight FR","description":"","potentialAction":[{"@type":"SearchAction","target":{"@type":"EntryPoint","urlTemplate":"https:\/\/elfsight.com\/fr\/?s={search_term_string}"},"query-input":{"@type":"PropertyValueSpecification","valueRequired":true,"valueName":"search_term_string"}}],"inLanguage":"fr-FR"}]}},"meta_box":{"industry":"","seo_heading":"","heading":"","description":"","cta_heading":"","cta_description":"","application":"1670","h1":"Extension du bouton PayPal pour Joomla","h1_caption":"Ajoutez un bouton Paypal \u00e0 votre site Web pour des paiements rapides et faciles directement via Paypal sur votre site Web Joomla sans effort.","application_category":[],"applications_title":"","applications_request_title":"","applications_request_button_text":"","hero_text":"","hero_video":"","hero_video_schema_markup":"","selling_points_title":"","selling_points_caption":"","selling_points":[],"selling_points_cta_text":"","features_title":"","features":"","ed_cta_examples_text":"","ed_cta_examples_hidden":"","ed_cta_demo_text":"","ed_cta_demo_hidden":"","why_caption":"","why_editor_title":"","why_editor_text":"","why_team_title":"","why_team_text":"","why_service_title":"","why_service_text":"","template_catalog_visible":"","template_catalog_title":"","template_catalog_text":"","template_catalog_categories_visible":"","demo_title":"Cr\u00e9ez votre plugin bouton PayPal","demo_caption":"Configurez votre bouton PayPal et ajoutez-le gratuitement \u00e0 votre site Joomla !","default_faq_hidden":"","app_template_category":[],"platform":"354","template_public_id":"","codecanyon_url":"","codecanyon_item_id":"","codecanyon_price":"","pricing_caption":"","pricing_elfsight_apps_hide_column":"","pricing_elfsight_apps_url":"","pricing_codecanyon_price_caption":"","integration_category":[],"integration_request_title":"","integration_request_cta":"","integration_platform":"","integrations":[],"platform_category":[],"video_schema_markup":"","price":"\u00e0 partir de 0$ \/ mois","trial":"","benefits":[{"text":"Assistance \u00e0 l'installation gratuite"},{"text":"Soutien exceptionnel"},{"text":"Garantie de remboursement de 14 jours"},{"text":"Mise \u00e0 jour constante"}],"button_url":"","button_target_blank":"","button_nofollow":"","attributes":[{"name":"Installations","content":"10,000 - 100,000"},{"name":"Sensible","content":"Oui"},{"name":"Navigateurs compatibles","content":"Firefox, Safari, Opera, Chrome, Edge"}],"tags":[],"tags_disable_links":"","hide_more_platforms":"","video_object":"","demo_hide_cta":"","demo_hide_cloud_options":"","pricing_title":"","pricing":[{"pricing_icon":"platform","pricing_title":"Elfsight Apps","pricing_title_caption":"Solution multiplateforme adapt\u00e9e \u00e0 tous les sites","pricing_price":"from $0 \/ month","pricing_price_caption":"commencez avec un forfait gratuit","pricing_benefits":[{"text":"Sites Web illimit\u00e9s"},{"text":"Assistance d\u00e9di\u00e9e et ponctuelle"},{"text":"Aide \u00e0 l'installation gratuite"},{"text":"Prix \u200b\u200b\u00e0 attraper pour plusieurs applications"}],"pricing_button_text":"Ajouter au site Web","pricing_button_url":"#demo"}],"related_apps_title":"","related_apps_hidden":"","author":"","image":[],"title":"","job":"","social_networks":[]},"_links":{"self":[{"href":"https:\/\/elfsight.com\/fr\/wp-json\/wp\/v2\/pages\/9547","targetHints":{"allow":["GET"]}}],"collection":[{"href":"https:\/\/elfsight.com\/fr\/wp-json\/wp\/v2\/pages"}],"about":[{"href":"https:\/\/elfsight.com\/fr\/wp-json\/wp\/v2\/types\/page"}],"author":[{"embeddable":true,"href":"https:\/\/elfsight.com\/fr\/wp-json\/wp\/v2\/users\/9"}],"replies":[{"embeddable":true,"href":"https:\/\/elfsight.com\/fr\/wp-json\/wp\/v2\/comments?post=9547"}],"version-history":[{"count":1,"href":"https:\/\/elfsight.com\/fr\/wp-json\/wp\/v2\/pages\/9547\/revisions"}],"predecessor-version":[{"id":9551,"href":"https:\/\/elfsight.com\/fr\/wp-json\/wp\/v2\/pages\/9547\/revisions\/9551"}],"up":[{"embeddable":true,"href":"https:\/\/elfsight.com\/fr\/wp-json\/wp\/v2\/pages\/1677"}],"wp:attachment":[{"href":"https:\/\/elfsight.com\/fr\/wp-json\/wp\/v2\/media?parent=9547"}],"curies":[{"name":"wp","href":"https:\/\/api.w.org\/{rel}","templated":true}]}}