{"id":9540,"date":"1970-01-01T00:00:00","date_gmt":"1970-01-01T00:00:00","guid":{"rendered":"https:\/\/elfsight.com\/fr\/?page_id=9540"},"modified":"2025-07-10T08:24:09","modified_gmt":"2025-07-10T08:24:09","slug":"html","status":"publish","type":"page","link":"https:\/\/elfsight.com\/fr\/paypal-button-widget-generator\/html\/","title":{"rendered":"PayPal Button &#8211; HTML"},"content":{"rendered":"<div class=\"application-platform-content-item-description application-platform-content-item\" id=\"description\" data-nav-section=\"description\"><h2>Description<\/h2><p>Ajoutez un outil de paiement simple et fiable \u00e0 votre site. En utilisant le bouton PayPal Elfsight, vous pouvez recevoir des paiements uniques, des abonnements et des dons de clients. Cr\u00e9ez votre bouton personnalis\u00e9, en choisissant une variante de fonctionnalit\u00e9s de paiement, de devise, de localisation et d&rsquo;interface utilisateur pour le rendre unique. Votre client\u00e8le adorera la proc\u00e9dure de paiement rapide et confortable sur votre site \u00e0 l&rsquo;aide du bouton PayPal.<\/p><p><b>Ajoutez le paiement PayPal sur votre site sans trop d&rsquo;effort\u00a0!<\/b><\/p><p> <b>Un instrument de paiement pratique sur votre site Web sans codage en un rien de temps<\/b>.<br>Il est tr\u00e8s important pour une entreprise prosp\u00e8re d&rsquo;offrir \u00e0 son public une option pratique pour payer en ligne. Ajoutez le bouton PayPal Elfsight \u00e0 votre site Web et il remplira la t\u00e2che \u00e0 votre place.<\/p><p><b>Une solution universelle pour accepter les paiements, les abonnements et les dons<\/b>.<br>N&rsquo;avoir qu&rsquo;un seul outil en Elfsight, vous pouvez obtenir des boutons permettant aux clients de payer, de s&rsquo;abonner et de faire un don sur votre site Web. \u00c9conomisez du temps et de l&rsquo;argent et ajoutez un instrument multifonctionnel qui vous offre une gamme d&rsquo;options.<\/p><p><b>L&rsquo;un des modes de paiement les plus fiables et les plus r\u00e9pandus sur votre site<\/b>.<br>C&rsquo;est une bonne pratique pour int\u00e9grer votre site Web \u00e0 l\u2019un des modes de paiement les plus fiables et les plus connus. Et gr\u00e2ce au bouton PayPal d&rsquo;Elfsight, cela ne prendra que quelques secondes.<\/p><\/div><div class=\"application-platform-content-item-features application-platform-content-item\" id=\"features\" data-nav-section=\"features\"><h2>Fonctionnalit\u00e9s<\/h2><p>D\u00e9couvrez les fonctionnalit\u00e9s qui font de notre widget l&rsquo;un des le meilleur pour payer sur un site Web\u00a0:<\/p><ul><li>Configurer la localisation de votre bouton \u00e0 partir de la liste pr\u00e9d\u00e9finie de pays\u00a0;<\/li><li>Deux variantes d&rsquo;indication de taxe\u00a0: forfaitaire ou en pourcentage\u00a0;<\/li><li>Taille r\u00e9active pour une apparence optimale sur n&rsquo;importe quel appareil\u00a0;<\/li><li>Choix de la couleur des boutons\u00a0;<\/li><li>Quatre ic\u00f4nes de syst\u00e8mes de paiement commutables pour plus de confiance et de s\u00e9curit\u00e9 des clients.<\/li><\/ul><p>Plus d&rsquo;options dans notre \u00e9diteur<\/p><\/div><div class=\"application-platform-content-item-installation application-platform-content-item\" id=\"installation\" data-nav-section=\"installation\"><h2>Comment ajouter un code de bouton PayPal \u00e0 un site Web HTML<\/h2><div class=\"video-container\"> <iframe width=\"720\" height=\"405\" src=\"https:\/\/www.youtube.com\/embed\/5yMPWi2f1nQ\" frameborder=\"0\" allowfullscreen=\"\"><\/iframe><\/div><p> Un petit guide pour l&rsquo;int\u00e9gration du widget sur HTML par vous-m\u00eame. Pour effectuer l&rsquo;int\u00e9gration, vous n&rsquo;\u00eates pas oblig\u00e9 d&#8217;embaucher un d\u00e9veloppeur ou d&rsquo;avoir personnellement des comp\u00e9tences en d\u00e9veloppement Web. La dur\u00e9e compl\u00e8te de l&rsquo;installation n&rsquo;est que de quelques minutes.<\/p><ol><li><b>G\u00e9n\u00e9rez votre bouton PayPal unique.<\/b><br>\u00c0 l&rsquo;aide de notre configurateur gratuit, cr\u00e9ez un plugin avec le mod\u00e8le et les capacit\u00e9s souhait\u00e9s. .<\/li><li><b>Copiez le code pour int\u00e9grer le plugin.<\/b><br>Apr\u00e8s la personnalisation du widget, r\u00e9cup\u00e9rez le code du plugin PayPal \u00e0 partir de la notification qui appara\u00eet sur les applications Elfsight.<\/li><li><b>Ins\u00e9rez le widget dans le site Web HTML.<\/b><br>D\u00e9marrez le code de la page dans l&rsquo;\u00e9diteur HTML, ajoutez le widget \u00e0 l&rsquo;endroit s\u00e9lectionn\u00e9 (contenu, pied de page, barre lat\u00e9rale, etc.) et appliquez les r\u00e9sultats.<\/li><li><b>L&rsquo;int\u00e9gration est r\u00e9ussie\u00a0!<\/b><br>Entrez sur le site HTML pour v\u00e9rifier votre travail.<\/li><\/ol><p>Vous rencontrez des probl\u00e8mes lors de l&rsquo;affichage ou du r\u00e9glage du plugin ? Consultez un article complet sur l&rsquo;ajustement du plugin sur HTML ou laissez une demande \u00e0 notre centre d&rsquo;assistance.<\/p><div class=\"faq\" data-component=\"FAQ\"> <div class=\"faq-item\">\r\n\t\t\t\t\t<div class=\"faq-item-question\">\r\n\t\t\t\t\t\t<h3 class=\"faq-item-question-text\">Comment puis-je ajouter un bouton PayPal \u00e0 mon site Web HTML sans comp\u00e9tences en codage ?<\/h3>\r\n\r\n\t\t\t\t\t\t<div class=\"faq-item-question-icon\"><\/div>\r\n\t\t\t\t\t<\/div>\r\n\r\n\t\t\t\t\t<div class=\"faq-item-answer\">\r\n\t\t\t\t\t\t<div class=\"faq-item-answer-text\"> <p>Elfsight fournit une solution SaaS qui vous permet de cr\u00e9er vous-m\u00eame un widget de bouton PayPal. Voyez \u00e0 quel point le processus est simple\u00a0: travaillez directement dans l&rsquo;\u00e9diteur en ligne pour cr\u00e9er un widget de bouton PayPal que vous aimeriez voir sur votre site Web HTML. Choisissez l&rsquo;un des mod\u00e8les pr\u00e9d\u00e9finis et ajustez les param\u00e8tres du bouton PayPal, ajoutez votre contenu, modifiez la mise en page et les couleurs sans comp\u00e9tences en codage. Enregistrez le bouton PayPal et copiez son code d&rsquo;installation, que vous pourrez facilement coller dans votre site Web HTML sans avoir besoin d&rsquo;acheter un abonnement payant. Gr\u00e2ce \u00e0 notre \u00e9diteur intuitif, tout internaute peut cr\u00e9er un widget de bouton PayPal en ligne et l&rsquo;int\u00e9grer facilement \u00e0 son site Web HTML. Il n&rsquo;est pas n\u00e9cessaire de payer ou de saisir les informations d&rsquo;identification de votre carte pour acc\u00e9der au service. Si vous rencontrez des probl\u00e8mes \u00e0 n&rsquo;importe quelle \u00e9tape, n&rsquo;h\u00e9sitez pas \u00e0 contacter notre \u00e9quipe d&rsquo;assistance technique.<\/p> <\/div>\r\n\t\t\t\t\t<\/div>\r\n\t\t\t\t<\/div> <\/div> <\/div>","protected":false},"excerpt":{"rendered":"","protected":false},"author":9,"featured_media":0,"parent":1677,"menu_order":0,"comment_status":"closed","ping_status":"closed","template":"templates\/template-application-platform.php","meta":{"publish_to_discourse":"","publish_post_category":"","wpdc_auto_publish_overridden":"","wpdc_topic_tags":"","wpdc_pin_topic":"","wpdc_pin_until":"","discourse_post_id":"","discourse_permalink":"","wpdc_publishing_response":"","wpdc_publishing_error":"","footnotes":""},"class_list":["post-9540","page","type-page","status-publish","hentry"],"yoast_head":"<!-- This site is optimized with the Yoast SEO plugin v25.3.1 - https:\/\/yoast.com\/wordpress\/plugins\/seo\/ -->\n<title>Bouton PayPal - Ajouter le code de paiement PayPal au site Web HTML (2025)<\/title>\n<meta name=\"description\" content=\"Installez le code du bouton PayPal sur votre site Web HTML en quelques minutes seulement. Cr\u00e9ation rapide et simple de n&#039;importe quel widget de paiement de site Web par Elfsight.\" \/>\n<meta name=\"robots\" content=\"index, follow, max-snippet:-1, max-image-preview:large, max-video-preview:-1\" \/>\n<link rel=\"canonical\" href=\"https:\/\/elfsight.com\/fr\/paypal-button-widget-generator\/html\/\" \/>\n<meta property=\"og:locale\" content=\"fr_FR\" \/>\n<meta property=\"og:type\" content=\"article\" \/>\n<meta property=\"og:title\" content=\"Bouton PayPal - Ajouter le code de paiement PayPal au site Web HTML (2025)\" \/>\n<meta property=\"og:description\" content=\"Installez le code du bouton PayPal sur votre site Web HTML en quelques minutes seulement. Cr\u00e9ation rapide et simple de n&#039;importe quel widget de paiement de site Web par Elfsight.\" \/>\n<meta property=\"og:url\" content=\"https:\/\/elfsight.com\/fr\/paypal-button-widget-generator\/html\/\" \/>\n<meta property=\"og:site_name\" content=\"Elfsight FR\" \/>\n<meta property=\"article:modified_time\" content=\"2025-07-10T08:24:09+00:00\" \/>\n<meta name=\"twitter:card\" content=\"summary_large_image\" \/>\n<meta name=\"twitter:label1\" content=\"Dur\u00e9e de lecture estim\u00e9e\" \/>\n\t<meta name=\"twitter:data1\" content=\"4 minutes\" \/>\n<!-- \/ Yoast SEO plugin. -->","yoast_head_json":{"title":"Bouton PayPal - Ajouter le code de paiement PayPal au site Web HTML (2025)","description":"Installez le code du bouton PayPal sur votre site Web HTML en quelques minutes seulement. Cr\u00e9ation rapide et simple de n'importe quel widget de paiement de site Web par Elfsight.","robots":{"index":"index","follow":"follow","max-snippet":"max-snippet:-1","max-image-preview":"max-image-preview:large","max-video-preview":"max-video-preview:-1"},"canonical":"https:\/\/elfsight.com\/fr\/paypal-button-widget-generator\/html\/","og_locale":"fr_FR","og_type":"article","og_title":"Bouton PayPal - Ajouter le code de paiement PayPal au site Web HTML (2025)","og_description":"Installez le code du bouton PayPal sur votre site Web HTML en quelques minutes seulement. Cr\u00e9ation rapide et simple de n'importe quel widget de paiement de site Web par Elfsight.","og_url":"https:\/\/elfsight.com\/fr\/paypal-button-widget-generator\/html\/","og_site_name":"Elfsight FR","article_modified_time":"2025-07-10T08:24:09+00:00","twitter_card":"summary_large_image","twitter_misc":{"Dur\u00e9e de lecture estim\u00e9e":"4 minutes"},"schema":{"@context":"https:\/\/schema.org","@graph":[{"@type":"WebPage","@id":"https:\/\/elfsight.com\/fr\/paypal-button-widget-generator\/html\/","url":"https:\/\/elfsight.com\/fr\/paypal-button-widget-generator\/html\/","name":"Bouton PayPal - Ajouter le code de paiement PayPal au site Web HTML (2025)","isPartOf":{"@id":"https:\/\/elfsight.com\/fr\/#website"},"datePublished":"1970-01-01T00:00:00+00:00","dateModified":"2025-07-10T08:24:09+00:00","description":"Installez le code du bouton PayPal sur votre site Web HTML en quelques minutes seulement. Cr\u00e9ation rapide et simple de n'importe quel widget de paiement de site Web par Elfsight.","breadcrumb":{"@id":"https:\/\/elfsight.com\/fr\/paypal-button-widget-generator\/html\/#breadcrumb"},"inLanguage":"fr-FR","potentialAction":[{"@type":"ReadAction","target":["https:\/\/elfsight.com\/fr\/paypal-button-widget-generator\/html\/"]}]},{"@type":"BreadcrumbList","@id":"https:\/\/elfsight.com\/fr\/paypal-button-widget-generator\/html\/#breadcrumb","itemListElement":[{"@type":"ListItem","position":1,"name":"Home","item":"https:\/\/elfsight.com\/fr\/"},{"@type":"ListItem","position":2,"name":"PayPal Button","item":"https:\/\/elfsight.com\/fr\/paypal-button-widget-generator\/"},{"@type":"ListItem","position":3,"name":"PayPal Button &#8211; HTML"}]},{"@type":"WebSite","@id":"https:\/\/elfsight.com\/fr\/#website","url":"https:\/\/elfsight.com\/fr\/","name":"Elfsight FR","description":"","potentialAction":[{"@type":"SearchAction","target":{"@type":"EntryPoint","urlTemplate":"https:\/\/elfsight.com\/fr\/?s={search_term_string}"},"query-input":{"@type":"PropertyValueSpecification","valueRequired":true,"valueName":"search_term_string"}}],"inLanguage":"fr-FR"}]}},"meta_box":{"industry":"","seo_heading":"","heading":"","description":"","cta_heading":"","cta_description":"","application":"1670","h1":"Code HTML du bouton PayPal","h1_caption":"Ajoutez un bouton Paypal \u00e0 votre site Web pour des paiements rapides et faciles directement via Paypal sur votre site Web HTML sans effort.","application_category":[],"applications_title":"","applications_request_title":"","applications_request_button_text":"","hero_text":"","hero_video":"","hero_video_schema_markup":"","selling_points_title":"","selling_points_caption":"","selling_points":[],"selling_points_cta_text":"","features_title":"","features":"","ed_cta_examples_text":"","ed_cta_examples_hidden":"","ed_cta_demo_text":"","ed_cta_demo_hidden":"","why_caption":"","why_editor_title":"","why_editor_text":"","why_team_title":"","why_team_text":"","why_service_title":"","why_service_text":"","template_catalog_visible":"","template_catalog_title":"","template_catalog_text":"","template_catalog_categories_visible":"","demo_title":"Cr\u00e9ez votre widget Bouton PayPal","demo_caption":"Configurez votre bouton PayPal et ajoutez-le \u00e0 votre site Web HTML gratuitement\u00a0!","default_faq_hidden":"","app_template_category":[],"platform":"352","template_public_id":"","codecanyon_url":"","codecanyon_item_id":"","codecanyon_price":"","pricing_caption":"","pricing_elfsight_apps_hide_column":"","pricing_elfsight_apps_url":"","pricing_codecanyon_price_caption":"","integration_category":[],"integration_request_title":"","integration_request_cta":"","integration_platform":"","integrations":[],"platform_category":[],"video_schema_markup":"","price":"\u00e0 partir de 0$ \/ mois","trial":"","benefits":[{"text":"Aide \u00e0 l'installation gratuite"},{"text":"Assistance premium"},{"text":"Garantie de remboursement de 14 jours"},{"text":"Futures mises \u00e0 jour gratuites"}],"button_url":"","button_target_blank":"","button_nofollow":"","attributes":[{"name":"Installations","content":"10,000 - 100,000"},{"name":"Sensible","content":"Oui"},{"name":"Navigateurs compatibles","content":"Firefox, Safari, Opera, Chrome, Edge"}],"tags":[],"tags_disable_links":"","hide_more_platforms":"","video_object":"","demo_hide_cta":"","demo_hide_cloud_options":"","pricing_title":"","pricing":[{"pricing_icon":"platform","pricing_title":"Elfsight Apps","pricing_title_caption":"Version multiplateforme adapt\u00e9e \u00e0 n'importe quel site Web","pricing_price":"from $0 \/ month","pricing_price_caption":"commencez avec un forfait gratuit","pricing_benefits":[{"text":"Domaines illimit\u00e9s"},{"text":"Support rapide de l\u2019entreprise et bien document\u00e9"},{"text":"Aide \u00e0 l'installation gratuite"},{"text":"Prix \u200b\u200bsp\u00e9cial pour plusieurs applications"}],"pricing_button_text":"Ajouter au site Web","pricing_button_url":"#demo"}],"related_apps_title":"","related_apps_hidden":"","author":"","image":[],"title":"","job":"","social_networks":[]},"_links":{"self":[{"href":"https:\/\/elfsight.com\/fr\/wp-json\/wp\/v2\/pages\/9540","targetHints":{"allow":["GET"]}}],"collection":[{"href":"https:\/\/elfsight.com\/fr\/wp-json\/wp\/v2\/pages"}],"about":[{"href":"https:\/\/elfsight.com\/fr\/wp-json\/wp\/v2\/types\/page"}],"author":[{"embeddable":true,"href":"https:\/\/elfsight.com\/fr\/wp-json\/wp\/v2\/users\/9"}],"replies":[{"embeddable":true,"href":"https:\/\/elfsight.com\/fr\/wp-json\/wp\/v2\/comments?post=9540"}],"version-history":[{"count":1,"href":"https:\/\/elfsight.com\/fr\/wp-json\/wp\/v2\/pages\/9540\/revisions"}],"predecessor-version":[{"id":9544,"href":"https:\/\/elfsight.com\/fr\/wp-json\/wp\/v2\/pages\/9540\/revisions\/9544"}],"up":[{"embeddable":true,"href":"https:\/\/elfsight.com\/fr\/wp-json\/wp\/v2\/pages\/1677"}],"wp:attachment":[{"href":"https:\/\/elfsight.com\/fr\/wp-json\/wp\/v2\/media?parent=9540"}],"curies":[{"name":"wp","href":"https:\/\/api.w.org\/{rel}","templated":true}]}}