{"id":9538,"date":"1970-01-01T00:00:00","date_gmt":"1970-01-01T00:00:00","guid":{"rendered":"https:\/\/elfsight.com\/fr\/?page_id=9538"},"modified":"2025-07-10T08:25:05","modified_gmt":"2025-07-10T08:25:05","slug":"opencart","status":"publish","type":"page","link":"https:\/\/elfsight.com\/fr\/paypal-button-widget-generator\/opencart\/","title":{"rendered":"PayPal Button &#8211; OpenCart"},"content":{"rendered":"<div class=\"application-platform-content-item-description application-platform-content-item\" id=\"description\" data-nav-section=\"description\"><h2>Description<\/h2><p>L&rsquo;int\u00e9gration du bouton PayPal est un moyen simple de permettre \u00e0 vos utilisateurs d&rsquo;effectuer des paiements via PayPal sur votre site. Il permet d&rsquo;afficher des boutons pour les paiements, les abonnements r\u00e9p\u00e9t\u00e9s et les dons. Il est facile d\u2019ajouter les taxes et les prix d\u2019exp\u00e9dition, de modifier la localisation et la devise, d\u2019ajouter du texte et bien plus encore. Organisez une proc\u00e9dure de paiement pratique et s\u00fbre pour vos utilisateurs \u00e0 l&rsquo;aide de l&rsquo;un des instruments de paiement mobiles les plus r\u00e9put\u00e9s.<\/p><p><b>Permettez \u00e0 vos acheteurs d&rsquo;effectuer des paiements via PayPal sur votre site Web et augmentez vos ventes\u00a0! <\/b><\/p><p><b>Une proc\u00e9dure de paiement pratique sur votre site &#8211; en un rien de temps<\/b>.<br> Il est tr\u00e8s important pour une entreprise prosp\u00e8re d&rsquo;offrir \u00e0 sa client\u00e8le des paiements en ligne faciles. Int\u00e9grez le bouton PayPal Elfsight \u00e0 votre site et vous y parviendrez facilement et rapidement.<\/p><p><b>Une solution universelle pour accepter les paiements, les abonnements et les dons<\/b>.<br> Avec un seul widget par Elfsight, vous pouvez concevoir des boutons pour payer, vous abonner et faire un don sur votre site Web. Gagnez du temps et des efforts et obtenez un instrument multifonctionnel qui vous offre une vari\u00e9t\u00e9 d&rsquo;options.<\/p><p><b>L&rsquo;un des syst\u00e8mes de paiement les plus s\u00fbrs et les plus populaires sur votre site Web<\/b>.<br> Cr\u00e9ez votre site vraiment confortable pour vos acheteurs et stimuler les ventes. Permettez aux utilisateurs de payer via un instrument connu et fiable sur votre site Web et montrez-leur que votre entreprise est fiable.<\/p><\/div><div class=\"application-platform-content-item-features application-platform-content-item\" id=\"features\" data-nav-section=\"features\"><h2>Fonctionnalit\u00e9s<\/h2><p> D\u00e9couvrez les fonctionnalit\u00e9s qui font de notre int\u00e9gration l&rsquo;une des meilleures pour le paiement sur site\u00a0:<\/p><ul><li>Trois types de boutons\u00a0:\u00a0Paiement unique, Abonnement, Don\u00a0;<\/li><li>Option de d\u00e9finition du prix d&rsquo;exp\u00e9dition\u00a0; <\/li><li>Taille r\u00e9active pour un look optimal sur n&rsquo;importe quel appareil\u00a0;<\/li><li>Options de bordure de bouton\u00a0: taille, couleur, rayon\u00a0;<\/li><li>Option pour diriger un client vers un site personnalis\u00e9 Merci page apr\u00e8s une transaction r\u00e9ussie.<\/li><\/ul><p><a href=\"#demo\">Testez toutes les caract\u00e9ristiques dans la d\u00e9mo gratuite<\/a><\/p><\/div><div class=\"application-platform-content-item-installation  application-platform-content-item\" id=\"installation \" data-nav-section=\"installation \"><h2>Comment ajouter le bouton PayPal au site Web OpenCart<\/h2><p>Suivez simplement quelques \u00e9tapes d\u00e9crites ci-dessous pour int\u00e9grer le widget sur OpenCart.<\/p> <ol><li><b>Effectuez notre d\u00e9mo gratuite et commencez \u00e0 cr\u00e9er votre widget unique. <\/b><br> D\u00e9terminez l&rsquo;interface et les caract\u00e9ristiques souhait\u00e9es du widget et appliquez les modifications. <\/li> <li><b>Recevez votre code individuel qui appara\u00eet dans le formulaire sp\u00e9cial sur Elfsight Apps. <\/b><br> Une fois la configuration de votre widget termin\u00e9e, copiez le code exclusif de la fen\u00eatre contextuelle qui appara\u00eet et conservez-le pour une utilisation future. <\/li> <li><b>Commencez \u00e0 utiliser le widget Bouton PayPal sur votre site Web OpenCart. <\/b><br> Placez le code enregistr\u00e9 pr\u00e9c\u00e9demment dans votre site Web et appliquez les ajustements. <\/li> <li><b>Vous avez termin\u00e9\u00a0! La configuration est enti\u00e8rement effectu\u00e9e. <\/b><br> Acc\u00e9dez \u00e0 votre site Web pour v\u00e9rifier le fonctionnement de l&rsquo;outil. <\/li><\/ol> <p>Vous avez du mal \u00e0 int\u00e9grer l&rsquo;extension sur votre site ou \u00e0 la personnaliser\u00a0? Contactez notre service client.<\/p><div class=\"faq\" data-component=\"FAQ\"> <div class=\"faq-item\">\r\n\t\t\t\t\t<div class=\"faq-item-question\">\r\n\t\t\t\t\t\t<h3 class=\"faq-item-question-text\">Comment ajouter un bouton PayPal \u00e0 mon site OpenCart sans comp\u00e9tences en codage ?<\/h3>\r\n\r\n\t\t\t\t\t\t<div class=\"faq-item-question-icon\"><\/div>\r\n\t\t\t\t\t<\/div>\r\n\r\n\t\t\t\t\t<div class=\"faq-item-answer\">\r\n\t\t\t\t\t\t<div class=\"faq-item-answer-text\"> <p>Elfsight propose une solution SaaS qui vous permet de cr\u00e9er un compte PayPal. widget de bouton vous-m\u00eame, voyez \u00e0 quel point le processus est simple : travaillez directement dans l&rsquo;\u00e9diteur en ligne pour cr\u00e9er un widget de bouton PayPal que vous aimeriez voir sur votre site Web OpenCart. Choisissez l&rsquo;un des mod\u00e8les pr\u00e9d\u00e9finis et ajustez les param\u00e8tres du bouton PayPal, ajoutez votre contenu, modifiez la mise en page et les couleurs sans aucune comp\u00e9tence en codage. Enregistrez le bouton PayPal et copiez son code d&rsquo;installation, que vous pouvez facilement coller sur votre site Web OpenCart sans avoir besoin d&rsquo;acheter un forfait payant. Avec notre \u00e9diteur intuitif, tout internaute peut cr\u00e9er un widget de bouton PayPal en ligne et l&rsquo;int\u00e9grer facilement \u00e0 son site Web OpenCart. Il n&rsquo;est pas n\u00e9cessaire de payer ou de saisir les informations d&rsquo;identification de votre carte pour acc\u00e9der au service. Si vous rencontrez des probl\u00e8mes \u00e0 n&rsquo;importe quelle \u00e9tape, n&rsquo;h\u00e9sitez pas \u00e0 contacter notre \u00e9quipe d&rsquo;assistance technique.<\/p> <\/div>\r\n\t\t\t\t\t<\/div>\r\n\t\t\t\t<\/div> <\/div> <\/div>","protected":false},"excerpt":{"rendered":"","protected":false},"author":9,"featured_media":0,"parent":1677,"menu_order":0,"comment_status":"closed","ping_status":"closed","template":"templates\/template-application-platform.php","meta":{"publish_to_discourse":"","publish_post_category":"","wpdc_auto_publish_overridden":"","wpdc_topic_tags":"","wpdc_pin_topic":"","wpdc_pin_until":"","discourse_post_id":"","discourse_permalink":"","wpdc_publishing_response":"","wpdc_publishing_error":"","footnotes":""},"class_list":["post-9538","page","type-page","status-publish","hentry"],"yoast_head":"<!-- This site is optimized with the Yoast SEO plugin v25.3.1 - https:\/\/yoast.com\/wordpress\/plugins\/seo\/ -->\n<title>Bouton PayPal - Ajouter l&#039;extension PayPal au site Web OpenCart (2025)<\/title>\n<meta name=\"description\" content=\"Ajoutez l&#039;extension PayPal \u00e0 votre site Web OpenCart en seulement 3 minutes. Profitez gratuitement de nombreux avantages de la meilleure int\u00e9gration PayPal.\" \/>\n<meta name=\"robots\" content=\"index, follow, max-snippet:-1, max-image-preview:large, max-video-preview:-1\" \/>\n<link rel=\"canonical\" href=\"https:\/\/elfsight.com\/fr\/paypal-button-widget-generator\/opencart\/\" \/>\n<meta property=\"og:locale\" content=\"fr_FR\" \/>\n<meta property=\"og:type\" content=\"article\" \/>\n<meta property=\"og:title\" content=\"Bouton PayPal - Ajouter l&#039;extension PayPal au site Web OpenCart (2025)\" \/>\n<meta property=\"og:description\" content=\"Ajoutez l&#039;extension PayPal \u00e0 votre site Web OpenCart en seulement 3 minutes. Profitez gratuitement de nombreux avantages de la meilleure int\u00e9gration PayPal.\" \/>\n<meta property=\"og:url\" content=\"https:\/\/elfsight.com\/fr\/paypal-button-widget-generator\/opencart\/\" \/>\n<meta property=\"og:site_name\" content=\"Elfsight FR\" \/>\n<meta property=\"article:modified_time\" content=\"2025-07-10T08:25:05+00:00\" \/>\n<meta name=\"twitter:card\" content=\"summary_large_image\" \/>\n<meta name=\"twitter:label1\" content=\"Dur\u00e9e de lecture estim\u00e9e\" \/>\n\t<meta name=\"twitter:data1\" content=\"4 minutes\" \/>\n<!-- \/ Yoast SEO plugin. -->","yoast_head_json":{"title":"Bouton PayPal - Ajouter l'extension PayPal au site Web OpenCart (2025)","description":"Ajoutez l'extension PayPal \u00e0 votre site Web OpenCart en seulement 3 minutes. Profitez gratuitement de nombreux avantages de la meilleure int\u00e9gration PayPal.","robots":{"index":"index","follow":"follow","max-snippet":"max-snippet:-1","max-image-preview":"max-image-preview:large","max-video-preview":"max-video-preview:-1"},"canonical":"https:\/\/elfsight.com\/fr\/paypal-button-widget-generator\/opencart\/","og_locale":"fr_FR","og_type":"article","og_title":"Bouton PayPal - Ajouter l'extension PayPal au site Web OpenCart (2025)","og_description":"Ajoutez l'extension PayPal \u00e0 votre site Web OpenCart en seulement 3 minutes. Profitez gratuitement de nombreux avantages de la meilleure int\u00e9gration PayPal.","og_url":"https:\/\/elfsight.com\/fr\/paypal-button-widget-generator\/opencart\/","og_site_name":"Elfsight FR","article_modified_time":"2025-07-10T08:25:05+00:00","twitter_card":"summary_large_image","twitter_misc":{"Dur\u00e9e de lecture estim\u00e9e":"4 minutes"},"schema":{"@context":"https:\/\/schema.org","@graph":[{"@type":"WebPage","@id":"https:\/\/elfsight.com\/fr\/paypal-button-widget-generator\/opencart\/","url":"https:\/\/elfsight.com\/fr\/paypal-button-widget-generator\/opencart\/","name":"Bouton PayPal - Ajouter l'extension PayPal au site Web OpenCart (2025)","isPartOf":{"@id":"https:\/\/elfsight.com\/fr\/#website"},"datePublished":"1970-01-01T00:00:00+00:00","dateModified":"2025-07-10T08:25:05+00:00","description":"Ajoutez l'extension PayPal \u00e0 votre site Web OpenCart en seulement 3 minutes. Profitez gratuitement de nombreux avantages de la meilleure int\u00e9gration PayPal.","breadcrumb":{"@id":"https:\/\/elfsight.com\/fr\/paypal-button-widget-generator\/opencart\/#breadcrumb"},"inLanguage":"fr-FR","potentialAction":[{"@type":"ReadAction","target":["https:\/\/elfsight.com\/fr\/paypal-button-widget-generator\/opencart\/"]}]},{"@type":"BreadcrumbList","@id":"https:\/\/elfsight.com\/fr\/paypal-button-widget-generator\/opencart\/#breadcrumb","itemListElement":[{"@type":"ListItem","position":1,"name":"Home","item":"https:\/\/elfsight.com\/fr\/"},{"@type":"ListItem","position":2,"name":"PayPal Button","item":"https:\/\/elfsight.com\/fr\/paypal-button-widget-generator\/"},{"@type":"ListItem","position":3,"name":"PayPal Button &#8211; OpenCart"}]},{"@type":"WebSite","@id":"https:\/\/elfsight.com\/fr\/#website","url":"https:\/\/elfsight.com\/fr\/","name":"Elfsight FR","description":"","potentialAction":[{"@type":"SearchAction","target":{"@type":"EntryPoint","urlTemplate":"https:\/\/elfsight.com\/fr\/?s={search_term_string}"},"query-input":{"@type":"PropertyValueSpecification","valueRequired":true,"valueName":"search_term_string"}}],"inLanguage":"fr-FR"}]}},"meta_box":{"industry":"","seo_heading":"","heading":"","description":"","cta_heading":"","cta_description":"","application":"1670","h1":"Extension du bouton PayPal OpenCart","h1_caption":"Ajoutez un bouton Paypal \u00e0 votre site Web pour des paiements rapides et faciles directement via Paypal sur votre site Web Opencart sans effort.","application_category":[],"applications_title":"","applications_request_title":"","applications_request_button_text":"","hero_text":"","hero_video":"","hero_video_schema_markup":"","selling_points_title":"","selling_points_caption":"","selling_points":[],"selling_points_cta_text":"","features_title":"","features":"","ed_cta_examples_text":"","ed_cta_examples_hidden":"","ed_cta_demo_text":"","ed_cta_demo_hidden":"","why_caption":"","why_editor_title":"","why_editor_text":"","why_team_title":"","why_team_text":"","why_service_title":"","why_service_text":"","template_catalog_visible":"","template_catalog_title":"","template_catalog_text":"","template_catalog_categories_visible":"","demo_title":"Cr\u00e9ez votre extension de bouton PayPal","demo_caption":"Configurez votre bouton PayPal et ajoutez-le gratuitement \u00e0 votre site Web OpenCart\u00a0!","default_faq_hidden":"","app_template_category":[],"platform":"359","template_public_id":"","codecanyon_url":"","codecanyon_item_id":"","codecanyon_price":"","pricing_caption":"","pricing_elfsight_apps_hide_column":"","pricing_elfsight_apps_url":"","pricing_codecanyon_price_caption":"","integration_category":[],"integration_request_title":"","integration_request_cta":"","integration_platform":"","integrations":[],"platform_category":[],"video_schema_markup":"","price":"\u00e0 partir de 0$ \/ mois","trial":"","benefits":[{"text":"Aide \u00e0 l'installation gratuite"},{"text":"Service client comp\u00e9tent"},{"text":"Garantie de remboursement de 14 jours"},{"text":"Mises \u00e0 jour continues"}],"button_url":"","button_target_blank":"","button_nofollow":"","attributes":[{"name":"Installations","content":"10,000 - 100,000"},{"name":"Sensible","content":"Oui"},{"name":"Navigateurs compatibles","content":"Edge, Safari, Opera, Firefox, Chrome"}],"tags":[],"tags_disable_links":"","hide_more_platforms":"","video_object":"","demo_hide_cta":"","demo_hide_cloud_options":"","pricing_title":"","pricing":[{"pricing_icon":"platform","pricing_title":"Elfsight Apps","pricing_title_caption":"Solution num\u00e9rique multiplateforme adapt\u00e9e \u00e0 n'importe quel site Web","pricing_price":"from $0 \/ month","pricing_price_caption":"commencez avec un forfait gratuit","pricing_benefits":[{"text":"Domaines illimit\u00e9s"},{"text":"Support client professionnel"},{"text":"Aide \u00e0 l'installation gratuite"},{"text":"Enti\u00e8rement personnalisable"}],"pricing_button_text":"Ajouter au site Web","pricing_button_url":"#demo"}],"related_apps_title":"","related_apps_hidden":"","author":"","image":[],"title":"","job":"","social_networks":[]},"_links":{"self":[{"href":"https:\/\/elfsight.com\/fr\/wp-json\/wp\/v2\/pages\/9538","targetHints":{"allow":["GET"]}}],"collection":[{"href":"https:\/\/elfsight.com\/fr\/wp-json\/wp\/v2\/pages"}],"about":[{"href":"https:\/\/elfsight.com\/fr\/wp-json\/wp\/v2\/types\/page"}],"author":[{"embeddable":true,"href":"https:\/\/elfsight.com\/fr\/wp-json\/wp\/v2\/users\/9"}],"replies":[{"embeddable":true,"href":"https:\/\/elfsight.com\/fr\/wp-json\/wp\/v2\/comments?post=9538"}],"version-history":[{"count":1,"href":"https:\/\/elfsight.com\/fr\/wp-json\/wp\/v2\/pages\/9538\/revisions"}],"predecessor-version":[{"id":9542,"href":"https:\/\/elfsight.com\/fr\/wp-json\/wp\/v2\/pages\/9538\/revisions\/9542"}],"up":[{"embeddable":true,"href":"https:\/\/elfsight.com\/fr\/wp-json\/wp\/v2\/pages\/1677"}],"wp:attachment":[{"href":"https:\/\/elfsight.com\/fr\/wp-json\/wp\/v2\/media?parent=9538"}],"curies":[{"name":"wp","href":"https:\/\/api.w.org\/{rel}","templated":true}]}}