{"id":9533,"date":"1970-01-01T00:00:00","date_gmt":"1970-01-01T00:00:00","guid":{"rendered":"https:\/\/elfsight.com\/fr\/?page_id=9533"},"modified":"2025-07-10T08:25:43","modified_gmt":"2025-07-10T08:25:43","slug":"shopify","status":"publish","type":"page","link":"https:\/\/elfsight.com\/fr\/paypal-button-widget-generator\/shopify\/","title":{"rendered":"PayPal Button &#8211; Shopify"},"content":{"rendered":"<div class=\"application-platform-content-item-description application-platform-content-item\" id=\"description\" data-nav-section=\"description\"><h2>Int\u00e9grez le bouton PayPal sur Shopify avec le widget Elfsight<\/h2><p>Ajoutez un outil de paiement r\u00e9put\u00e9 \u00e0 votre site Web en toute simplicit\u00e9. En utilisant le bouton PayPal Elfsight, vous pouvez accepter des paiements, des abonnements uniques et r\u00e9currents et des dons de vos clients. Fa\u00e7onnez votre bouton personnalis\u00e9 en choisissant la variante de paiement, la devise, la localisation et les options d&rsquo;apparence pour le rendre unique. Vos clients b\u00e9n\u00e9ficieront d&rsquo;un paiement rapide et pratique sur votre site via le bouton PayPal.<\/p><p><b>Donnez \u00e0 vos clients la possibilit\u00e9 de payer avec PayPal sur votre site et augmentez vos ventes\u00a0!<\/b><\/p><p><b>Une m\u00e9thode de paiement pratique sur votre site Web install\u00e9e sans codage en un instant<\/b>.<br>Il est essentiel pour une entreprise solide d&rsquo;offrir \u00e0 son public une option pratique de paiement en ligne. Le bouton PayPal Elfsight sur votre site Web permettra de le faire. Installez-le rapidement et sans effort.<\/p><p><b>Un instrument unique pour obtenir des paiements, des abonnements et des dons<\/b>.<br>Un outil d&rsquo;Elfsight vous permet de concevoir des boutons pour les paiements, les abonnements. , et des dons sur votre site internet. Gagnez du temps et des efforts et utilisez un instrument universel, qui vous garantit une vari\u00e9t\u00e9 d&rsquo;options.<\/p><p><b>L&rsquo;un des instruments de paiement les plus fiables et les plus connus de votre site Web<\/b>.<br> Assurez une proc\u00e9dure de paiement pratique et simple pour vos clients et augmentez vos ventes. Permettez aux utilisateurs d&rsquo;effectuer des paiements via un outil connu et s\u00e9curis\u00e9 sur votre site Web et augmentez la confiance dans votre entreprise.<\/p><\/div><div class=\"application-platform-content-item-features application-platform-content-item\" id=\"features\" data-nav-section=\"features\"><h2>Principales fonctionnalit\u00e9s du widget Bouton PayPal<\/h2><p>D\u00e9couvrez pourquoi le widget PayPal Elfsight est le meilleur, voici ses fonctionnalit\u00e9s utiles\u00a0:<\/p><ul><li>D\u00e9finition du prix du produit\u00a0;<\/li><li>Option de d\u00e9finition du prix d&rsquo;exp\u00e9dition\u00a0;<\/li><li>Vous pouvez modifier la taille du bouton \u00e0 l&rsquo;aide d&rsquo;une barre de d\u00e9filement pratique\u00a0;<\/li><li>Texte du bouton et couleur du texte r\u00e9glables\u00a0;<\/li><li>Afficher ou masquer le texte du logo PayPal.<\/li><\/ul><p><a href=\"#demo\">Testez dans tous les d\u00e9tails<\/a><\/p><\/div><div class=\"application-platform-content-item-installation application-platform-content-item\" id=\"installation\" data-nav-section=\"installation\"><h2>Comment ajouter le bouton PayPal au site Web Shopify<\/h2><div class=\"video-container\"><iframe width=\"720\" height=\"405\" src=\"https:\/\/www.youtube.com\/embed\/1tR59ilBg6I\" frameborder=\"0\" allowfullscreen=\"\"><\/iframe><\/div><p>Consultez un tutoriel de notre \u00e9quipe, pour afficher le plugin sur votre site. Le processus d&rsquo;installation prendra moins de quelques minutes et il n&rsquo;est pas n\u00e9cessaire d&rsquo;avoir des comp\u00e9tences en programmation.<\/p><ol><li><b>Utilisez notre \u00e9diteur gratuit et commencez \u00e0 travailler avec votre application personnalis\u00e9e. <\/b><br> D\u00e9terminez l&rsquo;apparence et les fonctionnalit\u00e9s souhait\u00e9es de l&rsquo;application et appliquez toutes les modifications. <\/li> <li><b>Copiez votre code individuel qui appara\u00eet dans la fen\u00eatre des applications Elfsight. <\/b><br> D\u00e8s que la cr\u00e9ation de votre application personnelle est termin\u00e9e, copiez votre code dans la fen\u00eatre contextuelle qui appara\u00eet et enregistrez-le pour un besoin ult\u00e9rieur. <\/li> <li><b>Commencez \u00e0 utiliser l&rsquo;application sur le site Web Shopify. <\/b><br> Collez le code que vous avez enregistr\u00e9 r\u00e9cemment dans votre page et enregistrez les corrections. <\/li> <li><b>Vous avez termin\u00e9\u00a0! L&rsquo;int\u00e9gration est r\u00e9ussie. <\/b><br> Ouvrez votre site pour v\u00e9rifier le fonctionnement de l&rsquo;application. <\/li><\/ol><p>Vous rencontrez des difficult\u00e9s avec l&rsquo;instruction\u00a0? Envoyez un message au centre d&rsquo;assistance Elfsight ou consultez la version compl\u00e8te du didacticiel et r\u00e9essayez.<\/p><\/div><div class=\"faq\" data-component=\"FAQ\"><div class=\"faq-item\">\r\n\t\t\t\t\t<div class=\"faq-item-question\">\r\n\t\t\t\t\t\t<h3 class=\"faq-item-question-text\">De quelle mani\u00e8re puis-je int\u00e9grer un bouton PayPal vers Shopify <\/h3>\r\n\r\n\t\t\t\t\t\t<div class=\"faq-item-question-icon\"><\/div>\r\n\t\t\t\t\t<\/div>\r\n\r\n\t\t\t\t\t<div class=\"faq-item-answer\">\r\n\t\t\t\t\t\t<div class=\"faq-item-answer-text\"><p>La cr\u00e9ation de l&rsquo;outil s&rsquo;effectue sur les pages Elfsight et il n&rsquo;est pas n\u00e9cessaire d&rsquo;apprendre \u00e0 coder. Appliquez notre d\u00e9mo active pour fa\u00e7onner votre outil personnel, r\u00e9cup\u00e9rez le code et collez-le dans votre site Web. <\/p><\/div>\r\n\t\t\t\t\t<\/div>\r\n\t\t\t\t<\/div><div class=\"faq-item\">\r\n\t\t\t\t\t<div class=\"faq-item-question\">\r\n\t\t\t\t\t\t<h3 class=\"faq-item-question-text\">Les meilleures fa\u00e7ons d'utiliser l'int\u00e9gration PayPal<\/h3>\r\n\r\n\t\t\t\t\t\t<div class=\"faq-item-question-icon\"><\/div>\r\n\t\t\t\t\t<\/div>\r\n\r\n\t\t\t\t\t<div class=\"faq-item-answer\">\r\n\t\t\t\t\t\t<div class=\"faq-item-answer-text\"><p>Nous vous offrons une multitude d&rsquo;options de personnalisation\u00a0: des widgets pleine taille \u00e0 ajouter dans la zone de contenu, des widgets flottants pour les options de d\u00e9filement, des dispositions pour le pied de page, l&rsquo;en-t\u00eate et toutes les variantes de possibilit\u00e9s verticales pour les barres lat\u00e9rales et les menus du site Web. <\/p><\/div>\r\n\t\t\t\t\t<\/div>\r\n\t\t\t\t<\/div><div class=\"faq-item\">\r\n\t\t\t\t\t<div class=\"faq-item-question\">\r\n\t\t\t\t\t\t<h3 class=\"faq-item-question-text\">Puis-je cr\u00e9er un bouton PayPal d'abonnement ou de don \u00e0 l'aide de l'\u00e9diteur ? <\/h3>\r\n\r\n\t\t\t\t\t\t<div class=\"faq-item-question-icon\"><\/div>\r\n\t\t\t\t\t<\/div>\r\n\r\n\t\t\t\t\t<div class=\"faq-item-answer\">\r\n\t\t\t\t\t\t<div class=\"faq-item-answer-text\"><p>Vous \u00eates libre de cr\u00e9er les modifications de n&rsquo;importe quel widget. De nombreuses mises en page sont \u00e0 votre disposition dans l&rsquo;\u00e9diteur, et toutes peuvent \u00eatre facilement personnalis\u00e9es selon vos besoins. <\/p><\/div>\r\n\t\t\t\t\t<\/div>\r\n\t\t\t\t<\/div><\/div>","protected":false},"excerpt":{"rendered":"","protected":false},"author":9,"featured_media":0,"parent":1677,"menu_order":0,"comment_status":"closed","ping_status":"closed","template":"templates\/template-application-platform.php","meta":{"publish_to_discourse":"","publish_post_category":"","wpdc_auto_publish_overridden":"","wpdc_topic_tags":"","wpdc_pin_topic":"","wpdc_pin_until":"","discourse_post_id":"","discourse_permalink":"","wpdc_publishing_response":"","wpdc_publishing_error":"","footnotes":""},"class_list":["post-9533","page","type-page","status-publish","hentry"],"yoast_head":"<!-- This site is optimized with the Yoast SEO plugin v25.3.1 - https:\/\/yoast.com\/wordpress\/plugins\/seo\/ -->\n<title>Bouton PayPal - Ajouter l&#039;application PayPal au site Web Shopify (2025)<\/title>\n<meta name=\"description\" content=\"Int\u00e9grez d\u00e8s maintenant notre bouton PayPal sur le site Shopify\u00a0! G\u00e9n\u00e9rez une application de paiement con\u00e7ue individuellement pour votre site Web en quelques minutes seulement !\" \/>\n<meta name=\"robots\" content=\"index, follow, max-snippet:-1, max-image-preview:large, max-video-preview:-1\" \/>\n<link rel=\"canonical\" href=\"https:\/\/elfsight.com\/fr\/paypal-button-widget-generator\/shopify\/\" \/>\n<meta property=\"og:locale\" content=\"fr_FR\" \/>\n<meta property=\"og:type\" content=\"article\" \/>\n<meta property=\"og:title\" content=\"Bouton PayPal - Ajouter l&#039;application PayPal au site Web Shopify (2025)\" \/>\n<meta property=\"og:description\" content=\"Int\u00e9grez d\u00e8s maintenant notre bouton PayPal sur le site Shopify\u00a0! G\u00e9n\u00e9rez une application de paiement con\u00e7ue individuellement pour votre site Web en quelques minutes seulement !\" \/>\n<meta property=\"og:url\" content=\"https:\/\/elfsight.com\/fr\/paypal-button-widget-generator\/shopify\/\" \/>\n<meta property=\"og:site_name\" content=\"Elfsight FR\" \/>\n<meta property=\"article:modified_time\" content=\"2025-07-10T08:25:43+00:00\" \/>\n<meta name=\"twitter:card\" content=\"summary_large_image\" \/>\n<meta name=\"twitter:label1\" content=\"Dur\u00e9e de lecture estim\u00e9e\" \/>\n\t<meta name=\"twitter:data1\" content=\"4 minutes\" \/>\n<!-- \/ Yoast SEO plugin. -->","yoast_head_json":{"title":"Bouton PayPal - Ajouter l'application PayPal au site Web Shopify (2025)","description":"Int\u00e9grez d\u00e8s maintenant notre bouton PayPal sur le site Shopify\u00a0! G\u00e9n\u00e9rez une application de paiement con\u00e7ue individuellement pour votre site Web en quelques minutes seulement !","robots":{"index":"index","follow":"follow","max-snippet":"max-snippet:-1","max-image-preview":"max-image-preview:large","max-video-preview":"max-video-preview:-1"},"canonical":"https:\/\/elfsight.com\/fr\/paypal-button-widget-generator\/shopify\/","og_locale":"fr_FR","og_type":"article","og_title":"Bouton PayPal - Ajouter l'application PayPal au site Web Shopify (2025)","og_description":"Int\u00e9grez d\u00e8s maintenant notre bouton PayPal sur le site Shopify\u00a0! G\u00e9n\u00e9rez une application de paiement con\u00e7ue individuellement pour votre site Web en quelques minutes seulement !","og_url":"https:\/\/elfsight.com\/fr\/paypal-button-widget-generator\/shopify\/","og_site_name":"Elfsight FR","article_modified_time":"2025-07-10T08:25:43+00:00","twitter_card":"summary_large_image","twitter_misc":{"Dur\u00e9e de lecture estim\u00e9e":"4 minutes"},"schema":{"@context":"https:\/\/schema.org","@graph":[{"@type":"WebPage","@id":"https:\/\/elfsight.com\/fr\/paypal-button-widget-generator\/shopify\/","url":"https:\/\/elfsight.com\/fr\/paypal-button-widget-generator\/shopify\/","name":"Bouton PayPal - Ajouter l'application PayPal au site Web Shopify (2025)","isPartOf":{"@id":"https:\/\/elfsight.com\/fr\/#website"},"datePublished":"1970-01-01T00:00:00+00:00","dateModified":"2025-07-10T08:25:43+00:00","description":"Int\u00e9grez d\u00e8s maintenant notre bouton PayPal sur le site Shopify\u00a0! G\u00e9n\u00e9rez une application de paiement con\u00e7ue individuellement pour votre site Web en quelques minutes seulement !","breadcrumb":{"@id":"https:\/\/elfsight.com\/fr\/paypal-button-widget-generator\/shopify\/#breadcrumb"},"inLanguage":"fr-FR","potentialAction":[{"@type":"ReadAction","target":["https:\/\/elfsight.com\/fr\/paypal-button-widget-generator\/shopify\/"]}]},{"@type":"BreadcrumbList","@id":"https:\/\/elfsight.com\/fr\/paypal-button-widget-generator\/shopify\/#breadcrumb","itemListElement":[{"@type":"ListItem","position":1,"name":"Home","item":"https:\/\/elfsight.com\/fr\/"},{"@type":"ListItem","position":2,"name":"PayPal Button","item":"https:\/\/elfsight.com\/fr\/paypal-button-widget-generator\/"},{"@type":"ListItem","position":3,"name":"PayPal Button &#8211; Shopify"}]},{"@type":"WebSite","@id":"https:\/\/elfsight.com\/fr\/#website","url":"https:\/\/elfsight.com\/fr\/","name":"Elfsight FR","description":"","potentialAction":[{"@type":"SearchAction","target":{"@type":"EntryPoint","urlTemplate":"https:\/\/elfsight.com\/fr\/?s={search_term_string}"},"query-input":{"@type":"PropertyValueSpecification","valueRequired":true,"valueName":"search_term_string"}}],"inLanguage":"fr-FR"}]}},"meta_box":{"industry":"","seo_heading":"","heading":"","description":"","cta_heading":"","cta_description":"","application":"1670","h1":"Application Bouton PayPal Shopify","h1_caption":"Ajoutez un bouton Paypal \u00e0 votre site Web pour des paiements rapides et faciles directement via Paypal sur votre site Web Shopify sans effort.","application_category":[],"applications_title":"","applications_request_title":"","applications_request_button_text":"","hero_text":"","hero_video":"","hero_video_schema_markup":"","selling_points_title":"","selling_points_caption":"","selling_points":[],"selling_points_cta_text":"","features_title":"","features":"","ed_cta_examples_text":"","ed_cta_examples_hidden":"","ed_cta_demo_text":"","ed_cta_demo_hidden":"","why_caption":"","why_editor_title":"","why_editor_text":"","why_team_title":"","why_team_text":"","why_service_title":"","why_service_text":"","template_catalog_visible":"","template_catalog_title":"","template_catalog_text":"","template_catalog_categories_visible":"","demo_title":"Cr\u00e9ez votre application Bouton PayPal","demo_caption":"Configurez votre bouton PayPal et ajoutez-le gratuitement \u00e0 votre site Web Shopify\u00a0!","default_faq_hidden":"","app_template_category":[],"platform":"360","template_public_id":"","codecanyon_url":"","codecanyon_item_id":"","codecanyon_price":"","pricing_caption":"","pricing_elfsight_apps_hide_column":"","pricing_elfsight_apps_url":"","pricing_codecanyon_price_caption":"","integration_category":[],"integration_request_title":"","integration_request_cta":"","integration_platform":"","integrations":[],"platform_category":[],"video_schema_markup":"","price":"\u00e0 partir de 0$ \/ mois","trial":"","benefits":[{"text":"Service d'installation gratuit"},{"text":"Assistance premium"},{"text":"Garantie de remboursement de 14 jours"},{"text":"Mises \u00e0 jour gratuites et continues"}],"button_url":"","button_target_blank":"","button_nofollow":"","attributes":[{"name":"Installations","content":"10,000 - 100,000"},{"name":"Sensible","content":"Oui"},{"name":"Navigateurs compatibles","content":"Firefox, Safari, Opera, Chrome, Edge"}],"tags":[],"tags_disable_links":"","hide_more_platforms":"","video_object":"","demo_hide_cta":"","demo_hide_cloud_options":"","pricing_title":"","pricing":[{"pricing_icon":"platform","pricing_title":"Elfsight Apps","pricing_title_caption":"Version multiplateforme qui fonctionne sur n'importe quel site Web","pricing_price":"from $0 \/ month","pricing_price_caption":"commencez avec un forfait gratuit","pricing_benefits":[{"text":"Sites Web illimit\u00e9s"},{"text":"Assistance premium"},{"text":"Service d'installation gratuit"},{"text":"Offre sp\u00e9ciale pour plusieurs applications"}],"pricing_button_text":"Ajouter au site Web","pricing_button_url":"#demo"}],"related_apps_title":"","related_apps_hidden":"","author":"","image":[],"title":"","job":"","social_networks":[]},"_links":{"self":[{"href":"https:\/\/elfsight.com\/fr\/wp-json\/wp\/v2\/pages\/9533","targetHints":{"allow":["GET"]}}],"collection":[{"href":"https:\/\/elfsight.com\/fr\/wp-json\/wp\/v2\/pages"}],"about":[{"href":"https:\/\/elfsight.com\/fr\/wp-json\/wp\/v2\/types\/page"}],"author":[{"embeddable":true,"href":"https:\/\/elfsight.com\/fr\/wp-json\/wp\/v2\/users\/9"}],"replies":[{"embeddable":true,"href":"https:\/\/elfsight.com\/fr\/wp-json\/wp\/v2\/comments?post=9533"}],"version-history":[{"count":2,"href":"https:\/\/elfsight.com\/fr\/wp-json\/wp\/v2\/pages\/9533\/revisions"}],"predecessor-version":[{"id":15181,"href":"https:\/\/elfsight.com\/fr\/wp-json\/wp\/v2\/pages\/9533\/revisions\/15181"}],"up":[{"embeddable":true,"href":"https:\/\/elfsight.com\/fr\/wp-json\/wp\/v2\/pages\/1677"}],"wp:attachment":[{"href":"https:\/\/elfsight.com\/fr\/wp-json\/wp\/v2\/media?parent=9533"}],"curies":[{"name":"wp","href":"https:\/\/api.w.org\/{rel}","templated":true}]}}