{"id":9530,"date":"1970-01-01T00:00:00","date_gmt":"1970-01-01T00:00:00","guid":{"rendered":"https:\/\/elfsight.com\/fr\/?page_id=9530"},"modified":"2025-07-10T08:26:00","modified_gmt":"2025-07-10T08:26:00","slug":"webnode","status":"publish","type":"page","link":"https:\/\/elfsight.com\/fr\/paypal-button-widget-generator\/webnode\/","title":{"rendered":"PayPal Button &#8211; Webnode"},"content":{"rendered":"<div class=\"application-platform-content-item-description application-platform-content-item\" id=\"description\" data-nav-section=\"description\"><h2>Description<\/h2><p>Le bouton PayPal Elfsight est un moyen simple de permettre \u00e0 vos acheteurs d&rsquo;effectuer des paiements via PayPal sur votre site. Il permet de cr\u00e9er des boutons pour les paiements uniques, les abonnements et les dons. Vous \u00eates libre de d\u00e9montrer les taxes et le prix de livraison, d&rsquo;aligner la localisation et la devise, d&rsquo;afficher du texte et encore plus de fonctionnalit\u00e9s. Organisez une proc\u00e9dure de paiement simple et s\u00e9curis\u00e9e pour votre client\u00e8le \u00e0 la vol\u00e9e, avec l&rsquo;aide de l&rsquo;un des syst\u00e8mes de paiement les plus fiables.<\/p><p><b>Introduisez les paiements PayPal sur votre site Web en toute simplicit\u00e9\u00a0! <\/b><\/p><p><b>Une proc\u00e9dure de paiement simple sur votre site, sans codage en un instant<\/b>.<br>Tous les clients appr\u00e9cient la possibilit\u00e9 de payer confortablement en ligne. Obtenez votre propre bouton PayPal avec Elfsight et vous organiserez un mode de paiement simple et rapide pour vos utilisateurs. Pas de codage, pas de soucis.<\/p><p><b>Un instrument unique pour obtenir des paiements, des abonnements et des dons<\/b>.<br>Permettez \u00e0 vos utilisateurs d&rsquo;effectuer des paiements, de s&rsquo;abonner \u00e0 vos services et de faire des dons \u00e0 votre entreprise. . Tout cela est disponible dans une solution multifonctionnelle d&rsquo;Elfsight, qui vous aide \u00e0 \u00e9conomiser des efforts et du temps.<\/p><p><b>L&rsquo;un des syst\u00e8mes de paiement les plus s\u00e9curis\u00e9s et les plus r\u00e9pandus sur votre site Web<\/b>.<br>Obtenez le meilleur pour vos utilisateurs afin d&rsquo;augmenter leurs ventes. Permettez aux clients d&rsquo;effectuer des paiements via un outil populaire et fiable sur votre site et montrez-leur que votre entreprise est fiable.<\/p><p><\/div><\/p><div class=\"application-platform-content-item-features application-platform-content-item\" id=\"features\" data-nav-section=\"features\"><h2>Fonctionnalit\u00e9s<\/h2><p>Qu&rsquo;est-ce qui rend notre widget le meilleur\u00a0? D\u00e9couvrez les fonctionnalit\u00e9s qu&rsquo;il propose\u00a0:<\/p><ul><li>Trois types de boutons\u00a0:\u00a0Paiement unique, Abonnement, Don\u00a0;<\/li><li>Option d&rsquo;abonnement r\u00e9current\u00a0;<\/li><li>D\u00e9finissez n&rsquo;importe quel texte au-dessus du bouton, \u00e0 l&rsquo;aide de l&rsquo;en-t\u00eate du bouton\u00a0;<\/li><li>Texte du bouton et couleur du texte r\u00e9glables\u00a0;<\/li><li>Afficher ou masquer le texte du logo PayPal.<\/li><\/ul><p><a href=\"#demo\">Lisez tous les avantages dans notre \u00e9diteur gratuit<\/a><\/p><\/div><div class=\"application-platform-content-item-installation application-platform-content-item\" id=\"installation\" data-nav-section=\"installation\"><h2>Comment ajouter un plugin PayPal Button au site Webnode<\/h2><p>La dur\u00e9e r\u00e9capitulative du processus est de seulement 3 minutes, et vous n&rsquo;avez pas besoin de comp\u00e9tences en d\u00e9veloppement.<\/p><ol><li><b>Construisez votre bouton PayPal personnalis\u00e9.<\/b><br> A l&rsquo;aide de notre configurateur gratuit, cr\u00e9ez un plugin pour votre type de paiement. Personnalisez son interface.<\/li><li><b>Recevez le code de publication du plugin.<\/b><br>Apr\u00e8s la cr\u00e9ation du widget, r\u00e9cup\u00e9rez le code du plugin PayPal depuis la notification sur Elfsight Apps.<\/li><li><b>Int\u00e9grez le plugin sur votre site Webnode.<\/b><br>Ins\u00e9rez le plugin \u00e0 l&rsquo;endroit souhait\u00e9 de la page et publiez les r\u00e9sultats.<\/li><li><b>Termin\u00e9\u00a0!<\/b><br>Visitez votre site Web Webnode pour voir votre travail.<\/li><\/ol><p>Vous rencontrez des questions concernant l&rsquo;utilisation du guide\u00a0? Contactez notre service d&rsquo;assistance ou consultez une variante compl\u00e8te du manuel.<\/p><div class=\"faq\" data-component=\"FAQ\"> <div class=\"faq-item\">\r\n\t\t\t\t\t<div class=\"faq-item-question\">\r\n\t\t\t\t\t\t<h3 class=\"faq-item-question-text\">Comment ajouter un bouton PayPal \u00e0 mon site Webnode sans comp\u00e9tences en codage ?<\/h3>\r\n\r\n\t\t\t\t\t\t<div class=\"faq-item-question-icon\"><\/div>\r\n\t\t\t\t\t<\/div>\r\n\r\n\t\t\t\t\t<div class=\"faq-item-answer\">\r\n\t\t\t\t\t\t<div class=\"faq-item-answer-text\"> <p>Elfsight fournit un Solution SaaS qui vous permet de cr\u00e9er vous-m\u00eame un widget de bouton PayPal, voyez \u00e0 quel point le processus est simple : Travaillez directement dans l&rsquo;\u00e9diteur en ligne pour cr\u00e9er un widget de bouton PayPal que vous aimeriez voir sur votre site Webnode. Choisissez l&rsquo;un des mod\u00e8les pr\u00e9d\u00e9finis et ajustez les param\u00e8tres du bouton PayPal, ajoutez votre contenu, modifiez la mise en page et les couleurs sans comp\u00e9tences en codage. Enregistrez le bouton PayPal et copiez son code d&rsquo;installation, que vous pouvez facilement int\u00e9grer dans votre site Webnode sans acheter de forfait payant. Gr\u00e2ce \u00e0 notre \u00e9diteur intuitif, tout internaute peut cr\u00e9er un widget de bouton PayPal en ligne et l&rsquo;int\u00e9grer facilement \u00e0 son site Webnode. Il n&rsquo;est pas n\u00e9cessaire de payer ou de saisir les informations d&rsquo;identification de votre carte pour acc\u00e9der au service. Si vous rencontrez des probl\u00e8mes \u00e0 n&rsquo;importe quelle \u00e9tape, n&rsquo;h\u00e9sitez pas \u00e0 contacter notre \u00e9quipe d&rsquo;assistance technique.<\/p> <\/div>\r\n\t\t\t\t\t<\/div>\r\n\t\t\t\t<\/div> <\/div> <\/div>","protected":false},"excerpt":{"rendered":"","protected":false},"author":9,"featured_media":0,"parent":1677,"menu_order":0,"comment_status":"closed","ping_status":"closed","template":"templates\/template-application-platform.php","meta":{"publish_to_discourse":"","publish_post_category":"","wpdc_auto_publish_overridden":"","wpdc_topic_tags":"","wpdc_pin_topic":"","wpdc_pin_until":"","discourse_post_id":"","discourse_permalink":"","wpdc_publishing_response":"","wpdc_publishing_error":"","footnotes":""},"class_list":["post-9530","page","type-page","status-publish","hentry"],"yoast_head":"<!-- This site is optimized with the Yoast SEO plugin v25.3.1 - https:\/\/yoast.com\/wordpress\/plugins\/seo\/ -->\n<title>Bouton PayPal - Ajouter un widget PayPal au site Webnode (en 2 minutes)<\/title>\n<meta name=\"description\" content=\"Cr\u00e9ez votre bouton PayPal personnalis\u00e9 pour Webnode en quelques minutes seulement. Consultez une d\u00e9mo simple pour cr\u00e9er des widgets par Elfsight totalement gratuite.\" \/>\n<meta name=\"robots\" content=\"index, follow, max-snippet:-1, max-image-preview:large, max-video-preview:-1\" \/>\n<link rel=\"canonical\" href=\"https:\/\/elfsight.com\/fr\/paypal-button-widget-generator\/webnode\/\" \/>\n<meta property=\"og:locale\" content=\"fr_FR\" \/>\n<meta property=\"og:type\" content=\"article\" \/>\n<meta property=\"og:title\" content=\"Bouton PayPal - Ajouter un widget PayPal au site Webnode (en 2 minutes)\" \/>\n<meta property=\"og:description\" content=\"Cr\u00e9ez votre bouton PayPal personnalis\u00e9 pour Webnode en quelques minutes seulement. Consultez une d\u00e9mo simple pour cr\u00e9er des widgets par Elfsight totalement gratuite.\" \/>\n<meta property=\"og:url\" content=\"https:\/\/elfsight.com\/fr\/paypal-button-widget-generator\/webnode\/\" \/>\n<meta property=\"og:site_name\" content=\"Elfsight FR\" \/>\n<meta property=\"article:modified_time\" content=\"2025-07-10T08:26:00+00:00\" \/>\n<meta name=\"twitter:card\" content=\"summary_large_image\" \/>\n<meta name=\"twitter:label1\" content=\"Dur\u00e9e de lecture estim\u00e9e\" \/>\n\t<meta name=\"twitter:data1\" content=\"3 minutes\" \/>\n<!-- \/ Yoast SEO plugin. -->","yoast_head_json":{"title":"Bouton PayPal - Ajouter un widget PayPal au site Webnode (en 2 minutes)","description":"Cr\u00e9ez votre bouton PayPal personnalis\u00e9 pour Webnode en quelques minutes seulement. Consultez une d\u00e9mo simple pour cr\u00e9er des widgets par Elfsight totalement gratuite.","robots":{"index":"index","follow":"follow","max-snippet":"max-snippet:-1","max-image-preview":"max-image-preview:large","max-video-preview":"max-video-preview:-1"},"canonical":"https:\/\/elfsight.com\/fr\/paypal-button-widget-generator\/webnode\/","og_locale":"fr_FR","og_type":"article","og_title":"Bouton PayPal - Ajouter un widget PayPal au site Webnode (en 2 minutes)","og_description":"Cr\u00e9ez votre bouton PayPal personnalis\u00e9 pour Webnode en quelques minutes seulement. Consultez une d\u00e9mo simple pour cr\u00e9er des widgets par Elfsight totalement gratuite.","og_url":"https:\/\/elfsight.com\/fr\/paypal-button-widget-generator\/webnode\/","og_site_name":"Elfsight FR","article_modified_time":"2025-07-10T08:26:00+00:00","twitter_card":"summary_large_image","twitter_misc":{"Dur\u00e9e de lecture estim\u00e9e":"3 minutes"},"schema":{"@context":"https:\/\/schema.org","@graph":[{"@type":"WebPage","@id":"https:\/\/elfsight.com\/fr\/paypal-button-widget-generator\/webnode\/","url":"https:\/\/elfsight.com\/fr\/paypal-button-widget-generator\/webnode\/","name":"Bouton PayPal - Ajouter un widget PayPal au site Webnode (en 2 minutes)","isPartOf":{"@id":"https:\/\/elfsight.com\/fr\/#website"},"datePublished":"1970-01-01T00:00:00+00:00","dateModified":"2025-07-10T08:26:00+00:00","description":"Cr\u00e9ez votre bouton PayPal personnalis\u00e9 pour Webnode en quelques minutes seulement. Consultez une d\u00e9mo simple pour cr\u00e9er des widgets par Elfsight totalement gratuite.","breadcrumb":{"@id":"https:\/\/elfsight.com\/fr\/paypal-button-widget-generator\/webnode\/#breadcrumb"},"inLanguage":"fr-FR","potentialAction":[{"@type":"ReadAction","target":["https:\/\/elfsight.com\/fr\/paypal-button-widget-generator\/webnode\/"]}]},{"@type":"BreadcrumbList","@id":"https:\/\/elfsight.com\/fr\/paypal-button-widget-generator\/webnode\/#breadcrumb","itemListElement":[{"@type":"ListItem","position":1,"name":"Home","item":"https:\/\/elfsight.com\/fr\/"},{"@type":"ListItem","position":2,"name":"PayPal Button","item":"https:\/\/elfsight.com\/fr\/paypal-button-widget-generator\/"},{"@type":"ListItem","position":3,"name":"PayPal Button &#8211; Webnode"}]},{"@type":"WebSite","@id":"https:\/\/elfsight.com\/fr\/#website","url":"https:\/\/elfsight.com\/fr\/","name":"Elfsight FR","description":"","potentialAction":[{"@type":"SearchAction","target":{"@type":"EntryPoint","urlTemplate":"https:\/\/elfsight.com\/fr\/?s={search_term_string}"},"query-input":{"@type":"PropertyValueSpecification","valueRequired":true,"valueName":"search_term_string"}}],"inLanguage":"fr-FR"}]}},"meta_box":{"industry":"","seo_heading":"","heading":"","description":"","cta_heading":"","cta_description":"","application":"1670","h1":"Widget du bouton PayPal Webnode","h1_caption":"Ajoutez un bouton Paypal \u00e0 votre site Web pour des paiements rapides et faciles directement via Paypal sur votre site Web Webnode sans effort.","application_category":[],"applications_title":"","applications_request_title":"","applications_request_button_text":"","hero_text":"","hero_video":"","hero_video_schema_markup":"","selling_points_title":"","selling_points_caption":"","selling_points":[],"selling_points_cta_text":"","features_title":"","features":"","ed_cta_examples_text":"","ed_cta_examples_hidden":"","ed_cta_demo_text":"","ed_cta_demo_hidden":"","why_caption":"","why_editor_title":"","why_editor_text":"","why_team_title":"","why_team_text":"","why_service_title":"","why_service_text":"","template_catalog_visible":"","template_catalog_title":"","template_catalog_text":"","template_catalog_categories_visible":"","demo_title":"Cr\u00e9ez votre widget Bouton PayPal","demo_caption":"Configurez votre bouton PayPal et ajoutez-le gratuitement \u00e0 votre site Webnode !","default_faq_hidden":"","app_template_category":[],"platform":"364","template_public_id":"","codecanyon_url":"","codecanyon_item_id":"","codecanyon_price":"","pricing_caption":"","pricing_elfsight_apps_hide_column":"","pricing_elfsight_apps_url":"","pricing_codecanyon_price_caption":"","integration_category":[],"integration_request_title":"","integration_request_cta":"","integration_platform":"","integrations":[],"platform_category":[],"video_schema_markup":"","price":"\u00e0 partir de 0$ \/ mois","trial":"","benefits":[{"text":"Assistance \u00e0 l'installation gratuite"},{"text":"Assistance premium"},{"text":"Garantie de remboursement de 14 jours"},{"text":"Mise \u00e0 jour constante"}],"button_url":"","button_target_blank":"","button_nofollow":"","attributes":[{"name":"Installations","content":"10,000 - 100,000"},{"name":"Sensible","content":"Oui"},{"name":"Navigateurs compatibles","content":"Firefox, Safari, Opera, Chrome, Edge"}],"tags":[],"tags_disable_links":"","hide_more_platforms":"","video_object":"","demo_hide_cta":"","demo_hide_cloud_options":"","pricing_title":"","pricing":[{"pricing_icon":"platform","pricing_title":"Elfsight Apps","pricing_title_caption":"Solution num\u00e9rique ind\u00e9pendante de la plateforme qui convient \u00e0 n'importe quel site","pricing_price":"from $0 \/ month","pricing_price_caption":"commencez avec un forfait gratuit","pricing_benefits":[{"text":"Sites Web illimit\u00e9s"},{"text":"Assistance rapide et ponctuelle et bien document\u00e9e"},{"text":"Service d'installation gratuit"},{"text":"Tr\u00e8s bonne affaire pour plusieurs applications"}],"pricing_button_text":"Ajouter au site Web","pricing_button_url":"#demo"}],"related_apps_title":"","related_apps_hidden":"","author":"","image":[],"title":"","job":"","social_networks":[]},"_links":{"self":[{"href":"https:\/\/elfsight.com\/fr\/wp-json\/wp\/v2\/pages\/9530","targetHints":{"allow":["GET"]}}],"collection":[{"href":"https:\/\/elfsight.com\/fr\/wp-json\/wp\/v2\/pages"}],"about":[{"href":"https:\/\/elfsight.com\/fr\/wp-json\/wp\/v2\/types\/page"}],"author":[{"embeddable":true,"href":"https:\/\/elfsight.com\/fr\/wp-json\/wp\/v2\/users\/9"}],"replies":[{"embeddable":true,"href":"https:\/\/elfsight.com\/fr\/wp-json\/wp\/v2\/comments?post=9530"}],"version-history":[{"count":1,"href":"https:\/\/elfsight.com\/fr\/wp-json\/wp\/v2\/pages\/9530\/revisions"}],"predecessor-version":[{"id":9534,"href":"https:\/\/elfsight.com\/fr\/wp-json\/wp\/v2\/pages\/9530\/revisions\/9534"}],"up":[{"embeddable":true,"href":"https:\/\/elfsight.com\/fr\/wp-json\/wp\/v2\/pages\/1677"}],"wp:attachment":[{"href":"https:\/\/elfsight.com\/fr\/wp-json\/wp\/v2\/media?parent=9530"}],"curies":[{"name":"wp","href":"https:\/\/api.w.org\/{rel}","templated":true}]}}