{"id":9525,"date":"1970-01-01T00:00:00","date_gmt":"1970-01-01T00:00:00","guid":{"rendered":"https:\/\/elfsight.com\/fr\/?page_id=9525"},"modified":"2025-07-10T08:26:09","modified_gmt":"2025-07-10T08:26:09","slug":"weebly","status":"publish","type":"page","link":"https:\/\/elfsight.com\/fr\/paypal-button-widget-generator\/weebly\/","title":{"rendered":"PayPal Button &#8211; Weebly"},"content":{"rendered":"<div class=\"application-platform-content-item-description application-platform-content-item\" id=\"description\" data-nav-section=\"description\"><h2>Description<\/h2><p>Ajoutez un instrument de paiement fiable \u00e0 votre site Web. En utilisant le bouton PayPal Elfsight, vous pouvez accepter des paiements, des abonnements r\u00e9currents et des dons de votre public. Construisez votre bouton personnalis\u00e9, en choisissant le mode de paiement, la devise, la localisation et en personnalisant les options d&rsquo;apparence pour le rendre unique. Vos utilisateurs appr\u00e9cieront une proc\u00e9dure de paiement rapide et fluide sur votre site avec le bouton PayPal.<\/p><p><b>Profitez de tous les avantages de PayPal pour votre public et pour vous-m\u00eame\u00a0! <\/b><\/p><p><b>Un syst\u00e8me de paiement pratique sur votre site sans codage<\/b>.<br>Il est essentiel pour une entreprise en ligne de disposer d&rsquo;un outil de paiement pratique et s\u00e9curis\u00e9 sur le site Web. La meilleure fa\u00e7on d&rsquo;y parvenir est d&rsquo;int\u00e9grer le bouton PayPal Elfsight sur votre site. Organisez des paiements faciles pour vos clients.<\/p><p><b>Un instrument universel pour accepter les paiements, les abonnements et les dons<\/b>.<br>Permettez \u00e0 votre audience d&rsquo;effectuer des paiements, de s&rsquo;abonner et de faire des dons en toute simplicit\u00e9. Tout cela est disponible dans un instrument multifonctionnel d&rsquo;Elfsight, qui vous permet d&rsquo;\u00e9conomiser des efforts et du temps.<\/p><p><b>L&rsquo;une des solutions payantes les plus r\u00e9put\u00e9es et les plus connues sur votre site<\/b>.<br>Ne manquez pas l&rsquo;occasion d&rsquo;int\u00e9grer l&rsquo;un des outils de paiement les plus fiables \u00e0 votre site Web. Elfsight vous aidera \u00e0 utiliser PayPal avec un minimum d&rsquo;effort et un maximum de confort.<\/p><\/div><br><div class=\"application-platform-content-item-features application-platform-content-item\" id=\"features\" data-nav-section=\"features\"><h2>Fonctionnalit\u00e9s<\/h2><p>Qu&rsquo;est-ce qui fait de notre outil le meilleur\u00a0? V\u00e9rifiez les fonctionnalit\u00e9s qu&rsquo;il offre\u00a0:<\/p><ul><li>Une biblioth\u00e8que de toutes les devises les plus populaires\u00a0;<\/li><li>Deux variantes d&rsquo;indication fiscale\u00a0: forfaitaire ou en pourcentage\u00a0;<\/li><li>R\u00e9glable largeur du bouton\u00a0;<\/li><li>Options de bordure des boutons\u00a0: taille, couleur, rayon\u00a0;<\/li><li>Afficher ou masquer le texte du logo PayPal.<\/li><\/ul><p>Plus de fonctions dans une version gratuite d\u00e9mo<\/p><\/div><div class=\"application-platform-content-item-installation application-platform-content-item\" id=\"installation\" data-nav-section=\"installation\"><h2>Comment ajouter l&rsquo;application PayPal Button \u00e0 un site Web Weebly<\/h2><div class=\"video-container\"><iframe width=\"720\" height=\"405\" src=\"https:\/\/www.youtube.com\/embed\/NmpZ15fSSko\" frameborder=\"0\" allowfullscreen=\"\"><\/iframe><\/div><p>La dur\u00e9e approximative de l&rsquo;installation est moins de 2 minutes. L&rsquo;installation ne n\u00e9cessite aucune exp\u00e9rience en programmation Web.<\/p><ol><li><b>R\u00e9alisez notre d\u00e9mo gratuite et commencez \u00e0 travailler avec votre application personnalis\u00e9e. <\/b><br> Choisissez la mise en page et les fonctionnalit\u00e9s s\u00e9lectionn\u00e9es de l&rsquo;application et enregistrez toutes les modifications. <\/li> <li><b>Copiez votre code individuel qui appara\u00eet dans la fen\u00eatre des applications Elfsight. <\/b><br> Une fois la cr\u00e9ation de votre application termin\u00e9e, copiez votre code depuis la fen\u00eatre contextuelle qui appara\u00eet et conservez-le pour une occasion ult\u00e9rieure. <\/li> <li><b>Initiez l&rsquo;utilisation de l&rsquo;application sur votre site Weebly. <\/b><br> Int\u00e9grez le code que vous avez copi\u00e9 auparavant dans votre site et appliquez les am\u00e9liorations. <\/li> <li><b>Fait\u00a0! L&rsquo;int\u00e9gration est pleinement r\u00e9alis\u00e9e. <\/b><br> Acc\u00e9dez \u00e0 votre page Web pour voir comment fonctionne l&rsquo;application. <\/li><\/ol><p>Avez-vous des questions concernant le processus d&rsquo;installation\u00a0? Envoyez un message au service d&rsquo;assistance d&rsquo;Elfsight ou \u00e9tudiez le texte int\u00e9gral des instructions et terminez l&rsquo;installation par vous-m\u00eame.<\/p><div class=\"faq\" data-component=\"FAQ\"> <div class=\"faq-item\">\r\n\t\t\t\t\t<div class=\"faq-item-question\">\r\n\t\t\t\t\t\t<h3 class=\"faq-item-question-text\">Comment puis-je ajouter un bouton PayPal \u00e0 mon site Web Weebly sans comp\u00e9tences en codage ? <\/h3>\r\n\r\n\t\t\t\t\t\t<div class=\"faq-item-question-icon\"><\/div>\r\n\t\t\t\t\t<\/div>\r\n\r\n\t\t\t\t\t<div class=\"faq-item-answer\">\r\n\t\t\t\t\t\t<div class=\"faq-item-answer-text\"> <p>Elfsight fournit une solution SaaS qui vous permet de cr\u00e9er vous-m\u00eame un widget de bouton PayPal. Voyez \u00e0 quel point le processus est simple\u00a0: travaillez directement dans l&rsquo;\u00e9diteur en ligne pour cr\u00e9er un widget de bouton PayPal que vous aimeriez voir sur votre site Web Weebly. Choisissez l&rsquo;un des mod\u00e8les pr\u00e9d\u00e9finis et ajustez les param\u00e8tres du bouton PayPal, ajoutez votre contenu, modifiez la mise en page et les couleurs sans aucune comp\u00e9tence en codage. Enregistrez le bouton PayPal et copiez son code d&rsquo;installation, que vous pourrez int\u00e9grer \u00e0 votre site Web Weebly sans avoir besoin d&rsquo;acheter un forfait payant. Gr\u00e2ce \u00e0 notre \u00e9diteur intuitif, tout internaute peut cr\u00e9er un widget de bouton PayPal en ligne et l&rsquo;int\u00e9grer facilement \u00e0 son site Web Weebly. Il n&rsquo;est pas n\u00e9cessaire de payer ou de saisir les informations d&rsquo;identification de votre carte pour acc\u00e9der au service. Si vous rencontrez des probl\u00e8mes \u00e0 n&rsquo;importe quelle \u00e9tape, n&rsquo;h\u00e9sitez pas \u00e0 contacter notre \u00e9quipe d&rsquo;assistance technique.<\/p> <\/div>\r\n\t\t\t\t\t<\/div>\r\n\t\t\t\t<\/div> <\/div> <\/div>","protected":false},"excerpt":{"rendered":"","protected":false},"author":9,"featured_media":0,"parent":1677,"menu_order":0,"comment_status":"closed","ping_status":"closed","template":"templates\/template-application-platform.php","meta":{"publish_to_discourse":"","publish_post_category":"","wpdc_auto_publish_overridden":"","wpdc_topic_tags":"","wpdc_pin_topic":"","wpdc_pin_until":"","discourse_post_id":"","discourse_permalink":"","wpdc_publishing_response":"","wpdc_publishing_error":"","footnotes":""},"class_list":["post-9525","page","type-page","status-publish","hentry"],"yoast_head":"<!-- This site is optimized with the Yoast SEO plugin v25.3.1 - https:\/\/yoast.com\/wordpress\/plugins\/seo\/ -->\n<title>Bouton PayPal - Ajouter l&#039;application PayPal au site Web Weebly (en 2 minutes)<\/title>\n<meta name=\"description\" content=\"Essayez le meilleur bouton PayPal (don, abonnement ou paiement) pour le site Web Weebly. Cr\u00e9ez des widgets \u00e0 afficher sur votre site Web en seulement 3 minutes gratuitement !\" \/>\n<meta name=\"robots\" content=\"index, follow, max-snippet:-1, max-image-preview:large, max-video-preview:-1\" \/>\n<link rel=\"canonical\" href=\"https:\/\/elfsight.com\/fr\/paypal-button-widget-generator\/weebly\/\" \/>\n<meta property=\"og:locale\" content=\"fr_FR\" \/>\n<meta property=\"og:type\" content=\"article\" \/>\n<meta property=\"og:title\" content=\"Bouton PayPal - Ajouter l&#039;application PayPal au site Web Weebly (en 2 minutes)\" \/>\n<meta property=\"og:description\" content=\"Essayez le meilleur bouton PayPal (don, abonnement ou paiement) pour le site Web Weebly. Cr\u00e9ez des widgets \u00e0 afficher sur votre site Web en seulement 3 minutes gratuitement !\" \/>\n<meta property=\"og:url\" content=\"https:\/\/elfsight.com\/fr\/paypal-button-widget-generator\/weebly\/\" \/>\n<meta property=\"og:site_name\" content=\"Elfsight FR\" \/>\n<meta property=\"article:modified_time\" content=\"2025-07-10T08:26:09+00:00\" \/>\n<meta name=\"twitter:card\" content=\"summary_large_image\" \/>\n<meta name=\"twitter:label1\" content=\"Dur\u00e9e de lecture estim\u00e9e\" \/>\n\t<meta name=\"twitter:data1\" content=\"3 minutes\" \/>\n<!-- \/ Yoast SEO plugin. -->","yoast_head_json":{"title":"Bouton PayPal - Ajouter l'application PayPal au site Web Weebly (en 2 minutes)","description":"Essayez le meilleur bouton PayPal (don, abonnement ou paiement) pour le site Web Weebly. Cr\u00e9ez des widgets \u00e0 afficher sur votre site Web en seulement 3 minutes gratuitement !","robots":{"index":"index","follow":"follow","max-snippet":"max-snippet:-1","max-image-preview":"max-image-preview:large","max-video-preview":"max-video-preview:-1"},"canonical":"https:\/\/elfsight.com\/fr\/paypal-button-widget-generator\/weebly\/","og_locale":"fr_FR","og_type":"article","og_title":"Bouton PayPal - Ajouter l'application PayPal au site Web Weebly (en 2 minutes)","og_description":"Essayez le meilleur bouton PayPal (don, abonnement ou paiement) pour le site Web Weebly. Cr\u00e9ez des widgets \u00e0 afficher sur votre site Web en seulement 3 minutes gratuitement !","og_url":"https:\/\/elfsight.com\/fr\/paypal-button-widget-generator\/weebly\/","og_site_name":"Elfsight FR","article_modified_time":"2025-07-10T08:26:09+00:00","twitter_card":"summary_large_image","twitter_misc":{"Dur\u00e9e de lecture estim\u00e9e":"3 minutes"},"schema":{"@context":"https:\/\/schema.org","@graph":[{"@type":"WebPage","@id":"https:\/\/elfsight.com\/fr\/paypal-button-widget-generator\/weebly\/","url":"https:\/\/elfsight.com\/fr\/paypal-button-widget-generator\/weebly\/","name":"Bouton PayPal - Ajouter l'application PayPal au site Web Weebly (en 2 minutes)","isPartOf":{"@id":"https:\/\/elfsight.com\/fr\/#website"},"datePublished":"1970-01-01T00:00:00+00:00","dateModified":"2025-07-10T08:26:09+00:00","description":"Essayez le meilleur bouton PayPal (don, abonnement ou paiement) pour le site Web Weebly. Cr\u00e9ez des widgets \u00e0 afficher sur votre site Web en seulement 3 minutes gratuitement !","breadcrumb":{"@id":"https:\/\/elfsight.com\/fr\/paypal-button-widget-generator\/weebly\/#breadcrumb"},"inLanguage":"fr-FR","potentialAction":[{"@type":"ReadAction","target":["https:\/\/elfsight.com\/fr\/paypal-button-widget-generator\/weebly\/"]}]},{"@type":"BreadcrumbList","@id":"https:\/\/elfsight.com\/fr\/paypal-button-widget-generator\/weebly\/#breadcrumb","itemListElement":[{"@type":"ListItem","position":1,"name":"Home","item":"https:\/\/elfsight.com\/fr\/"},{"@type":"ListItem","position":2,"name":"PayPal Button","item":"https:\/\/elfsight.com\/fr\/paypal-button-widget-generator\/"},{"@type":"ListItem","position":3,"name":"PayPal Button &#8211; Weebly"}]},{"@type":"WebSite","@id":"https:\/\/elfsight.com\/fr\/#website","url":"https:\/\/elfsight.com\/fr\/","name":"Elfsight FR","description":"","potentialAction":[{"@type":"SearchAction","target":{"@type":"EntryPoint","urlTemplate":"https:\/\/elfsight.com\/fr\/?s={search_term_string}"},"query-input":{"@type":"PropertyValueSpecification","valueRequired":true,"valueName":"search_term_string"}}],"inLanguage":"fr-FR"}]}},"meta_box":{"industry":"","seo_heading":"","heading":"","description":"","cta_heading":"","cta_description":"","application":"1670","h1":"Application Bouton PayPal Weebly","h1_caption":"Ajoutez un bouton Paypal \u00e0 votre site Web pour des paiements rapides et faciles directement via Paypal sur votre site Web Weebly sans effort.","application_category":[],"applications_title":"","applications_request_title":"","applications_request_button_text":"","hero_text":"","hero_video":"","hero_video_schema_markup":"","selling_points_title":"","selling_points_caption":"","selling_points":[],"selling_points_cta_text":"","features_title":"","features":"","ed_cta_examples_text":"","ed_cta_examples_hidden":"","ed_cta_demo_text":"","ed_cta_demo_hidden":"","why_caption":"","why_editor_title":"","why_editor_text":"","why_team_title":"","why_team_text":"","why_service_title":"","why_service_text":"","template_catalog_visible":"","template_catalog_title":"","template_catalog_text":"","template_catalog_categories_visible":"","demo_title":"Cr\u00e9ez votre application Bouton PayPal","demo_caption":"Configurez votre bouton PayPal et ajoutez-le gratuitement \u00e0 votre site Web Weebly\u00a0!","default_faq_hidden":"","app_template_category":[],"platform":"363","template_public_id":"","codecanyon_url":"","codecanyon_item_id":"","codecanyon_price":"","pricing_caption":"","pricing_elfsight_apps_hide_column":"","pricing_elfsight_apps_url":"","pricing_codecanyon_price_caption":"","integration_category":[],"integration_request_title":"","integration_request_cta":"","integration_platform":"","integrations":[],"platform_category":[],"video_schema_markup":"","price":"\u00e0 partir de 0$ \/ mois","trial":"","benefits":[{"text":"Aide \u00e0 l'installation gratuite"},{"text":"Assistance premium"},{"text":"Garantie de remboursement de 14 jours"},{"text":"Mises \u00e0 jour gratuites r\u00e9guli\u00e8res"}],"button_url":"","button_target_blank":"","button_nofollow":"","attributes":[{"name":"Installations","content":"10,000 - 100,000"},{"name":"Sensible","content":"Oui"},{"name":"Navigateurs compatibles","content":"Firefox, Safari, Opera, Chrome, Edge"}],"tags":[],"tags_disable_links":"","hide_more_platforms":"","video_object":"","demo_hide_cta":"","demo_hide_cloud_options":"","pricing_title":"","pricing":[{"pricing_icon":"cloud","pricing_title":"Elfsight Apps","pricing_title_caption":"Version multiplateforme qui fonctionne sur n'importe quel site Web","pricing_price":"from $0 \/ month","pricing_price_caption":"commencez avec un forfait gratuit","pricing_benefits":[{"text":"Sites Web illimit\u00e9s"},{"text":"Support gratuit et bien document\u00e9"},{"text":"Assistance \u00e0 l'installation gratuite"},{"text":"Conception flexible"}],"pricing_button_text":"Ajouter au site Web","pricing_button_url":"#demo"}],"related_apps_title":"","related_apps_hidden":"","author":"","image":[],"title":"","job":"","social_networks":[]},"_links":{"self":[{"href":"https:\/\/elfsight.com\/fr\/wp-json\/wp\/v2\/pages\/9525","targetHints":{"allow":["GET"]}}],"collection":[{"href":"https:\/\/elfsight.com\/fr\/wp-json\/wp\/v2\/pages"}],"about":[{"href":"https:\/\/elfsight.com\/fr\/wp-json\/wp\/v2\/types\/page"}],"author":[{"embeddable":true,"href":"https:\/\/elfsight.com\/fr\/wp-json\/wp\/v2\/users\/9"}],"replies":[{"embeddable":true,"href":"https:\/\/elfsight.com\/fr\/wp-json\/wp\/v2\/comments?post=9525"}],"version-history":[{"count":2,"href":"https:\/\/elfsight.com\/fr\/wp-json\/wp\/v2\/pages\/9525\/revisions"}],"predecessor-version":[{"id":15179,"href":"https:\/\/elfsight.com\/fr\/wp-json\/wp\/v2\/pages\/9525\/revisions\/15179"}],"up":[{"embeddable":true,"href":"https:\/\/elfsight.com\/fr\/wp-json\/wp\/v2\/pages\/1677"}],"wp:attachment":[{"href":"https:\/\/elfsight.com\/fr\/wp-json\/wp\/v2\/media?parent=9525"}],"curies":[{"name":"wp","href":"https:\/\/api.w.org\/{rel}","templated":true}]}}