{"id":9517,"date":"1970-01-01T00:00:00","date_gmt":"1970-01-01T00:00:00","guid":{"rendered":"https:\/\/elfsight.com\/fr\/?page_id=9517"},"modified":"2025-07-10T08:21:36","modified_gmt":"2025-07-10T08:21:36","slug":"elementor","status":"publish","type":"page","link":"https:\/\/elfsight.com\/fr\/paypal-button-widget-generator\/elementor\/","title":{"rendered":"PayPal Button &#8211; Elementor"},"content":{"rendered":"<div class=\"application-platform-content-item-description application-platform-content-item\" id=\"description\" data-nav-section=\"description\"> <h2>Int\u00e9grez le bouton PayPal sur Elementor avec le widget Elfsight<\/h2> <p>Organisez un paiement fiable et pratique sur votre site Web sans trop d&rsquo;effort. Avec le bouton PayPal Elfsight, vous pouvez accepter les paiements, les abonnements r\u00e9currents et les dons de vos clients en toute simplicit\u00e9 et en toute s\u00e9curit\u00e9. Cr\u00e9ez votre propre bouton personnalis\u00e9, en choisissant la variante de paiement, la devise, la localisation et en choisissant l&rsquo;apparence pour le rendre vraiment unique. Votre client\u00e8le aimera payer rapidement et confortablement sur votre site Web via le bouton PayPal.<\/p> <p><b>Introduisez les paiements PayPal sur votre site Web sans trop d&rsquo;effort\u00a0!<\/b><\/p> <p><b>A syst\u00e8me de paiement populaire maintenant sur votre site Web. Rapide, facile, sans codage.<\/b><br>Les acheteurs appr\u00e9cient la possibilit\u00e9 de payer en toute s\u00e9curit\u00e9 sur un site Web. Configurez votre propre bouton PayPal avec Elfsight et vous disposerez d&rsquo;un outil de paiement simple et rapide pour vos acheteurs. Pas de codage, pas de soucis.<\/p> <p><b>Un instrument unique pour traiter les paiements, les abonnements et les dons.<\/b><br>N&rsquo;ayant qu&rsquo;un seul widget d&rsquo;Elfsight, vous pouvez ajouter des boutons permettant aux clients de payer. , abonnez-vous et faites un don sur votre site. Gagnez du temps et de l&rsquo;argent gr\u00e2ce \u00e0 une solution polyvalente, qui vous offre un ensemble de variantes pratiques.<\/p> <p><b>L&rsquo;un des syst\u00e8mes de paiement les plus s\u00e9curis\u00e9s et les plus connus de votre site.<\/b><br>Ne manquez pas l&rsquo;occasion d&rsquo;int\u00e9grer votre site avec l&rsquo;un des instruments de paiement les plus s\u00e9curis\u00e9s et les plus fiables. Avec le bouton PayPal Elfsight, cela se fera en quelques secondes et apportera un maximum de confort \u00e0 vos utilisateurs.<\/p> <\/div><div class=\"application-platform-content-item-features application-platform-content-item\" id=\"features\" data-nav-section=\"features\"> <h2>Principales fonctionnalit\u00e9s du widget Bouton PayPal<\/h2> <p>Explorez les fonctionnalit\u00e9s qui font de notre widget le meilleur pour les paiements sur site\u00a0:<\/p> <ul><li>Option d&rsquo;ajouter le nom du produit\u00a0;<\/li><li>Choisissez l&rsquo;un des intervalles de facturation\u00a0: quotidien, hebdomadaire, mensuel. , annuel\u00a0;<\/li><li>Taille r\u00e9active pour un aspect optimal sur n&rsquo;importe quel appareil\u00a0;<\/li><li>Choix de la couleur du bouton\u00a0;<\/li><li>Option pour diriger un client vers une page de remerciement personnalis\u00e9e apr\u00e8s une transaction r\u00e9ussie.<\/li><\/ul> <p><a href=\"#demo\">Lisez tout<\/a><\/p><\/div><div class=\"application-platform-content-item-installation application-platform-content-item\" id=\"installation\" data-nav-section=\"installation\"><h2> Comment ajouter le bouton PayPal au site Web Elementor<\/h2><div class=\"video-container\"><iframe width=\"720\" height=\"405\" src=\"https:\/\/www.youtube.com\/embed\/w-Iao9d-pIM\" frameborder=\"0\" allowfullscreen=\"\"><\/iframe><\/div><p>Le temps de mise en \u0153uvre approximatif est de seulement 70 secondes, et un avantage appr\u00e9ciable est que vous n&rsquo;avez pas besoin de comp\u00e9tences en programmation.<\/p><ol><li><b>G\u00e9n\u00e9rez votre bouton PayPal individuel<\/b><br> \u00c0 l&rsquo;aide de notre \u00e9diteur gratuit, assemblez un plugin avec l&rsquo;apparence souhait\u00e9e et le param\u00e8tre dont vous avez besoin pour votre boutique.<\/li><li><b>Obtenez le code de code unique pour afficher le plugin<\/b><br> Apr\u00e8s le param\u00e9trage du widget, obtenez un code pour le plugin PayPal dans la fen\u00eatre qui appara\u00eet sur Elfsight Apps.<\/li><li><b>Affichez le plugin sur le site Elementor<\/b><br> Int\u00e9grez le plugin sur la page ou la partie de mod\u00e8le s\u00e9lectionn\u00e9e et enregistrez les modifications.<\/li><li><b>La configuration est termin\u00e9e<\/b><br> Acc\u00e9dez \u00e0 votre site , pour v\u00e9rifier votre plugin.<\/li><\/ol><p>Si vous avez des questions ou des probl\u00e8mes avec le plugin, n&rsquo;abandonnez pas\u00a0! Contactez notre centre d&rsquo;aide. Envoyez une explication d\u00e9taill\u00e9e de votre question et notre \u00e9quipe se fera un plaisir de vous aider. <\/p><\/div><div class=\"faq\" data-component=\"FAQ\"><div class=\"faq-item\">\r\n\t\t\t\t\t<div class=\"faq-item-question\">\r\n\t\t\t\t\t\t<h3 class=\"faq-item-question-text\">Comment puis-je int\u00e9grer un bouton PayPal sur le site Elementor ? <\/h3>\r\n\r\n\t\t\t\t\t\t<div class=\"faq-item-question-icon\"><\/div>\r\n\t\t\t\t\t<\/div>\r\n\r\n\t\t\t\t\t<div class=\"faq-item-answer\">\r\n\t\t\t\t\t\t<div class=\"faq-item-answer-text\"><p>La cr\u00e9ation de l&rsquo;outil est effectu\u00e9e au sein du site Elfsight et vous n\u2019avez pas besoin de coder. Utilisez la d\u00e9mo en direct pour ajuster votre application, acqu\u00e9rir le code et l&rsquo;int\u00e9grer \u00e0 votre site Web. <\/p><\/div>\r\n\t\t\t\t\t<\/div>\r\n\t\t\t\t<\/div><div class=\"faq-item\">\r\n\t\t\t\t\t<div class=\"faq-item-question\">\r\n\t\t\t\t\t\t<h3 class=\"faq-item-question-text\">Les meilleurs exemples d'utilisation de l'int\u00e9gration de widgets PayPal<\/h3>\r\n\r\n\t\t\t\t\t\t<div class=\"faq-item-question-icon\"><\/div>\r\n\t\t\t\t\t<\/div>\r\n\r\n\t\t\t\t\t<div class=\"faq-item-answer\">\r\n\t\t\t\t\t\t<div class=\"faq-item-answer-text\"><p>Nous vous fournirons des tonnes d&rsquo;options de personnalisation\u00a0: des widgets \u00e0 grande \u00e9chelle \u00e0 impl\u00e9menter dans le zone de contenu, widgets flottants avec possibilit\u00e9s de d\u00e9filement, vignettes pour le pied de page de votre site Web, section d&rsquo;en-t\u00eate et toutes sortes de possibilit\u00e9s verticales pour les barres lat\u00e9rales et les menus du site Web. <\/p><\/div>\r\n\t\t\t\t\t<\/div>\r\n\t\t\t\t<\/div><div class=\"faq-item\">\r\n\t\t\t\t\t<div class=\"faq-item-question\">\r\n\t\t\t\t\t\t<h3 class=\"faq-item-question-text\">Puis-je cr\u00e9er un bouton PayPal de don ou de paiement au moyen de votre \u00e9diteur ? <\/h3>\r\n\r\n\t\t\t\t\t\t<div class=\"faq-item-question-icon\"><\/div>\r\n\t\t\t\t\t<\/div>\r\n\r\n\t\t\t\t\t<div class=\"faq-item-answer\">\r\n\t\t\t\t\t\t<div class=\"faq-item-answer-text\"><p>Vous pouvez cr\u00e9er les modifications de n&rsquo;importe quel widget. Il existe de nombreuses mises en page applicables dans l&rsquo;\u00e9diteur, et toutes peuvent \u00eatre facilement personnalis\u00e9es selon vos besoins. <\/p><\/div>\r\n\t\t\t\t\t<\/div>\r\n\t\t\t\t<\/div><\/div>","protected":false},"excerpt":{"rendered":"","protected":false},"author":9,"featured_media":0,"parent":1677,"menu_order":0,"comment_status":"closed","ping_status":"closed","template":"templates\/template-application-platform.php","meta":{"publish_to_discourse":"","publish_post_category":"","wpdc_auto_publish_overridden":"","wpdc_topic_tags":"","wpdc_pin_topic":"","wpdc_pin_until":"","discourse_post_id":"","discourse_permalink":"","wpdc_publishing_response":"","wpdc_publishing_error":"","footnotes":""},"class_list":["post-9517","page","type-page","status-publish","hentry"],"yoast_head":"<!-- This site is optimized with the Yoast SEO plugin v25.3.1 - https:\/\/yoast.com\/wordpress\/plugins\/seo\/ -->\n<title>Widget bouton PayPal pour le site Web Elementor (2025)<\/title>\n<meta name=\"description\" content=\"Obtenez un widget de bouton PayPal personnalis\u00e9 pour le site Web Elementor. Cela ne prend que 2 minutes pour cr\u00e9er un plugin dans notre panneau de plugins pratique.\" \/>\n<meta name=\"robots\" content=\"index, follow, max-snippet:-1, max-image-preview:large, max-video-preview:-1\" \/>\n<link rel=\"canonical\" href=\"https:\/\/elfsight.com\/fr\/paypal-button-widget-generator\/elementor\/\" \/>\n<meta property=\"og:locale\" content=\"fr_FR\" \/>\n<meta property=\"og:type\" content=\"article\" \/>\n<meta property=\"og:title\" content=\"Widget bouton PayPal pour le site Web Elementor (2025)\" \/>\n<meta property=\"og:description\" content=\"Obtenez un widget de bouton PayPal personnalis\u00e9 pour le site Web Elementor. Cela ne prend que 2 minutes pour cr\u00e9er un plugin dans notre panneau de plugins pratique.\" \/>\n<meta property=\"og:url\" content=\"https:\/\/elfsight.com\/fr\/paypal-button-widget-generator\/elementor\/\" \/>\n<meta property=\"og:site_name\" content=\"Elfsight FR\" \/>\n<meta property=\"article:modified_time\" content=\"2025-07-10T08:21:36+00:00\" \/>\n<meta name=\"twitter:card\" content=\"summary_large_image\" \/>\n<meta name=\"twitter:label1\" content=\"Dur\u00e9e de lecture estim\u00e9e\" \/>\n\t<meta name=\"twitter:data1\" content=\"4 minutes\" \/>\n<!-- \/ Yoast SEO plugin. -->","yoast_head_json":{"title":"Widget bouton PayPal pour le site Web Elementor (2025)","description":"Obtenez un widget de bouton PayPal personnalis\u00e9 pour le site Web Elementor. Cela ne prend que 2 minutes pour cr\u00e9er un plugin dans notre panneau de plugins pratique.","robots":{"index":"index","follow":"follow","max-snippet":"max-snippet:-1","max-image-preview":"max-image-preview:large","max-video-preview":"max-video-preview:-1"},"canonical":"https:\/\/elfsight.com\/fr\/paypal-button-widget-generator\/elementor\/","og_locale":"fr_FR","og_type":"article","og_title":"Widget bouton PayPal pour le site Web Elementor (2025)","og_description":"Obtenez un widget de bouton PayPal personnalis\u00e9 pour le site Web Elementor. Cela ne prend que 2 minutes pour cr\u00e9er un plugin dans notre panneau de plugins pratique.","og_url":"https:\/\/elfsight.com\/fr\/paypal-button-widget-generator\/elementor\/","og_site_name":"Elfsight FR","article_modified_time":"2025-07-10T08:21:36+00:00","twitter_card":"summary_large_image","twitter_misc":{"Dur\u00e9e de lecture estim\u00e9e":"4 minutes"},"schema":{"@context":"https:\/\/schema.org","@graph":[{"@type":"WebPage","@id":"https:\/\/elfsight.com\/fr\/paypal-button-widget-generator\/elementor\/","url":"https:\/\/elfsight.com\/fr\/paypal-button-widget-generator\/elementor\/","name":"Widget bouton PayPal pour le site Web Elementor (2025)","isPartOf":{"@id":"https:\/\/elfsight.com\/fr\/#website"},"datePublished":"1970-01-01T00:00:00+00:00","dateModified":"2025-07-10T08:21:36+00:00","description":"Obtenez un widget de bouton PayPal personnalis\u00e9 pour le site Web Elementor. Cela ne prend que 2 minutes pour cr\u00e9er un plugin dans notre panneau de plugins pratique.","breadcrumb":{"@id":"https:\/\/elfsight.com\/fr\/paypal-button-widget-generator\/elementor\/#breadcrumb"},"inLanguage":"fr-FR","potentialAction":[{"@type":"ReadAction","target":["https:\/\/elfsight.com\/fr\/paypal-button-widget-generator\/elementor\/"]}]},{"@type":"BreadcrumbList","@id":"https:\/\/elfsight.com\/fr\/paypal-button-widget-generator\/elementor\/#breadcrumb","itemListElement":[{"@type":"ListItem","position":1,"name":"Home","item":"https:\/\/elfsight.com\/fr\/"},{"@type":"ListItem","position":2,"name":"PayPal Button","item":"https:\/\/elfsight.com\/fr\/paypal-button-widget-generator\/"},{"@type":"ListItem","position":3,"name":"PayPal Button &#8211; Elementor"}]},{"@type":"WebSite","@id":"https:\/\/elfsight.com\/fr\/#website","url":"https:\/\/elfsight.com\/fr\/","name":"Elfsight FR","description":"","potentialAction":[{"@type":"SearchAction","target":{"@type":"EntryPoint","urlTemplate":"https:\/\/elfsight.com\/fr\/?s={search_term_string}"},"query-input":{"@type":"PropertyValueSpecification","valueRequired":true,"valueName":"search_term_string"}}],"inLanguage":"fr-FR"}]}},"meta_box":{"industry":"","seo_heading":"","heading":"","description":"","cta_heading":"","cta_description":"","application":"1670","h1":"Bouton PayPal Elementor","h1_caption":"Ajoutez un bouton Paypal \u00e0 votre site Web pour des paiements rapides et faciles directement via Paypal sur votre site Web Elementor sans effort.","application_category":[],"applications_title":"","applications_request_title":"","applications_request_button_text":"","hero_text":"","hero_video":"","hero_video_schema_markup":"","selling_points_title":"","selling_points_caption":"","selling_points":[],"selling_points_cta_text":"","features_title":"","features":"","ed_cta_examples_text":"","ed_cta_examples_hidden":"","ed_cta_demo_text":"","ed_cta_demo_hidden":"","why_caption":"","why_editor_title":"","why_editor_text":"","why_team_title":"","why_team_text":"","why_service_title":"","why_service_text":"","template_catalog_visible":"","template_catalog_title":"","template_catalog_text":"","template_catalog_categories_visible":"","demo_title":"Cr\u00e9ez votre widget Bouton PayPal","demo_caption":"Configurez votre bouton PayPal et ajoutez-le gratuitement \u00e0 votre site Web Elementor\u00a0!","default_faq_hidden":"","app_template_category":[],"platform":"385","template_public_id":"","codecanyon_url":"","codecanyon_item_id":"","codecanyon_price":"","pricing_caption":"","pricing_elfsight_apps_hide_column":"","pricing_elfsight_apps_url":"","pricing_codecanyon_price_caption":"","integration_category":[],"integration_request_title":"","integration_request_cta":"","integration_platform":"","integrations":[],"platform_category":[],"video_schema_markup":"","price":"\u00e0 partir de 0$ \/ mois","trial":"","benefits":[{"text":"Service d'installation gratuit"},{"text":"Assistance premium"},{"text":"Garantie de remboursement de 14 jours"},{"text":"Mises \u00e0 jour gratuites \u00e0 vie"}],"button_url":"","button_target_blank":"","button_nofollow":"","attributes":[{"name":"Installations","content":"10,000 - 100,000"},{"name":"Sensible","content":"Oui"},{"name":"Navigateurs compatibles","content":"Firefox, Safari, Opera, Chrome, Edge"}],"tags":[],"tags_disable_links":"","hide_more_platforms":"","video_object":"","demo_hide_cta":"","demo_hide_cloud_options":"","pricing_title":"","pricing":[{"pricing_icon":"platform","pricing_title":"Elfsight Apps","pricing_title_caption":"Version multiplateforme","pricing_price":"from $0 \/ month","pricing_price_caption":"commencez avec un forfait gratuit","pricing_benefits":[{"text":"Sites Web illimit\u00e9s"},{"text":"Accompagnement d\u00e9di\u00e9 de l'entreprise"},{"text":"Assistance \u00e0 l'installation gratuite"},{"text":"Tr\u00e8s bonne affaire pour plusieurs applications"}],"pricing_button_text":"Ajouter au site Web","pricing_button_url":"#demo"}],"related_apps_title":"","related_apps_hidden":"","author":"","image":[],"title":"","job":"","social_networks":[]},"_links":{"self":[{"href":"https:\/\/elfsight.com\/fr\/wp-json\/wp\/v2\/pages\/9517","targetHints":{"allow":["GET"]}}],"collection":[{"href":"https:\/\/elfsight.com\/fr\/wp-json\/wp\/v2\/pages"}],"about":[{"href":"https:\/\/elfsight.com\/fr\/wp-json\/wp\/v2\/types\/page"}],"author":[{"embeddable":true,"href":"https:\/\/elfsight.com\/fr\/wp-json\/wp\/v2\/users\/9"}],"replies":[{"embeddable":true,"href":"https:\/\/elfsight.com\/fr\/wp-json\/wp\/v2\/comments?post=9517"}],"version-history":[{"count":2,"href":"https:\/\/elfsight.com\/fr\/wp-json\/wp\/v2\/pages\/9517\/revisions"}],"predecessor-version":[{"id":15182,"href":"https:\/\/elfsight.com\/fr\/wp-json\/wp\/v2\/pages\/9517\/revisions\/15182"}],"up":[{"embeddable":true,"href":"https:\/\/elfsight.com\/fr\/wp-json\/wp\/v2\/pages\/1677"}],"wp:attachment":[{"href":"https:\/\/elfsight.com\/fr\/wp-json\/wp\/v2\/media?parent=9517"}],"curies":[{"name":"wp","href":"https:\/\/api.w.org\/{rel}","templated":true}]}}