{"id":9516,"date":"1970-01-01T00:00:00","date_gmt":"1970-01-01T00:00:00","guid":{"rendered":"https:\/\/elfsight.com\/fr\/?page_id=9516"},"modified":"2025-07-10T08:24:15","modified_gmt":"2025-07-10T08:24:15","slug":"iframe","status":"publish","type":"page","link":"https:\/\/elfsight.com\/fr\/paypal-button-widget-generator\/iframe\/","title":{"rendered":"PayPal Button &#8211; iFrame"},"content":{"rendered":"<div class=\"application-platform-content-item-description application-platform-content-item\" id=\"description\" data-nav-section=\"description\"> <h2>Int\u00e9grer le bouton PayPal sur iFrame avec le widget Elfsight<\/h2> <p>Le bouton PayPal Elfsight est un moyen simple de permettre \u00e0 votre client\u00e8le de payer via PayPal sur votre site Web. Avec notre outil, affichez des boutons pour les paiements uniques, les abonnements et les dons. Vous \u00eates libre d&rsquo;inclure les taxes et le prix d&rsquo;exp\u00e9dition, de choisir la localisation et la devise, d&rsquo;ajouter du texte et bien plus encore. Installez une proc\u00e9dure de paiement claire et s\u00e9curis\u00e9e pour vos clients en utilisant l&rsquo;un des syst\u00e8mes de paiement les plus fiables. <\/p> <p>Int\u00e9grez les paiements PayPal dans votre site Web sans trop d&rsquo;effort\u00a0!<\/p> <p><b>Un syst\u00e8me de paiement utile sur votre site Web sans codage en un rien de temps<\/b><br> C&rsquo;est tr\u00e8s important pour qu&rsquo;une entreprise prosp\u00e8re puisse offrir \u00e0 ses clients des paiements en ligne faciles. Configurez le bouton PayPal Elfsight sur votre site et vous y parviendrez facilement et en un rien de temps. <\/p> <p><b>Un outil universel pour traiter les paiements, les abonnements et les dons<\/b><br> Permettez \u00e0 votre client\u00e8le de payer, de souscrire \u00e0 vos offres et de faire un don. Tout cela est disponible dans une solution multifonctionnelle d&rsquo;Elfsight pour vous aider \u00e0 \u00e9conomiser du temps et de l&rsquo;argent.<\/p><p><b>L&rsquo;un des instruments de paiement les plus fiables et les plus populaires sur votre site Web<\/b><br> C&rsquo;est un incontournable pour int\u00e9grer votre site Internet \u00e0 un syst\u00e8me de paiement fiable et reconnu. Le bouton PayPal Elfsight vous aidera \u00e0 le faire en d\u00e9placement et \u00e0 payer efficacement vos clients sans effort.<\/p> <\/div> <div class=\"application-platform-content-item-features application-platform-content-item\" id=\"features\" data-nav-section=\"features\"> <h2>Principales fonctionnalit\u00e9s du widget du bouton PayPal<\/h2> <p>Explorez les fonctionnalit\u00e9s qui font de notre widget l&rsquo;un des meilleurs pour le paiement en ligne\u00a0:<\/p> <ul><li>Une biblioth\u00e8que de toutes les devises les plus populaires\u00a0;<\/li><li>Intervalles de facturation\u00a0: quotidien, hebdomadaire, mensuel, annuel\u00a0;<\/li><li>Possibilit\u00e9 de d\u00e9finir n&rsquo;importe quel texte au-dessus du bouton, en utilisant l&rsquo;en-t\u00eate du bouton\u00a0; <\/li><li>Texte des boutons et couleur du texte r\u00e9glables\u00a0;<\/li><li>Quatre ic\u00f4nes de syst\u00e8mes de paiement commutables pour plus de confiance et de s\u00e9curit\u00e9 des clients.<\/li><\/ul> <p><a href=\"# demo\">Regardez la liste compl\u00e8te des fonctionnalit\u00e9s du configurateur<\/a><\/p><\/div><div class=\"application-platform-content-item-installation application-platform-content-item\" id=\"installation\" data-nav-section=\"installation\"><h2>Comment ajouter le widget de paiement PayPal au site Web IFrame<\/h2><p>Pour ajouter un plugin \u00e0 votre site Web, vous n&rsquo;aurez besoin d&rsquo;aucune comp\u00e9tence particuli\u00e8re en programmation ni de beaucoup de temps. Juste 3 \u00e9tapes simples et 1 minute. <\/p><ol><li><b>Concevez votre plugin Paypal personnalis\u00e9<\/b><br> \u00c0 l&rsquo;aide de notre d\u00e9mo gratuite, cr\u00e9ez un plugin avec une mise en page et des caract\u00e9ristiques fonctionnelles pr\u00e9f\u00e9r\u00e9es. <\/li><li><b>Obtenir le code personnel pour afficher le plugin<\/b><br> Apr\u00e8s avoir cr\u00e9\u00e9 votre widget, vous obtiendrez le code individuel \u00e0 partir de la notification contextuelle sur Elfsight Apps. Copiez ce code. <\/li> <li><b> Le plugin sur votre site iFrame<\/b><br> S\u00e9lectionnez l&rsquo;endroit o\u00f9 vous souhaitez int\u00e9grer le plugin et ins\u00e9rez-y le code enregistr\u00e9. Publiez les modifications. <\/li> <li><b>L&rsquo;int\u00e9gration est r\u00e9ussie\u00a0! <\/b><br> Allez sur le site Web, pour jeter un \u0153il \u00e0 votre travail. <\/li> <\/ol><p>Avez-vous rencontr\u00e9 des difficult\u00e9s lors de l&rsquo;installation\u00a0? Essayez de consulter un guide d\u00e9taill\u00e9 \u00ab\u00a0Comment ajouter un plugin sur IFrame\u00a0\u00bb et faites-le vous-m\u00eame une fois de plus ou contactez le support client. <\/p><div class=\"faq\" data-component=\"FAQ\"> <div class=\"faq-item\">\r\n\t\t\t\t\t<div class=\"faq-item-question\">\r\n\t\t\t\t\t\t<h3 class=\"faq-item-question-text\">Comment puis-je ajouter un bouton PayPal \u00e0 mon site Web iFrame sans comp\u00e9tences en codage ?<\/h3>\r\n\r\n\t\t\t\t\t\t<div class=\"faq-item-question-icon\"><\/div>\r\n\t\t\t\t\t<\/div>\r\n\r\n\t\t\t\t\t<div class=\"faq-item-answer\">\r\n\t\t\t\t\t\t<div class=\"faq-item-answer-text\"> <p>Elfsight fournit une solution SaaS qui vous permet de cr\u00e9er vous-m\u00eame un widget de bouton PayPal, voyez \u00e0 quel point il est facile le processus est le suivant\u00a0: travaillez directement dans l&rsquo;\u00e9diteur en ligne pour cr\u00e9er un widget de bouton PayPal que vous aimeriez voir sur votre site Web iFrame. Choisissez l&rsquo;un des mod\u00e8les pr\u00e9d\u00e9finis et ajustez les param\u00e8tres du bouton PayPal, ajoutez votre contenu, modifiez la mise en page et les couleurs sans aucune comp\u00e9tence en codage. Enregistrez le bouton PayPal et copiez son code d&rsquo;installation, que vous pouvez facilement int\u00e9grer dans votre site Web iFrame sans acheter de version payante. Gr\u00e2ce \u00e0 notre \u00e9diteur intuitif, tout internaute peut cr\u00e9er un widget de bouton PayPal en ligne et l&rsquo;int\u00e9grer facilement \u00e0 son site Web iFrame. Il n&rsquo;est pas n\u00e9cessaire de payer ou de saisir les informations d&rsquo;identification de votre carte pour acc\u00e9der au service. Si vous rencontrez des probl\u00e8mes \u00e0 n&rsquo;importe quelle \u00e9tape, n&rsquo;h\u00e9sitez pas \u00e0 contacter notre \u00e9quipe d&rsquo;assistance technique.<\/p> <\/div>\r\n\t\t\t\t\t<\/div>\r\n\t\t\t\t<\/div> <\/div> <\/div>","protected":false},"excerpt":{"rendered":"","protected":false},"author":9,"featured_media":0,"parent":1677,"menu_order":0,"comment_status":"closed","ping_status":"closed","template":"templates\/template-application-platform.php","meta":{"publish_to_discourse":"","publish_post_category":"","wpdc_auto_publish_overridden":"","wpdc_topic_tags":"","wpdc_pin_topic":"","wpdc_pin_until":"","discourse_post_id":"","discourse_permalink":"","wpdc_publishing_response":"","wpdc_publishing_error":"","footnotes":""},"class_list":["post-9516","page","type-page","status-publish","hentry"],"yoast_head":"<!-- This site is optimized with the Yoast SEO plugin v25.3.1 - https:\/\/yoast.com\/wordpress\/plugins\/seo\/ -->\n<title>Widget iFrame PayPal Payment Button pour votre site Web (gratuit et rapide)<\/title>\n<meta name=\"description\" content=\"Avec Elfsight, produisez votre bouton de paiement PayPal et ins\u00e9rez-le sur votre site iFrame en un rien de temps. Nous offrons un service client gratuit et d&#039;autres bonus.\" \/>\n<meta name=\"robots\" content=\"index, follow, max-snippet:-1, max-image-preview:large, max-video-preview:-1\" \/>\n<link rel=\"canonical\" href=\"https:\/\/elfsight.com\/fr\/paypal-button-widget-generator\/iframe\/\" \/>\n<meta property=\"og:locale\" content=\"fr_FR\" \/>\n<meta property=\"og:type\" content=\"article\" \/>\n<meta property=\"og:title\" content=\"Widget iFrame PayPal Payment Button pour votre site Web (gratuit et rapide)\" \/>\n<meta property=\"og:description\" content=\"Avec Elfsight, produisez votre bouton de paiement PayPal et ins\u00e9rez-le sur votre site iFrame en un rien de temps. Nous offrons un service client gratuit et d&#039;autres bonus.\" \/>\n<meta property=\"og:url\" content=\"https:\/\/elfsight.com\/fr\/paypal-button-widget-generator\/iframe\/\" \/>\n<meta property=\"og:site_name\" content=\"Elfsight FR\" \/>\n<meta property=\"article:modified_time\" content=\"2025-07-10T08:24:15+00:00\" \/>\n<meta name=\"twitter:card\" content=\"summary_large_image\" \/>\n<meta name=\"twitter:label1\" content=\"Dur\u00e9e de lecture estim\u00e9e\" \/>\n\t<meta name=\"twitter:data1\" content=\"4 minutes\" \/>\n<!-- \/ Yoast SEO plugin. -->","yoast_head_json":{"title":"Widget iFrame PayPal Payment Button pour votre site Web (gratuit et rapide)","description":"Avec Elfsight, produisez votre bouton de paiement PayPal et ins\u00e9rez-le sur votre site iFrame en un rien de temps. Nous offrons un service client gratuit et d'autres bonus.","robots":{"index":"index","follow":"follow","max-snippet":"max-snippet:-1","max-image-preview":"max-image-preview:large","max-video-preview":"max-video-preview:-1"},"canonical":"https:\/\/elfsight.com\/fr\/paypal-button-widget-generator\/iframe\/","og_locale":"fr_FR","og_type":"article","og_title":"Widget iFrame PayPal Payment Button pour votre site Web (gratuit et rapide)","og_description":"Avec Elfsight, produisez votre bouton de paiement PayPal et ins\u00e9rez-le sur votre site iFrame en un rien de temps. Nous offrons un service client gratuit et d'autres bonus.","og_url":"https:\/\/elfsight.com\/fr\/paypal-button-widget-generator\/iframe\/","og_site_name":"Elfsight FR","article_modified_time":"2025-07-10T08:24:15+00:00","twitter_card":"summary_large_image","twitter_misc":{"Dur\u00e9e de lecture estim\u00e9e":"4 minutes"},"schema":{"@context":"https:\/\/schema.org","@graph":[{"@type":"WebPage","@id":"https:\/\/elfsight.com\/fr\/paypal-button-widget-generator\/iframe\/","url":"https:\/\/elfsight.com\/fr\/paypal-button-widget-generator\/iframe\/","name":"Widget iFrame PayPal Payment Button pour votre site Web (gratuit et rapide)","isPartOf":{"@id":"https:\/\/elfsight.com\/fr\/#website"},"datePublished":"1970-01-01T00:00:00+00:00","dateModified":"2025-07-10T08:24:15+00:00","description":"Avec Elfsight, produisez votre bouton de paiement PayPal et ins\u00e9rez-le sur votre site iFrame en un rien de temps. Nous offrons un service client gratuit et d'autres bonus.","breadcrumb":{"@id":"https:\/\/elfsight.com\/fr\/paypal-button-widget-generator\/iframe\/#breadcrumb"},"inLanguage":"fr-FR","potentialAction":[{"@type":"ReadAction","target":["https:\/\/elfsight.com\/fr\/paypal-button-widget-generator\/iframe\/"]}]},{"@type":"BreadcrumbList","@id":"https:\/\/elfsight.com\/fr\/paypal-button-widget-generator\/iframe\/#breadcrumb","itemListElement":[{"@type":"ListItem","position":1,"name":"Home","item":"https:\/\/elfsight.com\/fr\/"},{"@type":"ListItem","position":2,"name":"PayPal Button","item":"https:\/\/elfsight.com\/fr\/paypal-button-widget-generator\/"},{"@type":"ListItem","position":3,"name":"PayPal Button &#8211; iFrame"}]},{"@type":"WebSite","@id":"https:\/\/elfsight.com\/fr\/#website","url":"https:\/\/elfsight.com\/fr\/","name":"Elfsight FR","description":"","potentialAction":[{"@type":"SearchAction","target":{"@type":"EntryPoint","urlTemplate":"https:\/\/elfsight.com\/fr\/?s={search_term_string}"},"query-input":{"@type":"PropertyValueSpecification","valueRequired":true,"valueName":"search_term_string"}}],"inLanguage":"fr-FR"}]}},"meta_box":{"industry":"","seo_heading":"","heading":"","description":"","cta_heading":"","cta_description":"","application":"1670","h1":"Widget du bouton de paiement PayPal iFrame","h1_caption":"Ajoutez un bouton Paypal \u00e0 votre site Web pour des paiements rapides et faciles directement via Paypal sur votre site Web iFrame sans effort.","application_category":[],"applications_title":"","applications_request_title":"","applications_request_button_text":"","hero_text":"","hero_video":"","hero_video_schema_markup":"","selling_points_title":"","selling_points_caption":"","selling_points":[],"selling_points_cta_text":"","features_title":"","features":"","ed_cta_examples_text":"","ed_cta_examples_hidden":"","ed_cta_demo_text":"","ed_cta_demo_hidden":"","why_caption":"","why_editor_title":"","why_editor_text":"","why_team_title":"","why_team_text":"","why_service_title":"","why_service_text":"","template_catalog_visible":"","template_catalog_title":"","template_catalog_text":"","template_catalog_categories_visible":"","demo_title":"Cr\u00e9ez votre widget Bouton PayPal","demo_caption":"Configurez votre bouton PayPal et ajoutez-le gratuitement \u00e0 votre site Web iFrame\u00a0!","default_faq_hidden":"","app_template_category":[],"platform":"371","template_public_id":"","codecanyon_url":"","codecanyon_item_id":"","codecanyon_price":"","pricing_caption":"","pricing_elfsight_apps_hide_column":"","pricing_elfsight_apps_url":"","pricing_codecanyon_price_caption":"","integration_category":[],"integration_request_title":"","integration_request_cta":"","integration_platform":"","integrations":[],"platform_category":[],"video_schema_markup":"","price":"\u00e0 partir de 0$ \/ mois","trial":"","benefits":[{"text":"Service d'installation gratuit"},{"text":"Assistance premium"},{"text":"Garantie de remboursement de 14 jours"},{"text":"Mise \u00e0 jour constante"}],"button_url":"","button_target_blank":"","button_nofollow":"","attributes":[{"name":"Installations","content":"10,000 - 100,000"},{"name":"Sensible","content":"Oui"},{"name":"Navigateurs compatibles","content":"Opera, Safari, Firefox, Edge, Chrome"}],"tags":[],"tags_disable_links":"","hide_more_platforms":"","video_object":"","demo_hide_cta":"","demo_hide_cloud_options":"","pricing_title":"","pricing":[{"pricing_icon":"platform","pricing_title":"Elfsight Apps","pricing_title_caption":"Logiciel multiplateforme qui fonctionne sur n'importe quel site Web","pricing_price":"from $0 \/ month","pricing_price_caption":"commencez avec un forfait gratuit","pricing_benefits":[{"text":"Nombre illimit\u00e9 de sites Web"},{"text":"Assistance gratuite et ponctuelle"},{"text":"Service d'installation gratuit"},{"text":"Offre sp\u00e9ciale pour plusieurs applications"}],"pricing_button_text":"Ajouter au site Web","pricing_button_url":"#demo"}],"related_apps_title":"","related_apps_hidden":"","author":"","image":[],"title":"","job":"","social_networks":[]},"_links":{"self":[{"href":"https:\/\/elfsight.com\/fr\/wp-json\/wp\/v2\/pages\/9516","targetHints":{"allow":["GET"]}}],"collection":[{"href":"https:\/\/elfsight.com\/fr\/wp-json\/wp\/v2\/pages"}],"about":[{"href":"https:\/\/elfsight.com\/fr\/wp-json\/wp\/v2\/types\/page"}],"author":[{"embeddable":true,"href":"https:\/\/elfsight.com\/fr\/wp-json\/wp\/v2\/users\/9"}],"replies":[{"embeddable":true,"href":"https:\/\/elfsight.com\/fr\/wp-json\/wp\/v2\/comments?post=9516"}],"version-history":[{"count":1,"href":"https:\/\/elfsight.com\/fr\/wp-json\/wp\/v2\/pages\/9516\/revisions"}],"predecessor-version":[{"id":9520,"href":"https:\/\/elfsight.com\/fr\/wp-json\/wp\/v2\/pages\/9516\/revisions\/9520"}],"up":[{"embeddable":true,"href":"https:\/\/elfsight.com\/fr\/wp-json\/wp\/v2\/pages\/1677"}],"wp:attachment":[{"href":"https:\/\/elfsight.com\/fr\/wp-json\/wp\/v2\/media?parent=9516"}],"curies":[{"name":"wp","href":"https:\/\/api.w.org\/{rel}","templated":true}]}}