{"id":951,"date":"2020-06-30T11:30:59","date_gmt":"2020-06-30T11:30:59","guid":{"rendered":"https:\/\/elfsight.com\/fr\/?page_id=951"},"modified":"2020-06-30T11:36:15","modified_gmt":"2020-06-30T11:36:15","slug":"examples","status":"publish","type":"page","link":"https:\/\/elfsight.com\/fr\/age-verification-widget\/examples\/","title":{"rendered":"Age Verification &#8211; Examples"},"content":{"rendered":"\n<div class=\"application-examples-item application-examples-item-loading\">\n                            <div class=\"col-row\">\n                                <div class=\"col-6 col-m-8 col-s-12\"><h3 class=\"application-examples-item-title\">Example 1: Whisky<\/h3><div class=\"application-examples-item-description\">Vous pouvez v\u00e9rifier l'\u00e2ge de vos visiteurs en ne demandant que l'ann\u00e9e de naissance. Le widget calcule automatiquement si un utilisateur est \u00e2g\u00e9 en fonction de la limitation que vous d\u00e9finissez. Le contenu du site Web reste cach\u00e9 derri\u00e8re l'image de superposition jusqu'\u00e0 ce que l'\u00e2ge soit confirm\u00e9.<\/div><\/div>\n                <\/div>\n\n                <div class=\"application-examples-item-iframe-container browser-frame\">\n                    <div class=\"application-examples-item-iframe-wrapper\">\n                        <iframe class=\"application-examples-item-iframe application-examples-item-iframe-fixed-height\" data-src=\"https:\/\/elfsight.com\/examples?widget_id=1309a382-33cc-49ab-b226-c7c564c733fb&padding=28px+40px+40px\" width=\"100%\" height=\"600\" allow=\"autoplay; fullscreen\"><\/iframe>\n                    <\/div>\n\n                    <div class=\"application-examples-item-loader\"><\/div>\n                <\/div>\n            <\/div>\n\n<div class=\"application-examples-item application-examples-item-loading\">\n                            <div class=\"col-row\">\n                                <div class=\"col-6 col-m-8 col-s-12\"><h3 class=\"application-examples-item-title\">Example 2: Default<\/h3><div class=\"application-examples-item-description\">Lorsque vous choisissez d'afficher des boutons dans le widget - pour les options d'\u00e2ge et de mineur - vous pouvez leur peindre des couleurs personnalis\u00e9es et \u00e9crire vos propres \u00e9tiquettes. Le texte de la notification peut \u00e9galement \u00eatre modifi\u00e9, ainsi que la taille de la police.<\/div><\/div>\n                <\/div>\n\n                <div class=\"application-examples-item-iframe-container browser-frame\">\n                    <div class=\"application-examples-item-iframe-wrapper\">\n                        <iframe class=\"application-examples-item-iframe application-examples-item-iframe-fixed-height\" data-src=\"https:\/\/elfsight.com\/examples?widget_id=9fcdc8d2-40ca-4152-a468-34442d3afd52&padding=28px+40px+40px\" width=\"100%\" height=\"600\" allow=\"autoplay; fullscreen\"><\/iframe>\n                    <\/div>\n\n                    <div class=\"application-examples-item-loader\"><\/div>\n                <\/div>\n            <\/div>\n\n<div class=\"application-examples-item application-examples-item-loading\">\n                            <div class=\"col-row\">\n                                <div class=\"col-6 col-m-8 col-s-12\"><h3 class=\"application-examples-item-title\">Example 3: Beer<\/h3><div class=\"application-examples-item-description\">Pour rendre le widget propre, vous pouvez appliquer l'option Couleur claire \u00e0 la fen\u00eatre de notification et le faire se fondre avec l'image de superposition, comme vous pouvez le voir dans cet exemple. Le logo de l'entreprise est ajout\u00e9 pour atteindre l'authenticit\u00e9.<\/div><\/div>\n                <\/div>\n\n                <div class=\"application-examples-item-iframe-container browser-frame\">\n                    <div class=\"application-examples-item-iframe-wrapper\">\n                        <iframe class=\"application-examples-item-iframe application-examples-item-iframe-fixed-height\" data-src=\"https:\/\/elfsight.com\/examples?widget_id=0979b277-0e3d-4881-a008-d5d869d91bce&padding=28px+40px+40px\" width=\"100%\" height=\"600\" allow=\"autoplay; fullscreen\"><\/iframe>\n                    <\/div>\n\n                    <div class=\"application-examples-item-loader\"><\/div>\n                <\/div>\n            <\/div>\n\n<div class=\"application-examples-item application-examples-item-loading\">\n                            <div class=\"col-row\">\n                                <div class=\"col-6 col-m-8 col-s-12\"><h3 class=\"application-examples-item-title\">Example 4: Wine<\/h3><div class=\"application-examples-item-description\">Voici un widget, lorsqu'il est configur\u00e9 pour demander la date de naissance compl\u00e8te. La fen\u00eatre de notification est transparente et, avec l'image de superposition, elle semble bien \u00e9quilibr\u00e9e.<\/div><\/div>\n                <\/div>\n\n                <div class=\"application-examples-item-iframe-container browser-frame\">\n                    <div class=\"application-examples-item-iframe-wrapper\">\n                        <iframe class=\"application-examples-item-iframe application-examples-item-iframe-fixed-height\" data-src=\"https:\/\/elfsight.com\/examples?widget_id=e121ac70-7a91-418b-88e3-64cb6d539e6d&padding=28px+40px+40px\" width=\"100%\" height=\"600\" allow=\"autoplay; fullscreen\"><\/iframe>\n                    <\/div>\n\n                    <div class=\"application-examples-item-loader\"><\/div>\n                <\/div>\n            <\/div>\n\n<div class=\"application-examples-item application-examples-item-loading\">\n                            <div class=\"col-row\">\n                                <div class=\"col-6 col-m-8 col-s-12\"><h3 class=\"application-examples-item-title\">Example 5: Vaping 1<\/h3><div class=\"application-examples-item-description\">Il n'est pas n\u00e9cessaire de demander aux utilisateurs leur \u00e2ge exact. Avec notre widget, vous pouvez simplement proposer deux boutons: pour confirmer ou refuser l'\u00e2ge complet. Un choix de fond de superposition noir et de couleurs noir et blanc de la fen\u00eatre de notification cr\u00e9e un look \u00e9pur\u00e9.<\/div><\/div>\n                <\/div>\n\n                <div class=\"application-examples-item-iframe-container browser-frame\">\n                    <div class=\"application-examples-item-iframe-wrapper\">\n                        <iframe class=\"application-examples-item-iframe application-examples-item-iframe-fixed-height\" data-src=\"https:\/\/elfsight.com\/examples?widget_id=0fa9083e-99e5-4657-ad58-88ffe1de8845&padding=28px+40px+40px\" width=\"100%\" height=\"600\" allow=\"autoplay; fullscreen\"><\/iframe>\n                    <\/div>\n\n                    <div class=\"application-examples-item-loader\"><\/div>\n                <\/div>\n            <\/div>\n\n<div class=\"application-cta-create\">\n                    <div class=\"application-cta-create-bg\">\n                        <div class=\"application-cta-create-bg-left\"><\/div>\n\n                        <div class=\"application-cta-create-bg-right\">\n                            <img decoding=\"async\" src=\"https:\/\/elfsight.com\/fr\/wp-content\/themes\/elfsight\/frontend\/assets\/img\/application-cta-create.jpg\" alt=\"Commencez par cr\u00e9er votre widget\">\n                        <\/div>\n                    <\/div>\n\n                    <div class=\"application-cta-create-content inner\">\n                        <div class=\"application-cta-create-content-inner\">\n                            <div class=\"application-cta-create-content-icon\">\n                                <svg viewBox=\"0 0 25 25\" width=\"100%\" height=\"100%\">\n                                    <use xlink:href=\"#icon-settings\"><\/use>\n                                <\/svg>\n                            <\/div>\n\n                            <div class=\"application-cta-create-content-title\">Commencez par cr\u00e9er votre widget<\/div>\n\n                            <div class=\"application-cta-create-content-text\">Vite. Facile. Pas de codage.<\/div>\n\n                            <a class=\"application-cta-create-content-button button-48 button-has-right-icon button-black button\" href=\"\">\n                                <span class=\"button-label\">Cr\u00e9er un widget<\/span>\n\n                                <svg class=\"button-icon\">\n                                    <use xlink:href=\"#icon-arrow-link\"><\/use>\n                                <\/svg>\n                            <\/a>\n                        <\/div>\n                    <\/div>\n                <\/div>\n\n<div class=\"application-examples-item application-examples-item-loading\">\n                            <div class=\"col-row\">\n                                <div class=\"col-6 col-m-8 col-s-12\"><h3 class=\"application-examples-item-title\">Example 6: Vaping 2<\/h3><div class=\"application-examples-item-description\">Le widget est extr\u00eamement \u00e9l\u00e9gant et lumineux gr\u00e2ce \u00e0 une combinaison personnalis\u00e9e de couleurs jaunes et violettes. Des informations suppl\u00e9mentaires sous les boutons indiquent les liens actifs vers la politique de confidentialit\u00e9.<\/div><\/div>\n                <\/div>\n\n                <div class=\"application-examples-item-iframe-container browser-frame\">\n                    <div class=\"application-examples-item-iframe-wrapper\">\n                        <iframe class=\"application-examples-item-iframe application-examples-item-iframe-fixed-height\" data-src=\"https:\/\/elfsight.com\/examples?widget_id=e1632863-1007-4542-be49-acd247a4deda&padding=28px+40px+40px\" width=\"100%\" height=\"600\" allow=\"autoplay; fullscreen\"><\/iframe>\n                    <\/div>\n\n                    <div class=\"application-examples-item-loader\"><\/div>\n                <\/div>\n            <\/div>\n\n<div class=\"application-examples-item application-examples-item-loading\">\n                            <div class=\"col-row\">\n                                <div class=\"col-6 col-m-8 col-s-12\"><h3 class=\"application-examples-item-title\">Example 7: Cigars<\/h3><div class=\"application-examples-item-description\">Ce widget aux couleurs compl\u00e9mentaires au tabac est non seulement \u00e9l\u00e9gant, mais \u00e9galement pratique \u00e0 utiliser. Il est configur\u00e9 pour m\u00e9moriser chaque visiteur v\u00e9rifi\u00e9 pendant 30 jours, afin qu'il ne soit pas oblig\u00e9 de recommencer le processus.<\/div><\/div>\n                <\/div>\n\n                <div class=\"application-examples-item-iframe-container browser-frame\">\n                    <div class=\"application-examples-item-iframe-wrapper\">\n                        <iframe class=\"application-examples-item-iframe application-examples-item-iframe-fixed-height\" data-src=\"https:\/\/elfsight.com\/examples?widget_id=cd54c180-80b6-487d-b95a-d6858813360d&padding=28px+40px+40px\" width=\"100%\" height=\"600\" allow=\"autoplay; fullscreen\"><\/iframe>\n                    <\/div>\n\n                    <div class=\"application-examples-item-loader\"><\/div>\n                <\/div>\n            <\/div>\n\n<div class=\"application-examples-item application-examples-item-loading\">\n                            <div class=\"col-row\">\n                                <div class=\"col-6 col-m-8 col-s-12\"><h3 class=\"application-examples-item-title\">Example 8: Marijuana<\/h3><div class=\"application-examples-item-description\">Lorsque votre site combine du contenu sensible \u00e0 l'\u00e2ge et du contenu accessible \u00e0 tous, il n'est pas n\u00e9cessaire de prot\u00e9ger toutes les pages des utilisateurs mineurs. R\u00e9glez simplement le widget sur les pages s\u00e9lectionn\u00e9es et le reste restera libre \u00e0 d\u00e9couvrir.<\/div><\/div>\n                <\/div>\n\n                <div class=\"application-examples-item-iframe-container browser-frame\">\n                    <div class=\"application-examples-item-iframe-wrapper\">\n                        <iframe class=\"application-examples-item-iframe application-examples-item-iframe-fixed-height\" data-src=\"https:\/\/apps.elfsight.com\/template\/7a40651f-2ff9-4fac-b890-9290936c85e5?padding=28px+40px+40px\" width=\"100%\" height=\"600\" allow=\"autoplay; fullscreen\"><\/iframe>\n                    <\/div>\n\n                    <div class=\"application-examples-item-loader\"><\/div>\n                <\/div>\n            <\/div>\n\n<div class=\"application-examples-item application-examples-item-loading\">\n                            <div class=\"col-row\">\n                                <div class=\"col-6 col-m-8 col-s-12\"><h3 class=\"application-examples-item-title\">Example 9: Adult Content 1<\/h3><div class=\"application-examples-item-description\">Vous vous demandez ce qui se passe apr\u00e8s qu'un visiteur d\u00e9clare \u00eatre mineur ou ne souhaite pas afficher le contenu? Vous pouvez choisir le sc\u00e9nario vous-m\u00eame. Le widget verra soit un message de votre part, soit il sera redirig\u00e9 vers une autre adresse.<\/div><\/div>\n                <\/div>\n\n                <div class=\"application-examples-item-iframe-container browser-frame\">\n                    <div class=\"application-examples-item-iframe-wrapper\">\n                        <iframe class=\"application-examples-item-iframe application-examples-item-iframe-fixed-height\" data-src=\"https:\/\/elfsight.com\/examples?widget_id=a79e4ab7-63e3-4317-9639-f4657d669577&padding=28px+40px+40px\" width=\"100%\" height=\"600\" allow=\"autoplay; fullscreen\"><\/iframe>\n                    <\/div>\n\n                    <div class=\"application-examples-item-loader\"><\/div>\n                <\/div>\n            <\/div>\n\n<div class=\"application-examples-item application-examples-item-loading\">\n                            <div class=\"col-row\">\n                                <div class=\"col-6 col-m-8 col-s-12\"><h3 class=\"application-examples-item-title\">Example 10: Adult Content 2<\/h3><div class=\"application-examples-item-description\">Ce widget est non seulement accrocheur, mais fournit une notification d\u00e9taill\u00e9e sur le contenu. Vous pouvez ajouter n'importe quel texte dans la l\u00e9gende, qui prend en charge la mise en forme, les listes, les liens et les options de police.<\/div><\/div>\n                <\/div>\n\n                <div class=\"application-examples-item-iframe-container browser-frame\">\n                    <div class=\"application-examples-item-iframe-wrapper\">\n                        <iframe class=\"application-examples-item-iframe application-examples-item-iframe-fixed-height\" data-src=\"https:\/\/elfsight.com\/examples?widget_id=6ba9732b-7414-4902-89af-4d8fc4614b43&padding=28px+40px+40px\" width=\"100%\" height=\"600\" allow=\"autoplay; fullscreen\"><\/iframe>\n                    <\/div>\n\n                    <div class=\"application-examples-item-loader\"><\/div>\n                <\/div>\n            <\/div>\n\n<div class=\"application-examples-item application-examples-item-loading\">\n                            <div class=\"col-row\">\n                                <div class=\"col-6 col-m-8 col-s-12\"><h3 class=\"application-examples-item-title\">Example 11: Adult Content 3<\/h3><div class=\"application-examples-item-description\">Ce widget \u00e9l\u00e9gant est configur\u00e9 pour que l'image de superposition occupe tout l'espace du site Web. Et quel que soit l'appareil utilis\u00e9 par vos visiteurs pour naviguer, le widget est parfaitement r\u00e9actif pour \u00eatre aussi magnifique avec toutes les r\u00e9solutions d'\u00e9cran.<\/div><\/div>\n                <\/div>\n\n                <div class=\"application-examples-item-iframe-container browser-frame\">\n                    <div class=\"application-examples-item-iframe-wrapper\">\n                        <iframe class=\"application-examples-item-iframe application-examples-item-iframe-fixed-height\" data-src=\"https:\/\/elfsight.com\/examples?widget_id=a36a5a39-7548-404e-8595-672ff26ae112&padding=28px+40px+40px\" width=\"100%\" height=\"600\" allow=\"autoplay; fullscreen\"><\/iframe>\n                    <\/div>\n\n                    <div class=\"application-examples-item-loader\"><\/div>\n                <\/div>\n            <\/div>\n","protected":false},"excerpt":{"rendered":"","protected":false},"author":12,"featured_media":0,"parent":931,"menu_order":0,"comment_status":"closed","ping_status":"closed","template":"templates\/template-application-examples.php","meta":{"publish_to_discourse":"","publish_post_category":"","wpdc_auto_publish_overridden":"","wpdc_topic_tags":"","wpdc_pin_topic":"","wpdc_pin_until":"","discourse_post_id":"","discourse_permalink":"","wpdc_publishing_response":"","wpdc_publishing_error":"","footnotes":""},"class_list":["post-951","page","type-page","status-publish","hentry"],"yoast_head":"<!-- This site is optimized with the Yoast SEO plugin v25.3.1 - https:\/\/yoast.com\/wordpress\/plugins\/seo\/ -->\n<title>Les meilleurs exemples de v\u00e9rification d&#039;\u00e2ge sur un site Web (vitrines)<\/title>\n<meta name=\"description\" content=\"Top 11 des exemples de v\u00e9rification de l&#039;\u00e2ge: alcool, drogue, tabac, filtre pour adultes, etc. Exemple de widget de v\u00e9rification pour votre site Web.\" \/>\n<meta name=\"robots\" content=\"index, follow, max-snippet:-1, max-image-preview:large, max-video-preview:-1\" \/>\n<link rel=\"canonical\" href=\"https:\/\/elfsight.com\/fr\/age-verification-widget\/examples\/\" \/>\n<meta property=\"og:locale\" content=\"fr_FR\" \/>\n<meta property=\"og:type\" content=\"article\" \/>\n<meta property=\"og:title\" content=\"Les meilleurs exemples de v\u00e9rification d&#039;\u00e2ge sur un site Web (vitrines)\" \/>\n<meta property=\"og:description\" content=\"Top 11 des exemples de v\u00e9rification de l&#039;\u00e2ge: alcool, drogue, tabac, filtre pour adultes, etc. Exemple de widget de v\u00e9rification pour votre site Web.\" \/>\n<meta property=\"og:url\" content=\"https:\/\/elfsight.com\/fr\/age-verification-widget\/examples\/\" \/>\n<meta property=\"og:site_name\" content=\"Elfsight FR\" \/>\n<meta property=\"article:modified_time\" content=\"2020-06-30T11:36:15+00:00\" \/>\n<meta name=\"twitter:card\" content=\"summary_large_image\" \/>\n<meta name=\"twitter:label1\" content=\"Dur\u00e9e de lecture estim\u00e9e\" \/>\n\t<meta name=\"twitter:data1\" content=\"4 minutes\" \/>\n<!-- \/ Yoast SEO plugin. -->","yoast_head_json":{"title":"Les meilleurs exemples de v\u00e9rification d'\u00e2ge sur un site Web (vitrines)","description":"Top 11 des exemples de v\u00e9rification de l'\u00e2ge: alcool, drogue, tabac, filtre pour adultes, etc. Exemple de widget de v\u00e9rification pour votre site Web.","robots":{"index":"index","follow":"follow","max-snippet":"max-snippet:-1","max-image-preview":"max-image-preview:large","max-video-preview":"max-video-preview:-1"},"canonical":"https:\/\/elfsight.com\/fr\/age-verification-widget\/examples\/","og_locale":"fr_FR","og_type":"article","og_title":"Les meilleurs exemples de v\u00e9rification d'\u00e2ge sur un site Web (vitrines)","og_description":"Top 11 des exemples de v\u00e9rification de l'\u00e2ge: alcool, drogue, tabac, filtre pour adultes, etc. Exemple de widget de v\u00e9rification pour votre site Web.","og_url":"https:\/\/elfsight.com\/fr\/age-verification-widget\/examples\/","og_site_name":"Elfsight FR","article_modified_time":"2020-06-30T11:36:15+00:00","twitter_card":"summary_large_image","twitter_misc":{"Dur\u00e9e de lecture estim\u00e9e":"4 minutes"},"schema":{"@context":"https:\/\/schema.org","@graph":[{"@type":"WebPage","@id":"https:\/\/elfsight.com\/fr\/age-verification-widget\/examples\/","url":"https:\/\/elfsight.com\/fr\/age-verification-widget\/examples\/","name":"Les meilleurs exemples de v\u00e9rification d'\u00e2ge sur un site Web (vitrines)","isPartOf":{"@id":"https:\/\/elfsight.com\/fr\/#website"},"datePublished":"2020-06-30T11:30:59+00:00","dateModified":"2020-06-30T11:36:15+00:00","description":"Top 11 des exemples de v\u00e9rification de l'\u00e2ge: alcool, drogue, tabac, filtre pour adultes, etc. Exemple de widget de v\u00e9rification pour votre site Web.","breadcrumb":{"@id":"https:\/\/elfsight.com\/fr\/age-verification-widget\/examples\/#breadcrumb"},"inLanguage":"fr-FR","potentialAction":[{"@type":"ReadAction","target":["https:\/\/elfsight.com\/fr\/age-verification-widget\/examples\/"]}]},{"@type":"BreadcrumbList","@id":"https:\/\/elfsight.com\/fr\/age-verification-widget\/examples\/#breadcrumb","itemListElement":[{"@type":"ListItem","position":1,"name":"Home","item":"https:\/\/elfsight.com\/fr\/"},{"@type":"ListItem","position":2,"name":"Age Verification","item":"https:\/\/elfsight.com\/fr\/age-verification-widget\/"},{"@type":"ListItem","position":3,"name":"Age Verification &#8211; Examples"}]},{"@type":"WebSite","@id":"https:\/\/elfsight.com\/fr\/#website","url":"https:\/\/elfsight.com\/fr\/","name":"Elfsight FR","description":"","potentialAction":[{"@type":"SearchAction","target":{"@type":"EntryPoint","urlTemplate":"https:\/\/elfsight.com\/fr\/?s={search_term_string}"},"query-input":{"@type":"PropertyValueSpecification","valueRequired":true,"valueName":"search_term_string"}}],"inLanguage":"fr-FR"}]}},"meta_box":{"industry":"","seo_heading":"","heading":"","description":"","cta_heading":"","cta_description":"","application":"933","h1":"","h1_caption":"","application_category":[],"applications_title":"","applications_request_title":"","applications_request_button_text":"","hero_text":"","hero_video":"","hero_video_schema_markup":"","selling_points_title":"","selling_points_caption":"","selling_points":[],"selling_points_cta_text":"","features_title":"","features":"","ed_cta_examples_text":"","ed_cta_examples_hidden":"","ed_cta_demo_text":"","ed_cta_demo_hidden":"","why_caption":"","why_editor_title":"","why_editor_text":"","why_team_title":"","why_team_text":"","why_service_title":"","why_service_text":"","template_catalog_visible":"","template_catalog_title":"","template_catalog_text":"","template_catalog_categories_visible":"","demo_title":"","demo_caption":"","default_faq_hidden":"","app_template_category":[],"platform":"","template_public_id":"","codecanyon_url":"","codecanyon_item_id":"","codecanyon_price":"","pricing_caption":"","pricing_elfsight_apps_hide_column":"","pricing_elfsight_apps_url":"","pricing_codecanyon_price_caption":"","integration_category":[],"integration_request_title":"","integration_request_cta":"","integration_platform":"","integrations":[],"platform_category":[],"video_schema_markup":"","price":"","trial":"","benefits":[],"button_url":"","button_target_blank":"","button_nofollow":"","attributes":[],"tags":[],"tags_disable_links":"","hide_more_platforms":"","video_object":"","demo_hide_cta":"","demo_hide_cloud_options":"","pricing_title":"","pricing":[],"related_apps_title":"","related_apps_hidden":"","author":"","image":[],"title":"","job":"","social_networks":[]},"_links":{"self":[{"href":"https:\/\/elfsight.com\/fr\/wp-json\/wp\/v2\/pages\/951","targetHints":{"allow":["GET"]}}],"collection":[{"href":"https:\/\/elfsight.com\/fr\/wp-json\/wp\/v2\/pages"}],"about":[{"href":"https:\/\/elfsight.com\/fr\/wp-json\/wp\/v2\/types\/page"}],"author":[{"embeddable":true,"href":"https:\/\/elfsight.com\/fr\/wp-json\/wp\/v2\/users\/12"}],"replies":[{"embeddable":true,"href":"https:\/\/elfsight.com\/fr\/wp-json\/wp\/v2\/comments?post=951"}],"version-history":[{"count":9,"href":"https:\/\/elfsight.com\/fr\/wp-json\/wp\/v2\/pages\/951\/revisions"}],"predecessor-version":[{"id":960,"href":"https:\/\/elfsight.com\/fr\/wp-json\/wp\/v2\/pages\/951\/revisions\/960"}],"up":[{"embeddable":true,"href":"https:\/\/elfsight.com\/fr\/wp-json\/wp\/v2\/pages\/931"}],"wp:attachment":[{"href":"https:\/\/elfsight.com\/fr\/wp-json\/wp\/v2\/media?parent=951"}],"curies":[{"name":"wp","href":"https:\/\/api.w.org\/{rel}","templated":true}]}}