{"id":8332,"date":"2024-05-03T06:31:29","date_gmt":"2024-05-03T06:31:29","guid":{"rendered":"https:\/\/elfsight.com\/fr\/?page_id=8332"},"modified":"2026-01-20T14:49:52","modified_gmt":"2026-01-20T14:49:52","slug":"wix","status":"publish","type":"page","link":"https:\/\/elfsight.com\/fr\/button-widget\/wix\/","title":{"rendered":"Button &#8211; Wix"},"content":{"rendered":"<div class=\"application-platform-content-item-description application-platform-content-item\" id=\"description\" data-nav-section=\"description\"> <h2>Description<\/h2> <p>The Button est une application pour Wix vous permettant de cr\u00e9er diff\u00e9rents boutons \u00e0 des fins diff\u00e9rentes sur votre site Web. De nombreuses actions peuvent \u00eatre entreprises d\u00e8s que le visiteur de votre site Web clique sur le bouton. Par exemple, ils peuvent \u00eatre redirig\u00e9s vers une page de destination, composer votre num\u00e9ro de t\u00e9l\u00e9phone, communiquer via un messager bien connu et bien plus encore. Le bouton est remarquablement personnalisable\u00a0: vous \u00eates libre d&rsquo;ajouter n&rsquo;importe quel message, contenu au-dessus et en dessous de votre bouton, et de modifier sa taille et ses couleurs. <\/p> <p><b>Appliquez un bouton attrayant pour augmenter les ventes sur votre site, attirer plus d&rsquo;abonn\u00e9s sur vos comptes de r\u00e9seaux sociaux et bien plus encore\u00a0! <\/b><\/p> <\/div> <div class=\"application-platform-content-item-features application-platform-content-item\" id=\"features\" data-nav-section=\"features\"> <h2>Consultez la liste des fonctionnalit\u00e9s les plus importantes\u00a0: <\/h2> <ul><li>Changer les couleurs et les polices<\/li><li>Deux variantes de disposition des boutons\u00a0:\u00a0Int\u00e9gr\u00e9 et flottant<\/li><li>Une option pour ajouter du contenu autour de votre bouton<\/li><li>Une \u00e9tiquette pouvant occuper 2\u00a0lignes<\/li><li>Ci-dessus huit variantes de sc\u00e9narios apr\u00e8s un clic<\/li><\/ul><p><a href=\"#demo\">Vous pouvez v\u00e9rifier si l&rsquo;application propose d&rsquo;essayer la d\u00e9mo<\/a><\/p> <\/div> <div class=\"application-platform-content-item-installation application-platform-content-item\" id=\"installation\" data-nav-section=\"installation\"> <h2>Comment puis-je ajouter un bouton sur mon site Wix\u00a0? <\/h2> <div class=\"video-container\">\n<iframe width=\"720\" height=\"405\" src=\"https:\/\/www.youtube.com\/embed\/hX4Ql0zdoFM?si=kvCKFIUmKrwkiAAt\" frameborder=\"0\" allowfullscreen=\"\"><\/iframe>\n<\/div><p>Suivez simplement les instructions ci-dessous pour activer l&rsquo;outil. <\/p> <ol><li><b>Ouvrez notre configurateur gratuit et commencez \u00e0 fa\u00e7onner votre application sur mesure. <\/b><br> Choisissez la disposition s\u00e9lectionn\u00e9e et les caract\u00e9ristiques de l&rsquo;outil et appliquez les modifications. <\/li> <li><b>Copiez le code unique qui est affich\u00e9 dans la case sur les applications Elfsight. <\/b><br> Une fois la personnalisation de votre outil personnel termin\u00e9e, copiez le code personnel de la fen\u00eatre contextuelle qui appara\u00eet et conservez-le pour vos besoins futurs. <\/li> <li><b>Initiez l&rsquo;utilisation de l&rsquo;application sur votre site Wix. <\/b><br> Ins\u00e9rez le code enregistr\u00e9 pr\u00e9c\u00e9demment dans votre page web et appliquez les corrections. <\/li> <li><b>L&rsquo;installation est termin\u00e9e avec succ\u00e8s. <\/b><br> Visitez votre page pour v\u00e9rifier les performances de l&rsquo;application. <\/li><\/ol> <p>Si vous rencontrez des complications, n&rsquo;h\u00e9sitez pas \u00e0 demander de l&rsquo;aide \u00e0 notre personnel d&rsquo;assistance. Nos collaborateurs sont impatients de vous aider \u00e0 r\u00e9soudre tous les probl\u00e8mes que vous pourriez rencontrer avec le widget. <\/p> <div class=\"faq\" data-component=\"FAQ\"><div class=\"faq-item\">\r\n\t\t\t\t\t<div class=\"faq-item-question\">\r\n\t\t\t\t\t\t<h3 class=\"faq-item-question-text\">Comment ajouter Button \u00e0 mon site Wix sans comp\u00e9tences en codage ?<\/h3>\r\n\r\n\t\t\t\t\t\t<div class=\"faq-item-question-icon\"><\/div>\r\n\t\t\t\t\t<\/div>\r\n\r\n\t\t\t\t\t<div class=\"faq-item-answer\">\r\n\t\t\t\t\t\t<div class=\"faq-item-answer-text\"> <p>Elfsight fournit une solution SaaS qui vous permet de cr\u00e9er vous-m\u00eame un widget Button. Voyez \u00e0 quel point le processus est simple\u00a0: Travaillez directement dans l&rsquo;\u00e9diteur en ligne pour cr\u00e9er un widget Bouton que vous aimeriez voir sur votre site Web Wix. Choisissez l&rsquo;un des mod\u00e8les pr\u00e9d\u00e9finis et ajustez les param\u00e8tres du bouton, ajoutez votre contenu, modifiez la mise en page et les couleurs sans aucune comp\u00e9tence en codage. Enregistrez le bouton et copiez son code d&rsquo;installation afin de pouvoir l&rsquo;ajouter \u00e0 votre site Web Wix sans avoir besoin d&rsquo;acheter une version payante. Gr\u00e2ce \u00e0 notre \u00e9diteur intuitif, tout internaute peut cr\u00e9er un widget Bouton en ligne et l&rsquo;int\u00e9grer facilement \u00e0 son site Web Wix. Il n&rsquo;est pas n\u00e9cessaire de payer ou de saisir les informations d&rsquo;identification de votre carte pour acc\u00e9der au service. Si vous rencontrez des probl\u00e8mes \u00e0 n&rsquo;importe quelle \u00e9tape, n&rsquo;h\u00e9sitez pas \u00e0 contacter notre \u00e9quipe d&rsquo;assistance technique.<\/p> <\/div>\r\n\t\t\t\t\t<\/div>\r\n\t\t\t\t<\/div> <\/div><\/div>","protected":false},"excerpt":{"rendered":"","protected":false},"author":9,"featured_media":0,"parent":3715,"menu_order":0,"comment_status":"closed","ping_status":"closed","template":"templates\/template-application-platform.php","meta":{"publish_to_discourse":"","publish_post_category":"","wpdc_auto_publish_overridden":"","wpdc_topic_tags":"","wpdc_pin_topic":"","wpdc_pin_until":"","discourse_post_id":"","discourse_permalink":"","wpdc_publishing_response":"","wpdc_publishing_error":"","footnotes":""},"class_list":["post-8332","page","type-page","status-publish","hentry"],"yoast_head":"<!-- This site is optimized with the Yoast SEO plugin v25.3.1 - https:\/\/yoast.com\/wordpress\/plugins\/seo\/ -->\n<title>Application de cr\u00e9ation de boutons - Int\u00e9grer l&#039;application Button \u00e0 Wix ( 2025 )<\/title>\n<meta name=\"description\" content=\"Testez la nouvelle application Elfsight Button pour Wix. Gagnez de nouveaux abonn\u00e9s, augmentez vos ventes et rendez votre entreprise encore plus populaire gr\u00e2ce aux outils Elfsight !\" \/>\n<meta name=\"robots\" content=\"index, follow, max-snippet:-1, max-image-preview:large, max-video-preview:-1\" \/>\n<link rel=\"canonical\" href=\"https:\/\/elfsight.com\/fr\/button-widget\/wix\/\" \/>\n<meta property=\"og:locale\" content=\"fr_FR\" \/>\n<meta property=\"og:type\" content=\"article\" \/>\n<meta property=\"og:title\" content=\"Application de cr\u00e9ation de boutons - Int\u00e9grer l&#039;application Button \u00e0 Wix ( 2025 )\" \/>\n<meta property=\"og:description\" content=\"Testez la nouvelle application Elfsight Button pour Wix. Gagnez de nouveaux abonn\u00e9s, augmentez vos ventes et rendez votre entreprise encore plus populaire gr\u00e2ce aux outils Elfsight !\" \/>\n<meta property=\"og:url\" content=\"https:\/\/elfsight.com\/fr\/button-widget\/wix\/\" \/>\n<meta property=\"og:site_name\" content=\"Elfsight FR\" \/>\n<meta property=\"article:modified_time\" content=\"2026-01-20T14:49:52+00:00\" \/>\n<meta name=\"twitter:card\" content=\"summary_large_image\" \/>\n<meta name=\"twitter:label1\" content=\"Dur\u00e9e de lecture estim\u00e9e\" \/>\n\t<meta name=\"twitter:data1\" content=\"3 minutes\" \/>\n<!-- \/ Yoast SEO plugin. -->","yoast_head_json":{"title":"Application de cr\u00e9ation de boutons - Int\u00e9grer l'application Button \u00e0 Wix ( 2025 )","description":"Testez la nouvelle application Elfsight Button pour Wix. Gagnez de nouveaux abonn\u00e9s, augmentez vos ventes et rendez votre entreprise encore plus populaire gr\u00e2ce aux outils Elfsight !","robots":{"index":"index","follow":"follow","max-snippet":"max-snippet:-1","max-image-preview":"max-image-preview:large","max-video-preview":"max-video-preview:-1"},"canonical":"https:\/\/elfsight.com\/fr\/button-widget\/wix\/","og_locale":"fr_FR","og_type":"article","og_title":"Application de cr\u00e9ation de boutons - Int\u00e9grer l'application Button \u00e0 Wix ( 2025 )","og_description":"Testez la nouvelle application Elfsight Button pour Wix. Gagnez de nouveaux abonn\u00e9s, augmentez vos ventes et rendez votre entreprise encore plus populaire gr\u00e2ce aux outils Elfsight !","og_url":"https:\/\/elfsight.com\/fr\/button-widget\/wix\/","og_site_name":"Elfsight FR","article_modified_time":"2026-01-20T14:49:52+00:00","twitter_card":"summary_large_image","twitter_misc":{"Dur\u00e9e de lecture estim\u00e9e":"3 minutes"},"schema":{"@context":"https:\/\/schema.org","@graph":[{"@type":"WebPage","@id":"https:\/\/elfsight.com\/fr\/button-widget\/wix\/","url":"https:\/\/elfsight.com\/fr\/button-widget\/wix\/","name":"Application de cr\u00e9ation de boutons - Int\u00e9grer l'application Button \u00e0 Wix ( 2025 )","isPartOf":{"@id":"https:\/\/elfsight.com\/fr\/#website"},"datePublished":"2024-05-03T06:31:29+00:00","dateModified":"2026-01-20T14:49:52+00:00","description":"Testez la nouvelle application Elfsight Button pour Wix. Gagnez de nouveaux abonn\u00e9s, augmentez vos ventes et rendez votre entreprise encore plus populaire gr\u00e2ce aux outils Elfsight !","breadcrumb":{"@id":"https:\/\/elfsight.com\/fr\/button-widget\/wix\/#breadcrumb"},"inLanguage":"fr-FR","potentialAction":[{"@type":"ReadAction","target":["https:\/\/elfsight.com\/fr\/button-widget\/wix\/"]}]},{"@type":"BreadcrumbList","@id":"https:\/\/elfsight.com\/fr\/button-widget\/wix\/#breadcrumb","itemListElement":[{"@type":"ListItem","position":1,"name":"Home","item":"https:\/\/elfsight.com\/fr\/"},{"@type":"ListItem","position":2,"name":"Button","item":"https:\/\/elfsight.com\/fr\/button-widget\/"},{"@type":"ListItem","position":3,"name":"Button &#8211; Wix"}]},{"@type":"WebSite","@id":"https:\/\/elfsight.com\/fr\/#website","url":"https:\/\/elfsight.com\/fr\/","name":"Elfsight FR","description":"","potentialAction":[{"@type":"SearchAction","target":{"@type":"EntryPoint","urlTemplate":"https:\/\/elfsight.com\/fr\/?s={search_term_string}"},"query-input":{"@type":"PropertyValueSpecification","valueRequired":true,"valueName":"search_term_string"}}],"inLanguage":"fr-FR"}]}},"meta_box":{"industry":"","seo_heading":"","heading":"","description":"","cta_heading":"","cta_description":"","application":"3714","h1":"Application Wix Bouton","h1_caption":"Ajoutez un bouton d'appel \u00e0 l'action personnalisable pour encourager les clics et guider vos utilisateurs vers des conversions vers votre site Web Wix sans effort.","application_category":[],"applications_title":"","applications_request_title":"","applications_request_button_text":"","hero_text":"","hero_video":"","hero_video_schema_markup":"","selling_points_title":"","selling_points_caption":"","selling_points":[],"selling_points_cta_text":"","features_title":"","features":"","ed_cta_examples_text":"","ed_cta_examples_hidden":"","ed_cta_demo_text":"","ed_cta_demo_hidden":"","why_caption":"","why_editor_title":"","why_editor_text":"","why_team_title":"","why_team_text":"","why_service_title":"","why_service_text":"","template_catalog_visible":"0","template_catalog_title":"","template_catalog_text":"","template_catalog_categories_visible":"","demo_title":"Cr\u00e9ez votre application Button","demo_caption":"Configurez votre Button et ajoutez-le \u00e0 votre site Wix gratuitement !","default_faq_hidden":"","app_template_category":[],"platform":"345","template_public_id":"","codecanyon_url":"","codecanyon_item_id":"","codecanyon_price":"","pricing_caption":"","pricing_elfsight_apps_hide_column":"","pricing_elfsight_apps_url":"","pricing_codecanyon_price_caption":"","integration_category":[],"integration_request_title":"","integration_request_cta":"","integration_platform":"","integrations":[],"platform_category":[],"video_schema_markup":"","price":"\u00e0 partir de 0$ \/ mois","trial":"","benefits":[{"text":"Aide \u00e0 l'installation gratuite"},{"text":"Service client efficace"},{"text":"Garantie de remboursement de 14 jours"},{"text":"Mise \u00e0 jour constante"}],"button_url":"#demo","button_target_blank":"0","button_nofollow":"0","attributes":[{"name":"Installations","content":"10,000 - 100,000"},{"name":"Sensible","content":"Oui"},{"name":"Navigateurs compatibles","content":"Firefox, Safari, Opera, Chrome, Edge"}],"tags":[],"tags_disable_links":"0","hide_more_platforms":"0","video_object":"","demo_hide_cta":"0","demo_hide_cloud_options":"0","pricing_title":"","pricing":[{"pricing_icon":"platform","pricing_title":"Elfsight Apps","pricing_title_caption":"Version ind\u00e9pendante de la plateforme","pricing_price":"from $0 \/ month","pricing_price_caption":"commencez avec un forfait gratuit","pricing_benefits":[{"text":"Domaines illimit\u00e9s"},{"text":"Support premium et bien document\u00e9"},{"text":"Aide \u00e0 l'installation gratuite"},{"text":"Enti\u00e8rement personnalisable"}],"pricing_button_text":"Ajouter au site Web","pricing_button_url":"#demo"}],"related_apps_title":"","related_apps_hidden":"0","author":"","image":[],"title":"","job":"","social_networks":[]},"_links":{"self":[{"href":"https:\/\/elfsight.com\/fr\/wp-json\/wp\/v2\/pages\/8332","targetHints":{"allow":["GET"]}}],"collection":[{"href":"https:\/\/elfsight.com\/fr\/wp-json\/wp\/v2\/pages"}],"about":[{"href":"https:\/\/elfsight.com\/fr\/wp-json\/wp\/v2\/types\/page"}],"author":[{"embeddable":true,"href":"https:\/\/elfsight.com\/fr\/wp-json\/wp\/v2\/users\/9"}],"replies":[{"embeddable":true,"href":"https:\/\/elfsight.com\/fr\/wp-json\/wp\/v2\/comments?post=8332"}],"version-history":[{"count":2,"href":"https:\/\/elfsight.com\/fr\/wp-json\/wp\/v2\/pages\/8332\/revisions"}],"predecessor-version":[{"id":16792,"href":"https:\/\/elfsight.com\/fr\/wp-json\/wp\/v2\/pages\/8332\/revisions\/16792"}],"up":[{"embeddable":true,"href":"https:\/\/elfsight.com\/fr\/wp-json\/wp\/v2\/pages\/3715"}],"wp:attachment":[{"href":"https:\/\/elfsight.com\/fr\/wp-json\/wp\/v2\/media?parent=8332"}],"curies":[{"name":"wp","href":"https:\/\/api.w.org\/{rel}","templated":true}]}}