{"id":8330,"date":"2024-05-03T06:31:27","date_gmt":"2024-05-03T06:31:27","guid":{"rendered":"https:\/\/elfsight.com\/fr\/?page_id=8330"},"modified":"2025-07-09T17:00:09","modified_gmt":"2025-07-09T17:00:09","slug":"woocommerce","status":"publish","type":"page","link":"https:\/\/elfsight.com\/fr\/button-widget\/woocommerce\/","title":{"rendered":"Button &#8211; WooCommerce"},"content":{"rendered":"<div class=\"application-platform-content-item-description application-platform-content-item\" id=\"description\" data-nav-section=\"description\"> <h2>Description<\/h2> <p>The Button est un plugin pour WooCommerce vous donnant la possibilit\u00e9 de cr\u00e9er divers boutons pour de nombreux objectifs sur votre site Web. . De nombreuses actions peuvent \u00eatre entreprises d\u00e8s qu\u2019un utilisateur clique sur le bouton. Par exemple, ils peuvent \u00eatre redirig\u00e9s vers une page de destination, composer votre num\u00e9ro de t\u00e9l\u00e9phone, communiquer dans la messagerie populaire et bien plus encore. Notre bouton est extr\u00eamement personnalisable : vous \u00eates libre d&rsquo;utiliser n&rsquo;importe quel message, contenu autour du bouton, et d&rsquo;ajuster sa taille et son style. <\/p> <p><b>Utilisez un bouton attrayant pour augmenter les ventes sur votre site, attirer plus de followers sur les r\u00e9seaux sociaux et bien plus encore ! <\/b><\/p> <\/div> <div class=\"application-platform-content-item-features application-platform-content-item\" id=\"features\" data-nav-section=\"features\"> <h2>Les fonctionnalit\u00e9s fondamentales du widget contiennent<\/h2> <ul><li>Modifier les couleurs et les polices<\/li><li>2 types de positionnement des boutons &#8211; Int\u00e9gr\u00e9 et flottant<\/li><li>Une possibilit\u00e9 d&rsquo;ajouter du contenu autour de votre bouton<\/li><li>Une \u00e9tiquette pouvant prendre 2 lignes<\/li><li>Plus de huit variantes de sc\u00e9narios apr\u00e8s un clic<\/li><\/ul><p><a href=\"#demo\">Explorez tous les param\u00e8tres dans une d\u00e9mo 100% fonctionnelle<\/a><\/p> <\/div> <div class=\"application-platform-content-item-installation  application-platform-content-item\" id=\"installation \" data-nav-section=\"installation \"> <h2>Comment int\u00e9grer Button \u00e0 mon site WooCommerce ? <\/h2> <p>Suivez simplement les \u00e9tapes d\u00e9crites ci-dessous pour int\u00e9grer l&rsquo;outil. <\/p> <ol><li><b>Lancez notre \u00e9diteur gratuit et commencez \u00e0 cr\u00e9er votre propre plugin. <\/b><br> Sp\u00e9cifiez l&rsquo;interface pr\u00e9f\u00e9rable et les caract\u00e9ristiques fonctionnelles de l&rsquo;outil et appliquez les corrections. <\/li> <li><b>Faites appara\u00eetre votre code personnel dans la bo\u00eete sur les applications Elfsight. <\/b><br> Juste apr\u00e8s la cr\u00e9ation de votre plugin, copiez le code personnel dans la fen\u00eatre qui appara\u00eet et enregistrez-le pour une utilisation ult\u00e9rieure. <\/li> <li><b>Initiez l&rsquo;utilisation du plugin sur la page d&rsquo;accueil de WooCommerce. <\/b><br> Int\u00e9grez le code que vous avez enregistr\u00e9 auparavant dans votre page d&rsquo;accueil et appliquez les corrections. <\/li> <li><b>L&rsquo;installation est enti\u00e8rement termin\u00e9e. <\/b><br> Acc\u00e9dez \u00e0 votre site Web pour inspecter le fonctionnement du widget. <\/li><\/ol> <p>Si vous rencontrez des obstacles, n&rsquo;h\u00e9sitez pas \u00e0 \u00e9crire \u00e0 notre \u00e9quipe d&rsquo;assistance. Nos consultants ont h\u00e2te de r\u00e9soudre toutes les difficult\u00e9s que vous pourriez rencontrer avec l&rsquo;outil. <\/p> <div class=\"faq\" data-component=\"FAQ\"><div class=\"faq-item\">\r\n\t\t\t\t\t<div class=\"faq-item-question\">\r\n\t\t\t\t\t\t<h3 class=\"faq-item-question-text\">Comment puis-je ajouter un bouton \u00e0 mon site WooCommerce sans comp\u00e9tences en codage ?<\/h3>\r\n\r\n\t\t\t\t\t\t<div class=\"faq-item-question-icon\"><\/div>\r\n\t\t\t\t\t<\/div>\r\n\r\n\t\t\t\t\t<div class=\"faq-item-answer\">\r\n\t\t\t\t\t\t<div class=\"faq-item-answer-text\"> <p>Elfsight fournit une solution SaaS qui vous permet de cr\u00e9er vous-m\u00eame un widget Bouton, voyez \u00e0 quel point le processus est simple : Travaillez directement dans l&rsquo;\u00e9diteur en ligne pour cr\u00e9er un widget Bouton que vous aimeriez voir sur votre site Web WooCommerce. Choisissez l&rsquo;un des mod\u00e8les pr\u00e9d\u00e9finis et ajustez les param\u00e8tres du bouton, ajoutez votre contenu, modifiez la mise en page et les couleurs sans aucune comp\u00e9tence en codage. Enregistrez le bouton et copiez son code d&rsquo;installation, que vous pouvez facilement inclure dans votre site Web WooCommerce sans acheter de forfait payant. Avec notre \u00e9diteur intuitif, tout internaute peut cr\u00e9er un widget Bouton en ligne et l&rsquo;int\u00e9grer facilement \u00e0 son site Web WooCommerce. Il n&rsquo;est pas n\u00e9cessaire de payer ou de saisir les informations d&rsquo;identification de votre carte pour acc\u00e9der au service. Si vous rencontrez des probl\u00e8mes \u00e0 n&rsquo;importe quelle \u00e9tape, n&rsquo;h\u00e9sitez pas \u00e0 contacter notre \u00e9quipe d&rsquo;assistance technique.<\/p> <\/div>\r\n\t\t\t\t\t<\/div>\r\n\t\t\t\t<\/div> <\/div><\/div><p><\/p>","protected":false},"excerpt":{"rendered":"","protected":false},"author":9,"featured_media":0,"parent":3715,"menu_order":0,"comment_status":"closed","ping_status":"closed","template":"templates\/template-application-platform.php","meta":{"publish_to_discourse":"","publish_post_category":"","wpdc_auto_publish_overridden":"","wpdc_topic_tags":"","wpdc_pin_topic":"","wpdc_pin_until":"","discourse_post_id":"","discourse_permalink":"","wpdc_publishing_response":"","wpdc_publishing_error":"","footnotes":""},"class_list":["post-8330","page","type-page","status-publish","hentry"],"yoast_head":"<!-- This site is optimized with the Yoast SEO plugin v25.3.1 - https:\/\/yoast.com\/wordpress\/plugins\/seo\/ -->\n<title>Widget du plugin Button - Ajouter le plugin Button \u00e0 WooCommerce (2025)<\/title>\n<meta name=\"description\" content=\"Plugin Bouton de test pour WooCommerce. Obtenez de nouveaux abonn\u00e9s, augmentez vos ventes et rendez votre entreprise encore plus populaire en utilisant les outils Elfsight !\" \/>\n<meta name=\"robots\" content=\"index, follow, max-snippet:-1, max-image-preview:large, max-video-preview:-1\" \/>\n<link rel=\"canonical\" href=\"https:\/\/elfsight.com\/fr\/button-widget\/woocommerce\/\" \/>\n<meta property=\"og:locale\" content=\"fr_FR\" \/>\n<meta property=\"og:type\" content=\"article\" \/>\n<meta property=\"og:title\" content=\"Widget du plugin Button - Ajouter le plugin Button \u00e0 WooCommerce (2025)\" \/>\n<meta property=\"og:description\" content=\"Plugin Bouton de test pour WooCommerce. Obtenez de nouveaux abonn\u00e9s, augmentez vos ventes et rendez votre entreprise encore plus populaire en utilisant les outils Elfsight !\" \/>\n<meta property=\"og:url\" content=\"https:\/\/elfsight.com\/fr\/button-widget\/woocommerce\/\" \/>\n<meta property=\"og:site_name\" content=\"Elfsight FR\" \/>\n<meta property=\"article:modified_time\" content=\"2025-07-09T17:00:09+00:00\" \/>\n<meta name=\"twitter:card\" content=\"summary_large_image\" \/>\n<meta name=\"twitter:label1\" content=\"Dur\u00e9e de lecture estim\u00e9e\" \/>\n\t<meta name=\"twitter:data1\" content=\"3 minutes\" \/>\n<!-- \/ Yoast SEO plugin. -->","yoast_head_json":{"title":"Widget du plugin Button - Ajouter le plugin Button \u00e0 WooCommerce (2025)","description":"Plugin Bouton de test pour WooCommerce. Obtenez de nouveaux abonn\u00e9s, augmentez vos ventes et rendez votre entreprise encore plus populaire en utilisant les outils Elfsight !","robots":{"index":"index","follow":"follow","max-snippet":"max-snippet:-1","max-image-preview":"max-image-preview:large","max-video-preview":"max-video-preview:-1"},"canonical":"https:\/\/elfsight.com\/fr\/button-widget\/woocommerce\/","og_locale":"fr_FR","og_type":"article","og_title":"Widget du plugin Button - Ajouter le plugin Button \u00e0 WooCommerce (2025)","og_description":"Plugin Bouton de test pour WooCommerce. Obtenez de nouveaux abonn\u00e9s, augmentez vos ventes et rendez votre entreprise encore plus populaire en utilisant les outils Elfsight !","og_url":"https:\/\/elfsight.com\/fr\/button-widget\/woocommerce\/","og_site_name":"Elfsight FR","article_modified_time":"2025-07-09T17:00:09+00:00","twitter_card":"summary_large_image","twitter_misc":{"Dur\u00e9e de lecture estim\u00e9e":"3 minutes"},"schema":{"@context":"https:\/\/schema.org","@graph":[{"@type":"WebPage","@id":"https:\/\/elfsight.com\/fr\/button-widget\/woocommerce\/","url":"https:\/\/elfsight.com\/fr\/button-widget\/woocommerce\/","name":"Widget du plugin Button - Ajouter le plugin Button \u00e0 WooCommerce (2025)","isPartOf":{"@id":"https:\/\/elfsight.com\/fr\/#website"},"datePublished":"2024-05-03T06:31:27+00:00","dateModified":"2025-07-09T17:00:09+00:00","description":"Plugin Bouton de test pour WooCommerce. Obtenez de nouveaux abonn\u00e9s, augmentez vos ventes et rendez votre entreprise encore plus populaire en utilisant les outils Elfsight !","breadcrumb":{"@id":"https:\/\/elfsight.com\/fr\/button-widget\/woocommerce\/#breadcrumb"},"inLanguage":"fr-FR","potentialAction":[{"@type":"ReadAction","target":["https:\/\/elfsight.com\/fr\/button-widget\/woocommerce\/"]}]},{"@type":"BreadcrumbList","@id":"https:\/\/elfsight.com\/fr\/button-widget\/woocommerce\/#breadcrumb","itemListElement":[{"@type":"ListItem","position":1,"name":"Home","item":"https:\/\/elfsight.com\/fr\/"},{"@type":"ListItem","position":2,"name":"Button","item":"https:\/\/elfsight.com\/fr\/button-widget\/"},{"@type":"ListItem","position":3,"name":"Button &#8211; WooCommerce"}]},{"@type":"WebSite","@id":"https:\/\/elfsight.com\/fr\/#website","url":"https:\/\/elfsight.com\/fr\/","name":"Elfsight FR","description":"","potentialAction":[{"@type":"SearchAction","target":{"@type":"EntryPoint","urlTemplate":"https:\/\/elfsight.com\/fr\/?s={search_term_string}"},"query-input":{"@type":"PropertyValueSpecification","valueRequired":true,"valueName":"search_term_string"}}],"inLanguage":"fr-FR"}]}},"meta_box":{"industry":"","seo_heading":"","heading":"","description":"","cta_heading":"","cta_description":"","application":"3714","h1":"Plugin du bouton WooCommerce","h1_caption":"Ajoutez un bouton d'appel \u00e0 l'action personnalisable pour encourager les clics et guider vos utilisateurs vers des conversions vers votre site Web WooCommerce sans effort.","application_category":[],"applications_title":"","applications_request_title":"","applications_request_button_text":"","hero_text":"","hero_video":"","hero_video_schema_markup":"","selling_points_title":"","selling_points_caption":"","selling_points":[],"selling_points_cta_text":"","features_title":"","features":"","ed_cta_examples_text":"","ed_cta_examples_hidden":"","ed_cta_demo_text":"","ed_cta_demo_hidden":"","why_caption":"","why_editor_title":"","why_editor_text":"","why_team_title":"","why_team_text":"","why_service_title":"","why_service_text":"","template_catalog_visible":"","template_catalog_title":"","template_catalog_text":"","template_catalog_categories_visible":"","demo_title":"Cr\u00e9ez votre application Button","demo_caption":"Configurez votre bouton et ajoutez-le \u00e0 votre site Web WooCommerce gratuitement !","default_faq_hidden":"","app_template_category":[],"platform":"397","template_public_id":"","codecanyon_url":"","codecanyon_item_id":"","codecanyon_price":"","pricing_caption":"","pricing_elfsight_apps_hide_column":"","pricing_elfsight_apps_url":"","pricing_codecanyon_price_caption":"","integration_category":[],"integration_request_title":"","integration_request_cta":"","integration_platform":"","integrations":[],"platform_category":[],"video_schema_markup":"","price":"\u00e0 partir de 0$ \/ mois","trial":"","benefits":[{"text":"Assistance \u00e0 l'installation gratuite"},{"text":"Assistance premium"},{"text":"Garantie de remboursement de 14 jours"},{"text":"Mises \u00e0 jour \u00e0 vie"}],"button_url":"#demo","button_target_blank":"","button_nofollow":"","attributes":[{"name":"Installations","content":"10,000 - 100,000"},{"name":"Sensible","content":"Oui"},{"name":"Navigateurs compatibles","content":"Firefox, Safari, Opera, Chrome, Edge"}],"tags":[],"tags_disable_links":"","hide_more_platforms":"","video_object":"","demo_hide_cta":"","demo_hide_cloud_options":"","pricing_title":"","pricing":[{"pricing_icon":"platform","pricing_title":"Elfsight Apps","pricing_title_caption":"Solution ind\u00e9pendante de la plateforme qui fonctionne sur n'importe quel site","pricing_price":"from $0 \/ month","pricing_price_caption":"commencez avec un forfait gratuit","pricing_benefits":[{"text":"Domaines illimit\u00e9s"},{"text":"Support client rapide et bien document\u00e9"},{"text":"Service d'installation gratuit"},{"text":"Conception flexible"}],"pricing_button_text":"Ajouter au site Web","pricing_button_url":"#demo"}],"related_apps_title":"","related_apps_hidden":"","author":"","image":[],"title":"","job":"","social_networks":[]},"_links":{"self":[{"href":"https:\/\/elfsight.com\/fr\/wp-json\/wp\/v2\/pages\/8330","targetHints":{"allow":["GET"]}}],"collection":[{"href":"https:\/\/elfsight.com\/fr\/wp-json\/wp\/v2\/pages"}],"about":[{"href":"https:\/\/elfsight.com\/fr\/wp-json\/wp\/v2\/types\/page"}],"author":[{"embeddable":true,"href":"https:\/\/elfsight.com\/fr\/wp-json\/wp\/v2\/users\/9"}],"replies":[{"embeddable":true,"href":"https:\/\/elfsight.com\/fr\/wp-json\/wp\/v2\/comments?post=8330"}],"version-history":[{"count":1,"href":"https:\/\/elfsight.com\/fr\/wp-json\/wp\/v2\/pages\/8330\/revisions"}],"predecessor-version":[{"id":8334,"href":"https:\/\/elfsight.com\/fr\/wp-json\/wp\/v2\/pages\/8330\/revisions\/8334"}],"up":[{"embeddable":true,"href":"https:\/\/elfsight.com\/fr\/wp-json\/wp\/v2\/pages\/3715"}],"wp:attachment":[{"href":"https:\/\/elfsight.com\/fr\/wp-json\/wp\/v2\/media?parent=8330"}],"curies":[{"name":"wp","href":"https:\/\/api.w.org\/{rel}","templated":true}]}}