{"id":8325,"date":"2024-05-03T06:31:26","date_gmt":"2024-05-03T06:31:26","guid":{"rendered":"https:\/\/elfsight.com\/fr\/?page_id=8325"},"modified":"2024-12-23T13:37:25","modified_gmt":"2024-12-23T13:37:25","slug":"google-sites","status":"publish","type":"page","link":"https:\/\/elfsight.com\/fr\/button-widget\/google-sites\/","title":{"rendered":"Button &#8211; Google Sites"},"content":{"rendered":"\n<div class=\"application-platform-content-item-description application-platform-content-item\" id=\"description\" data-nav-section=\"description\"> <h2>Int\u00e9grer le bouton sur Google Sites avec le widget Elfsight<\/h2> <p>Elfsight Button est un plugin pour Google Sites vous permettant de cr\u00e9er diverses boutons pour de nombreux objectifs sur votre site Web. De nombreuses actions peuvent \u00eatre entreprises apr\u00e8s que le visiteur de votre site Web a cliqu\u00e9 sur le bouton. Par exemple, ils peuvent \u00eatre envoy\u00e9s vers un site Web tiers, composer votre num\u00e9ro de t\u00e9l\u00e9phone, discuter via un messager bien connu, etc. Le bouton est hautement personnalisable : vous pouvez utiliser n&rsquo;importe quel texte, contenu autour du bouton et ajuster sa taille et ses couleurs. <\/p> <p><b>Utilisez un bouton attrayant pour augmenter les ventes sur votre site, attirer plus d&rsquo;abonn\u00e9s sur les r\u00e9seaux sociaux et bien plus encore\u00a0! <\/b><\/p> <\/div> <div class=\"application-platform-content-item-features application-platform-content-item\" id=\"features\" data-nav-section=\"features\"> <h2>V\u00e9rifiez la liste des fonctionnalit\u00e9s les plus importantes\u00a0: <\/h2> <ul><li>Changer les couleurs et les polices<\/li> <li>Deux types de positionnement des boutons\u00a0:\u00a0Int\u00e9gr\u00e9 et flottant<\/li><li>Une possibilit\u00e9 d&rsquo;ajouter du contenu au-dessus et en dessous du bouton<\/li><li>Une \u00e9tiquette pouvant prendre deux lignes<\/li><li>Au-dessus 8 variantes de sc\u00e9narios apr\u00e8s un clic<\/li><\/ul><p><a href=\"#demo\">Vous pouvez v\u00e9rifier ce que propose le plugin \u00e0 l&rsquo;aide de la d\u00e9mo<\/a><\/p> <\/div> <div class=\"application-platform-content-item-installation application-platform-content-item\" id=\"installation\" data-nav-section=\"installation\"> <h2>Comment ajouter un bouton \u00e0 mon site Web Google Sites\u00a0? <\/h2> <p>Suivez simplement les instructions ci-dessous pour ins\u00e9rer l&rsquo;outil. <\/p> <ol><li><b>Utilisez notre configurateur gratuit et commencez \u00e0 cr\u00e9er votre propre plugin. <\/b><br> Recherchez l&rsquo;interface et les param\u00e8tres pr\u00e9f\u00e9rables de l&rsquo;outil et enregistrez les modifications. <\/li> <li><b>Recevez votre code unique expos\u00e9 dans la fen\u00eatre des applications Elfsight. <\/b><br> Une fois la personnalisation de votre widget termin\u00e9e, copiez le code personnel de la fen\u00eatre qui appara\u00eet et enregistrez-le pour d&rsquo;autres besoins. <\/li> <li><b>Commencez \u00e0 utiliser le plug-in sur votre site Google\u00a0Sites. <\/b><br> Saisissez le code copi\u00e9 auparavant dans votre page et appliquez les modifications. <\/li> <li><b>Fait\u00a0! L&rsquo;int\u00e9gration s&rsquo;est termin\u00e9e avec succ\u00e8s. <\/b><br> Acc\u00e9dez \u00e0 votre site Web pour voir le fonctionnement de l&rsquo;outil. <\/li><\/ol> <div class=\"tip-yellow tip\"><b>En raison des particularit\u00e9s du fonctionnement de Google Sites, le widget peut \u00eatre diff\u00e9rent de la d\u00e9mo en ligne. Nous nous excusons pour tout inconv\u00e9nient caus\u00e9.<\/b><\/div><p>Si vous avez des questions ou rencontrez des difficult\u00e9s, veuillez faire appel \u00e0 notre \u00e9quipe d&rsquo;assistance. Nos collaborateurs ont h\u00e2te de vous aider avec tous les probl\u00e8mes que vous pourriez rencontrer avec le plugin. <\/p> <div class=\"faq\" data-component=\"FAQ\"><div class=\"faq-item\">\r\n\t\t\t\t\t<div class=\"faq-item-question\">\r\n\t\t\t\t\t\t<h3 class=\"faq-item-question-text\">Comment puis-je ajouter un bouton \u00e0 mon site Web Google Sites sans comp\u00e9tences en codage ?<\/h3>\r\n\r\n\t\t\t\t\t\t<div class=\"faq-item-question-icon\"><\/div>\r\n\t\t\t\t\t<\/div>\r\n\r\n\t\t\t\t\t<div class=\"faq-item-answer\">\r\n\t\t\t\t\t\t<div class=\"faq-item-answer-text\"> <p>Elfsight fournit une solution SaaS qui vous permet de cr\u00e9er vous-m\u00eame un widget Bouton. D\u00e9couvrez \u00e0 quel point le processus est simple. est\u00a0: travaillez directement dans l&rsquo;\u00e9diteur en ligne pour cr\u00e9er un widget Bouton que vous aimeriez voir sur votre site Web Google Sites. Choisissez l&rsquo;un des mod\u00e8les pr\u00e9d\u00e9finis et ajustez les param\u00e8tres du bouton, ajoutez votre contenu, modifiez la mise en page et les couleurs sans aucune comp\u00e9tence en codage. Enregistrez le bouton et copiez son code d&rsquo;installation, que vous pourrez facilement inclure dans votre site Web Google Sites sans avoir besoin d&rsquo;acheter un abonnement payant. Gr\u00e2ce \u00e0 notre \u00e9diteur intuitif, tout internaute peut cr\u00e9er un widget Bouton en ligne et l&rsquo;int\u00e9grer facilement \u00e0 son site Web Google Sites. Il n&rsquo;est pas n\u00e9cessaire de payer ou de saisir les informations d&rsquo;identification de votre carte pour acc\u00e9der au service. Si vous rencontrez des probl\u00e8mes \u00e0 n&rsquo;importe quelle \u00e9tape, n&rsquo;h\u00e9sitez pas \u00e0 contacter notre \u00e9quipe d&rsquo;assistance technique.<\/p> <\/div>\r\n\t\t\t\t\t<\/div>\r\n\t\t\t\t<\/div> <\/div><\/div>\n","protected":false},"excerpt":{"rendered":"","protected":false},"author":9,"featured_media":0,"parent":3715,"menu_order":0,"comment_status":"closed","ping_status":"closed","template":"templates\/template-application-platform.php","meta":{"publish_to_discourse":"","publish_post_category":"","wpdc_auto_publish_overridden":"","wpdc_topic_tags":"","wpdc_pin_topic":"","wpdc_pin_until":"","discourse_post_id":"","discourse_permalink":"","wpdc_publishing_response":"","wpdc_publishing_error":"","footnotes":""},"class_list":["post-8325","page","type-page","status-publish","hentry"],"yoast_head":"<!-- This site is optimized with the Yoast SEO plugin v25.3.1 - https:\/\/yoast.com\/wordpress\/plugins\/seo\/ -->\n<title>Widget du plugin Button - Ajouter le plugin Button \u00e0 Google Sites (2025)<\/title>\n<meta name=\"description\" content=\"Testez le plugin Elfsight Button pour Google Sites. Obtenez de nouveaux abonn\u00e9s, augmentez vos ventes et faites r\u00e9ussir votre entreprise en utilisant les outils Elfsight\u00a0!\" \/>\n<meta name=\"robots\" content=\"index, follow, max-snippet:-1, max-image-preview:large, max-video-preview:-1\" \/>\n<link rel=\"canonical\" href=\"https:\/\/elfsight.com\/fr\/button-widget\/google-sites\/\" \/>\n<meta property=\"og:locale\" content=\"fr_FR\" \/>\n<meta property=\"og:type\" content=\"article\" \/>\n<meta property=\"og:title\" content=\"Widget du plugin Button - Ajouter le plugin Button \u00e0 Google Sites (2025)\" \/>\n<meta property=\"og:description\" content=\"Testez le plugin Elfsight Button pour Google Sites. Obtenez de nouveaux abonn\u00e9s, augmentez vos ventes et faites r\u00e9ussir votre entreprise en utilisant les outils Elfsight\u00a0!\" \/>\n<meta property=\"og:url\" content=\"https:\/\/elfsight.com\/fr\/button-widget\/google-sites\/\" \/>\n<meta property=\"og:site_name\" content=\"Elfsight FR\" \/>\n<meta property=\"article:modified_time\" content=\"2024-12-23T13:37:25+00:00\" \/>\n<meta name=\"twitter:card\" content=\"summary_large_image\" \/>\n<meta name=\"twitter:label1\" content=\"Dur\u00e9e de lecture estim\u00e9e\" \/>\n\t<meta name=\"twitter:data1\" content=\"3 minutes\" \/>\n<!-- \/ Yoast SEO plugin. -->","yoast_head_json":{"title":"Widget du plugin Button - Ajouter le plugin Button \u00e0 Google Sites (2025)","description":"Testez le plugin Elfsight Button pour Google Sites. Obtenez de nouveaux abonn\u00e9s, augmentez vos ventes et faites r\u00e9ussir votre entreprise en utilisant les outils Elfsight\u00a0!","robots":{"index":"index","follow":"follow","max-snippet":"max-snippet:-1","max-image-preview":"max-image-preview:large","max-video-preview":"max-video-preview:-1"},"canonical":"https:\/\/elfsight.com\/fr\/button-widget\/google-sites\/","og_locale":"fr_FR","og_type":"article","og_title":"Widget du plugin Button - Ajouter le plugin Button \u00e0 Google Sites (2025)","og_description":"Testez le plugin Elfsight Button pour Google Sites. Obtenez de nouveaux abonn\u00e9s, augmentez vos ventes et faites r\u00e9ussir votre entreprise en utilisant les outils Elfsight\u00a0!","og_url":"https:\/\/elfsight.com\/fr\/button-widget\/google-sites\/","og_site_name":"Elfsight FR","article_modified_time":"2024-12-23T13:37:25+00:00","twitter_card":"summary_large_image","twitter_misc":{"Dur\u00e9e de lecture estim\u00e9e":"3 minutes"},"schema":{"@context":"https:\/\/schema.org","@graph":[{"@type":"WebPage","@id":"https:\/\/elfsight.com\/fr\/button-widget\/google-sites\/","url":"https:\/\/elfsight.com\/fr\/button-widget\/google-sites\/","name":"Widget du plugin Button - Ajouter le plugin Button \u00e0 Google Sites (2025)","isPartOf":{"@id":"https:\/\/elfsight.com\/fr\/#website"},"datePublished":"2024-05-03T06:31:26+00:00","dateModified":"2024-12-23T13:37:25+00:00","description":"Testez le plugin Elfsight Button pour Google Sites. Obtenez de nouveaux abonn\u00e9s, augmentez vos ventes et faites r\u00e9ussir votre entreprise en utilisant les outils Elfsight\u00a0!","breadcrumb":{"@id":"https:\/\/elfsight.com\/fr\/button-widget\/google-sites\/#breadcrumb"},"inLanguage":"fr-FR","potentialAction":[{"@type":"ReadAction","target":["https:\/\/elfsight.com\/fr\/button-widget\/google-sites\/"]}]},{"@type":"BreadcrumbList","@id":"https:\/\/elfsight.com\/fr\/button-widget\/google-sites\/#breadcrumb","itemListElement":[{"@type":"ListItem","position":1,"name":"Home","item":"https:\/\/elfsight.com\/fr\/"},{"@type":"ListItem","position":2,"name":"Button","item":"https:\/\/elfsight.com\/fr\/button-widget\/"},{"@type":"ListItem","position":3,"name":"Button &#8211; Google Sites"}]},{"@type":"WebSite","@id":"https:\/\/elfsight.com\/fr\/#website","url":"https:\/\/elfsight.com\/fr\/","name":"Elfsight FR","description":"","potentialAction":[{"@type":"SearchAction","target":{"@type":"EntryPoint","urlTemplate":"https:\/\/elfsight.com\/fr\/?s={search_term_string}"},"query-input":{"@type":"PropertyValueSpecification","valueRequired":true,"valueName":"search_term_string"}}],"inLanguage":"fr-FR"}]}},"meta_box":{"industry":"","seo_heading":"","heading":"","description":"","cta_heading":"","cta_description":"","application":"3714","h1":"Plugin du bouton Google Sites","h1_caption":"Ajoutez un bouton d'appel \u00e0 l'action personnalisable pour encourager les clics et guider vos utilisateurs vers des conversions vers vos sites Google sans effort.","application_category":[],"applications_title":"","applications_request_title":"","applications_request_button_text":"","hero_text":"","hero_video":"","hero_video_schema_markup":"","selling_points_title":"","selling_points_caption":"","selling_points":[],"selling_points_cta_text":"","features_title":"","features":"","ed_cta_examples_text":"","ed_cta_examples_hidden":"","ed_cta_demo_text":"","ed_cta_demo_hidden":"","why_caption":"","why_editor_title":"","why_editor_text":"","why_team_title":"","why_team_text":"","why_service_title":"","why_service_text":"","template_catalog_visible":"0","template_catalog_title":"","template_catalog_text":"","template_catalog_categories_visible":"","demo_title":"Cr\u00e9ez votre widget Bouton","demo_caption":"Configurez votre Button et ajoutez-le gratuitement \u00e0 votre site Web Google Sites\u00a0!","default_faq_hidden":"","app_template_category":[],"platform":"423","template_public_id":"","codecanyon_url":"","codecanyon_item_id":"","codecanyon_price":"","pricing_caption":"","pricing_elfsight_apps_hide_column":"","pricing_elfsight_apps_url":"","pricing_codecanyon_price_caption":"","integration_category":[],"integration_request_title":"","integration_request_cta":"","integration_platform":"","integrations":[],"platform_category":[],"video_schema_markup":"","price":"\u00e0 partir de 0$ \/ mois","trial":"","benefits":[{"text":"Service d'installation gratuit"},{"text":"Service client professionnel"},{"text":"Garantie de remboursement de 14 jours"},{"text":"Am\u00e9liorations futures"}],"button_url":"#demo","button_target_blank":"0","button_nofollow":"0","attributes":[{"name":"Installations","content":"10,000 - 100,000"},{"name":"Sensible","content":"Oui"},{"name":"Navigateurs compatibles","content":"Firefox, Safari, Opera, Chrome, Edge"}],"tags":[],"tags_disable_links":"0","hide_more_platforms":"","video_object":"","demo_hide_cta":"0","demo_hide_cloud_options":"0","pricing_title":"","pricing":[{"pricing_icon":"platform","pricing_title":"Elfsight Apps","pricing_title_caption":"Version multiplateforme","pricing_price":"from $0 \/ month","pricing_price_caption":"commencez avec un forfait gratuit","pricing_benefits":[{"text":"Domaines illimit\u00e9s"},{"text":"Assistance professionnelle et ponctuelle"},{"text":"Service d'installation gratuit"},{"text":"Conception flexible"}],"pricing_button_text":"Ajouter au site Web","pricing_button_url":"#demo"}],"related_apps_title":"","related_apps_hidden":"0","author":"","image":[],"title":"","job":"","social_networks":[]},"_links":{"self":[{"href":"https:\/\/elfsight.com\/fr\/wp-json\/wp\/v2\/pages\/8325","targetHints":{"allow":["GET"]}}],"collection":[{"href":"https:\/\/elfsight.com\/fr\/wp-json\/wp\/v2\/pages"}],"about":[{"href":"https:\/\/elfsight.com\/fr\/wp-json\/wp\/v2\/types\/page"}],"author":[{"embeddable":true,"href":"https:\/\/elfsight.com\/fr\/wp-json\/wp\/v2\/users\/9"}],"replies":[{"embeddable":true,"href":"https:\/\/elfsight.com\/fr\/wp-json\/wp\/v2\/comments?post=8325"}],"version-history":[{"count":2,"href":"https:\/\/elfsight.com\/fr\/wp-json\/wp\/v2\/pages\/8325\/revisions"}],"predecessor-version":[{"id":16045,"href":"https:\/\/elfsight.com\/fr\/wp-json\/wp\/v2\/pages\/8325\/revisions\/16045"}],"up":[{"embeddable":true,"href":"https:\/\/elfsight.com\/fr\/wp-json\/wp\/v2\/pages\/3715"}],"wp:attachment":[{"href":"https:\/\/elfsight.com\/fr\/wp-json\/wp\/v2\/media?parent=8325"}],"curies":[{"name":"wp","href":"https:\/\/api.w.org\/{rel}","templated":true}]}}