{"id":8322,"date":"2024-05-03T06:31:23","date_gmt":"2024-05-03T06:31:23","guid":{"rendered":"https:\/\/elfsight.com\/fr\/?page_id=8322"},"modified":"2025-07-09T16:59:39","modified_gmt":"2025-07-09T16:59:39","slug":"prestashop","status":"publish","type":"page","link":"https:\/\/elfsight.com\/fr\/button-widget\/prestashop\/","title":{"rendered":"Button &#8211; PrestaShop"},"content":{"rendered":"<div class=\"application-platform-content-item-description application-platform-content-item\" id=\"description\" data-nav-section=\"description\"> <h2>Description<\/h2> <p>Le Button est un outil pour Prestashop vous permettant de cr\u00e9er diff\u00e9rents boutons \u00e0 de nombreuses fins sur votre site Web. De nombreuses actions peuvent \u00eatre entreprises d\u00e8s qu\u2019un utilisateur clique sur le bouton. Par exemple, ils peuvent \u00eatre redirig\u00e9s vers une page de destination, composer votre num\u00e9ro de t\u00e9l\u00e9phone, communiquer dans un messager bien connu et bien plus encore. Notre bouton est extr\u00eamement personnalisable : vous pouvez utiliser n&rsquo;importe quel message, contenu autour de votre bouton et modifier sa taille et son style. <\/p> <p><b>Utilisez un bouton attrayant pour augmenter les ventes sur votre site Web, attirer plus de nouveaux abonn\u00e9s sur les comptes de r\u00e9seaux sociaux et bien plus encore\u00a0! <\/b><\/p> <\/div> <div class=\"application-platform-content-item-features application-platform-content-item\" id=\"features\" data-nav-section=\"features\"> <h2>Voici seulement quelques-unes des puissantes fonctionnalit\u00e9s du module compl\u00e9mentaire\u00a0: <\/h2> &lt;<ul><li>Deux types de positionnement des boutons &#8211; Flottant et int\u00e9gr\u00e9<\/li><li>Une possibilit\u00e9 d&rsquo;ajouter du contenu autour de votre bouton<\/li><li>Une \u00e9tiquette pouvant prendre deux lignes<\/li><li>Plus de 8 variantes d&rsquo;actions apr\u00e8s un clic<\/li><\/ul><p><a href=\"#demo\">Explorez toutes les options de personnalisation dans une d\u00e9mo 100% fonctionnelle<\/a><\/p> <\/div> <div class=\"application-platform-content-item-installation application-platform-content-item\" id=\"installation\" data-nav-section=\"installation\"> <h2>Comment int\u00e9grer Button sur ma page web PrestaShop ? <\/h2> <p>Remplissez simplement les instructions ci-dessous pour int\u00e9grer l&rsquo;outil. <\/p> <ol><li><b>Ex\u00e9cutez notre \u00e9diteur gratuit et commencez \u00e0 fa\u00e7onner votre instrument personnalis\u00e9. <\/b><br> D\u00e9terminez la conception et les fonctionnalit\u00e9s pr\u00e9f\u00e9r\u00e9es de l&rsquo;outil et enregistrez les corrections. <\/li> <li><b>Obtenez le code personnel qui appara\u00eet dans la bo\u00eete sur les applications Elfsight. <\/b><br> D\u00e8s que la configuration de votre outil personnel est termin\u00e9e, copiez le code exclusif dans la popup apparue et conservez-le pour un besoin ult\u00e9rieur. <\/li> <li><b>Commencez \u00e0 utiliser l&rsquo;addon sur votre page Web PrestaShop. <\/b><br> Saisissez le code que vous avez enregistr\u00e9 r\u00e9cemment sur votre page d&rsquo;accueil et appliquez les modifications. <\/li> <li><b>L&rsquo;installation est termin\u00e9e avec succ\u00e8s. <\/b><br> Acc\u00e9dez \u00e0 votre page Web pour voir les performances du widget. <\/li><\/ol> <p>\u00c0 condition de r\u00e9pondre \u00e0 des questions ou de vous heurter \u00e0 certains obstacles, n&rsquo;h\u00e9sitez pas \u00e0 vous adresser \u00e0 notre \u00e9quipe d&rsquo;assistance. Nos sp\u00e9cialistes ont h\u00e2te de r\u00e9soudre toutes les difficult\u00e9s que vous pourriez rencontrer avec l&rsquo;addon. <\/p> <div class=\"faq\" data-component=\"FAQ\"><div class=\"faq-item\">\r\n\t\t\t\t\t<div class=\"faq-item-question\">\r\n\t\t\t\t\t\t<h3 class=\"faq-item-question-text\">Comment ajouter un bouton \u00e0 mon site PrestaShop sans comp\u00e9tences en codage ?<\/h3>\r\n\r\n\t\t\t\t\t\t<div class=\"faq-item-question-icon\"><\/div>\r\n\t\t\t\t\t<\/div>\r\n\r\n\t\t\t\t\t<div class=\"faq-item-answer\">\r\n\t\t\t\t\t\t<div class=\"faq-item-answer-text\"> <p>Elfsight fournit une solution SaaS qui vous permet de cr\u00e9er vous-m\u00eame un widget Bouton, voyez \u00e0 quel point le processus est simple\u00a0: Travaillez directement dans l&rsquo;\u00e9diteur en ligne pour cr\u00e9er un widget Bouton que vous aimeriez voir sur votre site PrestaShop. Choisissez l&rsquo;un des mod\u00e8les pr\u00e9d\u00e9finis et ajustez les param\u00e8tres du bouton, ajoutez votre contenu, modifiez la mise en page et les couleurs sans aucune comp\u00e9tence en codage. Enregistrez le bouton et copiez son code d&rsquo;installation, que vous pourrez facilement coller sur votre site PrestaShop sans avoir besoin d&rsquo;acheter un abonnement payant. Avec notre \u00e9diteur intuitif, tout internaute peut cr\u00e9er un widget Bouton en ligne et l&rsquo;int\u00e9grer facilement \u00e0 son site PrestaShop. Il n&rsquo;est pas n\u00e9cessaire de payer ou de saisir les informations d&rsquo;identification de votre carte pour acc\u00e9der au service. Si vous rencontrez des probl\u00e8mes \u00e0 n&rsquo;importe quelle \u00e9tape, n&rsquo;h\u00e9sitez pas \u00e0 contacter notre \u00e9quipe d&rsquo;assistance technique.<\/p> <\/div>\r\n\t\t\t\t\t<\/div>\r\n\t\t\t\t<\/div> <\/div><\/div>","protected":false},"excerpt":{"rendered":"","protected":false},"author":9,"featured_media":0,"parent":3715,"menu_order":0,"comment_status":"closed","ping_status":"closed","template":"templates\/template-application-platform.php","meta":{"publish_to_discourse":"","publish_post_category":"","wpdc_auto_publish_overridden":"","wpdc_topic_tags":"","wpdc_pin_topic":"","wpdc_pin_until":"","discourse_post_id":"","discourse_permalink":"","wpdc_publishing_response":"","wpdc_publishing_error":"","footnotes":""},"class_list":["post-8322","page","type-page","status-publish","hentry"],"yoast_head":"<!-- This site is optimized with the Yoast SEO plugin v25.3.1 - https:\/\/yoast.com\/wordpress\/plugins\/seo\/ -->\n<title>Plugin de cr\u00e9ation de boutons - Ajouter un plugin de bouton \u00e0 PrestaShop (2025)<\/title>\n<meta name=\"description\" content=\"Plugin Bouton de test pour PrestaShop. Acqu\u00e9rez de nouveaux abonn\u00e9s, augmentez vos ventes et faites prosp\u00e9rer votre entreprise avec l&#039;aide des outils Elfsight\u00a0!\" \/>\n<meta name=\"robots\" content=\"index, follow, max-snippet:-1, max-image-preview:large, max-video-preview:-1\" \/>\n<link rel=\"canonical\" href=\"https:\/\/elfsight.com\/fr\/button-widget\/prestashop\/\" \/>\n<meta property=\"og:locale\" content=\"fr_FR\" \/>\n<meta property=\"og:type\" content=\"article\" \/>\n<meta property=\"og:title\" content=\"Plugin de cr\u00e9ation de boutons - Ajouter un plugin de bouton \u00e0 PrestaShop (2025)\" \/>\n<meta property=\"og:description\" content=\"Plugin Bouton de test pour PrestaShop. Acqu\u00e9rez de nouveaux abonn\u00e9s, augmentez vos ventes et faites prosp\u00e9rer votre entreprise avec l&#039;aide des outils Elfsight\u00a0!\" \/>\n<meta property=\"og:url\" content=\"https:\/\/elfsight.com\/fr\/button-widget\/prestashop\/\" \/>\n<meta property=\"og:site_name\" content=\"Elfsight FR\" \/>\n<meta property=\"article:modified_time\" content=\"2025-07-09T16:59:39+00:00\" \/>\n<meta name=\"twitter:card\" content=\"summary_large_image\" \/>\n<meta name=\"twitter:label1\" content=\"Dur\u00e9e de lecture estim\u00e9e\" \/>\n\t<meta name=\"twitter:data1\" content=\"3 minutes\" \/>\n<!-- \/ Yoast SEO plugin. -->","yoast_head_json":{"title":"Plugin de cr\u00e9ation de boutons - Ajouter un plugin de bouton \u00e0 PrestaShop (2025)","description":"Plugin Bouton de test pour PrestaShop. Acqu\u00e9rez de nouveaux abonn\u00e9s, augmentez vos ventes et faites prosp\u00e9rer votre entreprise avec l'aide des outils Elfsight\u00a0!","robots":{"index":"index","follow":"follow","max-snippet":"max-snippet:-1","max-image-preview":"max-image-preview:large","max-video-preview":"max-video-preview:-1"},"canonical":"https:\/\/elfsight.com\/fr\/button-widget\/prestashop\/","og_locale":"fr_FR","og_type":"article","og_title":"Plugin de cr\u00e9ation de boutons - Ajouter un plugin de bouton \u00e0 PrestaShop (2025)","og_description":"Plugin Bouton de test pour PrestaShop. Acqu\u00e9rez de nouveaux abonn\u00e9s, augmentez vos ventes et faites prosp\u00e9rer votre entreprise avec l'aide des outils Elfsight\u00a0!","og_url":"https:\/\/elfsight.com\/fr\/button-widget\/prestashop\/","og_site_name":"Elfsight FR","article_modified_time":"2025-07-09T16:59:39+00:00","twitter_card":"summary_large_image","twitter_misc":{"Dur\u00e9e de lecture estim\u00e9e":"3 minutes"},"schema":{"@context":"https:\/\/schema.org","@graph":[{"@type":"WebPage","@id":"https:\/\/elfsight.com\/fr\/button-widget\/prestashop\/","url":"https:\/\/elfsight.com\/fr\/button-widget\/prestashop\/","name":"Plugin de cr\u00e9ation de boutons - Ajouter un plugin de bouton \u00e0 PrestaShop (2025)","isPartOf":{"@id":"https:\/\/elfsight.com\/fr\/#website"},"datePublished":"2024-05-03T06:31:23+00:00","dateModified":"2025-07-09T16:59:39+00:00","description":"Plugin Bouton de test pour PrestaShop. Acqu\u00e9rez de nouveaux abonn\u00e9s, augmentez vos ventes et faites prosp\u00e9rer votre entreprise avec l'aide des outils Elfsight\u00a0!","breadcrumb":{"@id":"https:\/\/elfsight.com\/fr\/button-widget\/prestashop\/#breadcrumb"},"inLanguage":"fr-FR","potentialAction":[{"@type":"ReadAction","target":["https:\/\/elfsight.com\/fr\/button-widget\/prestashop\/"]}]},{"@type":"BreadcrumbList","@id":"https:\/\/elfsight.com\/fr\/button-widget\/prestashop\/#breadcrumb","itemListElement":[{"@type":"ListItem","position":1,"name":"Home","item":"https:\/\/elfsight.com\/fr\/"},{"@type":"ListItem","position":2,"name":"Button","item":"https:\/\/elfsight.com\/fr\/button-widget\/"},{"@type":"ListItem","position":3,"name":"Button &#8211; PrestaShop"}]},{"@type":"WebSite","@id":"https:\/\/elfsight.com\/fr\/#website","url":"https:\/\/elfsight.com\/fr\/","name":"Elfsight FR","description":"","potentialAction":[{"@type":"SearchAction","target":{"@type":"EntryPoint","urlTemplate":"https:\/\/elfsight.com\/fr\/?s={search_term_string}"},"query-input":{"@type":"PropertyValueSpecification","valueRequired":true,"valueName":"search_term_string"}}],"inLanguage":"fr-FR"}]}},"meta_box":{"industry":"","seo_heading":"","heading":"","description":"","cta_heading":"","cta_description":"","application":"3714","h1":"Module compl\u00e9mentaire Bouton PrestaShop","h1_caption":"Ajoutez un bouton d'appel \u00e0 l'action personnalisable pour encourager les clics et guider vos utilisateurs vers des conversions vers votre site Web Prestashop sans effort.","application_category":[],"applications_title":"","applications_request_title":"","applications_request_button_text":"","hero_text":"","hero_video":"","hero_video_schema_markup":"","selling_points_title":"","selling_points_caption":"","selling_points":[],"selling_points_cta_text":"","features_title":"","features":"","ed_cta_examples_text":"","ed_cta_examples_hidden":"","ed_cta_demo_text":"","ed_cta_demo_hidden":"","why_caption":"","why_editor_title":"","why_editor_text":"","why_team_title":"","why_team_text":"","why_service_title":"","why_service_text":"","template_catalog_visible":"","template_catalog_title":"","template_catalog_text":"","template_catalog_categories_visible":"","demo_title":"Cr\u00e9ez votre module compl\u00e9mentaire Bouton","demo_caption":"Configurez votre Button et ajoutez-le \u00e0 votre site PrestaShop gratuitement !","default_faq_hidden":"","app_template_category":[],"platform":"3190","template_public_id":"","codecanyon_url":"","codecanyon_item_id":"","codecanyon_price":"","pricing_caption":"","pricing_elfsight_apps_hide_column":"","pricing_elfsight_apps_url":"","pricing_codecanyon_price_caption":"","integration_category":[],"integration_request_title":"","integration_request_cta":"","integration_platform":"","integrations":[],"platform_category":[],"video_schema_markup":"","price":"\u00e0 partir de 0$ \/ mois","trial":"","benefits":[{"text":"Service d'installation gratuit"},{"text":"Service client professionnel"},{"text":"Garantie de remboursement de 14 jours"},{"text":"Am\u00e9liorations futures"}],"button_url":"#demo","button_target_blank":"","button_nofollow":"","attributes":[{"name":"Installations","content":"10,000 - 100,000"},{"name":"Sensible","content":"Oui"},{"name":"Navigateurs compatibles","content":"Firefox, Safari, Opera, Chrome, Edge"}],"tags":[],"tags_disable_links":"","hide_more_platforms":"","video_object":"","demo_hide_cta":"","demo_hide_cloud_options":"","pricing_title":"","pricing":[{"pricing_icon":"platform","pricing_title":"Elfsight Apps","pricing_title_caption":"Logiciel multiplateforme","pricing_price":"from $0 \/ month","pricing_price_caption":"commencez avec un forfait gratuit","pricing_benefits":[{"text":"Sites Web illimit\u00e9s"},{"text":"Assistance 24h\/24 et 7j\/7, ponctuelle et bien document\u00e9e"},{"text":"Aide \u00e0 l'installation gratuite"},{"text":"Enti\u00e8rement personnalisable"}],"pricing_button_text":"Ajouter au site Web","pricing_button_url":"#demo"}],"related_apps_title":"","related_apps_hidden":"","author":"","image":[],"title":"","job":"","social_networks":[]},"_links":{"self":[{"href":"https:\/\/elfsight.com\/fr\/wp-json\/wp\/v2\/pages\/8322","targetHints":{"allow":["GET"]}}],"collection":[{"href":"https:\/\/elfsight.com\/fr\/wp-json\/wp\/v2\/pages"}],"about":[{"href":"https:\/\/elfsight.com\/fr\/wp-json\/wp\/v2\/types\/page"}],"author":[{"embeddable":true,"href":"https:\/\/elfsight.com\/fr\/wp-json\/wp\/v2\/users\/9"}],"replies":[{"embeddable":true,"href":"https:\/\/elfsight.com\/fr\/wp-json\/wp\/v2\/comments?post=8322"}],"version-history":[{"count":1,"href":"https:\/\/elfsight.com\/fr\/wp-json\/wp\/v2\/pages\/8322\/revisions"}],"predecessor-version":[{"id":8326,"href":"https:\/\/elfsight.com\/fr\/wp-json\/wp\/v2\/pages\/8322\/revisions\/8326"}],"up":[{"embeddable":true,"href":"https:\/\/elfsight.com\/fr\/wp-json\/wp\/v2\/pages\/3715"}],"wp:attachment":[{"href":"https:\/\/elfsight.com\/fr\/wp-json\/wp\/v2\/media?parent=8322"}],"curies":[{"name":"wp","href":"https:\/\/api.w.org\/{rel}","templated":true}]}}