{"id":8316,"date":"2024-05-03T06:31:21","date_gmt":"2024-05-03T06:31:21","guid":{"rendered":"https:\/\/elfsight.com\/fr\/?page_id=8316"},"modified":"2024-12-23T12:42:23","modified_gmt":"2024-12-23T12:42:23","slug":"squarespace","status":"publish","type":"page","link":"https:\/\/elfsight.com\/fr\/business-hours-widget\/squarespace\/","title":{"rendered":"Business Hours &#8211; Squarespace"},"content":{"rendered":"\n<div class=\"application-platform-content-item-description application-platform-content-item\" id=\"description\" data-nav-section=\"description\"> <h2>Int\u00e9grer les heures d&rsquo;ouverture sur Squarespace avec un plugin Elfsight<\/h2> <p>Elfsight Business Hours pour Squarespace est un simple widget qui vous aide \u00e0 projetez une jolie carte de visite avec les principales donn\u00e9es concernant votre activit\u00e9. Vous pouvez afficher des informations sur votre statut de travail et activer les contacts pour vos clients. Le widget vous permet de projeter des conceptions conviviales, afin que les clients puissent facilement explorer toutes les informations requises de mani\u00e8re br\u00e8ve ou plus d\u00e9taill\u00e9e.<\/p><p>Le merveilleux widget comprend quelques mod\u00e8les, afin que vous soyez libre de choisir. la meilleure option pour votre site. Chaque mod\u00e8le dispose de param\u00e8tres flexibles pour vous permettre de former une solution personnelle avec les options n\u00e9cessaires telles que les boutons de commande et d&rsquo;inscription. L&rsquo;int\u00e9gration des heures de travail et des contacts de votre entreprise dans votre site Web est absolument simple avec Elfsight gr\u00e2ce \u00e0 des didacticiels et des directives clairs. Tout propri\u00e9taire de site Web peut cr\u00e9er et int\u00e9grer gratuitement les heures d&rsquo;ouverture sans code.<\/p><p><b>Ajoutez des informations commerciales \u00e0 votre site Web pour augmenter les conversions et la fid\u00e9lit\u00e9 des clients. Partagez clairement les informations importantes sur vos heures d\u2019activit\u00e9 sur le site Web. <\/b><\/p><p>Avec ce widget int\u00e9gr\u00e9 \u00e0 votre site Web Squarespace, vous pouvez informer vos clients sur vos p\u00e9riodes de travail et obtenir des ventes r\u00e9guli\u00e8res. D\u00e9couvrez un certain nombre des avantages les plus \u00e9vidents pour votre site Web en y ajoutant le widget des heures de travail.<\/p><ul><li><b>Permettez \u00e0 vos clients d&rsquo;\u00eatre toujours \u00e0 l&rsquo;heure.<\/b> Augmentez les ventes tout en \u00eatre toujours l\u00e0 pendant les heures correspondantes. Les visiteurs de votre site Web se souviendront de vos heures de disponibilit\u00e9 et seront plus convaincus de commettre un achat r\u00e9ussi lorsqu&rsquo;ils seront pr\u00eats. <\/li><li><b>\u00c9vitez toute confusion concernant vos horaires de travail.<\/b> Montrer vos bons cadres de travail aux clients les rendra plus fid\u00e8les \u00e0 votre entreprise car ils pourront planifier une r\u00e9servation ou une visite \u00e0 toi. Cela garantira plus de ventes.<\/li><li><b>Affichez les contacts de mani\u00e8re pratique.<\/b> L&rsquo;ajout des contacts \u00e0 vos heures d&rsquo;ouverture sans code vous permet de cr\u00e9er une meilleure communication avec votre public et de r\u00e9aliser des ventes plus rapidement. D\u00e9montrez que vous \u00eates ici pour r\u00e9pondre \u00e0 leurs demandes sur vos produits et services, ce qui se traduit par plus de confiance et d&rsquo;approbation. <\/li><\/ul><div class=\"faq\" data-component=\"FAQ\"><div class=\"faq-item\">\r\n\t\t\t\t\t<div class=\"faq-item-question\">\r\n\t\t\t\t\t\t<h3 class=\"faq-item-question-text\">Y a-t-il d'autres plugins pour Squarespace que je peux utiliser sur mon site Web ?<\/h3>\r\n\r\n\t\t\t\t\t\t<div class=\"faq-item-question-icon\"><\/div>\r\n\t\t\t\t\t<\/div>\r\n\r\n\t\t\t\t\t<div class=\"faq-item-answer\">\r\n\t\t\t\t\t\t<div class=\"faq-item-answer-text\">Nous pouvons vous fournir de nombreux plugins parfaitement fonctionnels pour que vous puissiez atteindre tout type d&rsquo;objectif sur votre site Web. site Web et augmenter les ventes. Par exemple, essayez des applications telles que\u00a0: <a href=\"https:\/\/elfsight.com\/google-reviews-widget\/squarespace\/\" target=\"_blank\" rel=\"noopener\">Google Reviews<\/a>, <a href=\"https:\/\/elfsight.com\/whatsapp-chat-widget\/squarespace\/\" target=\"_blank\" rel=\"noopener\">Chat WhatsApp<\/a>, <a href=\"https:\/\/elfsight.com \/event-calendar-widget\/squarespace\/\" target=\"_blank\" rel=\"noopener\">Calendrier des \u00e9v\u00e9nements<\/a>, <a href=\"https:\/\/elfsight.com\/countdown-timer-widget\/squarespace\/\" target=\"_blank\" rel=\"noopener\">Compte \u00e0 rebours<\/a>, <a href=\"https:\/\/elfsight.com\/qr-code-widget\/squarespace\/\" target=\"_blank\" rel=\"noopener\">Code QR<\/a>. <\/div>\r\n\t\t\t\t\t<\/div>\r\n\t\t\t\t<\/div><div class=\"faq-item\">\r\n\t\t\t\t\t<div class=\"faq-item-question\">\r\n\t\t\t\t\t\t<h3 class=\"faq-item-question-text\">Comment puis-je b\u00e9n\u00e9ficier de l'ajout d'heures ouvrables sans code au site Web Squarespace ?<\/h3>\r\n\r\n\t\t\t\t\t\t<div class=\"faq-item-question-icon\"><\/div>\r\n\t\t\t\t\t<\/div>\r\n\r\n\t\t\t\t\t<div class=\"faq-item-answer\">\r\n\t\t\t\t\t\t<div class=\"faq-item-answer-text\">Vous acc\u00e9dez \u00e0 de nombreux sc\u00e9narios pour am\u00e9liorer les statistiques de conversion et les ventes avec les heures ouvrables sans code. Avec les mod\u00e8les d&rsquo;Elfsight pour cette excellente application, vous pouvez choisir des tactiques commerciales personnalis\u00e9es. Vous pouvez soit afficher des informations d\u00e9taill\u00e9es sur vos heures d&rsquo;ouverture et les moyens de vous contacter, soit simplement int\u00e9grer une fen\u00eatre contextuelle minimaliste sur l&rsquo;\u00e9tat de votre activit\u00e9 dans le site Web. Vous pouvez cr\u00e9er des fiches de contact avec notre application et les placer dans les zones pr\u00e9f\u00e9rables du site pour attirer l&rsquo;attention et informer les clients sur le statut de votre entreprise et votre activit\u00e9 de vente. <\/div>\r\n\t\t\t\t\t<\/div>\r\n\t\t\t\t<\/div><div class=\"faq-item\">\r\n\t\t\t\t\t<div class=\"faq-item-question\">\r\n\t\t\t\t\t\t<h3 class=\"faq-item-question-text\">Comment int\u00e9grer gratuitement les heures ouvrables sans code sur Squarespace ?<\/h3>\r\n\r\n\t\t\t\t\t\t<div class=\"faq-item-question-icon\"><\/div>\r\n\t\t\t\t\t<\/div>\r\n\r\n\t\t\t\t\t<div class=\"faq-item-answer\">\r\n\t\t\t\t\t\t<div class=\"faq-item-answer-text\">L&rsquo;int\u00e9gration d&rsquo;un plugin Business Hours sans code dans votre site Web Squarespace est un excellent moyen de d\u00e9marrer la communication avec les clients et de leur parler de votre heure et statut valides. Ici vous pouvez voir les tutoriels sur l\u2019ajout du plugin Business Hours \u00e0 votre site Web. <ol><li>Pour ajouter gratuitement un plugin Elfsight Business Hours \u00e0 Squarespace, acc\u00e9dez au site Web Elfsight et inscrivez-vous.<\/li> <li>Ajustez le plugin en adaptant son apparence et ses param\u00e8tres pour qu&rsquo;il se fonde dans le design de votre site Web. .<\/li> <li>Apr\u00e8s avoir ajust\u00e9 votre plugin Business Hours, copiez le code fourni et collez-le \u00e0 l&rsquo;endroit o\u00f9 vous souhaitez que le plugin soit affich\u00e9.<\/li>En ajoutant vos heures d&rsquo;ouverture \u00e0 votre site Web Squarespace, vous Cela augmentera certainement son attractivit\u00e9 visuelle et augmentera la participation continue des visiteurs parall\u00e8lement aux taux de revenus. Essayez les avantages du plugin Elfsight Business Hours sur votre site web ! <\/ol><\/div>\r\n\t\t\t\t\t<\/div>\r\n\t\t\t\t<\/div><\/div><\/div><div class=\"application-platform-content-item-features application-platform-content-item\" id=\"features\" data-nav-section=\"features\"> <h2>Explorez la liste des fonctionnalit\u00e9s les plus importantes\u00a0:<\/h2> <ul><li>Pr\u00e9sentez les fonctionnalit\u00e9s actuelles de votre entreprise statut de travail<\/li><li>Ajustement simple des horaires <\/li><li>Configuration des occasions sp\u00e9ciales<\/li><li>\u00c9tat actuel de l&rsquo;entreprise<\/li><li>Graphique des heures de travail ins\u00e9rables ou statut d&rsquo;\u00e9conomie d&rsquo;espace<\/li><\/ul><p><a href=\"#demo\">Essayez tous les param\u00e8tres dans une d\u00e9mo enti\u00e8rement fonctionnelle<\/a><\/p> <\/div> <div class=\"application-platform-content-item-installation application-platform-content-item\" id=\"installation\" data-nav-section=\"installation\"> <h2>Comment puis-je int\u00e9grer les heures ouvrables dans mon site Web Squarespace\u00a0?<\/h2><p>Suivez simplement les instructions ci-dessous pour int\u00e9grer le plugin.<\/p> <ol><li><b>Lancez notre \u00e9diteur et commencez \u00e0 cr\u00e9er vos heures d&rsquo;activit\u00e9 personnalis\u00e9es. brancher. <\/b><br> Sp\u00e9cifiez l&rsquo;apparence personnalis\u00e9e et les caract\u00e9ristiques fonctionnelles du plugin et apportez les corrections souhait\u00e9es. <\/li> <li><b>Copiez le code personnel int\u00e9gr\u00e9 qui appara\u00eet dans le formulaire sp\u00e9cial sur Elfsight Apps.<\/b><br> Juste apr\u00e8s la cr\u00e9ation de votre plugin, copiez le code individuel dans la fen\u00eatre qui appara\u00eet. et conservez-le pour vos besoins futurs. <\/li> <li><b>Commencez \u00e0 utiliser l&rsquo;application ajout\u00e9e sur votre site Web.<\/b><br> Saisissez le code que vous avez re\u00e7u auparavant sur votre page d&rsquo;accueil Squarespace et enregistrez les corrections. <\/li> <li><b>Fait\u00a0! La configuration de vos heures ouvrables sans code est enti\u00e8rement termin\u00e9e.<\/b><br> Acc\u00e9dez \u00e0 votre site Web pour voir en action les performances du plugin pour attirer des clients et des ventes. <\/li><\/ol> <p>Si vous contestez des complications avec ce widget Squarespace, veuillez vous adresser \u00e0 notre \u00e9quipe d&rsquo;assistance. Nos consultants seront ravis de vous aider avec toutes les difficult\u00e9s que vous pourriez rencontrer avec le widget. <\/p><\/div>\n","protected":false},"excerpt":{"rendered":"","protected":false},"author":9,"featured_media":0,"parent":7324,"menu_order":0,"comment_status":"closed","ping_status":"closed","template":"templates\/template-application-platform.php","meta":{"publish_to_discourse":"","publish_post_category":"","wpdc_auto_publish_overridden":"","wpdc_topic_tags":"","wpdc_pin_topic":"","wpdc_pin_until":"","discourse_post_id":"","discourse_permalink":"","wpdc_publishing_response":"","wpdc_publishing_error":"","footnotes":""},"class_list":["post-8316","page","type-page","status-publish","hentry"],"yoast_head":"<!-- This site is optimized with the Yoast SEO plugin v25.3.1 - https:\/\/yoast.com\/wordpress\/plugins\/seo\/ -->\n<title>Ajouter des heures d&#039;ouverture \u00e0 Squarespace - Int\u00e9grer le calendrier dans les pages<\/title>\n<meta name=\"description\" content=\"Int\u00e9grez un widget Heures d&#039;ouverture personnalisable dans Squarespace pour afficher l&#039;\u00e9tat actuel. Cr\u00e9ez votre application personnelle d&#039;heures de fonctionnement dans la d\u00e9mo.\" \/>\n<meta name=\"robots\" content=\"index, follow, max-snippet:-1, max-image-preview:large, max-video-preview:-1\" \/>\n<link rel=\"canonical\" href=\"https:\/\/elfsight.com\/fr\/business-hours-widget\/squarespace\/\" \/>\n<meta property=\"og:locale\" content=\"fr_FR\" \/>\n<meta property=\"og:type\" content=\"article\" \/>\n<meta property=\"og:title\" content=\"Ajouter des heures d&#039;ouverture \u00e0 Squarespace - Int\u00e9grer le calendrier dans les pages\" \/>\n<meta property=\"og:description\" content=\"Int\u00e9grez un widget Heures d&#039;ouverture personnalisable dans Squarespace pour afficher l&#039;\u00e9tat actuel. Cr\u00e9ez votre application personnelle d&#039;heures de fonctionnement dans la d\u00e9mo.\" \/>\n<meta property=\"og:url\" content=\"https:\/\/elfsight.com\/fr\/business-hours-widget\/squarespace\/\" \/>\n<meta property=\"og:site_name\" content=\"Elfsight FR\" \/>\n<meta property=\"article:modified_time\" content=\"2024-12-23T12:42:23+00:00\" \/>\n<meta name=\"twitter:card\" content=\"summary_large_image\" \/>\n<meta name=\"twitter:label1\" content=\"Dur\u00e9e de lecture estim\u00e9e\" \/>\n\t<meta name=\"twitter:data1\" content=\"5 minutes\" \/>\n<!-- \/ Yoast SEO plugin. -->","yoast_head_json":{"title":"Ajouter des heures d'ouverture \u00e0 Squarespace - Int\u00e9grer le calendrier dans les pages","description":"Int\u00e9grez un widget Heures d'ouverture personnalisable dans Squarespace pour afficher l'\u00e9tat actuel. Cr\u00e9ez votre application personnelle d'heures de fonctionnement dans la d\u00e9mo.","robots":{"index":"index","follow":"follow","max-snippet":"max-snippet:-1","max-image-preview":"max-image-preview:large","max-video-preview":"max-video-preview:-1"},"canonical":"https:\/\/elfsight.com\/fr\/business-hours-widget\/squarespace\/","og_locale":"fr_FR","og_type":"article","og_title":"Ajouter des heures d'ouverture \u00e0 Squarespace - Int\u00e9grer le calendrier dans les pages","og_description":"Int\u00e9grez un widget Heures d'ouverture personnalisable dans Squarespace pour afficher l'\u00e9tat actuel. Cr\u00e9ez votre application personnelle d'heures de fonctionnement dans la d\u00e9mo.","og_url":"https:\/\/elfsight.com\/fr\/business-hours-widget\/squarespace\/","og_site_name":"Elfsight FR","article_modified_time":"2024-12-23T12:42:23+00:00","twitter_card":"summary_large_image","twitter_misc":{"Dur\u00e9e de lecture estim\u00e9e":"5 minutes"},"schema":{"@context":"https:\/\/schema.org","@graph":[{"@type":"WebPage","@id":"https:\/\/elfsight.com\/fr\/business-hours-widget\/squarespace\/","url":"https:\/\/elfsight.com\/fr\/business-hours-widget\/squarespace\/","name":"Ajouter des heures d'ouverture \u00e0 Squarespace - Int\u00e9grer le calendrier dans les pages","isPartOf":{"@id":"https:\/\/elfsight.com\/fr\/#website"},"datePublished":"2024-05-03T06:31:21+00:00","dateModified":"2024-12-23T12:42:23+00:00","description":"Int\u00e9grez un widget Heures d'ouverture personnalisable dans Squarespace pour afficher l'\u00e9tat actuel. Cr\u00e9ez votre application personnelle d'heures de fonctionnement dans la d\u00e9mo.","breadcrumb":{"@id":"https:\/\/elfsight.com\/fr\/business-hours-widget\/squarespace\/#breadcrumb"},"inLanguage":"fr-FR","potentialAction":[{"@type":"ReadAction","target":["https:\/\/elfsight.com\/fr\/business-hours-widget\/squarespace\/"]}]},{"@type":"BreadcrumbList","@id":"https:\/\/elfsight.com\/fr\/business-hours-widget\/squarespace\/#breadcrumb","itemListElement":[{"@type":"ListItem","position":1,"name":"Home","item":"https:\/\/elfsight.com\/fr\/"},{"@type":"ListItem","position":2,"name":"Business Hours","item":"https:\/\/elfsight.com\/fr\/business-hours-widget\/"},{"@type":"ListItem","position":3,"name":"Business Hours &#8211; Squarespace"}]},{"@type":"WebSite","@id":"https:\/\/elfsight.com\/fr\/#website","url":"https:\/\/elfsight.com\/fr\/","name":"Elfsight FR","description":"","potentialAction":[{"@type":"SearchAction","target":{"@type":"EntryPoint","urlTemplate":"https:\/\/elfsight.com\/fr\/?s={search_term_string}"},"query-input":{"@type":"PropertyValueSpecification","valueRequired":true,"valueName":"search_term_string"}}],"inLanguage":"fr-FR"}]}},"meta_box":{"industry":"","seo_heading":"","heading":"","description":"","cta_heading":"","cta_description":"","application":"7314","h1":"Plugin Squarespace Heures d'ouverture","h1_caption":"Affichez vos heures d'ouverture dans un format clair et attrayant pour informer les visiteurs de votre disponibilit\u00e9 sur votre site Web Squarespace sans effort.","application_category":[],"applications_title":"","applications_request_title":"","applications_request_button_text":"","hero_text":"","hero_video":"","hero_video_schema_markup":"","selling_points_title":"","selling_points_caption":"","selling_points":[],"selling_points_cta_text":"","features_title":"","features":"","ed_cta_examples_text":"","ed_cta_examples_hidden":"","ed_cta_demo_text":"","ed_cta_demo_hidden":"","why_caption":"","why_editor_title":"","why_editor_text":"","why_team_title":"","why_team_text":"","why_service_title":"","why_service_text":"","template_catalog_visible":"0","template_catalog_title":"","template_catalog_text":"","template_catalog_categories_visible":"","demo_title":"Cr\u00e9ez votre plugin Heures d'ouverture","demo_caption":"Configurez vos heures d'ouverture et ajoutez-les gratuitement \u00e0 votre site Web Squarespace\u00a0!","default_faq_hidden":"","app_template_category":[],"platform":"361","template_public_id":"","codecanyon_url":"","codecanyon_item_id":"","codecanyon_price":"","pricing_caption":"","pricing_elfsight_apps_hide_column":"","pricing_elfsight_apps_url":"","pricing_codecanyon_price_caption":"","integration_category":[],"integration_request_title":"","integration_request_cta":"","integration_platform":"","integrations":[],"platform_category":[],"video_schema_markup":"","price":"\u00e0 partir de 0$ \/ mois","trial":"","benefits":[{"text":"Service d'installation gratuit"},{"text":"Assistance premium"},{"text":"Garantie de remboursement de 14 jours"},{"text":"Mises \u00e0 jour gratuites \u00e0 vie"}],"button_url":"#demo","button_target_blank":"0","button_nofollow":"0","attributes":[{"name":"Installations","content":"10,000 - 100,000"},{"name":"Sensible","content":"Oui"},{"name":"Navigateurs compatibles","content":"Firefox, Safari, Opera, Chrome, Edge"}],"tags":[],"tags_disable_links":"0","hide_more_platforms":"","video_object":"","demo_hide_cta":"0","demo_hide_cloud_options":"0","pricing_title":"","pricing":[{"pricing_icon":"platform","pricing_title":"Elfsight Apps","pricing_title_caption":"Logiciel multiplateforme qui fonctionne sur n'importe quel site Web","pricing_price":"from $0 \/ month","pricing_price_caption":"commencez avec un forfait gratuit","pricing_benefits":[{"text":"Sites Web illimit\u00e9s"},{"text":"Assistance client haut de gamme"},{"text":"Service d'installation gratuit"},{"text":"Enti\u00e8rement personnalisable"}],"pricing_button_text":"Ajouter au site Web","pricing_button_url":"#demo"}],"related_apps_title":"","related_apps_hidden":"0","author":"","image":[],"title":"","job":"","social_networks":[]},"_links":{"self":[{"href":"https:\/\/elfsight.com\/fr\/wp-json\/wp\/v2\/pages\/8316","targetHints":{"allow":["GET"]}}],"collection":[{"href":"https:\/\/elfsight.com\/fr\/wp-json\/wp\/v2\/pages"}],"about":[{"href":"https:\/\/elfsight.com\/fr\/wp-json\/wp\/v2\/types\/page"}],"author":[{"embeddable":true,"href":"https:\/\/elfsight.com\/fr\/wp-json\/wp\/v2\/users\/9"}],"replies":[{"embeddable":true,"href":"https:\/\/elfsight.com\/fr\/wp-json\/wp\/v2\/comments?post=8316"}],"version-history":[{"count":2,"href":"https:\/\/elfsight.com\/fr\/wp-json\/wp\/v2\/pages\/8316\/revisions"}],"predecessor-version":[{"id":16027,"href":"https:\/\/elfsight.com\/fr\/wp-json\/wp\/v2\/pages\/8316\/revisions\/16027"}],"up":[{"embeddable":true,"href":"https:\/\/elfsight.com\/fr\/wp-json\/wp\/v2\/pages\/7324"}],"wp:attachment":[{"href":"https:\/\/elfsight.com\/fr\/wp-json\/wp\/v2\/media?parent=8316"}],"curies":[{"name":"wp","href":"https:\/\/api.w.org\/{rel}","templated":true}]}}