{"id":8315,"date":"2024-05-03T06:31:20","date_gmt":"2024-05-03T06:31:20","guid":{"rendered":"https:\/\/elfsight.com\/fr\/?page_id=8315"},"modified":"2025-07-09T16:56:21","modified_gmt":"2025-07-09T16:56:21","slug":"elementor","status":"publish","type":"page","link":"https:\/\/elfsight.com\/fr\/business-hours-widget\/elementor\/","title":{"rendered":"Business Hours &#8211; Elementor"},"content":{"rendered":"<div class=\"application-platform-content-item-description application-platform-content-item\" id=\"description\" data-nav-section=\"description\"> <h2>Int\u00e9grer les heures ouvr\u00e9es sur Elementor avec un widget Elfsight<\/h2> <p>Elfsight Business Hours pour Elementor est un simple widget sans code permettant vous de cr\u00e9er une carte de visite accrocheuse contenant les d\u00e9tails les plus importants sur votre travail. Vous pouvez partager des informations sur l&rsquo;\u00e9tat actuel de votre entreprise et fournir des contacts \u00e0 vos clients. Le widget vous permet de projeter des conceptions conviviales, afin que les clients puissent facilement trouver toutes les informations requises bri\u00e8vement ou plus en d\u00e9tail. <\/p><p>Cet excellent widget propose plusieurs mod\u00e8les, afin que vous puissiez s\u00e9lectionner l&rsquo;option la plus efficace pour votre site Web. Chaque mod\u00e8le dispose de param\u00e8tres flexibles pour vous aider \u00e0 cr\u00e9er un widget personnel avec les \u00e9l\u00e9ments requis tels que des boutons de commande et d&rsquo;inscription qui augmentent les ventes. Ajouter les p\u00e9riodes de travail et les donn\u00e9es de contact de votre entreprise \u00e0 votre site Web est absolument simple avec Elfsight gr\u00e2ce \u00e0 des tutoriels et des instructions claires. N&rsquo;importe quel utilisateur peut d\u00e9velopper et int\u00e9grer le widget Heures d&rsquo;ouverture sans code<\/p> <p><b>Int\u00e9grez les d\u00e9tails de l&rsquo;entreprise dans votre site Web pour augmenter les ventes et la fid\u00e9lit\u00e9 des clients. Fournissez clairement des informations importantes sur vos p\u00e9riodes de travail.<\/b><\/p> <p>Avec cette solution int\u00e9gr\u00e9e \u00e0 votre site Web Elementor, vous pouvez sensibiliser votre public \u00e0 vos processus et garantir des ventes am\u00e9lior\u00e9es. D\u00e9couvrez certains des r\u00e9sultats les plus positifs pour votre site Web en y ajoutant le widget gratuit des heures de travail. <\/p><ul><li><b>Laissez les clients \u00eatre toujours au bon moment.<\/b> Augmentez les ventes, gr\u00e2ce \u00e0 une pr\u00e9sence constante dans les p\u00e9riodes de travail indiqu\u00e9es. Les visiteurs de votre site Web se souviendront de vos heures de disponibilit\u00e9 et seront plus en confiance pour effectuer un achat r\u00e9ussi lorsqu&rsquo;ils seront pr\u00eats. <\/li><li><b>\u00c9vitez toute confusion sur vos horaires de travail.<\/b> Pr\u00e9senter vos horaires de travail d\u00e9cents aux clients sur le site Web les rendra plus fid\u00e8les \u00e0 votre organisation car ils pourront planifier une r\u00e9servation ou une visite chez vous. <\/li><li><b>Fournissez les informations de contact de mani\u00e8re pratique.<\/b> L&rsquo;ajout des informations de contact \u00e0 votre widget d&rsquo;heures de fonctionnement sans code vous permet de r\u00e9aliser des ventes plus rapidement. Montrez que vous \u00eates l\u00e0 pour r\u00e9pondre \u00e0 leurs pr\u00e9occupations concernant les produits et services de votre entreprise et aboutir \u00e0 plus de fid\u00e9lit\u00e9 et de respect. <\/li><\/ul><div class=\"faq\" data-component=\"FAQ\"><div class=\"faq-item\">\r\n\t\t\t\t\t<div class=\"faq-item-question\">\r\n\t\t\t\t\t\t<h3 class=\"faq-item-question-text\">Existe-t-il d'autres plugins pour Elementor que je peux int\u00e9grer \u00e0 mon site Web ?<\/h3>\r\n\r\n\t\t\t\t\t\t<div class=\"faq-item-question-icon\"><\/div>\r\n\t\t\t\t\t<\/div>\r\n\r\n\t\t\t\t\t<div class=\"faq-item-answer\">\r\n\t\t\t\t\t\t<div class=\"faq-item-answer-text\">Nous pouvons vous accorder de nombreux plugins pour vous permettre d&rsquo;atteindre tout type d&rsquo;objectif sur votre site web. Voici quelques exemples\u00a0: <a href=\"https:\/\/elfsight.com\/google-reviews-widget\/elementor\/\" target=\"_blank\" rel=\"noopener\">Avis Google<\/a>, <a href=\"https:\/\/elfsight.com\/whatsapp-chat-widget\/elementor\/\" target=\"_blank\" rel=\"noopener\">Chat WhatsApp<\/a>, <a href=\"https:\/\/elfsight.com\/event- Calendar-widget\/elementor\/\" target=\"_blank\" rel=\"noopener\">Calendrier des \u00e9v\u00e9nements<\/a>, <a href=\"https:\/\/elfsight.com\/countdown-timer-widget\/elementor\/\" target=\" _blank\" rel=\"noopener\">Compte \u00e0 rebours<\/a>, <a href=\"https:\/\/elfsight.com\/qr-code-widget\/elementor\/\" target=\"_blank\" rel=\"noopener\">QR Code <\/a>. <\/div>\r\n\t\t\t\t\t<\/div>\r\n\t\t\t\t<\/div><div class=\"faq-item\">\r\n\t\t\t\t\t<div class=\"faq-item-question\">\r\n\t\t\t\t\t\t<h3 class=\"faq-item-question-text\">Comment puis-je obtenir des r\u00e9sultats avec les heures ouvrables sur Elementor ?<\/h3>\r\n\r\n\t\t\t\t\t\t<div class=\"faq-item-question-icon\"><\/div>\r\n\t\t\t\t\t<\/div>\r\n\r\n\t\t\t\t\t<div class=\"faq-item-answer\">\r\n\t\t\t\t\t\t<div class=\"faq-item-answer-text\">Vous acc\u00e9dez \u00e0 de nombreuses fa\u00e7ons d&rsquo;am\u00e9liorer les taux de conversion et les r\u00e9sultats des ventes en ajoutant un plugin Business Hours. Avec les mod\u00e8les d&rsquo;Elfsight pour ce merveilleux plugin pour sites Web, vous pouvez choisir une strat\u00e9gie commerciale individuelle. Vous pouvez soit d\u00e9montrer des informations d\u00e9taill\u00e9es sur vos horaires de travail et les moyens de vous contacter, soit simplement mettre une barre d&rsquo;\u00e9tat de fonctionnement minimaliste. Vous pouvez cr\u00e9er des fiches de contact avec votre plugin d&rsquo;heures d&rsquo;ouverture et les ajouter aux emplacements de sites Web souhait\u00e9s pour attirer l&rsquo;attention et informer les clients sur votre activit\u00e9 commerciale afin d&rsquo;inspirer les ventes. <\/div>\r\n\t\t\t\t\t<\/div>\r\n\t\t\t\t<\/div><div class=\"faq-item\">\r\n\t\t\t\t\t<div class=\"faq-item-question\">\r\n\t\t\t\t\t\t<h3 class=\"faq-item-question-text\">Comment int\u00e9grer gratuitement les heures d'ouverture sur les sites Web Elementor ?<\/h3>\r\n\r\n\t\t\t\t\t\t<div class=\"faq-item-question-icon\"><\/div>\r\n\t\t\t\t\t<\/div>\r\n\r\n\t\t\t\t\t<div class=\"faq-item-answer\">\r\n\t\t\t\t\t\t<div class=\"faq-item-answer-text\">L&rsquo;int\u00e9gration d&rsquo;heures d&rsquo;ouverture dans votre site Web Elementor est une m\u00e9thode parfaite pour d\u00e9marrer la communication avec les visiteurs et les informer de votre heure de validit\u00e9 et de votre statut. vente ou offre de services. Vous trouverez ci-dessous les didacticiels sur l\u2019ajout du plugin d\u2019heures de fonctionnement sans code \u00e0 votre site Web. <ol><li>Lorsque vous devez int\u00e9grer gratuitement des heures d&rsquo;ouverture Elfsight dans Elementor, acc\u00e9dez au site Web Elfsight et inscrivez-vous. <\/li><li>Cr\u00e9ez le plugin gratuit d&rsquo;heures d&rsquo;activit\u00e9 en adaptant son apparence et ses param\u00e8tres en fonction de la conception de votre site Web Elementor. <\/li><li>Apr\u00e8s avoir ajust\u00e9 vos heures de bureau, copiez le code g\u00e9n\u00e9r\u00e9 et collez-le dans votre site Web Elementor o\u00f9 vous souhaitez que le plugin apparaisse. <\/li><\/ol>En ajoutant vos heures d&rsquo;ouverture \u00e0 votre site Web Elementor, vous am\u00e9liorerez certainement son attractivit\u00e9 visuelle et inspirerez une implication durable des clients. D\u00e9couvrez les avantages du plugin Elfsight Business Hours sans frais pour vous ! <\/div>\r\n\t\t\t\t\t<\/div>\r\n\t\t\t\t<\/div><\/div><\/div><div class=\"application-platform-content-item-features application-platform-content-item\" id=\"features\" data-nav-section=\"features\"> <h2>Le widget offre des fonctionnalit\u00e9s pratiques et simples, en voici quelques-unes\u00a0:<\/h2> <ul><li>Pr\u00e9sentez votre entreprise &lsquo; Statut en temps r\u00e9el<\/li><li>Ajustement simple de la p\u00e9riode de travail <\/li><li>Configuration des jours sp\u00e9ciaux<\/li><li>Indication d&rsquo;activit\u00e9 en temps r\u00e9el<\/li><li>Tableau int\u00e9grable ou statut compact <\/li><\/ul><p><a href=\"#demo\">Essayez simplement cette d\u00e9mo pour voir ce que vaut le widget<\/a><\/p><\/div> <div class=\"application-platform-content-item-installation application-platform-content-item\" id=\"installation\" data-nav-section=\"installation\"> <h2>Comment int\u00e9grer les heures ouvrables dans mon site Web Elementor\u00a0?<\/h2> <p>Appliquez simplement les instructions ci-dessous pour int\u00e9grer le plugin \u00e0 vos p\u00e9riodes de disponibilit\u00e9.<\/p> <ol><li><b> Utilisez notre d\u00e9mo et commencez \u00e0 cr\u00e9er votre plugin sans code personnalis\u00e9.<\/b><br> Sp\u00e9cifiez la disposition et les sp\u00e9cifications pr\u00e9f\u00e9rables du plugin et enregistrez les modifications. <\/li> <li><b>Recevez le code individuel qui appara\u00eet dans la fen\u00eatre des applications Elfsight.<\/b><br> Lorsque votre widget d&rsquo;heures de fonctionnement sans code est termin\u00e9, copiez le code de la fen\u00eatre qui appara\u00eet et enregistrez-le. il. <\/li> <li><b>Commencez \u00e0 utiliser le plugin sur votre site Elementor.<\/b><br> Int\u00e9grez le code que vous avez copi\u00e9 r\u00e9cemment dans votre page d&rsquo;accueil et enregistrez les ajustements. <\/li> <li><b>Fait\u00a0! L&rsquo;int\u00e9gration de vos heures d&rsquo;ouverture sans code est effectu\u00e9e avec succ\u00e8s.<\/b><br> Visitez votre site Web pour voir comment fonctionne l&rsquo;application des heures d&rsquo;ouverture ajout\u00e9e. <\/li><\/ol> <p>Si vous rencontrez des complications, n&rsquo;h\u00e9sitez pas \u00e0 vous adresser \u00e0 notre \u00e9quipe de service client. Nos consultants se feront un plaisir de vous aider avec toutes les questions que vous pourriez avoir avec le plugin pour Elementor. <\/p><\/div>","protected":false},"excerpt":{"rendered":"","protected":false},"author":9,"featured_media":0,"parent":7324,"menu_order":0,"comment_status":"closed","ping_status":"closed","template":"templates\/template-application-platform.php","meta":{"publish_to_discourse":"","publish_post_category":"","wpdc_auto_publish_overridden":"","wpdc_topic_tags":"","wpdc_pin_topic":"","wpdc_pin_until":"","discourse_post_id":"","discourse_permalink":"","wpdc_publishing_response":"","wpdc_publishing_error":"","footnotes":""},"class_list":["post-8315","page","type-page","status-publish","hentry"],"yoast_head":"<!-- This site is optimized with the Yoast SEO plugin v25.3.1 - https:\/\/yoast.com\/wordpress\/plugins\/seo\/ -->\n<title>Ajouter des heures de travail \u00e0 Elementor - Int\u00e9grer les coordonn\u00e9es sur le site<\/title>\n<meta name=\"description\" content=\"Int\u00e9grez une application d&#039;heures de travail r\u00e9glables dans Elementor pour pr\u00e9senter l&#039;\u00e9tat de votre activit\u00e9. Cr\u00e9ez vos heures de fonctionnement personnelles dans la d\u00e9mo.\" \/>\n<meta name=\"robots\" content=\"index, follow, max-snippet:-1, max-image-preview:large, max-video-preview:-1\" \/>\n<link rel=\"canonical\" href=\"https:\/\/elfsight.com\/fr\/business-hours-widget\/elementor\/\" \/>\n<meta property=\"og:locale\" content=\"fr_FR\" \/>\n<meta property=\"og:type\" content=\"article\" \/>\n<meta property=\"og:title\" content=\"Ajouter des heures de travail \u00e0 Elementor - Int\u00e9grer les coordonn\u00e9es sur le site\" \/>\n<meta property=\"og:description\" content=\"Int\u00e9grez une application d&#039;heures de travail r\u00e9glables dans Elementor pour pr\u00e9senter l&#039;\u00e9tat de votre activit\u00e9. Cr\u00e9ez vos heures de fonctionnement personnelles dans la d\u00e9mo.\" \/>\n<meta property=\"og:url\" content=\"https:\/\/elfsight.com\/fr\/business-hours-widget\/elementor\/\" \/>\n<meta property=\"og:site_name\" content=\"Elfsight FR\" \/>\n<meta property=\"article:modified_time\" content=\"2025-07-09T16:56:21+00:00\" \/>\n<meta name=\"twitter:card\" content=\"summary_large_image\" \/>\n<meta name=\"twitter:label1\" content=\"Dur\u00e9e de lecture estim\u00e9e\" \/>\n\t<meta name=\"twitter:data1\" content=\"5 minutes\" \/>\n<!-- \/ Yoast SEO plugin. -->","yoast_head_json":{"title":"Ajouter des heures de travail \u00e0 Elementor - Int\u00e9grer les coordonn\u00e9es sur le site","description":"Int\u00e9grez une application d'heures de travail r\u00e9glables dans Elementor pour pr\u00e9senter l'\u00e9tat de votre activit\u00e9. Cr\u00e9ez vos heures de fonctionnement personnelles dans la d\u00e9mo.","robots":{"index":"index","follow":"follow","max-snippet":"max-snippet:-1","max-image-preview":"max-image-preview:large","max-video-preview":"max-video-preview:-1"},"canonical":"https:\/\/elfsight.com\/fr\/business-hours-widget\/elementor\/","og_locale":"fr_FR","og_type":"article","og_title":"Ajouter des heures de travail \u00e0 Elementor - Int\u00e9grer les coordonn\u00e9es sur le site","og_description":"Int\u00e9grez une application d'heures de travail r\u00e9glables dans Elementor pour pr\u00e9senter l'\u00e9tat de votre activit\u00e9. Cr\u00e9ez vos heures de fonctionnement personnelles dans la d\u00e9mo.","og_url":"https:\/\/elfsight.com\/fr\/business-hours-widget\/elementor\/","og_site_name":"Elfsight FR","article_modified_time":"2025-07-09T16:56:21+00:00","twitter_card":"summary_large_image","twitter_misc":{"Dur\u00e9e de lecture estim\u00e9e":"5 minutes"},"schema":{"@context":"https:\/\/schema.org","@graph":[{"@type":"WebPage","@id":"https:\/\/elfsight.com\/fr\/business-hours-widget\/elementor\/","url":"https:\/\/elfsight.com\/fr\/business-hours-widget\/elementor\/","name":"Ajouter des heures de travail \u00e0 Elementor - Int\u00e9grer les coordonn\u00e9es sur le site","isPartOf":{"@id":"https:\/\/elfsight.com\/fr\/#website"},"datePublished":"2024-05-03T06:31:20+00:00","dateModified":"2025-07-09T16:56:21+00:00","description":"Int\u00e9grez une application d'heures de travail r\u00e9glables dans Elementor pour pr\u00e9senter l'\u00e9tat de votre activit\u00e9. Cr\u00e9ez vos heures de fonctionnement personnelles dans la d\u00e9mo.","breadcrumb":{"@id":"https:\/\/elfsight.com\/fr\/business-hours-widget\/elementor\/#breadcrumb"},"inLanguage":"fr-FR","potentialAction":[{"@type":"ReadAction","target":["https:\/\/elfsight.com\/fr\/business-hours-widget\/elementor\/"]}]},{"@type":"BreadcrumbList","@id":"https:\/\/elfsight.com\/fr\/business-hours-widget\/elementor\/#breadcrumb","itemListElement":[{"@type":"ListItem","position":1,"name":"Home","item":"https:\/\/elfsight.com\/fr\/"},{"@type":"ListItem","position":2,"name":"Business Hours","item":"https:\/\/elfsight.com\/fr\/business-hours-widget\/"},{"@type":"ListItem","position":3,"name":"Business Hours &#8211; Elementor"}]},{"@type":"WebSite","@id":"https:\/\/elfsight.com\/fr\/#website","url":"https:\/\/elfsight.com\/fr\/","name":"Elfsight FR","description":"","potentialAction":[{"@type":"SearchAction","target":{"@type":"EntryPoint","urlTemplate":"https:\/\/elfsight.com\/fr\/?s={search_term_string}"},"query-input":{"@type":"PropertyValueSpecification","valueRequired":true,"valueName":"search_term_string"}}],"inLanguage":"fr-FR"}]}},"meta_box":{"industry":"","seo_heading":"","heading":"","description":"","cta_heading":"","cta_description":"","application":"7314","h1":"Widget Heures d'ouverture d'Elementor","h1_caption":"Affichez vos heures d'ouverture dans un format clair et attrayant pour informer les visiteurs de votre disponibilit\u00e9 sur votre site Web Elementor sans effort.","application_category":[],"applications_title":"","applications_request_title":"","applications_request_button_text":"","hero_text":"","hero_video":"","hero_video_schema_markup":"","selling_points_title":"","selling_points_caption":"","selling_points":[],"selling_points_cta_text":"","features_title":"","features":"","ed_cta_examples_text":"","ed_cta_examples_hidden":"","ed_cta_demo_text":"","ed_cta_demo_hidden":"","why_caption":"","why_editor_title":"","why_editor_text":"","why_team_title":"","why_team_text":"","why_service_title":"","why_service_text":"","template_catalog_visible":"","template_catalog_title":"","template_catalog_text":"","template_catalog_categories_visible":"","demo_title":"Cr\u00e9ez votre widget Heures d'ouverture","demo_caption":"Configurez vos heures d'ouverture et ajoutez-les gratuitement \u00e0 votre site Web Elementor\u00a0!","default_faq_hidden":"","app_template_category":[],"platform":"385","template_public_id":"","codecanyon_url":"","codecanyon_item_id":"","codecanyon_price":"","pricing_caption":"","pricing_elfsight_apps_hide_column":"","pricing_elfsight_apps_url":"","pricing_codecanyon_price_caption":"","integration_category":[],"integration_request_title":"","integration_request_cta":"","integration_platform":"","integrations":[],"platform_category":[],"video_schema_markup":"","price":"\u00e0 partir de 0$ \/ mois","trial":"","benefits":[{"text":"Aide \u00e0 l'installation gratuite"},{"text":"Assistance premium"},{"text":"Garantie de remboursement de 14 jours"},{"text":"Mise \u00e0 jour constante"}],"button_url":"#demo","button_target_blank":"","button_nofollow":"","attributes":[{"name":"Installations","content":"10,000 - 100,000"},{"name":"Sensible","content":"Oui"},{"name":"Navigateurs compatibles","content":"Firefox, Safari, Opera, Chrome, Edge"}],"tags":[],"tags_disable_links":"","hide_more_platforms":"","video_object":"","demo_hide_cta":"","demo_hide_cloud_options":"","pricing_title":"","pricing":[{"pricing_icon":"platform","pricing_title":"Elfsight Apps","pricing_title_caption":"Logiciel ind\u00e9pendant de la plate-forme qui fonctionne sur n'importe quel site","pricing_price":"from $0 \/ month","pricing_price_caption":"commencez avec un forfait gratuit","pricing_benefits":[{"text":"Sites Web illimit\u00e9s"},{"text":"Assistance premium et ponctuelle"},{"text":"Service d'installation gratuit"},{"text":"Enti\u00e8rement personnalisable"}],"pricing_button_text":"Ajouter au site Web","pricing_button_url":"#demo"}],"related_apps_title":"","related_apps_hidden":"","author":"","image":[],"title":"","job":"","social_networks":[]},"_links":{"self":[{"href":"https:\/\/elfsight.com\/fr\/wp-json\/wp\/v2\/pages\/8315","targetHints":{"allow":["GET"]}}],"collection":[{"href":"https:\/\/elfsight.com\/fr\/wp-json\/wp\/v2\/pages"}],"about":[{"href":"https:\/\/elfsight.com\/fr\/wp-json\/wp\/v2\/types\/page"}],"author":[{"embeddable":true,"href":"https:\/\/elfsight.com\/fr\/wp-json\/wp\/v2\/users\/9"}],"replies":[{"embeddable":true,"href":"https:\/\/elfsight.com\/fr\/wp-json\/wp\/v2\/comments?post=8315"}],"version-history":[{"count":1,"href":"https:\/\/elfsight.com\/fr\/wp-json\/wp\/v2\/pages\/8315\/revisions"}],"predecessor-version":[{"id":8319,"href":"https:\/\/elfsight.com\/fr\/wp-json\/wp\/v2\/pages\/8315\/revisions\/8319"}],"up":[{"embeddable":true,"href":"https:\/\/elfsight.com\/fr\/wp-json\/wp\/v2\/pages\/7324"}],"wp:attachment":[{"href":"https:\/\/elfsight.com\/fr\/wp-json\/wp\/v2\/media?parent=8315"}],"curies":[{"name":"wp","href":"https:\/\/api.w.org\/{rel}","templated":true}]}}