{"id":8314,"date":"2024-05-03T06:31:19","date_gmt":"2024-05-03T06:31:19","guid":{"rendered":"https:\/\/elfsight.com\/fr\/?page_id=8314"},"modified":"2025-07-09T16:56:32","modified_gmt":"2025-07-09T16:56:32","slug":"godaddy","status":"publish","type":"page","link":"https:\/\/elfsight.com\/fr\/business-hours-widget\/godaddy\/","title":{"rendered":"Business Hours &#8211; GoDaddy"},"content":{"rendered":"<div class=\"application-platform-content-item-description application-platform-content-item\" id=\"description\" data-nav-section=\"description\"> <h2>Int\u00e9grer les heures d&rsquo;ouverture sur GoDaddy avec un plugin Elfsight<\/h2> <p>Elfsight Business Hours pour GoDaddy est un simple widget sans code permettant vous de constituer une jolie carte de visite reprenant les principaux moments de votre activit\u00e9. Vous pouvez partager des informations sur le statut de votre entreprise et fournir des contacts \u00e0 vos clients. Le widget vous permet de cr\u00e9er des conceptions pratiques, afin que les clients puissent facilement examiner toutes les informations n\u00e9cessaires bri\u00e8vement ou plus en d\u00e9tail. <\/p><p>Ce formidable widget comprend quelques mod\u00e8les, afin que vous soyez libre de choisir l&rsquo;option la plus adapt\u00e9e \u00e0 votre site Web. Chaque mod\u00e8le pr\u00e9sente des param\u00e8tres flexibles pour vous aider \u00e0 cr\u00e9er un widget personnel avec les options requises telles que des boutons de discussion et de partage qui stimulent les ventes. Int\u00e9grer les horaires de travail et vos contacts dans les pages de votre site Web est tr\u00e8s simple avec Elfsight proposant des tutoriels et des directives claires. Tout propri\u00e9taire de site Web peut d\u00e9velopper et ajouter gratuitement le widget Heures d&rsquo;ouverture sans code.<\/p> <p><b>Ajoutez des d\u00e9tails commerciaux \u00e0 votre site Web pour augmenter les taux de vente et la fid\u00e9lit\u00e9 des clients. Partagez proprement des informations significatives sur vos p\u00e9riodes de travail. <\/b><\/p> <p>Gr\u00e2ce \u00e0 ce widget int\u00e9gr\u00e9 \u00e0 votre site Web GoDaddy, vous pouvez sensibiliser votre public \u00e0 votre emploi du temps et augmenter vos ventes. D\u00e9couvrez certains des principaux avantages de votre site Web apr\u00e8s y avoir int\u00e9gr\u00e9 le widget d&rsquo;heures de travail sans code. <\/p><ul><li><b>Permettez \u00e0 vos clients d&rsquo;\u00eatre toujours \u00e0 l&rsquo;heure.<\/b> Augmentez vos ventes gr\u00e2ce \u00e0 un contact permanent pendant les p\u00e9riodes de travail indiqu\u00e9es. Les visiteurs de votre site Web se soucieront de votre disponibilit\u00e9 et seront plus d\u00e9termin\u00e9s \u00e0 effectuer un achat r\u00e9ussi lorsqu&rsquo;ils en auront besoin. <\/li><li><b>\u00c9vitez toute confusion sur vos horaires de travail.<\/b> Pr\u00e9senter vos horaires d&rsquo;ouverture simples aux clients sur le site Web les rendra plus fid\u00e8les \u00e0 votre entreprise puisqu&rsquo;ils pourront planifier une r\u00e9servation ou une visite chez vous. <\/li><li><b>Partagez vos contacts de mani\u00e8re claire.<\/b> L&rsquo;ajout des informations de contact \u00e0 votre widget d&rsquo;heures de fonctionnement sans code vous permet d&rsquo;\u00e9tablir une meilleure communication avec les visiteurs de votre site Web et de r\u00e9aliser des ventes plus rapidement. D\u00e9montrez que vous \u00eates ici pour r\u00e9pondre \u00e0 leurs questions sur les produits et services de votre entreprise et ainsi gagner plus de confiance et de prestige. <\/li><\/ul><div class=\"faq\" data-component=\"FAQ\"><div class=\"faq-item\">\r\n\t\t\t\t\t<div class=\"faq-item-question\">\r\n\t\t\t\t\t\t<h3 class=\"faq-item-question-text\">Existe-t-il d'autres plugins pour GoDaddy que je peux int\u00e9grer \u00e0 mon site Web ?<\/h3>\r\n\r\n\t\t\t\t\t\t<div class=\"faq-item-question-icon\"><\/div>\r\n\t\t\t\t\t<\/div>\r\n\r\n\t\t\t\t\t<div class=\"faq-item-answer\">\r\n\t\t\t\t\t\t<div class=\"faq-item-answer-text\">Nous pouvons vous proposer de nombreux plugins pour r\u00e9pondre \u00e0 tout type de t\u00e2che sur votre site web. Voici plusieurs exemples\u00a0: <a href=\"https:\/\/elfsight.com\/google-reviews-widget\/godaddy\/\" target=\"_blank\" rel=\"noopener\">Avis Google<\/a>, <a href=\"https:\/\/elfsight.com\/whatsapp-chat-widget\/godaddy\/\" target=\"_blank\" rel=\"noopener\">Chat WhatsApp<\/a>, <a href=\"https:\/\/elfsight.com\/event- Calendar-widget\/godaddy\/\" target=\"_blank\" rel=\"noopener\">Calendrier des \u00e9v\u00e9nements<\/a>, <a href=\"https:\/\/elfsight.com\/countdown-timer-widget\/godaddy\/\" target=\" _blank\" rel=\"noopener\">Compte \u00e0 rebours<\/a>, <a href=\"https:\/\/elfsight.com\/qr-code-widget\/godaddy\/\" target=\"_blank\" rel=\"noopener\">QR Code <\/a>. <\/div>\r\n\t\t\t\t\t<\/div>\r\n\t\t\t\t<\/div><div class=\"faq-item\">\r\n\t\t\t\t\t<div class=\"faq-item-question\">\r\n\t\t\t\t\t\t<h3 class=\"faq-item-question-text\">Comment puis-je obtenir des r\u00e9sultats avec les heures ouvrables sur GoDaddy ?<\/h3>\r\n\r\n\t\t\t\t\t\t<div class=\"faq-item-question-icon\"><\/div>\r\n\t\t\t\t\t<\/div>\r\n\r\n\t\t\t\t\t<div class=\"faq-item-answer\">\r\n\t\t\t\t\t\t<div class=\"faq-item-answer-text\">Vous acc\u00e9dez \u00e0 de nombreuses fa\u00e7ons d&rsquo;am\u00e9liorer les taux de r\u00e9ussite et les ventes en ajoutant un plugin Business Hours. Avec les mod\u00e8les d&rsquo;Elfsight pour ce plugin passionnant pour sites Web, on peut d\u00e9couvrir une solution personnelle. Vous pouvez soit afficher des informations d\u00e9taill\u00e9es sur vos heures de disponibilit\u00e9 et les moyens de vous contacter, soit simplement utiliser une barre d&rsquo;\u00e9tat actuelle minimaliste. Vous pouvez cr\u00e9er des fiches de contact avec votre plugin Business Hours et les ajouter aux emplacements de sites Web requis pour attirer l&rsquo;attention et informer les clients sur votre activit\u00e9 afin d&rsquo;inspirer les ventes. <\/div>\r\n\t\t\t\t\t<\/div>\r\n\t\t\t\t<\/div><div class=\"faq-item\">\r\n\t\t\t\t\t<div class=\"faq-item-question\">\r\n\t\t\t\t\t\t<h3 class=\"faq-item-question-text\">Comment int\u00e9grer gratuitement les heures d'ouverture sans code sur les sites GoDaddy ?<\/h3>\r\n\r\n\t\t\t\t\t\t<div class=\"faq-item-question-icon\"><\/div>\r\n\t\t\t\t\t<\/div>\r\n\r\n\t\t\t\t\t<div class=\"faq-item-answer\">\r\n\t\t\t\t\t\t<div class=\"faq-item-answer-text\">Incorporez un plugin Business Hours dans votre site Web GoDaddy pour informer les clients de votre disponibilit\u00e9 et garantir les ventes. Ici vous pouvez voir les tutoriels sur l\u2019ajout du plugin gratuit d\u2019heures de fonctionnement \u00e0 votre site Web. <ol><li>Pour int\u00e9grer gratuitement les heures d&rsquo;ouverture d&rsquo;Elfsight dans GoDaddy, acc\u00e9dez au site Web d&rsquo;Elfsight et cr\u00e9ez un compte. <\/li><li>Cr\u00e9ez les heures d&rsquo;ouverture en adaptant son apparence et ses param\u00e8tres pour qu&rsquo;ils s&rsquo;int\u00e8grent au th\u00e8me de votre site Web GoDaddy. <\/li><li>Une fois vos heures d&rsquo;ouverture d\u00e9finies, copiez l&rsquo;extrait de code g\u00e9n\u00e9r\u00e9 et collez-le sur votre site Web GoDaddy, \u00e0 l&rsquo;endroit o\u00f9 vous souhaitez que le plugin apparaisse. <\/li><\/ol>En ajoutant vos heures d&rsquo;ouverture \u00e0 votre site Web GoDaddy, vous augmenterez s\u00fbrement son attrait visuel et inspirerez une fid\u00e9lit\u00e9 continue de la client\u00e8le. Ressentez les avantages des heures d&rsquo;ouverture d&rsquo;Elfsight sans frais pour vous\u00a0! <\/div>\r\n\t\t\t\t\t<\/div>\r\n\t\t\t\t<\/div><\/div><\/div><div class=\"application-platform-content-item-features application-platform-content-item\" id=\"features\" data-nav-section=\"features\"> <h2>Le widget comprend des fonctionnalit\u00e9s pratiques et simples, visualisez-en quelques-unes\u00a0:<\/h2> <ul><li>Pr\u00e9sentez le r\u00e9el de votre entreprise -Statut du temps<\/li><li>Ajustement facile de la p\u00e9riode de travail <\/li><li>Configuration des occasions sp\u00e9ciales<\/li><li>Indication d&rsquo;activit\u00e9 en temps r\u00e9el<\/li><li>Graphique ins\u00e9rable ou statut peu encombrant <\/li><\/ul><p><a href=\"#demo\">Vous pouvez d\u00e9couvrir toutes les fonctionnalit\u00e9s du widget dans la d\u00e9mo sur cette page<\/a><\/p><\/div> <div class=\"application-platform-content-item-installation application-platform-content-item\" id=\"installation\" data-nav-section=\"installation\"> <h2>Comment int\u00e9grer les heures ouvrables dans mon site Web GoDaddy\u00a0?<\/h2> <p>Suivez simplement les \u00e9tapes d\u00e9crites ci-dessous pour activer le plugin avec votre temps de travail.<\/p> <ol><li><b>Utilisez notre configurateur et commencez \u00e0 fa\u00e7onner votre plugin unique.<\/b><br> Sp\u00e9cifiez l&rsquo;interface et les caract\u00e9ristiques souhait\u00e9es de l&rsquo;application et appliquez les corrections. <\/li> <li><b>Obtenez le code unique expos\u00e9 dans la bo\u00eete sur les applications Elfsight.<\/b><br> Une fois la configuration de votre plugin personnel d&rsquo;heures de fonctionnement sans code termin\u00e9e, copiez le code personnel dans le La fen\u00eatre est apparue et enregistrez-la pour une utilisation ult\u00e9rieure. <\/li> <li><b>Commencez \u00e0 utiliser le plugin sur votre page Web GoDaddy.<\/b><br> Collez le code copi\u00e9 pr\u00e9c\u00e9demment dans votre page Web et enregistrez les am\u00e9liorations. <\/li> <li><b>La configuration de vos heures d&rsquo;ouverture sans code est termin\u00e9e avec succ\u00e8s.<\/b><br> Visitez votre site Web pour inspecter les performances de l&rsquo;application des heures d&rsquo;ouverture ajout\u00e9e. <\/li><\/ol> <p>En cas de complications, n&rsquo;h\u00e9sitez pas \u00e0 contacter notre service client. Nos consultants ont h\u00e2te de r\u00e9soudre tous les probl\u00e8mes que vous pourriez rencontrer avec le plugin pour GoDaddy. <\/p> <\/div>","protected":false},"excerpt":{"rendered":"","protected":false},"author":9,"featured_media":0,"parent":7324,"menu_order":0,"comment_status":"closed","ping_status":"closed","template":"templates\/template-application-platform.php","meta":{"publish_to_discourse":"","publish_post_category":"","wpdc_auto_publish_overridden":"","wpdc_topic_tags":"","wpdc_pin_topic":"","wpdc_pin_until":"","discourse_post_id":"","discourse_permalink":"","wpdc_publishing_response":"","wpdc_publishing_error":"","footnotes":""},"class_list":["post-8314","page","type-page","status-publish","hentry"],"yoast_head":"<!-- This site is optimized with the Yoast SEO plugin v25.3.1 - https:\/\/yoast.com\/wordpress\/plugins\/seo\/ -->\n<title>Ajouter des heures d&#039;ouverture \u00e0 GoDaddy - Int\u00e9grer les heures d&#039;ouverture sur site<\/title>\n<meta name=\"description\" content=\"Int\u00e9grez un widget d&#039;heures ouvrables personnalisable dans GoDaddy pour pr\u00e9senter votre statut. Cr\u00e9ez vos heures de travail personnelles \u00e0 l&#039;aide de la d\u00e9mo.\" \/>\n<meta name=\"robots\" content=\"index, follow, max-snippet:-1, max-image-preview:large, max-video-preview:-1\" \/>\n<link rel=\"canonical\" href=\"https:\/\/elfsight.com\/fr\/business-hours-widget\/godaddy\/\" \/>\n<meta property=\"og:locale\" content=\"fr_FR\" \/>\n<meta property=\"og:type\" content=\"article\" \/>\n<meta property=\"og:title\" content=\"Ajouter des heures d&#039;ouverture \u00e0 GoDaddy - Int\u00e9grer les heures d&#039;ouverture sur site\" \/>\n<meta property=\"og:description\" content=\"Int\u00e9grez un widget d&#039;heures ouvrables personnalisable dans GoDaddy pour pr\u00e9senter votre statut. Cr\u00e9ez vos heures de travail personnelles \u00e0 l&#039;aide de la d\u00e9mo.\" \/>\n<meta property=\"og:url\" content=\"https:\/\/elfsight.com\/fr\/business-hours-widget\/godaddy\/\" \/>\n<meta property=\"og:site_name\" content=\"Elfsight FR\" \/>\n<meta property=\"article:modified_time\" content=\"2025-07-09T16:56:32+00:00\" \/>\n<meta name=\"twitter:card\" content=\"summary_large_image\" \/>\n<meta name=\"twitter:label1\" content=\"Dur\u00e9e de lecture estim\u00e9e\" \/>\n\t<meta name=\"twitter:data1\" content=\"5 minutes\" \/>\n<!-- \/ Yoast SEO plugin. -->","yoast_head_json":{"title":"Ajouter des heures d'ouverture \u00e0 GoDaddy - Int\u00e9grer les heures d'ouverture sur site","description":"Int\u00e9grez un widget d'heures ouvrables personnalisable dans GoDaddy pour pr\u00e9senter votre statut. Cr\u00e9ez vos heures de travail personnelles \u00e0 l'aide de la d\u00e9mo.","robots":{"index":"index","follow":"follow","max-snippet":"max-snippet:-1","max-image-preview":"max-image-preview:large","max-video-preview":"max-video-preview:-1"},"canonical":"https:\/\/elfsight.com\/fr\/business-hours-widget\/godaddy\/","og_locale":"fr_FR","og_type":"article","og_title":"Ajouter des heures d'ouverture \u00e0 GoDaddy - Int\u00e9grer les heures d'ouverture sur site","og_description":"Int\u00e9grez un widget d'heures ouvrables personnalisable dans GoDaddy pour pr\u00e9senter votre statut. Cr\u00e9ez vos heures de travail personnelles \u00e0 l'aide de la d\u00e9mo.","og_url":"https:\/\/elfsight.com\/fr\/business-hours-widget\/godaddy\/","og_site_name":"Elfsight FR","article_modified_time":"2025-07-09T16:56:32+00:00","twitter_card":"summary_large_image","twitter_misc":{"Dur\u00e9e de lecture estim\u00e9e":"5 minutes"},"schema":{"@context":"https:\/\/schema.org","@graph":[{"@type":"WebPage","@id":"https:\/\/elfsight.com\/fr\/business-hours-widget\/godaddy\/","url":"https:\/\/elfsight.com\/fr\/business-hours-widget\/godaddy\/","name":"Ajouter des heures d'ouverture \u00e0 GoDaddy - Int\u00e9grer les heures d'ouverture sur site","isPartOf":{"@id":"https:\/\/elfsight.com\/fr\/#website"},"datePublished":"2024-05-03T06:31:19+00:00","dateModified":"2025-07-09T16:56:32+00:00","description":"Int\u00e9grez un widget d'heures ouvrables personnalisable dans GoDaddy pour pr\u00e9senter votre statut. Cr\u00e9ez vos heures de travail personnelles \u00e0 l'aide de la d\u00e9mo.","breadcrumb":{"@id":"https:\/\/elfsight.com\/fr\/business-hours-widget\/godaddy\/#breadcrumb"},"inLanguage":"fr-FR","potentialAction":[{"@type":"ReadAction","target":["https:\/\/elfsight.com\/fr\/business-hours-widget\/godaddy\/"]}]},{"@type":"BreadcrumbList","@id":"https:\/\/elfsight.com\/fr\/business-hours-widget\/godaddy\/#breadcrumb","itemListElement":[{"@type":"ListItem","position":1,"name":"Home","item":"https:\/\/elfsight.com\/fr\/"},{"@type":"ListItem","position":2,"name":"Business Hours","item":"https:\/\/elfsight.com\/fr\/business-hours-widget\/"},{"@type":"ListItem","position":3,"name":"Business Hours &#8211; GoDaddy"}]},{"@type":"WebSite","@id":"https:\/\/elfsight.com\/fr\/#website","url":"https:\/\/elfsight.com\/fr\/","name":"Elfsight FR","description":"","potentialAction":[{"@type":"SearchAction","target":{"@type":"EntryPoint","urlTemplate":"https:\/\/elfsight.com\/fr\/?s={search_term_string}"},"query-input":{"@type":"PropertyValueSpecification","valueRequired":true,"valueName":"search_term_string"}}],"inLanguage":"fr-FR"}]}},"meta_box":{"industry":"","seo_heading":"","heading":"","description":"","cta_heading":"","cta_description":"","application":"7314","h1":"Plugin GoDaddy Heures d'ouverture","h1_caption":"Affichez vos heures d'ouverture dans un format clair et attrayant pour informer les visiteurs de votre disponibilit\u00e9 sur votre site Web GoDaddy sans effort.","application_category":[],"applications_title":"","applications_request_title":"","applications_request_button_text":"","hero_text":"","hero_video":"","hero_video_schema_markup":"","selling_points_title":"","selling_points_caption":"","selling_points":[],"selling_points_cta_text":"","features_title":"","features":"","ed_cta_examples_text":"","ed_cta_examples_hidden":"","ed_cta_demo_text":"","ed_cta_demo_hidden":"","why_caption":"","why_editor_title":"","why_editor_text":"","why_team_title":"","why_team_text":"","why_service_title":"","why_service_text":"","template_catalog_visible":"","template_catalog_title":"","template_catalog_text":"","template_catalog_categories_visible":"","demo_title":"Cr\u00e9ez votre plugin Heures d'ouverture","demo_caption":"Configurez vos heures d'ouverture et ajoutez-les gratuitement \u00e0 votre site Web GoDaddy\u00a0!","default_faq_hidden":"","app_template_category":[],"platform":"370","template_public_id":"","codecanyon_url":"","codecanyon_item_id":"","codecanyon_price":"","pricing_caption":"","pricing_elfsight_apps_hide_column":"","pricing_elfsight_apps_url":"","pricing_codecanyon_price_caption":"","integration_category":[],"integration_request_title":"","integration_request_cta":"","integration_platform":"","integrations":[],"platform_category":[],"video_schema_markup":"","price":"\u00e0 partir de 0$ \/ mois","trial":"","benefits":[{"text":"Assistance \u00e0 l'installation gratuite"},{"text":"Service client professionnel"},{"text":"Garantie de remboursement de 14 jours"},{"text":"Mises \u00e0 jour futures"}],"button_url":"#demo","button_target_blank":"","button_nofollow":"","attributes":[{"name":"Installations","content":"10,000 - 100,000"},{"name":"Sensible","content":"Oui"},{"name":"Navigateurs compatibles","content":"Firefox, Safari, Opera, Chrome, Edge"}],"tags":[],"tags_disable_links":"","hide_more_platforms":"","video_object":"","demo_hide_cta":"","demo_hide_cloud_options":"","pricing_title":"","pricing":[{"pricing_icon":"platform","pricing_title":"Elfsight Apps","pricing_title_caption":"Version multiplateforme qui convient \u00e0 n'importe quel site","pricing_price":"from $0 \/ month","pricing_price_caption":"commencez avec un forfait gratuit","pricing_benefits":[{"text":"Sites Web illimit\u00e9s"},{"text":"Support client professionnel"},{"text":"Aide \u00e0 l'installation gratuite"},{"text":"Enti\u00e8rement personnalisable"}],"pricing_button_text":"Ajouter au site Web","pricing_button_url":"#demo"}],"related_apps_title":"","related_apps_hidden":"","author":"","image":[],"title":"","job":"","social_networks":[]},"_links":{"self":[{"href":"https:\/\/elfsight.com\/fr\/wp-json\/wp\/v2\/pages\/8314","targetHints":{"allow":["GET"]}}],"collection":[{"href":"https:\/\/elfsight.com\/fr\/wp-json\/wp\/v2\/pages"}],"about":[{"href":"https:\/\/elfsight.com\/fr\/wp-json\/wp\/v2\/types\/page"}],"author":[{"embeddable":true,"href":"https:\/\/elfsight.com\/fr\/wp-json\/wp\/v2\/users\/9"}],"replies":[{"embeddable":true,"href":"https:\/\/elfsight.com\/fr\/wp-json\/wp\/v2\/comments?post=8314"}],"version-history":[{"count":1,"href":"https:\/\/elfsight.com\/fr\/wp-json\/wp\/v2\/pages\/8314\/revisions"}],"predecessor-version":[{"id":8318,"href":"https:\/\/elfsight.com\/fr\/wp-json\/wp\/v2\/pages\/8314\/revisions\/8318"}],"up":[{"embeddable":true,"href":"https:\/\/elfsight.com\/fr\/wp-json\/wp\/v2\/pages\/7324"}],"wp:attachment":[{"href":"https:\/\/elfsight.com\/fr\/wp-json\/wp\/v2\/media?parent=8314"}],"curies":[{"name":"wp","href":"https:\/\/api.w.org\/{rel}","templated":true}]}}