{"id":8309,"date":"2024-05-03T06:31:18","date_gmt":"2024-05-03T06:31:18","guid":{"rendered":"https:\/\/elfsight.com\/fr\/?page_id=8309"},"modified":"2025-07-09T16:56:37","modified_gmt":"2025-07-09T16:56:37","slug":"google-sites","status":"publish","type":"page","link":"https:\/\/elfsight.com\/fr\/business-hours-widget\/google-sites\/","title":{"rendered":"Business Hours &#8211; Google Sites"},"content":{"rendered":"<div class=\"application-platform-content-item-description application-platform-content-item\" id=\"description\" data-nav-section=\"description\"> <h2>Int\u00e9grer les heures d&rsquo;ouverture sur Google Sites avec un plugin Elfsight<\/h2> <p>Elfsight Business Hours pour Google Sites est un simple outil sans code widget vous permettant de constituer une carte de visite attractive contenant les donn\u00e9es les plus importantes concernant votre organisation. Vous pouvez afficher des informations sur votre \u00e9tat de fonctionnement actuel et activer les contacts pour vos clients. Le widget vous permet de cr\u00e9er des conceptions conviviales, afin que les visiteurs puissent facilement examiner toutes les informations n\u00e9cessaires bri\u00e8vement ou plus en d\u00e9tail. <\/p><p>Le widget propose un certain nombre de mod\u00e8les, afin que vous puissiez s\u00e9lectionner l&rsquo;option la plus efficace pour votre site Web. Chaque mod\u00e8le propose des param\u00e8tres pour vous aider \u00e0 cr\u00e9er un widget avec les options requises qui augmentent les ventes. L&rsquo;int\u00e9gration des p\u00e9riodes de travail et des coordonn\u00e9es de votre organisation dans les pages de votre site Web est extr\u00eamement simple avec Elfsight gr\u00e2ce \u00e0 des didacticiels et des guides faciles \u00e0 suivre. Tout utilisateur peut cr\u00e9er et ajouter gratuitement le widget Heures d&rsquo;ouverture sans code.<\/p> <p><b>Ajoutez des d\u00e9tails sur votre entreprise \u00e0 vos pages pour augmenter les taux de vente et la satisfaction des clients. Affichez proprement les informations importantes sur votre activit\u00e9 avec le widget d&rsquo;Elfsight.<\/b><\/p> <p>Utilisez ce widget int\u00e9gr\u00e9 au site Web de Google Sites pour informer votre public de votre entreprise et g\u00e9n\u00e9rer des ventes r\u00e9guli\u00e8res. D\u00e9couvrez certains des r\u00e9sultats positifs les plus courants pour votre site Web apr\u00e8s y avoir int\u00e9gr\u00e9 le widget d&rsquo;heures de travail sans code. <\/p><ul><li><b>Laissez vos clients \u00eatre toujours au bon moment.<\/b> Augmentez les ventes, en \u00e9tant constamment l\u00e0 dans le temps de travail correspondant. Les visiteurs de votre site Web remarqueront vos heures d\u2019ouverture et seront plus d\u00e9termin\u00e9s \u00e0 commettre un achat r\u00e9ussi lorsqu\u2019ils seront pr\u00eats. <\/li><li><b>\u00c9vitez les malentendus concernant vos horaires de travail.<\/b> Fournir vos horaires de travail simples aux visiteurs du site Web les rendra plus fid\u00e8les \u00e0 votre organisation car ils pourront planifier une r\u00e9servation ou une visite chez vous. <\/li><li><b>Fournissez des contacts de mani\u00e8re claire.<\/b> L&rsquo;ajout des informations de contact \u00e0 votre widget d&rsquo;heures de fonctionnement sans code cr\u00e9e une communication avec votre public et acc\u00e9l\u00e8re les ventes. Montrez que vous \u00eates pr\u00eat \u00e0 r\u00e9pondre \u00e0 leurs demandes concernant votre entreprise, ce qui entra\u00eenera plus de confiance et de respect. <\/li><\/ul><div class=\"faq\" data-component=\"FAQ\"><div class=\"faq-item\">\r\n\t\t\t\t\t<div class=\"faq-item-question\">\r\n\t\t\t\t\t\t<h3 class=\"faq-item-question-text\">Avez-vous d'autres plugins pour Google Sites que je peux utiliser sur mon site Web pour de meilleures ventes ?<\/h3>\r\n\r\n\t\t\t\t\t\t<div class=\"faq-item-question-icon\"><\/div>\r\n\t\t\t\t\t<\/div>\r\n\r\n\t\t\t\t\t<div class=\"faq-item-answer\">\r\n\t\t\t\t\t\t<div class=\"faq-item-answer-text\">Nous pouvons vous fournir de nombreux plugins pour r\u00e9aliser tout type de visez sur votre site Web. Voyez par vous-m\u00eame\u00a0: <a href=\"https:\/\/elfsight.com\/google-reviews-widget\/google-sites\/\" target=\"_blank\" rel=\"noopener\">Avis Google<\/a>, <a href=\"https:\/\/elfsight.com\/whatsapp-chat-widget\/google-sites\/\" target=\"_blank\" rel=\"noopener\">Chat WhatsApp<\/a>, <a href=\"https:\/\/elfsight.com \/event-calendar-widget\/google-sites\/\" target=\"_blank\" rel=\"noopener\">Calendrier des \u00e9v\u00e9nements<\/a>, <a href=\"https:\/\/elfsight.com\/countdown-timer-widget\/google -sites\/\" target=\"_blank\" rel=\"noopener\">Compte \u00e0 rebours<\/a>, <a href=\"https:\/\/elfsight.com\/qr-code-widget\/google-sites\/\" target=\"_blank \" rel=\"noopener\">Code QR<\/a>. <\/div>\r\n\t\t\t\t\t<\/div>\r\n\t\t\t\t<\/div><div class=\"faq-item\">\r\n\t\t\t\t\t<div class=\"faq-item-question\">\r\n\t\t\t\t\t\t<h3 class=\"faq-item-question-text\">Comment puis-je utiliser les heures ouvrables sur Google Sites ?<\/h3>\r\n\r\n\t\t\t\t\t\t<div class=\"faq-item-question-icon\"><\/div>\r\n\t\t\t\t\t<\/div>\r\n\r\n\t\t\t\t\t<div class=\"faq-item-answer\">\r\n\t\t\t\t\t\t<div class=\"faq-item-answer-text\">Vous acc\u00e9dez \u00e0 de nombreuses fa\u00e7ons d&rsquo;am\u00e9liorer les r\u00e9sultats des ventes en int\u00e9grant un plugin Business Hours. Avec les mod\u00e8les d&rsquo;Elfsight pour ce plugin passionnant pour sites Web, il est possible de cr\u00e9er des tactiques commerciales personnalis\u00e9es. Vous pouvez soit afficher des informations d\u00e9taill\u00e9es concernant vos heures de travail et des outils pour \u00e9tablir la communication avec vous, soit simplement int\u00e9grer une petite barre d&rsquo;\u00e9tat actuelle. Vous pouvez cr\u00e9er des fiches de contact avec votre plugin Business Hours et les ajouter aux emplacements de sites Web requis pour attirer l&rsquo;attention et informer les clients de votre activit\u00e9. <\/div>\r\n\t\t\t\t\t<\/div>\r\n\t\t\t\t<\/div><div class=\"faq-item\">\r\n\t\t\t\t\t<div class=\"faq-item-question\">\r\n\t\t\t\t\t\t<h3 class=\"faq-item-question-text\">Comment int\u00e9grer gratuitement les heures d'ouverture sur les sites Web de Google Sites ?<\/h3>\r\n\r\n\t\t\t\t\t\t<div class=\"faq-item-question-icon\"><\/div>\r\n\t\t\t\t\t<\/div>\r\n\r\n\t\t\t\t\t<div class=\"faq-item-answer\">\r\n\t\t\t\t\t\t<div class=\"faq-item-answer-text\">L&rsquo;int\u00e9gration d&rsquo;un plugin Business Hours dans votre site Web de Google Sites est une m\u00e9thode parfaite pour d\u00e9marrer la communication avec les clients et les informer de votre heure de validit\u00e9 et statut pour assurer des ventes ou fournir des services. Vous trouverez ci-dessous de brefs tutoriels sur la mise en place du plugin gratuit d\u2019heures de fonctionnement sur votre site Web. <ol><li>Lorsque vous devez int\u00e9grer gratuitement les heures d&rsquo;ouverture d&rsquo;Elfsight dans Google Sites, acc\u00e9dez au site Web d&rsquo;Elfsight et cr\u00e9ez un compte. <\/li><li>Cr\u00e9ez les heures d&rsquo;ouverture gratuites en adaptant son apparence et ses param\u00e8tres au style de votre site Web Google Sites. <\/li><li>Apr\u00e8s avoir ajust\u00e9 vos heures d&rsquo;ouverture, copiez l&rsquo;extrait de code g\u00e9n\u00e9r\u00e9 et collez-le sur votre site Web Google\u00a0Sites, \u00e0 l&rsquo;endroit o\u00f9 vous souhaitez que le plug-in apparaisse. <\/li><\/ol>En ins\u00e9rant vos heures d&rsquo;ouverture dans votre site Web Google Sites, vous augmenterez son magn\u00e9tisme visuel et fid\u00e9liserez durablement vos clients. Ressentez les avantages des heures d&rsquo;ouverture d&rsquo;Elfsight sans frais pour vous\u00a0! <\/div>\r\n\t\t\t\t\t<\/div>\r\n\t\t\t\t<\/div><\/div><\/div><div class=\"application-platform-content-item-features application-platform-content-item\" id=\"features\" data-nav-section=\"features\"> <h2>Explorez la liste des fonctionnalit\u00e9s les plus utiles\u00a0:<\/h2> <ul><li>D\u00e9montrez la disponibilit\u00e9 en temps r\u00e9el de votre entreprise<\/li><li>Ajustement clair des horaires <\/li><li>Configuration des jours sp\u00e9ciaux<\/li><li>Statut d&rsquo;activit\u00e9 actuel<\/li><li>Grille int\u00e9grable ou statut compact<\/li><\/ul><p><a href=\"#demo\">Essayez simplement cette d\u00e9mo pour avoir une id\u00e9e compl\u00e8te<\/a><\/p> <\/div> <div class=\"application-platform-content-item-installation application-platform-content-item\" id=\"installation\" data-nav-section=\"installation\"> <h2>Comment puis-je ajouter des heures d&rsquo;ouverture \u00e0 mon site Web Google Sites\u00a0?<\/h2> <p>Suivez simplement quelques \u00e9tapes d\u00e9crites ci-dessous pour ajouter le plugin avec vos horaires de travail.<\/p> <ol><li><b>Utilisez notre configurateur et commencez \u00e0 cr\u00e9er votre plugin personnalis\u00e9 sans code.<\/b><br> Choisissez l&rsquo;interface s\u00e9lectionn\u00e9e et les sp\u00e9cifications du plugin et enregistrez les modifications. <\/li> <li><b>Obtenez votre code personnel affich\u00e9 dans la case sur les applications Elfsight.<\/b><br> Juste apr\u00e8s la cr\u00e9ation de votre widget personnel d&rsquo;heures de fonctionnement sans code, copiez le code individuel dans la fen\u00eatre \u00e9merg\u00e9e et enregistrez-la pour un besoin futur. <\/li> <li><b>Initiez l&rsquo;utilisation du plugin sur votre site Web Google Sites.<\/b><br> Ins\u00e9rez le code que vous avez copi\u00e9 auparavant dans votre page et enregistrez les am\u00e9liorations. <\/li> <li><b>Fait\u00a0! L&rsquo;int\u00e9gration de vos heures ouvrables sans code est effectu\u00e9e avec succ\u00e8s.<\/b><br> Visitez votre site Web pour voir les performances du widget d&rsquo;heures de fonctionnement ajout\u00e9. <\/li><\/ol> <p>Si vous avez des questions ou rencontrez des difficult\u00e9s, veuillez faire appel \u00e0 notre \u00e9quipe d&rsquo;assistance. Nos sp\u00e9cialistes sont impatients de r\u00e9soudre tous les probl\u00e8mes que vous pourriez rencontrer avec le plugin pour Google Sites. <\/p><\/div>","protected":false},"excerpt":{"rendered":"","protected":false},"author":9,"featured_media":0,"parent":7324,"menu_order":0,"comment_status":"closed","ping_status":"closed","template":"templates\/template-application-platform.php","meta":{"publish_to_discourse":"","publish_post_category":"","wpdc_auto_publish_overridden":"","wpdc_topic_tags":"","wpdc_pin_topic":"","wpdc_pin_until":"","discourse_post_id":"","discourse_permalink":"","wpdc_publishing_response":"","wpdc_publishing_error":"","footnotes":""},"class_list":["post-8309","page","type-page","status-publish","hentry"],"yoast_head":"<!-- This site is optimized with the Yoast SEO plugin v25.3.1 - https:\/\/yoast.com\/wordpress\/plugins\/seo\/ -->\n<title>Ajouter des heures d&#039;ouverture \u00e0 Google Sites - Int\u00e9grer les horaires sur le site Web<\/title>\n<meta name=\"description\" content=\"Ajoutez une application d&#039;heures d&#039;ouverture r\u00e9glables \u00e0 Google Sites pour pr\u00e9senter l&#039;\u00e9tat de votre activit\u00e9. Construisez vos propres heures de travail avec la d\u00e9mo.\" \/>\n<meta name=\"robots\" content=\"index, follow, max-snippet:-1, max-image-preview:large, max-video-preview:-1\" \/>\n<link rel=\"canonical\" href=\"https:\/\/elfsight.com\/fr\/business-hours-widget\/google-sites\/\" \/>\n<meta property=\"og:locale\" content=\"fr_FR\" \/>\n<meta property=\"og:type\" content=\"article\" \/>\n<meta property=\"og:title\" content=\"Ajouter des heures d&#039;ouverture \u00e0 Google Sites - Int\u00e9grer les horaires sur le site Web\" \/>\n<meta property=\"og:description\" content=\"Ajoutez une application d&#039;heures d&#039;ouverture r\u00e9glables \u00e0 Google Sites pour pr\u00e9senter l&#039;\u00e9tat de votre activit\u00e9. Construisez vos propres heures de travail avec la d\u00e9mo.\" \/>\n<meta property=\"og:url\" content=\"https:\/\/elfsight.com\/fr\/business-hours-widget\/google-sites\/\" \/>\n<meta property=\"og:site_name\" content=\"Elfsight FR\" \/>\n<meta property=\"article:modified_time\" content=\"2025-07-09T16:56:37+00:00\" \/>\n<meta name=\"twitter:card\" content=\"summary_large_image\" \/>\n<meta name=\"twitter:label1\" content=\"Dur\u00e9e de lecture estim\u00e9e\" \/>\n\t<meta name=\"twitter:data1\" content=\"5 minutes\" \/>\n<!-- \/ Yoast SEO plugin. -->","yoast_head_json":{"title":"Ajouter des heures d'ouverture \u00e0 Google Sites - Int\u00e9grer les horaires sur le site Web","description":"Ajoutez une application d'heures d'ouverture r\u00e9glables \u00e0 Google Sites pour pr\u00e9senter l'\u00e9tat de votre activit\u00e9. Construisez vos propres heures de travail avec la d\u00e9mo.","robots":{"index":"index","follow":"follow","max-snippet":"max-snippet:-1","max-image-preview":"max-image-preview:large","max-video-preview":"max-video-preview:-1"},"canonical":"https:\/\/elfsight.com\/fr\/business-hours-widget\/google-sites\/","og_locale":"fr_FR","og_type":"article","og_title":"Ajouter des heures d'ouverture \u00e0 Google Sites - Int\u00e9grer les horaires sur le site Web","og_description":"Ajoutez une application d'heures d'ouverture r\u00e9glables \u00e0 Google Sites pour pr\u00e9senter l'\u00e9tat de votre activit\u00e9. Construisez vos propres heures de travail avec la d\u00e9mo.","og_url":"https:\/\/elfsight.com\/fr\/business-hours-widget\/google-sites\/","og_site_name":"Elfsight FR","article_modified_time":"2025-07-09T16:56:37+00:00","twitter_card":"summary_large_image","twitter_misc":{"Dur\u00e9e de lecture estim\u00e9e":"5 minutes"},"schema":{"@context":"https:\/\/schema.org","@graph":[{"@type":"WebPage","@id":"https:\/\/elfsight.com\/fr\/business-hours-widget\/google-sites\/","url":"https:\/\/elfsight.com\/fr\/business-hours-widget\/google-sites\/","name":"Ajouter des heures d'ouverture \u00e0 Google Sites - Int\u00e9grer les horaires sur le site Web","isPartOf":{"@id":"https:\/\/elfsight.com\/fr\/#website"},"datePublished":"2024-05-03T06:31:18+00:00","dateModified":"2025-07-09T16:56:37+00:00","description":"Ajoutez une application d'heures d'ouverture r\u00e9glables \u00e0 Google Sites pour pr\u00e9senter l'\u00e9tat de votre activit\u00e9. Construisez vos propres heures de travail avec la d\u00e9mo.","breadcrumb":{"@id":"https:\/\/elfsight.com\/fr\/business-hours-widget\/google-sites\/#breadcrumb"},"inLanguage":"fr-FR","potentialAction":[{"@type":"ReadAction","target":["https:\/\/elfsight.com\/fr\/business-hours-widget\/google-sites\/"]}]},{"@type":"BreadcrumbList","@id":"https:\/\/elfsight.com\/fr\/business-hours-widget\/google-sites\/#breadcrumb","itemListElement":[{"@type":"ListItem","position":1,"name":"Home","item":"https:\/\/elfsight.com\/fr\/"},{"@type":"ListItem","position":2,"name":"Business Hours","item":"https:\/\/elfsight.com\/fr\/business-hours-widget\/"},{"@type":"ListItem","position":3,"name":"Business Hours &#8211; Google Sites"}]},{"@type":"WebSite","@id":"https:\/\/elfsight.com\/fr\/#website","url":"https:\/\/elfsight.com\/fr\/","name":"Elfsight FR","description":"","potentialAction":[{"@type":"SearchAction","target":{"@type":"EntryPoint","urlTemplate":"https:\/\/elfsight.com\/fr\/?s={search_term_string}"},"query-input":{"@type":"PropertyValueSpecification","valueRequired":true,"valueName":"search_term_string"}}],"inLanguage":"fr-FR"}]}},"meta_box":{"industry":"","seo_heading":"","heading":"","description":"","cta_heading":"","cta_description":"","application":"7314","h1":"Plugin Heures d'ouverture de Google Sites","h1_caption":"Affichez vos heures d'ouverture dans un format clair et attrayant pour informer les visiteurs de votre disponibilit\u00e9 sur vos sites Google sans effort.","application_category":[],"applications_title":"","applications_request_title":"","applications_request_button_text":"","hero_text":"","hero_video":"","hero_video_schema_markup":"","selling_points_title":"","selling_points_caption":"","selling_points":[],"selling_points_cta_text":"","features_title":"","features":"","ed_cta_examples_text":"","ed_cta_examples_hidden":"","ed_cta_demo_text":"","ed_cta_demo_hidden":"","why_caption":"","why_editor_title":"","why_editor_text":"","why_team_title":"","why_team_text":"","why_service_title":"","why_service_text":"","template_catalog_visible":"","template_catalog_title":"","template_catalog_text":"","template_catalog_categories_visible":"","demo_title":"Cr\u00e9ez votre widget Heures d'ouverture","demo_caption":"Configurez vos heures d'ouverture et ajoutez-le gratuitement \u00e0 votre site Web Google Sites\u00a0!","default_faq_hidden":"","app_template_category":[],"platform":"423","template_public_id":"","codecanyon_url":"","codecanyon_item_id":"","codecanyon_price":"","pricing_caption":"","pricing_elfsight_apps_hide_column":"","pricing_elfsight_apps_url":"","pricing_codecanyon_price_caption":"","integration_category":[],"integration_request_title":"","integration_request_cta":"","integration_platform":"","integrations":[],"platform_category":[],"video_schema_markup":"","price":"\u00e0 partir de 0$ \/ mois","trial":"","benefits":[{"text":"Assistance \u00e0 l'installation gratuite"},{"text":"Service client comp\u00e9tent"},{"text":"Garantie de remboursement de 14 jours"},{"text":"D\u00e9veloppement continu"}],"button_url":"#demo","button_target_blank":"","button_nofollow":"","attributes":[{"name":"Installations","content":"10,000 - 100,000"},{"name":"Sensible","content":"Oui"},{"name":"Navigateurs compatibles","content":"Firefox, Safari, Opera, Chrome, Edge"}],"tags":[],"tags_disable_links":"","hide_more_platforms":"","video_object":"","demo_hide_cta":"","demo_hide_cloud_options":"","pricing_title":"","pricing":[{"pricing_icon":"platform","pricing_title":"Elfsight Apps","pricing_title_caption":"Version multiplateforme adapt\u00e9e \u00e0 n'importe quel site Web","pricing_price":"from $0 \/ month","pricing_price_caption":"commencez avec un forfait gratuit","pricing_benefits":[{"text":"Sites Web illimit\u00e9s"},{"text":"Support client rapide"},{"text":"Aide \u00e0 l'installation gratuite"},{"text":"Conception flexible"}],"pricing_button_text":"Ajouter au site Web","pricing_button_url":"#demo"}],"related_apps_title":"","related_apps_hidden":"","author":"","image":[],"title":"","job":"","social_networks":[]},"_links":{"self":[{"href":"https:\/\/elfsight.com\/fr\/wp-json\/wp\/v2\/pages\/8309","targetHints":{"allow":["GET"]}}],"collection":[{"href":"https:\/\/elfsight.com\/fr\/wp-json\/wp\/v2\/pages"}],"about":[{"href":"https:\/\/elfsight.com\/fr\/wp-json\/wp\/v2\/types\/page"}],"author":[{"embeddable":true,"href":"https:\/\/elfsight.com\/fr\/wp-json\/wp\/v2\/users\/9"}],"replies":[{"embeddable":true,"href":"https:\/\/elfsight.com\/fr\/wp-json\/wp\/v2\/comments?post=8309"}],"version-history":[{"count":1,"href":"https:\/\/elfsight.com\/fr\/wp-json\/wp\/v2\/pages\/8309\/revisions"}],"predecessor-version":[{"id":8313,"href":"https:\/\/elfsight.com\/fr\/wp-json\/wp\/v2\/pages\/8309\/revisions\/8313"}],"up":[{"embeddable":true,"href":"https:\/\/elfsight.com\/fr\/wp-json\/wp\/v2\/pages\/7324"}],"wp:attachment":[{"href":"https:\/\/elfsight.com\/fr\/wp-json\/wp\/v2\/media?parent=8309"}],"curies":[{"name":"wp","href":"https:\/\/api.w.org\/{rel}","templated":true}]}}