{"id":8308,"date":"2024-05-03T06:31:17","date_gmt":"2024-05-03T06:31:17","guid":{"rendered":"https:\/\/elfsight.com\/fr\/?page_id=8308"},"modified":"2025-07-09T16:56:42","modified_gmt":"2025-07-09T16:56:42","slug":"html","status":"publish","type":"page","link":"https:\/\/elfsight.com\/fr\/business-hours-widget\/html\/","title":{"rendered":"Business Hours &#8211; HTML"},"content":{"rendered":"<div class=\"application-platform-content-item-description application-platform-content-item\" id=\"description\" data-nav-section=\"description\"> <h2>Int\u00e9grer les heures ouvrables au format HTML avec un widget Elfsight<\/h2> <p>Elfsight Business Hours for HTML est un simple widget sans code qui vous permet de constituer une carte de visite attractive regroupant les donn\u00e9es les plus significatives concernant votre activit\u00e9. Vous pouvez inclure des informations sur votre \u00e9tat de fonctionnement actuel et fournir des contacts \u00e0 vos clients. Le widget vous permet d&rsquo;inventer des designs attrayants, afin que les clients puissent facilement explorer toutes les donn\u00e9es n\u00e9cessaires bri\u00e8vement ou plus en d\u00e9tail. <\/p><p>Ce superbe widget propose un certain nombre de mod\u00e8les, de sorte que vous \u00eates libre de choisir l&rsquo;option la plus efficace pour votre site. Chaque mod\u00e8le contient divers param\u00e8tres pour vous aider \u00e0 cr\u00e9er un widget personnalis\u00e9 avec les \u00e9l\u00e9ments n\u00e9cessaires tels que des boutons de commande et d&rsquo;inscription qui am\u00e9liorent les ventes. Ajouter les heures de travail et les coordonn\u00e9es de votre entreprise aux pages de votre site Web est tr\u00e8s simple avec Elfsight gr\u00e2ce \u00e0 des tutoriels et des guides simples. N&rsquo;importe quel utilisateur peut cr\u00e9er et ajouter gratuitement le widget d&rsquo;heures de fonctionnement sans code.<\/p> <p><b>Ajoutez les d\u00e9tails de votre entreprise \u00e0 votre site Web pour augmenter les ventes et fid\u00e9liser les clients. Partagez clairement les informations importantes sur votre activit\u00e9 professionnelle avec le widget. <\/b><\/p> <p>Avec ce widget int\u00e9gr\u00e9 \u00e0 votre site Web HTML, vous pouvez sensibiliser davantage vos clients \u00e0 vos processus commerciaux et r\u00e9aliser des ventes r\u00e9guli\u00e8res. D\u00e9couvrez certains des principaux r\u00e9sultats positifs pour votre site Web en y ajoutant le widget d&rsquo;heures de travail sans code.<\/p><ul><li><b>Permettez \u00e0 vos clients d&rsquo;\u00eatre toujours \u00e0 l&rsquo;heure.<\/b> Augmentez les ventes, car nous sommes toujours l\u00e0 pendant les heures d&rsquo;ouverture indiqu\u00e9es. Les visiteurs de votre site Web se souviendront de vos heures d\u2019ouverture et seront plus confiants pour r\u00e9ussir un achat en cas de besoin. <\/li><li><b>\u00c9vitez les malentendus sur vos horaires d&rsquo;ouverture.<\/b> En fournissant vos horaires de travail clairs aux clients sur le site Web, ils seront plus d\u00e9vou\u00e9s \u00e0 votre marque puisqu&rsquo;ils pourront planifier une r\u00e9servation ou une visite chez vous. <\/li><li><b>Affichez les donn\u00e9es de contact de mani\u00e8re visible.<\/b> L&rsquo;ajout des donn\u00e9es de contact \u00e0 votre widget Heures d&rsquo;ouverture sans code vous permet d&rsquo;\u00e9tablir une meilleure communication avec les visiteurs de votre site Web et d&rsquo;acc\u00e9l\u00e9rer les ventes. D\u00e9montrez que vous \u00eates ici pour r\u00e9pondre \u00e0 leurs demandes sur les produits et services de votre entreprise, ce qui g\u00e9n\u00e8re plus de confiance et de meilleures ventes. <\/li><\/ul><div class=\"faq\" data-component=\"FAQ\"><div class=\"faq-item\">\r\n\t\t\t\t\t<div class=\"faq-item-question\">\r\n\t\t\t\t\t\t<h3 class=\"faq-item-question-text\">Y a-t-il d'autres plugins pour HTML que je peux ajouter \u00e0 mon site Web ?<\/h3>\r\n\r\n\t\t\t\t\t\t<div class=\"faq-item-question-icon\"><\/div>\r\n\t\t\t\t\t<\/div>\r\n\r\n\t\t\t\t\t<div class=\"faq-item-answer\">\r\n\t\t\t\t\t\t<div class=\"faq-item-answer-text\">Nous pouvons fournir de nombreux plugins pour vous permettre d&rsquo;accomplir tout type de t\u00e2che sur votre site Web. site web. Voyez par vous-m\u00eame\u00a0: <a href=\"https:\/\/elfsight.com\/google-reviews-widget\/html\/\" target=\"_blank\" rel=\"noopener\">Avis Google<\/a>, <a href=\"https:\/\/elfsight.com\/whatsapp-chat-widget\/html\/\" target=\"_blank\" rel=\"noopener\">Chat WhatsApp<\/a>, <a href=\"https:\/\/elfsight.com\/event-calendar -widget\/html\/\" target=\"_blank\" rel=\"noopener\">Calendrier des \u00e9v\u00e9nements<\/a>, <a href=\"https:\/\/elfsight.com\/countdown-timer-widget\/html\/\" target=\"_blank \" rel=\"noopener\">Compte \u00e0 rebours<\/a>, <a href=\"https:\/\/elfsight.com\/qr-code-widget\/html\/\" target=\"_blank\" rel=\"noopener\">QR Code<\/a>.<\/div>\r\n\t\t\t\t\t<\/div>\r\n\t\t\t\t<\/div><div class=\"faq-item\">\r\n\t\t\t\t\t<div class=\"faq-item-question\">\r\n\t\t\t\t\t\t<h3 class=\"faq-item-question-text\">Comment puis-je obtenir des r\u00e9sultats avec les heures ouvrables sur HTML ?<\/h3>\r\n\r\n\t\t\t\t\t\t<div class=\"faq-item-question-icon\"><\/div>\r\n\t\t\t\t\t<\/div>\r\n\r\n\t\t\t\t\t<div class=\"faq-item-answer\">\r\n\t\t\t\t\t\t<div class=\"faq-item-answer-text\">Il existe de nombreuses fa\u00e7ons d&rsquo;am\u00e9liorer les statistiques de conversion et les r\u00e9sultats de ventes en ajoutant un plugin Business Hours. Avec les mod\u00e8les d&rsquo;Elfsight pour ce plugin passionnant pour sites Web, il est possible de construire une strat\u00e9gie commerciale personnelle. Vous pouvez soit afficher des informations sur vos heures d&rsquo;ouverture et les outils pour vous contacter, soit simplement int\u00e9grer une petite fen\u00eatre contextuelle d&rsquo;\u00e9tat. Vous pouvez cr\u00e9er des fiches de contact avec notre plugin d&rsquo;heures d&rsquo;ouverture et les ajouter au site Web pour attirer l&rsquo;attention et informer les clients de votre activit\u00e9.<\/div>\r\n\t\t\t\t\t<\/div>\r\n\t\t\t\t<\/div><div class=\"faq-item\">\r\n\t\t\t\t\t<div class=\"faq-item-question\">\r\n\t\t\t\t\t\t<h3 class=\"faq-item-question-text\">Comment int\u00e9grer gratuitement les heures d'ouverture sur les sites Web HTML ?<\/h3>\r\n\r\n\t\t\t\t\t\t<div class=\"faq-item-question-icon\"><\/div>\r\n\t\t\t\t\t<\/div>\r\n\r\n\t\t\t\t\t<div class=\"faq-item-answer\">\r\n\t\t\t\t\t\t<div class=\"faq-item-answer-text\">Int\u00e9grer un Le plug-in Business Hours sur votre site Web HTML est une m\u00e9thode exceptionnelle pour engager les visiteurs dans la communication et les informer de votre heure de validit\u00e9 et de votre statut afin d&rsquo;assurer des ventes ou de rendre des services. Nous proposons quelques didacticiels sur l&rsquo;ajout du plug-in d&rsquo;heures de fonctionnement sans code \u00e0 votre site Web.<ol><li>Pour int\u00e9grer gratuitement Elfsight Business Hours en HTML, acc\u00e9dez au site Web d&rsquo;Elfsight et inscrivez-vous.<\/li><li> Cr\u00e9ez le plugin sans code Business Hours en adaptant son apparence et ses param\u00e8tres pour qu&rsquo;il corresponde au th\u00e8me de votre site Web.<\/li><li>Une fois vos heures d&rsquo;ouverture cr\u00e9\u00e9es, transportez le code vers le code HTML de votre site Web o\u00f9 vous souhaitez que le plugin fonctionne.<\/li><li> li&gt;<\/ol>En ins\u00e9rant vos heures d&rsquo;ouverture dans votre site Web HTML, vous augmenterez son magn\u00e9tisme visuel et motiverez la fid\u00e9lit\u00e9 durable des visiteurs. Ressentez gratuitement les avantages du plugin Elfsight Business Hours\u00a0!<\/div>\r\n\t\t\t\t\t<\/div>\r\n\t\t\t\t<\/div><\/div><\/div><div class=\"application-platform-content-item-features application-platform-content-item\" id=\"features\" data-nav-section=\"features\"> <h2>Nous proposons des fonctionnalit\u00e9s de widget utiles et pratiques, consultez-en quelques-unes.\u00a0:<\/h2> <ul><li>Pr\u00e9sentez l&rsquo;\u00e9tat actuel de votre organisation<\/li><li>Ajustement simple du calendrier<\/li><li>Configuration des occasions sp\u00e9ciales<\/li><li>\u00c9tat actuel<\/li> <li>Graphique ins\u00e9rable ou \u00e9tat d&rsquo;\u00e9conomie d&rsquo;espace<\/li><\/ul><p><a href=\"#demo\">Essayez tous les param\u00e8tres dans une d\u00e9mo enti\u00e8rement fonctionnelle<\/a><\/p><\/div> <div class=\"application-platform-content-item-installation application-platform-content-item\" id=\"installation\" data-nav-section=\"installation\"> <h2>Comment puis-je int\u00e9grer les heures ouvrables dans mon site Web HTML\u00a0?<\/h2> <p>Suivez simplement les instructions ci-dessous pour int\u00e9grer le plugin \u00e0 vos horaires de travail.<\/p> <ol> <li><b>Utilisez notre configurateur et commencez \u00e0 cr\u00e9er votre plugin unique.<\/b><br> Trouvez l&rsquo;apparence et les sp\u00e9cifications pr\u00e9f\u00e9rables et enregistrez les modifications. <\/li> <li><b>Copiez le code personnel qui est affich\u00e9 dans le formulaire sp\u00e9cial sur Elfsight Apps.<\/b><br> D\u00e8s que la configuration de votre plugin personnel est termin\u00e9e, copiez le code personnel dans le est apparu dans une fen\u00eatre contextuelle et conservez-le pour d&rsquo;autres occasions. <\/li> <li><b>Commencez l&rsquo;utilisation du plugin sur le site HTML.<\/b><br> Ins\u00e9rez le code copi\u00e9 r\u00e9cemment dans votre page d&rsquo;accueil et appliquez les corrections. <\/li> <li><b>La configuration de vos heures ouvrables sans code est termin\u00e9e avec succ\u00e8s.<\/b><br> Acc\u00e9dez \u00e0 votre site Web pour voir les performances du plugin Business Hours ajout\u00e9. <\/li><\/ol> <p>Si vous rencontrez des obstacles, veuillez contacter notre service client. Nos sp\u00e9cialistes vous aideront avec toutes les difficult\u00e9s que vous pourriez rencontrer avec l&rsquo;application pour HTML. <\/p> <\/div>","protected":false},"excerpt":{"rendered":"","protected":false},"author":9,"featured_media":0,"parent":7324,"menu_order":0,"comment_status":"closed","ping_status":"closed","template":"templates\/template-application-platform.php","meta":{"publish_to_discourse":"","publish_post_category":"","wpdc_auto_publish_overridden":"","wpdc_topic_tags":"","wpdc_pin_topic":"","wpdc_pin_until":"","discourse_post_id":"","discourse_permalink":"","wpdc_publishing_response":"","wpdc_publishing_error":"","footnotes":""},"class_list":["post-8308","page","type-page","status-publish","hentry"],"yoast_head":"<!-- This site is optimized with the Yoast SEO plugin v25.3.1 - https:\/\/yoast.com\/wordpress\/plugins\/seo\/ -->\n<title>Ajoutez gratuitement des heures de travail au HTML - Int\u00e9grez les horaires de travail aux sites<\/title>\n<meta name=\"description\" content=\"Int\u00e9grez un widget d&#039;heures ouvrables personnalisable dans HTML pour pr\u00e9senter le statut de votre entreprise. Formez vos heures de travail personnelles dans la d\u00e9mo.\" \/>\n<meta name=\"robots\" content=\"index, follow, max-snippet:-1, max-image-preview:large, max-video-preview:-1\" \/>\n<link rel=\"canonical\" href=\"https:\/\/elfsight.com\/fr\/business-hours-widget\/html\/\" \/>\n<meta property=\"og:locale\" content=\"fr_FR\" \/>\n<meta property=\"og:type\" content=\"article\" \/>\n<meta property=\"og:title\" content=\"Ajoutez gratuitement des heures de travail au HTML - Int\u00e9grez les horaires de travail aux sites\" \/>\n<meta property=\"og:description\" content=\"Int\u00e9grez un widget d&#039;heures ouvrables personnalisable dans HTML pour pr\u00e9senter le statut de votre entreprise. Formez vos heures de travail personnelles dans la d\u00e9mo.\" \/>\n<meta property=\"og:url\" content=\"https:\/\/elfsight.com\/fr\/business-hours-widget\/html\/\" \/>\n<meta property=\"og:site_name\" content=\"Elfsight FR\" \/>\n<meta property=\"article:modified_time\" content=\"2025-07-09T16:56:42+00:00\" \/>\n<meta name=\"twitter:card\" content=\"summary_large_image\" \/>\n<meta name=\"twitter:label1\" content=\"Dur\u00e9e de lecture estim\u00e9e\" \/>\n\t<meta name=\"twitter:data1\" content=\"5 minutes\" \/>\n<!-- \/ Yoast SEO plugin. -->","yoast_head_json":{"title":"Ajoutez gratuitement des heures de travail au HTML - Int\u00e9grez les horaires de travail aux sites","description":"Int\u00e9grez un widget d'heures ouvrables personnalisable dans HTML pour pr\u00e9senter le statut de votre entreprise. Formez vos heures de travail personnelles dans la d\u00e9mo.","robots":{"index":"index","follow":"follow","max-snippet":"max-snippet:-1","max-image-preview":"max-image-preview:large","max-video-preview":"max-video-preview:-1"},"canonical":"https:\/\/elfsight.com\/fr\/business-hours-widget\/html\/","og_locale":"fr_FR","og_type":"article","og_title":"Ajoutez gratuitement des heures de travail au HTML - Int\u00e9grez les horaires de travail aux sites","og_description":"Int\u00e9grez un widget d'heures ouvrables personnalisable dans HTML pour pr\u00e9senter le statut de votre entreprise. Formez vos heures de travail personnelles dans la d\u00e9mo.","og_url":"https:\/\/elfsight.com\/fr\/business-hours-widget\/html\/","og_site_name":"Elfsight FR","article_modified_time":"2025-07-09T16:56:42+00:00","twitter_card":"summary_large_image","twitter_misc":{"Dur\u00e9e de lecture estim\u00e9e":"5 minutes"},"schema":{"@context":"https:\/\/schema.org","@graph":[{"@type":"WebPage","@id":"https:\/\/elfsight.com\/fr\/business-hours-widget\/html\/","url":"https:\/\/elfsight.com\/fr\/business-hours-widget\/html\/","name":"Ajoutez gratuitement des heures de travail au HTML - Int\u00e9grez les horaires de travail aux sites","isPartOf":{"@id":"https:\/\/elfsight.com\/fr\/#website"},"datePublished":"2024-05-03T06:31:17+00:00","dateModified":"2025-07-09T16:56:42+00:00","description":"Int\u00e9grez un widget d'heures ouvrables personnalisable dans HTML pour pr\u00e9senter le statut de votre entreprise. Formez vos heures de travail personnelles dans la d\u00e9mo.","breadcrumb":{"@id":"https:\/\/elfsight.com\/fr\/business-hours-widget\/html\/#breadcrumb"},"inLanguage":"fr-FR","potentialAction":[{"@type":"ReadAction","target":["https:\/\/elfsight.com\/fr\/business-hours-widget\/html\/"]}]},{"@type":"BreadcrumbList","@id":"https:\/\/elfsight.com\/fr\/business-hours-widget\/html\/#breadcrumb","itemListElement":[{"@type":"ListItem","position":1,"name":"Home","item":"https:\/\/elfsight.com\/fr\/"},{"@type":"ListItem","position":2,"name":"Business Hours","item":"https:\/\/elfsight.com\/fr\/business-hours-widget\/"},{"@type":"ListItem","position":3,"name":"Business Hours &#8211; HTML"}]},{"@type":"WebSite","@id":"https:\/\/elfsight.com\/fr\/#website","url":"https:\/\/elfsight.com\/fr\/","name":"Elfsight FR","description":"","potentialAction":[{"@type":"SearchAction","target":{"@type":"EntryPoint","urlTemplate":"https:\/\/elfsight.com\/fr\/?s={search_term_string}"},"query-input":{"@type":"PropertyValueSpecification","valueRequired":true,"valueName":"search_term_string"}}],"inLanguage":"fr-FR"}]}},"meta_box":{"industry":"","seo_heading":"","heading":"","description":"","cta_heading":"","cta_description":"","application":"7314","h1":"Widget HTML des heures ouvr\u00e9es","h1_caption":"Affichez vos heures d'ouverture dans un format clair et attrayant pour informer les visiteurs de votre disponibilit\u00e9 sur votre site Web HTML sans effort.","application_category":[],"applications_title":"","applications_request_title":"","applications_request_button_text":"","hero_text":"","hero_video":"","hero_video_schema_markup":"","selling_points_title":"","selling_points_caption":"","selling_points":[],"selling_points_cta_text":"","features_title":"","features":"","ed_cta_examples_text":"","ed_cta_examples_hidden":"","ed_cta_demo_text":"","ed_cta_demo_hidden":"","why_caption":"","why_editor_title":"","why_editor_text":"","why_team_title":"","why_team_text":"","why_service_title":"","why_service_text":"","template_catalog_visible":"","template_catalog_title":"","template_catalog_text":"","template_catalog_categories_visible":"","demo_title":"Cr\u00e9ez votre widget Heures d'ouverture","demo_caption":"Configurez vos heures d'ouverture et ajoutez-les \u00e0 votre site Web HTML gratuitement\u00a0!","default_faq_hidden":"","app_template_category":[],"platform":"352","template_public_id":"","codecanyon_url":"","codecanyon_item_id":"","codecanyon_price":"","pricing_caption":"","pricing_elfsight_apps_hide_column":"","pricing_elfsight_apps_url":"","pricing_codecanyon_price_caption":"","integration_category":[],"integration_request_title":"","integration_request_cta":"","integration_platform":"","integrations":[],"platform_category":[],"video_schema_markup":"","price":"\u00e0 partir de 0$ \/ mois","trial":"","benefits":[{"text":"Service d'installation gratuit"},{"text":"Assistance premium"},{"text":"Garantie de remboursement de 14 jours"},{"text":"Mises \u00e0 jour gratuites \u00e0 vie"}],"button_url":"#demo","button_target_blank":"","button_nofollow":"","attributes":[{"name":"Installations","content":"10,000 - 100,000"},{"name":"Sensible","content":"Oui"},{"name":"Navigateurs compatibles","content":"Firefox, Safari, Opera, Chrome, Edge"}],"tags":[],"tags_disable_links":"","hide_more_platforms":"","video_object":"","demo_hide_cta":"","demo_hide_cloud_options":"","pricing_title":"","pricing":[{"pricing_icon":"platform","pricing_title":"Elfsight Apps","pricing_title_caption":"Logiciel multiplateforme qui fonctionne sur n'importe quel site Web","pricing_price":"from $0 \/ month","pricing_price_caption":"commencez avec un forfait gratuit","pricing_benefits":[{"text":"Sites Web illimit\u00e9s"},{"text":"Assistance client haut de gamme"},{"text":"Service d'installation gratuit"},{"text":"Conception flexible"}],"pricing_button_text":"Ajouter au site Web","pricing_button_url":"#demo"}],"related_apps_title":"","related_apps_hidden":"","author":"","image":[],"title":"","job":"","social_networks":[]},"_links":{"self":[{"href":"https:\/\/elfsight.com\/fr\/wp-json\/wp\/v2\/pages\/8308","targetHints":{"allow":["GET"]}}],"collection":[{"href":"https:\/\/elfsight.com\/fr\/wp-json\/wp\/v2\/pages"}],"about":[{"href":"https:\/\/elfsight.com\/fr\/wp-json\/wp\/v2\/types\/page"}],"author":[{"embeddable":true,"href":"https:\/\/elfsight.com\/fr\/wp-json\/wp\/v2\/users\/9"}],"replies":[{"embeddable":true,"href":"https:\/\/elfsight.com\/fr\/wp-json\/wp\/v2\/comments?post=8308"}],"version-history":[{"count":1,"href":"https:\/\/elfsight.com\/fr\/wp-json\/wp\/v2\/pages\/8308\/revisions"}],"predecessor-version":[{"id":8312,"href":"https:\/\/elfsight.com\/fr\/wp-json\/wp\/v2\/pages\/8308\/revisions\/8312"}],"up":[{"embeddable":true,"href":"https:\/\/elfsight.com\/fr\/wp-json\/wp\/v2\/pages\/7324"}],"wp:attachment":[{"href":"https:\/\/elfsight.com\/fr\/wp-json\/wp\/v2\/media?parent=8308"}],"curies":[{"name":"wp","href":"https:\/\/api.w.org\/{rel}","templated":true}]}}