{"id":8307,"date":"2024-05-03T06:31:16","date_gmt":"2024-05-03T06:31:16","guid":{"rendered":"https:\/\/elfsight.com\/fr\/?page_id=8307"},"modified":"2025-07-09T16:56:48","modified_gmt":"2025-07-09T16:56:48","slug":"iframe","status":"publish","type":"page","link":"https:\/\/elfsight.com\/fr\/business-hours-widget\/iframe\/","title":{"rendered":"Business Hours &#8211; iFrame"},"content":{"rendered":"<div class=\"application-platform-content-item-description application-platform-content-item\" id=\"description\" data-nav-section=\"description\"> <h2>Int\u00e9grer les heures ouvrables sur iFrame avec un widget Elfsight<\/h2> <p>Elfsight Business Hours pour iFrame est un simple widget sans code permettant vous de projeter une jolie carte de visite avec les donn\u00e9es les plus importantes concernant votre organisation. Vous pouvez inclure des informations sur le statut de votre entreprise et fournir des contacts \u00e0 votre public. Le widget vous permet de projeter des conceptions conviviales, afin que les clients puissent facilement trouver toutes les informations n\u00e9cessaires bri\u00e8vement ou plus en d\u00e9tail. <\/p><p>Cet excellent widget propose une gamme de mod\u00e8les, afin que vous puissiez choisir l&rsquo;option la plus efficace pour votre site. Chaque mod\u00e8le pr\u00e9sente des param\u00e8tres r\u00e9glables pour vous permettre de d\u00e9velopper un widget personnalis\u00e9 avec les \u00e9l\u00e9ments requis tels que des boutons de discussion et de partage qui augmentent les ventes. Ajouter les heures de travail et les coordonn\u00e9es de votre entreprise \u00e0 votre site Web est tr\u00e8s simple avec Elfsight gr\u00e2ce \u00e0 des tutoriels et des instructions faciles \u00e0 suivre. Tout utilisateur peut cr\u00e9er et int\u00e9grer gratuitement le widget Heures d&rsquo;ouverture sans code.<\/p> <p><b>Ins\u00e9rez les d\u00e9tails de l&rsquo;entreprise sur votre site Web pour augmenter les taux de vente et la fid\u00e9lit\u00e9 des clients. Partagez facilement les informations cl\u00e9s sur votre activit\u00e9 professionnelle avec le widget d&rsquo;Elfsight. <\/b><\/p> <p>Avec ce widget ajout\u00e9 \u00e0 votre site Web iFrame, vous pouvez informer votre public sur votre entreprise et r\u00e9aliser plus de ventes. D\u00e9couvrez certains des principaux avantages pour votre site Web apr\u00e8s y avoir int\u00e9gr\u00e9 les p\u00e9riodes de travail gratuites. <\/p><ul><li><b>Permettez aux clients d&rsquo;\u00eatre toujours \u00e0 l&rsquo;heure.<\/b> Am\u00e9liorez les ventes, tout en \u00e9tant constamment en contact pendant les heures de travail indiqu\u00e9es. Les visiteurs de votre site Web remarqueront votre disponibilit\u00e9 et seront plus confiants pour commettre un achat r\u00e9ussi lorsqu&rsquo;ils en auront besoin. <\/li><li><b>\u00c9vitez les malentendus sur vos horaires de travail.<\/b> Afficher vos cadres de travail d\u00e9cents aux clients sur le site Web les rendra plus d\u00e9vou\u00e9s \u00e0 votre entreprise puisqu&rsquo;ils pourront planifier une r\u00e9servation ou une visite chez vous. <\/li><li><b>Affichez les informations de contact de mani\u00e8re pratique.<\/b> L&rsquo;ajout des informations de contact \u00e0 votre widget d&rsquo;heures d&rsquo;ouverture sans code vous permet d&rsquo;\u00e9tablir une meilleure communication avec vos clients et de r\u00e9aliser des ventes plus rapidement. Montrez que vous \u00eates pr\u00eat \u00e0 r\u00e9pondre \u00e0 leurs pr\u00e9occupations concernant les produits et services de votre entreprise, ce qui se traduira par plus de confiance et de prestige. <\/li><\/ul><div class=\"faq\" data-component=\"FAQ\"><div class=\"faq-item\">\r\n\t\t\t\t\t<div class=\"faq-item-question\">\r\n\t\t\t\t\t\t<h3 class=\"faq-item-question-text\">Avez-vous d'autres plugins pour iFrame que je peux ajouter \u00e0 mon site Web ?<\/h3>\r\n\r\n\t\t\t\t\t\t<div class=\"faq-item-question-icon\"><\/div>\r\n\t\t\t\t\t<\/div>\r\n\r\n\t\t\t\t\t<div class=\"faq-item-answer\">\r\n\t\t\t\t\t\t<div class=\"faq-item-answer-text\">Nous pouvons vous fournir de nombreux plugins pour accomplir tout type de t\u00e2che sur votre site Web. et boostez vos ventes. Voici quelques exemples\u00a0: <a href=\"https:\/\/elfsight.com\/google-reviews-widget\/iframe\/\" target=\"_blank\" rel=\"noopener\">Avis Google<\/a>, <a href=\"https:\/\/elfsight.com\/whatsapp-chat-widget\/iframe\/\" target=\"_blank\" rel=\"noopener\">Chat WhatsApp<\/a>, <a href=\"https:\/\/elfsight.com\/event- Calendar-widget\/iframe\/\" target=\"_blank\" rel=\"noopener\">Calendrier des \u00e9v\u00e9nements<\/a>, <a href=\"https:\/\/elfsight.com\/countdown-timer-widget\/iframe\/\" target=\" _blank\" rel=\"noopener\">Compte \u00e0 rebours<\/a>, <a href=\"https:\/\/elfsight.com\/qr-code-widget\/iframe\/\" target=\"_blank\" rel=\"noopener\">QR Code <\/a>. <\/div>\r\n\t\t\t\t\t<\/div>\r\n\t\t\t\t<\/div><div class=\"faq-item\">\r\n\t\t\t\t\t<div class=\"faq-item-question\">\r\n\t\t\t\t\t\t<h3 class=\"faq-item-question-text\">Comment puis-je b\u00e9n\u00e9ficier des heures ouvrables sur iFrame ?<\/h3>\r\n\r\n\t\t\t\t\t\t<div class=\"faq-item-question-icon\"><\/div>\r\n\t\t\t\t\t<\/div>\r\n\r\n\t\t\t\t\t<div class=\"faq-item-answer\">\r\n\t\t\t\t\t\t<div class=\"faq-item-answer-text\">Il existe de nombreuses fa\u00e7ons d&rsquo;am\u00e9liorer les statistiques de conversion et les indicateurs de ventes d&rsquo;un site Web en ajoutant un plugin Business Hours. Avec les mod\u00e8les d&rsquo;Elfsight pour cet excellent plugin pour sites Web, vous pouvez choisir des tactiques de promotion personnelles. Vous pouvez soit afficher des informations d\u00e9taill\u00e9es concernant vos heures d&rsquo;ouverture et les moyens d&rsquo;\u00e9tablir une communication avec vous, soit simplement int\u00e9grer une petite barre d&rsquo;\u00e9tat actuelle. Vous pouvez cr\u00e9er des fiches de contact avec votre plugin Business Hours et les ajouter aux pages Web requises pour attirer l&rsquo;attention et informer les visiteurs de votre activit\u00e9. <\/div>\r\n\t\t\t\t\t<\/div>\r\n\t\t\t\t<\/div><div class=\"faq-item\">\r\n\t\t\t\t\t<div class=\"faq-item-question\">\r\n\t\t\t\t\t\t<h3 class=\"faq-item-question-text\">Comment int\u00e9grer gratuitement les heures ouvrables sur les sites Web iFrame ?<\/h3>\r\n\r\n\t\t\t\t\t\t<div class=\"faq-item-question-icon\"><\/div>\r\n\t\t\t\t\t<\/div>\r\n\r\n\t\t\t\t\t<div class=\"faq-item-answer\">\r\n\t\t\t\t\t\t<div class=\"faq-item-answer-text\">L&rsquo;int\u00e9gration d&rsquo;un plugin Business Hours dans votre site Web iFrame est un moyen simple d&rsquo;attirer de nouveaux clients et de leur faire part de votre volont\u00e9 de r\u00e9aliser des ventes ou de rendre des comptes. prestations de service. Trouvez quelques tutoriels sur l\u2019ajout du plugin d\u2019heures de fonctionnement sans code \u00e0 votre site Web. <ol><li>Lorsque vous devez int\u00e9grer gratuitement des heures d&rsquo;ouverture Elfsight dans iFrame, acc\u00e9dez au site Web Elfsight et inscrivez-vous. <\/li><li>Cr\u00e9ez les heures d&rsquo;ouverture gratuites en adaptant son apparence et ses param\u00e8tres en fonction du th\u00e8me de votre site Web iFrame. <\/li><li>Apr\u00e8s avoir personnalis\u00e9 vos heures d&rsquo;ouverture, copiez l&rsquo;extrait de code g\u00e9n\u00e9r\u00e9 et collez-le dans votre site Web iFrame o\u00f9 vous souhaitez que le plugin fonctionne. <\/li><\/ol>En ins\u00e9rant vos heures d&rsquo;ouverture dans votre site Web iFrame, vous am\u00e9liorerez s\u00fbrement son apparence visuelle et motiverez la fid\u00e9lit\u00e9 durable des visiteurs. Ressentez les avantages des heures d&rsquo;ouverture d&rsquo;Elfsight sans frais pour vous\u00a0! <\/div>\r\n\t\t\t\t\t<\/div>\r\n\t\t\t\t<\/div><\/div><\/div><div class=\"application-platform-content-item-features application-platform-content-item\" id=\"features\" data-nav-section=\"features\"> <h2>Le widget comprend des fonctionnalit\u00e9s utiles et simples, en voici quelques-unes\u00a0:<\/h2> <ul><li>Pr\u00e9sentez les performances de votre entreprise \u00e9tat actuel<\/li><li>Ajustement facile des heures de travail <\/li><li>Configuration des occasions sp\u00e9ciales<\/li><li>Indication de la situation en temps r\u00e9el<\/li><li>Tableau int\u00e9grable ou \u00e9tat peu encombrant<\/li><\/ul><p><a href=\"#demo\">Essayez simplement cette d\u00e9mo pour avoir une id\u00e9e compl\u00e8te<\/a><\/p><\/div> <div class=\"application-platform-content-item-installation application-platform-content-item\" id=\"installation\" data-nav-section=\"installation\"> <h2>Comment puis-je int\u00e9grer les heures ouvrables dans mon site Web iFrame\u00a0?<\/h2> <p>Suivez simplement les instructions ci-dessous pour int\u00e9grer le plugin \u00e0 vos horaires de travail.<\/p> <ol><li><b>Employez notre \u00e9diteur et commencez \u00e0 cr\u00e9er votre propre plugin sans code.<\/b><br> Trouvez l&rsquo;apparence et les caract\u00e9ristiques souhait\u00e9es de l&rsquo;application et enregistrez les modifications. <\/li> <li><b>Obtenez le code individuel r\u00e9v\u00e9l\u00e9 dans la fen\u00eatre des applications Elfsight.<\/b><br> Une fois la configuration de votre plugin personnel d&rsquo;heures de fonctionnement sans code termin\u00e9e, copiez le code individuel du Une fen\u00eatre contextuelle est apparue et enregistrez-la pour une occasion ult\u00e9rieure. <\/li> <li><b>Initiez l&rsquo;application du plugin sur votre page Web iFrame.<\/b><br> Int\u00e9grez le code que vous avez enregistr\u00e9 auparavant dans votre page d&rsquo;accueil et enregistrez les modifications. <\/li> <li><b>Fait\u00a0! L&rsquo;int\u00e9gration de vos heures d&rsquo;ouverture sans code dans le site Web est enti\u00e8rement effectu\u00e9e.<\/b><br> Visitez votre site Web pour jeter un \u0153il au travail du plugin d&rsquo;heures d&rsquo;ouverture ajout\u00e9. <\/li><\/ol> <p>Si vous avez des questions ou rencontrez des probl\u00e8mes, veuillez vous adresser \u00e0 notre personnel d&rsquo;assistance. Nos consultants seront ravis de r\u00e9pondre \u00e0 toutes les questions que vous pourriez vous poser avec le plugin pour iFrame. <\/p> <\/div>","protected":false},"excerpt":{"rendered":"","protected":false},"author":9,"featured_media":0,"parent":7324,"menu_order":0,"comment_status":"closed","ping_status":"closed","template":"templates\/template-application-platform.php","meta":{"publish_to_discourse":"","publish_post_category":"","wpdc_auto_publish_overridden":"","wpdc_topic_tags":"","wpdc_pin_topic":"","wpdc_pin_until":"","discourse_post_id":"","discourse_permalink":"","wpdc_publishing_response":"","wpdc_publishing_error":"","footnotes":""},"class_list":["post-8307","page","type-page","status-publish","hentry"],"yoast_head":"<!-- This site is optimized with the Yoast SEO plugin v25.3.1 - https:\/\/yoast.com\/wordpress\/plugins\/seo\/ -->\n<title>Ajoutez des heures de travail \u00e0 iFrame - Int\u00e9grez des heures de travail rapides sur site<\/title>\n<meta name=\"description\" content=\"Int\u00e9grez un widget Heures ouvrables personnalis\u00e9 dans iFrame pour partager le statut de votre activit\u00e9. Cr\u00e9ez votre widget personnel d&#039;heures de fonctionnement dans la d\u00e9mo.\" \/>\n<meta name=\"robots\" content=\"index, follow, max-snippet:-1, max-image-preview:large, max-video-preview:-1\" \/>\n<link rel=\"canonical\" href=\"https:\/\/elfsight.com\/fr\/business-hours-widget\/iframe\/\" \/>\n<meta property=\"og:locale\" content=\"fr_FR\" \/>\n<meta property=\"og:type\" content=\"article\" \/>\n<meta property=\"og:title\" content=\"Ajoutez des heures de travail \u00e0 iFrame - Int\u00e9grez des heures de travail rapides sur site\" \/>\n<meta property=\"og:description\" content=\"Int\u00e9grez un widget Heures ouvrables personnalis\u00e9 dans iFrame pour partager le statut de votre activit\u00e9. Cr\u00e9ez votre widget personnel d&#039;heures de fonctionnement dans la d\u00e9mo.\" \/>\n<meta property=\"og:url\" content=\"https:\/\/elfsight.com\/fr\/business-hours-widget\/iframe\/\" \/>\n<meta property=\"og:site_name\" content=\"Elfsight FR\" \/>\n<meta property=\"article:modified_time\" content=\"2025-07-09T16:56:48+00:00\" \/>\n<meta name=\"twitter:card\" content=\"summary_large_image\" \/>\n<meta name=\"twitter:label1\" content=\"Dur\u00e9e de lecture estim\u00e9e\" \/>\n\t<meta name=\"twitter:data1\" content=\"5 minutes\" \/>\n<!-- \/ Yoast SEO plugin. -->","yoast_head_json":{"title":"Ajoutez des heures de travail \u00e0 iFrame - Int\u00e9grez des heures de travail rapides sur site","description":"Int\u00e9grez un widget Heures ouvrables personnalis\u00e9 dans iFrame pour partager le statut de votre activit\u00e9. Cr\u00e9ez votre widget personnel d'heures de fonctionnement dans la d\u00e9mo.","robots":{"index":"index","follow":"follow","max-snippet":"max-snippet:-1","max-image-preview":"max-image-preview:large","max-video-preview":"max-video-preview:-1"},"canonical":"https:\/\/elfsight.com\/fr\/business-hours-widget\/iframe\/","og_locale":"fr_FR","og_type":"article","og_title":"Ajoutez des heures de travail \u00e0 iFrame - Int\u00e9grez des heures de travail rapides sur site","og_description":"Int\u00e9grez un widget Heures ouvrables personnalis\u00e9 dans iFrame pour partager le statut de votre activit\u00e9. Cr\u00e9ez votre widget personnel d'heures de fonctionnement dans la d\u00e9mo.","og_url":"https:\/\/elfsight.com\/fr\/business-hours-widget\/iframe\/","og_site_name":"Elfsight FR","article_modified_time":"2025-07-09T16:56:48+00:00","twitter_card":"summary_large_image","twitter_misc":{"Dur\u00e9e de lecture estim\u00e9e":"5 minutes"},"schema":{"@context":"https:\/\/schema.org","@graph":[{"@type":"WebPage","@id":"https:\/\/elfsight.com\/fr\/business-hours-widget\/iframe\/","url":"https:\/\/elfsight.com\/fr\/business-hours-widget\/iframe\/","name":"Ajoutez des heures de travail \u00e0 iFrame - Int\u00e9grez des heures de travail rapides sur site","isPartOf":{"@id":"https:\/\/elfsight.com\/fr\/#website"},"datePublished":"2024-05-03T06:31:16+00:00","dateModified":"2025-07-09T16:56:48+00:00","description":"Int\u00e9grez un widget Heures ouvrables personnalis\u00e9 dans iFrame pour partager le statut de votre activit\u00e9. Cr\u00e9ez votre widget personnel d'heures de fonctionnement dans la d\u00e9mo.","breadcrumb":{"@id":"https:\/\/elfsight.com\/fr\/business-hours-widget\/iframe\/#breadcrumb"},"inLanguage":"fr-FR","potentialAction":[{"@type":"ReadAction","target":["https:\/\/elfsight.com\/fr\/business-hours-widget\/iframe\/"]}]},{"@type":"BreadcrumbList","@id":"https:\/\/elfsight.com\/fr\/business-hours-widget\/iframe\/#breadcrumb","itemListElement":[{"@type":"ListItem","position":1,"name":"Home","item":"https:\/\/elfsight.com\/fr\/"},{"@type":"ListItem","position":2,"name":"Business Hours","item":"https:\/\/elfsight.com\/fr\/business-hours-widget\/"},{"@type":"ListItem","position":3,"name":"Business Hours &#8211; iFrame"}]},{"@type":"WebSite","@id":"https:\/\/elfsight.com\/fr\/#website","url":"https:\/\/elfsight.com\/fr\/","name":"Elfsight FR","description":"","potentialAction":[{"@type":"SearchAction","target":{"@type":"EntryPoint","urlTemplate":"https:\/\/elfsight.com\/fr\/?s={search_term_string}"},"query-input":{"@type":"PropertyValueSpecification","valueRequired":true,"valueName":"search_term_string"}}],"inLanguage":"fr-FR"}]}},"meta_box":{"industry":"","seo_heading":"","heading":"","description":"","cta_heading":"","cta_description":"","application":"7314","h1":"Widget Heures d'ouverture iFrame","h1_caption":"Affichez vos heures d'ouverture dans un format clair et attrayant pour informer les visiteurs de votre disponibilit\u00e9 sur votre site Web iFrame sans effort.","application_category":[],"applications_title":"","applications_request_title":"","applications_request_button_text":"","hero_text":"","hero_video":"","hero_video_schema_markup":"","selling_points_title":"","selling_points_caption":"","selling_points":[],"selling_points_cta_text":"","features_title":"","features":"","ed_cta_examples_text":"","ed_cta_examples_hidden":"","ed_cta_demo_text":"","ed_cta_demo_hidden":"","why_caption":"","why_editor_title":"","why_editor_text":"","why_team_title":"","why_team_text":"","why_service_title":"","why_service_text":"","template_catalog_visible":"","template_catalog_title":"","template_catalog_text":"","template_catalog_categories_visible":"","demo_title":"Cr\u00e9ez votre widget Heures d'ouverture","demo_caption":"Configurez vos heures d'ouverture et ajoutez-les gratuitement \u00e0 votre site Web iFrame\u00a0!","default_faq_hidden":"","app_template_category":[],"platform":"371","template_public_id":"","codecanyon_url":"","codecanyon_item_id":"","codecanyon_price":"","pricing_caption":"","pricing_elfsight_apps_hide_column":"","pricing_elfsight_apps_url":"","pricing_codecanyon_price_caption":"","integration_category":[],"integration_request_title":"","integration_request_cta":"","integration_platform":"","integrations":[],"platform_category":[],"video_schema_markup":"","price":"\u00e0 partir de 0$ \/ mois","trial":"","benefits":[{"text":"Assistance \u00e0 l'installation gratuite"},{"text":"Assistance premium"},{"text":"Garantie de remboursement de 14 jours"},{"text":"Am\u00e9liorations continues"}],"button_url":"#demo","button_target_blank":"","button_nofollow":"","attributes":[{"name":"Installations","content":"10,000 - 100,000"},{"name":"Sensible","content":"Oui"},{"name":"Navigateurs compatibles","content":"Firefox, Safari, Opera, Chrome, Edge"}],"tags":[],"tags_disable_links":"","hide_more_platforms":"","video_object":"","demo_hide_cta":"","demo_hide_cloud_options":"","pricing_title":"","pricing":[{"pricing_icon":"platform","pricing_title":"Elfsight Apps","pricing_title_caption":"Solution multiplateforme","pricing_price":"from $0 \/ month","pricing_price_caption":"commencez avec un forfait gratuit","pricing_benefits":[{"text":"Sites Web illimit\u00e9s"},{"text":"Assistance rapide et ponctuelle"},{"text":"Aide \u00e0 l'installation gratuite"},{"text":"Enti\u00e8rement personnalisable"}],"pricing_button_text":"Ajouter au site Web","pricing_button_url":"#demo"}],"related_apps_title":"","related_apps_hidden":"","author":"","image":[],"title":"","job":"","social_networks":[]},"_links":{"self":[{"href":"https:\/\/elfsight.com\/fr\/wp-json\/wp\/v2\/pages\/8307","targetHints":{"allow":["GET"]}}],"collection":[{"href":"https:\/\/elfsight.com\/fr\/wp-json\/wp\/v2\/pages"}],"about":[{"href":"https:\/\/elfsight.com\/fr\/wp-json\/wp\/v2\/types\/page"}],"author":[{"embeddable":true,"href":"https:\/\/elfsight.com\/fr\/wp-json\/wp\/v2\/users\/9"}],"replies":[{"embeddable":true,"href":"https:\/\/elfsight.com\/fr\/wp-json\/wp\/v2\/comments?post=8307"}],"version-history":[{"count":1,"href":"https:\/\/elfsight.com\/fr\/wp-json\/wp\/v2\/pages\/8307\/revisions"}],"predecessor-version":[{"id":8311,"href":"https:\/\/elfsight.com\/fr\/wp-json\/wp\/v2\/pages\/8307\/revisions\/8311"}],"up":[{"embeddable":true,"href":"https:\/\/elfsight.com\/fr\/wp-json\/wp\/v2\/pages\/7324"}],"wp:attachment":[{"href":"https:\/\/elfsight.com\/fr\/wp-json\/wp\/v2\/media?parent=8307"}],"curies":[{"name":"wp","href":"https:\/\/api.w.org\/{rel}","templated":true}]}}