{"id":8306,"date":"2024-05-03T06:31:15","date_gmt":"2024-05-03T06:31:15","guid":{"rendered":"https:\/\/elfsight.com\/fr\/?page_id=8306"},"modified":"2025-07-09T16:57:28","modified_gmt":"2025-07-09T16:57:28","slug":"shopify","status":"publish","type":"page","link":"https:\/\/elfsight.com\/fr\/business-hours-widget\/shopify\/","title":{"rendered":"Business Hours &#8211; Shopify"},"content":{"rendered":"<div class=\"application-platform-content-item-description application-platform-content-item\" id=\"description\" data-nav-section=\"description\"> <h2>Int\u00e9grer les heures d&rsquo;ouverture sur Shopify avec une application Elfsight<\/h2> <p>Elfsight Business Hours pour Shopify est un simple widget sans code qui vous permet de constituer une carte de visite attractive contenant les donn\u00e9es les plus significatives sur votre activit\u00e9. Vous pouvez ajouter des informations sur votre statut de travail actuel et activer les contacts pour vos clients. Le widget vous permet de cr\u00e9er des conceptions conviviales, afin que les visiteurs puissent facilement explorer toutes les donn\u00e9es n\u00e9cessaires bri\u00e8vement ou plus en d\u00e9tail. <\/p><p>Ce formidable widget est \u00e9quip\u00e9 d&rsquo;une gamme de mod\u00e8les, afin que vous soyez libre de choisir la meilleure option pour votre site Web. Chaque mod\u00e8le dispose de param\u00e8tres r\u00e9glables pour vous aider \u00e0 cr\u00e9er un widget personnel avec des \u00e9l\u00e9ments tels que des boutons CTA qui augmentent les ventes. Int\u00e9grer les horaires de travail et les contacts de votre entreprise dans vos pages est tr\u00e8s simple avec le widget d&rsquo;Elfsight gr\u00e2ce \u00e0 des tutoriels et des instructions simples. Tout propri\u00e9taire de site Web peut cr\u00e9er et utiliser gratuitement le widget Heures d&rsquo;ouverture sans code.<\/p><p><b>Utilisez les d\u00e9tails de l&rsquo;entreprise sur votre site Web pour augmenter les taux de vente et la satisfaction des clients. Ajoutez facilement des informations significatives sur votre statut de travail. <\/b><\/p> <p>Avec ce widget int\u00e9gr\u00e9 au site Web Shopify, vous pouvez faire conna\u00eetre votre entreprise \u00e0 votre public et obtenir des ventes r\u00e9guli\u00e8res. D\u00e9couvrez certains des principaux avantages pour votre site Web en y ajoutant le widget d&rsquo;heures de travail sans code. <\/p><ul><li><b>Laissez vos clients \u00eatre toujours au bon moment.<\/b> Augmentez les ventes, gr\u00e2ce \u00e0 \u00eatre s\u00fbrement en contact dans les d\u00e9lais de travail indiqu\u00e9s. Vos visiteurs verront votre widget d&rsquo;heures d&rsquo;activit\u00e9 et seront plus d\u00e9termin\u00e9s \u00e0 commettre un achat r\u00e9ussi lorsqu&rsquo;ils en auront besoin. <\/li><li><b>\u00c9vitez les malentendus concernant vos horaires de travail.<\/b> Pr\u00e9senter vos horaires d&rsquo;ouverture d\u00e9cents aux clients sur le site Web les rendra plus d\u00e9vou\u00e9s \u00e0 votre entreprise car ils pourront planifier une commande ou une visite chez vous. <\/li><li><b>Affichez les donn\u00e9es de contact de mani\u00e8re pratique.<\/b> Incorporez les coordonn\u00e9es dans votre widget d&rsquo;heures de fonctionnement sans code pour \u00e9tablir la communication avec les visiteurs du site Web et acc\u00e9l\u00e9rer les ventes. D\u00e9montrez que vous \u00eates ici pour r\u00e9pondre \u00e0 leurs demandes sur les produits et services de votre entreprise, ce qui se traduira par plus de fid\u00e9lit\u00e9 et de meilleures ventes. <\/li><\/ul><div class=\"faq\" data-component=\"FAQ\"><div class=\"faq-item\">\r\n\t\t\t\t\t<div class=\"faq-item-question\">\r\n\t\t\t\t\t\t<h3 class=\"faq-item-question-text\">Proposez-vous d'autres plugins pour Shopify que je peux utiliser sur mon site Web ?<\/h3>\r\n\r\n\t\t\t\t\t\t<div class=\"faq-item-question-icon\"><\/div>\r\n\t\t\t\t\t<\/div>\r\n\r\n\t\t\t\t\t<div class=\"faq-item-answer\">\r\n\t\t\t\t\t\t<div class=\"faq-item-answer-text\">Nous pouvons vous fournir de nombreux plugins pour atteindre tout type d&rsquo;objectif sur votre site web. Voyez par vous-m\u00eame\u00a0: <a href=\"https:\/\/elfsight.com\/google-reviews-widget\/shopify\/\" target=\"_blank\" rel=\"noopener\">Avis Google<\/a>, <a href=\"https:\/\/elfsight.com\/whatsapp-chat-widget\/shopify\/\" target=\"_blank\" rel=\"noopener\">Chat WhatsApp<\/a>, <a href=\"https:\/\/elfsight.com\/event-calendar -widget\/shopify\/\" target=\"_blank\" rel=\"noopener\">Calendrier des \u00e9v\u00e9nements<\/a>, <a href=\"https:\/\/elfsight.com\/countdown-timer-widget\/shopify\/\" target=\"_blank \" rel=\"noopener\">Compte \u00e0 rebours<\/a>, <a href=\"https:\/\/elfsight.com\/qr-code-widget\/shopify\/\" target=\"_blank\" rel=\"noopener\">QR Code<\/a>. <\/div>\r\n\t\t\t\t\t<\/div>\r\n\t\t\t\t<\/div><div class=\"faq-item\">\r\n\t\t\t\t\t<div class=\"faq-item-question\">\r\n\t\t\t\t\t\t<h3 class=\"faq-item-question-text\">Comment puis-je obtenir des r\u00e9sultats avec les heures ouvrables sur Shopify ?<\/h3>\r\n\r\n\t\t\t\t\t\t<div class=\"faq-item-question-icon\"><\/div>\r\n\t\t\t\t\t<\/div>\r\n\r\n\t\t\t\t\t<div class=\"faq-item-answer\">\r\n\t\t\t\t\t\t<div class=\"faq-item-answer-text\">Vous acc\u00e9dez \u00e0 de nombreuses fa\u00e7ons d&rsquo;am\u00e9liorer les taux de conversion et les chiffres de ventes en ajoutant un plugin Business Hours. Avec les mod\u00e8les d&rsquo;Elfsight pour ce merveilleux plugin pour sites Web, vous pouvez cr\u00e9er des tactiques commerciales individuelles. Vous pouvez soit afficher des informations d\u00e9taill\u00e9es concernant vos heures d&rsquo;activit\u00e9 et les moyens de vous contacter, soit simplement int\u00e9grer une barre d&rsquo;\u00e9tat actuelle minimaliste. Vous pouvez cr\u00e9er des fiches de contact avec notre plugin Business Hours et les ajouter aux zones souhait\u00e9es du site Web pour attirer l&rsquo;attention et informer les clients sur votre activit\u00e9 commerciale. <\/div>\r\n\t\t\t\t\t<\/div>\r\n\t\t\t\t<\/div><div class=\"faq-item\">\r\n\t\t\t\t\t<div class=\"faq-item-question\">\r\n\t\t\t\t\t\t<h3 class=\"faq-item-question-text\">Comment int\u00e9grer gratuitement les heures d'ouverture sur Shopify ?<\/h3>\r\n\r\n\t\t\t\t\t\t<div class=\"faq-item-question-icon\"><\/div>\r\n\t\t\t\t\t<\/div>\r\n\r\n\t\t\t\t\t<div class=\"faq-item-answer\">\r\n\t\t\t\t\t\t<div class=\"faq-item-answer-text\">L&rsquo;int\u00e9gration d&rsquo;un plugin Business Hours dans votre site Web Shopify est un moyen simple d&rsquo;attirer de nouveaux clients et de les informer de votre disponibilit\u00e9 pour r\u00e9aliser des ventes ou fournir des services. . Nous proposons des tutoriels sur l\u2019ajout du plugin gratuit d\u2019heures de fonctionnement \u00e0 votre site Web. <ol><li>Lorsque vous avez besoin d&rsquo;int\u00e9grer gratuitement Elfsight Business Hours dans Shopify, visitez le site Web d&rsquo;Elfsight et inscrivez-vous.<\/li> <li>Ajustez le plug-in des heures d&rsquo;ouverture en adaptant son apparence et ses param\u00e8tres en fonction de votre Shopify. style du site Web.<\/li> <li>Apr\u00e8s avoir ajust\u00e9 vos heures d&rsquo;ouverture, copiez le code sp\u00e9cial et collez-le dans le code HTML de votre site Web Shopify, \u00e0 l&rsquo;endroit o\u00f9 vous souhaitez que le plugin soit plac\u00e9. <\/li><\/ol>En int\u00e9grant vos heures d&rsquo;ouverture dans votre Shopify, vous am\u00e9liorerez certainement son attractivit\u00e9 visuelle et fid\u00e9liserez vos visiteurs de mani\u00e8re stable. Profitez gratuitement des avantages des heures d&rsquo;ouverture d&rsquo;Elfsight\u00a0! <\/div>\r\n\t\t\t\t\t<\/div>\r\n\t\t\t\t<\/div><\/div><\/div><div class=\"application-platform-content-item-features application-platform-content-item\" id=\"features\" data-nav-section=\"features\"> <h2>Le widget offre des fonctionnalit\u00e9s pratiques, d\u00e9couvrez-en quelques-unes\u00a0:<\/h2> <ul><li>D\u00e9montrez les performances en temps r\u00e9el de votre organisation status<\/li><li>Configuration facile de la p\u00e9riode de travail<\/li><li>Configuration des jours de f\u00eate<\/li><li>Statut de la situation actuelle<\/li><li>Tableau ins\u00e9rable ou statut compact<\/li><\/ul><p><a href=\"#demo\">Vous pouvez d\u00e9couvrir toutes les fonctionnalit\u00e9s du widget dans la d\u00e9mo d\u00e8s maintenant<\/a><\/p><\/div> <div class=\"application-platform-content-item-installation application-platform-content-item\" id=\"installation\" data-nav-section=\"installation\"> <h2>Comment ajouter des heures ouvrables \u00e0 mon site Web Shopify\u00a0?<\/h2> <p>Suivez simplement quelques \u00e9tapes d\u00e9crites ci-dessous pour int\u00e9grer le plugin \u00e0 vos horaires de travail.<\/p> <ol><li><b> Lancez notre \u00e9diteur et commencez \u00e0 cr\u00e9er votre plugin no-code unique.<\/b><br> Choisissez le design et les caract\u00e9ristiques fonctionnelles s\u00e9lectionn\u00e9s du plugin et enregistrez les modifications. <\/li> <li><b>Acqu\u00e9rir le code individuel affich\u00e9 dans la fen\u00eatre des applications Elfsight.<\/b><br> Juste apr\u00e8s la cr\u00e9ation de votre solution personnelle sans code, copiez le code personnel dans le champ qui appara\u00eet. pop-up et enregistrez-le pour un besoin ult\u00e9rieur. <\/li> <li><b>Entrez pour utiliser l&rsquo;application sur le site Web Shopify.<\/b><br> Collez le code que vous avez r\u00e9cemment enregistr\u00e9 sur votre page d&rsquo;accueil et appliquez les modifications. <\/li> <li><b>Fait\u00a0! L&rsquo;int\u00e9gration de vos heures d&rsquo;ouverture sans code est termin\u00e9e avec succ\u00e8s.<\/b><br> Visitez votre site Web pour examiner le travail du plugin d&rsquo;heures d&rsquo;ouverture ajout\u00e9. <\/li><\/ol> <p>En cas de demandes de renseignements ou de probl\u00e8mes, veuillez contacter notre \u00e9quipe de service client. Nos collaborateurs ont h\u00e2te de vous aider avec toutes les questions que vous pourriez avoir avec le plugin pour Shopify.<\/p> <\/div>","protected":false},"excerpt":{"rendered":"","protected":false},"author":9,"featured_media":0,"parent":7324,"menu_order":0,"comment_status":"closed","ping_status":"closed","template":"templates\/template-application-platform.php","meta":{"publish_to_discourse":"","publish_post_category":"","wpdc_auto_publish_overridden":"","wpdc_topic_tags":"","wpdc_pin_topic":"","wpdc_pin_until":"","discourse_post_id":"","discourse_permalink":"","wpdc_publishing_response":"","wpdc_publishing_error":"","footnotes":""},"class_list":["post-8306","page","type-page","status-publish","hentry"],"yoast_head":"<!-- This site is optimized with the Yoast SEO plugin v25.3.1 - https:\/\/yoast.com\/wordpress\/plugins\/seo\/ -->\n<title>Ajouter des heures de travail \u00e0 Shopify - Int\u00e9grer les heures de travail dans le site Web<\/title>\n<meta name=\"description\" content=\"Int\u00e9grez un widget d&#039;heures de travail personnalisable dans Shopify pour pr\u00e9senter l&#039;\u00e9tat de votre activit\u00e9. Cr\u00e9ez vos propres heures d&#039;activit\u00e9 \u00e0 l&#039;aide de la d\u00e9mo.\" \/>\n<meta name=\"robots\" content=\"index, follow, max-snippet:-1, max-image-preview:large, max-video-preview:-1\" \/>\n<link rel=\"canonical\" href=\"https:\/\/elfsight.com\/fr\/business-hours-widget\/shopify\/\" \/>\n<meta property=\"og:locale\" content=\"fr_FR\" \/>\n<meta property=\"og:type\" content=\"article\" \/>\n<meta property=\"og:title\" content=\"Ajouter des heures de travail \u00e0 Shopify - Int\u00e9grer les heures de travail dans le site Web\" \/>\n<meta property=\"og:description\" content=\"Int\u00e9grez un widget d&#039;heures de travail personnalisable dans Shopify pour pr\u00e9senter l&#039;\u00e9tat de votre activit\u00e9. Cr\u00e9ez vos propres heures d&#039;activit\u00e9 \u00e0 l&#039;aide de la d\u00e9mo.\" \/>\n<meta property=\"og:url\" content=\"https:\/\/elfsight.com\/fr\/business-hours-widget\/shopify\/\" \/>\n<meta property=\"og:site_name\" content=\"Elfsight FR\" \/>\n<meta property=\"article:modified_time\" content=\"2025-07-09T16:57:28+00:00\" \/>\n<meta name=\"twitter:card\" content=\"summary_large_image\" \/>\n<meta name=\"twitter:label1\" content=\"Dur\u00e9e de lecture estim\u00e9e\" \/>\n\t<meta name=\"twitter:data1\" content=\"5 minutes\" \/>\n<!-- \/ Yoast SEO plugin. -->","yoast_head_json":{"title":"Ajouter des heures de travail \u00e0 Shopify - Int\u00e9grer les heures de travail dans le site Web","description":"Int\u00e9grez un widget d'heures de travail personnalisable dans Shopify pour pr\u00e9senter l'\u00e9tat de votre activit\u00e9. Cr\u00e9ez vos propres heures d'activit\u00e9 \u00e0 l'aide de la d\u00e9mo.","robots":{"index":"index","follow":"follow","max-snippet":"max-snippet:-1","max-image-preview":"max-image-preview:large","max-video-preview":"max-video-preview:-1"},"canonical":"https:\/\/elfsight.com\/fr\/business-hours-widget\/shopify\/","og_locale":"fr_FR","og_type":"article","og_title":"Ajouter des heures de travail \u00e0 Shopify - Int\u00e9grer les heures de travail dans le site Web","og_description":"Int\u00e9grez un widget d'heures de travail personnalisable dans Shopify pour pr\u00e9senter l'\u00e9tat de votre activit\u00e9. Cr\u00e9ez vos propres heures d'activit\u00e9 \u00e0 l'aide de la d\u00e9mo.","og_url":"https:\/\/elfsight.com\/fr\/business-hours-widget\/shopify\/","og_site_name":"Elfsight FR","article_modified_time":"2025-07-09T16:57:28+00:00","twitter_card":"summary_large_image","twitter_misc":{"Dur\u00e9e de lecture estim\u00e9e":"5 minutes"},"schema":{"@context":"https:\/\/schema.org","@graph":[{"@type":"WebPage","@id":"https:\/\/elfsight.com\/fr\/business-hours-widget\/shopify\/","url":"https:\/\/elfsight.com\/fr\/business-hours-widget\/shopify\/","name":"Ajouter des heures de travail \u00e0 Shopify - Int\u00e9grer les heures de travail dans le site Web","isPartOf":{"@id":"https:\/\/elfsight.com\/fr\/#website"},"datePublished":"2024-05-03T06:31:15+00:00","dateModified":"2025-07-09T16:57:28+00:00","description":"Int\u00e9grez un widget d'heures de travail personnalisable dans Shopify pour pr\u00e9senter l'\u00e9tat de votre activit\u00e9. Cr\u00e9ez vos propres heures d'activit\u00e9 \u00e0 l'aide de la d\u00e9mo.","breadcrumb":{"@id":"https:\/\/elfsight.com\/fr\/business-hours-widget\/shopify\/#breadcrumb"},"inLanguage":"fr-FR","potentialAction":[{"@type":"ReadAction","target":["https:\/\/elfsight.com\/fr\/business-hours-widget\/shopify\/"]}]},{"@type":"BreadcrumbList","@id":"https:\/\/elfsight.com\/fr\/business-hours-widget\/shopify\/#breadcrumb","itemListElement":[{"@type":"ListItem","position":1,"name":"Home","item":"https:\/\/elfsight.com\/fr\/"},{"@type":"ListItem","position":2,"name":"Business Hours","item":"https:\/\/elfsight.com\/fr\/business-hours-widget\/"},{"@type":"ListItem","position":3,"name":"Business Hours &#8211; Shopify"}]},{"@type":"WebSite","@id":"https:\/\/elfsight.com\/fr\/#website","url":"https:\/\/elfsight.com\/fr\/","name":"Elfsight FR","description":"","potentialAction":[{"@type":"SearchAction","target":{"@type":"EntryPoint","urlTemplate":"https:\/\/elfsight.com\/fr\/?s={search_term_string}"},"query-input":{"@type":"PropertyValueSpecification","valueRequired":true,"valueName":"search_term_string"}}],"inLanguage":"fr-FR"}]}},"meta_box":{"industry":"","seo_heading":"","heading":"","description":"","cta_heading":"","cta_description":"","application":"7314","h1":"Heures d'ouverture de Shopify","h1_caption":"Affichez vos heures d'ouverture dans un format clair et attrayant pour informer les visiteurs de votre disponibilit\u00e9 sur votre site Shopify sans effort.","application_category":[],"applications_title":"","applications_request_title":"","applications_request_button_text":"","hero_text":"","hero_video":"","hero_video_schema_markup":"","selling_points_title":"","selling_points_caption":"","selling_points":[],"selling_points_cta_text":"","features_title":"","features":"","ed_cta_examples_text":"","ed_cta_examples_hidden":"","ed_cta_demo_text":"","ed_cta_demo_hidden":"","why_caption":"","why_editor_title":"","why_editor_text":"","why_team_title":"","why_team_text":"","why_service_title":"","why_service_text":"","template_catalog_visible":"","template_catalog_title":"","template_catalog_text":"","template_catalog_categories_visible":"","demo_title":"Cr\u00e9ez votre application Horaires d'ouverture","demo_caption":"Configurez vos heures d'ouverture et ajoutez-le \u00e0 votre site Web Shopify gratuitement\u00a0!","default_faq_hidden":"","app_template_category":[],"platform":"360","template_public_id":"","codecanyon_url":"","codecanyon_item_id":"","codecanyon_price":"","pricing_caption":"","pricing_elfsight_apps_hide_column":"","pricing_elfsight_apps_url":"","pricing_codecanyon_price_caption":"","integration_category":[],"integration_request_title":"","integration_request_cta":"","integration_platform":"","integrations":[],"platform_category":[],"video_schema_markup":"","price":"\u00e0 partir de 0$ \/ mois","trial":"","benefits":[{"text":"Service d'installation gratuit"},{"text":"Assistance premium"},{"text":"Garantie de remboursement de 14 jours"},{"text":"Mises \u00e0 jour gratuites \u00e0 vie"}],"button_url":"#demo","button_target_blank":"","button_nofollow":"","attributes":[{"name":"Installations","content":"10,000 - 100,000"},{"name":"Sensible","content":"Oui"},{"name":"Navigateurs compatibles","content":"Firefox, Safari, Opera, Chrome, Edge"}],"tags":[],"tags_disable_links":"","hide_more_platforms":"","video_object":"","demo_hide_cta":"","demo_hide_cloud_options":"","pricing_title":"","pricing":[{"pricing_icon":"platform","pricing_title":"Elfsight Apps","pricing_title_caption":"Solution ind\u00e9pendante de la plate-forme qui convient \u00e0 n'importe quel site Web","pricing_price":"from $0 \/ month","pricing_price_caption":"commencez avec un forfait gratuit","pricing_benefits":[{"text":"Sites Web illimit\u00e9s"},{"text":"Assistance client haut de gamme"},{"text":"Assistance \u00e0 l'installation gratuite"},{"text":"100% personnalisable"}],"pricing_button_text":"Ajouter au site Web","pricing_button_url":"#demo"}],"related_apps_title":"","related_apps_hidden":"","author":"","image":[],"title":"","job":"","social_networks":[]},"_links":{"self":[{"href":"https:\/\/elfsight.com\/fr\/wp-json\/wp\/v2\/pages\/8306","targetHints":{"allow":["GET"]}}],"collection":[{"href":"https:\/\/elfsight.com\/fr\/wp-json\/wp\/v2\/pages"}],"about":[{"href":"https:\/\/elfsight.com\/fr\/wp-json\/wp\/v2\/types\/page"}],"author":[{"embeddable":true,"href":"https:\/\/elfsight.com\/fr\/wp-json\/wp\/v2\/users\/9"}],"replies":[{"embeddable":true,"href":"https:\/\/elfsight.com\/fr\/wp-json\/wp\/v2\/comments?post=8306"}],"version-history":[{"count":1,"href":"https:\/\/elfsight.com\/fr\/wp-json\/wp\/v2\/pages\/8306\/revisions"}],"predecessor-version":[{"id":8310,"href":"https:\/\/elfsight.com\/fr\/wp-json\/wp\/v2\/pages\/8306\/revisions\/8310"}],"up":[{"embeddable":true,"href":"https:\/\/elfsight.com\/fr\/wp-json\/wp\/v2\/pages\/7324"}],"wp:attachment":[{"href":"https:\/\/elfsight.com\/fr\/wp-json\/wp\/v2\/media?parent=8306"}],"curies":[{"name":"wp","href":"https:\/\/api.w.org\/{rel}","templated":true}]}}