{"id":8301,"date":"2024-05-03T06:31:14","date_gmt":"2024-05-03T06:31:14","guid":{"rendered":"https:\/\/elfsight.com\/fr\/?page_id=8301"},"modified":"2024-12-23T12:44:20","modified_gmt":"2024-12-23T12:44:20","slug":"webflow","status":"publish","type":"page","link":"https:\/\/elfsight.com\/fr\/business-hours-widget\/webflow\/","title":{"rendered":"Business Hours &#8211; Webflow"},"content":{"rendered":"\n<div class=\"application-platform-content-item-description application-platform-content-item\" id=\"description\" data-nav-section=\"description\">\n  <h2>Int\u00e9grer les heures ouvrables sur Webflow avec un widget Elfsight<\/h2>\n  <p>Elfsight Business Hours pour Webflow est un widget sans code simple et efficace qui vous permet de cr\u00e9er une carte de visite attrayante contenant les informations essentielles sur vos horaires de travail. Vous pouvez partager votre disponibilit\u00e9 et faciliter les contacts avec votre public. Le widget vous permet de concevoir des \u00e9l\u00e9ments visuels pratiques pour que vos clients puissent rapidement trouver les informations dont ils ont besoin, que ce soit de mani\u00e8re succincte ou d\u00e9taill\u00e9e.<\/p>\n  <p>Ce widget propose plusieurs mod\u00e8les, afin que vous puissiez choisir l&rsquo;option la plus adapt\u00e9e \u00e0 votre site. Chaque mod\u00e8le offre divers param\u00e8tres vous permettant de cr\u00e9er un widget personnalis\u00e9 avec des options telles que des boutons de r\u00e9servation, qui stimulent les ventes. Int\u00e9grer vos heures de travail et vos informations de contact sur vos pages est extr\u00eamement simple avec Elfsight, gr\u00e2ce \u00e0 des tutoriels et des instructions claires. Tout \u00e9diteur de site Web peut cr\u00e9er et ajouter gratuitement le widget des heures d&rsquo;ouverture sans avoir besoin de coder.<\/p>\n  <p><strong>Ajoutez les d\u00e9tails de votre entreprise \u00e0 votre site Web pour augmenter les ventes et renforcer la cr\u00e9dibilit\u00e9 aupr\u00e8s des clients. Affichez facilement les informations cl\u00e9s concernant votre activit\u00e9 professionnelle.<\/strong><\/p>\n  <p>Avec ce widget int\u00e9gr\u00e9 \u00e0 votre site Web Webflow, vous pouvez informer vos clients sur votre activit\u00e9 et ainsi g\u00e9n\u00e9rer plus de ventes. Voici quelques-uns des principaux avantages apr\u00e8s avoir ajout\u00e9 le widget d&rsquo;heures d&rsquo;ouverture sans code \u00e0 votre site :<\/p>\n  <ul>\n    <li><strong>Permettez \u00e0 vos clients d&rsquo;\u00eatre toujours \u00e0 l&rsquo;heure.<\/strong> Augmentez les ventes en \u00e9tant facilement disponible pendant vos heures d&rsquo;ouverture. Les visiteurs de votre site verront vos horaires et seront plus enclins \u00e0 effectuer un achat lorsqu&rsquo;ils sauront que vous \u00eates disponible.<\/li>\n    <li><strong>\u00c9vitez les malentendus sur vos horaires de travail.<\/strong> En affichant clairement vos heures d&rsquo;ouverture sur votre site, vous facilitez la planification des visites et des commandes pour vos clients, renfor\u00e7ant ainsi leur confiance dans votre entreprise.<\/li>\n    <li><strong>Partagez vos informations de contact de mani\u00e8re visible.<\/strong> L&rsquo;ajout de vos informations de contact dans le widget d&rsquo;heures d&rsquo;ouverture vous permet de communiquer facilement avec vos clients, ce qui am\u00e9liore les ventes. Montrez-leur que vous \u00eates pr\u00eat \u00e0 r\u00e9pondre \u00e0 leurs questions, ce qui favorisera leur fid\u00e9lit\u00e9.<\/li>\n  <\/ul>\n<\/div>\n\n<h2>Questions fr\u00e9quentes<\/h2>\n<div class=\"faq\" data-component=\"FAQ\">\n  <div class=\"faq-item\">\r\n\t\t\t\t\t<div class=\"faq-item-question\">\r\n\t\t\t\t\t\t<h3 class=\"faq-item-question-text\">Existe-t-il d'autres plugins pour Webflow que je peux utiliser sur mon site Web ?<\/h3>\r\n\r\n\t\t\t\t\t\t<div class=\"faq-item-question-icon\"><\/div>\r\n\t\t\t\t\t<\/div>\r\n\r\n\t\t\t\t\t<div class=\"faq-item-answer\">\r\n\t\t\t\t\t\t<div class=\"faq-item-answer-text\">\n    <p>Nous proposons de nombreux autres plugins pour atteindre vos objectifs sur Webflow et augmenter vos ventes. Par exemple :<\/p>\n    <ul>\n      <li><a href=\"https:\/\/elfsight.com\/google-reviews-widget\/webflow\/\" target=\"_blank\" rel=\"noopener\">Avis Google<\/a><\/li>\n      <li><a href=\"https:\/\/elfsight.com\/whatsapp-chat-widget\/webflow\/\" target=\"_blank\" rel=\"noopener\">Chat WhatsApp<\/a><\/li>\n      <li><a href=\"https:\/\/elfsight.com\/event-calendar-widget\/webflow\/\" target=\"_blank\" rel=\"noopener\">Calendrier des \u00e9v\u00e9nements<\/a><\/li>\n      <li><a href=\"https:\/\/elfsight.com\/countdown-timer-widget\/webflow\/\" target=\"_blank\" rel=\"noopener\">Compte \u00e0 rebours<\/a><\/li>\n      <li><a href=\"https:\/\/elfsight.com\/qr-code-widget\/webflow\/\" target=\"_blank\" rel=\"noopener\">QR Code<\/a><\/li>\n    <\/ul>\n  <\/div>\r\n\t\t\t\t\t<\/div>\r\n\t\t\t\t<\/div>\n  <div class=\"faq-item\">\r\n\t\t\t\t\t<div class=\"faq-item-question\">\r\n\t\t\t\t\t\t<h3 class=\"faq-item-question-text\">Comment puis-je b\u00e9n\u00e9ficier des heures ouvrables sur Webflow ?<\/h3>\r\n\r\n\t\t\t\t\t\t<div class=\"faq-item-question-icon\"><\/div>\r\n\t\t\t\t\t<\/div>\r\n\r\n\t\t\t\t\t<div class=\"faq-item-answer\">\r\n\t\t\t\t\t\t<div class=\"faq-item-answer-text\">\n    <p>Il existe de nombreuses fa\u00e7ons d&rsquo;am\u00e9liorer les performances de votre site avec le plugin Business Hours. Avec les mod\u00e8les Elfsight pour ce plugin, vous pouvez cr\u00e9er une solution personnalis\u00e9e adapt\u00e9e \u00e0 vos besoins. Vous pouvez afficher des informations d\u00e9taill\u00e9es sur vos horaires de travail et les moyens de vous contacter, ou int\u00e9grer un petit widget de statut. En cr\u00e9ant des fiches de contact et en les ajoutant aux sections appropri\u00e9es de votre site Web, vous attirerez l&rsquo;attention des visiteurs et les informerez sur vos services, ce qui pourra augmenter vos ventes.<\/p>\n  <\/div>\r\n\t\t\t\t\t<\/div>\r\n\t\t\t\t<\/div>\n  <div class=\"faq-item\">\r\n\t\t\t\t\t<div class=\"faq-item-question\">\r\n\t\t\t\t\t\t<h3 class=\"faq-item-question-text\">Comment ajouter gratuitement le plugin Business Hours \u00e0 mon site Web Webflow ?<\/h3>\r\n\r\n\t\t\t\t\t\t<div class=\"faq-item-question-icon\"><\/div>\r\n\t\t\t\t\t<\/div>\r\n\r\n\t\t\t\t\t<div class=\"faq-item-answer\">\r\n\t\t\t\t\t\t<div class=\"faq-item-answer-text\">\n    <p>Ajouter le plugin Business Hours \u00e0 votre site Web Webflow est une excellente mani\u00e8re de communiquer avec vos visiteurs et de les informer de vos horaires et de votre statut. Voici un guide rapide pour ajouter le plugin \u00e0 votre site Web :<\/p>\n    <ol>\n      <li><strong>Cr\u00e9ez un compte sur Elfsight.<\/strong> Acc\u00e9dez au site Web Elfsight et inscrivez-vous.<\/li>\n      <li><strong>Personnalisez votre plugin Business Hours gratuitement.<\/strong> Ajustez l&rsquo;apparence et les param\u00e8tres du plugin pour qu&rsquo;ils s&rsquo;int\u00e8grent parfaitement \u00e0 votre th\u00e8me Webflow.<\/li>\n      <li><strong>Copiez le code d&rsquo;int\u00e9gration fourni.<\/strong> Apr\u00e8s avoir configur\u00e9 le plugin selon vos pr\u00e9f\u00e9rences, copiez le code d&rsquo;int\u00e9gration fourni et collez-le dans le code HTML de votre site Web Webflow \u00e0 l&rsquo;endroit o\u00f9 vous souhaitez afficher le widget.<\/li>\n    <\/ol>\n    <p>En int\u00e9grant vos heures d&rsquo;ouverture \u00e0 votre site Web Webflow, vous am\u00e9liorerez l&rsquo;attractivit\u00e9 visuelle de votre site et encouragerez une interaction continue avec vos visiteurs. Profitez gratuitement des avantages du widget Business Hours d&rsquo;Elfsight !<\/p>\n  <\/div>\r\n\t\t\t\t\t<\/div>\r\n\t\t\t\t<\/div>\n<\/div>\n\n<div class=\"application-platform-content-item-features application-platform-content-item\" id=\"features\" data-nav-section=\"features\">\n  <h2>Fonctionnalit\u00e9s utiles et simples :<\/h2>\n  <ul>\n    <li>Affichage de l&rsquo;\u00e9tat actuel de votre organisation<\/li>\n    <li>Configuration simple du calendrier<\/li>\n    <li>Gestion des occasions sp\u00e9ciales<\/li>\n    <li>Affichage du statut en temps r\u00e9el<\/li>\n    <li>Mode graphique ins\u00e9rable ou compact pour \u00e9conomiser de l&rsquo;espace<\/li>\n  <\/ul>\n  <p><a href=\"#demo\">Essayez toutes les fonctionnalit\u00e9s dans une d\u00e9mo enti\u00e8rement fonctionnelle<\/a><\/p>\n<\/div>\n\n<div class=\"application-platform-content-item-installation application-platform-content-item\" id=\"installation\" data-nav-section=\"installation\">\n  <h2>Comment ajouter le plugin Business Hours \u00e0 mon site Web Webflow ?<\/h2>\n  <p>Suivez ces \u00e9tapes simples pour ins\u00e9rer le plugin sur votre site Web Webflow :<\/p>\n  <ol>\n    <li><strong>Utilisez notre configurateur pour cr\u00e9er votre plugin personnalis\u00e9.<\/strong><br> S\u00e9lectionnez le mod\u00e8le et les fonctionnalit\u00e9s appropri\u00e9es pour votre widget et appliquez les modifications n\u00e9cessaires.<\/li>\n    <li><strong>Obtenez le code d&rsquo;int\u00e9gration.<\/strong><br> Une fois la personnalisation termin\u00e9e, copiez le code d&rsquo;int\u00e9gration fourni dans la fen\u00eatre Elfsight Apps.<\/li>\n    <li><strong>Int\u00e9grez le plugin sur votre site Web Webflow.<\/strong><br> Collez le code copi\u00e9 \u00e0 l&rsquo;endroit voulu sur votre page et enregistrez les modifications.<\/li>\n    <li><strong>Termin\u00e9 !<\/strong><br> Votre widget d&rsquo;heures d&rsquo;ouverture est maintenant int\u00e9gr\u00e9. Acc\u00e9dez \u00e0 votre site pour voir le widget en action.<\/li>\n  <\/ol>\n  <p>Si vous rencontrez des probl\u00e8mes, n&rsquo;h\u00e9sitez pas \u00e0 contacter notre \u00e9quipe d&rsquo;assistance. Nous serons ravis de vous aider \u00e0 r\u00e9soudre tout probl\u00e8me li\u00e9 \u00e0 l&rsquo;int\u00e9gration du plugin sur Webflow.<\/p>\n<\/div>\n\n","protected":false},"excerpt":{"rendered":"Questions fr\u00e9quentes","protected":false},"author":9,"featured_media":0,"parent":7324,"menu_order":0,"comment_status":"closed","ping_status":"closed","template":"templates\/template-application-platform.php","meta":{"publish_to_discourse":"","publish_post_category":"","wpdc_auto_publish_overridden":"","wpdc_topic_tags":"","wpdc_pin_topic":"","wpdc_pin_until":"","discourse_post_id":"","discourse_permalink":"","wpdc_publishing_response":"","wpdc_publishing_error":"","footnotes":""},"class_list":["post-8301","page","type-page","status-publish","hentry"],"yoast_head":"<!-- This site is optimized with the Yoast SEO plugin v25.3.1 - https:\/\/yoast.com\/wordpress\/plugins\/seo\/ -->\n<title>Ajouter des heures de travail \u00e0 Webflow - Int\u00e9grer les heures de travail sur le site Web<\/title>\n<meta name=\"description\" content=\"Int\u00e9grez un widget d&#039;heures ouvrables personnalisable dans Webflow pour pr\u00e9senter le statut de votre entreprise. Formez votre solution personnelle dans la d\u00e9mo.\" \/>\n<meta name=\"robots\" content=\"index, follow, max-snippet:-1, max-image-preview:large, max-video-preview:-1\" \/>\n<link rel=\"canonical\" href=\"https:\/\/elfsight.com\/fr\/business-hours-widget\/webflow\/\" \/>\n<meta property=\"og:locale\" content=\"fr_FR\" \/>\n<meta property=\"og:type\" content=\"article\" \/>\n<meta property=\"og:title\" content=\"Ajouter des heures de travail \u00e0 Webflow - Int\u00e9grer les heures de travail sur le site Web\" \/>\n<meta property=\"og:description\" content=\"Int\u00e9grez un widget d&#039;heures ouvrables personnalisable dans Webflow pour pr\u00e9senter le statut de votre entreprise. Formez votre solution personnelle dans la d\u00e9mo.\" \/>\n<meta property=\"og:url\" content=\"https:\/\/elfsight.com\/fr\/business-hours-widget\/webflow\/\" \/>\n<meta property=\"og:site_name\" content=\"Elfsight FR\" \/>\n<meta property=\"article:modified_time\" content=\"2024-12-23T12:44:20+00:00\" \/>\n<meta name=\"twitter:card\" content=\"summary_large_image\" \/>\n<meta name=\"twitter:label1\" content=\"Dur\u00e9e de lecture estim\u00e9e\" \/>\n\t<meta name=\"twitter:data1\" content=\"5 minutes\" \/>\n<!-- \/ Yoast SEO plugin. -->","yoast_head_json":{"title":"Ajouter des heures de travail \u00e0 Webflow - Int\u00e9grer les heures de travail sur le site Web","description":"Int\u00e9grez un widget d'heures ouvrables personnalisable dans Webflow pour pr\u00e9senter le statut de votre entreprise. Formez votre solution personnelle dans la d\u00e9mo.","robots":{"index":"index","follow":"follow","max-snippet":"max-snippet:-1","max-image-preview":"max-image-preview:large","max-video-preview":"max-video-preview:-1"},"canonical":"https:\/\/elfsight.com\/fr\/business-hours-widget\/webflow\/","og_locale":"fr_FR","og_type":"article","og_title":"Ajouter des heures de travail \u00e0 Webflow - Int\u00e9grer les heures de travail sur le site Web","og_description":"Int\u00e9grez un widget d'heures ouvrables personnalisable dans Webflow pour pr\u00e9senter le statut de votre entreprise. Formez votre solution personnelle dans la d\u00e9mo.","og_url":"https:\/\/elfsight.com\/fr\/business-hours-widget\/webflow\/","og_site_name":"Elfsight FR","article_modified_time":"2024-12-23T12:44:20+00:00","twitter_card":"summary_large_image","twitter_misc":{"Dur\u00e9e de lecture estim\u00e9e":"5 minutes"},"schema":{"@context":"https:\/\/schema.org","@graph":[{"@type":"WebPage","@id":"https:\/\/elfsight.com\/fr\/business-hours-widget\/webflow\/","url":"https:\/\/elfsight.com\/fr\/business-hours-widget\/webflow\/","name":"Ajouter des heures de travail \u00e0 Webflow - Int\u00e9grer les heures de travail sur le site Web","isPartOf":{"@id":"https:\/\/elfsight.com\/fr\/#website"},"datePublished":"2024-05-03T06:31:14+00:00","dateModified":"2024-12-23T12:44:20+00:00","description":"Int\u00e9grez un widget d'heures ouvrables personnalisable dans Webflow pour pr\u00e9senter le statut de votre entreprise. Formez votre solution personnelle dans la d\u00e9mo.","breadcrumb":{"@id":"https:\/\/elfsight.com\/fr\/business-hours-widget\/webflow\/#breadcrumb"},"inLanguage":"fr-FR","potentialAction":[{"@type":"ReadAction","target":["https:\/\/elfsight.com\/fr\/business-hours-widget\/webflow\/"]}]},{"@type":"BreadcrumbList","@id":"https:\/\/elfsight.com\/fr\/business-hours-widget\/webflow\/#breadcrumb","itemListElement":[{"@type":"ListItem","position":1,"name":"Home","item":"https:\/\/elfsight.com\/fr\/"},{"@type":"ListItem","position":2,"name":"Business Hours","item":"https:\/\/elfsight.com\/fr\/business-hours-widget\/"},{"@type":"ListItem","position":3,"name":"Business Hours &#8211; Webflow"}]},{"@type":"WebSite","@id":"https:\/\/elfsight.com\/fr\/#website","url":"https:\/\/elfsight.com\/fr\/","name":"Elfsight FR","description":"","potentialAction":[{"@type":"SearchAction","target":{"@type":"EntryPoint","urlTemplate":"https:\/\/elfsight.com\/fr\/?s={search_term_string}"},"query-input":{"@type":"PropertyValueSpecification","valueRequired":true,"valueName":"search_term_string"}}],"inLanguage":"fr-FR"}]}},"meta_box":{"industry":"","seo_heading":"","heading":"","description":"","cta_heading":"","cta_description":"","application":"7314","h1":"Widget Heures d'ouverture Webflow","h1_caption":"Affichez vos heures d'ouverture dans un format clair et attrayant pour informer les visiteurs de votre disponibilit\u00e9 sur votre site Web Webflow sans effort.","application_category":[],"applications_title":"","applications_request_title":"","applications_request_button_text":"","hero_text":"","hero_video":"","hero_video_schema_markup":"","selling_points_title":"","selling_points_caption":"","selling_points":[],"selling_points_cta_text":"","features_title":"","features":"","ed_cta_examples_text":"","ed_cta_examples_hidden":"","ed_cta_demo_text":"","ed_cta_demo_hidden":"","why_caption":"","why_editor_title":"","why_editor_text":"","why_team_title":"","why_team_text":"","why_service_title":"","why_service_text":"","template_catalog_visible":"0","template_catalog_title":"","template_catalog_text":"","template_catalog_categories_visible":"","demo_title":"Cr\u00e9ez votre widget Heures d'ouverture","demo_caption":"Configurez vos heures d'ouverture et ajoutez-les gratuitement \u00e0 votre site Web Webflow\u00a0!","default_faq_hidden":"","app_template_category":[],"platform":"362","template_public_id":"","codecanyon_url":"","codecanyon_item_id":"","codecanyon_price":"","pricing_caption":"","pricing_elfsight_apps_hide_column":"","pricing_elfsight_apps_url":"","pricing_codecanyon_price_caption":"","integration_category":[],"integration_request_title":"","integration_request_cta":"","integration_platform":"","integrations":[],"platform_category":[],"video_schema_markup":"","price":"\u00e0 partir de 0$ \/ mois","trial":"","benefits":[{"text":"Aide \u00e0 l'installation gratuite"},{"text":"Assistance premium"},{"text":"Garantie de remboursement de 14 jours"},{"text":"Mise \u00e0 jour gratuite r\u00e9guli\u00e8re"}],"button_url":"#demo","button_target_blank":"0","button_nofollow":"0","attributes":[{"name":"Installations","content":"10,000 - 100,000"},{"name":"Sensible","content":"Oui"},{"name":"Navigateurs compatibles","content":"Firefox, Safari, Opera, Chrome, Edge"}],"tags":[],"tags_disable_links":"0","hide_more_platforms":"","video_object":"","demo_hide_cta":"0","demo_hide_cloud_options":"0","pricing_title":"","pricing":[{"pricing_icon":"platform","pricing_title":"Elfsight Apps","pricing_title_caption":"Logiciel multiplateforme qui fonctionne sur n'importe quel site Web","pricing_price":"from $0 \/ month","pricing_price_caption":"commencez avec un forfait gratuit","pricing_benefits":[{"text":"Sites Web illimit\u00e9s"},{"text":"Assistance client 24h\/24 et 7j\/7"},{"text":"Service d'installation gratuit"},{"text":"100% personnalisable"}],"pricing_button_text":"Ajouter au site Web","pricing_button_url":"#demo"}],"related_apps_title":"","related_apps_hidden":"0","author":"","image":[],"title":"","job":"","social_networks":[]},"_links":{"self":[{"href":"https:\/\/elfsight.com\/fr\/wp-json\/wp\/v2\/pages\/8301","targetHints":{"allow":["GET"]}}],"collection":[{"href":"https:\/\/elfsight.com\/fr\/wp-json\/wp\/v2\/pages"}],"about":[{"href":"https:\/\/elfsight.com\/fr\/wp-json\/wp\/v2\/types\/page"}],"author":[{"embeddable":true,"href":"https:\/\/elfsight.com\/fr\/wp-json\/wp\/v2\/users\/9"}],"replies":[{"embeddable":true,"href":"https:\/\/elfsight.com\/fr\/wp-json\/wp\/v2\/comments?post=8301"}],"version-history":[{"count":2,"href":"https:\/\/elfsight.com\/fr\/wp-json\/wp\/v2\/pages\/8301\/revisions"}],"predecessor-version":[{"id":16029,"href":"https:\/\/elfsight.com\/fr\/wp-json\/wp\/v2\/pages\/8301\/revisions\/16029"}],"up":[{"embeddable":true,"href":"https:\/\/elfsight.com\/fr\/wp-json\/wp\/v2\/pages\/7324"}],"wp:attachment":[{"href":"https:\/\/elfsight.com\/fr\/wp-json\/wp\/v2\/media?parent=8301"}],"curies":[{"name":"wp","href":"https:\/\/api.w.org\/{rel}","templated":true}]}}