{"id":8298,"date":"2024-05-03T06:31:11","date_gmt":"2024-05-03T06:31:11","guid":{"rendered":"https:\/\/elfsight.com\/fr\/?page_id=8298"},"modified":"2024-12-23T12:49:46","modified_gmt":"2024-12-23T12:49:46","slug":"joomla","status":"publish","type":"page","link":"https:\/\/elfsight.com\/fr\/business-hours-widget\/joomla\/","title":{"rendered":"Business Hours &#8211; Joomla"},"content":{"rendered":"\n<div class=\"application-platform-content-item-description application-platform-content-item\" id=\"description\" data-nav-section=\"description\">\n  <h2>Int\u00e9grer les heures d&rsquo;ouverture sur Joomla avec une extension Elfsight<\/h2>\n  <p>Elfsight Business Hours pour Joomla est un widget sans code simple et efficace qui vous permet d&rsquo;afficher une carte de visite \u00e9l\u00e9gante avec les informations essentielles concernant votre activit\u00e9. Vous pouvez afficher votre statut de disponibilit\u00e9 actuel et permettre \u00e0 vos clients de vous contacter facilement. Le widget est con\u00e7u pour offrir une pr\u00e9sentation pratique, permettant aux clients de trouver rapidement toutes les informations dont ils ont besoin, que ce soit de mani\u00e8re succincte ou d\u00e9taill\u00e9e.<\/p>\n  <p>Ce widget polyvalent propose plusieurs mod\u00e8les, vous permettant de choisir l&rsquo;option la plus adapt\u00e9e \u00e0 votre site Web. Chaque mod\u00e8le dispose de param\u00e8tres personnalisables, vous permettant de cr\u00e9er une solution sur mesure, avec des fonctionnalit\u00e9s telles que des boutons d&rsquo;appel \u00e0 l&rsquo;action (CTA) pour stimuler les ventes. L&rsquo;int\u00e9gration des heures d&rsquo;ouverture et des informations de contact sur votre site est simple gr\u00e2ce aux didacticiels clairs d&rsquo;Elfsight. Tout utilisateur peut facilement cr\u00e9er et ajouter le widget Business Hours sans code.<\/p>\n  <p><strong>Ajoutez des informations cl\u00e9s sur votre entreprise \u00e0 votre site Web pour am\u00e9liorer les ventes et la satisfaction des clients. Partagez clairement les informations essentielles sur votre statut de travail \u00e0 l&rsquo;aide de ce widget.<\/strong><\/p>\n  <p>En int\u00e9grant ce widget \u00e0 votre site Joomla, vous pouvez mieux informer vos clients sur votre activit\u00e9 et stimuler vos ventes. D\u00e9couvrez certains des avantages que vous pouvez tirer de l&rsquo;int\u00e9gration des heures d&rsquo;ouverture gratuites :<\/p>\n  <ul>\n    <li><strong>Aidez vos clients \u00e0 \u00eatre toujours \u00e0 l&rsquo;heure.<\/strong> Augmentez vos ventes en \u00e9tant toujours disponible pendant vos heures de travail. Les visiteurs de votre site Web conna\u00eetront vos horaires et seront plus enclins \u00e0 effectuer un achat lorsqu&rsquo;ils sauront que vous \u00eates pr\u00eat \u00e0 les servir.<\/li>\n    <li><strong>\u00c9vitez toute confusion concernant vos horaires de travail.<\/strong> En affichant clairement vos heures d&rsquo;ouverture, vous pourrez \u00e9viter les malentendus et renforcer la fid\u00e9lit\u00e9 de vos clients.<\/li>\n    <li><strong>Partagez vos coordonn\u00e9es de mani\u00e8re claire et accessible.<\/strong> En ajoutant vos informations de contact dans le widget, vous \u00e9tablissez une communication facile avec vos clients, ce qui peut stimuler les ventes. Montrez-leur que vous \u00eates disponible pour r\u00e9pondre \u00e0 leurs questions et pr\u00e9occupations concernant vos produits et services, ce qui favorisera la fid\u00e9lit\u00e9 et l&rsquo;approbation de votre entreprise.<\/li>\n  <\/ul>\n<\/div>\n  <h2>Questions fr\u00e9quentes<\/h2>\n<div class=\"faq\" data-component=\"FAQ\">\n  <div class=\"faq-item\">\r\n\t\t\t\t\t<div class=\"faq-item-question\">\r\n\t\t\t\t\t\t<h3 class=\"faq-item-question-text\">Existe-t-il d'autres plugins pour Joomla que je peux int\u00e9grer \u00e0 mon site Web pour augmenter les ventes ?<\/h3>\r\n\r\n\t\t\t\t\t\t<div class=\"faq-item-question-icon\"><\/div>\r\n\t\t\t\t\t<\/div>\r\n\r\n\t\t\t\t\t<div class=\"faq-item-answer\">\r\n\t\t\t\t\t\t<div class=\"faq-item-answer-text\">\n    <p>Oui, nous proposons plusieurs autres plugins pour Joomla qui vous permettent d&rsquo;atteindre vos objectifs commerciaux et am\u00e9liorer l&rsquo;exp\u00e9rience utilisateur sur votre site. Par exemple :<\/p>\n    <ul>\n      <li><a href=\"https:\/\/elfsight.com\/google-reviews-widget\/joomla\/\" target=\"_blank\" rel=\"noopener\">Avis Google<\/a><\/li>\n      <li><a href=\"https:\/\/elfsight.com\/whatsapp-chat-widget\/joomla\/\" target=\"_blank\" rel=\"noopener\">Chat WhatsApp<\/a><\/li>\n      <li><a href=\"https:\/\/elfsight.com\/event-calendar-widget\/joomla\/\" target=\"_blank\" rel=\"noopener\">Calendrier des \u00e9v\u00e9nements<\/a><\/li>\n      <li><a href=\"https:\/\/elfsight.com\/countdown-timer-widget\/joomla\/\" target=\"_blank\" rel=\"noopener\">Compte \u00e0 rebours<\/a><\/li>\n      <li><a href=\"https:\/\/elfsight.com\/qr-code-widget\/joomla\/\" target=\"_blank\" rel=\"noopener\">QR Code<\/a><\/li>\n    <\/ul>\n  <\/div>\r\n\t\t\t\t\t<\/div>\r\n\t\t\t\t<\/div>\n  <div class=\"faq-item\">\r\n\t\t\t\t\t<div class=\"faq-item-question\">\r\n\t\t\t\t\t\t<h3 class=\"faq-item-question-text\">Comment puis-je utiliser les heures ouvrables sur le site Web Joomla ?<\/h3>\r\n\r\n\t\t\t\t\t\t<div class=\"faq-item-question-icon\"><\/div>\r\n\t\t\t\t\t<\/div>\r\n\r\n\t\t\t\t\t<div class=\"faq-item-answer\">\r\n\t\t\t\t\t\t<div class=\"faq-item-answer-text\">\n    <p>Il existe de nombreuses fa\u00e7ons d&rsquo;am\u00e9liorer les performances de votre site et d&rsquo;augmenter vos ventes en ajoutant le plugin Business Hours. Avec les mod\u00e8les d&rsquo;Elfsight pour ce plugin, vous pouvez cr\u00e9er une solution personnalis\u00e9e adapt\u00e9e \u00e0 vos besoins. Vous pouvez choisir d&rsquo;afficher des informations d\u00e9taill\u00e9es sur vos heures de travail ou int\u00e9grer une petite barre de statut indiquant votre disponibilit\u00e9. Vous pouvez \u00e9galement cr\u00e9er des fiches de contact avec votre plugin Business Hours et les ajouter aux pages pertinentes de votre site Web pour attirer l&rsquo;attention des visiteurs.<\/p>\n  <\/div>\r\n\t\t\t\t\t<\/div>\r\n\t\t\t\t<\/div>\n  <div class=\"faq-item\">\r\n\t\t\t\t\t<div class=\"faq-item-question\">\r\n\t\t\t\t\t\t<h3 class=\"faq-item-question-text\">Comment int\u00e9grer gratuitement les heures d'ouverture dans les sites Web Joomla ?<\/h3>\r\n\r\n\t\t\t\t\t\t<div class=\"faq-item-question-icon\"><\/div>\r\n\t\t\t\t\t<\/div>\r\n\r\n\t\t\t\t\t<div class=\"faq-item-answer\">\r\n\t\t\t\t\t\t<div class=\"faq-item-answer-text\">\n    <p>Int\u00e9grer le plugin Business Hours dans votre site Joomla est un excellent moyen d&rsquo;informer vos clients de vos horaires d&rsquo;ouverture et de votre disponibilit\u00e9 pour vendre ou fournir des services. Voici les \u00e9tapes simples pour ajouter le plugin d&rsquo;heures d&rsquo;ouverture sans code \u00e0 votre site :<\/p>\n    <ol>\n      <li><strong>Cr\u00e9ez un compte sur Elfsight.<\/strong> Rendez-vous sur le site d&rsquo;Elfsight et inscrivez-vous pour obtenir un compte.<\/li>\n      <li><strong>Personnalisez le widget Business Hours.<\/strong> Adaptez l&rsquo;apparence et les param\u00e8tres du widget pour qu&rsquo;ils correspondent au design de votre site Joomla.<\/li>\n      <li><strong>Copiez le code d&rsquo;int\u00e9gration.<\/strong> Une fois vos heures d&rsquo;ouverture personnalis\u00e9es, copiez le code g\u00e9n\u00e9r\u00e9 et collez-le dans le code HTML de votre site Joomla, \u00e0 l&rsquo;endroit o\u00f9 vous souhaitez afficher le widget.<\/li>\n    <\/ol>\n    <p>En ajoutant le widget d&rsquo;heures d&rsquo;ouverture \u00e0 votre site Web Joomla, vous am\u00e9liorerez son attrait visuel et fid\u00e9liserez vos clients. Profitez des avantages du widget Business Hours d&rsquo;Elfsight, sans frais !<\/p>\n  <\/div>\r\n\t\t\t\t\t<\/div>\r\n\t\t\t\t<\/div>\n<\/div>\n\n<div class=\"application-platform-content-item-features application-platform-content-item\" id=\"features\" data-nav-section=\"features\">\n  <h2>Fonctionnalit\u00e9s utiles et simples propos\u00e9es par le widget :<\/h2>\n  <ul>\n    <li>Affichage en temps r\u00e9el du statut horaire de votre organisation<\/li>\n    <li>Configuration facile du calendrier<\/li>\n    <li>Personnalisation des \u00e9v\u00e9nements sp\u00e9ciaux<\/li>\n    <li>Indication du statut actuel de l&rsquo;activit\u00e9<\/li>\n    <li>Affichage sous forme de grille ou en mode compact pour gagner de l&rsquo;espace<\/li>\n  <\/ul>\n  <p><a href=\"#demo\">Essayez la d\u00e9mo pour voir comment le widget fonctionne en action.<\/a><\/p>\n<\/div>\n\n<div class=\"application-platform-content-item-installation application-platform-content-item\" id=\"installation\" data-nav-section=\"installation\">\n  <h2>Comment ajouter les heures d&rsquo;ouverture sur mon site Joomla ?<\/h2>\n  <p>Suivez ces \u00e9tapes simples pour int\u00e9grer le plugin Business Hours avec vos horaires de travail sur votre site Joomla :<\/p>\n  <ol>\n    <li><strong>Ouvrez l&rsquo;\u00e9diteur Elfsight et commencez \u00e0 cr\u00e9er votre propre plugin personnalis\u00e9.<\/strong><br> Choisissez la mise en page et les fonctionnalit\u00e9s souhait\u00e9es pour votre plugin, puis enregistrez les modifications.<\/li>\n    <li><strong>Obtenez votre code unique.<\/strong><br> Une fois la configuration termin\u00e9e, copiez le code d&rsquo;int\u00e9gration fourni et conservez-le pour l&rsquo;utiliser plus tard.<\/li>\n    <li><strong>Int\u00e9grez le plugin sur votre site Joomla.<\/strong><br> Collez le code copi\u00e9 dans le code HTML de votre site \u00e0 l&rsquo;endroit o\u00f9 vous souhaitez afficher le widget, puis enregistrez les modifications.<\/li>\n    <li><strong>Termin\u00e9 !<\/strong><br> Votre plugin Business Hours sans code est maintenant int\u00e9gr\u00e9 avec succ\u00e8s. Visitez votre site pour voir le r\u00e9sultat.<\/li>\n  <\/ol>\n  <p>Si vous avez des questions ou des difficult\u00e9s, n&rsquo;h\u00e9sitez pas \u00e0 contacter notre \u00e9quipe d&rsquo;assistance. Nos experts sont pr\u00eats \u00e0 vous aider avec tous les probl\u00e8mes que vous pourriez rencontrer lors de l&rsquo;int\u00e9gration du produit sur Joomla.<\/p>\n<\/div>\n\n","protected":false},"excerpt":{"rendered":"Questions fr\u00e9quentes","protected":false},"author":9,"featured_media":0,"parent":7324,"menu_order":0,"comment_status":"closed","ping_status":"closed","template":"templates\/template-application-platform.php","meta":{"publish_to_discourse":"","publish_post_category":"","wpdc_auto_publish_overridden":"","wpdc_topic_tags":"","wpdc_pin_topic":"","wpdc_pin_until":"","discourse_post_id":"","discourse_permalink":"","wpdc_publishing_response":"","wpdc_publishing_error":"","footnotes":""},"class_list":["post-8298","page","type-page","status-publish","hentry"],"yoast_head":"<!-- This site is optimized with the Yoast SEO plugin v25.3.1 - https:\/\/yoast.com\/wordpress\/plugins\/seo\/ -->\n<title>Ajouter des heures d&#039;ouverture \u00e0 Joomla - Utilisez les horaires gratuits sur le site Web<\/title>\n<meta name=\"description\" content=\"Ajoutez un widget d&#039;heures ouvrables personnalisable \u00e0 Joomla pour pr\u00e9senter le statut de votre entreprise. Cr\u00e9ez vos horaires de travail personnels \u00e0 l&#039;aide de la d\u00e9mo.\" \/>\n<meta name=\"robots\" content=\"index, follow, max-snippet:-1, max-image-preview:large, max-video-preview:-1\" \/>\n<link rel=\"canonical\" href=\"https:\/\/elfsight.com\/fr\/business-hours-widget\/joomla\/\" \/>\n<meta property=\"og:locale\" content=\"fr_FR\" \/>\n<meta property=\"og:type\" content=\"article\" \/>\n<meta property=\"og:title\" content=\"Ajouter des heures d&#039;ouverture \u00e0 Joomla - Utilisez les horaires gratuits sur le site Web\" \/>\n<meta property=\"og:description\" content=\"Ajoutez un widget d&#039;heures ouvrables personnalisable \u00e0 Joomla pour pr\u00e9senter le statut de votre entreprise. Cr\u00e9ez vos horaires de travail personnels \u00e0 l&#039;aide de la d\u00e9mo.\" \/>\n<meta property=\"og:url\" content=\"https:\/\/elfsight.com\/fr\/business-hours-widget\/joomla\/\" \/>\n<meta property=\"og:site_name\" content=\"Elfsight FR\" \/>\n<meta property=\"article:modified_time\" content=\"2024-12-23T12:49:46+00:00\" \/>\n<meta name=\"twitter:card\" content=\"summary_large_image\" \/>\n<meta name=\"twitter:label1\" content=\"Dur\u00e9e de lecture estim\u00e9e\" \/>\n\t<meta name=\"twitter:data1\" content=\"5 minutes\" \/>\n<!-- \/ Yoast SEO plugin. -->","yoast_head_json":{"title":"Ajouter des heures d'ouverture \u00e0 Joomla - Utilisez les horaires gratuits sur le site Web","description":"Ajoutez un widget d'heures ouvrables personnalisable \u00e0 Joomla pour pr\u00e9senter le statut de votre entreprise. Cr\u00e9ez vos horaires de travail personnels \u00e0 l'aide de la d\u00e9mo.","robots":{"index":"index","follow":"follow","max-snippet":"max-snippet:-1","max-image-preview":"max-image-preview:large","max-video-preview":"max-video-preview:-1"},"canonical":"https:\/\/elfsight.com\/fr\/business-hours-widget\/joomla\/","og_locale":"fr_FR","og_type":"article","og_title":"Ajouter des heures d'ouverture \u00e0 Joomla - Utilisez les horaires gratuits sur le site Web","og_description":"Ajoutez un widget d'heures ouvrables personnalisable \u00e0 Joomla pour pr\u00e9senter le statut de votre entreprise. Cr\u00e9ez vos horaires de travail personnels \u00e0 l'aide de la d\u00e9mo.","og_url":"https:\/\/elfsight.com\/fr\/business-hours-widget\/joomla\/","og_site_name":"Elfsight FR","article_modified_time":"2024-12-23T12:49:46+00:00","twitter_card":"summary_large_image","twitter_misc":{"Dur\u00e9e de lecture estim\u00e9e":"5 minutes"},"schema":{"@context":"https:\/\/schema.org","@graph":[{"@type":"WebPage","@id":"https:\/\/elfsight.com\/fr\/business-hours-widget\/joomla\/","url":"https:\/\/elfsight.com\/fr\/business-hours-widget\/joomla\/","name":"Ajouter des heures d'ouverture \u00e0 Joomla - Utilisez les horaires gratuits sur le site Web","isPartOf":{"@id":"https:\/\/elfsight.com\/fr\/#website"},"datePublished":"2024-05-03T06:31:11+00:00","dateModified":"2024-12-23T12:49:46+00:00","description":"Ajoutez un widget d'heures ouvrables personnalisable \u00e0 Joomla pour pr\u00e9senter le statut de votre entreprise. Cr\u00e9ez vos horaires de travail personnels \u00e0 l'aide de la d\u00e9mo.","breadcrumb":{"@id":"https:\/\/elfsight.com\/fr\/business-hours-widget\/joomla\/#breadcrumb"},"inLanguage":"fr-FR","potentialAction":[{"@type":"ReadAction","target":["https:\/\/elfsight.com\/fr\/business-hours-widget\/joomla\/"]}]},{"@type":"BreadcrumbList","@id":"https:\/\/elfsight.com\/fr\/business-hours-widget\/joomla\/#breadcrumb","itemListElement":[{"@type":"ListItem","position":1,"name":"Home","item":"https:\/\/elfsight.com\/fr\/"},{"@type":"ListItem","position":2,"name":"Business Hours","item":"https:\/\/elfsight.com\/fr\/business-hours-widget\/"},{"@type":"ListItem","position":3,"name":"Business Hours &#8211; Joomla"}]},{"@type":"WebSite","@id":"https:\/\/elfsight.com\/fr\/#website","url":"https:\/\/elfsight.com\/fr\/","name":"Elfsight FR","description":"","potentialAction":[{"@type":"SearchAction","target":{"@type":"EntryPoint","urlTemplate":"https:\/\/elfsight.com\/fr\/?s={search_term_string}"},"query-input":{"@type":"PropertyValueSpecification","valueRequired":true,"valueName":"search_term_string"}}],"inLanguage":"fr-FR"}]}},"meta_box":{"industry":"","seo_heading":"","heading":"","description":"","cta_heading":"","cta_description":"","application":"7314","h1":"Extension des heures d'ouverture de Joomla","h1_caption":"Affichez vos heures d'ouverture dans un format clair et attrayant pour informer les visiteurs de votre disponibilit\u00e9 sur votre site Joomla sans effort.","application_category":[],"applications_title":"","applications_request_title":"","applications_request_button_text":"","hero_text":"","hero_video":"","hero_video_schema_markup":"","selling_points_title":"","selling_points_caption":"","selling_points":[],"selling_points_cta_text":"","features_title":"","features":"","ed_cta_examples_text":"","ed_cta_examples_hidden":"","ed_cta_demo_text":"","ed_cta_demo_hidden":"","why_caption":"","why_editor_title":"","why_editor_text":"","why_team_title":"","why_team_text":"","why_service_title":"","why_service_text":"","template_catalog_visible":"0","template_catalog_title":"","template_catalog_text":"","template_catalog_categories_visible":"","demo_title":"Cr\u00e9ez votre plugin Heures d'ouverture","demo_caption":"Configurez vos heures d'ouverture et ajoutez-le \u00e0 votre site Web Joomla gratuitement\u00a0!","default_faq_hidden":"","app_template_category":[],"platform":"354","template_public_id":"","codecanyon_url":"","codecanyon_item_id":"","codecanyon_price":"","pricing_caption":"","pricing_elfsight_apps_hide_column":"","pricing_elfsight_apps_url":"","pricing_codecanyon_price_caption":"","integration_category":[],"integration_request_title":"","integration_request_cta":"","integration_platform":"","integrations":[],"platform_category":[],"video_schema_markup":"","price":"\u00e0 partir de 0$ \/ mois","trial":"","benefits":[{"text":"Aide \u00e0 l'installation gratuite"},{"text":"Assistance premium"},{"text":"Garantie de remboursement de 14 jours"},{"text":"Am\u00e9liorations continues"}],"button_url":"#demo","button_target_blank":"0","button_nofollow":"0","attributes":[{"name":"Installations","content":"10,000 - 100,000"},{"name":"Sensible","content":"Oui"},{"name":"Navigateurs compatibles","content":"Firefox, Safari, Opera, Chrome, Edge"}],"tags":[],"tags_disable_links":"0","hide_more_platforms":"","video_object":"","demo_hide_cta":"0","demo_hide_cloud_options":"0","pricing_title":"","pricing":[{"pricing_icon":"platform","pricing_title":"Elfsight Apps","pricing_title_caption":"Solution num\u00e9rique ind\u00e9pendante de la plateforme qui convient \u00e0 n'importe quel site Web","pricing_price":"from $0 \/ month","pricing_price_caption":"commencez avec un forfait gratuit","pricing_benefits":[{"text":"Domaines illimit\u00e9s"},{"text":"Assistance rapide"},{"text":"Aide \u00e0 l'installation gratuite"},{"text":"Conception flexible"}],"pricing_button_text":"Ajouter au site Web","pricing_button_url":"#demo"}],"related_apps_title":"","related_apps_hidden":"0","author":"","image":[],"title":"","job":"","social_networks":[]},"_links":{"self":[{"href":"https:\/\/elfsight.com\/fr\/wp-json\/wp\/v2\/pages\/8298","targetHints":{"allow":["GET"]}}],"collection":[{"href":"https:\/\/elfsight.com\/fr\/wp-json\/wp\/v2\/pages"}],"about":[{"href":"https:\/\/elfsight.com\/fr\/wp-json\/wp\/v2\/types\/page"}],"author":[{"embeddable":true,"href":"https:\/\/elfsight.com\/fr\/wp-json\/wp\/v2\/users\/9"}],"replies":[{"embeddable":true,"href":"https:\/\/elfsight.com\/fr\/wp-json\/wp\/v2\/comments?post=8298"}],"version-history":[{"count":2,"href":"https:\/\/elfsight.com\/fr\/wp-json\/wp\/v2\/pages\/8298\/revisions"}],"predecessor-version":[{"id":16033,"href":"https:\/\/elfsight.com\/fr\/wp-json\/wp\/v2\/pages\/8298\/revisions\/16033"}],"up":[{"embeddable":true,"href":"https:\/\/elfsight.com\/fr\/wp-json\/wp\/v2\/pages\/7324"}],"wp:attachment":[{"href":"https:\/\/elfsight.com\/fr\/wp-json\/wp\/v2\/media?parent=8298"}],"curies":[{"name":"wp","href":"https:\/\/api.w.org\/{rel}","templated":true}]}}