{"id":8292,"date":"2024-05-03T06:31:09","date_gmt":"2024-05-03T06:31:09","guid":{"rendered":"https:\/\/elfsight.com\/fr\/?page_id=8292"},"modified":"2025-07-09T16:56:26","modified_gmt":"2025-07-09T16:56:26","slug":"facebook","status":"publish","type":"page","link":"https:\/\/elfsight.com\/fr\/business-hours-widget\/facebook\/","title":{"rendered":"Business Hours &#8211; Facebook Page"},"content":{"rendered":"<div class=\"application-platform-content-item-description application-platform-content-item\" id=\"description\" data-nav-section=\"description\"> <h2>Int\u00e9grer les heures d&rsquo;ouverture sur une page Facebook avec un widget Elfsight<\/h2> <p>Les heures d&rsquo;ouverture d&rsquo;Elfsight pour la page Facebook sont un simple sans code widget qui vous permet de cr\u00e9er une carte de visite attrayante avec les donn\u00e9es les plus importantes concernant votre organisation. Vous pouvez ajouter des informations sur votre statut de disponibilit\u00e9 actuel et activer les contacts pour vos clients. Le widget vous permet de cr\u00e9er des conceptions pratiques, afin que les visiteurs puissent facilement explorer toutes les informations n\u00e9cessaires bri\u00e8vement ou plus en d\u00e9tail. <\/p><p>Ce widget remarquable propose de nombreux mod\u00e8les, afin que vous puissiez choisir l&rsquo;option la plus adapt\u00e9e \u00e0 votre site Web. Chaque mod\u00e8le contient des param\u00e8tres flexibles pour vous aider \u00e0 cr\u00e9er un widget personnalis\u00e9 avec les options n\u00e9cessaires telles que les boutons CTA qui augmentent les ventes. Int\u00e9grer les heures de travail dans votre site Web est totalement simple avec Elfsight gr\u00e2ce aux didacticiels et aux guides faciles \u00e0 suivre. Tout utilisateur peut cr\u00e9er et ajouter gratuitement le widget Heures d&rsquo;ouverture sans code.<\/p> <p><b>Utilisez les d\u00e9tails de l&rsquo;entreprise sur votre site Web pour am\u00e9liorer les ventes et la cr\u00e9dibilit\u00e9 des clients. Partagez facilement des informations cl\u00e9s sur votre activit\u00e9 professionnelle. <\/b><\/p> <p>Avec ce widget int\u00e9gr\u00e9 \u00e0 votre site Facebook Page, vous informez vos clients et obtenez des ventes r\u00e9guli\u00e8res. D\u00e9couvrez certains des meilleurs r\u00e9sultats pour votre site Web en y int\u00e9grant le widget des heures de travail sans code. <\/p><ul><li><b>Permettez \u00e0 vos clients d&rsquo;\u00eatre toujours \u00e0 l&rsquo;heure. <\/b> Augmentez les ventes, en \u00e9tant s\u00fbrement pr\u00e9sent aux heures de travail correspondantes. Les visiteurs de votre site Web verront vos heures de disponibilit\u00e9 et deviendront plus confiants pour effectuer un achat r\u00e9ussi en cas de besoin. <\/li><li><b>\u00c9vitez les malentendus sur vos heures d&rsquo;activit\u00e9. <\/b> Afficher vos p\u00e9riodes de travail simples aux clients sur le site Web les rendra plus d\u00e9vou\u00e9s \u00e0 votre organisation car ils pourront planifier une commande ou une visite chez vous. <\/li><li><b>Affichez les donn\u00e9es de contact de mani\u00e8re pratique. <\/b> L&rsquo;ajout des informations de contact \u00e0 votre widget d&rsquo;heures de fonctionnement sans code vous permet de cr\u00e9er une communication et d&rsquo;am\u00e9liorer les ventes. Montrez que vous \u00eates ici pour r\u00e9pondre \u00e0 leurs demandes sur les produits et services de votre entreprise, ce qui se traduira par plus de fid\u00e9lit\u00e9 et d&rsquo;approbation. <\/li><\/ul><div class=\"faq\" data-component=\"FAQ\"><div class=\"faq-item\">\r\n\t\t\t\t\t<div class=\"faq-item-question\">\r\n\t\t\t\t\t\t<h3 class=\"faq-item-question-text\">Existe-t-il d'autres plugins pour page Facebook que je peux int\u00e9grer dans mon site pour augmenter les ventes ?<\/h3>\r\n\r\n\t\t\t\t\t\t<div class=\"faq-item-question-icon\"><\/div>\r\n\t\t\t\t\t<\/div>\r\n\r\n\t\t\t\t\t<div class=\"faq-item-answer\">\r\n\t\t\t\t\t\t<div class=\"faq-item-answer-text\">Nous pouvons vous proposer de nombreux plugins pour atteindre tout type d&rsquo;objectif. sur votre site. Voyez par vous-m\u00eame\u00a0: <a href=\"https:\/\/elfsight.com\/google-reviews-widget\/facebook\/\" target=\"_blank\" rel=\"noopener\">Avis Google<\/a>, <a href=\"https:\/\/elfsight.com\/whatsapp-chat-widget\/facebook\/\" target=\"_blank\" rel=\"noopener\">Chat WhatsApp<\/a>, <a href=\"https:\/\/elfsight.com\/event-calendar -widget\/facebook\/\" target=\"_blank\" rel=\"noopener\">Calendrier des \u00e9v\u00e9nements<\/a>, <a href=\"https:\/\/elfsight.com\/countdown-timer-widget\/facebook\/\" target=\"_blank \" rel=\"noopener\">Compte \u00e0 rebours<\/a>, <a href=\"https:\/\/elfsight.com\/qr-code-widget\/facebook\/\" target=\"_blank\" rel=\"noopener\">QR Code<\/a>. <\/div>\r\n\t\t\t\t\t<\/div>\r\n\t\t\t\t<\/div><div class=\"faq-item\">\r\n\t\t\t\t\t<div class=\"faq-item-question\">\r\n\t\t\t\t\t\t<h3 class=\"faq-item-question-text\">Comment puis-je utiliser les heures ouvrables sur une page Facebook ?<\/h3>\r\n\r\n\t\t\t\t\t\t<div class=\"faq-item-question-icon\"><\/div>\r\n\t\t\t\t\t<\/div>\r\n\r\n\t\t\t\t\t<div class=\"faq-item-answer\">\r\n\t\t\t\t\t\t<div class=\"faq-item-answer-text\">Il existe de nombreuses fa\u00e7ons d&rsquo;am\u00e9liorer les taux de conversion et les chiffres de ventes en ajoutant un plugin Business Hours. Avec les mod\u00e8les d\u2019Elfsight pour ce merveilleux plugin pour sites Web, on peut trouver des tactiques personnelles. Vous pouvez soit afficher des informations d\u00e9taill\u00e9es sur vos p\u00e9riodes de travail et les moyens de vous parler, soit simplement utiliser une barre d&rsquo;\u00e9tat minimaliste. Vous pouvez cr\u00e9er des fiches de contact avec notre plugin Business Hours et les placer sur les pages requises du site Web pour attirer l&rsquo;attention et informer les visiteurs de votre activit\u00e9. <\/div>\r\n\t\t\t\t\t<\/div>\r\n\t\t\t\t<\/div><div class=\"faq-item\">\r\n\t\t\t\t\t<div class=\"faq-item-question\">\r\n\t\t\t\t\t\t<h3 class=\"faq-item-question-text\">Comment int\u00e9grer gratuitement les heures d'ouverture dans les sites Web de votre page Facebook ?<\/h3>\r\n\r\n\t\t\t\t\t\t<div class=\"faq-item-question-icon\"><\/div>\r\n\t\t\t\t\t<\/div>\r\n\r\n\t\t\t\t\t<div class=\"faq-item-answer\">\r\n\t\t\t\t\t\t<div class=\"faq-item-answer-text\">L&rsquo;int\u00e9gration d&rsquo;un plugin Business Hours dans votre site Web de page Facebook est une m\u00e9thode exceptionnelle pour d\u00e9marrer la communication avec les clients et les informer de votre disponibilit\u00e9 afin de garantir vendre ou rendre des services. Voici les tutoriels sur l\u2019ajout du plugin heures d\u2019ouverture \u00e0 votre site Web. <ol><li>Pour int\u00e9grer gratuitement un plugin Elfsight Business Hours dans la page Facebook, rendez-vous sur le site Web Elfsight et inscrivez-vous. <\/li><li>Cr\u00e9ez le plugin gratuit Business Hours en adaptant son apparence et ses param\u00e8tres pour qu&rsquo;ils correspondent au style de votre site Web de page Facebook. <\/li><li>Apr\u00e8s avoir ajust\u00e9 vos heures d&rsquo;ouverture sans code, copiez le code g\u00e9n\u00e9r\u00e9 et collez-le dans votre page Facebook o\u00f9 vous souhaitez que le plugin soit affich\u00e9. <\/li><\/ol>En int\u00e9grant vos heures d&rsquo;ouverture dans votre site Web de page Facebook, vous am\u00e9liorerez certainement son apparence visuelle et engagerez une implication stable des clients. Ressentez les avantages des heures d&rsquo;ouverture d&rsquo;Elfsight sans frais pour vous\u00a0! <\/div>\r\n\t\t\t\t\t<\/div>\r\n\t\t\t\t<\/div><\/div><\/div> <div class=\"application-platform-content-item-features application-platform-content-item\" id=\"features\" data-nav-section=\"features\"> <h2>D\u00e9couvrez la liste des fonctionnalit\u00e9s les plus utiles du widget\u00a0:<\/h2> <ul><li>Affichez les informations de votre entreprise disponibilit\u00e9 en temps r\u00e9el<\/li><li>Ajustement simple des cadres de travail<\/li><li>Configuration d&rsquo;\u00e9v\u00e9nements sp\u00e9ciaux<\/li><li>\u00c9tat de la situation en temps r\u00e9el<\/li><li>Table ins\u00e9rable ou peu encombrante status<\/li><\/ul><p><a href=\"#demo\">Vous pouvez voir ce que vaut le widget en essayant la d\u00e9mo<\/a><\/p><\/div> <div class=\"application-platform-content-item- installation application-platform-content-item\" id=\" installation\" data-nav-section=\" installation\"> <h2>Comment puis-je ajouter des heures d&rsquo;ouverture \u00e0 mon site Web de page Facebook\u00a0?<\/h2> <p>Suivez simplement les instructions ci-dessous pour int\u00e9grer le plugin \u00e0 votre temps de fonctionnement.<\/p> <ol><li><b>Lancez notre d\u00e9mo et commencez \u00e0 cr\u00e9er votre plugin no-code personnalis\u00e9. <\/b><br> D\u00e9terminez l&rsquo;interface et les param\u00e8tres souhait\u00e9s du plugin et enregistrez les corrections. <\/li> <li><b>Recevez le code individuel expos\u00e9 dans la fen\u00eatre des applications Elfsight. <\/b><br> Une fois la g\u00e9n\u00e9ration de votre application personnelle d&rsquo;heures d&rsquo;activit\u00e9 sans code termin\u00e9e, copiez le code exclusif de la bo\u00eete qui appara\u00eet et conservez-le pour de futures occasions. <\/li> <li><b>Lancer l&rsquo;utilisation de l&rsquo;application sur le site de la page Facebook. <\/b><br> Int\u00e9grez le code enregistr\u00e9 r\u00e9cemment dans votre page Web et enregistrez les modifications. <\/li> <li><b>L&rsquo;installation de vos heures de fonctionnement no-code est r\u00e9ussie. <\/b><br> Visitez votre site Web pour v\u00e9rifier le fonctionnement de l&rsquo;application des heures d&rsquo;ouverture. <\/li><\/ol> <p>En cas de difficult\u00e9s, n&rsquo;h\u00e9sitez pas \u00e0 contacter notre service client. Nos consultants ont h\u00e2te de vous aider avec toutes les questions que vous pourriez avoir avec le plugin pour page Facebook. <\/p> <\/div>","protected":false},"excerpt":{"rendered":"","protected":false},"author":9,"featured_media":0,"parent":7324,"menu_order":0,"comment_status":"closed","ping_status":"closed","template":"templates\/template-application-platform.php","meta":{"publish_to_discourse":"","publish_post_category":"","wpdc_auto_publish_overridden":"","wpdc_topic_tags":"","wpdc_pin_topic":"","wpdc_pin_until":"","discourse_post_id":"","discourse_permalink":"","wpdc_publishing_response":"","wpdc_publishing_error":"","footnotes":""},"class_list":["post-8292","page","type-page","status-publish","hentry"],"yoast_head":"<!-- This site is optimized with the Yoast SEO plugin v25.3.1 - https:\/\/yoast.com\/wordpress\/plugins\/seo\/ -->\n<title>Ajouter des heures d&#039;ouverture \u00e0 la page Facebook - Int\u00e9grer un widget sans code<\/title>\n<meta name=\"description\" content=\"Ajoutez une application d&#039;heures de travail r\u00e9glables \u00e0 la page Facebook pour pr\u00e9senter le statut de votre entreprise. Cr\u00e9ez vos heures de travail personnelles dans la d\u00e9mo.\" \/>\n<meta name=\"robots\" content=\"index, follow, max-snippet:-1, max-image-preview:large, max-video-preview:-1\" \/>\n<link rel=\"canonical\" href=\"https:\/\/elfsight.com\/fr\/business-hours-widget\/facebook\/\" \/>\n<meta property=\"og:locale\" content=\"fr_FR\" \/>\n<meta property=\"og:type\" content=\"article\" \/>\n<meta property=\"og:title\" content=\"Ajouter des heures d&#039;ouverture \u00e0 la page Facebook - Int\u00e9grer un widget sans code\" \/>\n<meta property=\"og:description\" content=\"Ajoutez une application d&#039;heures de travail r\u00e9glables \u00e0 la page Facebook pour pr\u00e9senter le statut de votre entreprise. Cr\u00e9ez vos heures de travail personnelles dans la d\u00e9mo.\" \/>\n<meta property=\"og:url\" content=\"https:\/\/elfsight.com\/fr\/business-hours-widget\/facebook\/\" \/>\n<meta property=\"og:site_name\" content=\"Elfsight FR\" \/>\n<meta property=\"article:modified_time\" content=\"2025-07-09T16:56:26+00:00\" \/>\n<meta name=\"twitter:card\" content=\"summary_large_image\" \/>\n<meta name=\"twitter:label1\" content=\"Dur\u00e9e de lecture estim\u00e9e\" \/>\n\t<meta name=\"twitter:data1\" content=\"5 minutes\" \/>\n<!-- \/ Yoast SEO plugin. -->","yoast_head_json":{"title":"Ajouter des heures d'ouverture \u00e0 la page Facebook - Int\u00e9grer un widget sans code","description":"Ajoutez une application d'heures de travail r\u00e9glables \u00e0 la page Facebook pour pr\u00e9senter le statut de votre entreprise. Cr\u00e9ez vos heures de travail personnelles dans la d\u00e9mo.","robots":{"index":"index","follow":"follow","max-snippet":"max-snippet:-1","max-image-preview":"max-image-preview:large","max-video-preview":"max-video-preview:-1"},"canonical":"https:\/\/elfsight.com\/fr\/business-hours-widget\/facebook\/","og_locale":"fr_FR","og_type":"article","og_title":"Ajouter des heures d'ouverture \u00e0 la page Facebook - Int\u00e9grer un widget sans code","og_description":"Ajoutez une application d'heures de travail r\u00e9glables \u00e0 la page Facebook pour pr\u00e9senter le statut de votre entreprise. Cr\u00e9ez vos heures de travail personnelles dans la d\u00e9mo.","og_url":"https:\/\/elfsight.com\/fr\/business-hours-widget\/facebook\/","og_site_name":"Elfsight FR","article_modified_time":"2025-07-09T16:56:26+00:00","twitter_card":"summary_large_image","twitter_misc":{"Dur\u00e9e de lecture estim\u00e9e":"5 minutes"},"schema":{"@context":"https:\/\/schema.org","@graph":[{"@type":"WebPage","@id":"https:\/\/elfsight.com\/fr\/business-hours-widget\/facebook\/","url":"https:\/\/elfsight.com\/fr\/business-hours-widget\/facebook\/","name":"Ajouter des heures d'ouverture \u00e0 la page Facebook - Int\u00e9grer un widget sans code","isPartOf":{"@id":"https:\/\/elfsight.com\/fr\/#website"},"datePublished":"2024-05-03T06:31:09+00:00","dateModified":"2025-07-09T16:56:26+00:00","description":"Ajoutez une application d'heures de travail r\u00e9glables \u00e0 la page Facebook pour pr\u00e9senter le statut de votre entreprise. Cr\u00e9ez vos heures de travail personnelles dans la d\u00e9mo.","breadcrumb":{"@id":"https:\/\/elfsight.com\/fr\/business-hours-widget\/facebook\/#breadcrumb"},"inLanguage":"fr-FR","potentialAction":[{"@type":"ReadAction","target":["https:\/\/elfsight.com\/fr\/business-hours-widget\/facebook\/"]}]},{"@type":"BreadcrumbList","@id":"https:\/\/elfsight.com\/fr\/business-hours-widget\/facebook\/#breadcrumb","itemListElement":[{"@type":"ListItem","position":1,"name":"Home","item":"https:\/\/elfsight.com\/fr\/"},{"@type":"ListItem","position":2,"name":"Business Hours","item":"https:\/\/elfsight.com\/fr\/business-hours-widget\/"},{"@type":"ListItem","position":3,"name":"Business Hours &#8211; Facebook Page"}]},{"@type":"WebSite","@id":"https:\/\/elfsight.com\/fr\/#website","url":"https:\/\/elfsight.com\/fr\/","name":"Elfsight FR","description":"","potentialAction":[{"@type":"SearchAction","target":{"@type":"EntryPoint","urlTemplate":"https:\/\/elfsight.com\/fr\/?s={search_term_string}"},"query-input":{"@type":"PropertyValueSpecification","valueRequired":true,"valueName":"search_term_string"}}],"inLanguage":"fr-FR"}]}},"meta_box":{"industry":"","seo_heading":"","heading":"","description":"","cta_heading":"","cta_description":"","application":"7314","h1":"Widget Heures d'ouverture de la page Facebook","h1_caption":"Affichez vos heures d'ouverture dans un format clair et attrayant pour informer les visiteurs de votre disponibilit\u00e9 sur votre page Facebook sans effort.","application_category":[],"applications_title":"","applications_request_title":"","applications_request_button_text":"","hero_text":"","hero_video":"","hero_video_schema_markup":"","selling_points_title":"","selling_points_caption":"","selling_points":[],"selling_points_cta_text":"","features_title":"","features":"","ed_cta_examples_text":"","ed_cta_examples_hidden":"","ed_cta_demo_text":"","ed_cta_demo_hidden":"","why_caption":"","why_editor_title":"","why_editor_text":"","why_team_title":"","why_team_text":"","why_service_title":"","why_service_text":"","template_catalog_visible":"","template_catalog_title":"","template_catalog_text":"","template_catalog_categories_visible":"","demo_title":"Cr\u00e9ez votre widget Heures d'ouverture","demo_caption":"Configurez vos heures d'ouverture et ajoutez-les gratuitement \u00e0 votre page Facebook\u00a0!","default_faq_hidden":"","app_template_category":[],"platform":"394","template_public_id":"","codecanyon_url":"","codecanyon_item_id":"","codecanyon_price":"","pricing_caption":"","pricing_elfsight_apps_hide_column":"","pricing_elfsight_apps_url":"","pricing_codecanyon_price_caption":"","integration_category":[],"integration_request_title":"","integration_request_cta":"","integration_platform":"","integrations":[],"platform_category":[],"video_schema_markup":"","price":"\u00e0 partir de 0$ \/ mois","trial":"","benefits":[{"text":"Aide \u00e0 l'installation gratuite"},{"text":"Assistance premium"},{"text":"Garantie de remboursement de 14 jours"},{"text":"D\u00e9veloppement continu"}],"button_url":"#demo","button_target_blank":"","button_nofollow":"","attributes":[{"name":"Installations","content":"10,000 - 100,000"},{"name":"Sensible","content":"Oui"},{"name":"Navigateurs compatibles","content":"Firefox, Safari, Opera, Chrome, Edge"}],"tags":[],"tags_disable_links":"","hide_more_platforms":"","video_object":"","demo_hide_cta":"","demo_hide_cloud_options":"","pricing_title":"","pricing":[{"pricing_icon":"platform","pricing_title":"Elfsight Apps","pricing_title_caption":"Version multiplateforme qui fonctionne sur n'importe quel site Web","pricing_price":"from $0 \/ month","pricing_price_caption":"commencez avec un forfait gratuit","pricing_benefits":[{"text":"Sites Web illimit\u00e9s"},{"text":"Assistance entreprise premium"},{"text":"Assistance \u00e0 l'installation gratuite"},{"text":"Conception flexible"}],"pricing_button_text":"Ajouter au site Web","pricing_button_url":"#demo"}],"related_apps_title":"","related_apps_hidden":"","author":"","image":[],"title":"","job":"","social_networks":[]},"_links":{"self":[{"href":"https:\/\/elfsight.com\/fr\/wp-json\/wp\/v2\/pages\/8292","targetHints":{"allow":["GET"]}}],"collection":[{"href":"https:\/\/elfsight.com\/fr\/wp-json\/wp\/v2\/pages"}],"about":[{"href":"https:\/\/elfsight.com\/fr\/wp-json\/wp\/v2\/types\/page"}],"author":[{"embeddable":true,"href":"https:\/\/elfsight.com\/fr\/wp-json\/wp\/v2\/users\/9"}],"replies":[{"embeddable":true,"href":"https:\/\/elfsight.com\/fr\/wp-json\/wp\/v2\/comments?post=8292"}],"version-history":[{"count":1,"href":"https:\/\/elfsight.com\/fr\/wp-json\/wp\/v2\/pages\/8292\/revisions"}],"predecessor-version":[{"id":8296,"href":"https:\/\/elfsight.com\/fr\/wp-json\/wp\/v2\/pages\/8292\/revisions\/8296"}],"up":[{"embeddable":true,"href":"https:\/\/elfsight.com\/fr\/wp-json\/wp\/v2\/pages\/7324"}],"wp:attachment":[{"href":"https:\/\/elfsight.com\/fr\/wp-json\/wp\/v2\/media?parent=8292"}],"curies":[{"name":"wp","href":"https:\/\/api.w.org\/{rel}","templated":true}]}}