{"id":8285,"date":"2024-05-03T06:31:06","date_gmt":"2024-05-03T06:31:06","guid":{"rendered":"https:\/\/elfsight.com\/fr\/?page_id=8285"},"modified":"2025-07-09T16:57:50","modified_gmt":"2025-07-09T16:57:50","slug":"woocommerce","status":"publish","type":"page","link":"https:\/\/elfsight.com\/fr\/business-hours-widget\/woocommerce\/","title":{"rendered":"Business Hours &#8211; WooCommerce"},"content":{"rendered":"<div class=\"application-platform-content-item-description application-platform-content-item\" id=\"description\" data-nav-section=\"description\"> <h2>Int\u00e9grer les heures ouvrables sur WooCommerce avec un widget Elfsight<\/h2> <p>Elfsight Business Hours pour WooCommerce est un simple widget sans code permettant vous de cr\u00e9er une carte de visite accrocheuse contenant les informations cl\u00e9s concernant votre travail. Vous pouvez inclure des informations sur l&rsquo;\u00e9tat actuel de votre entreprise et activer les contacts de votre public dans le widget. Le widget vous permet de cr\u00e9er des conceptions conviviales, afin que les visiteurs puissent explorer rapidement toutes les donn\u00e9es n\u00e9cessaires en bref ou plus en d\u00e9tail. <\/p><p>Ce widget remarquable comprend un certain nombre de mod\u00e8les, afin que vous puissiez choisir la meilleure option pour votre site Web. Chaque mod\u00e8le pr\u00e9sente des param\u00e8tres r\u00e9glables pour vous permettre de cr\u00e9er une solution personnelle avec les options n\u00e9cessaires telles que des boutons de commande et d&rsquo;enregistrement qui am\u00e9liorent les ventes. Int\u00e9grer les heures de travail et les donn\u00e9es de contact de votre organisation dans les pages de votre site Web est absolument simple gr\u00e2ce \u00e0 Elfsight qui propose des tutoriels et des instructions faciles \u00e0 suivre. Tout utilisateur peut d\u00e9velopper et ajouter gratuitement le widget Heures d&rsquo;ouverture sans code.<\/p> <p><b>Ajoutez des informations commerciales \u00e0 votre site Web pour am\u00e9liorer les ventes et la cr\u00e9dibilit\u00e9 des clients. Fournissez clairement les informations importantes sur vos p\u00e9riodes de travail. <\/b><\/p> <p>Avec ce widget ajout\u00e9 \u00e0 votre site Web WooCommerce, vous pouvez rendre votre public plus conscient de votre activit\u00e9 commerciale et augmenter vos ventes. Faites attention \u00e0 certains des r\u00e9sultats les plus positifs pour votre site Web apr\u00e8s y avoir int\u00e9gr\u00e9 le widget de cadres de travail sans code. <\/p><ul><li><b>Aidez les clients \u00e0 \u00eatre toujours \u00e0 l&rsquo;heure. <\/b> Augmentez les ventes, tout en \u00e9tant s\u00fbrement l\u00e0 dans les heures de travail indiqu\u00e9es. Les visiteurs de votre site Web remarqueront vos heures de disponibilit\u00e9 et seront plus convaincus de r\u00e9ussir un achat lorsqu&rsquo;ils en auront besoin. <\/li><li><b>\u00c9vitez les malentendus concernant vos horaires de travail. <\/b> Afficher vos p\u00e9riodes de travail claires aux visiteurs du site Web les rendra plus fid\u00e8les \u00e0 votre marque. <\/li><li><b>Affichez les donn\u00e9es de contact de mani\u00e8re claire. <\/b> L&rsquo;ajout des donn\u00e9es de contact \u00e0 votre widget d&rsquo;heures d&rsquo;ouverture sans code vous permet d&rsquo;\u00e9tablir une meilleure communication avec vos clients et d&rsquo;am\u00e9liorer vos ventes. D\u00e9montrez que vous \u00eates pr\u00eat \u00e0 r\u00e9pondre \u00e0 leurs pr\u00e9occupations concernant vos produits et services et que cela aboutira \u00e0 plus de confiance et de respect. <\/li><\/ul><div class=\"faq\" data-component=\"FAQ\"><div class=\"faq-item\">\r\n\t\t\t\t\t<div class=\"faq-item-question\">\r\n\t\t\t\t\t\t<h3 class=\"faq-item-question-text\">Y a-t-il d'autres plugins pour WooCommerce que je peux utiliser sur mon site ?<\/h3>\r\n\r\n\t\t\t\t\t\t<div class=\"faq-item-question-icon\"><\/div>\r\n\t\t\t\t\t<\/div>\r\n\r\n\t\t\t\t\t<div class=\"faq-item-answer\">\r\n\t\t\t\t\t\t<div class=\"faq-item-answer-text\">Nous pouvons vous fournir de nombreux plugins pour atteindre tout type d&rsquo;objectif sur votre site. site. V\u00e9rifiez ces plugins\u00a0: <a href=\"https:\/\/elfsight.com\/google-reviews-widget\/woocommerce\/\" target=\"_blank\" rel=\"noopener\">Avis Google<\/a>, <a href=\"https:\/\/elfsight.com\/whatsapp-chat-widget\/woocommerce\/\" target=\"_blank\" rel=\"noopener\">Chat WhatsApp<\/a>, <a href=\"https:\/\/elfsight.com\/event -calendar-widget\/woocommerce\/\" target=\"_blank\" rel=\"noopener\">Calendrier des \u00e9v\u00e9nements<\/a>, <a href=\"https:\/\/elfsight.com\/countdown-timer-widget\/woocommerce\/\" target=\"_blank\" rel=\"noopener\">Compte \u00e0 rebours<\/a>, <a href=\"https:\/\/elfsight.com\/qr-code-widget\/woocommerce\/\" target=\"_blank\" rel=\"noopener\">QR Code<\/a>. <\/div>\r\n\t\t\t\t\t<\/div>\r\n\t\t\t\t<\/div><div class=\"faq-item\">\r\n\t\t\t\t\t<div class=\"faq-item-question\">\r\n\t\t\t\t\t\t<h3 class=\"faq-item-question-text\">Comment puis-je b\u00e9n\u00e9ficier des heures ouvrables sur le site WooCommerce ?<\/h3>\r\n\r\n\t\t\t\t\t\t<div class=\"faq-item-question-icon\"><\/div>\r\n\t\t\t\t\t<\/div>\r\n\r\n\t\t\t\t\t<div class=\"faq-item-answer\">\r\n\t\t\t\t\t\t<div class=\"faq-item-answer-text\">Vous acc\u00e9dez \u00e0 de nombreux sc\u00e9narios pour am\u00e9liorer les statistiques de r\u00e9ussite et les r\u00e9sultats des ventes en ajoutant un plugin Business Hours. Avec les mod\u00e8les d&rsquo;Elfsight pour ce merveilleux plugin pour sites Web, il est possible de d\u00e9couvrir des tactiques commerciales individuelles. Vous pouvez soit pr\u00e9senter des informations d\u00e9taill\u00e9es sur vos heures d&rsquo;ouverture, soit simplement int\u00e9grer une fen\u00eatre contextuelle compacte sur l&rsquo;\u00e9tat actuel. Vous pouvez cr\u00e9er des fiches de contact avec votre plugin Business Hours et les ajouter \u00e0 des emplacements de sites Web pr\u00e9f\u00e9rables pour attirer l&rsquo;attention et informer les clients de votre activit\u00e9. <\/div>\r\n\t\t\t\t\t<\/div>\r\n\t\t\t\t<\/div><div class=\"faq-item\">\r\n\t\t\t\t\t<div class=\"faq-item-question\">\r\n\t\t\t\t\t\t<h3 class=\"faq-item-question-text\">Comment int\u00e9grer gratuitement les heures ouvrables sans code dans les sites Web WooCommerce ?<\/h3>\r\n\r\n\t\t\t\t\t\t<div class=\"faq-item-question-icon\"><\/div>\r\n\t\t\t\t\t<\/div>\r\n\r\n\t\t\t\t\t<div class=\"faq-item-answer\">\r\n\t\t\t\t\t\t<div class=\"faq-item-answer-text\">L&rsquo;int\u00e9gration d&rsquo;un plugin Business Hours dans votre site Web WooCommerce est un moyen id\u00e9al pour d\u00e9marrer la communication avec les clients et leur faire part de votre disponibilit\u00e9 pour assurer les ventes ou fournir des services. Voici de brefs tutoriels sur l\u2019ajout du plugin heures d\u2019ouverture \u00e0 votre site Web. <ol><li>Lorsque vous avez besoin d&rsquo;int\u00e9grer gratuitement les heures d&rsquo;ouverture d&rsquo;Elfsight dans WooCommerce, acc\u00e9dez au site Web d&rsquo;Elfsight et inscrivez-vous. <\/li><li>Cr\u00e9ez le plugin gratuit d&rsquo;heures de fonctionnement sans code en adaptant son apparence et ses param\u00e8tres pour qu&rsquo;ils correspondent au style de votre site Web WooCommerce. <\/li><li>Apr\u00e8s avoir d\u00e9fini vos heures d&rsquo;ouverture, copiez le code et collez-le dans votre site Web WooCommerce o\u00f9 vous souhaitez que le plugin fonctionne. <\/li><\/ol>En ins\u00e9rant vos heures d&rsquo;ouverture dans votre site Web WooCommerce, vous augmenterez certainement l&rsquo;implication continue des visiteurs. D\u00e9couvrez les avantages des heures d&rsquo;ouverture d&rsquo;Elfsight sans frais pour vous\u00a0! <\/div>\r\n\t\t\t\t\t<\/div>\r\n\t\t\t\t<\/div><\/div><\/div> <div class=\"application-platform-content-item-features application-platform-content-item\" id=\"features\" data-nav-section=\"features\"> <h2>L&rsquo;offre de fonctionnalit\u00e9s de base du widget<\/h2> <ul><li>Affichez le statut de votre entreprise en temps r\u00e9el<\/li><li>Ajustement convivial des cadres de travail<\/li><li>Configuration des \u00e9v\u00e9nements sp\u00e9ciaux<\/li><li>Statut de la situation en temps r\u00e9el<\/li><li>Graphique int\u00e9grable ou statut compact<\/li><\/ul> <p><a href=\"#demo\">Testez toutes les options de personnalisation dans la d\u00e9mo compl\u00e8te<\/a><\/p><\/div> <div class=\"application-platform-content-item-installation application-platform-content-item\" id=\"installation\" data-nav-section=\"installation\"> <h2>Comment puis-je int\u00e9grer Business Des heures pass\u00e9es sur mon site Web WooCommerce\u00a0?<\/h2> <p>Suivez simplement les instructions ci-dessous pour l&rsquo;application avec votre temps d&rsquo;activit\u00e9. <\/p> <ol><li><b>G\u00e9rez notre \u00e9diteur et commencez \u00e0 cr\u00e9er votre plugin unique. <\/b><br> Choisissez l&rsquo;apparence et les fonctionnalit\u00e9s s\u00e9lectionn\u00e9es du plugin et enregistrez les modifications. <\/li> <li><b>Copiez votre code personnel apparaissant dans le formulaire sp\u00e9cial sur Elfsight Apps. <\/b><br> Une fois la cr\u00e9ation de votre solution d&rsquo;heures d&rsquo;activit\u00e9 sans code termin\u00e9e, copiez le code personnel dans la zone qui appara\u00eet et enregistrez-le pour un besoin ult\u00e9rieur. <\/li> <li><b>Commencez \u00e0 utiliser le plugin sur le site WooCommerce. <\/b><br> Int\u00e9grez le code que vous avez enregistr\u00e9 auparavant dans votre site et appliquez les modifications. <\/li> <li><b>Fait\u00a0! La configuration de vos Horaires Ouvr\u00e9s est enti\u00e8rement r\u00e9alis\u00e9e. <\/b><br> Acc\u00e9dez \u00e0 votre site Web pour v\u00e9rifier le fonctionnement de l&rsquo;application des heures de fonctionnement ajout\u00e9e. <\/li><\/ol> <p>Si vous rencontrez des probl\u00e8mes, n&rsquo;h\u00e9sitez pas \u00e0 demander de l&rsquo;aide \u00e0 notre \u00e9quipe d&rsquo;assistance. Nos consultants seront ravis de r\u00e9soudre toutes les difficult\u00e9s que vous pourriez rencontrer avec le plugin pour WooCommerce. <\/p><\/div>","protected":false},"excerpt":{"rendered":"","protected":false},"author":9,"featured_media":0,"parent":7324,"menu_order":0,"comment_status":"closed","ping_status":"closed","template":"templates\/template-application-platform.php","meta":{"publish_to_discourse":"","publish_post_category":"","wpdc_auto_publish_overridden":"","wpdc_topic_tags":"","wpdc_pin_topic":"","wpdc_pin_until":"","discourse_post_id":"","discourse_permalink":"","wpdc_publishing_response":"","wpdc_publishing_error":"","footnotes":""},"class_list":["post-8285","page","type-page","status-publish","hentry"],"yoast_head":"<!-- This site is optimized with the Yoast SEO plugin v25.3.1 - https:\/\/yoast.com\/wordpress\/plugins\/seo\/ -->\n<title>Ajouter des heures ouvrables \u00e0 WooCommerce - Int\u00e9grer un widget gratuit sur le site<\/title>\n<meta name=\"description\" content=\"Mettez un widget d&#039;heures de travail r\u00e9glable sur WooCommerce pour afficher le statut de votre entreprise. Cr\u00e9ez votre widget d&#039;heures de travail personnel dans la d\u00e9mo.\" \/>\n<meta name=\"robots\" content=\"index, follow, max-snippet:-1, max-image-preview:large, max-video-preview:-1\" \/>\n<link rel=\"canonical\" href=\"https:\/\/elfsight.com\/fr\/business-hours-widget\/woocommerce\/\" \/>\n<meta property=\"og:locale\" content=\"fr_FR\" \/>\n<meta property=\"og:type\" content=\"article\" \/>\n<meta property=\"og:title\" content=\"Ajouter des heures ouvrables \u00e0 WooCommerce - Int\u00e9grer un widget gratuit sur le site\" \/>\n<meta property=\"og:description\" content=\"Mettez un widget d&#039;heures de travail r\u00e9glable sur WooCommerce pour afficher le statut de votre entreprise. Cr\u00e9ez votre widget d&#039;heures de travail personnel dans la d\u00e9mo.\" \/>\n<meta property=\"og:url\" content=\"https:\/\/elfsight.com\/fr\/business-hours-widget\/woocommerce\/\" \/>\n<meta property=\"og:site_name\" content=\"Elfsight FR\" \/>\n<meta property=\"article:modified_time\" content=\"2025-07-09T16:57:50+00:00\" \/>\n<meta name=\"twitter:card\" content=\"summary_large_image\" \/>\n<meta name=\"twitter:label1\" content=\"Dur\u00e9e de lecture estim\u00e9e\" \/>\n\t<meta name=\"twitter:data1\" content=\"5 minutes\" \/>\n<!-- \/ Yoast SEO plugin. -->","yoast_head_json":{"title":"Ajouter des heures ouvrables \u00e0 WooCommerce - Int\u00e9grer un widget gratuit sur le site","description":"Mettez un widget d'heures de travail r\u00e9glable sur WooCommerce pour afficher le statut de votre entreprise. Cr\u00e9ez votre widget d'heures de travail personnel dans la d\u00e9mo.","robots":{"index":"index","follow":"follow","max-snippet":"max-snippet:-1","max-image-preview":"max-image-preview:large","max-video-preview":"max-video-preview:-1"},"canonical":"https:\/\/elfsight.com\/fr\/business-hours-widget\/woocommerce\/","og_locale":"fr_FR","og_type":"article","og_title":"Ajouter des heures ouvrables \u00e0 WooCommerce - Int\u00e9grer un widget gratuit sur le site","og_description":"Mettez un widget d'heures de travail r\u00e9glable sur WooCommerce pour afficher le statut de votre entreprise. Cr\u00e9ez votre widget d'heures de travail personnel dans la d\u00e9mo.","og_url":"https:\/\/elfsight.com\/fr\/business-hours-widget\/woocommerce\/","og_site_name":"Elfsight FR","article_modified_time":"2025-07-09T16:57:50+00:00","twitter_card":"summary_large_image","twitter_misc":{"Dur\u00e9e de lecture estim\u00e9e":"5 minutes"},"schema":{"@context":"https:\/\/schema.org","@graph":[{"@type":"WebPage","@id":"https:\/\/elfsight.com\/fr\/business-hours-widget\/woocommerce\/","url":"https:\/\/elfsight.com\/fr\/business-hours-widget\/woocommerce\/","name":"Ajouter des heures ouvrables \u00e0 WooCommerce - Int\u00e9grer un widget gratuit sur le site","isPartOf":{"@id":"https:\/\/elfsight.com\/fr\/#website"},"datePublished":"2024-05-03T06:31:06+00:00","dateModified":"2025-07-09T16:57:50+00:00","description":"Mettez un widget d'heures de travail r\u00e9glable sur WooCommerce pour afficher le statut de votre entreprise. Cr\u00e9ez votre widget d'heures de travail personnel dans la d\u00e9mo.","breadcrumb":{"@id":"https:\/\/elfsight.com\/fr\/business-hours-widget\/woocommerce\/#breadcrumb"},"inLanguage":"fr-FR","potentialAction":[{"@type":"ReadAction","target":["https:\/\/elfsight.com\/fr\/business-hours-widget\/woocommerce\/"]}]},{"@type":"BreadcrumbList","@id":"https:\/\/elfsight.com\/fr\/business-hours-widget\/woocommerce\/#breadcrumb","itemListElement":[{"@type":"ListItem","position":1,"name":"Home","item":"https:\/\/elfsight.com\/fr\/"},{"@type":"ListItem","position":2,"name":"Business Hours","item":"https:\/\/elfsight.com\/fr\/business-hours-widget\/"},{"@type":"ListItem","position":3,"name":"Business Hours &#8211; WooCommerce"}]},{"@type":"WebSite","@id":"https:\/\/elfsight.com\/fr\/#website","url":"https:\/\/elfsight.com\/fr\/","name":"Elfsight FR","description":"","potentialAction":[{"@type":"SearchAction","target":{"@type":"EntryPoint","urlTemplate":"https:\/\/elfsight.com\/fr\/?s={search_term_string}"},"query-input":{"@type":"PropertyValueSpecification","valueRequired":true,"valueName":"search_term_string"}}],"inLanguage":"fr-FR"}]}},"meta_box":{"industry":"","seo_heading":"","heading":"","description":"","cta_heading":"","cta_description":"","application":"7314","h1":"Plugin WooCommerce pour les heures ouvrables","h1_caption":"Affichez vos heures d'ouverture dans un format clair et attrayant pour informer les visiteurs de votre disponibilit\u00e9 sur votre site WooCommerce sans effort.","application_category":[],"applications_title":"","applications_request_title":"","applications_request_button_text":"","hero_text":"","hero_video":"","hero_video_schema_markup":"","selling_points_title":"","selling_points_caption":"","selling_points":[],"selling_points_cta_text":"","features_title":"","features":"","ed_cta_examples_text":"","ed_cta_examples_hidden":"","ed_cta_demo_text":"","ed_cta_demo_hidden":"","why_caption":"","why_editor_title":"","why_editor_text":"","why_team_title":"","why_team_text":"","why_service_title":"","why_service_text":"","template_catalog_visible":"","template_catalog_title":"","template_catalog_text":"","template_catalog_categories_visible":"","demo_title":"Cr\u00e9ez votre application Horaires d'ouverture","demo_caption":"Configurez vos heures d'ouverture et ajoutez-le \u00e0 votre site Web WooCommerce gratuitement !","default_faq_hidden":"","app_template_category":[],"platform":"397","template_public_id":"","codecanyon_url":"","codecanyon_item_id":"","codecanyon_price":"","pricing_caption":"","pricing_elfsight_apps_hide_column":"","pricing_elfsight_apps_url":"","pricing_codecanyon_price_caption":"","integration_category":[],"integration_request_title":"","integration_request_cta":"","integration_platform":"","integrations":[],"platform_category":[],"video_schema_markup":"","price":"\u00e0 partir de 0$ \/ mois","trial":"","benefits":[{"text":"Service d'installation gratuit"},{"text":"Soutien exceptionnel"},{"text":"Garantie de remboursement de 14 jours"},{"text":"Mise \u00e0 jour constante"}],"button_url":"#demo","button_target_blank":"","button_nofollow":"","attributes":[{"name":"Installations","content":"10,000 - 100,000"},{"name":"Sensible","content":"Oui"},{"name":"Navigateurs compatibles","content":"Firefox, Safari, Opera, Chrome, Edge"}],"tags":[],"tags_disable_links":"","hide_more_platforms":"","video_object":"","demo_hide_cta":"","demo_hide_cloud_options":"","pricing_title":"","pricing":[{"pricing_icon":"platform","pricing_title":"Elfsight Apps","pricing_title_caption":"Solution num\u00e9rique multiplateforme adapt\u00e9e \u00e0 n'importe quel site Web","pricing_price":"from $0 \/ month","pricing_price_caption":"commencez avec un forfait gratuit","pricing_benefits":[{"text":"Sites Web illimit\u00e9s"},{"text":"Assistance 24h\/24 et 7j\/7 et \u00e0 temps"},{"text":"Assistance \u00e0 l'installation gratuite"},{"text":"Enti\u00e8rement personnalisable"}],"pricing_button_text":"Ajouter au site Web","pricing_button_url":"#demo"}],"related_apps_title":"","related_apps_hidden":"","author":"","image":[],"title":"","job":"","social_networks":[]},"_links":{"self":[{"href":"https:\/\/elfsight.com\/fr\/wp-json\/wp\/v2\/pages\/8285","targetHints":{"allow":["GET"]}}],"collection":[{"href":"https:\/\/elfsight.com\/fr\/wp-json\/wp\/v2\/pages"}],"about":[{"href":"https:\/\/elfsight.com\/fr\/wp-json\/wp\/v2\/types\/page"}],"author":[{"embeddable":true,"href":"https:\/\/elfsight.com\/fr\/wp-json\/wp\/v2\/users\/9"}],"replies":[{"embeddable":true,"href":"https:\/\/elfsight.com\/fr\/wp-json\/wp\/v2\/comments?post=8285"}],"version-history":[{"count":1,"href":"https:\/\/elfsight.com\/fr\/wp-json\/wp\/v2\/pages\/8285\/revisions"}],"predecessor-version":[{"id":8289,"href":"https:\/\/elfsight.com\/fr\/wp-json\/wp\/v2\/pages\/8285\/revisions\/8289"}],"up":[{"embeddable":true,"href":"https:\/\/elfsight.com\/fr\/wp-json\/wp\/v2\/pages\/7324"}],"wp:attachment":[{"href":"https:\/\/elfsight.com\/fr\/wp-json\/wp\/v2\/media?parent=8285"}],"curies":[{"name":"wp","href":"https:\/\/api.w.org\/{rel}","templated":true}]}}