{"id":8284,"date":"2024-05-03T06:31:05","date_gmt":"2024-05-03T06:31:05","guid":{"rendered":"https:\/\/elfsight.com\/fr\/?page_id=8284"},"modified":"2025-07-09T16:57:15","modified_gmt":"2025-07-09T16:57:15","slug":"magento","status":"publish","type":"page","link":"https:\/\/elfsight.com\/fr\/business-hours-widget\/magento\/","title":{"rendered":"Business Hours &#8211; Magento"},"content":{"rendered":"<div class=\"application-platform-content-item-description application-platform-content-item\" id=\"description\" data-nav-section=\"description\"> <h2>Int\u00e9grer les heures d&rsquo;ouverture sur Magento avec une extension Elfsight<\/h2> <p>Elfsight Business Hours pour Magento est un simple widget sans code qui vous aide \u00e0 cr\u00e9er une carte de visite accrocheuse contenant les informations cl\u00e9s sur votre organisation. Vous pouvez inclure des informations sur votre \u00e9tat de disponibilit\u00e9 actuel et fournir des contacts \u00e0 vos clients. Le widget vous permet de cr\u00e9er des designs attrayants, afin que les clients puissent facilement explorer toutes les informations requises de mani\u00e8re br\u00e8ve ou plus d\u00e9taill\u00e9e. <\/p><p>Le widget remarquable est \u00e9quip\u00e9 d&rsquo;un ensemble de mod\u00e8les, afin que vous puissiez choisir l&rsquo;option la plus adapt\u00e9e \u00e0 votre site Web. Chaque mod\u00e8le pr\u00e9sente divers param\u00e8tres pour vous aider \u00e0 cr\u00e9er un widget personnalis\u00e9 avec les options n\u00e9cessaires telles que des boutons de r\u00e9servation et de r\u00e9servation qui am\u00e9liorent les ventes. Int\u00e9grer les heures de travail et les contacts de votre entreprise dans votre site Web est extr\u00eamement simple gr\u00e2ce \u00e0 Elfsight qui propose des tutoriels et des guides faciles \u00e0 suivre. Tout utilisateur peut cr\u00e9er et ajouter gratuitement le widget Heures d&rsquo;ouverture sans code.<\/p> <p><b>Ajoutez des informations commerciales \u00e0 votre site Web pour intensifier les taux de vente et la fid\u00e9lit\u00e9 des clients. Fournissez facilement des informations cl\u00e9s sur votre activit\u00e9 professionnelle. <\/b><\/p> <p>Avec ce widget int\u00e9gr\u00e9 \u00e0 votre site Web Magento, vous pouvez informer vos clients sur votre entreprise et augmenter vos ventes. D\u00e9couvrez certains des principaux avantages de votre site Web apr\u00e8s y avoir ajout\u00e9 le widget de cadres de travail sans code. <\/p><ul><li><b>Aidez les clients \u00e0 \u00eatre toujours \u00e0 l&rsquo;heure. <\/b> Boostez les ventes, gr\u00e2ce \u00e0 \u00eatre toujours en contact pendant les heures de travail correspondantes. Les visiteurs de votre site Web verront vos heures d\u2019ouverture et deviendront plus confiants pour r\u00e9ussir un achat en cas de besoin. <\/li><li><b>\u00c9vitez les malentendus sur vos horaires de travail. <\/b> Afficher vos p\u00e9riodes de travail simples aux clients sur le site les rendra plus fid\u00e8les \u00e0 votre organisation car ils pourront planifier une r\u00e9servation ou une visite chez vous. <\/li><li><b>Affichez les donn\u00e9es de contact de mani\u00e8re pratique. <\/b> L&rsquo;ajout des coordonn\u00e9es \u00e0 votre widget d&rsquo;heures de fonctionnement sans code vous permet de r\u00e9aliser des ventes plus rapidement. D\u00e9montrez que vous \u00eates pr\u00eat \u00e0 r\u00e9pondre \u00e0 leurs demandes sur les produits et services de votre entreprise, ce qui se traduira par plus de confiance et de prestige. <\/li><\/ul><div class=\"faq\" data-component=\"FAQ\"><div class=\"faq-item\">\r\n\t\t\t\t\t<div class=\"faq-item-question\">\r\n\t\t\t\t\t\t<h3 class=\"faq-item-question-text\">Existe-t-il d'autres plugins pour Magento que je peux utiliser sur mon site pour augmenter les ventes ?<\/h3>\r\n\r\n\t\t\t\t\t\t<div class=\"faq-item-question-icon\"><\/div>\r\n\t\t\t\t\t<\/div>\r\n\r\n\t\t\t\t\t<div class=\"faq-item-answer\">\r\n\t\t\t\t\t\t<div class=\"faq-item-answer-text\">Nous pouvons vous fournir de nombreux plugins pour atteindre tout type d&rsquo;objectif sur votre site. V\u00e9rifiez ces plugins\u00a0: <a href=\"https:\/\/elfsight.com\/google-reviews-widget\/magento\/\" target=\"_blank\" rel=\"noopener\">Avis Google<\/a>, <a href=\"https:\/\/elfsight.com\/whatsapp-chat-widget\/magento\/\" target=\"_blank\" rel=\"noopener\">Chat WhatsApp<\/a>, <a href=\"https:\/\/elfsight.com\/event -calendar-widget\/magento\/\" target=\"_blank\" rel=\"noopener\">Calendrier des \u00e9v\u00e9nements<\/a>, <a href=\"https:\/\/elfsight.com\/countdown-timer-widget\/magento\/\" target=\"_blank\" rel=\"noopener\">Compte \u00e0 rebours<\/a>, <a href=\"https:\/\/elfsight.com\/qr-code-widget\/magento\/\" target=\"_blank\" rel=\"noopener\">QR Code<\/a>. <\/div>\r\n\t\t\t\t\t<\/div>\r\n\t\t\t\t<\/div><div class=\"faq-item\">\r\n\t\t\t\t\t<div class=\"faq-item-question\">\r\n\t\t\t\t\t\t<h3 class=\"faq-item-question-text\">Comment puis-je obtenir des r\u00e9sultats avec les heures ouvrables sur Magento ?<\/h3>\r\n\r\n\t\t\t\t\t\t<div class=\"faq-item-question-icon\"><\/div>\r\n\t\t\t\t\t<\/div>\r\n\r\n\t\t\t\t\t<div class=\"faq-item-answer\">\r\n\t\t\t\t\t\t<div class=\"faq-item-answer-text\">Il existe de nombreux sc\u00e9narios pour am\u00e9liorer les taux de conversion et les chiffres de ventes en ajoutant un plugin Business Hours. Avec les mod\u00e8les d&rsquo;Elfsight pour ce remarquable plugin pour sites Web, vous pouvez choisir une tactique commerciale personnalis\u00e9e. Vous pouvez soit afficher des informations d\u00e9taill\u00e9es sur vos heures d&rsquo;ouverture et les moyens de vous parler, soit simplement int\u00e9grer une fen\u00eatre contextuelle compacte sur l&rsquo;\u00e9tat de fonctionnement. Vous pouvez cr\u00e9er des fiches de contact avec votre plugin d&rsquo;heures d&rsquo;ouverture et les ajouter aux zones pr\u00e9f\u00e9rables du site Web pour attirer l&rsquo;attention et informer les clients de votre statut afin d&rsquo;augmenter les ventes. <\/div>\r\n\t\t\t\t\t<\/div>\r\n\t\t\t\t<\/div><div class=\"faq-item\">\r\n\t\t\t\t\t<div class=\"faq-item-question\">\r\n\t\t\t\t\t\t<h3 class=\"faq-item-question-text\">Comment int\u00e9grer gratuitement les heures ouvrables dans les sites Web Magento ?<\/h3>\r\n\r\n\t\t\t\t\t\t<div class=\"faq-item-question-icon\"><\/div>\r\n\t\t\t\t\t<\/div>\r\n\r\n\t\t\t\t\t<div class=\"faq-item-answer\">\r\n\t\t\t\t\t\t<div class=\"faq-item-answer-text\">L&rsquo;int\u00e9gration d&rsquo;un plugin Business Hours dans votre site Web Magento est utilis\u00e9e pour engager les clients dans la communication et garantir les ventes. Ici vous pouvez voir de brefs tutoriels sur l\u2019ajout du plugin heures d\u2019ouverture \u00e0 votre site Web. <ol><li>Pour int\u00e9grer gratuitement un plugin Elfsight Business Hours dans Magento, acc\u00e9dez au site Web Elfsight et cr\u00e9ez un compte. <\/li><li>Cr\u00e9ez le plugin gratuit Business Hours en adaptant son apparence et ses param\u00e8tres en fonction du style de votre site Web Magento. <\/li><li>Apr\u00e8s avoir personnalis\u00e9 vos heures d&rsquo;ouverture, copiez l&rsquo;extrait de code sp\u00e9cial et collez-le dans votre site Web Magento o\u00f9 vous souhaitez que le plugin apparaisse. <\/li><\/ol>En ins\u00e9rant vos heures d&rsquo;ouverture sans code dans votre site Web Magento, vous augmenterez certainement son magn\u00e9tisme visuel et d\u00e9velopperez une implication durable des clients. Profitez gratuitement des avantages des heures d&rsquo;ouverture d&rsquo;Elfsight\u00a0! <\/div>\r\n\t\t\t\t\t<\/div>\r\n\t\t\t\t<\/div><\/div><\/div> <div class=\"application-platform-content-item-features application-platform-content-item\" id=\"features\" data-nav-section=\"features\"> <h2>Voici seulement quelques-unes des fonctionnalit\u00e9s utiles du widget\u00a0:<\/h2> <ul><li>Affichez votre disponibilit\u00e9 actuelle<\/li><li>Ajustement facile des cadres de travail<\/li><li>Configuration pour occasions sp\u00e9ciales<\/li><li>Statut de la situation en temps r\u00e9el<\/li><li>Tableau int\u00e9grable ou statut compact<\/li><\/ul> <p><a href=\"#demo\">Examinez toutes les options de personnalisation dans la d\u00e9mo compl\u00e8te<\/a><\/p><\/div> <div class=\"application-platform-content-item-installation application-platform-content-item\" id=\"installation\" data-nav-section=\"installation\"> <h2>Comment puis-je int\u00e9grer Business Des heures pass\u00e9es sur mon site Web Magento\u00a0?<\/h2> <p>Remplissez simplement les instructions ci-dessous pour le plugin avec votre dur\u00e9e de fonctionnement. <\/p> <ol><li><b>Ex\u00e9cutez notre \u00e9diteur et commencez \u00e0 cr\u00e9er votre propre plugin. <\/b><br> Recherchez la conception et les fonctionnalit\u00e9s pr\u00e9f\u00e9r\u00e9es du plugin et appliquez les corrections. <\/li> <li><b>Recevez votre code d&rsquo;int\u00e9gration individuel apparaissant dans la fen\u00eatre des applications Elfsight. <\/b><br> D\u00e8s que la mise en place de votre solution personnelle d&rsquo;heures d&rsquo;activit\u00e9 sans code est termin\u00e9e, copiez le code personnel dans la case qui appara\u00eet et conservez-le pour un besoin ult\u00e9rieur. <\/li> <li><b>Initiez l&rsquo;utilisation de l&rsquo;extension sur votre site Magento. <\/b><br> Ins\u00e9rez le code copi\u00e9 r\u00e9cemment dans votre site et appliquez les modifications. <\/li> <li><b>Fait\u00a0! L\u2019int\u00e9gration de votre no-code dans les Business Hours du site est pleinement r\u00e9alis\u00e9e. <\/b><br> Visitez votre site Web pour inspecter les performances de l&rsquo;extension des heures d&rsquo;ouverture. <\/li><\/ol> <p>En cas de questions ou de difficult\u00e9s, n&rsquo;h\u00e9sitez pas \u00e0 postuler pour notre \u00e9quipe de service client. Nos collaborateurs sont impatients de r\u00e9soudre tous les probl\u00e8mes que vous pourriez rencontrer avec l&rsquo;extension pour Magento. <\/p><\/div>","protected":false},"excerpt":{"rendered":"","protected":false},"author":9,"featured_media":0,"parent":7324,"menu_order":0,"comment_status":"closed","ping_status":"closed","template":"templates\/template-application-platform.php","meta":{"publish_to_discourse":"","publish_post_category":"","wpdc_auto_publish_overridden":"","wpdc_topic_tags":"","wpdc_pin_topic":"","wpdc_pin_until":"","discourse_post_id":"","discourse_permalink":"","wpdc_publishing_response":"","wpdc_publishing_error":"","footnotes":""},"class_list":["post-8284","page","type-page","status-publish","hentry"],"yoast_head":"<!-- This site is optimized with the Yoast SEO plugin v25.3.1 - https:\/\/yoast.com\/wordpress\/plugins\/seo\/ -->\n<title>Ajouter des heures ouvrables \u00e0 Magento - Int\u00e9grer une extension gratuite pour les sites<\/title>\n<meta name=\"description\" content=\"Ajoutez un widget d&#039;heures d&#039;ouverture personnalisable \u00e0 Magento pour pr\u00e9senter le statut de votre entreprise. Cr\u00e9ez votre widget d&#039;heures de travail personnel dans la d\u00e9mo.\" \/>\n<meta name=\"robots\" content=\"index, follow, max-snippet:-1, max-image-preview:large, max-video-preview:-1\" \/>\n<link rel=\"canonical\" href=\"https:\/\/elfsight.com\/fr\/business-hours-widget\/magento\/\" \/>\n<meta property=\"og:locale\" content=\"fr_FR\" \/>\n<meta property=\"og:type\" content=\"article\" \/>\n<meta property=\"og:title\" content=\"Ajouter des heures ouvrables \u00e0 Magento - Int\u00e9grer une extension gratuite pour les sites\" \/>\n<meta property=\"og:description\" content=\"Ajoutez un widget d&#039;heures d&#039;ouverture personnalisable \u00e0 Magento pour pr\u00e9senter le statut de votre entreprise. Cr\u00e9ez votre widget d&#039;heures de travail personnel dans la d\u00e9mo.\" \/>\n<meta property=\"og:url\" content=\"https:\/\/elfsight.com\/fr\/business-hours-widget\/magento\/\" \/>\n<meta property=\"og:site_name\" content=\"Elfsight FR\" \/>\n<meta property=\"article:modified_time\" content=\"2025-07-09T16:57:15+00:00\" \/>\n<meta name=\"twitter:card\" content=\"summary_large_image\" \/>\n<meta name=\"twitter:label1\" content=\"Dur\u00e9e de lecture estim\u00e9e\" \/>\n\t<meta name=\"twitter:data1\" content=\"5 minutes\" \/>\n<!-- \/ Yoast SEO plugin. -->","yoast_head_json":{"title":"Ajouter des heures ouvrables \u00e0 Magento - Int\u00e9grer une extension gratuite pour les sites","description":"Ajoutez un widget d'heures d'ouverture personnalisable \u00e0 Magento pour pr\u00e9senter le statut de votre entreprise. Cr\u00e9ez votre widget d'heures de travail personnel dans la d\u00e9mo.","robots":{"index":"index","follow":"follow","max-snippet":"max-snippet:-1","max-image-preview":"max-image-preview:large","max-video-preview":"max-video-preview:-1"},"canonical":"https:\/\/elfsight.com\/fr\/business-hours-widget\/magento\/","og_locale":"fr_FR","og_type":"article","og_title":"Ajouter des heures ouvrables \u00e0 Magento - Int\u00e9grer une extension gratuite pour les sites","og_description":"Ajoutez un widget d'heures d'ouverture personnalisable \u00e0 Magento pour pr\u00e9senter le statut de votre entreprise. Cr\u00e9ez votre widget d'heures de travail personnel dans la d\u00e9mo.","og_url":"https:\/\/elfsight.com\/fr\/business-hours-widget\/magento\/","og_site_name":"Elfsight FR","article_modified_time":"2025-07-09T16:57:15+00:00","twitter_card":"summary_large_image","twitter_misc":{"Dur\u00e9e de lecture estim\u00e9e":"5 minutes"},"schema":{"@context":"https:\/\/schema.org","@graph":[{"@type":"WebPage","@id":"https:\/\/elfsight.com\/fr\/business-hours-widget\/magento\/","url":"https:\/\/elfsight.com\/fr\/business-hours-widget\/magento\/","name":"Ajouter des heures ouvrables \u00e0 Magento - Int\u00e9grer une extension gratuite pour les sites","isPartOf":{"@id":"https:\/\/elfsight.com\/fr\/#website"},"datePublished":"2024-05-03T06:31:05+00:00","dateModified":"2025-07-09T16:57:15+00:00","description":"Ajoutez un widget d'heures d'ouverture personnalisable \u00e0 Magento pour pr\u00e9senter le statut de votre entreprise. Cr\u00e9ez votre widget d'heures de travail personnel dans la d\u00e9mo.","breadcrumb":{"@id":"https:\/\/elfsight.com\/fr\/business-hours-widget\/magento\/#breadcrumb"},"inLanguage":"fr-FR","potentialAction":[{"@type":"ReadAction","target":["https:\/\/elfsight.com\/fr\/business-hours-widget\/magento\/"]}]},{"@type":"BreadcrumbList","@id":"https:\/\/elfsight.com\/fr\/business-hours-widget\/magento\/#breadcrumb","itemListElement":[{"@type":"ListItem","position":1,"name":"Home","item":"https:\/\/elfsight.com\/fr\/"},{"@type":"ListItem","position":2,"name":"Business Hours","item":"https:\/\/elfsight.com\/fr\/business-hours-widget\/"},{"@type":"ListItem","position":3,"name":"Business Hours &#8211; Magento"}]},{"@type":"WebSite","@id":"https:\/\/elfsight.com\/fr\/#website","url":"https:\/\/elfsight.com\/fr\/","name":"Elfsight FR","description":"","potentialAction":[{"@type":"SearchAction","target":{"@type":"EntryPoint","urlTemplate":"https:\/\/elfsight.com\/fr\/?s={search_term_string}"},"query-input":{"@type":"PropertyValueSpecification","valueRequired":true,"valueName":"search_term_string"}}],"inLanguage":"fr-FR"}]}},"meta_box":{"industry":"","seo_heading":"","heading":"","description":"","cta_heading":"","cta_description":"","application":"7314","h1":"Extension des heures d'ouverture de Magento","h1_caption":"Affichez vos heures d'ouverture dans un format clair et attrayant pour informer les visiteurs de votre disponibilit\u00e9 sur votre site Magento sans effort.","application_category":[],"applications_title":"","applications_request_title":"","applications_request_button_text":"","hero_text":"","hero_video":"","hero_video_schema_markup":"","selling_points_title":"","selling_points_caption":"","selling_points":[],"selling_points_cta_text":"","features_title":"","features":"","ed_cta_examples_text":"","ed_cta_examples_hidden":"","ed_cta_demo_text":"","ed_cta_demo_hidden":"","why_caption":"","why_editor_title":"","why_editor_text":"","why_team_title":"","why_team_text":"","why_service_title":"","why_service_text":"","template_catalog_visible":"","template_catalog_title":"","template_catalog_text":"","template_catalog_categories_visible":"","demo_title":"Cr\u00e9ez votre extension d'heures d'ouverture","demo_caption":"Configurez vos heures d'ouverture et ajoutez-les \u00e0 votre site Web Magento gratuitement\u00a0!","default_faq_hidden":"","app_template_category":[],"platform":"357","template_public_id":"","codecanyon_url":"","codecanyon_item_id":"","codecanyon_price":"","pricing_caption":"","pricing_elfsight_apps_hide_column":"","pricing_elfsight_apps_url":"","pricing_codecanyon_price_caption":"","integration_category":[],"integration_request_title":"","integration_request_cta":"","integration_platform":"","integrations":[],"platform_category":[],"video_schema_markup":"","price":"\u00e0 partir de 0$ \/ mois","trial":"","benefits":[{"text":"Service d'installation gratuit"},{"text":"Support client exp\u00e9riment\u00e9"},{"text":"Garantie de remboursement de 14 jours"},{"text":"D\u00e9veloppement continu"}],"button_url":"#demo","button_target_blank":"","button_nofollow":"","attributes":[{"name":"Installations","content":"10,000 - 100,000"},{"name":"Sensible","content":"Oui"},{"name":"Navigateurs compatibles","content":"Firefox, Safari, Opera, Chrome, Edge"}],"tags":[],"tags_disable_links":"","hide_more_platforms":"","video_object":"","demo_hide_cta":"","demo_hide_cloud_options":"","pricing_title":"","pricing":[{"pricing_icon":"platform","pricing_title":"Elfsight Apps","pricing_title_caption":"Logiciel multiplateforme adapt\u00e9 \u00e0 n'importe quel site Web","pricing_price":"from $0 \/ month","pricing_price_caption":"commencez avec un forfait gratuit","pricing_benefits":[{"text":"Sites Web illimit\u00e9s"},{"text":"Accompagnement professionnel"},{"text":"Assistance \u00e0 l'installation gratuite"},{"text":"100% personnalisable"}],"pricing_button_text":"Ajouter au site Web","pricing_button_url":"#demo"}],"related_apps_title":"","related_apps_hidden":"","author":"","image":[],"title":"","job":"","social_networks":[]},"_links":{"self":[{"href":"https:\/\/elfsight.com\/fr\/wp-json\/wp\/v2\/pages\/8284","targetHints":{"allow":["GET"]}}],"collection":[{"href":"https:\/\/elfsight.com\/fr\/wp-json\/wp\/v2\/pages"}],"about":[{"href":"https:\/\/elfsight.com\/fr\/wp-json\/wp\/v2\/types\/page"}],"author":[{"embeddable":true,"href":"https:\/\/elfsight.com\/fr\/wp-json\/wp\/v2\/users\/9"}],"replies":[{"embeddable":true,"href":"https:\/\/elfsight.com\/fr\/wp-json\/wp\/v2\/comments?post=8284"}],"version-history":[{"count":1,"href":"https:\/\/elfsight.com\/fr\/wp-json\/wp\/v2\/pages\/8284\/revisions"}],"predecessor-version":[{"id":8288,"href":"https:\/\/elfsight.com\/fr\/wp-json\/wp\/v2\/pages\/8284\/revisions\/8288"}],"up":[{"embeddable":true,"href":"https:\/\/elfsight.com\/fr\/wp-json\/wp\/v2\/pages\/7324"}],"wp:attachment":[{"href":"https:\/\/elfsight.com\/fr\/wp-json\/wp\/v2\/media?parent=8284"}],"curies":[{"name":"wp","href":"https:\/\/api.w.org\/{rel}","templated":true}]}}