{"id":8276,"date":"2024-05-03T06:31:01","date_gmt":"2024-05-03T06:31:01","guid":{"rendered":"https:\/\/elfsight.com\/fr\/?page_id=8276"},"modified":"2024-12-23T12:41:17","modified_gmt":"2024-12-23T12:41:17","slug":"opencart","status":"publish","type":"page","link":"https:\/\/elfsight.com\/fr\/business-hours-widget\/opencart\/","title":{"rendered":"Business Hours &#8211; OpenCart"},"content":{"rendered":"\n<div class=\"application-platform-content-item-description application-platform-content-item\" id=\"description\" data-nav-section=\"description\">\n  <h2>Int\u00e9grer les heures ouvrables dans OpenCart avec une extension Elfsight<\/h2>\n  <p>Elfsight Business Hours pour OpenCart est un widget sans code simple et pratique qui vous permet de cr\u00e9er une jolie carte de visite avec les informations essentielles concernant votre activit\u00e9. Vous pouvez ajouter des d\u00e9tails sur votre disponibilit\u00e9 actuelle et fournir des contacts \u00e0 vos visiteurs. Le widget vous permet de concevoir des \u00e9l\u00e9ments visuels attrayants, afin que vos clients puissent rapidement consulter toutes les informations n\u00e9cessaires, que ce soit de mani\u00e8re concise ou d\u00e9taill\u00e9e.<\/p>\n  <p>Le widget inclut plusieurs mod\u00e8les, vous permettant de choisir celui qui convient le mieux \u00e0 votre site. Chaque mod\u00e8le dispose de param\u00e8tres personnalisables qui vous permettent de cr\u00e9er un widget avec des options telles que des boutons d&rsquo;appel \u00e0 l&rsquo;action (CTA) qui boostent les ventes. Ajouter les horaires de travail et les contacts de votre entreprise \u00e0 votre site Web est un jeu d&rsquo;enfant gr\u00e2ce aux tutoriels propos\u00e9s par Elfsight. Tout propri\u00e9taire de site peut cr\u00e9er et int\u00e9grer gratuitement le widget des heures d&rsquo;ouverture sans avoir besoin de coder.<\/p>\n  <p><strong>Ajoutez les d\u00e9tails de votre entreprise \u00e0 votre site Web pour augmenter les ventes et renforcer la cr\u00e9dibilit\u00e9 aupr\u00e8s des clients. Affichez clairement des informations pertinentes sur vos horaires de travail et vos services.<\/strong><\/p>\n  <p>En int\u00e9grant ce widget \u00e0 votre site OpenCart, vous pouvez informer vos clients sur votre activit\u00e9 commerciale et ainsi g\u00e9n\u00e9rer des ventes r\u00e9guli\u00e8res. D\u00e9couvrez ci-dessous quelques-uns des principaux avantages pour votre site apr\u00e8s l&rsquo;int\u00e9gration de ce widget de gestion des horaires sans code :<\/p>\n  <ul>\n    <li><strong>Aidez vos clients \u00e0 \u00eatre toujours ponctuels.<\/strong> Boostez vos ventes en \u00e9tant disponible pendant les horaires indiqu\u00e9s. Les visiteurs de votre site Web pr\u00eateront attention \u00e0 vos heures d&rsquo;ouverture et seront plus enclins \u00e0 finaliser leurs achats lorsqu&rsquo;ils sauront que vous \u00eates disponible.<\/li>\n    <li><strong>\u00c9vitez toute confusion concernant vos horaires de travail.<\/strong> En affichant clairement vos p\u00e9riodes de travail sur votre site, vous rendez vos clients plus confiants et vous leur permettez de mieux planifier leurs commandes ou visites.<\/li>\n    <li><strong>Affichez vos donn\u00e9es de contact de mani\u00e8re claire.<\/strong> L&rsquo;ajout d&rsquo;informations de contact \u00e0 votre widget d&rsquo;heures d&rsquo;ouverture permet de faciliter la communication avec vos clients et d&rsquo;am\u00e9liorer vos ventes. Montrez que vous \u00eates pr\u00eat \u00e0 r\u00e9pondre \u00e0 leurs questions, ce qui augmentera leur confiance et leur satisfaction.<\/li>\n  <\/ul>\n<\/div>\n\n<div class=\"faq\" data-component=\"FAQ\">\n  <h2>Questions fr\u00e9quentes<\/h2>\n  <div class=\"faq-item\">\r\n\t\t\t\t\t<div class=\"faq-item-question\">\r\n\t\t\t\t\t\t<h3 class=\"faq-item-question-text\">Y a-t-il d'autres plugins pour OpenCart que je peux ajouter \u00e0 mon site ?<\/h3>\r\n\r\n\t\t\t\t\t\t<div class=\"faq-item-question-icon\"><\/div>\r\n\t\t\t\t\t<\/div>\r\n\r\n\t\t\t\t\t<div class=\"faq-item-answer\">\r\n\t\t\t\t\t\t<div class=\"faq-item-answer-text\">\n    <p>Nous proposons de nombreux plugins pour r\u00e9pondre \u00e0 vos besoins sp\u00e9cifiques sur votre site. Par exemple :<\/p>\n    <ul>\n      <li><a href=\"https:\/\/elfsight.com\/google-reviews-widget\/opencart\/\" target=\"_blank\" rel=\"noopener\">Avis Google<\/a><\/li>\n      <li><a href=\"https:\/\/elfsight.com\/whatsapp-chat-widget\/opencart\/\" target=\"_blank\" rel=\"noopener\">Chat WhatsApp<\/a><\/li>\n      <li><a href=\"https:\/\/elfsight.com\/event-calendar-widget\/opencart\/\" target=\"_blank\" rel=\"noopener\">Calendrier des \u00e9v\u00e9nements<\/a><\/li>\n      <li><a href=\"https:\/\/elfsight.com\/countdown-timer-widget\/opencart\/\" target=\"_blank\" rel=\"noopener\">Compte \u00e0 rebours<\/a><\/li>\n      <li><a href=\"https:\/\/elfsight.com\/qr-code-widget\/opencart\/\" target=\"_blank\" rel=\"noopener\">QR Code<\/a><\/li>\n    <\/ul>\n  <\/div>\r\n\t\t\t\t\t<\/div>\r\n\t\t\t\t<\/div>\n\n  <div class=\"faq-item\">\r\n\t\t\t\t\t<div class=\"faq-item-question\">\r\n\t\t\t\t\t\t<h3 class=\"faq-item-question-text\">Comment puis-je obtenir des r\u00e9sultats avec les heures ouvrables sur le site OpenCart ?<\/h3>\r\n\r\n\t\t\t\t\t\t<div class=\"faq-item-question-icon\"><\/div>\r\n\t\t\t\t\t<\/div>\r\n\r\n\t\t\t\t\t<div class=\"faq-item-answer\">\r\n\t\t\t\t\t\t<div class=\"faq-item-answer-text\">\n    <p>Il existe de nombreuses fa\u00e7ons d&rsquo;am\u00e9liorer vos taux de conversion et vos r\u00e9sultats de ventes en ajoutant un plugin des heures d&rsquo;ouverture. Avec les mod\u00e8les Elfsight, vous pouvez personnaliser votre approche commerciale en fonction de vos besoins. Vous pouvez afficher des informations d\u00e9taill\u00e9es sur vos horaires de travail et les moyens de vous contacter, ou simplement int\u00e9grer une fen\u00eatre contextuelle compacte avec l&rsquo;\u00e9tat de fonctionnement de votre entreprise. Vous pouvez \u00e9galement cr\u00e9er des fiches de contact et les ajouter aux pages pertinentes de votre site pour attirer l&rsquo;attention de vos visiteurs et les informer sur vos services, ce qui favorisera les ventes.<\/p>\n  <\/div>\r\n\t\t\t\t\t<\/div>\r\n\t\t\t\t<\/div>\n\n  <div class=\"faq-item\">\r\n\t\t\t\t\t<div class=\"faq-item-question\">\r\n\t\t\t\t\t\t<h3 class=\"faq-item-question-text\">Comment int\u00e9grer gratuitement les heures ouvrables sans code dans les sites Web OpenCart ?<\/h3>\r\n\r\n\t\t\t\t\t\t<div class=\"faq-item-question-icon\"><\/div>\r\n\t\t\t\t\t<\/div>\r\n\r\n\t\t\t\t\t<div class=\"faq-item-answer\">\r\n\t\t\t\t\t\t<div class=\"faq-item-answer-text\">\n    <p>L&rsquo;int\u00e9gration d&rsquo;un plugin des heures ouvrables dans votre site Web OpenCart est un moyen id\u00e9al pour d\u00e9marrer la communication avec vos clients et leur faire savoir vos disponibilit\u00e9s pour r\u00e9aliser des ventes ou fournir des services. Voici comment proc\u00e9der :<\/p>\n    <ol>\n      <li><strong>Cr\u00e9ez un compte sur Elfsight.<\/strong> Acc\u00e9dez au site Elfsight et inscrivez-vous.<\/li>\n      <li><strong>Cr\u00e9ez le plugin Business Hours gratuitement.<\/strong> Personnalisez son apparence et ses param\u00e8tres pour qu&rsquo;ils correspondent au design de votre site Web.<\/li>\n      <li><strong>Obtenez le code d&rsquo;int\u00e9gration.<\/strong> Apr\u00e8s avoir ajust\u00e9 vos horaires de travail, copiez l&rsquo;extrait de code fourni et collez-le dans la section de votre site Web o\u00f9 vous souhaitez que le plugin apparaisse.<\/li>\n    <\/ol>\n    <p>En ins\u00e9rant vos heures d&rsquo;ouverture sur votre site OpenCart, vous fid\u00e9liserez continuellement vos visiteurs. Profitez des avantages du plugin Elfsight Business Hours gratuitement !<\/p>\n  <\/div>\r\n\t\t\t\t\t<\/div>\r\n\t\t\t\t<\/div>\n<\/div>\n\n<div class=\"application-platform-content-item-features application-platform-content-item\" id=\"features\" data-nav-section=\"features\">\n  <h2>Voici les fonctionnalit\u00e9s les plus importantes du widget :<\/h2>\n  <ul>\n    <li>Affichage de la disponibilit\u00e9 en temps r\u00e9el de votre organisation<\/li>\n    <li>Configuration simple du calendrier<\/li>\n    <li>Gestion des \u00e9v\u00e9nements festifs et exceptions<\/li>\n    <li>Affichage de l&rsquo;\u00e9tat en temps r\u00e9el<\/li>\n    <li>Mode graphique int\u00e9gr\u00e9 ou \u00e9tat compact pour \u00e9conomiser de l&rsquo;espace<\/li>\n  <\/ul>\n  <p><a href=\"#demo\">Testez toutes les fonctionnalit\u00e9s du widget dans la d\u00e9mo en direct<\/a><\/p>\n<\/div>\n\n<div class=\"application-platform-content-item-installation application-platform-content-item\" id=\"installation\" data-nav-section=\"installation\">\n  <h2>Comment ajouter les heures ouvrables \u00e0 mon site OpenCart ?<\/h2>\n  <p>Suivez ces \u00e9tapes simples pour int\u00e9grer le plugin des heures d&rsquo;ouverture \u00e0 votre site OpenCart :<\/p>\n  <ol>\n    <li><strong>Utilisez notre configurateur pour cr\u00e9er votre plugin personnalis\u00e9.<\/strong><br> Choisissez le mod\u00e8le et les fonctionnalit\u00e9s de votre widget et appliquez les ajustements n\u00e9cessaires.<\/li>\n    <li><strong>Obtenez le code unique.<\/strong><br> Une fois que vous avez personnalis\u00e9 votre plugin, copiez le code unique fourni dans la fen\u00eatre Elfsight Apps.<\/li>\n    <li><strong>Int\u00e9grez le plugin sur votre site OpenCart.<\/strong><br> Placez le code copi\u00e9 dans la section souhait\u00e9e de votre site et enregistrez les modifications.<\/li>\n    <li><strong>Termin\u00e9 !<\/strong><br> Vous pouvez maintenant acc\u00e9der \u00e0 votre site Web pour voir en action le widget des heures d&rsquo;ouverture.<\/li>\n  <\/ol>\n  <p>Si vous avez des questions ou rencontrez des probl\u00e8mes, n&rsquo;h\u00e9sitez pas \u00e0 contacter notre \u00e9quipe d&rsquo;assistance. Nos sp\u00e9cialistes seront ravis de vous aider \u00e0 r\u00e9soudre tout probl\u00e8me rencontr\u00e9 lors de l&rsquo;int\u00e9gration du produit sur OpenCart.<\/p>\n<\/div>\n\n","protected":false},"excerpt":{"rendered":"","protected":false},"author":9,"featured_media":0,"parent":7324,"menu_order":0,"comment_status":"closed","ping_status":"closed","template":"templates\/template-application-platform.php","meta":{"publish_to_discourse":"","publish_post_category":"","wpdc_auto_publish_overridden":"","wpdc_topic_tags":"","wpdc_pin_topic":"","wpdc_pin_until":"","discourse_post_id":"","discourse_permalink":"","wpdc_publishing_response":"","wpdc_publishing_error":"","footnotes":""},"class_list":["post-8276","page","type-page","status-publish","hentry"],"yoast_head":"<!-- This site is optimized with the Yoast SEO plugin v25.3.1 - https:\/\/yoast.com\/wordpress\/plugins\/seo\/ -->\n<title>Ajouter des heures d&#039;ouverture \u00e0 OpenCart - Int\u00e9grer un calendrier gratuit sans code<\/title>\n<meta name=\"description\" content=\"Int\u00e9grez un widget d&#039;heures ouvrables personnalisable dans OpenCart pour partager l&#039;\u00e9tat de votre activit\u00e9. Cr\u00e9ez vos propres heures de travail dans la d\u00e9mo.\" \/>\n<meta name=\"robots\" content=\"index, follow, max-snippet:-1, max-image-preview:large, max-video-preview:-1\" \/>\n<link rel=\"canonical\" href=\"https:\/\/elfsight.com\/fr\/business-hours-widget\/opencart\/\" \/>\n<meta property=\"og:locale\" content=\"fr_FR\" \/>\n<meta property=\"og:type\" content=\"article\" \/>\n<meta property=\"og:title\" content=\"Ajouter des heures d&#039;ouverture \u00e0 OpenCart - Int\u00e9grer un calendrier gratuit sans code\" \/>\n<meta property=\"og:description\" content=\"Int\u00e9grez un widget d&#039;heures ouvrables personnalisable dans OpenCart pour partager l&#039;\u00e9tat de votre activit\u00e9. Cr\u00e9ez vos propres heures de travail dans la d\u00e9mo.\" \/>\n<meta property=\"og:url\" content=\"https:\/\/elfsight.com\/fr\/business-hours-widget\/opencart\/\" \/>\n<meta property=\"og:site_name\" content=\"Elfsight FR\" \/>\n<meta property=\"article:modified_time\" content=\"2024-12-23T12:41:17+00:00\" \/>\n<meta name=\"twitter:card\" content=\"summary_large_image\" \/>\n<meta name=\"twitter:label1\" content=\"Dur\u00e9e de lecture estim\u00e9e\" \/>\n\t<meta name=\"twitter:data1\" content=\"5 minutes\" \/>\n<!-- \/ Yoast SEO plugin. -->","yoast_head_json":{"title":"Ajouter des heures d'ouverture \u00e0 OpenCart - Int\u00e9grer un calendrier gratuit sans code","description":"Int\u00e9grez un widget d'heures ouvrables personnalisable dans OpenCart pour partager l'\u00e9tat de votre activit\u00e9. Cr\u00e9ez vos propres heures de travail dans la d\u00e9mo.","robots":{"index":"index","follow":"follow","max-snippet":"max-snippet:-1","max-image-preview":"max-image-preview:large","max-video-preview":"max-video-preview:-1"},"canonical":"https:\/\/elfsight.com\/fr\/business-hours-widget\/opencart\/","og_locale":"fr_FR","og_type":"article","og_title":"Ajouter des heures d'ouverture \u00e0 OpenCart - Int\u00e9grer un calendrier gratuit sans code","og_description":"Int\u00e9grez un widget d'heures ouvrables personnalisable dans OpenCart pour partager l'\u00e9tat de votre activit\u00e9. Cr\u00e9ez vos propres heures de travail dans la d\u00e9mo.","og_url":"https:\/\/elfsight.com\/fr\/business-hours-widget\/opencart\/","og_site_name":"Elfsight FR","article_modified_time":"2024-12-23T12:41:17+00:00","twitter_card":"summary_large_image","twitter_misc":{"Dur\u00e9e de lecture estim\u00e9e":"5 minutes"},"schema":{"@context":"https:\/\/schema.org","@graph":[{"@type":"WebPage","@id":"https:\/\/elfsight.com\/fr\/business-hours-widget\/opencart\/","url":"https:\/\/elfsight.com\/fr\/business-hours-widget\/opencart\/","name":"Ajouter des heures d'ouverture \u00e0 OpenCart - Int\u00e9grer un calendrier gratuit sans code","isPartOf":{"@id":"https:\/\/elfsight.com\/fr\/#website"},"datePublished":"2024-05-03T06:31:01+00:00","dateModified":"2024-12-23T12:41:17+00:00","description":"Int\u00e9grez un widget d'heures ouvrables personnalisable dans OpenCart pour partager l'\u00e9tat de votre activit\u00e9. Cr\u00e9ez vos propres heures de travail dans la d\u00e9mo.","breadcrumb":{"@id":"https:\/\/elfsight.com\/fr\/business-hours-widget\/opencart\/#breadcrumb"},"inLanguage":"fr-FR","potentialAction":[{"@type":"ReadAction","target":["https:\/\/elfsight.com\/fr\/business-hours-widget\/opencart\/"]}]},{"@type":"BreadcrumbList","@id":"https:\/\/elfsight.com\/fr\/business-hours-widget\/opencart\/#breadcrumb","itemListElement":[{"@type":"ListItem","position":1,"name":"Home","item":"https:\/\/elfsight.com\/fr\/"},{"@type":"ListItem","position":2,"name":"Business Hours","item":"https:\/\/elfsight.com\/fr\/business-hours-widget\/"},{"@type":"ListItem","position":3,"name":"Business Hours &#8211; OpenCart"}]},{"@type":"WebSite","@id":"https:\/\/elfsight.com\/fr\/#website","url":"https:\/\/elfsight.com\/fr\/","name":"Elfsight FR","description":"","potentialAction":[{"@type":"SearchAction","target":{"@type":"EntryPoint","urlTemplate":"https:\/\/elfsight.com\/fr\/?s={search_term_string}"},"query-input":{"@type":"PropertyValueSpecification","valueRequired":true,"valueName":"search_term_string"}}],"inLanguage":"fr-FR"}]}},"meta_box":{"industry":"","seo_heading":"","heading":"","description":"","cta_heading":"","cta_description":"","application":"7314","h1":"Extension des heures d'ouverture d'OpenCart","h1_caption":"Affichez vos heures d'ouverture dans un format clair et attrayant pour informer les visiteurs de votre disponibilit\u00e9 sur votre site Web Opencart sans effort.","application_category":[],"applications_title":"","applications_request_title":"","applications_request_button_text":"","hero_text":"","hero_video":"","hero_video_schema_markup":"","selling_points_title":"","selling_points_caption":"","selling_points":[],"selling_points_cta_text":"","features_title":"","features":"","ed_cta_examples_text":"","ed_cta_examples_hidden":"","ed_cta_demo_text":"","ed_cta_demo_hidden":"","why_caption":"","why_editor_title":"","why_editor_text":"","why_team_title":"","why_team_text":"","why_service_title":"","why_service_text":"","template_catalog_visible":"0","template_catalog_title":"","template_catalog_text":"","template_catalog_categories_visible":"","demo_title":"Cr\u00e9ez votre extension d'heures d'ouverture","demo_caption":"Configurez vos heures d'ouverture et ajoutez-les gratuitement \u00e0 votre site Web OpenCart\u00a0!","default_faq_hidden":"","app_template_category":[],"platform":"359","template_public_id":"","codecanyon_url":"","codecanyon_item_id":"","codecanyon_price":"","pricing_caption":"","pricing_elfsight_apps_hide_column":"","pricing_elfsight_apps_url":"","pricing_codecanyon_price_caption":"","integration_category":[],"integration_request_title":"","integration_request_cta":"","integration_platform":"","integrations":[],"platform_category":[],"video_schema_markup":"","price":"\u00e0 partir de 0$ \/ mois","trial":"","benefits":[{"text":"Assistance \u00e0 l'installation gratuite"},{"text":"Service client professionnel"},{"text":"Garantie de remboursement de 14 jours"},{"text":"Am\u00e9liorations gratuites et continues"}],"button_url":"#demo","button_target_blank":"0","button_nofollow":"0","attributes":[{"name":"Installations","content":"10,000 - 100,000"},{"name":"Sensible","content":"Oui"},{"name":"Navigateurs compatibles","content":"Firefox, Safari, Opera, Chrome, Edge"}],"tags":[],"tags_disable_links":"0","hide_more_platforms":"","video_object":"","demo_hide_cta":"0","demo_hide_cloud_options":"0","pricing_title":"","pricing":[{"pricing_icon":"platform","pricing_title":"Elfsight Apps","pricing_title_caption":"Logiciel multiplateforme adapt\u00e9 \u00e0 n'importe quel site Web","pricing_price":"from $0 \/ month","pricing_price_caption":"commencez avec un forfait gratuit","pricing_benefits":[{"text":"Sites Web illimit\u00e9s"},{"text":"Assistance gratuite pour l'entreprise"},{"text":"Assistance \u00e0 l'installation gratuite"},{"text":"100% personnalisable"}],"pricing_button_text":"Ajouter au site Web","pricing_button_url":"#demo"}],"related_apps_title":"","related_apps_hidden":"0","author":"","image":[],"title":"","job":"","social_networks":[]},"_links":{"self":[{"href":"https:\/\/elfsight.com\/fr\/wp-json\/wp\/v2\/pages\/8276","targetHints":{"allow":["GET"]}}],"collection":[{"href":"https:\/\/elfsight.com\/fr\/wp-json\/wp\/v2\/pages"}],"about":[{"href":"https:\/\/elfsight.com\/fr\/wp-json\/wp\/v2\/types\/page"}],"author":[{"embeddable":true,"href":"https:\/\/elfsight.com\/fr\/wp-json\/wp\/v2\/users\/9"}],"replies":[{"embeddable":true,"href":"https:\/\/elfsight.com\/fr\/wp-json\/wp\/v2\/comments?post=8276"}],"version-history":[{"count":2,"href":"https:\/\/elfsight.com\/fr\/wp-json\/wp\/v2\/pages\/8276\/revisions"}],"predecessor-version":[{"id":16026,"href":"https:\/\/elfsight.com\/fr\/wp-json\/wp\/v2\/pages\/8276\/revisions\/16026"}],"up":[{"embeddable":true,"href":"https:\/\/elfsight.com\/fr\/wp-json\/wp\/v2\/pages\/7324"}],"wp:attachment":[{"href":"https:\/\/elfsight.com\/fr\/wp-json\/wp\/v2\/media?parent=8276"}],"curies":[{"name":"wp","href":"https:\/\/api.w.org\/{rel}","templated":true}]}}