{"id":8274,"date":"2024-05-03T06:30:59","date_gmt":"2024-05-03T06:30:59","guid":{"rendered":"https:\/\/elfsight.com\/fr\/?page_id=8274"},"modified":"2024-12-23T12:46:22","modified_gmt":"2024-12-23T12:46:22","slug":"webnode","status":"publish","type":"page","link":"https:\/\/elfsight.com\/fr\/business-hours-widget\/webnode\/","title":{"rendered":"Business Hours &#8211; Webnode"},"content":{"rendered":"\n<div class=\"application-platform-content-item-description application-platform-content-item\" id=\"description\" data-nav-section=\"description\">\n  <h2>Int\u00e9grer les heures ouvrables dans Webnode avec un widget Elfsight<\/h2>\n  <p>Elfsight Business Hours pour Webnode est un widget sans code simple et efficace qui vous permet de cr\u00e9er une carte de visite attrayante contenant les informations essentielles sur vos horaires de travail. Vous pouvez afficher votre statut de disponibilit\u00e9 actuel et offrir facilement vos coordonn\u00e9es \u00e0 vos clients. Ce widget vous permet de concevoir des \u00e9l\u00e9ments pratiques afin que vos clients trouvent rapidement les informations dont ils ont besoin.<\/p>\n  <p>Ce widget exceptionnel propose plusieurs mod\u00e8les, vous offrant la possibilit\u00e9 de choisir l&rsquo;option la plus adapt\u00e9e \u00e0 votre site. Chaque mod\u00e8le dispose de param\u00e8tres personnalisables, vous permettant de cr\u00e9er une solution parfaitement adapt\u00e9e \u00e0 vos besoins, avec des fonctionnalit\u00e9s comme des boutons de commande et de r\u00e9servation pour stimuler les ventes. L&rsquo;int\u00e9gration des heures d&rsquo;ouverture et des informations de contact dans les pages de votre site Web est tr\u00e8s simple gr\u00e2ce \u00e0 Elfsight, avec des tutoriels et des instructions faciles \u00e0 suivre. Tout utilisateur peut cr\u00e9er et ajouter gratuitement le widget Heures d&rsquo;ouverture sans code.<\/p>\n  <p><strong>Int\u00e9grez les informations cl\u00e9s de votre entreprise dans votre site Web pour augmenter les ventes et renforcer la satisfaction client. Fournissez clairement les informations essentielles concernant votre activit\u00e9 professionnelle.<\/strong><\/p>\n  <p>En ajoutant ce widget \u00e0 votre site Web Webnode, vous sensibilisez davantage vos clients \u00e0 vos processus commerciaux et am\u00e9liorez vos ventes. D\u00e9couvrez certains des avantages de l&rsquo;ajout du widget d&rsquo;heures d&rsquo;ouverture sans code sur votre site Web :<\/p>\n  <ul>\n    <li><strong>Aidez vos clients \u00e0 \u00eatre toujours \u00e0 l&rsquo;heure.<\/strong> Augmentez les ventes en \u00e9tant toujours disponible durant vos heures d&rsquo;ouverture. Les visiteurs de votre site verront vos horaires et seront plus enclins \u00e0 effectuer un achat en sachant que vous \u00eates pr\u00eat \u00e0 les servir.<\/li>\n    <li><strong>\u00c9vitez les malentendus sur vos horaires de travail.<\/strong> En affichant clairement vos heures d&rsquo;ouverture, vous renforcerez la confiance des clients et les inciterez \u00e0 planifier leurs achats ou visites.<\/li>\n    <li><strong>Fournissez des informations de contact pratiques.<\/strong> L&rsquo;ajout de vos coordonn\u00e9es dans le widget d&rsquo;heures d&rsquo;ouverture vous permet de renforcer la communication avec vos clients, favorisant ainsi les ventes. Montrez que vous \u00eates pr\u00eat \u00e0 r\u00e9pondre \u00e0 leurs questions, ce qui renforcera leur fid\u00e9lit\u00e9 et leur confiance envers votre entreprise.<\/li>\n  <\/ul>\n<\/div>\n\n<h2>Questions fr\u00e9quentes<\/h2>\n<div class=\"faq\" data-component=\"FAQ\">\n  <div class=\"faq-item\">\r\n\t\t\t\t\t<div class=\"faq-item-question\">\r\n\t\t\t\t\t\t<h3 class=\"faq-item-question-text\">Proposez-vous d'autres plugins pour Webnode que je peux ajouter \u00e0 mon site Web ?<\/h3>\r\n\r\n\t\t\t\t\t\t<div class=\"faq-item-question-icon\"><\/div>\r\n\t\t\t\t\t<\/div>\r\n\r\n\t\t\t\t\t<div class=\"faq-item-answer\">\r\n\t\t\t\t\t\t<div class=\"faq-item-answer-text\">\n    <p>Oui, nous proposons de nombreux plugins qui peuvent vous aider \u00e0 atteindre vos objectifs sur Webnode et \u00e0 am\u00e9liorer les performances de votre site. Par exemple :<\/p>\n    <ul>\n      <li><a href=\"https:\/\/elfsight.com\/google-reviews-widget\/webnode\/\" target=\"_blank\" rel=\"noopener\">Avis Google<\/a><\/li>\n      <li><a href=\"https:\/\/elfsight.com\/whatsapp-chat-widget\/webnode\/\" target=\"_blank\" rel=\"noopener\">Chat WhatsApp<\/a><\/li>\n      <li><a href=\"https:\/\/elfsight.com\/event-calendar-widget\/webnode\/\" target=\"_blank\" rel=\"noopener\">Calendrier des \u00e9v\u00e9nements<\/a><\/li>\n      <li><a href=\"https:\/\/elfsight.com\/countdown-timer-widget\/webnode\/\" target=\"_blank\" rel=\"noopener\">Compte \u00e0 rebours<\/a><\/li>\n      <li><a href=\"https:\/\/elfsight.com\/qr-code-widget\/webnode\/\" target=\"_blank\" rel=\"noopener\">QR Code<\/a><\/li>\n    <\/ul>\n  <\/div>\r\n\t\t\t\t\t<\/div>\r\n\t\t\t\t<\/div>\n  <div class=\"faq-item\">\r\n\t\t\t\t\t<div class=\"faq-item-question\">\r\n\t\t\t\t\t\t<h3 class=\"faq-item-question-text\">Comment puis-je utiliser les heures ouvrables sur Webnode ?<\/h3>\r\n\r\n\t\t\t\t\t\t<div class=\"faq-item-question-icon\"><\/div>\r\n\t\t\t\t\t<\/div>\r\n\r\n\t\t\t\t\t<div class=\"faq-item-answer\">\r\n\t\t\t\t\t\t<div class=\"faq-item-answer-text\">\n    <p>Il existe de nombreuses fa\u00e7ons d&rsquo;am\u00e9liorer vos conversions et vos ventes en ajoutant le plugin Business Hours. Avec les mod\u00e8les d&rsquo;Elfsight pour ce plugin, vous pouvez personnaliser votre solution commerciale. Vous pouvez choisir d&rsquo;afficher des informations d\u00e9taill\u00e9es concernant vos horaires de travail ou int\u00e9grer simplement une fen\u00eatre contextuelle compacte qui indique votre statut d&rsquo;activit\u00e9. Vous pouvez \u00e9galement cr\u00e9er des fiches de contact avec notre plugin Business Hours et les ajouter aux sections de votre site Web, attirant ainsi l&rsquo;attention des visiteurs et les informant sur vos services, ce qui peut encourager les ventes.<\/p>\n  <\/div>\r\n\t\t\t\t\t<\/div>\r\n\t\t\t\t<\/div>\n  <div class=\"faq-item\">\r\n\t\t\t\t\t<div class=\"faq-item-question\">\r\n\t\t\t\t\t\t<h3 class=\"faq-item-question-text\">Comment ajouter gratuitement le plugin Business Hours sans code \u00e0 mon site Webnode ?<\/h3>\r\n\r\n\t\t\t\t\t\t<div class=\"faq-item-question-icon\"><\/div>\r\n\t\t\t\t\t<\/div>\r\n\r\n\t\t\t\t\t<div class=\"faq-item-answer\">\r\n\t\t\t\t\t\t<div class=\"faq-item-answer-text\">\n    <p>L&rsquo;ajout du plugin Business Hours \u00e0 votre site Webnode est une m\u00e9thode simple et efficace pour commencer \u00e0 communiquer avec vos clients et les informer de votre disponibilit\u00e9 pour vendre ou offrir des services. Voici quelques \u00e9tapes pour ajouter le plugin \u00e0 votre site :<\/p>\n    <ol>\n      <li><strong>Cr\u00e9ez un compte sur Elfsight.<\/strong> Allez sur le site Elfsight et cr\u00e9ez un compte.<\/li>\n      <li><strong>Personnalisez le widget Business Hours sans code.<\/strong> Adaptez l&rsquo;apparence et les param\u00e8tres du widget pour qu&rsquo;ils s&rsquo;int\u00e8grent \u00e0 la conception de votre site Web.<\/li>\n      <li><strong>Copiez le code d&rsquo;int\u00e9gration.<\/strong> Une fois que vous avez configur\u00e9 vos heures d&rsquo;ouverture, copiez le code d&rsquo;int\u00e9gration fourni et collez-le dans le code HTML de votre site Web, \u00e0 l&rsquo;endroit o\u00f9 vous souhaitez que le widget apparaisse.<\/li>\n    <\/ol>\n    <p>En int\u00e9grant vos heures d&rsquo;ouverture dans votre site Webnode, vous am\u00e9liorerez son attrait visuel et fid\u00e9liserez vos clients. Profitez des avantages offerts par le plugin Business Hours d&rsquo;Elfsight, gratuitement !<\/p>\n  <\/div>\r\n\t\t\t\t\t<\/div>\r\n\t\t\t\t<\/div>\n<\/div>\n\n<div class=\"application-platform-content-item-features application-platform-content-item\" id=\"features\" data-nav-section=\"features\">\n  <h2>Fonctionnalit\u00e9s cl\u00e9s du widget :<\/h2>\n  <ul>\n    <li>Affichage en temps r\u00e9el de la disponibilit\u00e9 de votre organisation<\/li>\n    <li>Configuration conviviale du calendrier<\/li>\n    <li>Personnalisation des \u00e9v\u00e9nements sp\u00e9ciaux<\/li>\n    <li>Indication du statut d&rsquo;activit\u00e9<\/li>\n    <li>Affichage sous forme de grille ou mode compact pour \u00e9conomiser de l&rsquo;espace<\/li>\n  <\/ul>\n  <p><a href=\"#demo\">Essayez cette d\u00e9mo pour d\u00e9couvrir toutes les fonctionnalit\u00e9s du widget.<\/a><\/p>\n<\/div>\n\n<div class=\"application-platform-content-item-installation application-platform-content-item\" id=\"installation\" data-nav-section=\"installation\">\n  <h2>Comment int\u00e9grer le plugin Business Hours dans mon site Webnode ?<\/h2>\n  <p>Suivez ces \u00e9tapes simples pour int\u00e9grer le plugin avec vos horaires de travail sur votre site Webnode :<\/p>\n  <ol>\n    <li><strong>Ouvrez l&rsquo;\u00e9diteur Elfsight et cr\u00e9ez votre propre plugin sans code.<\/strong><br> Choisissez l&rsquo;interface et les fonctionnalit\u00e9s qui conviennent \u00e0 vos besoins, puis enregistrez les modifications.<\/li>\n    <li><strong>Obtenez votre code unique.<\/strong><br> Une fois que vous avez configur\u00e9 votre plugin Business Hours, copiez le code d&rsquo;int\u00e9gration fourni dans la fen\u00eatre Elfsight Apps et conservez-le.<\/li>\n    <li><strong>Int\u00e9grez le plugin sur votre site Webnode.<\/strong><br> Collez le code d&rsquo;int\u00e9gration dans le code HTML de votre site Web, \u00e0 l&rsquo;endroit o\u00f9 vous souhaitez que le widget apparaisse, puis enregistrez les ajustements.<\/li>\n    <li><strong>Termin\u00e9 !<\/strong><br> Vous avez maintenant int\u00e9gr\u00e9 avec succ\u00e8s le plugin Business Hours sans code. Acc\u00e9dez \u00e0 votre site Web pour v\u00e9rifier son fonctionnement.<\/li>\n  <\/ol>\n  <p>Si vous avez des difficult\u00e9s, notre service client est \u00e0 votre disposition. Nos experts sont pr\u00eats \u00e0 vous aider \u00e0 r\u00e9soudre tout probl\u00e8me que vous pourriez rencontrer lors de l&rsquo;int\u00e9gration du plugin sur Webnode.<\/p>\n<\/div>\n\n","protected":false},"excerpt":{"rendered":"Questions fr\u00e9quentes","protected":false},"author":9,"featured_media":0,"parent":7324,"menu_order":0,"comment_status":"closed","ping_status":"closed","template":"templates\/template-application-platform.php","meta":{"publish_to_discourse":"","publish_post_category":"","wpdc_auto_publish_overridden":"","wpdc_topic_tags":"","wpdc_pin_topic":"","wpdc_pin_until":"","discourse_post_id":"","discourse_permalink":"","wpdc_publishing_response":"","wpdc_publishing_error":"","footnotes":""},"class_list":["post-8274","page","type-page","status-publish","hentry"],"yoast_head":"<!-- This site is optimized with the Yoast SEO plugin v25.3.1 - https:\/\/yoast.com\/wordpress\/plugins\/seo\/ -->\n<title>Ajouter des heures ouvr\u00e9es \u00e0 Webnode - Int\u00e9grer des cadres de travail gratuits<\/title>\n<meta name=\"description\" content=\"Int\u00e9grez une application d&#039;heures d&#039;ouverture r\u00e9glables dans Webnode pour afficher le statut de votre entreprise. Cr\u00e9ez vos propres heures de travail avec la d\u00e9mo.\" \/>\n<meta name=\"robots\" content=\"index, follow, max-snippet:-1, max-image-preview:large, max-video-preview:-1\" \/>\n<link rel=\"canonical\" href=\"https:\/\/elfsight.com\/fr\/business-hours-widget\/webnode\/\" \/>\n<meta property=\"og:locale\" content=\"fr_FR\" \/>\n<meta property=\"og:type\" content=\"article\" \/>\n<meta property=\"og:title\" content=\"Ajouter des heures ouvr\u00e9es \u00e0 Webnode - Int\u00e9grer des cadres de travail gratuits\" \/>\n<meta property=\"og:description\" content=\"Int\u00e9grez une application d&#039;heures d&#039;ouverture r\u00e9glables dans Webnode pour afficher le statut de votre entreprise. Cr\u00e9ez vos propres heures de travail avec la d\u00e9mo.\" \/>\n<meta property=\"og:url\" content=\"https:\/\/elfsight.com\/fr\/business-hours-widget\/webnode\/\" \/>\n<meta property=\"og:site_name\" content=\"Elfsight FR\" \/>\n<meta property=\"article:modified_time\" content=\"2024-12-23T12:46:22+00:00\" \/>\n<meta name=\"twitter:card\" content=\"summary_large_image\" \/>\n<meta name=\"twitter:label1\" content=\"Dur\u00e9e de lecture estim\u00e9e\" \/>\n\t<meta name=\"twitter:data1\" content=\"5 minutes\" \/>\n<!-- \/ Yoast SEO plugin. -->","yoast_head_json":{"title":"Ajouter des heures ouvr\u00e9es \u00e0 Webnode - Int\u00e9grer des cadres de travail gratuits","description":"Int\u00e9grez une application d'heures d'ouverture r\u00e9glables dans Webnode pour afficher le statut de votre entreprise. Cr\u00e9ez vos propres heures de travail avec la d\u00e9mo.","robots":{"index":"index","follow":"follow","max-snippet":"max-snippet:-1","max-image-preview":"max-image-preview:large","max-video-preview":"max-video-preview:-1"},"canonical":"https:\/\/elfsight.com\/fr\/business-hours-widget\/webnode\/","og_locale":"fr_FR","og_type":"article","og_title":"Ajouter des heures ouvr\u00e9es \u00e0 Webnode - Int\u00e9grer des cadres de travail gratuits","og_description":"Int\u00e9grez une application d'heures d'ouverture r\u00e9glables dans Webnode pour afficher le statut de votre entreprise. Cr\u00e9ez vos propres heures de travail avec la d\u00e9mo.","og_url":"https:\/\/elfsight.com\/fr\/business-hours-widget\/webnode\/","og_site_name":"Elfsight FR","article_modified_time":"2024-12-23T12:46:22+00:00","twitter_card":"summary_large_image","twitter_misc":{"Dur\u00e9e de lecture estim\u00e9e":"5 minutes"},"schema":{"@context":"https:\/\/schema.org","@graph":[{"@type":"WebPage","@id":"https:\/\/elfsight.com\/fr\/business-hours-widget\/webnode\/","url":"https:\/\/elfsight.com\/fr\/business-hours-widget\/webnode\/","name":"Ajouter des heures ouvr\u00e9es \u00e0 Webnode - Int\u00e9grer des cadres de travail gratuits","isPartOf":{"@id":"https:\/\/elfsight.com\/fr\/#website"},"datePublished":"2024-05-03T06:30:59+00:00","dateModified":"2024-12-23T12:46:22+00:00","description":"Int\u00e9grez une application d'heures d'ouverture r\u00e9glables dans Webnode pour afficher le statut de votre entreprise. Cr\u00e9ez vos propres heures de travail avec la d\u00e9mo.","breadcrumb":{"@id":"https:\/\/elfsight.com\/fr\/business-hours-widget\/webnode\/#breadcrumb"},"inLanguage":"fr-FR","potentialAction":[{"@type":"ReadAction","target":["https:\/\/elfsight.com\/fr\/business-hours-widget\/webnode\/"]}]},{"@type":"BreadcrumbList","@id":"https:\/\/elfsight.com\/fr\/business-hours-widget\/webnode\/#breadcrumb","itemListElement":[{"@type":"ListItem","position":1,"name":"Home","item":"https:\/\/elfsight.com\/fr\/"},{"@type":"ListItem","position":2,"name":"Business Hours","item":"https:\/\/elfsight.com\/fr\/business-hours-widget\/"},{"@type":"ListItem","position":3,"name":"Business Hours &#8211; Webnode"}]},{"@type":"WebSite","@id":"https:\/\/elfsight.com\/fr\/#website","url":"https:\/\/elfsight.com\/fr\/","name":"Elfsight FR","description":"","potentialAction":[{"@type":"SearchAction","target":{"@type":"EntryPoint","urlTemplate":"https:\/\/elfsight.com\/fr\/?s={search_term_string}"},"query-input":{"@type":"PropertyValueSpecification","valueRequired":true,"valueName":"search_term_string"}}],"inLanguage":"fr-FR"}]}},"meta_box":{"industry":"","seo_heading":"","heading":"","description":"","cta_heading":"","cta_description":"","application":"7314","h1":"Widget Heures d'ouverture de Webnode","h1_caption":"Affichez vos heures d'ouverture dans un format clair et attrayant pour informer les visiteurs de votre disponibilit\u00e9 sur votre site Webnode sans effort.","application_category":[],"applications_title":"","applications_request_title":"","applications_request_button_text":"","hero_text":"","hero_video":"","hero_video_schema_markup":"","selling_points_title":"","selling_points_caption":"","selling_points":[],"selling_points_cta_text":"","features_title":"","features":"","ed_cta_examples_text":"","ed_cta_examples_hidden":"","ed_cta_demo_text":"","ed_cta_demo_hidden":"","why_caption":"","why_editor_title":"","why_editor_text":"","why_team_title":"","why_team_text":"","why_service_title":"","why_service_text":"","template_catalog_visible":"0","template_catalog_title":"","template_catalog_text":"","template_catalog_categories_visible":"","demo_title":"Cr\u00e9ez votre widget Heures d'ouverture","demo_caption":"Configurez vos heures d'ouverture et ajoutez-le \u00e0 votre site Webnode gratuitement !","default_faq_hidden":"","app_template_category":[],"platform":"364","template_public_id":"","codecanyon_url":"","codecanyon_item_id":"","codecanyon_price":"","pricing_caption":"","pricing_elfsight_apps_hide_column":"","pricing_elfsight_apps_url":"","pricing_codecanyon_price_caption":"","integration_category":[],"integration_request_title":"","integration_request_cta":"","integration_platform":"","integrations":[],"platform_category":[],"video_schema_markup":"","price":"\u00e0 partir de 0$ \/ mois","trial":"","benefits":[{"text":"Aide \u00e0 l'installation gratuite"},{"text":"Service client professionnel"},{"text":"Garantie de remboursement de 14 jours"},{"text":"Mise \u00e0 jour constante"}],"button_url":"#demo","button_target_blank":"0","button_nofollow":"0","attributes":[{"name":"Installations","content":"10,000 - 100,000"},{"name":"Sensible","content":"Oui"},{"name":"Navigateurs compatibles","content":"Firefox, Safari, Opera, Chrome, Edge"}],"tags":[],"tags_disable_links":"0","hide_more_platforms":"","video_object":"","demo_hide_cta":"0","demo_hide_cloud_options":"0","pricing_title":"","pricing":[{"pricing_icon":"platform","pricing_title":"Elfsight Apps","pricing_title_caption":"Solution ind\u00e9pendante de la plate-forme qui convient \u00e0 n'importe quel site Web","pricing_price":"from $0 \/ month","pricing_price_caption":"commencez avec un forfait gratuit","pricing_benefits":[{"text":"Domaines illimit\u00e9s"},{"text":"Support client professionnel"},{"text":"Assistance \u00e0 l'installation gratuite"},{"text":"100% personnalisable"}],"pricing_button_text":"Ajouter au site Web","pricing_button_url":"#demo"}],"related_apps_title":"","related_apps_hidden":"0","author":"","image":[],"title":"","job":"","social_networks":[]},"_links":{"self":[{"href":"https:\/\/elfsight.com\/fr\/wp-json\/wp\/v2\/pages\/8274","targetHints":{"allow":["GET"]}}],"collection":[{"href":"https:\/\/elfsight.com\/fr\/wp-json\/wp\/v2\/pages"}],"about":[{"href":"https:\/\/elfsight.com\/fr\/wp-json\/wp\/v2\/types\/page"}],"author":[{"embeddable":true,"href":"https:\/\/elfsight.com\/fr\/wp-json\/wp\/v2\/users\/9"}],"replies":[{"embeddable":true,"href":"https:\/\/elfsight.com\/fr\/wp-json\/wp\/v2\/comments?post=8274"}],"version-history":[{"count":2,"href":"https:\/\/elfsight.com\/fr\/wp-json\/wp\/v2\/pages\/8274\/revisions"}],"predecessor-version":[{"id":16031,"href":"https:\/\/elfsight.com\/fr\/wp-json\/wp\/v2\/pages\/8274\/revisions\/16031"}],"up":[{"embeddable":true,"href":"https:\/\/elfsight.com\/fr\/wp-json\/wp\/v2\/pages\/7324"}],"wp:attachment":[{"href":"https:\/\/elfsight.com\/fr\/wp-json\/wp\/v2\/media?parent=8274"}],"curies":[{"name":"wp","href":"https:\/\/api.w.org\/{rel}","templated":true}]}}