{"id":8268,"date":"2024-05-03T06:30:57","date_gmt":"2024-05-03T06:30:57","guid":{"rendered":"https:\/\/elfsight.com\/fr\/?page_id=8268"},"modified":"2025-07-09T16:57:23","modified_gmt":"2025-07-09T16:57:23","slug":"prestashop","status":"publish","type":"page","link":"https:\/\/elfsight.com\/fr\/business-hours-widget\/prestashop\/","title":{"rendered":"Business Hours &#8211; PrestaShop"},"content":{"rendered":"<div class=\"application-platform-content-item-description application-platform-content-item\" id=\"description\" data-nav-section=\"description\"><h2>Int\u00e9grer les heures ouvrables dans PrestaShop avec un module compl\u00e9mentaire Elfsight<\/h2> <p>Elfsight Business Hours pour PrestaShop est un simple widget sans code qui vous permet de construire une carte de visite attrayante reprenant les moments cl\u00e9s de votre organisation. Vous pouvez partager des informations sur l&rsquo;\u00e9tat actuel de votre entreprise et fournir des contacts \u00e0 votre public. Le widget vous permet de cr\u00e9er des designs attrayants, afin que les visiteurs puissent facilement explorer toutes les donn\u00e9es n\u00e9cessaires en bref ou plus en d\u00e9tail. <\/p><p>Cet excellent widget propose des mod\u00e8les, afin que vous puissiez choisir l&rsquo;option la plus efficace pour votre site Web. Chaque mod\u00e8le contient des param\u00e8tres r\u00e9glables pour vous aider \u00e0 cr\u00e9er une solution personnalis\u00e9e n\u00e9cessaire pour augmenter les ventes. Int\u00e9grer les horaires de travail et vos coordonn\u00e9es dans les pages de votre site Web est absolument simple avec Elfsight gr\u00e2ce \u00e0 des tutoriels et des guides clairs. Tout \u00e9diteur de site Web peut cr\u00e9er et int\u00e9grer gratuitement le widget Heures d&rsquo;ouverture sans code.<\/p> <p><b>Ins\u00e9rez les d\u00e9tails de l&rsquo;entreprise sur votre site Web pour augmenter les taux de vente et la fid\u00e9lit\u00e9 des clients. Affichez proprement des informations significatives sur vos p\u00e9riodes de travail. <\/b><\/p> <p>Avec ce widget int\u00e9gr\u00e9 \u00e0 votre site PrestaShop, vous pouvez sensibiliser votre audience \u00e0 votre activit\u00e9 commerciale et r\u00e9aliser des ventes r\u00e9guli\u00e8res. D\u00e9couvrez un certain nombre des avantages les plus \u00e9vidents pour votre site Web lors de l&rsquo;int\u00e9gration du widget de cadres de travail sans code. <\/p><ul><li><b>Permettez \u00e0 vos clients d&rsquo;\u00eatre toujours ponctuels. <\/b> Boostez vos ventes, tout en \u00e9tant s\u00fbrement en contact dans les d\u00e9lais de travail annonc\u00e9s. Les visiteurs de votre site Web verront vos heures d\u2019activit\u00e9 et seront plus d\u00e9termin\u00e9s \u00e0 commettre un achat r\u00e9ussi lorsqu\u2019ils seront pr\u00eats. <\/li><li><b>\u00c9vitez les malentendus sur vos horaires de travail. <\/b> Montrer vos p\u00e9riodes de travail d\u00e9centes aux clients sur le site Web les rendra plus fid\u00e8les \u00e0 votre organisation car ils pourront planifier une r\u00e9servation ou une visite chez vous. <\/li><li><b>Partagez vos contacts de mani\u00e8re claire. <\/b> L&rsquo;ajout des coordonn\u00e9es \u00e0 votre widget d&rsquo;heures d&rsquo;ouverture sans code vous permet d&rsquo;\u00e9tablir une meilleure communication avec votre public et d&rsquo;acc\u00e9l\u00e9rer les ventes. D\u00e9montrez que vous \u00eates ici pour r\u00e9pondre \u00e0 leurs questions sur les produits et services de votre entreprise. <\/li><\/ul><div class=\"faq\" data-component=\"FAQ\"><div class=\"faq-item\">\r\n\t\t\t\t\t<div class=\"faq-item-question\">\r\n\t\t\t\t\t\t<h3 class=\"faq-item-question-text\">Y a-t-il d'autres plugins pour PrestaShop que je peux ajouter \u00e0 mon site ?<\/h3>\r\n\r\n\t\t\t\t\t\t<div class=\"faq-item-question-icon\"><\/div>\r\n\t\t\t\t\t<\/div>\r\n\r\n\t\t\t\t\t<div class=\"faq-item-answer\">\r\n\t\t\t\t\t\t<div class=\"faq-item-answer-text\">Nous pouvons vous proposer de nombreux plugins pour r\u00e9pondre \u00e0 tout type d&rsquo;objectif de votre site. Voyez par vous-m\u00eame\u00a0: <a href=\"https:\/\/elfsight.com\/google-reviews-widget\/prestashop\/\" target=\"_blank\" rel=\"noopener\">Avis Google<\/a>, <a href=\"https:\/\/elfsight.com\/whatsapp-chat-widget\/prestashop\/\" target=\"_blank\" rel=\"noopener\">WhatsApp Chat<\/a>, <a href=\"https:\/\/elfsight.com\/event-calendar -widget\/prestashop\/\" target=\"_blank\" rel=\"noopener\">Calendrier des \u00e9v\u00e9nements<\/a>, <a href=\"https:\/\/elfsight.com\/countdown-timer-widget\/prestashop\/\" target=\"_blank \" rel=\"noopener\">Compte \u00e0 rebours<\/a>, <a href=\"https:\/\/elfsight.com\/qr-code-widget\/prestashop\/\" target=\"_blank\" rel=\"noopener\">QR Code<\/a>. <\/div>\r\n\t\t\t\t\t<\/div>\r\n\t\t\t\t<\/div><div class=\"faq-item\">\r\n\t\t\t\t\t<div class=\"faq-item-question\">\r\n\t\t\t\t\t\t<h3 class=\"faq-item-question-text\">Comment puis-je b\u00e9n\u00e9ficier des Business Hours sur PrestaShop ?<\/h3>\r\n\r\n\t\t\t\t\t\t<div class=\"faq-item-question-icon\"><\/div>\r\n\t\t\t\t\t<\/div>\r\n\r\n\t\t\t\t\t<div class=\"faq-item-answer\">\r\n\t\t\t\t\t\t<div class=\"faq-item-answer-text\">Il existe de nombreux sc\u00e9narios pour am\u00e9liorer les statistiques de r\u00e9ussite et les r\u00e9sultats de ventes en ajoutant un plugin Business Hours. Avec les mod\u00e8les d&rsquo;Elfsight pour ce plugin passionnant pour sites, vous pouvez d\u00e9couvrir une solution commerciale personnalis\u00e9e. Vous pouvez soit afficher des informations d\u00e9taill\u00e9es sur vos heures de travail, soit simplement int\u00e9grer une fen\u00eatre contextuelle compacte d&rsquo;\u00e9tat actuel. Vous pouvez cr\u00e9er des fiches de contact avec votre plugin Business Hours et les ajouter aux zones requises du site Web pour attirer l&rsquo;attention et informer le public sur votre activit\u00e9 afin d&rsquo;inspirer les ventes. <\/div>\r\n\t\t\t\t\t<\/div>\r\n\t\t\t\t<\/div><div class=\"faq-item\">\r\n\t\t\t\t\t<div class=\"faq-item-question\">\r\n\t\t\t\t\t\t<h3 class=\"faq-item-question-text\">Comment int\u00e9grer les heures ouvrables sans code dans les sites Web PrestaShop ?<\/h3>\r\n\r\n\t\t\t\t\t\t<div class=\"faq-item-question-icon\"><\/div>\r\n\t\t\t\t\t<\/div>\r\n\r\n\t\t\t\t\t<div class=\"faq-item-answer\">\r\n\t\t\t\t\t\t<div class=\"faq-item-answer-text\">L&rsquo;int\u00e9gration d&rsquo;un plugin Business Hours dans votre site Web PrestaShop est une excellente m\u00e9thode pour engager les clients dans la communication et leur informer de votre heure et de votre statut de validit\u00e9. pour r\u00e9aliser des ventes ou offrir des services. Nous proposons quelques tutoriels sur l\u2019ajout du plugin gratuit d\u2019heures de fonctionnement \u00e0 votre site Web. <ol><li>Pour int\u00e9grer gratuitement un plugin Elfsight Business Hours dans PrestaShop, rendez-vous sur le site Elfsight et cr\u00e9ez un compte. <\/li><li>Cr\u00e9ez le plugin gratuit Business Hours en adaptant son apparence et ses param\u00e8tres en fonction de la conception de votre site Web. <\/li><li>Apr\u00e8s avoir personnalis\u00e9 vos heures d&rsquo;ouverture, copiez l&rsquo;extrait de code sp\u00e9cifique et collez-le dans votre site Web \u00e0 l&rsquo;endroit o\u00f9 vous souhaitez que le plugin fonctionne. <\/li><\/ol>En ins\u00e9rant vos heures d&rsquo;ouverture dans votre site Web PrestaShop, vous augmenterez s\u00fbrement son attractivit\u00e9 visuelle et fid\u00e9liserez vos visiteurs de mani\u00e8re stable. Essayez gratuitement les avantages du plugin Elfsight Business Hours\u00a0!<\/div>\r\n\t\t\t\t\t<\/div>\r\n\t\t\t\t<\/div><\/div><\/div> <div class=\"application-platform-content-item-features application-platform-content-item\" id=\"features\" data-nav-section=\"features\"> <h2>Voici la liste des meilleures fonctionnalit\u00e9s\u00a0:<\/h2> <ul><li>Affichez la disponibilit\u00e9 de votre entreprise en temps r\u00e9el<\/li><li>Configuration facile des horaires<\/li><li>Configuration des jours de f\u00eate<\/li><li>Indication de l&rsquo;\u00e9tat actuel<\/li><li> Grille int\u00e9grable ou statut d&rsquo;\u00e9conomie d&rsquo;espace<\/li><\/ul><p><a href=\"#demo\">Testez toutes les options de personnalisation dans une d\u00e9mo compl\u00e8te<\/a><\/p><\/div> [ application_platform_content_item id=\u00a0\u00bbinstallation\u00a0\u00bb] <h2>Comment int\u00e9grer les heures ouvrables dans mon site Web PrestaShop ?<\/h2> <p>Suivez simplement les instructions ci-dessous pour acc\u00e9der \u00e0 l&rsquo;application avec votre statut de travail. <\/p> <ol><li><b>Ouvrez notre d\u00e9mo et commencez \u00e0 cr\u00e9er votre plugin no-code personnalis\u00e9. <\/b><br> Choisissez la conception et les fonctionnalit\u00e9s pr\u00e9f\u00e9r\u00e9es du plugin et appliquez les modifications. <\/li> <li><b>Acqu\u00e9rez votre code individuel affich\u00e9 dans la fen\u00eatre des applications Elfsight. <\/b><br> D\u00e8s que la configuration de votre application d&rsquo;heures d&rsquo;activit\u00e9 sans code est termin\u00e9e, copiez le code exclusif dans la fen\u00eatre contextuelle qui appara\u00eet et conservez-le pour un besoin ult\u00e9rieur. <\/li> <li><b>Initiez l&rsquo;utilisation de l&rsquo;application sur la page d&rsquo;accueil de PrestaShop. <\/b><br> Ajoutez le code enregistr\u00e9 pr\u00e9c\u00e9demment dans votre page Web et enregistrez les modifications. <\/li> <li><b>La configuration de vos heures d&rsquo;ouverture sans code est effectu\u00e9e avec succ\u00e8s. <\/b><br> Acc\u00e9dez \u00e0 votre site Web pour inspecter les performances du plug-in des heures de fonctionnement ajout\u00e9es. <\/li><\/ol> <p>Si vous rencontrez des difficult\u00e9s, n&rsquo;h\u00e9sitez pas \u00e0 faire appel \u00e0 notre service client. Nos sp\u00e9cialistes ont h\u00e2te de r\u00e9soudre tous les probl\u00e8mes que vous pourriez rencontrer avec l&rsquo;application pour PrestaShop. <\/p>[\/application_platform_content_item]","protected":false},"excerpt":{"rendered":"[ application_platform_content_item id=\u00a0\u00bbinstallation\u00a0\u00bb] Comment int\u00e9grer les heures ouvrables dans mon site Web PrestaShop ? Suivez simplement les instructions ci-dessous pour acc\u00e9der \u00e0 l&rsquo;application avec votre statut de travail. Ouvrez notre d\u00e9mo et commencez \u00e0 cr\u00e9er votre plugin no-code personnalis\u00e9. Choisissez la conception et les fonctionnalit\u00e9s pr\u00e9f\u00e9r\u00e9es du plugin et appliquez&#8230;","protected":false},"author":9,"featured_media":0,"parent":7324,"menu_order":0,"comment_status":"closed","ping_status":"closed","template":"templates\/template-application-platform.php","meta":{"publish_to_discourse":"","publish_post_category":"","wpdc_auto_publish_overridden":"","wpdc_topic_tags":"","wpdc_pin_topic":"","wpdc_pin_until":"","discourse_post_id":"","discourse_permalink":"","wpdc_publishing_response":"","wpdc_publishing_error":"","footnotes":""},"class_list":["post-8268","page","type-page","status-publish","hentry"],"yoast_head":"<!-- This site is optimized with the Yoast SEO plugin v25.3.1 - https:\/\/yoast.com\/wordpress\/plugins\/seo\/ -->\n<title>Ajouter des heures d&#039;ouverture \u00e0 PrestaShop - Int\u00e9grer les contacts et le calendrier<\/title>\n<meta name=\"description\" content=\"Ajoutez un widget d&#039;heures ouvrables personnalisable \u00e0 PrestaShop pour partager votre statut de travail. Cr\u00e9ez votre widget d&#039;heures de travail personnel dans la d\u00e9mo.\" \/>\n<meta name=\"robots\" content=\"index, follow, max-snippet:-1, max-image-preview:large, max-video-preview:-1\" \/>\n<link rel=\"canonical\" href=\"https:\/\/elfsight.com\/fr\/business-hours-widget\/prestashop\/\" \/>\n<meta property=\"og:locale\" content=\"fr_FR\" \/>\n<meta property=\"og:type\" content=\"article\" \/>\n<meta property=\"og:title\" content=\"Ajouter des heures d&#039;ouverture \u00e0 PrestaShop - Int\u00e9grer les contacts et le calendrier\" \/>\n<meta property=\"og:description\" content=\"Ajoutez un widget d&#039;heures ouvrables personnalisable \u00e0 PrestaShop pour partager votre statut de travail. Cr\u00e9ez votre widget d&#039;heures de travail personnel dans la d\u00e9mo.\" \/>\n<meta property=\"og:url\" content=\"https:\/\/elfsight.com\/fr\/business-hours-widget\/prestashop\/\" \/>\n<meta property=\"og:site_name\" content=\"Elfsight FR\" \/>\n<meta property=\"article:modified_time\" content=\"2025-07-09T16:57:23+00:00\" \/>\n<meta name=\"twitter:card\" content=\"summary_large_image\" \/>\n<meta name=\"twitter:label1\" content=\"Dur\u00e9e de lecture estim\u00e9e\" \/>\n\t<meta name=\"twitter:data1\" content=\"5 minutes\" \/>\n<!-- \/ Yoast SEO plugin. -->","yoast_head_json":{"title":"Ajouter des heures d'ouverture \u00e0 PrestaShop - Int\u00e9grer les contacts et le calendrier","description":"Ajoutez un widget d'heures ouvrables personnalisable \u00e0 PrestaShop pour partager votre statut de travail. Cr\u00e9ez votre widget d'heures de travail personnel dans la d\u00e9mo.","robots":{"index":"index","follow":"follow","max-snippet":"max-snippet:-1","max-image-preview":"max-image-preview:large","max-video-preview":"max-video-preview:-1"},"canonical":"https:\/\/elfsight.com\/fr\/business-hours-widget\/prestashop\/","og_locale":"fr_FR","og_type":"article","og_title":"Ajouter des heures d'ouverture \u00e0 PrestaShop - Int\u00e9grer les contacts et le calendrier","og_description":"Ajoutez un widget d'heures ouvrables personnalisable \u00e0 PrestaShop pour partager votre statut de travail. Cr\u00e9ez votre widget d'heures de travail personnel dans la d\u00e9mo.","og_url":"https:\/\/elfsight.com\/fr\/business-hours-widget\/prestashop\/","og_site_name":"Elfsight FR","article_modified_time":"2025-07-09T16:57:23+00:00","twitter_card":"summary_large_image","twitter_misc":{"Dur\u00e9e de lecture estim\u00e9e":"5 minutes"},"schema":{"@context":"https:\/\/schema.org","@graph":[{"@type":"WebPage","@id":"https:\/\/elfsight.com\/fr\/business-hours-widget\/prestashop\/","url":"https:\/\/elfsight.com\/fr\/business-hours-widget\/prestashop\/","name":"Ajouter des heures d'ouverture \u00e0 PrestaShop - Int\u00e9grer les contacts et le calendrier","isPartOf":{"@id":"https:\/\/elfsight.com\/fr\/#website"},"datePublished":"2024-05-03T06:30:57+00:00","dateModified":"2025-07-09T16:57:23+00:00","description":"Ajoutez un widget d'heures ouvrables personnalisable \u00e0 PrestaShop pour partager votre statut de travail. Cr\u00e9ez votre widget d'heures de travail personnel dans la d\u00e9mo.","breadcrumb":{"@id":"https:\/\/elfsight.com\/fr\/business-hours-widget\/prestashop\/#breadcrumb"},"inLanguage":"fr-FR","potentialAction":[{"@type":"ReadAction","target":["https:\/\/elfsight.com\/fr\/business-hours-widget\/prestashop\/"]}]},{"@type":"BreadcrumbList","@id":"https:\/\/elfsight.com\/fr\/business-hours-widget\/prestashop\/#breadcrumb","itemListElement":[{"@type":"ListItem","position":1,"name":"Home","item":"https:\/\/elfsight.com\/fr\/"},{"@type":"ListItem","position":2,"name":"Business Hours","item":"https:\/\/elfsight.com\/fr\/business-hours-widget\/"},{"@type":"ListItem","position":3,"name":"Business Hours &#8211; PrestaShop"}]},{"@type":"WebSite","@id":"https:\/\/elfsight.com\/fr\/#website","url":"https:\/\/elfsight.com\/fr\/","name":"Elfsight FR","description":"","potentialAction":[{"@type":"SearchAction","target":{"@type":"EntryPoint","urlTemplate":"https:\/\/elfsight.com\/fr\/?s={search_term_string}"},"query-input":{"@type":"PropertyValueSpecification","valueRequired":true,"valueName":"search_term_string"}}],"inLanguage":"fr-FR"}]}},"meta_box":{"industry":"","seo_heading":"","heading":"","description":"","cta_heading":"","cta_description":"","application":"7314","h1":"Module compl\u00e9mentaire Horaires d'ouverture PrestaShop","h1_caption":"Affichez vos heures d'ouverture dans un format clair et attrayant pour informer les visiteurs de votre disponibilit\u00e9 sur votre site Prestashop sans effort.","application_category":[],"applications_title":"","applications_request_title":"","applications_request_button_text":"","hero_text":"","hero_video":"","hero_video_schema_markup":"","selling_points_title":"","selling_points_caption":"","selling_points":[],"selling_points_cta_text":"","features_title":"","features":"","ed_cta_examples_text":"","ed_cta_examples_hidden":"","ed_cta_demo_text":"","ed_cta_demo_hidden":"","why_caption":"","why_editor_title":"","why_editor_text":"","why_team_title":"","why_team_text":"","why_service_title":"","why_service_text":"","template_catalog_visible":"","template_catalog_title":"","template_catalog_text":"","template_catalog_categories_visible":"","demo_title":"Cr\u00e9ez votre module compl\u00e9mentaire Heures d'ouverture","demo_caption":"Configurez vos heures d'ouverture et ajoutez-le \u00e0 votre site PrestaShop gratuitement !","default_faq_hidden":"","app_template_category":[],"platform":"3190","template_public_id":"","codecanyon_url":"","codecanyon_item_id":"","codecanyon_price":"","pricing_caption":"","pricing_elfsight_apps_hide_column":"","pricing_elfsight_apps_url":"","pricing_codecanyon_price_caption":"","integration_category":[],"integration_request_title":"","integration_request_cta":"","integration_platform":"","integrations":[],"platform_category":[],"video_schema_markup":"","price":"\u00e0 partir de 0$ \/ mois","trial":"","benefits":[{"text":"Aide \u00e0 l'installation gratuite"},{"text":"Support client exp\u00e9riment\u00e9"},{"text":"Garantie de remboursement de 14 jours"},{"text":"Mise \u00e0 jour constante"}],"button_url":"#demo","button_target_blank":"","button_nofollow":"","attributes":[{"name":"Installations","content":"10,000 - 100,000"},{"name":"Sensible","content":"Oui"},{"name":"Navigateurs compatibles","content":"Firefox, Safari, Opera, Chrome, Edge"}],"tags":[],"tags_disable_links":"","hide_more_platforms":"","video_object":"","demo_hide_cta":"","demo_hide_cloud_options":"","pricing_title":"","pricing":[{"pricing_icon":"platform","pricing_title":"Elfsight Apps","pricing_title_caption":"Version multiplateforme qui fonctionne sur n'importe quel site Web","pricing_price":"from $0 \/ month","pricing_price_caption":"commencez avec un forfait gratuit","pricing_benefits":[{"text":"Sites Web illimit\u00e9s"},{"text":"Assistance client haut de gamme"},{"text":"Assistance \u00e0 l'installation gratuite"},{"text":"100% personnalisable"}],"pricing_button_text":"Ajouter au site Web","pricing_button_url":"#demo"}],"related_apps_title":"","related_apps_hidden":"","author":"","image":[],"title":"","job":"","social_networks":[]},"_links":{"self":[{"href":"https:\/\/elfsight.com\/fr\/wp-json\/wp\/v2\/pages\/8268","targetHints":{"allow":["GET"]}}],"collection":[{"href":"https:\/\/elfsight.com\/fr\/wp-json\/wp\/v2\/pages"}],"about":[{"href":"https:\/\/elfsight.com\/fr\/wp-json\/wp\/v2\/types\/page"}],"author":[{"embeddable":true,"href":"https:\/\/elfsight.com\/fr\/wp-json\/wp\/v2\/users\/9"}],"replies":[{"embeddable":true,"href":"https:\/\/elfsight.com\/fr\/wp-json\/wp\/v2\/comments?post=8268"}],"version-history":[{"count":1,"href":"https:\/\/elfsight.com\/fr\/wp-json\/wp\/v2\/pages\/8268\/revisions"}],"predecessor-version":[{"id":8272,"href":"https:\/\/elfsight.com\/fr\/wp-json\/wp\/v2\/pages\/8268\/revisions\/8272"}],"up":[{"embeddable":true,"href":"https:\/\/elfsight.com\/fr\/wp-json\/wp\/v2\/pages\/7324"}],"wp:attachment":[{"href":"https:\/\/elfsight.com\/fr\/wp-json\/wp\/v2\/media?parent=8268"}],"curies":[{"name":"wp","href":"https:\/\/api.w.org\/{rel}","templated":true}]}}