{"id":8266,"date":"2024-05-03T06:30:55","date_gmt":"2024-05-03T06:30:55","guid":{"rendered":"https:\/\/elfsight.com\/fr\/?page_id=8266"},"modified":"2025-07-09T16:55:25","modified_gmt":"2025-07-09T16:55:25","slug":"wix","status":"publish","type":"page","link":"https:\/\/elfsight.com\/fr\/booking-reviews-widget\/wix\/","title":{"rendered":"Booking Reviews &#8211; Wix"},"content":{"rendered":"<div class=\"application-platform-content-item-description application-platform-content-item\" id=\"description\" data-nav-section=\"description\"> <h2>Description<\/h2> <p>Si vous avez besoin de r\u00e9v\u00e9ler votre appr\u00e9ciation aupr\u00e8s des clients et de convaincre les visiteurs du site que vos offres valent la peine d&rsquo;\u00eatre achet\u00e9es, Elfsight Le widget Avis de r\u00e9servation fera l\u2019affaire. Avec ce widget, vous pouvez int\u00e9grer les avis des utilisateurs de Booking sur votre site Web avec des d\u00e9tails sur leurs auteurs, les filtrer pour ne r\u00e9v\u00e9ler que les positifs, ajouter des notes et un bouton de redirection, qui dirigera les utilisateurs vers votre compte Booking, afin qu&rsquo;ils puissent laisser leur revoir. <\/p> <div class=\"faq\" data-component=\"FAQ\"><div class=\"faq-item\">\r\n\t\t\t\t\t<div class=\"faq-item-question\">\r\n\t\t\t\t\t\t<h3 class=\"faq-item-question-text\">O\u00f9 sur mon site puis-je int\u00e9grer ce plugin<\/h3>\r\n\r\n\t\t\t\t\t\t<div class=\"faq-item-question-icon\"><\/div>\r\n\t\t\t\t\t<\/div>\r\n\r\n\t\t\t\t\t<div class=\"faq-item-answer\">\r\n\t\t\t\t\t\t<div class=\"faq-item-answer-text\"> <p>Ce widget peut \u00eatre affich\u00e9 sur n&rsquo;importe quelle page, o\u00f9 vous souhaitez montrer votre note \u00e9lev\u00e9e et votre popularit\u00e9 aupr\u00e8s des clients. Si vous en avez besoin sur toutes les pages du site, vous pouvez facilement l&rsquo;ajouter au mod\u00e8le de site Web. <\/p> <\/div>\r\n\t\t\t\t\t<\/div>\r\n\t\t\t\t<\/div><div class=\"faq-item\">\r\n\t\t\t\t\t<div class=\"faq-item-question\">\r\n\t\t\t\t\t\t<h3 class=\"faq-item-question-text\">Comment vais-je b\u00e9n\u00e9ficier du widget ?<\/h3>\r\n\r\n\t\t\t\t\t\t<div class=\"faq-item-question-icon\"><\/div>\r\n\t\t\t\t\t<\/div>\r\n\r\n\t\t\t\t\t<div class=\"faq-item-answer\">\r\n\t\t\t\t\t\t<div class=\"faq-item-answer-text\"> <p>Les avis de personnes r\u00e9elles sont extr\u00eamement cr\u00e9dibles pour les utilisateurs de votre site et signifient pour eux que vous pouvez faire confiance \u00e0 votre entreprise. Une note \u00e9lev\u00e9e et d\u2019excellents t\u00e9moignages peuvent aider \u00e0 augmenter les achats sur votre site. De plus, le bouton de redirection peut contribuer \u00e0 davantage d\u2019avis d\u2019utilisateurs li\u00e9s \u00e0 vos services sur Booking. <\/p> <\/div>\r\n\t\t\t\t\t<\/div>\r\n\t\t\t\t<\/div> <div class=\"faq-item\">\r\n\t\t\t\t\t<div class=\"faq-item-question\">\r\n\t\t\t\t\t\t<h3 class=\"faq-item-question-text\">Comment puis-je installer Booking Reviews sur mon site Wix ?<\/h3>\r\n\r\n\t\t\t\t\t\t<div class=\"faq-item-question-icon\"><\/div>\r\n\t\t\t\t\t<\/div>\r\n\r\n\t\t\t\t\t<div class=\"faq-item-answer\">\r\n\t\t\t\t\t\t<div class=\"faq-item-answer-text\"> <p>Vous n&rsquo;avez besoin que d&rsquo;une minute pour commencer \u00e0 utiliser le widget. L&rsquo;int\u00e9gration est extr\u00eamement rapide, gratuite et sans codage. <\/p> <ol><li>Vous pouvez introduire le widget dans votre site directement via notre service. Pour le r\u00e9aliser, appliquez les instructions ci-dessous sur cette page. <\/li> <li>Le widget peut \u00eatre mis en place via notre service ou via la marketplace. Ici, vous pouvez en savoir plus sur les deux options et d\u00e9cider laquelle est la plus appropri\u00e9e. <\/li> <\/ol> <\/div>\r\n\t\t\t\t\t<\/div>\r\n\t\t\t\t<\/div> <\/div> <\/div> <div class=\"application-platform-content-item-features application-platform-content-item\" id=\"features\" data-nav-section=\"features\"> <h2>Fonctionnalit\u00e9s<\/h2> <p>Pour avoir une perception plus claire des avis de r\u00e9servation, consultez le liste de ses principales caract\u00e9ristiques. Ils rendent notre widget extr\u00eamement b\u00e9n\u00e9fique pour votre boutique\u00a0: <\/p> <ul> <li>3 filtres pr\u00eats \u00e0 l&#8217;emploi\u00a0: par type, exclusion par et nombre d&rsquo;avis \u00e0 afficher\u00a0; <\/li> <li> En-t\u00eate enti\u00e8rement flexible du widget\u00a0; <\/li> <li>Deux options de sc\u00e9narios de refus de demande de r\u00e9vision\u00a0: afficher un message personnalis\u00e9 ou masquer le bouton. <\/li> <\/ul><p><a href=\"#demo\">V\u00e9rifiez toutes les fonctionnalit\u00e9s dans la d\u00e9mo<\/a><\/p> <\/div> <div class=\"application-platform-content-item-installation application-platform-content-item\" id=\"installation\" data-nav-section=\"installation\"> <h2>D\u00e9couvrez comment pour int\u00e9grer les Booking Reviews dans votre site Wix<\/h2> <div class=\"video-container\"><iframe width=\"720\" height=\"405\" src=\"https:\/\/www.youtube.com\/embed\/wD7ug5Fj8eI\" frameborder=\"0\" allowfullscreen=\"\"><\/iframe><\/div><p>Les actions suivantes sont la seule chose que vous devez afficher. <\/p> <ol><li><b>Cr\u00e9ez votre plugin Booking Reviews personnel<\/b><br> \u00c0 l&rsquo;aide de notre d\u00e9mo gratuite, fa\u00e7onnez un plugin avec une composition et des caract\u00e9ristiques fonctionnelles s\u00e9lectionn\u00e9es. <\/li><li><b>Recevez le code personnel pour int\u00e9grer le plugin<\/b><br> Apr\u00e8s avoir cr\u00e9\u00e9 votre widget, vous obtiendrez le code individuel \u00e0 partir de la notification contextuelle sur les applications Elfsight. Copiez le code pour une utilisation ult\u00e9rieure. <\/li> <li><b>Int\u00e9grez le plugin sur votre site Web Wix<\/b><br> Choisissez l&rsquo;endroit o\u00f9 vous souhaitez int\u00e9grer le plugin et ins\u00e9rez-y le code copi\u00e9. Publier les r\u00e9sultats. <\/li> <li><b>Vous avez termin\u00e9\u00a0! <\/b><br> Entrez votre site Web pour v\u00e9rifier votre plugin. <\/li> <\/ol><p>Vous n&rsquo;\u00eates toujours pas s\u00fbr\u00a0? Ou rencontrez des probl\u00e8mes ? Il suffit d&rsquo;\u00e9crire une demande \u00e0 notre service client pour r\u00e9gler tout probl\u00e8me. <\/p> <\/div>","protected":false},"excerpt":{"rendered":"","protected":false},"author":9,"featured_media":0,"parent":2067,"menu_order":0,"comment_status":"closed","ping_status":"closed","template":"templates\/template-application-platform.php","meta":{"publish_to_discourse":"","publish_post_category":"","wpdc_auto_publish_overridden":"","wpdc_topic_tags":"","wpdc_pin_topic":"","wpdc_pin_until":"","discourse_post_id":"","discourse_permalink":"","wpdc_publishing_response":"","wpdc_publishing_error":"","footnotes":""},"class_list":["post-8266","page","type-page","status-publish","hentry"],"yoast_head":"<!-- This site is optimized with the Yoast SEO plugin v25.3.1 - https:\/\/yoast.com\/wordpress\/plugins\/seo\/ -->\n<title>Int\u00e9grer les avis de r\u00e9servation sur le site Wix (rapide et facile)<\/title>\n<meta name=\"description\" content=\"Avec Elfsight, cr\u00e9ez vos avis de r\u00e9servation et publiez-les rapidement sur votre page Wix. Nous avons un service client gratuit et d&#039;autres bonus.\" \/>\n<meta name=\"robots\" content=\"index, follow, max-snippet:-1, max-image-preview:large, max-video-preview:-1\" \/>\n<link rel=\"canonical\" href=\"https:\/\/elfsight.com\/fr\/booking-reviews-widget\/wix\/\" \/>\n<meta property=\"og:locale\" content=\"fr_FR\" \/>\n<meta property=\"og:type\" content=\"article\" \/>\n<meta property=\"og:title\" content=\"Int\u00e9grer les avis de r\u00e9servation sur le site Wix (rapide et facile)\" \/>\n<meta property=\"og:description\" content=\"Avec Elfsight, cr\u00e9ez vos avis de r\u00e9servation et publiez-les rapidement sur votre page Wix. Nous avons un service client gratuit et d&#039;autres bonus.\" \/>\n<meta property=\"og:url\" content=\"https:\/\/elfsight.com\/fr\/booking-reviews-widget\/wix\/\" \/>\n<meta property=\"og:site_name\" content=\"Elfsight FR\" \/>\n<meta property=\"article:modified_time\" content=\"2025-07-09T16:55:25+00:00\" \/>\n<meta name=\"twitter:card\" content=\"summary_large_image\" \/>\n<meta name=\"twitter:label1\" content=\"Dur\u00e9e de lecture estim\u00e9e\" \/>\n\t<meta name=\"twitter:data1\" content=\"3 minutes\" \/>\n<!-- \/ Yoast SEO plugin. -->","yoast_head_json":{"title":"Int\u00e9grer les avis de r\u00e9servation sur le site Wix (rapide et facile)","description":"Avec Elfsight, cr\u00e9ez vos avis de r\u00e9servation et publiez-les rapidement sur votre page Wix. Nous avons un service client gratuit et d'autres bonus.","robots":{"index":"index","follow":"follow","max-snippet":"max-snippet:-1","max-image-preview":"max-image-preview:large","max-video-preview":"max-video-preview:-1"},"canonical":"https:\/\/elfsight.com\/fr\/booking-reviews-widget\/wix\/","og_locale":"fr_FR","og_type":"article","og_title":"Int\u00e9grer les avis de r\u00e9servation sur le site Wix (rapide et facile)","og_description":"Avec Elfsight, cr\u00e9ez vos avis de r\u00e9servation et publiez-les rapidement sur votre page Wix. Nous avons un service client gratuit et d'autres bonus.","og_url":"https:\/\/elfsight.com\/fr\/booking-reviews-widget\/wix\/","og_site_name":"Elfsight FR","article_modified_time":"2025-07-09T16:55:25+00:00","twitter_card":"summary_large_image","twitter_misc":{"Dur\u00e9e de lecture estim\u00e9e":"3 minutes"},"schema":{"@context":"https:\/\/schema.org","@graph":[{"@type":"WebPage","@id":"https:\/\/elfsight.com\/fr\/booking-reviews-widget\/wix\/","url":"https:\/\/elfsight.com\/fr\/booking-reviews-widget\/wix\/","name":"Int\u00e9grer les avis de r\u00e9servation sur le site Wix (rapide et facile)","isPartOf":{"@id":"https:\/\/elfsight.com\/fr\/#website"},"datePublished":"2024-05-03T06:30:55+00:00","dateModified":"2025-07-09T16:55:25+00:00","description":"Avec Elfsight, cr\u00e9ez vos avis de r\u00e9servation et publiez-les rapidement sur votre page Wix. Nous avons un service client gratuit et d'autres bonus.","breadcrumb":{"@id":"https:\/\/elfsight.com\/fr\/booking-reviews-widget\/wix\/#breadcrumb"},"inLanguage":"fr-FR","potentialAction":[{"@type":"ReadAction","target":["https:\/\/elfsight.com\/fr\/booking-reviews-widget\/wix\/"]}]},{"@type":"BreadcrumbList","@id":"https:\/\/elfsight.com\/fr\/booking-reviews-widget\/wix\/#breadcrumb","itemListElement":[{"@type":"ListItem","position":1,"name":"Home","item":"https:\/\/elfsight.com\/fr\/"},{"@type":"ListItem","position":2,"name":"Booking Reviews","item":"https:\/\/elfsight.com\/fr\/booking-reviews-widget\/"},{"@type":"ListItem","position":3,"name":"Booking Reviews &#8211; Wix"}]},{"@type":"WebSite","@id":"https:\/\/elfsight.com\/fr\/#website","url":"https:\/\/elfsight.com\/fr\/","name":"Elfsight FR","description":"","potentialAction":[{"@type":"SearchAction","target":{"@type":"EntryPoint","urlTemplate":"https:\/\/elfsight.com\/fr\/?s={search_term_string}"},"query-input":{"@type":"PropertyValueSpecification","valueRequired":true,"valueName":"search_term_string"}}],"inLanguage":"fr-FR"}]}},"meta_box":{"industry":"","seo_heading":"","heading":"","description":"","cta_heading":"","cta_description":"","application":"2063","h1":"Avis sur Wix Booking","h1_caption":"Affichez les avis de booking.com pour attirer plus de clients en montrant sans effort les exp\u00e9riences positives des anciens visiteurs sur votre site Web Wix.","application_category":[],"applications_title":"","applications_request_title":"","applications_request_button_text":"","hero_text":"","hero_video":"","hero_video_schema_markup":"","selling_points_title":"","selling_points_caption":"","selling_points":[],"selling_points_cta_text":"","features_title":"","features":"","ed_cta_examples_text":"","ed_cta_examples_hidden":"","ed_cta_demo_text":"","ed_cta_demo_hidden":"","why_caption":"","why_editor_title":"","why_editor_text":"","why_team_title":"","why_team_text":"","why_service_title":"","why_service_text":"","template_catalog_visible":"","template_catalog_title":"","template_catalog_text":"","template_catalog_categories_visible":"","demo_title":"Cr\u00e9ez votre application Avis de r\u00e9servation","demo_caption":"Configurez vos avis de r\u00e9servation et ajoutez-les gratuitement \u00e0 votre site Web Wix\u00a0!","default_faq_hidden":"","app_template_category":[],"platform":"345","template_public_id":"","codecanyon_url":"","codecanyon_item_id":"","codecanyon_price":"","pricing_caption":"","pricing_elfsight_apps_hide_column":"","pricing_elfsight_apps_url":"","pricing_codecanyon_price_caption":"","integration_category":[],"integration_request_title":"","integration_request_cta":"","integration_platform":"","integrations":[],"platform_category":[],"video_schema_markup":"","price":"\u00e0 partir de 0$ \/ mois","trial":"","benefits":[{"text":"Aide \u00e0 l'installation gratuite"},{"text":"Service client comp\u00e9tent"},{"text":"Garantie de remboursement de 14 jours"},{"text":"Mise \u00e0 jour constante"}],"button_url":"#demo","button_target_blank":"","button_nofollow":"","attributes":[{"name":"Installations","content":"10,000 - 100,000"},{"name":"Sensible","content":"Oui"},{"name":"Navigateurs compatibles","content":"Edge, Opera, Chrome, Firefox, Safari"}],"tags":[],"tags_disable_links":"","hide_more_platforms":"","video_object":"","demo_hide_cta":"","demo_hide_cloud_options":"","pricing_title":"","pricing":[{"pricing_icon":"platform","pricing_title":"Elfsight Apps","pricing_title_caption":"Logiciel multiplateforme","pricing_price":"from $0 \/ month","pricing_price_caption":"commencez avec un forfait gratuit","pricing_benefits":[{"text":"Domaines illimit\u00e9s"},{"text":"Assistance rapide"},{"text":"Assistance \u00e0 l'installation gratuite"},{"text":"Offre sp\u00e9ciale pour plusieurs applications"}],"pricing_button_text":"Ajouter au site Web","pricing_button_url":"#demo"}],"related_apps_title":"","related_apps_hidden":"","author":"","image":[],"title":"","job":"","social_networks":[]},"_links":{"self":[{"href":"https:\/\/elfsight.com\/fr\/wp-json\/wp\/v2\/pages\/8266","targetHints":{"allow":["GET"]}}],"collection":[{"href":"https:\/\/elfsight.com\/fr\/wp-json\/wp\/v2\/pages"}],"about":[{"href":"https:\/\/elfsight.com\/fr\/wp-json\/wp\/v2\/types\/page"}],"author":[{"embeddable":true,"href":"https:\/\/elfsight.com\/fr\/wp-json\/wp\/v2\/users\/9"}],"replies":[{"embeddable":true,"href":"https:\/\/elfsight.com\/fr\/wp-json\/wp\/v2\/comments?post=8266"}],"version-history":[{"count":2,"href":"https:\/\/elfsight.com\/fr\/wp-json\/wp\/v2\/pages\/8266\/revisions"}],"predecessor-version":[{"id":14972,"href":"https:\/\/elfsight.com\/fr\/wp-json\/wp\/v2\/pages\/8266\/revisions\/14972"}],"up":[{"embeddable":true,"href":"https:\/\/elfsight.com\/fr\/wp-json\/wp\/v2\/pages\/2067"}],"wp:attachment":[{"href":"https:\/\/elfsight.com\/fr\/wp-json\/wp\/v2\/media?parent=8266"}],"curies":[{"name":"wp","href":"https:\/\/api.w.org\/{rel}","templated":true}]}}