{"id":8261,"date":"2024-05-03T06:30:54","date_gmt":"2024-05-03T06:30:54","guid":{"rendered":"https:\/\/elfsight.com\/fr\/?page_id=8261"},"modified":"2025-07-09T16:55:20","modified_gmt":"2025-07-09T16:55:20","slug":"weebly","status":"publish","type":"page","link":"https:\/\/elfsight.com\/fr\/booking-reviews-widget\/weebly\/","title":{"rendered":"Booking Reviews &#8211; Weebly"},"content":{"rendered":"<div class=\"application-platform-content-item-description application-platform-content-item\" id=\"description\" data-nav-section=\"description\"> <h2>Description<\/h2> <p>Elfsight Booking Reviews est un widget simple qui vous permet d&rsquo;ins\u00e9rer sur votre site Web des avis sur votre s\u00e9jour chez vous. des utilisateurs de Booking. \u00c0 l&rsquo;aide de ce widget, vous pouvez appliquer des filtres pour trier les avis n\u00e9gatifs, vanter vos notes et num\u00e9ros de Booking, fournir des informations sur les auteurs et ajouter un bouton qui redirigera les visiteurs pour ajouter leur avis sur Booking. Elfsight Booking Reviews vous aidera \u00e0 afficher votre preuve sociale parfaite sur votre site Web personnel et \u00e0 augmenter vos ventes.<\/p> <div class=\"faq\" data-component=\"FAQ\"><div class=\"faq-item\">\r\n\t\t\t\t\t<div class=\"faq-item-question\">\r\n\t\t\t\t\t\t<h3 class=\"faq-item-question-text\">O\u00f9 puis-je l'afficher<\/h3>\r\n\r\n\t\t\t\t\t\t<div class=\"faq-item-question-icon\"><\/div>\r\n\t\t\t\t\t<\/div>\r\n\r\n\t\t\t\t\t<div class=\"faq-item-answer\">\r\n\t\t\t\t\t\t<div class=\"faq-item-answer-text\"> <p>Vous pouvez ajouter le widget d&rsquo;avis sur n&rsquo;importe quelle page. du site Web, ou ajoutez-le au mod\u00e8le pour qu&rsquo;il apparaisse sur toutes les pages. Les avis feront du bon travail sur les pages de produits ou sur la page \u00c0 propos de nous, o\u00f9 vous devrez d\u00e9montrer votre appr\u00e9ciation \u00e9lev\u00e9e.<\/p> <\/div>\r\n\t\t\t\t\t<\/div>\r\n\t\t\t\t<\/div><div class=\"faq-item\">\r\n\t\t\t\t\t<div class=\"faq-item-question\">\r\n\t\t\t\t\t\t<h3 class=\"faq-item-question-text\">Quels avantages cela m'apportera-t-il ?<\/h3>\r\n\r\n\t\t\t\t\t\t<div class=\"faq-item-question-icon\"><\/div>\r\n\t\t\t\t\t<\/div>\r\n\r\n\t\t\t\t\t<div class=\"faq-item-answer\">\r\n\t\t\t\t\t\t<div class=\"faq-item-answer-text\"> <p>Avis de de vraies personnes sont cr\u00e9dibles au maximum aupr\u00e8s des visiteurs de votre site et leur indiquent que votre entreprise est un partenaire fiable. Une note \u00e9lev\u00e9e et d\u2019excellentes impressions peuvent contribuer \u00e0 renforcer les ventes de votre site Web. De plus, le bouton de redirection peut contribuer \u00e0 augmenter le nombre d&rsquo;avis clients li\u00e9s \u00e0 votre entreprise sur Booking.<\/p> <\/div>\r\n\t\t\t\t\t<\/div>\r\n\t\t\t\t<\/div> <div class=\"faq-item\">\r\n\t\t\t\t\t<div class=\"faq-item-question\">\r\n\t\t\t\t\t\t<h3 class=\"faq-item-question-text\">De quoi ai-je besoin pour installer Booking Reviews sur mon site Weebly ?<\/h3>\r\n\r\n\t\t\t\t\t\t<div class=\"faq-item-question-icon\"><\/div>\r\n\t\t\t\t\t<\/div>\r\n\r\n\t\t\t\t\t<div class=\"faq-item-answer\">\r\n\t\t\t\t\t\t<div class=\"faq-item-answer-text\"> <p>Vous n&rsquo;avez besoin que d&rsquo;une minute de votre temps pour commencer \u00e0 utiliser le widget. Le processus est vraiment rapide, gratuit et ne n\u00e9cessite aucun codage.<\/p> <ol><li>Il existe une option pour configurer le widget sur votre page Web via notre service. Pour cela, consultez une br\u00e8ve instruction ci-dessous sur cette page.<\/li> <li>Les avis de r\u00e9servation Elfsight peuvent \u00eatre configur\u00e9s directement via notre service ou via la place de march\u00e9. Ici, vous pouvez voir tous les d\u00e9tails sur les deux variantes et s\u00e9lectionner celle qui vous convient le mieux.<\/li> <\/ol> <\/div>\r\n\t\t\t\t\t<\/div>\r\n\t\t\t\t<\/div> <\/div> <\/div> <div class=\"application-platform-content-item-features application-platform-content-item\" id=\"features\" data-nav-section=\"features\"> <h2>Fonctionnalit\u00e9s <\/h2> <p>Pour mieux comprendre Booking Reviews, d\u00e9couvrez la liste de ses principales fonctions. Ils rendent ce widget incroyablement efficace pour votre magasin\u00a0: <\/p> <ul> <li>Quatre mises en page disponibles\u00a0: Liste, Grille, Ma\u00e7onnerie et Slider\u00a0;<\/li> <li>Le bouton de demande de r\u00e9vision am\u00e8ne les utilisateurs \u00e0 la page de r\u00e9servation\u00a0; <\/li> <li>Deux sc\u00e9narios possibles apr\u00e8s refus d&rsquo;une demande d&rsquo;avis\u00a0: afficher votre message ou supprimer le bouton.<\/li> <\/ul><p><a href=\"#demo\">Pour v\u00e9rifier plus de fonctionnalit\u00e9s, voir la d\u00e9mo <\/a><\/p> <\/div> <div class=\"application-platform-content-item-installation application-platform-content-item\" id=\"installation\" data-nav-section=\"installation\"> <h2>Comment ajouter des avis de r\u00e9servation \u00e0 votre site Web Weebly<\/h2><div class=\"video-container\"><iframe width=\"720\" height=\"405\" src=\"https:\/\/www.youtube.com\/embed\/IWMpmAJg0FE\" frameborder=\"0\" allowfullscreen=\"\"><\/iframe><\/div><p>Les \u00e9tapes ci-dessous sont la seule chose que vous devez faire pour qu&rsquo;elle soit op\u00e9rationnelle.<\/p> <ol><li><b>Ex\u00e9cutez notre \u00e9diteur gratuit et commencez \u00e0 cr\u00e9er votre application sur mesure. <\/b><br> D\u00e9terminez la conception souhaitable et les caract\u00e9ristiques fonctionnelles de l&rsquo;application et appliquez toutes les corrections. <\/li> <li><b>Acqu\u00e9rir le code personnel indiqu\u00e9 dans le formulaire sp\u00e9cial sur Elfsight Apps. <\/b><br> Une fois la personnalisation de votre application personnelle termin\u00e9e, copiez votre code dans la fen\u00eatre qui appara\u00eet et conservez-le pour une occasion ult\u00e9rieure. <\/li> <li><b>Commencez \u00e0 utiliser l&rsquo;application sur le site Weebly. <\/b><br> Ajoutez le code que vous avez enregistr\u00e9 r\u00e9cemment sur votre site et appliquez les ajustements. <\/li> <li><b>Vous avez termin\u00e9\u00a0! La configuration est enti\u00e8rement effectu\u00e9e. <\/b><br> Acc\u00e9dez \u00e0 votre page Web pour voir le travail de l&rsquo;application. <\/li><\/ol><p>Toujours instable\u00a0? Ou rencontrez des probl\u00e8mes ? Une simple demande \u00e0 notre service client r\u00e9glera tout probl\u00e8me.<\/p> <\/div>","protected":false},"excerpt":{"rendered":"","protected":false},"author":9,"featured_media":0,"parent":2067,"menu_order":0,"comment_status":"closed","ping_status":"closed","template":"templates\/template-application-platform.php","meta":{"publish_to_discourse":"","publish_post_category":"","wpdc_auto_publish_overridden":"","wpdc_topic_tags":"","wpdc_pin_topic":"","wpdc_pin_until":"","discourse_post_id":"","discourse_permalink":"","wpdc_publishing_response":"","wpdc_publishing_error":"","footnotes":""},"class_list":["post-8261","page","type-page","status-publish","hentry"],"yoast_head":"<!-- This site is optimized with the Yoast SEO plugin v25.3.1 - https:\/\/yoast.com\/wordpress\/plugins\/seo\/ -->\n<title>Int\u00e9grer les avis de r\u00e9servation sur le site Web Weebly (2025)<\/title>\n<meta name=\"description\" content=\"Avec Elfsight, fa\u00e7onnez vos avis de r\u00e9servation et ins\u00e9rez-les rapidement sur la page Web Weebly. Nous disposons d&#039;un support client gratuit et de plus de bonus.\" \/>\n<meta name=\"robots\" content=\"index, follow, max-snippet:-1, max-image-preview:large, max-video-preview:-1\" \/>\n<link rel=\"canonical\" href=\"https:\/\/elfsight.com\/fr\/booking-reviews-widget\/weebly\/\" \/>\n<meta property=\"og:locale\" content=\"fr_FR\" \/>\n<meta property=\"og:type\" content=\"article\" \/>\n<meta property=\"og:title\" content=\"Int\u00e9grer les avis de r\u00e9servation sur le site Web Weebly (2025)\" \/>\n<meta property=\"og:description\" content=\"Avec Elfsight, fa\u00e7onnez vos avis de r\u00e9servation et ins\u00e9rez-les rapidement sur la page Web Weebly. Nous disposons d&#039;un support client gratuit et de plus de bonus.\" \/>\n<meta property=\"og:url\" content=\"https:\/\/elfsight.com\/fr\/booking-reviews-widget\/weebly\/\" \/>\n<meta property=\"og:site_name\" content=\"Elfsight FR\" \/>\n<meta property=\"article:modified_time\" content=\"2025-07-09T16:55:20+00:00\" \/>\n<meta name=\"twitter:card\" content=\"summary_large_image\" \/>\n<meta name=\"twitter:label1\" content=\"Dur\u00e9e de lecture estim\u00e9e\" \/>\n\t<meta name=\"twitter:data1\" content=\"3 minutes\" \/>\n<!-- \/ Yoast SEO plugin. -->","yoast_head_json":{"title":"Int\u00e9grer les avis de r\u00e9servation sur le site Web Weebly (2025)","description":"Avec Elfsight, fa\u00e7onnez vos avis de r\u00e9servation et ins\u00e9rez-les rapidement sur la page Web Weebly. Nous disposons d'un support client gratuit et de plus de bonus.","robots":{"index":"index","follow":"follow","max-snippet":"max-snippet:-1","max-image-preview":"max-image-preview:large","max-video-preview":"max-video-preview:-1"},"canonical":"https:\/\/elfsight.com\/fr\/booking-reviews-widget\/weebly\/","og_locale":"fr_FR","og_type":"article","og_title":"Int\u00e9grer les avis de r\u00e9servation sur le site Web Weebly (2025)","og_description":"Avec Elfsight, fa\u00e7onnez vos avis de r\u00e9servation et ins\u00e9rez-les rapidement sur la page Web Weebly. Nous disposons d'un support client gratuit et de plus de bonus.","og_url":"https:\/\/elfsight.com\/fr\/booking-reviews-widget\/weebly\/","og_site_name":"Elfsight FR","article_modified_time":"2025-07-09T16:55:20+00:00","twitter_card":"summary_large_image","twitter_misc":{"Dur\u00e9e de lecture estim\u00e9e":"3 minutes"},"schema":{"@context":"https:\/\/schema.org","@graph":[{"@type":"WebPage","@id":"https:\/\/elfsight.com\/fr\/booking-reviews-widget\/weebly\/","url":"https:\/\/elfsight.com\/fr\/booking-reviews-widget\/weebly\/","name":"Int\u00e9grer les avis de r\u00e9servation sur le site Web Weebly (2025)","isPartOf":{"@id":"https:\/\/elfsight.com\/fr\/#website"},"datePublished":"2024-05-03T06:30:54+00:00","dateModified":"2025-07-09T16:55:20+00:00","description":"Avec Elfsight, fa\u00e7onnez vos avis de r\u00e9servation et ins\u00e9rez-les rapidement sur la page Web Weebly. Nous disposons d'un support client gratuit et de plus de bonus.","breadcrumb":{"@id":"https:\/\/elfsight.com\/fr\/booking-reviews-widget\/weebly\/#breadcrumb"},"inLanguage":"fr-FR","potentialAction":[{"@type":"ReadAction","target":["https:\/\/elfsight.com\/fr\/booking-reviews-widget\/weebly\/"]}]},{"@type":"BreadcrumbList","@id":"https:\/\/elfsight.com\/fr\/booking-reviews-widget\/weebly\/#breadcrumb","itemListElement":[{"@type":"ListItem","position":1,"name":"Home","item":"https:\/\/elfsight.com\/fr\/"},{"@type":"ListItem","position":2,"name":"Booking Reviews","item":"https:\/\/elfsight.com\/fr\/booking-reviews-widget\/"},{"@type":"ListItem","position":3,"name":"Booking Reviews &#8211; Weebly"}]},{"@type":"WebSite","@id":"https:\/\/elfsight.com\/fr\/#website","url":"https:\/\/elfsight.com\/fr\/","name":"Elfsight FR","description":"","potentialAction":[{"@type":"SearchAction","target":{"@type":"EntryPoint","urlTemplate":"https:\/\/elfsight.com\/fr\/?s={search_term_string}"},"query-input":{"@type":"PropertyValueSpecification","valueRequired":true,"valueName":"search_term_string"}}],"inLanguage":"fr-FR"}]}},"meta_box":{"industry":"","seo_heading":"","heading":"","description":"","cta_heading":"","cta_description":"","application":"2063","h1":"Avis sur Weebly Booking.com","h1_caption":"Affichez les avis de booking.com pour attirer plus de clients en montrant sans effort les exp\u00e9riences positives des anciens visiteurs sur votre site Web Weebly.","application_category":[],"applications_title":"","applications_request_title":"","applications_request_button_text":"","hero_text":"","hero_video":"","hero_video_schema_markup":"","selling_points_title":"","selling_points_caption":"","selling_points":[],"selling_points_cta_text":"","features_title":"","features":"","ed_cta_examples_text":"","ed_cta_examples_hidden":"","ed_cta_demo_text":"","ed_cta_demo_hidden":"","why_caption":"","why_editor_title":"","why_editor_text":"","why_team_title":"","why_team_text":"","why_service_title":"","why_service_text":"","template_catalog_visible":"","template_catalog_title":"","template_catalog_text":"","template_catalog_categories_visible":"","demo_title":"Cr\u00e9ez votre application Avis de r\u00e9servation","demo_caption":"Configurez vos avis de r\u00e9servation et ajoutez-les gratuitement \u00e0 votre site Web Weebly\u00a0!","default_faq_hidden":"","app_template_category":[],"platform":"363","template_public_id":"","codecanyon_url":"","codecanyon_item_id":"","codecanyon_price":"","pricing_caption":"","pricing_elfsight_apps_hide_column":"","pricing_elfsight_apps_url":"","pricing_codecanyon_price_caption":"","integration_category":[],"integration_request_title":"","integration_request_cta":"","integration_platform":"","integrations":[],"platform_category":[],"video_schema_markup":"","price":"\u00e0 partir de 0$ \/ mois","trial":"","benefits":[{"text":"Service d'installation gratuit"},{"text":"Assistance premium"},{"text":"Garantie de remboursement de 14 jours"},{"text":"D\u00e9veloppement continu"}],"button_url":"#demo","button_target_blank":"","button_nofollow":"","attributes":[{"name":"Installations","content":"10,000 - 100,000"},{"name":"Sensible","content":"Oui"},{"name":"Navigateurs compatibles","content":"Firefox, Safari, Opera, Chrome, Edge"}],"tags":[],"tags_disable_links":"","hide_more_platforms":"","video_object":"","demo_hide_cta":"","demo_hide_cloud_options":"","pricing_title":"","pricing":[{"pricing_icon":"platform","pricing_title":"Elfsight Apps","pricing_title_caption":"Solution num\u00e9rique multiplateforme","pricing_price":"from $0 \/ month","pricing_price_caption":"commencez avec un forfait gratuit","pricing_benefits":[{"text":"Sites Web illimit\u00e9s"},{"text":"Assistance gratuite pour l'entreprise"},{"text":"Service d'installation gratuit"},{"text":"Conception flexible"}],"pricing_button_text":"Ajouter au site Web","pricing_button_url":"#demo"}],"related_apps_title":"","related_apps_hidden":"","author":"","image":[],"title":"","job":"","social_networks":[]},"_links":{"self":[{"href":"https:\/\/elfsight.com\/fr\/wp-json\/wp\/v2\/pages\/8261","targetHints":{"allow":["GET"]}}],"collection":[{"href":"https:\/\/elfsight.com\/fr\/wp-json\/wp\/v2\/pages"}],"about":[{"href":"https:\/\/elfsight.com\/fr\/wp-json\/wp\/v2\/types\/page"}],"author":[{"embeddable":true,"href":"https:\/\/elfsight.com\/fr\/wp-json\/wp\/v2\/users\/9"}],"replies":[{"embeddable":true,"href":"https:\/\/elfsight.com\/fr\/wp-json\/wp\/v2\/comments?post=8261"}],"version-history":[{"count":1,"href":"https:\/\/elfsight.com\/fr\/wp-json\/wp\/v2\/pages\/8261\/revisions"}],"predecessor-version":[{"id":8265,"href":"https:\/\/elfsight.com\/fr\/wp-json\/wp\/v2\/pages\/8261\/revisions\/8265"}],"up":[{"embeddable":true,"href":"https:\/\/elfsight.com\/fr\/wp-json\/wp\/v2\/pages\/2067"}],"wp:attachment":[{"href":"https:\/\/elfsight.com\/fr\/wp-json\/wp\/v2\/media?parent=8261"}],"curies":[{"name":"wp","href":"https:\/\/api.w.org\/{rel}","templated":true}]}}