{"id":8259,"date":"2024-05-03T06:30:52","date_gmt":"2024-05-03T06:30:52","guid":{"rendered":"https:\/\/elfsight.com\/fr\/?page_id=8259"},"modified":"2025-07-09T16:55:09","modified_gmt":"2025-07-09T16:55:09","slug":"webflow","status":"publish","type":"page","link":"https:\/\/elfsight.com\/fr\/booking-reviews-widget\/webflow\/","title":{"rendered":"Booking Reviews &#8211; Webflow"},"content":{"rendered":"<div class=\"application-platform-content-item-description application-platform-content-item\" id=\"description\" data-nav-section=\"description\"> <h2>Int\u00e9grer les avis de r\u00e9servation sur Webflow avec le widget Elfsight<\/h2> <p>Elfsight Booking Reviews est un widget utile, qui vous permet de placer des avis sur vos offres de Booking sur le site. \u00c0 l&rsquo;aide de ce widget, vous pouvez appliquer des filtres pour masquer les avis ind\u00e9sirables, afficher vos notes par \u00e9toiles et par num\u00e9ros sur Booking, afficher des informations sur les auteurs et introduire un bouton qui am\u00e8nera les visiteurs \u00e0 laisser un nouvel avis sur Booking. Elfsight Booking Reviews vous aidera \u00e0 montrer votre preuve sociale parfaite sur le site Web et \u00e0 augmenter vos ventes. <\/p> <div class=\"faq\" data-component=\"FAQ\"><div class=\"faq-item\">\r\n\t\t\t\t\t<div class=\"faq-item-question\">\r\n\t\t\t\t\t\t<h3 class=\"faq-item-question-text\">O\u00f9 puis-je l'ajouter<\/h3>\r\n\r\n\t\t\t\t\t\t<div class=\"faq-item-question-icon\"><\/div>\r\n\t\t\t\t\t<\/div>\r\n\r\n\t\t\t\t\t<div class=\"faq-item-answer\">\r\n\t\t\t\t\t\t<div class=\"faq-item-answer-text\"> <p>Vous pouvez coller le widget dans n&rsquo;importe quelle page du site, ou le mettre dans le mod\u00e8le, afin qu&rsquo;il s&rsquo;affiche sur toutes les pages. Les avis peuvent bien fonctionner sur les pages de produits ou sur la page \u00c0 propos de nous, les endroits o\u00f9 vous souhaitez prouver votre note \u00e9lev\u00e9e. <\/p> <\/div>\r\n\t\t\t\t\t<\/div>\r\n\t\t\t\t<\/div><div class=\"faq-item\">\r\n\t\t\t\t\t<div class=\"faq-item-question\">\r\n\t\t\t\t\t\t<h3 class=\"faq-item-question-text\">Quels avantages cela m'apportera-t-il ?<\/h3>\r\n\r\n\t\t\t\t\t\t<div class=\"faq-item-question-icon\"><\/div>\r\n\t\t\t\t\t<\/div>\r\n\r\n\t\t\t\t\t<div class=\"faq-item-answer\">\r\n\t\t\t\t\t\t<div class=\"faq-item-answer-text\"> <p>Les avis partag\u00e9s par de vraies personnes semblent parfaitement cr\u00e9dibles aux visiteurs de votre site Web et leur prouvent que votre entreprise est un partenaire fiable. Une note \u00e9lev\u00e9e et des t\u00e9moignages positifs peuvent contribuer \u00e0 augmenter le niveau d\u2019achats sur votre site Web. De plus, le bouton de redirection peut contribuer \u00e0 obtenir davantage d&rsquo;avis de clients sur vos services sur Booking. <\/p> <\/div>\r\n\t\t\t\t\t<\/div>\r\n\t\t\t\t<\/div> <div class=\"faq-item\">\r\n\t\t\t\t\t<div class=\"faq-item-question\">\r\n\t\t\t\t\t\t<h3 class=\"faq-item-question-text\">Comment int\u00e9grer les avis de r\u00e9servation au site Web Webflow ?<\/h3>\r\n\r\n\t\t\t\t\t\t<div class=\"faq-item-question-icon\"><\/div>\r\n\t\t\t\t\t<\/div>\r\n\r\n\t\t\t\t\t<div class=\"faq-item-answer\">\r\n\t\t\t\t\t\t<div class=\"faq-item-answer-text\"> <p>Vous n&rsquo;avez besoin que d&rsquo;une minute pour que le widget soit op\u00e9rationnel. C&rsquo;est super rapide, gratuit et sans codage. <\/p> <ol><li>Vous pouvez int\u00e9grer des avis de r\u00e9servation sur votre site directement via notre service. Pour cela, vous devez suivre une br\u00e8ve description ci-dessous sur cette page. <\/li> <li>Le widget peut \u00eatre introduit via notre service ou sur la place de march\u00e9. Vous pouvez voir les avantages et les inconv\u00e9nients des deux options et s\u00e9lectionner la v\u00f4tre. <\/li> <\/ol> <\/div>\r\n\t\t\t\t\t<\/div>\r\n\t\t\t\t<\/div> <\/div> <\/div> <div class=\"application-platform-content-item-features application-platform-content-item\" id=\"features\" data-nav-section=\"features\"> <h2>Principales fonctionnalit\u00e9s du widget Avis de r\u00e9servation<\/h2> <p>Pour une compr\u00e9hension compl\u00e8te de Booking Reviews, consultez la liste de ses principales caract\u00e9ristiques. Ils rendent le widget incroyablement avantageux pour vous\u00a0: <\/p> <ul> <li>3 filtres disponibles\u00a0: par type, exclusion par et nombre d&rsquo;avis \u00e0 afficher\u00a0; <\/li> <li>Le bouton de demande de r\u00e9vision dirige les visiteurs vers la page de r\u00e9servation\u00a0; <\/li> <li>Six \u00e9l\u00e9ments r\u00e9glables de l&rsquo;interface\u00a0: nom et photo de l&rsquo;auteur, recommandation, date de partage, ic\u00f4ne de r\u00e9servation et nombre d&rsquo;\u00e9toiles\u00a0; <\/li> <\/ul><p><a href=\"#demo\">Pour en savoir plus sur les fonctionnalit\u00e9s, consultez la d\u00e9mo en direct<\/a><\/p> <\/div> <div class=\"application-platform-content-item-installation application-platform-content-item\" id=\"installation\" data-nav-section=\"installation\"> <h2>D\u00e9couvrez comment placer les avis de r\u00e9servation sur votre site Webflow<\/h2><div class=\"video-container\"><iframe width=\"720\" height=\"405\" src=\"https:\/\/www.youtube.com\/embed\/-iJS0JLU4Eg\" frameborder=\"0\" allowfullscreen=\"\"><\/iframe><\/div><p>Les actions ci-dessous sont la seule chose que vous devez faire pour int\u00e9grer le widget sur votre site. <\/p> <ol><li><b>Concevez votre plugin Booking Reviews unique<\/b><br> Avec l&rsquo;aide de notre \u00e9diteur gratuit, cr\u00e9ez un plugin avec un design et des fonctions s\u00e9lectionn\u00e9s. <\/li><li><b>Recevez le code personnel pour publier le plugin<\/b><br> Apr\u00e8s avoir personnalis\u00e9 votre widget, vous obtiendrez votre code d&rsquo;installation \u00e0 partir de la notification contextuelle sur Elfsight Apps. Copiez-le. <\/li> <li><b>Int\u00e9grez le plugin sur votre site Web Webflow<\/b><br> Choisissez la zone dans laquelle vous souhaitez afficher le plugin et collez-y le code copi\u00e9. Appliquez les r\u00e9sultats. <\/li> <li><b>La configuration est r\u00e9ussie\u00a0! <\/b><br> Visitez votre page Web pour voir votre plugin. <\/li> <\/ol><p>Vous avez encore des doutes ? Vous rencontrez des requ\u00eates\u00a0? Envoyez simplement une demande \u00e0 notre \u00e9quipe d\u2019assistance. Nous r\u00e9soudrons chaque probl\u00e8me. <\/p> <\/div>","protected":false},"excerpt":{"rendered":"","protected":false},"author":9,"featured_media":0,"parent":2067,"menu_order":0,"comment_status":"closed","ping_status":"closed","template":"templates\/template-application-platform.php","meta":{"publish_to_discourse":"","publish_post_category":"","wpdc_auto_publish_overridden":"","wpdc_topic_tags":"","wpdc_pin_topic":"","wpdc_pin_until":"","discourse_post_id":"","discourse_permalink":"","wpdc_publishing_response":"","wpdc_publishing_error":"","footnotes":""},"class_list":["post-8259","page","type-page","status-publish","hentry"],"yoast_head":"<!-- This site is optimized with the Yoast SEO plugin v25.3.1 - https:\/\/yoast.com\/wordpress\/plugins\/seo\/ -->\n<title>Int\u00e9grer les avis de r\u00e9servation sur le site Web Webflow (en 2 minutes)<\/title>\n<meta name=\"description\" content=\"Il est absolument simple de fa\u00e7onner votre widget Booking Reviews et de l\u2019afficher sur votre page Web Webflow. Le support client Elfsight est gratuit.\" \/>\n<meta name=\"robots\" content=\"index, follow, max-snippet:-1, max-image-preview:large, max-video-preview:-1\" \/>\n<link rel=\"canonical\" href=\"https:\/\/elfsight.com\/fr\/booking-reviews-widget\/webflow\/\" \/>\n<meta property=\"og:locale\" content=\"fr_FR\" \/>\n<meta property=\"og:type\" content=\"article\" \/>\n<meta property=\"og:title\" content=\"Int\u00e9grer les avis de r\u00e9servation sur le site Web Webflow (en 2 minutes)\" \/>\n<meta property=\"og:description\" content=\"Il est absolument simple de fa\u00e7onner votre widget Booking Reviews et de l\u2019afficher sur votre page Web Webflow. Le support client Elfsight est gratuit.\" \/>\n<meta property=\"og:url\" content=\"https:\/\/elfsight.com\/fr\/booking-reviews-widget\/webflow\/\" \/>\n<meta property=\"og:site_name\" content=\"Elfsight FR\" \/>\n<meta property=\"article:modified_time\" content=\"2025-07-09T16:55:09+00:00\" \/>\n<meta name=\"twitter:card\" content=\"summary_large_image\" \/>\n<meta name=\"twitter:label1\" content=\"Dur\u00e9e de lecture estim\u00e9e\" \/>\n\t<meta name=\"twitter:data1\" content=\"3 minutes\" \/>\n<!-- \/ Yoast SEO plugin. -->","yoast_head_json":{"title":"Int\u00e9grer les avis de r\u00e9servation sur le site Web Webflow (en 2 minutes)","description":"Il est absolument simple de fa\u00e7onner votre widget Booking Reviews et de l\u2019afficher sur votre page Web Webflow. Le support client Elfsight est gratuit.","robots":{"index":"index","follow":"follow","max-snippet":"max-snippet:-1","max-image-preview":"max-image-preview:large","max-video-preview":"max-video-preview:-1"},"canonical":"https:\/\/elfsight.com\/fr\/booking-reviews-widget\/webflow\/","og_locale":"fr_FR","og_type":"article","og_title":"Int\u00e9grer les avis de r\u00e9servation sur le site Web Webflow (en 2 minutes)","og_description":"Il est absolument simple de fa\u00e7onner votre widget Booking Reviews et de l\u2019afficher sur votre page Web Webflow. Le support client Elfsight est gratuit.","og_url":"https:\/\/elfsight.com\/fr\/booking-reviews-widget\/webflow\/","og_site_name":"Elfsight FR","article_modified_time":"2025-07-09T16:55:09+00:00","twitter_card":"summary_large_image","twitter_misc":{"Dur\u00e9e de lecture estim\u00e9e":"3 minutes"},"schema":{"@context":"https:\/\/schema.org","@graph":[{"@type":"WebPage","@id":"https:\/\/elfsight.com\/fr\/booking-reviews-widget\/webflow\/","url":"https:\/\/elfsight.com\/fr\/booking-reviews-widget\/webflow\/","name":"Int\u00e9grer les avis de r\u00e9servation sur le site Web Webflow (en 2 minutes)","isPartOf":{"@id":"https:\/\/elfsight.com\/fr\/#website"},"datePublished":"2024-05-03T06:30:52+00:00","dateModified":"2025-07-09T16:55:09+00:00","description":"Il est absolument simple de fa\u00e7onner votre widget Booking Reviews et de l\u2019afficher sur votre page Web Webflow. Le support client Elfsight est gratuit.","breadcrumb":{"@id":"https:\/\/elfsight.com\/fr\/booking-reviews-widget\/webflow\/#breadcrumb"},"inLanguage":"fr-FR","potentialAction":[{"@type":"ReadAction","target":["https:\/\/elfsight.com\/fr\/booking-reviews-widget\/webflow\/"]}]},{"@type":"BreadcrumbList","@id":"https:\/\/elfsight.com\/fr\/booking-reviews-widget\/webflow\/#breadcrumb","itemListElement":[{"@type":"ListItem","position":1,"name":"Home","item":"https:\/\/elfsight.com\/fr\/"},{"@type":"ListItem","position":2,"name":"Booking Reviews","item":"https:\/\/elfsight.com\/fr\/booking-reviews-widget\/"},{"@type":"ListItem","position":3,"name":"Booking Reviews &#8211; Webflow"}]},{"@type":"WebSite","@id":"https:\/\/elfsight.com\/fr\/#website","url":"https:\/\/elfsight.com\/fr\/","name":"Elfsight FR","description":"","potentialAction":[{"@type":"SearchAction","target":{"@type":"EntryPoint","urlTemplate":"https:\/\/elfsight.com\/fr\/?s={search_term_string}"},"query-input":{"@type":"PropertyValueSpecification","valueRequired":true,"valueName":"search_term_string"}}],"inLanguage":"fr-FR"}]}},"meta_box":{"industry":"","seo_heading":"","heading":"","description":"","cta_heading":"","cta_description":"","application":"2063","h1":"Avis sur Booking.com Webflow","h1_caption":"Affichez les avis de booking.com pour attirer plus de clients en montrant sans effort les exp\u00e9riences positives des anciens visiteurs sur votre site Web Webflow.","application_category":[],"applications_title":"","applications_request_title":"","applications_request_button_text":"","hero_text":"","hero_video":"","hero_video_schema_markup":"","selling_points_title":"","selling_points_caption":"","selling_points":[],"selling_points_cta_text":"","features_title":"","features":"","ed_cta_examples_text":"","ed_cta_examples_hidden":"","ed_cta_demo_text":"","ed_cta_demo_hidden":"","why_caption":"","why_editor_title":"","why_editor_text":"","why_team_title":"","why_team_text":"","why_service_title":"","why_service_text":"","template_catalog_visible":"","template_catalog_title":"","template_catalog_text":"","template_catalog_categories_visible":"","demo_title":"Cr\u00e9ez votre widget Avis de r\u00e9servation","demo_caption":"Configurez vos avis de r\u00e9servation et ajoutez-les gratuitement \u00e0 votre site Web Webflow\u00a0!","default_faq_hidden":"","app_template_category":[],"platform":"362","template_public_id":"","codecanyon_url":"","codecanyon_item_id":"","codecanyon_price":"","pricing_caption":"","pricing_elfsight_apps_hide_column":"","pricing_elfsight_apps_url":"","pricing_codecanyon_price_caption":"","integration_category":[],"integration_request_title":"","integration_request_cta":"","integration_platform":"","integrations":[],"platform_category":[],"video_schema_markup":"","price":"\u00e0 partir de 0$ \/ mois","trial":"","benefits":[{"text":"Aide \u00e0 l'installation gratuite"},{"text":"Support client exp\u00e9riment\u00e9"},{"text":"Garantie de remboursement de 14 jours"},{"text":"Mises \u00e0 jour gratuites en continu"}],"button_url":"#demo","button_target_blank":"","button_nofollow":"","attributes":[{"name":"Installations","content":"10,000 - 100,000"},{"name":"Sensible","content":"Oui"},{"name":"Navigateurs compatibles","content":"Firefox, Opera, Chrome, Safari, Edge"}],"tags":[],"tags_disable_links":"","hide_more_platforms":"","video_object":"","demo_hide_cta":"","demo_hide_cloud_options":"","pricing_title":"","pricing":[{"pricing_icon":"platform","pricing_title":"Elfsight Apps","pricing_title_caption":"Solution multiplateforme","pricing_price":"from $0 \/ month","pricing_price_caption":"commencez avec un forfait gratuit","pricing_benefits":[{"text":"Sites Web illimit\u00e9s"},{"text":"Assistance d\u00e9di\u00e9e et ponctuelle"},{"text":"Assistance \u00e0 l'installation gratuite"},{"text":"100% personnalisable"}],"pricing_button_text":"Ajouter au site Web","pricing_button_url":"#demo"}],"related_apps_title":"","related_apps_hidden":"","author":"","image":[],"title":"","job":"","social_networks":[]},"_links":{"self":[{"href":"https:\/\/elfsight.com\/fr\/wp-json\/wp\/v2\/pages\/8259","targetHints":{"allow":["GET"]}}],"collection":[{"href":"https:\/\/elfsight.com\/fr\/wp-json\/wp\/v2\/pages"}],"about":[{"href":"https:\/\/elfsight.com\/fr\/wp-json\/wp\/v2\/types\/page"}],"author":[{"embeddable":true,"href":"https:\/\/elfsight.com\/fr\/wp-json\/wp\/v2\/users\/9"}],"replies":[{"embeddable":true,"href":"https:\/\/elfsight.com\/fr\/wp-json\/wp\/v2\/comments?post=8259"}],"version-history":[{"count":2,"href":"https:\/\/elfsight.com\/fr\/wp-json\/wp\/v2\/pages\/8259\/revisions"}],"predecessor-version":[{"id":14973,"href":"https:\/\/elfsight.com\/fr\/wp-json\/wp\/v2\/pages\/8259\/revisions\/14973"}],"up":[{"embeddable":true,"href":"https:\/\/elfsight.com\/fr\/wp-json\/wp\/v2\/pages\/2067"}],"wp:attachment":[{"href":"https:\/\/elfsight.com\/fr\/wp-json\/wp\/v2\/media?parent=8259"}],"curies":[{"name":"wp","href":"https:\/\/api.w.org\/{rel}","templated":true}]}}