{"id":8252,"date":"2024-05-03T06:30:49","date_gmt":"2024-05-03T06:30:49","guid":{"rendered":"https:\/\/elfsight.com\/fr\/?page_id=8252"},"modified":"2025-07-09T16:54:24","modified_gmt":"2025-07-09T16:54:24","slug":"opencart","status":"publish","type":"page","link":"https:\/\/elfsight.com\/fr\/booking-reviews-widget\/opencart\/","title":{"rendered":"Booking Reviews &#8211; OpenCart"},"content":{"rendered":"<div class=\"application-platform-content-item-description application-platform-content-item\" id=\"description\" data-nav-section=\"description\"> <h2>Description<\/h2> <p>Si vous cherchez un moyen de d\u00e9montrer votre grande appr\u00e9ciation aupr\u00e8s des clients et de convaincre les visiteurs du site que votre h\u00e9bergement vaut le d\u00e9tour, Elfsight Booking Reviews fera le travail. Avec notre outil, vous placerez rapidement les avis des clients de Booking sur votre site Web avec des informations sur leurs auteurs, utiliserez des filtres pour afficher uniquement les positifs, ajouterez des notes et un bouton de redirection qui dirigera les utilisateurs sur votre page de r\u00e9servation, afin qu&rsquo;ils puissent publier un nouveau commentaire. revoir. <\/p> <div class=\"faq\" data-component=\"FAQ\"><div class=\"faq-item\">\r\n\t\t\t\t\t<div class=\"faq-item-question\">\r\n\t\t\t\t\t\t<h3 class=\"faq-item-question-text\">O\u00f9 sur mon site puis-je int\u00e9grer ce plugin<\/h3>\r\n\r\n\t\t\t\t\t\t<div class=\"faq-item-question-icon\"><\/div>\r\n\t\t\t\t\t<\/div>\r\n\r\n\t\t\t\t\t<div class=\"faq-item-answer\">\r\n\t\t\t\t\t\t<div class=\"faq-item-answer-text\"> <p>Vous pouvez int\u00e9grer le widget dans n&rsquo;importe quelle page de votre site Web, ou le mettre dans le mod\u00e8le, dans ce cas, il le fera \u00eatre r\u00e9v\u00e9l\u00e9 sur toutes les pages. Les avis feront du bon travail sur les pages de produits ou sur la page \u00c0 propos de nous, o\u00f9 vous souhaitez montrer votre appr\u00e9ciation \u00e9lev\u00e9e. <\/p> <\/div>\r\n\t\t\t\t\t<\/div>\r\n\t\t\t\t<\/div><div class=\"faq-item\">\r\n\t\t\t\t\t<div class=\"faq-item-question\">\r\n\t\t\t\t\t\t<h3 class=\"faq-item-question-text\">Comment puis-je b\u00e9n\u00e9ficier des avis sur les r\u00e9servations ?<\/h3>\r\n\r\n\t\t\t\t\t\t<div class=\"faq-item-question-icon\"><\/div>\r\n\t\t\t\t\t<\/div>\r\n\r\n\t\t\t\t\t<div class=\"faq-item-answer\">\r\n\t\t\t\t\t\t<div class=\"faq-item-answer-text\"> <p>Les avis r\u00e9dig\u00e9s par de vraies personnes sont parfaitement cr\u00e9dibles pour les visiteurs de votre site Web et leur d\u00e9montrent que vous pouvez faire confiance \u00e0 votre entreprise. Une note \u00e9lev\u00e9e et de bonnes critiques peuvent contribuer \u00e0 renforcer le niveau de ventes sur votre site Web. De plus, le bouton actif peut contribuer \u00e0 davantage d&rsquo;avis de clients sur votre entreprise sur Booking. <\/p> <\/div>\r\n\t\t\t\t\t<\/div>\r\n\t\t\t\t<\/div> <div class=\"faq-item\">\r\n\t\t\t\t\t<div class=\"faq-item-question\">\r\n\t\t\t\t\t\t<h3 class=\"faq-item-question-text\">De quoi ai-je besoin pour ajouter des avis de r\u00e9servation \u00e0 mon site Web OpenCart ?<\/h3>\r\n\r\n\t\t\t\t\t\t<div class=\"faq-item-question-icon\"><\/div>\r\n\t\t\t\t\t<\/div>\r\n\r\n\t\t\t\t\t<div class=\"faq-item-answer\">\r\n\t\t\t\t\t\t<div class=\"faq-item-answer-text\"> <p>La configuration du widget prendra trois minutes de votre temps. L\u2019ajout est ultra rapide, gratuit et n\u2019implique pas de codage. <\/p> <ol><li>Vous pouvez ins\u00e9rer des avis de r\u00e9servation sur le site Web de notre service. Pour cela, vous devez suivre la br\u00e8ve description ci-dessous sur cette page. <\/li> <li>Les avis de r\u00e9servation Elfsight peuvent \u00eatre int\u00e9gr\u00e9s via notre service ou via la place de march\u00e9. Ici, vous pouvez lire plus de d\u00e9tails sur les deux options et en s\u00e9lectionner une plus appropri\u00e9e. <\/li> <\/ol> <\/div>\r\n\t\t\t\t\t<\/div>\r\n\t\t\t\t<\/div> <\/div> <\/div> <div class=\"application-platform-content-item-features application-platform-content-item\" id=\"features\" data-nav-section=\"features\"> <h2>Fonctionnalit\u00e9s<\/h2> <p>Afin d&rsquo;obtenir une perception plus claire du widget, vous pouvez consulter la liste de ses principales fonctions. Ils rendent le widget efficace pour votre entreprise\u00a0: <\/p> <ul> <li>4 mises en page pr\u00e9d\u00e9finies\u00a0: Liste, Grille, Ma\u00e7onnerie et Slider\u00a0; <\/li> <li>Le bouton permettant de demander un avis dirige les visiteurs vers votre page de r\u00e9servation\u00a0; <\/li> <li>6 \u00e9l\u00e9ments r\u00e9glables du widget\u00a0: le nom de l&rsquo;auteur et l&rsquo;image, le texte de la recommandation, la date, l&rsquo;ic\u00f4ne de r\u00e9servation et le nombre d&rsquo;\u00e9toiles\u00a0; <\/li> <\/ul><p><a href=\"#demo\">D\u00e9couvrez plus de fonctionnalit\u00e9s dans la d\u00e9mo<\/a><\/p> <\/div> <div class=\"application-platform-content-item-installation application-platform-content-item\" id=\"installation\" data-nav-section=\"installation\"> <h2> D\u00e9couvrez comment int\u00e9grer les avis de r\u00e9servation \u00e0 votre page OpenCart<\/h2> <p>Ces plusieurs actions sont la seule chose que vous devez effectuer pour int\u00e9grer le widget Avis sur votre site. <\/p> <ol><li><b>Lancez notre d\u00e9mo gratuite et commencez \u00e0 fa\u00e7onner votre extension personnalis\u00e9e. <\/b><br> Recherchez la forme souhait\u00e9e et les caract\u00e9ristiques fonctionnelles de l&rsquo;extension et enregistrez toutes les corrections. <\/li> <li><b>Acqu\u00e9rez votre code unique affich\u00e9 dans la case sur les applications Elfsight. <\/b><br> Une fois la configuration de votre extension termin\u00e9e, copiez le code personnel de la fen\u00eatre contextuelle apparue et enregistrez-le pour une occasion ult\u00e9rieure. <\/li> <li><b>Commencez \u00e0 utiliser l&rsquo;extension sur le site OpenCart. <\/b><br> Int\u00e9grez le code que vous avez copi\u00e9 auparavant dans votre site et appliquez les modifications. <\/li> <li><b>L&rsquo;installation est enti\u00e8rement effectu\u00e9e. <\/b><br> Acc\u00e9dez \u00e0 votre page Web pour jeter un \u0153il au fonctionnement de l&rsquo;extension. <\/li><\/ol><p>Vous n&rsquo;arrivez toujours pas \u00e0 vous d\u00e9cider\u00a0? Ou rencontrez des probl\u00e8mes ? Envoyez simplement votre demande \u00e0 notre \u00e9quipe d&rsquo;assistance qui vous aidera \u00e0 r\u00e9soudre chaque probl\u00e8me. <\/p> <\/div>","protected":false},"excerpt":{"rendered":"","protected":false},"author":9,"featured_media":0,"parent":2067,"menu_order":0,"comment_status":"closed","ping_status":"closed","template":"templates\/template-application-platform.php","meta":{"publish_to_discourse":"","publish_post_category":"","wpdc_auto_publish_overridden":"","wpdc_topic_tags":"","wpdc_pin_topic":"","wpdc_pin_until":"","discourse_post_id":"","discourse_permalink":"","wpdc_publishing_response":"","wpdc_publishing_error":"","footnotes":""},"class_list":["post-8252","page","type-page","status-publish","hentry"],"yoast_head":"<!-- This site is optimized with the Yoast SEO plugin v25.3.1 - https:\/\/yoast.com\/wordpress\/plugins\/seo\/ -->\n<title>Int\u00e9grer les avis de r\u00e9servation sur le site Web OpenCart (gratuit et rapide)<\/title>\n<meta name=\"description\" content=\"Il est parfaitement simple de cr\u00e9er votre extension Booking Reviews et de l\u2019ajouter sur le site OpenCart. Le support client Elfsight est gratuit.\" \/>\n<meta name=\"robots\" content=\"index, follow, max-snippet:-1, max-image-preview:large, max-video-preview:-1\" \/>\n<link rel=\"canonical\" href=\"https:\/\/elfsight.com\/fr\/booking-reviews-widget\/opencart\/\" \/>\n<meta property=\"og:locale\" content=\"fr_FR\" \/>\n<meta property=\"og:type\" content=\"article\" \/>\n<meta property=\"og:title\" content=\"Int\u00e9grer les avis de r\u00e9servation sur le site Web OpenCart (gratuit et rapide)\" \/>\n<meta property=\"og:description\" content=\"Il est parfaitement simple de cr\u00e9er votre extension Booking Reviews et de l\u2019ajouter sur le site OpenCart. Le support client Elfsight est gratuit.\" \/>\n<meta property=\"og:url\" content=\"https:\/\/elfsight.com\/fr\/booking-reviews-widget\/opencart\/\" \/>\n<meta property=\"og:site_name\" content=\"Elfsight FR\" \/>\n<meta property=\"article:modified_time\" content=\"2025-07-09T16:54:24+00:00\" \/>\n<meta name=\"twitter:card\" content=\"summary_large_image\" \/>\n<meta name=\"twitter:label1\" content=\"Dur\u00e9e de lecture estim\u00e9e\" \/>\n\t<meta name=\"twitter:data1\" content=\"3 minutes\" \/>\n<!-- \/ Yoast SEO plugin. -->","yoast_head_json":{"title":"Int\u00e9grer les avis de r\u00e9servation sur le site Web OpenCart (gratuit et rapide)","description":"Il est parfaitement simple de cr\u00e9er votre extension Booking Reviews et de l\u2019ajouter sur le site OpenCart. Le support client Elfsight est gratuit.","robots":{"index":"index","follow":"follow","max-snippet":"max-snippet:-1","max-image-preview":"max-image-preview:large","max-video-preview":"max-video-preview:-1"},"canonical":"https:\/\/elfsight.com\/fr\/booking-reviews-widget\/opencart\/","og_locale":"fr_FR","og_type":"article","og_title":"Int\u00e9grer les avis de r\u00e9servation sur le site Web OpenCart (gratuit et rapide)","og_description":"Il est parfaitement simple de cr\u00e9er votre extension Booking Reviews et de l\u2019ajouter sur le site OpenCart. Le support client Elfsight est gratuit.","og_url":"https:\/\/elfsight.com\/fr\/booking-reviews-widget\/opencart\/","og_site_name":"Elfsight FR","article_modified_time":"2025-07-09T16:54:24+00:00","twitter_card":"summary_large_image","twitter_misc":{"Dur\u00e9e de lecture estim\u00e9e":"3 minutes"},"schema":{"@context":"https:\/\/schema.org","@graph":[{"@type":"WebPage","@id":"https:\/\/elfsight.com\/fr\/booking-reviews-widget\/opencart\/","url":"https:\/\/elfsight.com\/fr\/booking-reviews-widget\/opencart\/","name":"Int\u00e9grer les avis de r\u00e9servation sur le site Web OpenCart (gratuit et rapide)","isPartOf":{"@id":"https:\/\/elfsight.com\/fr\/#website"},"datePublished":"2024-05-03T06:30:49+00:00","dateModified":"2025-07-09T16:54:24+00:00","description":"Il est parfaitement simple de cr\u00e9er votre extension Booking Reviews et de l\u2019ajouter sur le site OpenCart. Le support client Elfsight est gratuit.","breadcrumb":{"@id":"https:\/\/elfsight.com\/fr\/booking-reviews-widget\/opencart\/#breadcrumb"},"inLanguage":"fr-FR","potentialAction":[{"@type":"ReadAction","target":["https:\/\/elfsight.com\/fr\/booking-reviews-widget\/opencart\/"]}]},{"@type":"BreadcrumbList","@id":"https:\/\/elfsight.com\/fr\/booking-reviews-widget\/opencart\/#breadcrumb","itemListElement":[{"@type":"ListItem","position":1,"name":"Home","item":"https:\/\/elfsight.com\/fr\/"},{"@type":"ListItem","position":2,"name":"Booking Reviews","item":"https:\/\/elfsight.com\/fr\/booking-reviews-widget\/"},{"@type":"ListItem","position":3,"name":"Booking Reviews &#8211; OpenCart"}]},{"@type":"WebSite","@id":"https:\/\/elfsight.com\/fr\/#website","url":"https:\/\/elfsight.com\/fr\/","name":"Elfsight FR","description":"","potentialAction":[{"@type":"SearchAction","target":{"@type":"EntryPoint","urlTemplate":"https:\/\/elfsight.com\/fr\/?s={search_term_string}"},"query-input":{"@type":"PropertyValueSpecification","valueRequired":true,"valueName":"search_term_string"}}],"inLanguage":"fr-FR"}]}},"meta_box":{"industry":"","seo_heading":"","heading":"","description":"","cta_heading":"","cta_description":"","application":"2063","h1":"Avis sur OpenCart Booking.com","h1_caption":"Affichez les avis de booking.com pour attirer plus de clients en montrant sans effort les exp\u00e9riences positives des anciens visiteurs sur votre site Web Opencart.","application_category":[],"applications_title":"","applications_request_title":"","applications_request_button_text":"","hero_text":"","hero_video":"","hero_video_schema_markup":"","selling_points_title":"","selling_points_caption":"","selling_points":[],"selling_points_cta_text":"","features_title":"","features":"","ed_cta_examples_text":"","ed_cta_examples_hidden":"","ed_cta_demo_text":"","ed_cta_demo_hidden":"","why_caption":"","why_editor_title":"","why_editor_text":"","why_team_title":"","why_team_text":"","why_service_title":"","why_service_text":"","template_catalog_visible":"","template_catalog_title":"","template_catalog_text":"","template_catalog_categories_visible":"","demo_title":"Cr\u00e9ez votre extension Avis de r\u00e9servation","demo_caption":"Configurez vos avis de r\u00e9servation et ajoutez-les gratuitement \u00e0 votre site Web OpenCart\u00a0!","default_faq_hidden":"","app_template_category":[],"platform":"359","template_public_id":"","codecanyon_url":"","codecanyon_item_id":"","codecanyon_price":"","pricing_caption":"","pricing_elfsight_apps_hide_column":"","pricing_elfsight_apps_url":"","pricing_codecanyon_price_caption":"","integration_category":[],"integration_request_title":"","integration_request_cta":"","integration_platform":"","integrations":[],"platform_category":[],"video_schema_markup":"","price":"\u00e0 partir de 0$ \/ mois","trial":"","benefits":[{"text":"Service d'installation gratuit"},{"text":"Support client exp\u00e9riment\u00e9"},{"text":"Garantie de remboursement de 14 jours"},{"text":"Mises \u00e0 jour futures"}],"button_url":"#demo","button_target_blank":"","button_nofollow":"","attributes":[{"name":"Installations","content":"10,000 - 100,000"},{"name":"Sensible","content":"Oui"},{"name":"Navigateurs compatibles","content":"Safari, Opera, Edge, Chrome, Firefox"}],"tags":[],"tags_disable_links":"","hide_more_platforms":"","video_object":"","demo_hide_cta":"","demo_hide_cloud_options":"","pricing_title":"","pricing":[{"pricing_icon":"platform","pricing_title":"Elfsight Apps","pricing_title_caption":"Solution num\u00e9rique multiplateforme qui fonctionne sur n'importe quel site Web","pricing_price":"from $0 \/ month","pricing_price_caption":"commencez avec un forfait gratuit","pricing_benefits":[{"text":"Domaines illimit\u00e9s"},{"text":"Assistance professionnelle et ponctuelle"},{"text":"Aide \u00e0 l'installation gratuite"},{"text":"100% personnalisable"}],"pricing_button_text":"Ajouter au site Web","pricing_button_url":"#demo"}],"related_apps_title":"","related_apps_hidden":"","author":"","image":[],"title":"","job":"","social_networks":[]},"_links":{"self":[{"href":"https:\/\/elfsight.com\/fr\/wp-json\/wp\/v2\/pages\/8252","targetHints":{"allow":["GET"]}}],"collection":[{"href":"https:\/\/elfsight.com\/fr\/wp-json\/wp\/v2\/pages"}],"about":[{"href":"https:\/\/elfsight.com\/fr\/wp-json\/wp\/v2\/types\/page"}],"author":[{"embeddable":true,"href":"https:\/\/elfsight.com\/fr\/wp-json\/wp\/v2\/users\/9"}],"replies":[{"embeddable":true,"href":"https:\/\/elfsight.com\/fr\/wp-json\/wp\/v2\/comments?post=8252"}],"version-history":[{"count":1,"href":"https:\/\/elfsight.com\/fr\/wp-json\/wp\/v2\/pages\/8252\/revisions"}],"predecessor-version":[{"id":8256,"href":"https:\/\/elfsight.com\/fr\/wp-json\/wp\/v2\/pages\/8252\/revisions\/8256"}],"up":[{"embeddable":true,"href":"https:\/\/elfsight.com\/fr\/wp-json\/wp\/v2\/pages\/2067"}],"wp:attachment":[{"href":"https:\/\/elfsight.com\/fr\/wp-json\/wp\/v2\/media?parent=8252"}],"curies":[{"name":"wp","href":"https:\/\/api.w.org\/{rel}","templated":true}]}}