{"id":8250,"date":"2024-05-03T06:30:47","date_gmt":"2024-05-03T06:30:47","guid":{"rendered":"https:\/\/elfsight.com\/fr\/?page_id=8250"},"modified":"2025-07-09T16:53:29","modified_gmt":"2025-07-09T16:53:29","slug":"html","status":"publish","type":"page","link":"https:\/\/elfsight.com\/fr\/booking-reviews-widget\/html\/","title":{"rendered":"Booking Reviews &#8211; HTML"},"content":{"rendered":"<div class=\"application-platform-content-item-description application-platform-content-item\" id=\"description\" data-nav-section=\"description\"> <h2>Description<\/h2> <p>Si vous avez besoin de vanter votre appr\u00e9ciation aupr\u00e8s des clients et de convaincre les visiteurs de votre site Web que vos produits ou services valent la peine d&rsquo;\u00eatre achet\u00e9s , Elfsight Booking Reviews sera le bon choix. Avec l&rsquo;aide de ce widget, vous pourrez afficher les avis des clients de Booking sur votre site avec des informations sur leurs auteurs, utiliser des filtres pour afficher uniquement les bons, ajouter des notes et un bouton actif qui redirigera les gens vers votre compte Booking, o\u00f9 ils peuvent ajouter une nouvelle critique. <\/p> <div class=\"faq\" data-component=\"FAQ\"><div class=\"faq-item\">\r\n\t\t\t\t\t<div class=\"faq-item-question\">\r\n\t\t\t\t\t\t<h3 class=\"faq-item-question-text\">O\u00f9 puis-je ins\u00e9rer des avis de r\u00e9servation<\/h3>\r\n\r\n\t\t\t\t\t\t<div class=\"faq-item-question-icon\"><\/div>\r\n\t\t\t\t\t<\/div>\r\n\r\n\t\t\t\t\t<div class=\"faq-item-answer\">\r\n\t\t\t\t\t\t<div class=\"faq-item-answer-text\"> <p>Notre widget peut \u00eatre plac\u00e9 sur n&rsquo;importe quelle page, o\u00f9 vous souhaitez afficher votre appr\u00e9ciation \u00e9lev\u00e9e et votre popularit\u00e9 aupr\u00e8s des clients. Si vous en avez besoin sur toutes les pages du site, vous pouvez simplement le coller dans le mod\u00e8le du site Web. <\/p> <\/div>\r\n\t\t\t\t\t<\/div>\r\n\t\t\t\t<\/div><div class=\"faq-item\">\r\n\t\t\t\t\t<div class=\"faq-item-question\">\r\n\t\t\t\t\t\t<h3 class=\"faq-item-question-text\">Comment vais-je b\u00e9n\u00e9ficier de ce plugin ?<\/h3>\r\n\r\n\t\t\t\t\t\t<div class=\"faq-item-question-icon\"><\/div>\r\n\t\t\t\t\t<\/div>\r\n\r\n\t\t\t\t\t<div class=\"faq-item-answer\">\r\n\t\t\t\t\t\t<div class=\"faq-item-answer-text\"> <p>Les avis partag\u00e9s par de vraies personnes semblent parfaitement dignes de confiance aux clients de votre site et leur d\u00e9montrent que votre entreprise est fiable. Des notes \u00e9lev\u00e9es et des avis positifs peuvent contribuer \u00e0 augmenter le niveau de ventes de votre site Web. En outre, le bouton actif peut contribuer \u00e0 augmenter le nombre d\u2019avis des utilisateurs sur vos services sur Booking. <\/p> <\/div>\r\n\t\t\t\t\t<\/div>\r\n\t\t\t\t<\/div> <div class=\"faq-item\">\r\n\t\t\t\t\t<div class=\"faq-item-question\">\r\n\t\t\t\t\t\t<h3 class=\"faq-item-question-text\">Comment puis-je int\u00e9grer des avis de r\u00e9servation sur mon site Web HTML ?<\/h3>\r\n\r\n\t\t\t\t\t\t<div class=\"faq-item-question-icon\"><\/div>\r\n\t\t\t\t\t<\/div>\r\n\r\n\t\t\t\t\t<div class=\"faq-item-answer\">\r\n\t\t\t\t\t\t<div class=\"faq-item-answer-text\"> <p>Cela ne prendra que deux minutes de votre temps pour commencer \u00e0 utiliser le widget. L\u2019ajout est vraiment rapide, gratuit et ne n\u00e9cessite aucun codage. <\/p> <ol><li>Vous pouvez coller le widget sur votre site directement dans notre service. Appliquez simplement les instructions ci-dessous sur cette page. <\/li> <li>Le widget peut \u00eatre mis en place sur notre service ou via la marketplace. Vous pouvez d\u00e9couvrir les avantages de ces variantes et d\u00e9cider laquelle est la v\u00f4tre. <\/li> <\/ol> <\/div>\r\n\t\t\t\t\t<\/div>\r\n\t\t\t\t<\/div> <\/div> <\/div> <div class=\"application-platform-content-item-features application-platform-content-item\" id=\"features\" data-nav-section=\"features\"> <h2>Fonctionnalit\u00e9s<\/h2> <p>Pour avoir une meilleure connaissance du widget, consultez la liste de ses caract\u00e9ristiques essentielles. Ils rendent ce widget incroyablement efficace pour vous\u00a0: <\/p> <ul> <li>4 variantes de mises en page\u00a0: Liste, Grille, Ma\u00e7onnerie et Slider\u00a0; <\/li> <li>Une possibilit\u00e9 de contr\u00f4ler l&rsquo;affichage de l&rsquo;en-t\u00eate du widget\u00a0; <\/li> <li>Deux variantes de sc\u00e9narios apr\u00e8s refus d&rsquo;une demande de r\u00e9vision\u00a0: afficher un message personnalis\u00e9 ou masquer le bouton. <\/li> <\/ul><p><a href=\"#demo\">D\u00e9couvrez une liste compl\u00e8te des fonctionnalit\u00e9s dans notre d\u00e9mo<\/a><\/p> <\/div> <div class=\"application-platform-content-item-installation application-platform-content-item\" id=\"installation\" data-nav-section=\"installation\"> <h2>D\u00e9couvrez comment int\u00e9grer les Avis de R\u00e9servation dans votre site HTML<\/h2><div class=\"video-container\"><iframe width=\"720\" height=\"405\" src=\"https:\/\/www.youtube.com\/embed\/9iCqdFLsxqA\" frameborder=\"0\" allowfullscreen=\"\"><\/iframe><\/div><p>Les \u00e9tapes ci-dessous sont la seule chose que vous devez faire. <\/p> <ol><li><b>Concevez votre plugin Booking Reviews personnel<\/b><br> Dans notre configurateur gratuit, configurez un plugin avec une mise en page s\u00e9lectionn\u00e9e et d&rsquo;autres fonctionnalit\u00e9s. <\/li><li><b>Copiez le code personnel pour int\u00e9grer le plugin<\/b><br> Apr\u00e8s avoir configur\u00e9 votre widget, vous obtiendrez le code unique dans la fen\u00eatre qui appara\u00eet sur Elfsight Apps. Copiez-le pour une utilisation ult\u00e9rieure. <\/li> <li><b>Publiez le plugin sur votre site HTML<\/b><br> Choisissez la zone dans laquelle vous souhaitez int\u00e9grer le plugin et ins\u00e9rez-y le code enregistr\u00e9. Appliquez les modifications. <\/li> <li><b>L&rsquo;installation est termin\u00e9e<\/b><br> Acc\u00e9dez \u00e0 la page contenant le widget pour le visualiser.<\/li> <\/ol><p>Vous avez encore des doutes ou des questions\u00a0? Envoyez simplement une demande \u00e0 notre \u00e9quipe d\u2019assistance. Nous r\u00e9soudrons tout probl\u00e8me. <\/p> <\/div>","protected":false},"excerpt":{"rendered":"","protected":false},"author":9,"featured_media":0,"parent":2067,"menu_order":0,"comment_status":"closed","ping_status":"closed","template":"templates\/template-application-platform.php","meta":{"publish_to_discourse":"","publish_post_category":"","wpdc_auto_publish_overridden":"","wpdc_topic_tags":"","wpdc_pin_topic":"","wpdc_pin_until":"","discourse_post_id":"","discourse_permalink":"","wpdc_publishing_response":"","wpdc_publishing_error":"","footnotes":""},"class_list":["post-8250","page","type-page","status-publish","hentry"],"yoast_head":"<!-- This site is optimized with the Yoast SEO plugin v25.3.1 - https:\/\/yoast.com\/wordpress\/plugins\/seo\/ -->\n<title>Int\u00e9grer les avis de r\u00e9servation sur le site Web HTML (rapide et facile)<\/title>\n<meta name=\"description\" content=\"Avec Elfsight, cr\u00e9ez votre widget Booking Reviews et ajoutez-le rapidement sur votre site Web HTML. Nous offrons un support client gratuit et plus de bonus.\" \/>\n<meta name=\"robots\" content=\"index, follow, max-snippet:-1, max-image-preview:large, max-video-preview:-1\" \/>\n<link rel=\"canonical\" href=\"https:\/\/elfsight.com\/fr\/booking-reviews-widget\/html\/\" \/>\n<meta property=\"og:locale\" content=\"fr_FR\" \/>\n<meta property=\"og:type\" content=\"article\" \/>\n<meta property=\"og:title\" content=\"Int\u00e9grer les avis de r\u00e9servation sur le site Web HTML (rapide et facile)\" \/>\n<meta property=\"og:description\" content=\"Avec Elfsight, cr\u00e9ez votre widget Booking Reviews et ajoutez-le rapidement sur votre site Web HTML. Nous offrons un support client gratuit et plus de bonus.\" \/>\n<meta property=\"og:url\" content=\"https:\/\/elfsight.com\/fr\/booking-reviews-widget\/html\/\" \/>\n<meta property=\"og:site_name\" content=\"Elfsight FR\" \/>\n<meta property=\"article:modified_time\" content=\"2025-07-09T16:53:29+00:00\" \/>\n<meta name=\"twitter:card\" content=\"summary_large_image\" \/>\n<meta name=\"twitter:label1\" content=\"Dur\u00e9e de lecture estim\u00e9e\" \/>\n\t<meta name=\"twitter:data1\" content=\"3 minutes\" \/>\n<!-- \/ Yoast SEO plugin. -->","yoast_head_json":{"title":"Int\u00e9grer les avis de r\u00e9servation sur le site Web HTML (rapide et facile)","description":"Avec Elfsight, cr\u00e9ez votre widget Booking Reviews et ajoutez-le rapidement sur votre site Web HTML. Nous offrons un support client gratuit et plus de bonus.","robots":{"index":"index","follow":"follow","max-snippet":"max-snippet:-1","max-image-preview":"max-image-preview:large","max-video-preview":"max-video-preview:-1"},"canonical":"https:\/\/elfsight.com\/fr\/booking-reviews-widget\/html\/","og_locale":"fr_FR","og_type":"article","og_title":"Int\u00e9grer les avis de r\u00e9servation sur le site Web HTML (rapide et facile)","og_description":"Avec Elfsight, cr\u00e9ez votre widget Booking Reviews et ajoutez-le rapidement sur votre site Web HTML. Nous offrons un support client gratuit et plus de bonus.","og_url":"https:\/\/elfsight.com\/fr\/booking-reviews-widget\/html\/","og_site_name":"Elfsight FR","article_modified_time":"2025-07-09T16:53:29+00:00","twitter_card":"summary_large_image","twitter_misc":{"Dur\u00e9e de lecture estim\u00e9e":"3 minutes"},"schema":{"@context":"https:\/\/schema.org","@graph":[{"@type":"WebPage","@id":"https:\/\/elfsight.com\/fr\/booking-reviews-widget\/html\/","url":"https:\/\/elfsight.com\/fr\/booking-reviews-widget\/html\/","name":"Int\u00e9grer les avis de r\u00e9servation sur le site Web HTML (rapide et facile)","isPartOf":{"@id":"https:\/\/elfsight.com\/fr\/#website"},"datePublished":"2024-05-03T06:30:47+00:00","dateModified":"2025-07-09T16:53:29+00:00","description":"Avec Elfsight, cr\u00e9ez votre widget Booking Reviews et ajoutez-le rapidement sur votre site Web HTML. Nous offrons un support client gratuit et plus de bonus.","breadcrumb":{"@id":"https:\/\/elfsight.com\/fr\/booking-reviews-widget\/html\/#breadcrumb"},"inLanguage":"fr-FR","potentialAction":[{"@type":"ReadAction","target":["https:\/\/elfsight.com\/fr\/booking-reviews-widget\/html\/"]}]},{"@type":"BreadcrumbList","@id":"https:\/\/elfsight.com\/fr\/booking-reviews-widget\/html\/#breadcrumb","itemListElement":[{"@type":"ListItem","position":1,"name":"Home","item":"https:\/\/elfsight.com\/fr\/"},{"@type":"ListItem","position":2,"name":"Booking Reviews","item":"https:\/\/elfsight.com\/fr\/booking-reviews-widget\/"},{"@type":"ListItem","position":3,"name":"Booking Reviews &#8211; HTML"}]},{"@type":"WebSite","@id":"https:\/\/elfsight.com\/fr\/#website","url":"https:\/\/elfsight.com\/fr\/","name":"Elfsight FR","description":"","potentialAction":[{"@type":"SearchAction","target":{"@type":"EntryPoint","urlTemplate":"https:\/\/elfsight.com\/fr\/?s={search_term_string}"},"query-input":{"@type":"PropertyValueSpecification","valueRequired":true,"valueName":"search_term_string"}}],"inLanguage":"fr-FR"}]}},"meta_box":{"industry":"","seo_heading":"","heading":"","description":"","cta_heading":"","cta_description":"","application":"2063","h1":"Avis sur Booking.com","h1_caption":"Affichez les avis de booking.com pour attirer plus de clients en affichant sans effort les exp\u00e9riences positives des anciens visiteurs sur votre site Web HTML.","application_category":[],"applications_title":"","applications_request_title":"","applications_request_button_text":"","hero_text":"","hero_video":"","hero_video_schema_markup":"","selling_points_title":"","selling_points_caption":"","selling_points":[],"selling_points_cta_text":"","features_title":"","features":"","ed_cta_examples_text":"","ed_cta_examples_hidden":"","ed_cta_demo_text":"","ed_cta_demo_hidden":"","why_caption":"","why_editor_title":"","why_editor_text":"","why_team_title":"","why_team_text":"","why_service_title":"","why_service_text":"","template_catalog_visible":"","template_catalog_title":"","template_catalog_text":"","template_catalog_categories_visible":"","demo_title":"Cr\u00e9ez votre widget Avis de r\u00e9servation","demo_caption":"Configurez vos avis de r\u00e9servation et ajoutez-les gratuitement \u00e0 votre site Web HTML\u00a0!","default_faq_hidden":"","app_template_category":[],"platform":"352","template_public_id":"","codecanyon_url":"","codecanyon_item_id":"","codecanyon_price":"","pricing_caption":"","pricing_elfsight_apps_hide_column":"","pricing_elfsight_apps_url":"","pricing_codecanyon_price_caption":"","integration_category":[],"integration_request_title":"","integration_request_cta":"","integration_platform":"","integrations":[],"platform_category":[],"video_schema_markup":"","price":"\u00e0 partir de 0$ \/ mois","trial":"","benefits":[{"text":"Aide \u00e0 l'installation gratuite"},{"text":"Service client professionnel"},{"text":"Garantie de remboursement de 14 jours"},{"text":"Mises \u00e0 jour r\u00e9guli\u00e8res"}],"button_url":"#demo","button_target_blank":"","button_nofollow":"","attributes":[{"name":"Installations","content":"10,000 - 100,000"},{"name":"Sensible","content":"Oui"},{"name":"Navigateurs compatibles","content":"Firefox, Safari, Opera, Chrome, Edge"}],"tags":[],"tags_disable_links":"","hide_more_platforms":"","video_object":"","demo_hide_cta":"","demo_hide_cloud_options":"","pricing_title":"","pricing":[{"pricing_icon":"platform","pricing_title":"Elfsight Apps","pricing_title_caption":"Version ind\u00e9pendante de la plate-forme qui convient \u00e0 n'importe quel site","pricing_price":"from $0 \/ month","pricing_price_caption":"commencez avec un forfait gratuit","pricing_benefits":[{"text":"Domaines illimit\u00e9s"},{"text":"Assistance rapide"},{"text":"Service d'installation gratuit"},{"text":"Tr\u00e8s bonne affaire pour plusieurs applications"}],"pricing_button_text":"Ajouter au site Web","pricing_button_url":"#demo"}],"related_apps_title":"","related_apps_hidden":"","author":"","image":[],"title":"","job":"","social_networks":[]},"_links":{"self":[{"href":"https:\/\/elfsight.com\/fr\/wp-json\/wp\/v2\/pages\/8250","targetHints":{"allow":["GET"]}}],"collection":[{"href":"https:\/\/elfsight.com\/fr\/wp-json\/wp\/v2\/pages"}],"about":[{"href":"https:\/\/elfsight.com\/fr\/wp-json\/wp\/v2\/types\/page"}],"author":[{"embeddable":true,"href":"https:\/\/elfsight.com\/fr\/wp-json\/wp\/v2\/users\/9"}],"replies":[{"embeddable":true,"href":"https:\/\/elfsight.com\/fr\/wp-json\/wp\/v2\/comments?post=8250"}],"version-history":[{"count":2,"href":"https:\/\/elfsight.com\/fr\/wp-json\/wp\/v2\/pages\/8250\/revisions"}],"predecessor-version":[{"id":14977,"href":"https:\/\/elfsight.com\/fr\/wp-json\/wp\/v2\/pages\/8250\/revisions\/14977"}],"up":[{"embeddable":true,"href":"https:\/\/elfsight.com\/fr\/wp-json\/wp\/v2\/pages\/2067"}],"wp:attachment":[{"href":"https:\/\/elfsight.com\/fr\/wp-json\/wp\/v2\/media?parent=8250"}],"curies":[{"name":"wp","href":"https:\/\/api.w.org\/{rel}","templated":true}]}}