{"id":8245,"date":"2024-05-03T06:30:46","date_gmt":"2024-05-03T06:30:46","guid":{"rendered":"https:\/\/elfsight.com\/fr\/?page_id=8245"},"modified":"2025-07-09T16:54:03","modified_gmt":"2025-07-09T16:54:03","slug":"magento","status":"publish","type":"page","link":"https:\/\/elfsight.com\/fr\/booking-reviews-widget\/magento\/","title":{"rendered":"Booking Reviews &#8211; Magento"},"content":{"rendered":"<div class=\"application-platform-content-item-description application-platform-content-item\" id=\"description\" data-nav-section=\"description\"> <h2>Description<\/h2> <p>Elfsight Booking Reviews est un outil utile qui vous permet d&rsquo;int\u00e9grer sur votre site Web des avis sur vos offres \u00e9manant des utilisateurs. de R\u00e9servation. Gr\u00e2ce \u00e0 notre widget, vous pourrez appliquer des filtres pour trier les avis ind\u00e9sirables, vanter vos notes et num\u00e9ros de Booking, ajouter des informations sur les auteurs et int\u00e9grer un bouton qui redirigera les visiteurs vers la publication d&rsquo;un avis suppl\u00e9mentaire sur Booking. Le widget Elfsight Booking Reviews vous aidera \u00e0 montrer votre preuve sociale \u00e9lev\u00e9e sur le site et \u00e0 augmenter les ventes. <\/p> <div class=\"faq\" data-component=\"FAQ\"><div class=\"faq-item\">\r\n\t\t\t\t\t<div class=\"faq-item-question\">\r\n\t\t\t\t\t\t<h3 class=\"faq-item-question-text\">O\u00f9 sur mon site puis-je int\u00e9grer ce plugin<\/h3>\r\n\r\n\t\t\t\t\t\t<div class=\"faq-item-question-icon\"><\/div>\r\n\t\t\t\t\t<\/div>\r\n\r\n\t\t\t\t\t<div class=\"faq-item-answer\">\r\n\t\t\t\t\t\t<div class=\"faq-item-answer-text\"> <p>Le widget peut \u00eatre affich\u00e9 sur n&rsquo;importe quelle page, o\u00f9 vous souhaitez prouver votre haute appr\u00e9ciation et votre popularit\u00e9 aupr\u00e8s des clients. Si vous en avez besoin sur toutes les pages du site, vous pouvez simplement l&rsquo;ins\u00e9rer dans le mod\u00e8le du site Web. <\/p> <\/div>\r\n\t\t\t\t\t<\/div>\r\n\t\t\t\t<\/div><div class=\"faq-item\">\r\n\t\t\t\t\t<div class=\"faq-item-question\">\r\n\t\t\t\t\t\t<h3 class=\"faq-item-question-text\">Quels sont les avantages d'avoir ce plugin pour moi ?<\/h3>\r\n\r\n\t\t\t\t\t\t<div class=\"faq-item-question-icon\"><\/div>\r\n\t\t\t\t\t<\/div>\r\n\r\n\t\t\t\t\t<div class=\"faq-item-answer\">\r\n\t\t\t\t\t\t<div class=\"faq-item-answer-text\"> <p>Les avis de personnes r\u00e9elles semblent parfaitement cr\u00e9dibles aux clients de votre site Web et leur indiquent que votre entreprise est fiable. Une note \u00e9lev\u00e9e et des impressions positives peuvent contribuer \u00e0 augmenter les achats sur votre site. En outre, le bouton de redirection peut contribuer \u00e0 davantage d\u2019avis clients li\u00e9s \u00e0 votre entreprise sur Booking. <\/p> <\/div>\r\n\t\t\t\t\t<\/div>\r\n\t\t\t\t<\/div> <div class=\"faq-item\">\r\n\t\t\t\t\t<div class=\"faq-item-question\">\r\n\t\t\t\t\t\t<h3 class=\"faq-item-question-text\">Comment ajouter des avis de r\u00e9servation \u00e0 mon site Magento ?<\/h3>\r\n\r\n\t\t\t\t\t\t<div class=\"faq-item-question-icon\"><\/div>\r\n\t\t\t\t\t<\/div>\r\n\r\n\t\t\t\t\t<div class=\"faq-item-answer\">\r\n\t\t\t\t\t\t<div class=\"faq-item-answer-text\"> <p>Vous n&rsquo;aurez besoin que de trois minutes de votre temps pour que le widget soit op\u00e9rationnel. L&rsquo;int\u00e9gration est ultra rapide, gratuite et sans codage. <\/p> <ol><li>Il existe une option pour introduire le widget sur le site via notre service. Pour cela, suivez les \u00e9tapes de la br\u00e8ve description ci-dessous sur cette page. <\/li> <li>Le widget peut \u00eatre int\u00e9gr\u00e9 directement sur notre service ou via la marketplace. Ici, vous pouvez voir plus de ces options et s\u00e9lectionner la v\u00f4tre. <\/li> <\/ol> <\/div>\r\n\t\t\t\t\t<\/div>\r\n\t\t\t\t<\/div> <\/div> <\/div> <div class=\"application-platform-content-item-features application-platform-content-item\" id=\"features\" data-nav-section=\"features\"> <h2>Fonctionnalit\u00e9s<\/h2> <p>Afin d&rsquo;avoir une perception plus claire des avis de r\u00e9servation, d\u00e9couvrez la liste des principales fonctionnalit\u00e9s. Ils rendent ce widget plus efficace pour vous\u00a0:<\/p> <ul> <li>Quatre mises en page\u00a0: Liste, Grille, Ma\u00e7onnerie et Slider\u00a0; <\/li> <li>Une option pour contr\u00f4ler l&rsquo;affichage de l&rsquo;en-t\u00eate du widget\u00a0; <\/li> <li>Deux options de sc\u00e9narios apr\u00e8s refus d&rsquo;une demande de r\u00e9vision\u00a0: r\u00e9v\u00e9ler votre message ou masquer le bouton.<\/li> <\/ul><p><a href=\"#demo\">D\u00e9couvrez toutes les fonctionnalit\u00e9s dans la d\u00e9mo en direct <\/a><\/p><\/div> <div class=\"application-platform-content-item-installation application-platform-content-item\" id=\"installation\" data-nav-section=\"installation\"> <h2>Voyons comment ajouter les avis de r\u00e9servation \u00e0 votre boutique Magento<\/h2> <p>Les \u00e9tapes suivantes sont la seule chose que vous devez int\u00e9grer.<\/p> <ol><li><b>Utilisez notre configurateur gratuit et commencez \u00e0 cr\u00e9er votre extension d&rsquo;avis personnalis\u00e9e. <\/b><br> Choisissez la disposition souhait\u00e9e et les caract\u00e9ristiques fonctionnelles de l&rsquo;extension et enregistrez toutes les modifications. <\/li> <li><b>Obtenez le code individuel r\u00e9v\u00e9l\u00e9 dans la fen\u00eatre des applications Elfsight. <\/b><br> Juste apr\u00e8s la cr\u00e9ation de votre extension personnelle, copiez le code personnel de la fen\u00eatre contextuelle qui appara\u00eet et enregistrez-le pour d&rsquo;autres besoins. <\/li> <li><b>Lancez l&rsquo;application de l&rsquo;extension sur votre site Magento. <\/b><br> Int\u00e9grez le code que vous avez copi\u00e9 auparavant dans votre site et appliquez les am\u00e9liorations. <\/li> <li><b>Vous avez termin\u00e9\u00a0! La configuration est enti\u00e8rement r\u00e9alis\u00e9e. <\/b><br> Visitez votre page Web pour v\u00e9rifier le fonctionnement de l&rsquo;extension. <\/li><\/ol><p>Vous n&rsquo;arrivez toujours pas \u00e0 vous d\u00e9cider\u00a0? Ou rencontrez des probl\u00e8mes ? Une simple demande \u00e0 notre service client r\u00e9glera tout type de probl\u00e8me. <\/p> <\/div>","protected":false},"excerpt":{"rendered":"","protected":false},"author":9,"featured_media":0,"parent":2067,"menu_order":0,"comment_status":"closed","ping_status":"closed","template":"templates\/template-application-platform.php","meta":{"publish_to_discourse":"","publish_post_category":"","wpdc_auto_publish_overridden":"","wpdc_topic_tags":"","wpdc_pin_topic":"","wpdc_pin_until":"","discourse_post_id":"","discourse_permalink":"","wpdc_publishing_response":"","wpdc_publishing_error":"","footnotes":""},"class_list":["post-8245","page","type-page","status-publish","hentry"],"yoast_head":"<!-- This site is optimized with the Yoast SEO plugin v25.3.1 - https:\/\/yoast.com\/wordpress\/plugins\/seo\/ -->\n<title>Int\u00e9grer les avis de r\u00e9servation sur le site Magento (2025)<\/title>\n<meta name=\"description\" content=\"Avec Elfsight, fa\u00e7onnez votre extension Booking Reviews et ins\u00e9rez-la rapidement sur votre site Magento. Nous avons un service client gratuit et plus de bonus.\" \/>\n<meta name=\"robots\" content=\"index, follow, max-snippet:-1, max-image-preview:large, max-video-preview:-1\" \/>\n<link rel=\"canonical\" href=\"https:\/\/elfsight.com\/fr\/booking-reviews-widget\/magento\/\" \/>\n<meta property=\"og:locale\" content=\"fr_FR\" \/>\n<meta property=\"og:type\" content=\"article\" \/>\n<meta property=\"og:title\" content=\"Int\u00e9grer les avis de r\u00e9servation sur le site Magento (2025)\" \/>\n<meta property=\"og:description\" content=\"Avec Elfsight, fa\u00e7onnez votre extension Booking Reviews et ins\u00e9rez-la rapidement sur votre site Magento. Nous avons un service client gratuit et plus de bonus.\" \/>\n<meta property=\"og:url\" content=\"https:\/\/elfsight.com\/fr\/booking-reviews-widget\/magento\/\" \/>\n<meta property=\"og:site_name\" content=\"Elfsight FR\" \/>\n<meta property=\"article:modified_time\" content=\"2025-07-09T16:54:03+00:00\" \/>\n<meta name=\"twitter:card\" content=\"summary_large_image\" \/>\n<meta name=\"twitter:label1\" content=\"Dur\u00e9e de lecture estim\u00e9e\" \/>\n\t<meta name=\"twitter:data1\" content=\"3 minutes\" \/>\n<!-- \/ Yoast SEO plugin. -->","yoast_head_json":{"title":"Int\u00e9grer les avis de r\u00e9servation sur le site Magento (2025)","description":"Avec Elfsight, fa\u00e7onnez votre extension Booking Reviews et ins\u00e9rez-la rapidement sur votre site Magento. Nous avons un service client gratuit et plus de bonus.","robots":{"index":"index","follow":"follow","max-snippet":"max-snippet:-1","max-image-preview":"max-image-preview:large","max-video-preview":"max-video-preview:-1"},"canonical":"https:\/\/elfsight.com\/fr\/booking-reviews-widget\/magento\/","og_locale":"fr_FR","og_type":"article","og_title":"Int\u00e9grer les avis de r\u00e9servation sur le site Magento (2025)","og_description":"Avec Elfsight, fa\u00e7onnez votre extension Booking Reviews et ins\u00e9rez-la rapidement sur votre site Magento. Nous avons un service client gratuit et plus de bonus.","og_url":"https:\/\/elfsight.com\/fr\/booking-reviews-widget\/magento\/","og_site_name":"Elfsight FR","article_modified_time":"2025-07-09T16:54:03+00:00","twitter_card":"summary_large_image","twitter_misc":{"Dur\u00e9e de lecture estim\u00e9e":"3 minutes"},"schema":{"@context":"https:\/\/schema.org","@graph":[{"@type":"WebPage","@id":"https:\/\/elfsight.com\/fr\/booking-reviews-widget\/magento\/","url":"https:\/\/elfsight.com\/fr\/booking-reviews-widget\/magento\/","name":"Int\u00e9grer les avis de r\u00e9servation sur le site Magento (2025)","isPartOf":{"@id":"https:\/\/elfsight.com\/fr\/#website"},"datePublished":"2024-05-03T06:30:46+00:00","dateModified":"2025-07-09T16:54:03+00:00","description":"Avec Elfsight, fa\u00e7onnez votre extension Booking Reviews et ins\u00e9rez-la rapidement sur votre site Magento. Nous avons un service client gratuit et plus de bonus.","breadcrumb":{"@id":"https:\/\/elfsight.com\/fr\/booking-reviews-widget\/magento\/#breadcrumb"},"inLanguage":"fr-FR","potentialAction":[{"@type":"ReadAction","target":["https:\/\/elfsight.com\/fr\/booking-reviews-widget\/magento\/"]}]},{"@type":"BreadcrumbList","@id":"https:\/\/elfsight.com\/fr\/booking-reviews-widget\/magento\/#breadcrumb","itemListElement":[{"@type":"ListItem","position":1,"name":"Home","item":"https:\/\/elfsight.com\/fr\/"},{"@type":"ListItem","position":2,"name":"Booking Reviews","item":"https:\/\/elfsight.com\/fr\/booking-reviews-widget\/"},{"@type":"ListItem","position":3,"name":"Booking Reviews &#8211; Magento"}]},{"@type":"WebSite","@id":"https:\/\/elfsight.com\/fr\/#website","url":"https:\/\/elfsight.com\/fr\/","name":"Elfsight FR","description":"","potentialAction":[{"@type":"SearchAction","target":{"@type":"EntryPoint","urlTemplate":"https:\/\/elfsight.com\/fr\/?s={search_term_string}"},"query-input":{"@type":"PropertyValueSpecification","valueRequired":true,"valueName":"search_term_string"}}],"inLanguage":"fr-FR"}]}},"meta_box":{"industry":"","seo_heading":"","heading":"","description":"","cta_heading":"","cta_description":"","application":"2063","h1":"Avis sur Magento Booking.com","h1_caption":"Affichez les avis de booking.com pour attirer plus de clients en montrant sans effort les exp\u00e9riences positives des anciens visiteurs sur votre site Web Magento.","application_category":[],"applications_title":"","applications_request_title":"","applications_request_button_text":"","hero_text":"","hero_video":"","hero_video_schema_markup":"","selling_points_title":"","selling_points_caption":"","selling_points":[],"selling_points_cta_text":"","features_title":"","features":"","ed_cta_examples_text":"","ed_cta_examples_hidden":"","ed_cta_demo_text":"","ed_cta_demo_hidden":"","why_caption":"","why_editor_title":"","why_editor_text":"","why_team_title":"","why_team_text":"","why_service_title":"","why_service_text":"","template_catalog_visible":"","template_catalog_title":"","template_catalog_text":"","template_catalog_categories_visible":"","demo_title":"Cr\u00e9ez votre extension Avis de r\u00e9servation","demo_caption":"Configurez vos avis de r\u00e9servation et ajoutez-les gratuitement \u00e0 votre site Web Magento\u00a0!","default_faq_hidden":"","app_template_category":[],"platform":"357","template_public_id":"","codecanyon_url":"","codecanyon_item_id":"","codecanyon_price":"","pricing_caption":"","pricing_elfsight_apps_hide_column":"","pricing_elfsight_apps_url":"","pricing_codecanyon_price_caption":"","integration_category":[],"integration_request_title":"","integration_request_cta":"","integration_platform":"","integrations":[],"platform_category":[],"video_schema_markup":"","price":"\u00e0 partir de 0$ \/ mois","trial":"","benefits":[{"text":"Service d'installation gratuit"},{"text":"Service client efficace"},{"text":"Garantie de remboursement de 14 jours"},{"text":"Am\u00e9liorations gratuites et continues"}],"button_url":"#demo","button_target_blank":"","button_nofollow":"","attributes":[{"name":"Installations","content":"10,000 - 100,000"},{"name":"Sensible","content":"Oui"},{"name":"Navigateurs compatibles","content":"Firefox, Safari, Opera, Chrome, Edge"}],"tags":[],"tags_disable_links":"","hide_more_platforms":"","video_object":"","demo_hide_cta":"","demo_hide_cloud_options":"","pricing_title":"","pricing":[{"pricing_icon":"platform","pricing_title":"Elfsight Apps","pricing_title_caption":"Logiciel ind\u00e9pendant de la plate-forme qui fonctionne sur n'importe quel site","pricing_price":"from $0 \/ month","pricing_price_caption":"commencez avec un forfait gratuit","pricing_benefits":[{"text":"Domaines illimit\u00e9s"},{"text":"Assistance client gratuite"},{"text":"Service d'installation gratuit"},{"text":"Conception flexible"}],"pricing_button_text":"Ajouter au site Web","pricing_button_url":"#demo"}],"related_apps_title":"","related_apps_hidden":"","author":"","image":[],"title":"","job":"","social_networks":[]},"_links":{"self":[{"href":"https:\/\/elfsight.com\/fr\/wp-json\/wp\/v2\/pages\/8245","targetHints":{"allow":["GET"]}}],"collection":[{"href":"https:\/\/elfsight.com\/fr\/wp-json\/wp\/v2\/pages"}],"about":[{"href":"https:\/\/elfsight.com\/fr\/wp-json\/wp\/v2\/types\/page"}],"author":[{"embeddable":true,"href":"https:\/\/elfsight.com\/fr\/wp-json\/wp\/v2\/users\/9"}],"replies":[{"embeddable":true,"href":"https:\/\/elfsight.com\/fr\/wp-json\/wp\/v2\/comments?post=8245"}],"version-history":[{"count":1,"href":"https:\/\/elfsight.com\/fr\/wp-json\/wp\/v2\/pages\/8245\/revisions"}],"predecessor-version":[{"id":8249,"href":"https:\/\/elfsight.com\/fr\/wp-json\/wp\/v2\/pages\/8245\/revisions\/8249"}],"up":[{"embeddable":true,"href":"https:\/\/elfsight.com\/fr\/wp-json\/wp\/v2\/pages\/2067"}],"wp:attachment":[{"href":"https:\/\/elfsight.com\/fr\/wp-json\/wp\/v2\/media?parent=8245"}],"curies":[{"name":"wp","href":"https:\/\/api.w.org\/{rel}","templated":true}]}}