{"id":8242,"date":"2024-05-03T06:30:43","date_gmt":"2024-05-03T06:30:43","guid":{"rendered":"https:\/\/elfsight.com\/fr\/?page_id=8242"},"modified":"2025-07-09T16:52:41","modified_gmt":"2025-07-09T16:52:41","slug":"elementor","status":"publish","type":"page","link":"https:\/\/elfsight.com\/fr\/booking-reviews-widget\/elementor\/","title":{"rendered":"Booking Reviews &#8211; Elementor"},"content":{"rendered":"<div class=\"application-platform-content-item-description application-platform-content-item\" id=\"description\" data-nav-section=\"description\"> <h2>Int\u00e9grer les avis de r\u00e9servation sur Elementor avec le widget Elfsight<\/h2> <p>Elfsight Booking Reviews est un outil pratique, qui facilitera la t\u00e2che. pour que vous puissiez int\u00e9grer sur votre site des avis sur vos offres publi\u00e9es sur Booking. \u00c0 l&rsquo;aide de ce widget, vous pouvez utiliser des filtres pour masquer les avis n\u00e9gatifs, ajouter vos notes en \u00e9toiles et en chiffres depuis Booking, ajouter des d\u00e9tails sur les auteurs et ajouter un bouton qui am\u00e8nera les visiteurs \u00e0 ajouter un nouvel avis sur Booking. Elfsight Booking Reviews vous aidera \u00e0 d\u00e9montrer votre preuve sociale parfaite sur votre site Web personnel et \u00e0 augmenter vos ventes. <\/p> <div class=\"faq\" data-component=\"FAQ\"><div class=\"faq-item\">\r\n\t\t\t\t\t<div class=\"faq-item-question\">\r\n\t\t\t\t\t\t<h3 class=\"faq-item-question-text\">O\u00f9 puis-je int\u00e9grer le widget<\/h3>\r\n\r\n\t\t\t\t\t\t<div class=\"faq-item-question-icon\"><\/div>\r\n\t\t\t\t\t<\/div>\r\n\r\n\t\t\t\t\t<div class=\"faq-item-answer\">\r\n\t\t\t\t\t\t<div class=\"faq-item-answer-text\"> <p>Vous pouvez coller le widget dans n&rsquo;importe quelle page de votre site, ou l&rsquo;ins\u00e9rer dans le mod\u00e8le du site Web, dans ce cas il sera r\u00e9v\u00e9l\u00e9 sur toutes les pages. Les avis sont efficaces sur les pages produits ou sur la page \u00c0 propos de nous, o\u00f9 vous souhaitez d\u00e9montrer votre note \u00e9lev\u00e9e. <\/p> <\/div>\r\n\t\t\t\t\t<\/div>\r\n\t\t\t\t<\/div><div class=\"faq-item\">\r\n\t\t\t\t\t<div class=\"faq-item-question\">\r\n\t\t\t\t\t\t<h3 class=\"faq-item-question-text\">Quels sont les avantages d'avoir ce plugin pour moi ?<\/h3>\r\n\r\n\t\t\t\t\t\t<div class=\"faq-item-question-icon\"><\/div>\r\n\t\t\t\t\t<\/div>\r\n\r\n\t\t\t\t\t<div class=\"faq-item-answer\">\r\n\t\t\t\t\t\t<div class=\"faq-item-answer-text\"> <p>Les avis publi\u00e9s par de vraies personnes sont parfaitement dignes de confiance pour les clients de votre site Web et leur montrent que votre entreprise est fiable. Une note \u00e9lev\u00e9e et d\u2019excellents t\u00e9moignages peuvent contribuer \u00e0 augmenter le niveau de ventes sur votre site Web. En outre, le bouton de redirection peut contribuer \u00e0 davantage d&rsquo;avis de clients sur votre entreprise sur Booking. <\/p> <\/div>\r\n\t\t\t\t\t<\/div>\r\n\t\t\t\t<\/div> <div class=\"faq-item\">\r\n\t\t\t\t\t<div class=\"faq-item-question\">\r\n\t\t\t\t\t\t<h3 class=\"faq-item-question-text\">De quoi ai-je besoin pour installer Booking Reviews sur mon site Web Elementor ?<\/h3>\r\n\r\n\t\t\t\t\t\t<div class=\"faq-item-question-icon\"><\/div>\r\n\t\t\t\t\t<\/div>\r\n\r\n\t\t\t\t\t<div class=\"faq-item-answer\">\r\n\t\t\t\t\t\t<div class=\"faq-item-answer-text\"> <p>Vous n&rsquo;aurez besoin que d&rsquo;une minute pour commencer \u00e0 utiliser le widget. C&rsquo;est super rapide, gratuit et sans codage. <\/p> <ol><li>Il existe une option pour int\u00e9grer le widget \u00e0 votre site via notre service. Pour le r\u00e9aliser, consultez les instructions ci-dessous sur cette page. <\/li> <li>Les avis de r\u00e9servation Elfsight peuvent \u00eatre int\u00e9gr\u00e9s \u00e0 notre service ou sur la place de march\u00e9. Vous pouvez comparer les avantages et les inconv\u00e9nients de ces variantes et en choisir une plus adapt\u00e9e. <\/li> <\/ol> <\/div>\r\n\t\t\t\t\t<\/div>\r\n\t\t\t\t<\/div> <\/div> <\/div> <div class=\"application-platform-content-item-features application-platform-content-item\" id=\"features\" data-nav-section=\"features\"> <h2>Principales fonctionnalit\u00e9s du widget Booking Reviews<\/h2> <p>Pour avoir une id\u00e9e claire des Avis de R\u00e9servation, voir la liste des principales fonctionnalit\u00e9s. Ils rendent le widget extr\u00eamement b\u00e9n\u00e9fique pour vous\u00a0: <\/p> <ul> <li>4 mises en page pr\u00eates \u00e0 l&#8217;emploi\u00a0: Liste, Grille, Ma\u00e7onnerie et Slider\u00a0; <\/li> <li>Une option pour afficher ou masquer l&rsquo;en-t\u00eate du widget\u00a0; <\/li> <li>Deux sc\u00e9narios possibles apr\u00e8s le rejet d&rsquo;une demande d&rsquo;avis\u00a0: d\u00e9montrer votre message ou masquer le bouton. <\/li> <\/ul><p><a href=\"#demo\">La d\u00e9mo en direct vous montrera toutes les fonctionnalit\u00e9s<\/a><\/p> <\/div> <div class=\"application-platform-content-item-installation application-platform-content-item\" id=\"installation\" data-nav-section=\"installation\"> <h2>D\u00e9couvrez comment ajouter les avis de r\u00e9servation \u00e0 votre site Web Elementor<\/h2> <div class=\"video-container\"><iframe width=\"720\" height=\"405\" src=\"https:\/\/www.youtube.com\/embed\/vz3oxrr1zZM\" frameborder=\"0\" allowfullscreen=\"\"><\/iframe><\/div><p>Les actions suivantes sont la seule chose dont vous avez besoin pour d\u00e9montrer les avis de r\u00e9servation Elfsight sur votre site. <\/p> <ol><li><b>Concevez votre plugin Booking Reviews unique<\/b><br> \u00c0 l&rsquo;aide de notre d\u00e9mo gratuite, configurez un plugin avec une mise en page et des fonctions s\u00e9lectionn\u00e9es. <\/li><li><b>Acqu\u00e9rir le code individuel pour afficher le plugin<\/b><br> Apr\u00e8s avoir cr\u00e9\u00e9 votre widget, vous recevrez votre code personnel \u00e0 partir de la notification apparaissant sur Elfsight Apps. Copiez-le pour une utilisation ult\u00e9rieure. <\/li> <li><b>Ajoutez le plugin sur votre site Elementor<\/b><br> Choisissez l&rsquo;endroit o\u00f9 vous souhaitez r\u00e9v\u00e9ler le plugin et collez-y le code copi\u00e9. Enregistrez les modifications. <\/li> <li><b>Vous avez termin\u00e9\u00a0! <\/b><br> Rendez-vous sur votre site internet, pour voir vos t\u00e9moignages. <\/li> <\/ol><p>Toujours instable ? Ou vous avez des questions ? Envoyez simplement votre demande \u00e0 notre \u00e9quipe de support client pour r\u00e9soudre tout probl\u00e8me. <\/p> <\/div>","protected":false},"excerpt":{"rendered":"","protected":false},"author":9,"featured_media":0,"parent":2067,"menu_order":0,"comment_status":"closed","ping_status":"closed","template":"templates\/template-application-platform.php","meta":{"publish_to_discourse":"","publish_post_category":"","wpdc_auto_publish_overridden":"","wpdc_topic_tags":"","wpdc_pin_topic":"","wpdc_pin_until":"","discourse_post_id":"","discourse_permalink":"","wpdc_publishing_response":"","wpdc_publishing_error":"","footnotes":""},"class_list":["post-8242","page","type-page","status-publish","hentry"],"yoast_head":"<!-- This site is optimized with the Yoast SEO plugin v25.3.1 - https:\/\/yoast.com\/wordpress\/plugins\/seo\/ -->\n<title>Int\u00e9grer les avis de r\u00e9servation sur le site Web Elementor (rapide et facile)<\/title>\n<meta name=\"description\" content=\"Il est facile de cr\u00e9er votre widget Booking Reviews et de l\u2019afficher sur votre site Web Elementor. Le service client Elfsight est gratuit.\" \/>\n<meta name=\"robots\" content=\"index, follow, max-snippet:-1, max-image-preview:large, max-video-preview:-1\" \/>\n<link rel=\"canonical\" href=\"https:\/\/elfsight.com\/fr\/booking-reviews-widget\/elementor\/\" \/>\n<meta property=\"og:locale\" content=\"fr_FR\" \/>\n<meta property=\"og:type\" content=\"article\" \/>\n<meta property=\"og:title\" content=\"Int\u00e9grer les avis de r\u00e9servation sur le site Web Elementor (rapide et facile)\" \/>\n<meta property=\"og:description\" content=\"Il est facile de cr\u00e9er votre widget Booking Reviews et de l\u2019afficher sur votre site Web Elementor. Le service client Elfsight est gratuit.\" \/>\n<meta property=\"og:url\" content=\"https:\/\/elfsight.com\/fr\/booking-reviews-widget\/elementor\/\" \/>\n<meta property=\"og:site_name\" content=\"Elfsight FR\" \/>\n<meta property=\"article:modified_time\" content=\"2025-07-09T16:52:41+00:00\" \/>\n<meta name=\"twitter:card\" content=\"summary_large_image\" \/>\n<meta name=\"twitter:label1\" content=\"Dur\u00e9e de lecture estim\u00e9e\" \/>\n\t<meta name=\"twitter:data1\" content=\"3 minutes\" \/>\n<!-- \/ Yoast SEO plugin. -->","yoast_head_json":{"title":"Int\u00e9grer les avis de r\u00e9servation sur le site Web Elementor (rapide et facile)","description":"Il est facile de cr\u00e9er votre widget Booking Reviews et de l\u2019afficher sur votre site Web Elementor. Le service client Elfsight est gratuit.","robots":{"index":"index","follow":"follow","max-snippet":"max-snippet:-1","max-image-preview":"max-image-preview:large","max-video-preview":"max-video-preview:-1"},"canonical":"https:\/\/elfsight.com\/fr\/booking-reviews-widget\/elementor\/","og_locale":"fr_FR","og_type":"article","og_title":"Int\u00e9grer les avis de r\u00e9servation sur le site Web Elementor (rapide et facile)","og_description":"Il est facile de cr\u00e9er votre widget Booking Reviews et de l\u2019afficher sur votre site Web Elementor. Le service client Elfsight est gratuit.","og_url":"https:\/\/elfsight.com\/fr\/booking-reviews-widget\/elementor\/","og_site_name":"Elfsight FR","article_modified_time":"2025-07-09T16:52:41+00:00","twitter_card":"summary_large_image","twitter_misc":{"Dur\u00e9e de lecture estim\u00e9e":"3 minutes"},"schema":{"@context":"https:\/\/schema.org","@graph":[{"@type":"WebPage","@id":"https:\/\/elfsight.com\/fr\/booking-reviews-widget\/elementor\/","url":"https:\/\/elfsight.com\/fr\/booking-reviews-widget\/elementor\/","name":"Int\u00e9grer les avis de r\u00e9servation sur le site Web Elementor (rapide et facile)","isPartOf":{"@id":"https:\/\/elfsight.com\/fr\/#website"},"datePublished":"2024-05-03T06:30:43+00:00","dateModified":"2025-07-09T16:52:41+00:00","description":"Il est facile de cr\u00e9er votre widget Booking Reviews et de l\u2019afficher sur votre site Web Elementor. Le service client Elfsight est gratuit.","breadcrumb":{"@id":"https:\/\/elfsight.com\/fr\/booking-reviews-widget\/elementor\/#breadcrumb"},"inLanguage":"fr-FR","potentialAction":[{"@type":"ReadAction","target":["https:\/\/elfsight.com\/fr\/booking-reviews-widget\/elementor\/"]}]},{"@type":"BreadcrumbList","@id":"https:\/\/elfsight.com\/fr\/booking-reviews-widget\/elementor\/#breadcrumb","itemListElement":[{"@type":"ListItem","position":1,"name":"Home","item":"https:\/\/elfsight.com\/fr\/"},{"@type":"ListItem","position":2,"name":"Booking Reviews","item":"https:\/\/elfsight.com\/fr\/booking-reviews-widget\/"},{"@type":"ListItem","position":3,"name":"Booking Reviews &#8211; Elementor"}]},{"@type":"WebSite","@id":"https:\/\/elfsight.com\/fr\/#website","url":"https:\/\/elfsight.com\/fr\/","name":"Elfsight FR","description":"","potentialAction":[{"@type":"SearchAction","target":{"@type":"EntryPoint","urlTemplate":"https:\/\/elfsight.com\/fr\/?s={search_term_string}"},"query-input":{"@type":"PropertyValueSpecification","valueRequired":true,"valueName":"search_term_string"}}],"inLanguage":"fr-FR"}]}},"meta_box":{"industry":"","seo_heading":"","heading":"","description":"","cta_heading":"","cta_description":"","application":"2063","h1":"Avis sur Elementor Booking.com","h1_caption":"Affichez les avis de booking.com pour attirer plus de clients en montrant sans effort les exp\u00e9riences positives des anciens visiteurs sur votre site Web Elementor.","application_category":[],"applications_title":"","applications_request_title":"","applications_request_button_text":"","hero_text":"","hero_video":"","hero_video_schema_markup":"","selling_points_title":"","selling_points_caption":"","selling_points":[],"selling_points_cta_text":"","features_title":"","features":"","ed_cta_examples_text":"","ed_cta_examples_hidden":"","ed_cta_demo_text":"","ed_cta_demo_hidden":"","why_caption":"","why_editor_title":"","why_editor_text":"","why_team_title":"","why_team_text":"","why_service_title":"","why_service_text":"","template_catalog_visible":"","template_catalog_title":"","template_catalog_text":"","template_catalog_categories_visible":"","demo_title":"Cr\u00e9ez votre widget Avis de r\u00e9servation","demo_caption":"Configurez vos avis de r\u00e9servation et ajoutez-les gratuitement \u00e0 votre site Web Elementor\u00a0!","default_faq_hidden":"","app_template_category":[],"platform":"385","template_public_id":"","codecanyon_url":"","codecanyon_item_id":"","codecanyon_price":"","pricing_caption":"","pricing_elfsight_apps_hide_column":"","pricing_elfsight_apps_url":"","pricing_codecanyon_price_caption":"","integration_category":[],"integration_request_title":"","integration_request_cta":"","integration_platform":"","integrations":[],"platform_category":[],"video_schema_markup":"","price":"\u00e0 partir de 0$ \/ mois","trial":"","benefits":[{"text":"Service d'installation gratuit"},{"text":"Support client exp\u00e9riment\u00e9"},{"text":"Garantie de remboursement de 14 jours"},{"text":"D\u00e9veloppement continu"}],"button_url":"#demo","button_target_blank":"","button_nofollow":"","attributes":[{"name":"Installations","content":"10,000 - 100,000"},{"name":"Sensible","content":"Oui"},{"name":"Navigateurs compatibles","content":"Firefox, Safari, Opera, Chrome, Edge"}],"tags":[],"tags_disable_links":"","hide_more_platforms":"","video_object":"","demo_hide_cta":"","demo_hide_cloud_options":"","pricing_title":"","pricing":[{"pricing_icon":"platform","pricing_title":"Elfsight Apps","pricing_title_caption":"Logiciel ind\u00e9pendant de la plate-forme","pricing_price":"from $0 \/ month","pricing_price_caption":"commencez avec un forfait gratuit","pricing_benefits":[{"text":"Domaines illimit\u00e9s"},{"text":"Assistance professionnelle et ponctuelle"},{"text":"Service d'installation gratuit"},{"text":"Offre sp\u00e9ciale pour plusieurs applications"}],"pricing_button_text":"Ajouter au site Web","pricing_button_url":"#demo"}],"related_apps_title":"","related_apps_hidden":"","author":"","image":[],"title":"","job":"","social_networks":[]},"_links":{"self":[{"href":"https:\/\/elfsight.com\/fr\/wp-json\/wp\/v2\/pages\/8242","targetHints":{"allow":["GET"]}}],"collection":[{"href":"https:\/\/elfsight.com\/fr\/wp-json\/wp\/v2\/pages"}],"about":[{"href":"https:\/\/elfsight.com\/fr\/wp-json\/wp\/v2\/types\/page"}],"author":[{"embeddable":true,"href":"https:\/\/elfsight.com\/fr\/wp-json\/wp\/v2\/users\/9"}],"replies":[{"embeddable":true,"href":"https:\/\/elfsight.com\/fr\/wp-json\/wp\/v2\/comments?post=8242"}],"version-history":[{"count":2,"href":"https:\/\/elfsight.com\/fr\/wp-json\/wp\/v2\/pages\/8242\/revisions"}],"predecessor-version":[{"id":14978,"href":"https:\/\/elfsight.com\/fr\/wp-json\/wp\/v2\/pages\/8242\/revisions\/14978"}],"up":[{"embeddable":true,"href":"https:\/\/elfsight.com\/fr\/wp-json\/wp\/v2\/pages\/2067"}],"wp:attachment":[{"href":"https:\/\/elfsight.com\/fr\/wp-json\/wp\/v2\/media?parent=8242"}],"curies":[{"name":"wp","href":"https:\/\/api.w.org\/{rel}","templated":true}]}}