{"id":8229,"date":"2024-05-03T06:30:38","date_gmt":"2024-05-03T06:30:38","guid":{"rendered":"https:\/\/elfsight.com\/fr\/?page_id=8229"},"modified":"2025-07-09T16:53:34","modified_gmt":"2025-07-09T16:53:34","slug":"iframe","status":"publish","type":"page","link":"https:\/\/elfsight.com\/fr\/booking-reviews-widget\/iframe\/","title":{"rendered":"Booking Reviews &#8211; iFrame"},"content":{"rendered":"<div class=\"application-platform-content-item-description application-platform-content-item\" id=\"description\" data-nav-section=\"description\"><h2>Int\u00e9grez les avis de r\u00e9servation sur iFrame avec le widget Elfsight<\/h2><p>Si vous avez besoin de montrer votre appr\u00e9ciation \u00e9lev\u00e9e par les clients et de convaincre le site Web visiteurs que vos produits ou services valent la peine d&rsquo;\u00eatre achet\u00e9s, Elfsight Booking Reviews sera le bon choix. Gr\u00e2ce \u00e0 notre outil, vous pourrez placer les avis des utilisateurs de Booking sur votre site Web avec des informations sur leurs auteurs ; triez-les pour n\u2019en r\u00e9v\u00e9ler que les bons\u00a0; afficher des notes et un bouton de demande d&rsquo;avis qui dirigera les internautes vers votre page de r\u00e9servation, o\u00f9 ils pourront r\u00e9diger un avis suppl\u00e9mentaire.<\/p><p><b>Vantez de l&rsquo;appr\u00e9ciation de vos clients avec les avis de r\u00e9servation sur votre site<\/b><\/p> <\/div><div class=\"application-platform-content-item-features application-platform-content-item\" id=\"features\" data-nav-section=\"features\"><h2>Principales fonctionnalit\u00e9s du widget Avis de r\u00e9servation<\/h2><p>Consultez la liste des fonctionnalit\u00e9s ci-dessous pour mieux comprendre le widget\u00a0: <\/p> <ul> <li>Quatre dispositions pr\u00e9d\u00e9finies\u00a0: liste, grille, ma\u00e7onnerie et curseur\u00a0; <\/li> <li>Le bouton permettant de demander un examen redirige les utilisateurs vers votre page de r\u00e9servation\u00a0; <\/li> <li>Deux variantes de sc\u00e9narios apr\u00e8s rejet d&rsquo;une demande d&rsquo;avis\u00a0: afficher un message texte ou masquer le bouton. <\/li> <\/ul><p><a href=\"#demo\">Essayez toutes les fonctionnalit\u00e9s directement dans la d\u00e9mo<\/a><\/p><\/div><div class=\"application-platform-content-item-installation application-platform-content-item\" id=\"installation\" data-nav-section=\"installation\"><h2> Comment ajouter le plugin Booking Reviews au site Web iFrame<\/h2><p>Commencez \u00e0 utiliser le plugin en quelques \u00e9tapes seulement. <\/p> <ol><li><b>Construisez votre plugin d&rsquo;avis de r\u00e9servation unique<\/b><br> \u00c0 l&rsquo;aide de notre d\u00e9mo gratuite, cr\u00e9ez un plugin et choisissez ses options d&rsquo;interface. <\/li><li><b>Copiez le code individuel pour publier le plugin<\/b><br> Apr\u00e8s avoir g\u00e9n\u00e9r\u00e9 votre plugin, vous obtiendrez le code de configuration \u00e0 partir de la notification contextuelle sur les applications Elfsight. Copiez le code pour une utilisation ult\u00e9rieure. <\/li> <li><b> Le plugin sur votre site Web iFrame<\/b><br> Trouvez l&rsquo;endroit o\u00f9 vous pr\u00e9voyez d&rsquo;ajouter le plugin et ins\u00e9rez-y le code enregistr\u00e9. Enregistrez les r\u00e9sultats. <\/li> <li><b>Fait\u00a0! <\/b><br> Entrez dans la page Web pour voir votre travail. <\/li> <\/ol><p>Si vous avez quelque chose \u00e0 demander ou si vous souhaitez obtenir de l&rsquo;aide de notre part, n&rsquo;h\u00e9sitez pas \u00e0 nous contacter. Nous sommes toujours pr\u00eats \u00e0 vous aider. <\/p> <div class=\"faq\" data-component=\"FAQ\"> <div class=\"faq-item\">\r\n\t\t\t\t\t<div class=\"faq-item-question\">\r\n\t\t\t\t\t\t<h3 class=\"faq-item-question-text\">Comment puis-je ajouter Amazon Reviews \u00e0 mon site Web iFrame sans comp\u00e9tences en codage ?<\/h3>\r\n\r\n\t\t\t\t\t\t<div class=\"faq-item-question-icon\"><\/div>\r\n\t\t\t\t\t<\/div>\r\n\r\n\t\t\t\t\t<div class=\"faq-item-answer\">\r\n\t\t\t\t\t\t<div class=\"faq-item-answer-text\"> <p>Elfsight fournit une solution SaaS qui vous permet de cr\u00e9er vous-m\u00eame un widget Amazon Reviews. Le processus est le suivant\u00a0: travaillez directement dans l&rsquo;\u00e9diteur en ligne pour cr\u00e9er un widget Amazon Reviews que vous aimeriez voir sur votre site Web iFrame. Choisissez l&rsquo;un des mod\u00e8les pr\u00e9d\u00e9finis et ajustez les param\u00e8tres Amazon Reviews, ajoutez votre contenu, modifiez la mise en page et la palette de couleurs sans comp\u00e9tences en codage. Enregistrez les avis Amazon et copiez son code d&rsquo;installation, que vous pouvez facilement coller sur votre site Web iFrame sans acheter de forfait payant. Gr\u00e2ce \u00e0 notre \u00e9diteur intuitif, tout internaute peut cr\u00e9er un widget Amazon Reviews en ligne et l&rsquo;int\u00e9grer facilement \u00e0 son site Web iFrame. Il n&rsquo;est pas n\u00e9cessaire de payer ou de saisir les informations d&rsquo;identification de votre carte pour acc\u00e9der au service. Si vous rencontrez des probl\u00e8mes \u00e0 n&rsquo;importe quelle \u00e9tape, n&rsquo;h\u00e9sitez pas \u00e0 contacter notre \u00e9quipe d&rsquo;assistance technique.<\/p> <\/div>\r\n\t\t\t\t\t<\/div>\r\n\t\t\t\t<\/div> <\/div> <\/div>","protected":false},"excerpt":{"rendered":"","protected":false},"author":9,"featured_media":0,"parent":2067,"menu_order":0,"comment_status":"closed","ping_status":"closed","template":"templates\/template-application-platform.php","meta":{"publish_to_discourse":"","publish_post_category":"","wpdc_auto_publish_overridden":"","wpdc_topic_tags":"","wpdc_pin_topic":"","wpdc_pin_until":"","discourse_post_id":"","discourse_permalink":"","wpdc_publishing_response":"","wpdc_publishing_error":"","footnotes":""},"class_list":["post-8229","page","type-page","status-publish","hentry"],"yoast_head":"<!-- This site is optimized with the Yoast SEO plugin v25.3.1 - https:\/\/yoast.com\/wordpress\/plugins\/seo\/ -->\n<title>Plugin iFrame Booking Reviews pour votre site Web (gratuit et rapide)<\/title>\n<meta name=\"description\" content=\"Il est facile de concevoir votre plugin Booking Reviews et de le placer sur votre site Web iFrame. Le support client Elfsight est gratuit et rapide.\" \/>\n<meta name=\"robots\" content=\"index, follow, max-snippet:-1, max-image-preview:large, max-video-preview:-1\" \/>\n<link rel=\"canonical\" href=\"https:\/\/elfsight.com\/fr\/booking-reviews-widget\/iframe\/\" \/>\n<meta property=\"og:locale\" content=\"fr_FR\" \/>\n<meta property=\"og:type\" content=\"article\" \/>\n<meta property=\"og:title\" content=\"Plugin iFrame Booking Reviews pour votre site Web (gratuit et rapide)\" \/>\n<meta property=\"og:description\" content=\"Il est facile de concevoir votre plugin Booking Reviews et de le placer sur votre site Web iFrame. Le support client Elfsight est gratuit et rapide.\" \/>\n<meta property=\"og:url\" content=\"https:\/\/elfsight.com\/fr\/booking-reviews-widget\/iframe\/\" \/>\n<meta property=\"og:site_name\" content=\"Elfsight FR\" \/>\n<meta property=\"article:modified_time\" content=\"2025-07-09T16:53:34+00:00\" \/>\n<meta name=\"twitter:card\" content=\"summary_large_image\" \/>\n<meta name=\"twitter:label1\" content=\"Dur\u00e9e de lecture estim\u00e9e\" \/>\n\t<meta name=\"twitter:data1\" content=\"3 minutes\" \/>\n<!-- \/ Yoast SEO plugin. -->","yoast_head_json":{"title":"Plugin iFrame Booking Reviews pour votre site Web (gratuit et rapide)","description":"Il est facile de concevoir votre plugin Booking Reviews et de le placer sur votre site Web iFrame. Le support client Elfsight est gratuit et rapide.","robots":{"index":"index","follow":"follow","max-snippet":"max-snippet:-1","max-image-preview":"max-image-preview:large","max-video-preview":"max-video-preview:-1"},"canonical":"https:\/\/elfsight.com\/fr\/booking-reviews-widget\/iframe\/","og_locale":"fr_FR","og_type":"article","og_title":"Plugin iFrame Booking Reviews pour votre site Web (gratuit et rapide)","og_description":"Il est facile de concevoir votre plugin Booking Reviews et de le placer sur votre site Web iFrame. Le support client Elfsight est gratuit et rapide.","og_url":"https:\/\/elfsight.com\/fr\/booking-reviews-widget\/iframe\/","og_site_name":"Elfsight FR","article_modified_time":"2025-07-09T16:53:34+00:00","twitter_card":"summary_large_image","twitter_misc":{"Dur\u00e9e de lecture estim\u00e9e":"3 minutes"},"schema":{"@context":"https:\/\/schema.org","@graph":[{"@type":"WebPage","@id":"https:\/\/elfsight.com\/fr\/booking-reviews-widget\/iframe\/","url":"https:\/\/elfsight.com\/fr\/booking-reviews-widget\/iframe\/","name":"Plugin iFrame Booking Reviews pour votre site Web (gratuit et rapide)","isPartOf":{"@id":"https:\/\/elfsight.com\/fr\/#website"},"datePublished":"2024-05-03T06:30:38+00:00","dateModified":"2025-07-09T16:53:34+00:00","description":"Il est facile de concevoir votre plugin Booking Reviews et de le placer sur votre site Web iFrame. Le support client Elfsight est gratuit et rapide.","breadcrumb":{"@id":"https:\/\/elfsight.com\/fr\/booking-reviews-widget\/iframe\/#breadcrumb"},"inLanguage":"fr-FR","potentialAction":[{"@type":"ReadAction","target":["https:\/\/elfsight.com\/fr\/booking-reviews-widget\/iframe\/"]}]},{"@type":"BreadcrumbList","@id":"https:\/\/elfsight.com\/fr\/booking-reviews-widget\/iframe\/#breadcrumb","itemListElement":[{"@type":"ListItem","position":1,"name":"Home","item":"https:\/\/elfsight.com\/fr\/"},{"@type":"ListItem","position":2,"name":"Booking Reviews","item":"https:\/\/elfsight.com\/fr\/booking-reviews-widget\/"},{"@type":"ListItem","position":3,"name":"Booking Reviews &#8211; iFrame"}]},{"@type":"WebSite","@id":"https:\/\/elfsight.com\/fr\/#website","url":"https:\/\/elfsight.com\/fr\/","name":"Elfsight FR","description":"","potentialAction":[{"@type":"SearchAction","target":{"@type":"EntryPoint","urlTemplate":"https:\/\/elfsight.com\/fr\/?s={search_term_string}"},"query-input":{"@type":"PropertyValueSpecification","valueRequired":true,"valueName":"search_term_string"}}],"inLanguage":"fr-FR"}]}},"meta_box":{"industry":"","seo_heading":"","heading":"","description":"","cta_heading":"","cta_description":"","application":"2063","h1":"Avis sur iFrame Booking.com","h1_caption":"Affichez les avis de booking.com pour attirer plus de clients en montrant sans effort les exp\u00e9riences positives des anciens visiteurs sur votre site Web iFrame.","application_category":[],"applications_title":"","applications_request_title":"","applications_request_button_text":"","hero_text":"","hero_video":"","hero_video_schema_markup":"","selling_points_title":"","selling_points_caption":"","selling_points":[],"selling_points_cta_text":"","features_title":"","features":"","ed_cta_examples_text":"","ed_cta_examples_hidden":"","ed_cta_demo_text":"","ed_cta_demo_hidden":"","why_caption":"","why_editor_title":"","why_editor_text":"","why_team_title":"","why_team_text":"","why_service_title":"","why_service_text":"","template_catalog_visible":"","template_catalog_title":"","template_catalog_text":"","template_catalog_categories_visible":"","demo_title":"Cr\u00e9ez votre widget Avis de r\u00e9servation","demo_caption":"Configurez vos avis de r\u00e9servation et ajoutez-les gratuitement \u00e0 votre site Web iFrame\u00a0!","default_faq_hidden":"","app_template_category":[],"platform":"371","template_public_id":"","codecanyon_url":"","codecanyon_item_id":"","codecanyon_price":"","pricing_caption":"","pricing_elfsight_apps_hide_column":"","pricing_elfsight_apps_url":"","pricing_codecanyon_price_caption":"","integration_category":[],"integration_request_title":"","integration_request_cta":"","integration_platform":"","integrations":[],"platform_category":[],"video_schema_markup":"","price":"\u00e0 partir de 0$ \/ mois","trial":"","benefits":[{"text":"Aide \u00e0 l'installation gratuite"},{"text":"Support client exp\u00e9riment\u00e9"},{"text":"Garantie de remboursement de 14 jours"},{"text":"Am\u00e9liorations gratuites r\u00e9guli\u00e8res"}],"button_url":"#demo","button_target_blank":"","button_nofollow":"","attributes":[{"name":"Installations","content":"10,000 - 100,000"},{"name":"Sensible","content":"Oui"},{"name":"Navigateurs compatibles","content":"Firefox, Opera, Edge, Safari, Chrome"}],"tags":[],"tags_disable_links":"","hide_more_platforms":"","video_object":"","demo_hide_cta":"","demo_hide_cloud_options":"","pricing_title":"","pricing":[{"pricing_icon":"platform","pricing_title":"Elfsight Apps","pricing_title_caption":"Logiciel multiplateforme qui fonctionne sur n'importe quel site Web","pricing_price":"from $0 \/ month","pricing_price_caption":"commencez avec un forfait gratuit","pricing_benefits":[{"text":"Sites Web illimit\u00e9s"},{"text":"Support client rapide"},{"text":"Assistance \u00e0 l'installation gratuite"},{"text":"Prix \u200b\u200bsp\u00e9cial pour plusieurs applications"}],"pricing_button_text":"Ajouter au site Web","pricing_button_url":"#demo"}],"related_apps_title":"","related_apps_hidden":"","author":"","image":[],"title":"","job":"","social_networks":[]},"_links":{"self":[{"href":"https:\/\/elfsight.com\/fr\/wp-json\/wp\/v2\/pages\/8229","targetHints":{"allow":["GET"]}}],"collection":[{"href":"https:\/\/elfsight.com\/fr\/wp-json\/wp\/v2\/pages"}],"about":[{"href":"https:\/\/elfsight.com\/fr\/wp-json\/wp\/v2\/types\/page"}],"author":[{"embeddable":true,"href":"https:\/\/elfsight.com\/fr\/wp-json\/wp\/v2\/users\/9"}],"replies":[{"embeddable":true,"href":"https:\/\/elfsight.com\/fr\/wp-json\/wp\/v2\/comments?post=8229"}],"version-history":[{"count":1,"href":"https:\/\/elfsight.com\/fr\/wp-json\/wp\/v2\/pages\/8229\/revisions"}],"predecessor-version":[{"id":8233,"href":"https:\/\/elfsight.com\/fr\/wp-json\/wp\/v2\/pages\/8229\/revisions\/8233"}],"up":[{"embeddable":true,"href":"https:\/\/elfsight.com\/fr\/wp-json\/wp\/v2\/pages\/2067"}],"wp:attachment":[{"href":"https:\/\/elfsight.com\/fr\/wp-json\/wp\/v2\/media?parent=8229"}],"curies":[{"name":"wp","href":"https:\/\/api.w.org\/{rel}","templated":true}]}}