{"id":8228,"date":"2024-05-03T06:30:37","date_gmt":"2024-05-03T06:30:37","guid":{"rendered":"https:\/\/elfsight.com\/fr\/?page_id=8228"},"modified":"2025-07-09T16:52:47","modified_gmt":"2025-07-09T16:52:47","slug":"facebook","status":"publish","type":"page","link":"https:\/\/elfsight.com\/fr\/booking-reviews-widget\/facebook\/","title":{"rendered":"Booking Reviews &#8211; Facebook Page"},"content":{"rendered":"<div class=\"application-platform-content-item-description application-platform-content-item\" id=\"description\" data-nav-section=\"description\"><h2>Description<\/h2><p>Elfsight Booking Reviews est un simple widget qui vous permet d&rsquo;ins\u00e9rer dans votre page Facebook des avis sur votre entreprise depuis R\u00e9servation.com. Avec ce widget, vous pourrez utiliser des filtres pour trier les avis ind\u00e9sirables, d\u00e9montrer vos notes en \u00e9toiles et en chiffres de Booking, afficher les d\u00e9tails sur les auteurs et int\u00e9grer un bouton qui aidera les visiteurs \u00e0 r\u00e9diger un nouvel avis sur Booking. Le widget Elfsight Reviews vous aidera \u00e0 d\u00e9montrer une preuve sociale parfaite sur votre page et \u00e0 augmenter vos ventes. <\/p><p><b>D\u00e9montrez les meilleurs avis sur votre h\u00e9bergement provenant de Booking.com\u00a0!<\/b><\/p> <\/div><div class=\"application-platform-content-item-features application-platform-content-item\" id=\"features\" data-nav-section=\"features\"><h2>Caract\u00e9ristiques<\/h2> <p>Voici une liste de toutes les fonctionnalit\u00e9s du widget. Vous pouvez les ajuster directement dans l&rsquo;\u00e9diteur et cr\u00e9er le widget adapt\u00e9 \u00e0 vos besoins. <\/p><ul><li>4\u00a0dispositions disponibles\u00a0: liste, grille, ma\u00e7onnerie et curseur\u00a0; <\/li><li>Le bouton de demande de r\u00e9vision am\u00e8ne les gens \u00e0 la page de r\u00e9servation\u00a0; <\/li><li>6 \u00e9l\u00e9ments r\u00e9glables de l&rsquo;interface\u00a0: le nom de l&rsquo;auteur et la photo, le texte de la recommandation, la date de sortie de l&rsquo;avis, l&rsquo;ic\u00f4ne de r\u00e9servation et le nombre d&rsquo;\u00e9toiles\u00a0; <\/li><\/ul><p><a href=\"#demo\">V\u00e9rifiez le fonctionnement de toutes les fonctionnalit\u00e9s dans notre d\u00e9mo<\/a><\/p><\/div> <div class=\"application-platform-content-item-installation application-platform-content-item\" id=\"installation\" data-nav-section=\"installation\"> <h2>Comment ajouter des avis de r\u00e9servation \u00e0 votre page d&rsquo;entreprise Facebook<\/h2><p>Pour introduire le widget dans la page, suivez les instructions ci-dessous<\/p><ul><li><b>Cr\u00e9ez vos avis de r\u00e9servation personnalis\u00e9s onglet<\/b><br>G\u00e9rer notre configurateur gratuit, mettre en place un plugin avec une mise en page personnalis\u00e9e et des caract\u00e9ristiques fonctionnelles. <\/li><li><b>Copiez le code individuel pour configurer le plugin<\/b><br>Apr\u00e8s avoir configur\u00e9 votre widget, vous obtiendrez le code individuel dans la fen\u00eatre contextuelle des applications Elfsight. Copiez ce code. <\/li><li><b>Ajoutez le widget \u00e0 la page Facebook<\/b><br> Cr\u00e9ez votre onglet Facebook personnalis\u00e9. Ins\u00e9rez le code que vous avez re\u00e7u sur les applications elfsight dans l&rsquo;onglet. Si vous rencontrez des probl\u00e8mes, consultez simplement notre guide sur <a href=\"https:\/\/elfsight.com\/blog\/how-to-add-custom-tab-to-facebook-page\/\" target=\"_blank\" rel=\"noopener noreferrer\">cr\u00e9ation d&rsquo;un onglet Facebook personnalis\u00e9<\/a><\/li><li><b>Vous avez r\u00e9ussi l&rsquo;installation<\/b><br>Entrez sur la page pour voir vos t\u00e9moignages.<\/li><\/ul><p>Vous \u00eates invit\u00e9s \u00e0 contacter notre service client si vous avez besoin d&rsquo;aide ou si vous avez des questions. Nos sp\u00e9cialistes vous donneront un coup de main pour chaque demande. <\/p><div class=\"faq\" data-component=\"FAQ\"> <div class=\"faq-item\">\r\n\t\t\t\t\t<div class=\"faq-item-question\">\r\n\t\t\t\t\t\t<h3 class=\"faq-item-question-text\">Comment ajouter Amazon Reviews \u00e0 ma page Facebook sans comp\u00e9tences en codage ?<\/h3>\r\n\r\n\t\t\t\t\t\t<div class=\"faq-item-question-icon\"><\/div>\r\n\t\t\t\t\t<\/div>\r\n\r\n\t\t\t\t\t<div class=\"faq-item-answer\">\r\n\t\t\t\t\t\t<div class=\"faq-item-answer-text\"> <p>Elfsight fournit une solution SaaS qui vous permet de cr\u00e9er vous-m\u00eame un widget Amazon Reviews. Voyez \u00e0 quel point il est facile Le processus est le suivant\u00a0: Travaillez directement dans l&rsquo;\u00e9diteur en ligne pour cr\u00e9er un widget Amazon Reviews que vous aimeriez voir sur votre site Web de page Facebook. Choisissez l&rsquo;un des mod\u00e8les pr\u00e9d\u00e9finis et ajustez les param\u00e8tres Amazon Reviews, ajoutez votre contenu, modifiez la mise en page et la palette de couleurs sans aucune comp\u00e9tence en codage. Enregistrez les avis Amazon et copiez son code d&rsquo;installation, que vous pouvez facilement inclure sur votre page Facebook sans avoir besoin d&rsquo;acheter une version payante. Gr\u00e2ce \u00e0 notre \u00e9diteur intuitif, tout internaute peut cr\u00e9er un widget Amazon Reviews en ligne et l&rsquo;int\u00e9grer facilement \u00e0 sa page Facebook. Il n&rsquo;est pas n\u00e9cessaire de payer ou de saisir les informations d&rsquo;identification de votre carte pour acc\u00e9der au service. Si vous rencontrez des probl\u00e8mes \u00e0 n&rsquo;importe quelle \u00e9tape, n&rsquo;h\u00e9sitez pas \u00e0 contacter notre \u00e9quipe d&rsquo;assistance technique.<\/p> <\/div>\r\n\t\t\t\t\t<\/div>\r\n\t\t\t\t<\/div> <\/div> <\/div>","protected":false},"excerpt":{"rendered":"","protected":false},"author":9,"featured_media":0,"parent":2067,"menu_order":0,"comment_status":"closed","ping_status":"closed","template":"templates\/template-application-platform.php","meta":{"publish_to_discourse":"","publish_post_category":"","wpdc_auto_publish_overridden":"","wpdc_topic_tags":"","wpdc_pin_topic":"","wpdc_pin_until":"","discourse_post_id":"","discourse_permalink":"","wpdc_publishing_response":"","wpdc_publishing_error":"","footnotes":""},"class_list":["post-8228","page","type-page","status-publish","hentry"],"yoast_head":"<!-- This site is optimized with the Yoast SEO plugin v25.3.1 - https:\/\/yoast.com\/wordpress\/plugins\/seo\/ -->\n<title>Ajouter des avis de r\u00e9servation \u00e0 l&#039;onglet personnalis\u00e9 de la page Facebook (2025)<\/title>\n<meta name=\"description\" content=\"Avec Elfsight, concevez vos avis de r\u00e9servation et ajoutez-les rapidement sur votre page Facebook. Nous avons un service client gratuit et d&#039;autres bonus.\" \/>\n<meta name=\"robots\" content=\"index, follow, max-snippet:-1, max-image-preview:large, max-video-preview:-1\" \/>\n<link rel=\"canonical\" href=\"https:\/\/elfsight.com\/fr\/booking-reviews-widget\/facebook\/\" \/>\n<meta property=\"og:locale\" content=\"fr_FR\" \/>\n<meta property=\"og:type\" content=\"article\" \/>\n<meta property=\"og:title\" content=\"Ajouter des avis de r\u00e9servation \u00e0 l&#039;onglet personnalis\u00e9 de la page Facebook (2025)\" \/>\n<meta property=\"og:description\" content=\"Avec Elfsight, concevez vos avis de r\u00e9servation et ajoutez-les rapidement sur votre page Facebook. Nous avons un service client gratuit et d&#039;autres bonus.\" \/>\n<meta property=\"og:url\" content=\"https:\/\/elfsight.com\/fr\/booking-reviews-widget\/facebook\/\" \/>\n<meta property=\"og:site_name\" content=\"Elfsight FR\" \/>\n<meta property=\"article:modified_time\" content=\"2025-07-09T16:52:47+00:00\" \/>\n<meta name=\"twitter:card\" content=\"summary_large_image\" \/>\n<meta name=\"twitter:label1\" content=\"Dur\u00e9e de lecture estim\u00e9e\" \/>\n\t<meta name=\"twitter:data1\" content=\"3 minutes\" \/>\n<!-- \/ Yoast SEO plugin. -->","yoast_head_json":{"title":"Ajouter des avis de r\u00e9servation \u00e0 l'onglet personnalis\u00e9 de la page Facebook (2025)","description":"Avec Elfsight, concevez vos avis de r\u00e9servation et ajoutez-les rapidement sur votre page Facebook. Nous avons un service client gratuit et d'autres bonus.","robots":{"index":"index","follow":"follow","max-snippet":"max-snippet:-1","max-image-preview":"max-image-preview:large","max-video-preview":"max-video-preview:-1"},"canonical":"https:\/\/elfsight.com\/fr\/booking-reviews-widget\/facebook\/","og_locale":"fr_FR","og_type":"article","og_title":"Ajouter des avis de r\u00e9servation \u00e0 l'onglet personnalis\u00e9 de la page Facebook (2025)","og_description":"Avec Elfsight, concevez vos avis de r\u00e9servation et ajoutez-les rapidement sur votre page Facebook. Nous avons un service client gratuit et d'autres bonus.","og_url":"https:\/\/elfsight.com\/fr\/booking-reviews-widget\/facebook\/","og_site_name":"Elfsight FR","article_modified_time":"2025-07-09T16:52:47+00:00","twitter_card":"summary_large_image","twitter_misc":{"Dur\u00e9e de lecture estim\u00e9e":"3 minutes"},"schema":{"@context":"https:\/\/schema.org","@graph":[{"@type":"WebPage","@id":"https:\/\/elfsight.com\/fr\/booking-reviews-widget\/facebook\/","url":"https:\/\/elfsight.com\/fr\/booking-reviews-widget\/facebook\/","name":"Ajouter des avis de r\u00e9servation \u00e0 l'onglet personnalis\u00e9 de la page Facebook (2025)","isPartOf":{"@id":"https:\/\/elfsight.com\/fr\/#website"},"datePublished":"2024-05-03T06:30:37+00:00","dateModified":"2025-07-09T16:52:47+00:00","description":"Avec Elfsight, concevez vos avis de r\u00e9servation et ajoutez-les rapidement sur votre page Facebook. Nous avons un service client gratuit et d'autres bonus.","breadcrumb":{"@id":"https:\/\/elfsight.com\/fr\/booking-reviews-widget\/facebook\/#breadcrumb"},"inLanguage":"fr-FR","potentialAction":[{"@type":"ReadAction","target":["https:\/\/elfsight.com\/fr\/booking-reviews-widget\/facebook\/"]}]},{"@type":"BreadcrumbList","@id":"https:\/\/elfsight.com\/fr\/booking-reviews-widget\/facebook\/#breadcrumb","itemListElement":[{"@type":"ListItem","position":1,"name":"Home","item":"https:\/\/elfsight.com\/fr\/"},{"@type":"ListItem","position":2,"name":"Booking Reviews","item":"https:\/\/elfsight.com\/fr\/booking-reviews-widget\/"},{"@type":"ListItem","position":3,"name":"Booking Reviews &#8211; Facebook Page"}]},{"@type":"WebSite","@id":"https:\/\/elfsight.com\/fr\/#website","url":"https:\/\/elfsight.com\/fr\/","name":"Elfsight FR","description":"","potentialAction":[{"@type":"SearchAction","target":{"@type":"EntryPoint","urlTemplate":"https:\/\/elfsight.com\/fr\/?s={search_term_string}"},"query-input":{"@type":"PropertyValueSpecification","valueRequired":true,"valueName":"search_term_string"}}],"inLanguage":"fr-FR"}]}},"meta_box":{"industry":"","seo_heading":"","heading":"","description":"","cta_heading":"","cta_description":"","application":"2063","h1":"Avis de Booking.com sur la page d'entreprise Facebook","h1_caption":"Affichez les avis de booking.com pour attirer plus de clients en montrant sans effort les exp\u00e9riences positives des anciens visiteurs sur votre page Facebook.","application_category":[],"applications_title":"","applications_request_title":"","applications_request_button_text":"","hero_text":"","hero_video":"","hero_video_schema_markup":"","selling_points_title":"","selling_points_caption":"","selling_points":[],"selling_points_cta_text":"","features_title":"","features":"","ed_cta_examples_text":"","ed_cta_examples_hidden":"","ed_cta_demo_text":"","ed_cta_demo_hidden":"","why_caption":"","why_editor_title":"","why_editor_text":"","why_team_title":"","why_team_text":"","why_service_title":"","why_service_text":"","template_catalog_visible":"","template_catalog_title":"","template_catalog_text":"","template_catalog_categories_visible":"","demo_title":"Cr\u00e9ez votre widget Avis de r\u00e9servation","demo_caption":"Configurez vos avis de r\u00e9servation et ajoutez-les gratuitement \u00e0 votre page Facebook\u00a0!","default_faq_hidden":"","app_template_category":[],"platform":"394","template_public_id":"","codecanyon_url":"","codecanyon_item_id":"","codecanyon_price":"","pricing_caption":"","pricing_elfsight_apps_hide_column":"","pricing_elfsight_apps_url":"","pricing_codecanyon_price_caption":"","integration_category":[],"integration_request_title":"","integration_request_cta":"","integration_platform":"","integrations":[],"platform_category":[],"video_schema_markup":"","price":"\u00e0 partir de 0$ \/ mois","trial":"","benefits":[{"text":"Assistance \u00e0 l'installation gratuite"},{"text":"Service client comp\u00e9tent"},{"text":"Garantie de remboursement de 14 jours"},{"text":"Mise \u00e0 jour constante"}],"button_url":"#demo","button_target_blank":"","button_nofollow":"","attributes":[{"name":"Installations","content":"10,000 - 100,000"},{"name":"Sensible","content":"Oui"},{"name":"Navigateurs compatibles","content":"Firefox, Edge, Opera, Chrome, Safari"}],"tags":[],"tags_disable_links":"","hide_more_platforms":"","video_object":"","demo_hide_cta":"","demo_hide_cloud_options":"","pricing_title":"","pricing":[{"pricing_icon":"platform","pricing_title":"Elfsight Apps","pricing_title_caption":"Solution num\u00e9rique multiplateforme qui fonctionne sur n'importe quel site Web","pricing_price":"from $0 \/ month","pricing_price_caption":"commencez avec un forfait gratuit","pricing_benefits":[{"text":"Sites Web illimit\u00e9s"},{"text":"Assistance professionnelle et ponctuelle"},{"text":"Aide \u00e0 l'installation gratuite"},{"text":"Conception flexible"}],"pricing_button_text":"Ajouter au site Web","pricing_button_url":"#demo"}],"related_apps_title":"","related_apps_hidden":"","author":"","image":[],"title":"","job":"","social_networks":[]},"_links":{"self":[{"href":"https:\/\/elfsight.com\/fr\/wp-json\/wp\/v2\/pages\/8228","targetHints":{"allow":["GET"]}}],"collection":[{"href":"https:\/\/elfsight.com\/fr\/wp-json\/wp\/v2\/pages"}],"about":[{"href":"https:\/\/elfsight.com\/fr\/wp-json\/wp\/v2\/types\/page"}],"author":[{"embeddable":true,"href":"https:\/\/elfsight.com\/fr\/wp-json\/wp\/v2\/users\/9"}],"replies":[{"embeddable":true,"href":"https:\/\/elfsight.com\/fr\/wp-json\/wp\/v2\/comments?post=8228"}],"version-history":[{"count":1,"href":"https:\/\/elfsight.com\/fr\/wp-json\/wp\/v2\/pages\/8228\/revisions"}],"predecessor-version":[{"id":8232,"href":"https:\/\/elfsight.com\/fr\/wp-json\/wp\/v2\/pages\/8228\/revisions\/8232"}],"up":[{"embeddable":true,"href":"https:\/\/elfsight.com\/fr\/wp-json\/wp\/v2\/pages\/2067"}],"wp:attachment":[{"href":"https:\/\/elfsight.com\/fr\/wp-json\/wp\/v2\/media?parent=8228"}],"curies":[{"name":"wp","href":"https:\/\/api.w.org\/{rel}","templated":true}]}}