{"id":8227,"date":"2024-05-03T06:30:36","date_gmt":"2024-05-03T06:30:36","guid":{"rendered":"https:\/\/elfsight.com\/fr\/?page_id=8227"},"modified":"2025-07-09T16:55:32","modified_gmt":"2025-07-09T16:55:32","slug":"woocommerce","status":"publish","type":"page","link":"https:\/\/elfsight.com\/fr\/booking-reviews-widget\/woocommerce\/","title":{"rendered":"Booking Reviews &#8211; WooCommerce"},"content":{"rendered":"<div class=\"application-platform-content-item-description application-platform-content-item\" id=\"description\" data-nav-section=\"description\"><h2>Description<\/h2><p>Si vous souhaitez d\u00e9montrer votre note \u00e9lev\u00e9e et convaincre les visiteurs de votre site Web que vos produits ou services valent la peine d&rsquo;\u00eatre d\u00e9pens\u00e9s de l&rsquo;argent, le widget Elfsight Booking Reviews vous convient parfaitement. Gr\u00e2ce \u00e0 ce widget, vous pourrez afficher les avis des clients de Booking sur votre site avec des d\u00e9tails sur leurs auteurs, les filtrer pour n&rsquo;afficher que les bons, afficher les notes et un bouton de redirection qui redirigera les utilisateurs vers votre page de r\u00e9servation, afin qu&rsquo;ils puissent publier. leur avis.<\/p><p><b>Avec Elfsight Booking Reviews, r\u00e9alisez un solide d\u00e9veloppement commercial et augmentez vos ventes<\/b><\/p><\/div> <div class=\"application-platform-content-item-features application-platform-content-item\" id=\"features\" data-nav-section=\"features\"><h2>\u00c9tudiez les liste des fonctionnalit\u00e9s les plus puissantes\u00a0:<\/h2><ul><li>Quatre mises en page disponibles\u00a0: Liste, Grille, Ma\u00e7onnerie et Slider\u00a0;<\/li><li>Une possibilit\u00e9 d&rsquo;activer\/d\u00e9sactiver l&rsquo;en-t\u00eate du widget\u00a0; <\/li><li>Deux options de sc\u00e9narios de rejet de demande d&rsquo;avis\u00a0: afficher un message personnalis\u00e9 ou masquer le bouton.<\/li><\/ul><p><a href=\"#demo\">Essayez simplement cette d\u00e9mo pour voyez ce que vaut le widget<\/a><\/p><\/div><div class=\"application-platform-content-item-installation application-platform-content-item\" id=\"installation\" data-nav-section=\"installation\"><h2>Comment ajouter des avis de r\u00e9servation sur mon site WooCommerce\u00a0?<\/h2><p>Suivez simplement quelques-uns des \u00e9tapes pr\u00e9sent\u00e9es ci-dessous pour int\u00e9grer le widget.<\/p><ol><li><b>Lancez notre \u00e9diteur gratuit et commencez \u00e0 cr\u00e9er votre plugin personnalis\u00e9.<\/b><br>D\u00e9terminez l&rsquo;interface et les fonctionnalit\u00e9s s\u00e9lectionn\u00e9es du plugin et appliquez les modifications.<\/li><li><b>Recevez votre code unique qui est affich\u00e9 dans le formulaire sp\u00e9cial sur Elfsight Apps.<\/b><br>D\u00e8s que la configuration de votre plugin est termin\u00e9e, copiez le code exclusif dans la fen\u00eatre contextuelle apparue et enregistrez-le pour d&rsquo;autres besoins.<\/li><li><b>Commencez \u00e0 utiliser le plugin sur votre site Web de plateforme.<\/b><br>Ajoutez le code copi\u00e9 auparavant dans votre page Web et enregistrez les modifications.<\/li><li><b>Termin\u00e9\u00a0! L&rsquo;int\u00e9gration est termin\u00e9e avec succ\u00e8s.<\/b><br>Allez sur votre page pour voir comment fonctionne le widget.<\/li><\/ol><p>Si vous rencontrez des obstacles, n&rsquo;h\u00e9sitez pas \u00e0 chercher l\u2019aide de notre personnel de soutien. Nos sp\u00e9cialistes se feront un plaisir de r\u00e9soudre toutes les questions que vous pourriez avoir sur l&rsquo;outil.<\/p><div class=\"faq\" data-component=\"FAQ\"> <div class=\"faq-item\">\r\n\t\t\t\t\t<div class=\"faq-item-question\">\r\n\t\t\t\t\t\t<h3 class=\"faq-item-question-text\">Comment ajouter des avis Amazon \u00e0 mon site WooCommerce sans comp\u00e9tences en codage ?<\/h3>\r\n\r\n\t\t\t\t\t\t<div class=\"faq-item-question-icon\"><\/div>\r\n\t\t\t\t\t<\/div>\r\n\r\n\t\t\t\t\t<div class=\"faq-item-answer\">\r\n\t\t\t\t\t\t<div class=\"faq-item-answer-text\"> <p>Elfsight fournit un Solution SaaS qui vous permet de cr\u00e9er vous-m\u00eame un widget Amazon Reviews. D\u00e9couvrez \u00e0 quel point le processus est simple\u00a0: travaillez directement dans l&rsquo;\u00e9diteur en ligne pour cr\u00e9er un widget Amazon Reviews que vous aimeriez voir sur votre site Web WooCommerce. Choisissez l&rsquo;un des mod\u00e8les pr\u00e9d\u00e9finis et ajustez les param\u00e8tres Amazon Reviews, ajoutez votre contenu, modifiez la mise en page et la palette de couleurs sans comp\u00e9tences en codage. Enregistrez les avis Amazon et copiez son code d&rsquo;installation, que vous pouvez simplement coller sur votre site Web WooCommerce sans avoir besoin d&rsquo;acheter une version payante. Gr\u00e2ce \u00e0 notre \u00e9diteur intuitif, tout internaute peut cr\u00e9er un widget Amazon Reviews en ligne et l&rsquo;int\u00e9grer facilement \u00e0 son site Web WooCommerce. Il n&rsquo;est pas n\u00e9cessaire de payer ou de saisir les informations d&rsquo;identification de votre carte pour acc\u00e9der au service. Si vous rencontrez des probl\u00e8mes \u00e0 n&rsquo;importe quelle \u00e9tape, n&rsquo;h\u00e9sitez pas \u00e0 contacter notre \u00e9quipe d&rsquo;assistance technique.<\/p> <\/div>\r\n\t\t\t\t\t<\/div>\r\n\t\t\t\t<\/div> <\/div> <\/div>","protected":false},"excerpt":{"rendered":"","protected":false},"author":9,"featured_media":0,"parent":2067,"menu_order":0,"comment_status":"closed","ping_status":"closed","template":"templates\/template-application-platform.php","meta":{"publish_to_discourse":"","publish_post_category":"","wpdc_auto_publish_overridden":"","wpdc_topic_tags":"","wpdc_pin_topic":"","wpdc_pin_until":"","discourse_post_id":"","discourse_permalink":"","wpdc_publishing_response":"","wpdc_publishing_error":"","footnotes":""},"class_list":["post-8227","page","type-page","status-publish","hentry"],"yoast_head":"<!-- This site is optimized with the Yoast SEO plugin v25.3.1 - https:\/\/yoast.com\/wordpress\/plugins\/seo\/ -->\n<title>Plugin WooCommerce Booking Reviews pour votre site Web (2026)<\/title>\n<meta name=\"description\" content=\"Profitez de l&#039;occasion pour personnaliser le plugin Booking Reviews d\u00e8s maintenant et int\u00e9grez-le dans votre site WooCommerce directement \u00e0 partir de la d\u00e9mo en direct.\" \/>\n<meta name=\"robots\" content=\"index, follow, max-snippet:-1, max-image-preview:large, max-video-preview:-1\" \/>\n<link rel=\"canonical\" href=\"https:\/\/elfsight.com\/fr\/booking-reviews-widget\/woocommerce\/\" \/>\n<meta property=\"og:locale\" content=\"fr_FR\" \/>\n<meta property=\"og:type\" content=\"article\" \/>\n<meta property=\"og:title\" content=\"Plugin WooCommerce Booking Reviews pour votre site Web (2026)\" \/>\n<meta property=\"og:description\" content=\"Profitez de l&#039;occasion pour personnaliser le plugin Booking Reviews d\u00e8s maintenant et int\u00e9grez-le dans votre site WooCommerce directement \u00e0 partir de la d\u00e9mo en direct.\" \/>\n<meta property=\"og:url\" content=\"https:\/\/elfsight.com\/fr\/booking-reviews-widget\/woocommerce\/\" \/>\n<meta property=\"og:site_name\" content=\"Elfsight FR\" \/>\n<meta property=\"article:modified_time\" content=\"2025-07-09T16:55:32+00:00\" \/>\n<meta name=\"twitter:card\" content=\"summary_large_image\" \/>\n<meta name=\"twitter:label1\" content=\"Dur\u00e9e de lecture estim\u00e9e\" \/>\n\t<meta name=\"twitter:data1\" content=\"3 minutes\" \/>\n<!-- \/ Yoast SEO plugin. -->","yoast_head_json":{"title":"Plugin WooCommerce Booking Reviews pour votre site Web (2026)","description":"Profitez de l'occasion pour personnaliser le plugin Booking Reviews d\u00e8s maintenant et int\u00e9grez-le dans votre site WooCommerce directement \u00e0 partir de la d\u00e9mo en direct.","robots":{"index":"index","follow":"follow","max-snippet":"max-snippet:-1","max-image-preview":"max-image-preview:large","max-video-preview":"max-video-preview:-1"},"canonical":"https:\/\/elfsight.com\/fr\/booking-reviews-widget\/woocommerce\/","og_locale":"fr_FR","og_type":"article","og_title":"Plugin WooCommerce Booking Reviews pour votre site Web (2026)","og_description":"Profitez de l'occasion pour personnaliser le plugin Booking Reviews d\u00e8s maintenant et int\u00e9grez-le dans votre site WooCommerce directement \u00e0 partir de la d\u00e9mo en direct.","og_url":"https:\/\/elfsight.com\/fr\/booking-reviews-widget\/woocommerce\/","og_site_name":"Elfsight FR","article_modified_time":"2025-07-09T16:55:32+00:00","twitter_card":"summary_large_image","twitter_misc":{"Dur\u00e9e de lecture estim\u00e9e":"3 minutes"},"schema":{"@context":"https:\/\/schema.org","@graph":[{"@type":"WebPage","@id":"https:\/\/elfsight.com\/fr\/booking-reviews-widget\/woocommerce\/","url":"https:\/\/elfsight.com\/fr\/booking-reviews-widget\/woocommerce\/","name":"Plugin WooCommerce Booking Reviews pour votre site Web (2026)","isPartOf":{"@id":"https:\/\/elfsight.com\/fr\/#website"},"datePublished":"2024-05-03T06:30:36+00:00","dateModified":"2025-07-09T16:55:32+00:00","description":"Profitez de l'occasion pour personnaliser le plugin Booking Reviews d\u00e8s maintenant et int\u00e9grez-le dans votre site WooCommerce directement \u00e0 partir de la d\u00e9mo en direct.","breadcrumb":{"@id":"https:\/\/elfsight.com\/fr\/booking-reviews-widget\/woocommerce\/#breadcrumb"},"inLanguage":"fr-FR","potentialAction":[{"@type":"ReadAction","target":["https:\/\/elfsight.com\/fr\/booking-reviews-widget\/woocommerce\/"]}]},{"@type":"BreadcrumbList","@id":"https:\/\/elfsight.com\/fr\/booking-reviews-widget\/woocommerce\/#breadcrumb","itemListElement":[{"@type":"ListItem","position":1,"name":"Home","item":"https:\/\/elfsight.com\/fr\/"},{"@type":"ListItem","position":2,"name":"Booking Reviews","item":"https:\/\/elfsight.com\/fr\/booking-reviews-widget\/"},{"@type":"ListItem","position":3,"name":"Booking Reviews &#8211; WooCommerce"}]},{"@type":"WebSite","@id":"https:\/\/elfsight.com\/fr\/#website","url":"https:\/\/elfsight.com\/fr\/","name":"Elfsight FR","description":"","potentialAction":[{"@type":"SearchAction","target":{"@type":"EntryPoint","urlTemplate":"https:\/\/elfsight.com\/fr\/?s={search_term_string}"},"query-input":{"@type":"PropertyValueSpecification","valueRequired":true,"valueName":"search_term_string"}}],"inLanguage":"fr-FR"}]}},"meta_box":{"industry":"","seo_heading":"","heading":"","description":"","cta_heading":"","cta_description":"","application":"2063","h1":"Plugin d'avis WooCommerce Booking.com","h1_caption":"Affichez les avis de booking.com pour attirer plus de clients en montrant sans effort les exp\u00e9riences positives des anciens visiteurs sur votre site Web WooCommerce.","application_category":[],"applications_title":"","applications_request_title":"","applications_request_button_text":"","hero_text":"","hero_video":"","hero_video_schema_markup":"","selling_points_title":"","selling_points_caption":"","selling_points":[],"selling_points_cta_text":"","features_title":"","features":"","ed_cta_examples_text":"","ed_cta_examples_hidden":"","ed_cta_demo_text":"","ed_cta_demo_hidden":"","why_caption":"","why_editor_title":"","why_editor_text":"","why_team_title":"","why_team_text":"","why_service_title":"","why_service_text":"","template_catalog_visible":"","template_catalog_title":"","template_catalog_text":"","template_catalog_categories_visible":"","demo_title":"Cr\u00e9ez votre application Avis de r\u00e9servation","demo_caption":"Configurez vos avis de r\u00e9servation et ajoutez-les gratuitement \u00e0 votre site Web WooCommerce\u00a0!","default_faq_hidden":"","app_template_category":[],"platform":"397","template_public_id":"","codecanyon_url":"","codecanyon_item_id":"","codecanyon_price":"","pricing_caption":"","pricing_elfsight_apps_hide_column":"","pricing_elfsight_apps_url":"","pricing_codecanyon_price_caption":"","integration_category":[],"integration_request_title":"","integration_request_cta":"","integration_platform":"","integrations":[],"platform_category":[],"video_schema_markup":"","price":"\u00e0 partir de 0$ \/ mois","trial":"","benefits":[{"text":"Service d'installation gratuit"},{"text":"Assistance premium"},{"text":"Garantie de remboursement de 14 jours"},{"text":"Mises \u00e0 jour \u00e0 vie"}],"button_url":"#demo","button_target_blank":"","button_nofollow":"","attributes":[{"name":"Installations","content":"10,000 - 100,000"},{"name":"Sensible","content":"Oui"},{"name":"Navigateurs compatibles","content":"Firefox, Safari, Opera, Chrome, Edge"}],"tags":[],"tags_disable_links":"","hide_more_platforms":"","video_object":"","demo_hide_cta":"","demo_hide_cloud_options":"","pricing_title":"","pricing":[{"pricing_icon":"platform","pricing_title":"Elfsight Apps","pricing_title_caption":"Assistance d\u00e9di\u00e9e, ponctuelle et bien document\u00e9e","pricing_price":"from $0 \/ month","pricing_price_caption":"commencez avec un forfait gratuit","pricing_benefits":[{"text":"Sites Web illimit\u00e9s"},{"text":"Assistance d\u00e9di\u00e9e, ponctuelle et bien document\u00e9e"},{"text":"Assistance \u00e0 l'installation gratuite"},{"text":"Enti\u00e8rement personnalisable"}],"pricing_button_text":"Ajouter au site Web","pricing_button_url":"#demo"}],"related_apps_title":"","related_apps_hidden":"","author":"","image":[],"title":"","job":"","social_networks":[]},"_links":{"self":[{"href":"https:\/\/elfsight.com\/fr\/wp-json\/wp\/v2\/pages\/8227","targetHints":{"allow":["GET"]}}],"collection":[{"href":"https:\/\/elfsight.com\/fr\/wp-json\/wp\/v2\/pages"}],"about":[{"href":"https:\/\/elfsight.com\/fr\/wp-json\/wp\/v2\/types\/page"}],"author":[{"embeddable":true,"href":"https:\/\/elfsight.com\/fr\/wp-json\/wp\/v2\/users\/9"}],"replies":[{"embeddable":true,"href":"https:\/\/elfsight.com\/fr\/wp-json\/wp\/v2\/comments?post=8227"}],"version-history":[{"count":1,"href":"https:\/\/elfsight.com\/fr\/wp-json\/wp\/v2\/pages\/8227\/revisions"}],"predecessor-version":[{"id":8231,"href":"https:\/\/elfsight.com\/fr\/wp-json\/wp\/v2\/pages\/8227\/revisions\/8231"}],"up":[{"embeddable":true,"href":"https:\/\/elfsight.com\/fr\/wp-json\/wp\/v2\/pages\/2067"}],"wp:attachment":[{"href":"https:\/\/elfsight.com\/fr\/wp-json\/wp\/v2\/media?parent=8227"}],"curies":[{"name":"wp","href":"https:\/\/api.w.org\/{rel}","templated":true}]}}