{"id":8221,"date":"2024-05-03T06:30:34","date_gmt":"2024-05-03T06:30:34","guid":{"rendered":"https:\/\/elfsight.com\/fr\/?page_id=8221"},"modified":"2025-07-09T16:53:10","modified_gmt":"2025-07-09T16:53:10","slug":"google-sites","status":"publish","type":"page","link":"https:\/\/elfsight.com\/fr\/booking-reviews-widget\/google-sites\/","title":{"rendered":"Booking Reviews &#8211; Google Sites"},"content":{"rendered":"<div class=\"application-platform-content-item-description application-platform-content-item\" id=\"description\" data-nav-section=\"description\"> <h2>Int\u00e9grez les avis de r\u00e9servation sur Google Sites avec le widget Elfsight<\/h2> <p>Si vous avez besoin de montrer votre appr\u00e9ciation \u00e9lev\u00e9e par les clients et de convaincre aux visiteurs du site Web que vos produits ou services valent la peine d&rsquo;\u00eatre achet\u00e9s, Elfsight Booking Reviews pour Google Sites sera le bon choix. Gr\u00e2ce \u00e0 notre outil, vous pourrez placer les avis des utilisateurs de Booking sur votre site Web avec des informations sur leurs auteurs, les trier pour r\u00e9v\u00e9ler uniquement les bons, afficher les notes et le bouton de demande d&rsquo;avis qui dirigera les gens vers votre page de r\u00e9servation, o\u00f9 ils peut \u00e9crire une autre critique. <\/p> <p><b>Avec Booking Reviews, suivez le d\u00e9veloppement commercial actif et augmentez les ventes <\/b><\/p> <\/div> <div class=\"application-platform-content-item-features application-platform-content-item\" id=\"features\" data-nav-section=\"features\"> <h2>Voici les principales fonctionnalit\u00e9s de widget\u00a0: <\/h2> <ul> <li>Quatre dispositions pr\u00e9d\u00e9finies\u00a0: Liste, Grille, Ma\u00e7onnerie et Slider\u00a0; <\/li> <li>Le bouton permettant de demander un examen redirige les utilisateurs vers votre page de r\u00e9servation\u00a0; <\/li> <li>Deux variantes de sc\u00e9narios apr\u00e8s rejet d&rsquo;une demande d&rsquo;avis\u00a0: afficher un message texte ou masquer le bouton. <\/li> <\/ul><p><a href=\"#demo\">Vous pouvez ressentir ce que vaut le widget \u00e0 l&rsquo;aide de la d\u00e9mo<\/a><\/p> <\/div> <div class=\"application-platform-content-item-installation application-platform-content-item\" id=\"installation\" data-nav-section=\"installation\"> <h2>Comment puis-je ajouter des avis de r\u00e9servation sur ma page Web Google Sites\u00a0? <\/h2><div class=\"video-container\"><iframe width=\"720\" height=\"405\" src=\"https:\/\/www.youtube.com\/embed\/CuzMC2vW9dk\" frameborder=\"0\" allowfullscreen=\"\"><\/iframe><\/div><p>Appliquez simplement les instructions ci-dessous pour commencer \u00e0 utiliser l&rsquo;outil. <\/p> <ol><li><b>G\u00e9rez notre configurateur gratuit et commencez \u00e0 cr\u00e9er votre plugin personnalis\u00e9. <\/b><br> D\u00e9terminez l&rsquo;apparence et les fonctionnalit\u00e9s appropri\u00e9es du plugin et enregistrez les modifications. <\/li> <li><b>Obtenez votre code individuel r\u00e9v\u00e9l\u00e9 dans le formulaire sp\u00e9cial sur Elfsight Apps. <\/b><br> Juste une fois la g\u00e9n\u00e9ration de votre widget termin\u00e9e, copiez le code personnel dans la fen\u00eatre qui appara\u00eet et conservez-le pour une occasion ult\u00e9rieure. <\/li> <li><b>Lancez l&rsquo;application de l&rsquo;outil sur votre site Web Google\u00a0Sites. <\/b><br> Int\u00e9grez le code copi\u00e9 auparavant dans votre page et enregistrez les modifications. <\/li> <li><b>L&rsquo;installation est enti\u00e8rement effectu\u00e9e. <\/b><br> Visitez votre site Web pour voir les performances de l&rsquo;outil. <\/li><\/ol> <div class=\"tip-yellow tip\"><b>En raison des particularit\u00e9s du fonctionnement de Google Sites, le widget peut \u00eatre diff\u00e9rent de la d\u00e9mo en ligne. Nous nous excusons pour tout inconv\u00e9nient caus\u00e9.<\/b><\/div><p>En cas de questions ou de complications, n&rsquo;h\u00e9sitez pas \u00e0 vous adresser \u00e0 notre \u00e9quipe d&rsquo;assistance. Nos sp\u00e9cialistes seront ravis de r\u00e9soudre tous les probl\u00e8mes que vous pourriez rencontrer avec le produit. <\/p> <div class=\"faq\" data-component=\"FAQ\"> <div class=\"faq-item\">\r\n\t\t\t\t\t<div class=\"faq-item-question\">\r\n\t\t\t\t\t\t<h3 class=\"faq-item-question-text\">Comment ajouter Amazon Reviews \u00e0 mon site Web Google Sites sans comp\u00e9tences en codage ?<\/h3>\r\n\r\n\t\t\t\t\t\t<div class=\"faq-item-question-icon\"><\/div>\r\n\t\t\t\t\t<\/div>\r\n\r\n\t\t\t\t\t<div class=\"faq-item-answer\">\r\n\t\t\t\t\t\t<div class=\"faq-item-answer-text\"> <p>Elfsight fournit une solution SaaS qui vous permet de cr\u00e9er vous-m\u00eame un widget Amazon Reviews. Le processus est le suivant\u00a0: travaillez directement dans l&rsquo;\u00e9diteur en ligne pour cr\u00e9er un widget Amazon Reviews que vous aimeriez voir sur votre site Web Google Sites. Choisissez l&rsquo;un des mod\u00e8les pr\u00e9d\u00e9finis et ajustez les param\u00e8tres Amazon Reviews, ajoutez votre contenu, modifiez la mise en page et la palette de couleurs sans aucune comp\u00e9tence en codage. Enregistrez les avis Amazon et copiez son code d&rsquo;installation, que vous pouvez facilement coller sur votre site Web Google Sites sans acheter de version payante. Gr\u00e2ce \u00e0 notre \u00e9diteur intuitif, tout internaute peut cr\u00e9er un widget Amazon Reviews en ligne et l&rsquo;int\u00e9grer facilement \u00e0 son site Web Google Sites. Il n&rsquo;est pas n\u00e9cessaire de payer ou de saisir les informations d&rsquo;identification de votre carte pour acc\u00e9der au service. Si vous rencontrez des probl\u00e8mes \u00e0 n&rsquo;importe quelle \u00e9tape, n&rsquo;h\u00e9sitez pas \u00e0 contacter notre \u00e9quipe d&rsquo;assistance technique.<\/p> <\/div>\r\n\t\t\t\t\t<\/div>\r\n\t\t\t\t<\/div> <\/div> <\/div>","protected":false},"excerpt":{"rendered":"","protected":false},"author":9,"featured_media":0,"parent":2067,"menu_order":0,"comment_status":"closed","ping_status":"closed","template":"templates\/template-application-platform.php","meta":{"publish_to_discourse":"","publish_post_category":"","wpdc_auto_publish_overridden":"","wpdc_topic_tags":"","wpdc_pin_topic":"","wpdc_pin_until":"","discourse_post_id":"","discourse_permalink":"","wpdc_publishing_response":"","wpdc_publishing_error":"","footnotes":""},"class_list":["post-8221","page","type-page","status-publish","hentry"],"yoast_head":"<!-- This site is optimized with the Yoast SEO plugin v25.3.1 - https:\/\/yoast.com\/wordpress\/plugins\/seo\/ -->\n<title>Avis de r\u00e9servation - Ajouter des avis de r\u00e9servation \u00e0 Google Sites (2025)<\/title>\n<meta name=\"description\" content=\"Ajoutez un plugin Booking Reviews r\u00e9actif sur votre page Web Google Sites et gagnez une confiance totale. Utilisez la d\u00e9mo Elfsight pour cr\u00e9er votre fonctionnalit\u00e9 personnalis\u00e9e.\" \/>\n<meta name=\"robots\" content=\"index, follow, max-snippet:-1, max-image-preview:large, max-video-preview:-1\" \/>\n<link rel=\"canonical\" href=\"https:\/\/elfsight.com\/fr\/booking-reviews-widget\/google-sites\/\" \/>\n<meta property=\"og:locale\" content=\"fr_FR\" \/>\n<meta property=\"og:type\" content=\"article\" \/>\n<meta property=\"og:title\" content=\"Avis de r\u00e9servation - Ajouter des avis de r\u00e9servation \u00e0 Google Sites (2025)\" \/>\n<meta property=\"og:description\" content=\"Ajoutez un plugin Booking Reviews r\u00e9actif sur votre page Web Google Sites et gagnez une confiance totale. Utilisez la d\u00e9mo Elfsight pour cr\u00e9er votre fonctionnalit\u00e9 personnalis\u00e9e.\" \/>\n<meta property=\"og:url\" content=\"https:\/\/elfsight.com\/fr\/booking-reviews-widget\/google-sites\/\" \/>\n<meta property=\"og:site_name\" content=\"Elfsight FR\" \/>\n<meta property=\"article:modified_time\" content=\"2025-07-09T16:53:10+00:00\" \/>\n<meta name=\"twitter:card\" content=\"summary_large_image\" \/>\n<meta name=\"twitter:label1\" content=\"Dur\u00e9e de lecture estim\u00e9e\" \/>\n\t<meta name=\"twitter:data1\" content=\"3 minutes\" \/>\n<!-- \/ Yoast SEO plugin. -->","yoast_head_json":{"title":"Avis de r\u00e9servation - Ajouter des avis de r\u00e9servation \u00e0 Google Sites (2025)","description":"Ajoutez un plugin Booking Reviews r\u00e9actif sur votre page Web Google Sites et gagnez une confiance totale. Utilisez la d\u00e9mo Elfsight pour cr\u00e9er votre fonctionnalit\u00e9 personnalis\u00e9e.","robots":{"index":"index","follow":"follow","max-snippet":"max-snippet:-1","max-image-preview":"max-image-preview:large","max-video-preview":"max-video-preview:-1"},"canonical":"https:\/\/elfsight.com\/fr\/booking-reviews-widget\/google-sites\/","og_locale":"fr_FR","og_type":"article","og_title":"Avis de r\u00e9servation - Ajouter des avis de r\u00e9servation \u00e0 Google Sites (2025)","og_description":"Ajoutez un plugin Booking Reviews r\u00e9actif sur votre page Web Google Sites et gagnez une confiance totale. Utilisez la d\u00e9mo Elfsight pour cr\u00e9er votre fonctionnalit\u00e9 personnalis\u00e9e.","og_url":"https:\/\/elfsight.com\/fr\/booking-reviews-widget\/google-sites\/","og_site_name":"Elfsight FR","article_modified_time":"2025-07-09T16:53:10+00:00","twitter_card":"summary_large_image","twitter_misc":{"Dur\u00e9e de lecture estim\u00e9e":"3 minutes"},"schema":{"@context":"https:\/\/schema.org","@graph":[{"@type":"WebPage","@id":"https:\/\/elfsight.com\/fr\/booking-reviews-widget\/google-sites\/","url":"https:\/\/elfsight.com\/fr\/booking-reviews-widget\/google-sites\/","name":"Avis de r\u00e9servation - Ajouter des avis de r\u00e9servation \u00e0 Google Sites (2025)","isPartOf":{"@id":"https:\/\/elfsight.com\/fr\/#website"},"datePublished":"2024-05-03T06:30:34+00:00","dateModified":"2025-07-09T16:53:10+00:00","description":"Ajoutez un plugin Booking Reviews r\u00e9actif sur votre page Web Google Sites et gagnez une confiance totale. Utilisez la d\u00e9mo Elfsight pour cr\u00e9er votre fonctionnalit\u00e9 personnalis\u00e9e.","breadcrumb":{"@id":"https:\/\/elfsight.com\/fr\/booking-reviews-widget\/google-sites\/#breadcrumb"},"inLanguage":"fr-FR","potentialAction":[{"@type":"ReadAction","target":["https:\/\/elfsight.com\/fr\/booking-reviews-widget\/google-sites\/"]}]},{"@type":"BreadcrumbList","@id":"https:\/\/elfsight.com\/fr\/booking-reviews-widget\/google-sites\/#breadcrumb","itemListElement":[{"@type":"ListItem","position":1,"name":"Home","item":"https:\/\/elfsight.com\/fr\/"},{"@type":"ListItem","position":2,"name":"Booking Reviews","item":"https:\/\/elfsight.com\/fr\/booking-reviews-widget\/"},{"@type":"ListItem","position":3,"name":"Booking Reviews &#8211; Google Sites"}]},{"@type":"WebSite","@id":"https:\/\/elfsight.com\/fr\/#website","url":"https:\/\/elfsight.com\/fr\/","name":"Elfsight FR","description":"","potentialAction":[{"@type":"SearchAction","target":{"@type":"EntryPoint","urlTemplate":"https:\/\/elfsight.com\/fr\/?s={search_term_string}"},"query-input":{"@type":"PropertyValueSpecification","valueRequired":true,"valueName":"search_term_string"}}],"inLanguage":"fr-FR"}]}},"meta_box":{"industry":"","seo_heading":"","heading":"","description":"","cta_heading":"","cta_description":"","application":"2063","h1":"Widget Avis sur Google Sites Booking.com","h1_caption":"Affichez les avis de booking.com pour attirer plus de clients en montrant sans effort les exp\u00e9riences positives des anciens visiteurs sur vos sites Google.","application_category":[],"applications_title":"","applications_request_title":"","applications_request_button_text":"","hero_text":"","hero_video":"","hero_video_schema_markup":"","selling_points_title":"","selling_points_caption":"","selling_points":[],"selling_points_cta_text":"","features_title":"","features":"","ed_cta_examples_text":"","ed_cta_examples_hidden":"","ed_cta_demo_text":"","ed_cta_demo_hidden":"","why_caption":"","why_editor_title":"","why_editor_text":"","why_team_title":"","why_team_text":"","why_service_title":"","why_service_text":"","template_catalog_visible":"","template_catalog_title":"","template_catalog_text":"","template_catalog_categories_visible":"","demo_title":"Cr\u00e9ez votre widget Avis de r\u00e9servation","demo_caption":"Configurez vos avis de r\u00e9servation et ajoutez-les gratuitement \u00e0 votre site Web Google Sites\u00a0!","default_faq_hidden":"","app_template_category":[],"platform":"423","template_public_id":"","codecanyon_url":"","codecanyon_item_id":"","codecanyon_price":"","pricing_caption":"","pricing_elfsight_apps_hide_column":"","pricing_elfsight_apps_url":"","pricing_codecanyon_price_caption":"","integration_category":[],"integration_request_title":"","integration_request_cta":"","integration_platform":"","integrations":[],"platform_category":[],"video_schema_markup":"","price":"\u00e0 partir de 0$ \/ mois","trial":"","benefits":[{"text":"Assistance \u00e0 l'installation gratuite"},{"text":"Un soutien exceptionnel"},{"text":"Garantie de remboursement de 14 jours"},{"text":"Mises \u00e0 jour gratuites en continu"}],"button_url":"#demo","button_target_blank":"","button_nofollow":"","attributes":[{"name":"Installations","content":"10,000 - 100,000"},{"name":"Sensible","content":"Pr\u00eat pour le mobile d'abord"},{"name":"Navigateurs compatibles","content":"Firefox, Edge, Chrome, Safari, Opera"}],"tags":[],"tags_disable_links":"","hide_more_platforms":"","video_object":"","demo_hide_cta":"","demo_hide_cloud_options":"","pricing_title":"","pricing":[{"pricing_icon":"platform","pricing_title":"Elfsight Apps","pricing_title_caption":"Solution multiplateforme","pricing_price":"from $0 \/ month","pricing_price_caption":"commencez avec un forfait gratuit","pricing_benefits":[{"text":"Nombre illimit\u00e9 de domaines"},{"text":"Assistance professionnelle et ponctuelle"},{"text":"Service d'installation gratuit"},{"text":"Offre sp\u00e9ciale pour plusieurs applications"}],"pricing_button_text":"Ajouter au site Web","pricing_button_url":"#demo"}],"related_apps_title":"","related_apps_hidden":"","author":"","image":[],"title":"","job":"","social_networks":[]},"_links":{"self":[{"href":"https:\/\/elfsight.com\/fr\/wp-json\/wp\/v2\/pages\/8221","targetHints":{"allow":["GET"]}}],"collection":[{"href":"https:\/\/elfsight.com\/fr\/wp-json\/wp\/v2\/pages"}],"about":[{"href":"https:\/\/elfsight.com\/fr\/wp-json\/wp\/v2\/types\/page"}],"author":[{"embeddable":true,"href":"https:\/\/elfsight.com\/fr\/wp-json\/wp\/v2\/users\/9"}],"replies":[{"embeddable":true,"href":"https:\/\/elfsight.com\/fr\/wp-json\/wp\/v2\/comments?post=8221"}],"version-history":[{"count":1,"href":"https:\/\/elfsight.com\/fr\/wp-json\/wp\/v2\/pages\/8221\/revisions"}],"predecessor-version":[{"id":8225,"href":"https:\/\/elfsight.com\/fr\/wp-json\/wp\/v2\/pages\/8221\/revisions\/8225"}],"up":[{"embeddable":true,"href":"https:\/\/elfsight.com\/fr\/wp-json\/wp\/v2\/pages\/2067"}],"wp:attachment":[{"href":"https:\/\/elfsight.com\/fr\/wp-json\/wp\/v2\/media?parent=8221"}],"curies":[{"name":"wp","href":"https:\/\/api.w.org\/{rel}","templated":true}]}}